{"id":17876,"date":"2023-02-06T21:02:05","date_gmt":"2023-02-06T20:02:05","guid":{"rendered":"https:\/\/www.rememberme-forever.com\/ueber-uns\/"},"modified":"2025-08-07T10:09:43","modified_gmt":"2025-08-07T08:09:43","slug":"ueber-uns","status":"publish","type":"page","link":"https:\/\/www.rememberme-forever.com\/de\/ueber-uns\/","title":{"rendered":"\u00dcber uns"},"content":{"rendered":"\n<p>Wir verstehen, wie wichtig es f\u00fcr Sie ist, eine sch\u00f6ne Kremationsurne zu finden, die genau zu dem Menschen passt, den Sie gerade verloren haben. Es ist wirklich frustrierend, wenn Sie keine <strong>Urne<\/strong> finden, die zu jemandem passt, der nicht nur ein ganz besonderer Mensch in Ihrem Leben war, sondern den Sie auch sehr geliebt haben. Wir haben uns auf <strong>Feuerbestattungsurnen<\/strong> spezialisiert und verf\u00fcgen \u00fcber eine riesige Auswahl an diesen Urnen, um die Anforderungen all derer zu erf\u00fcllen, die der Pers\u00f6nlichkeit eines wichtigen und nahestehenden Menschen in ihrem Leben ein Denkmal setzen m\u00f6chten. Wir bereiten die Urnen <strong>f\u00fcr die Asche<\/strong> mit gro\u00dfer Sorgfalt vor, um sicherzustellen, dass sie nicht nur gut aussehen und einzigartig sind, sondern auch von hoher Qualit\u00e4t, damit sie ein Leben lang halten.   <\/p>\n\n\n\n<p><\/p>\n\n\n\n<p>  Die von uns hergestellten Urnen sind einzigartig und werden von keiner anderen Quelle kopiert. Unsere <strong>einzigartigen Urnen<\/strong> gibt es in einer verbl\u00fcffenden Vielfalt, so dass unsere Kunden problemlos eine Urne ausw\u00e4hlen k\u00f6nnen, die zu ihrer Pers\u00f6nlichkeit und ihren pers\u00f6nlichen Vorlieben passt.  Wir wissen, dass die meisten Menschen <strong>k\u00fcnstlerische Urnen<\/strong> suchen, die sie an prominenten Orten in ihren H\u00e4usern aufbewahren k\u00f6nnen. Wir verstehen ihre Bed\u00fcrfnisse und entwickeln Formen und Designs, die visuell ansprechend sind und die Besucher dazu bringen, diese sch\u00f6nen Artefakte zur Kenntnis zu nehmen.  Zur Erleichterung unserer gesch\u00e4tzten Kunden haben wir unser umfangreiches Angebot an Ein\u00e4scherungsurnen nach den f\u00fcr die Herstellung dieser Gef\u00e4\u00dfe verwendeten Materialien gegliedert. So k\u00f6nnen unsere Kunden ganz einfach eine Urne finden, die ihren Anforderungen entspricht. <\/p>\n\n\n\n<p><\/p>\n\n\n\n<p>Die Namen der Urnenkategorien, die Sie auf unserer Website finden, sind selbsterkl\u00e4rend, so dass Sie wissen, was Sie in einer bestimmten Kategorie finden werden. Sie k\u00f6nnen zum Beispiel nach k\u00fcnstlerischen Urnen in einer Kategorie mit dem Titel k\u00fcnstlerische Urnen suchen. Wir haben auch Metallurnen, Keramikurnen, Steinurnen, biologisch abbaubare Urnen, exklusive Glasurnen, Aluminiumurnen und Holzurnen, um allen unseren Kunden gerecht zu werden. Wir haben auch eine eigene Kategorie f\u00fcr ma\u00dfgeschneiderte Urnen &#8211; das bedeutet, dass Sie jedes Design haben k\u00f6nnen, das Sie w\u00fcnschen. Wenn Sie nicht das finden, was Sie suchen, k\u00f6nnen Sie sich an uns wenden, um ma\u00dfgeschneiderte Urnen zu erhalten, die nach Ihren spezifischen Anweisungen angefertigt werden.    <\/p>\n\n\n\n<p><\/p>\n\n\n\n<p>  Wir wissen, wie sehr die Menschen ihre Haustiere lieben und wie sehr sie sich nach ihrem Tod nach ihnen sehnen. Wir fertigen f\u00fcr unsere Kunden spezielle <strong>Urnen f\u00fcr Haustiere<\/strong> an, die einen Sarg und die Statue des Hundes, der Katze, des Vogels oder eines anderen Haustieres enthalten, das der Kunde vielleicht fr\u00fcher hatte. Unsere <strong>ma\u00dfgeschneiderten Urnen f\u00fcr Haustiere<\/strong> werden entsprechend der Rasse des Hundes oder der Katze angefertigt, die einst im Haus des Kunden lebte. Unsere Kollektion <strong>exklusiver Urnen <\/strong>ist ganz auf die Bed\u00fcrfnisse unserer Kunden zugeschnitten. Sie werden von geschickten Handwerkern mit dem Ziel hergestellt, ein Gef\u00e4\u00df zu schaffen, das Erinnerungen f\u00fcr ein ganzes Leben bietet.      <\/p>\n\n\n\n<p><\/p>\n\n\n\n<figure class=\"wp-block-image size-full is-resized\"><img loading=\"lazy\" decoding=\"async\" width=\"300\" height=\"56\" src=\"http:\/\/www.rememberme-forever.com\/wp-content\/uploads\/2023\/02\/logo.png\" alt=\"\" class=\"wp-image-62\" style=\"width:246px;height:46px\"\/><\/figure>\n","protected":false},"excerpt":{"rendered":"<p>Wir verstehen, wie wichtig es f\u00fcr Sie ist, eine sch\u00f6ne Kremationsurne zu finden, die genau zu dem Menschen passt, den Sie gerade verloren haben. Es&#8230;<\/p>\n","protected":false},"author":1,"featured_media":0,"parent":0,"menu_order":0,"comment_status":"closed","ping_status":"closed","template":"","meta":{"_acf_changed":false,"footnotes":""},"class_list":["post-17876","page","type-page","status-publish","hentry"],"yoast_head":"<!-- This site is optimized with the Yoast SEO plugin v27.4 - https:\/\/yoast.com\/product\/yoast-seo-wordpress\/ -->\n<title>\u00dcber uns - Remember Forever<\/title>\n<meta name=\"robots\" content=\"index, follow, max-snippet:-1, max-image-preview:large, max-video-preview:-1\" \/>\n<link rel=\"canonical\" href=\"https:\/\/www.rememberme-forever.com\/de\/ueber-uns\/\" \/>\n<meta property=\"og:locale\" content=\"de_DE\" \/>\n<meta property=\"og:type\" content=\"article\" \/>\n<meta property=\"og:title\" content=\"\u00dcber uns - Remember Forever\" \/>\n<meta property=\"og:description\" content=\"Wir verstehen, wie wichtig es f\u00fcr Sie ist, eine sch\u00f6ne Kremationsurne zu finden, die genau zu dem Menschen passt, den Sie gerade verloren haben. Es...\" \/>\n<meta property=\"og:url\" content=\"https:\/\/www.rememberme-forever.com\/de\/ueber-uns\/\" \/>\n<meta property=\"og:site_name\" content=\"Remember Forever\" \/>\n<meta property=\"article:modified_time\" content=\"2025-08-07T08:09:43+00:00\" \/>\n<meta property=\"og:image\" content=\"https:\/\/www.rememberme-forever.com\/wp-content\/uploads\/2023\/02\/logo.png\" \/>\n\t<meta property=\"og:image:width\" content=\"300\" \/>\n\t<meta property=\"og:image:height\" content=\"56\" \/>\n\t<meta property=\"og:image:type\" content=\"image\/png\" \/>\n<meta name=\"twitter:card\" content=\"summary_large_image\" \/>\n<meta name=\"twitter:label1\" content=\"Gesch\u00e4tzte Lesezeit\" \/>\n\t<meta name=\"twitter:data1\" content=\"3\u00a0Minute\" \/>\n<script type=\"application\/ld+json\" class=\"yoast-schema-graph\">{\"@context\":\"https:\\\/\\\/schema.org\",\"@graph\":[{\"@type\":\"WebPage\",\"@id\":\"https:\\\/\\\/www.rememberme-forever.com\\\/de\\\/ueber-uns\\\/\",\"url\":\"https:\\\/\\\/www.rememberme-forever.com\\\/de\\\/ueber-uns\\\/\",\"name\":\"\u00dcber uns - Remember Forever\",\"isPartOf\":{\"@id\":\"https:\\\/\\\/www.rememberme-forever.com\\\/de\\\/#website\"},\"primaryImageOfPage\":{\"@id\":\"https:\\\/\\\/www.rememberme-forever.com\\\/de\\\/ueber-uns\\\/#primaryimage\"},\"image\":{\"@id\":\"https:\\\/\\\/www.rememberme-forever.com\\\/de\\\/ueber-uns\\\/#primaryimage\"},\"thumbnailUrl\":\"http:\\\/\\\/www.rememberme-forever.com\\\/wp-content\\\/uploads\\\/2023\\\/02\\\/logo.png\",\"datePublished\":\"2023-02-06T20:02:05+00:00\",\"dateModified\":\"2025-08-07T08:09:43+00:00\",\"breadcrumb\":{\"@id\":\"https:\\\/\\\/www.rememberme-forever.com\\\/de\\\/ueber-uns\\\/#breadcrumb\"},\"inLanguage\":\"de\",\"potentialAction\":[{\"@type\":\"ReadAction\",\"target\":[\"https:\\\/\\\/www.rememberme-forever.com\\\/de\\\/ueber-uns\\\/\"]}]},{\"@type\":\"ImageObject\",\"inLanguage\":\"de\",\"@id\":\"https:\\\/\\\/www.rememberme-forever.com\\\/de\\\/ueber-uns\\\/#primaryimage\",\"url\":\"http:\\\/\\\/www.rememberme-forever.com\\\/wp-content\\\/uploads\\\/2023\\\/02\\\/logo.png\",\"contentUrl\":\"http:\\\/\\\/www.rememberme-forever.com\\\/wp-content\\\/uploads\\\/2023\\\/02\\\/logo.png\"},{\"@type\":\"BreadcrumbList\",\"@id\":\"https:\\\/\\\/www.rememberme-forever.com\\\/de\\\/ueber-uns\\\/#breadcrumb\",\"itemListElement\":[{\"@type\":\"ListItem\",\"position\":1,\"name\":\"Home\",\"item\":\"https:\\\/\\\/www.rememberme-forever.com\\\/de\\\/startseite\\\/\"},{\"@type\":\"ListItem\",\"position\":2,\"name\":\"\u00dcber uns\"}]},{\"@type\":\"WebSite\",\"@id\":\"https:\\\/\\\/www.rememberme-forever.com\\\/de\\\/#website\",\"url\":\"https:\\\/\\\/www.rememberme-forever.com\\\/de\\\/\",\"name\":\"Remember Forever\",\"description\":\"Cremation urns, funeral urns, urns for ashes\",\"publisher\":{\"@id\":\"https:\\\/\\\/www.rememberme-forever.com\\\/de\\\/#organization\"},\"potentialAction\":[{\"@type\":\"SearchAction\",\"target\":{\"@type\":\"EntryPoint\",\"urlTemplate\":\"https:\\\/\\\/www.rememberme-forever.com\\\/de\\\/?s={search_term_string}\"},\"query-input\":{\"@type\":\"PropertyValueSpecification\",\"valueRequired\":true,\"valueName\":\"search_term_string\"}}],\"inLanguage\":\"de\"},{\"@type\":\"Organization\",\"@id\":\"https:\\\/\\\/www.rememberme-forever.com\\\/de\\\/#organization\",\"name\":\"Remember Forever\",\"url\":\"https:\\\/\\\/www.rememberme-forever.com\\\/de\\\/\",\"logo\":{\"@type\":\"ImageObject\",\"inLanguage\":\"de\",\"@id\":\"https:\\\/\\\/www.rememberme-forever.com\\\/de\\\/#\\\/schema\\\/logo\\\/image\\\/\",\"url\":\"https:\\\/\\\/www.rememberme-forever.com\\\/wp-content\\\/uploads\\\/2023\\\/02\\\/logo.png\",\"contentUrl\":\"https:\\\/\\\/www.rememberme-forever.com\\\/wp-content\\\/uploads\\\/2023\\\/02\\\/logo.png\",\"width\":300,\"height\":56,\"caption\":\"Remember Forever\"},\"image\":{\"@id\":\"https:\\\/\\\/www.rememberme-forever.com\\\/de\\\/#\\\/schema\\\/logo\\\/image\\\/\"}}]}<\/script>\n<!-- \/ Yoast SEO plugin. -->","yoast_head_json":{"title":"\u00dcber uns - Remember Forever","robots":{"index":"index","follow":"follow","max-snippet":"max-snippet:-1","max-image-preview":"max-image-preview:large","max-video-preview":"max-video-preview:-1"},"canonical":"https:\/\/www.rememberme-forever.com\/de\/ueber-uns\/","og_locale":"de_DE","og_type":"article","og_title":"\u00dcber uns - Remember Forever","og_description":"Wir verstehen, wie wichtig es f\u00fcr Sie ist, eine sch\u00f6ne Kremationsurne zu finden, die genau zu dem Menschen passt, den Sie gerade verloren haben. Es...","og_url":"https:\/\/www.rememberme-forever.com\/de\/ueber-uns\/","og_site_name":"Remember Forever","article_modified_time":"2025-08-07T08:09:43+00:00","og_image":[{"width":300,"height":56,"url":"https:\/\/www.rememberme-forever.com\/wp-content\/uploads\/2023\/02\/logo.png","type":"image\/png"}],"twitter_card":"summary_large_image","twitter_misc":{"Gesch\u00e4tzte Lesezeit":"3\u00a0Minute"},"schema":{"@context":"https:\/\/schema.org","@graph":[{"@type":"WebPage","@id":"https:\/\/www.rememberme-forever.com\/de\/ueber-uns\/","url":"https:\/\/www.rememberme-forever.com\/de\/ueber-uns\/","name":"\u00dcber uns - Remember Forever","isPartOf":{"@id":"https:\/\/www.rememberme-forever.com\/de\/#website"},"primaryImageOfPage":{"@id":"https:\/\/www.rememberme-forever.com\/de\/ueber-uns\/#primaryimage"},"image":{"@id":"https:\/\/www.rememberme-forever.com\/de\/ueber-uns\/#primaryimage"},"thumbnailUrl":"http:\/\/www.rememberme-forever.com\/wp-content\/uploads\/2023\/02\/logo.png","datePublished":"2023-02-06T20:02:05+00:00","dateModified":"2025-08-07T08:09:43+00:00","breadcrumb":{"@id":"https:\/\/www.rememberme-forever.com\/de\/ueber-uns\/#breadcrumb"},"inLanguage":"de","potentialAction":[{"@type":"ReadAction","target":["https:\/\/www.rememberme-forever.com\/de\/ueber-uns\/"]}]},{"@type":"ImageObject","inLanguage":"de","@id":"https:\/\/www.rememberme-forever.com\/de\/ueber-uns\/#primaryimage","url":"http:\/\/www.rememberme-forever.com\/wp-content\/uploads\/2023\/02\/logo.png","contentUrl":"http:\/\/www.rememberme-forever.com\/wp-content\/uploads\/2023\/02\/logo.png"},{"@type":"BreadcrumbList","@id":"https:\/\/www.rememberme-forever.com\/de\/ueber-uns\/#breadcrumb","itemListElement":[{"@type":"ListItem","position":1,"name":"Home","item":"https:\/\/www.rememberme-forever.com\/de\/startseite\/"},{"@type":"ListItem","position":2,"name":"\u00dcber uns"}]},{"@type":"WebSite","@id":"https:\/\/www.rememberme-forever.com\/de\/#website","url":"https:\/\/www.rememberme-forever.com\/de\/","name":"Remember Forever","description":"Cremation urns, funeral urns, urns for ashes","publisher":{"@id":"https:\/\/www.rememberme-forever.com\/de\/#organization"},"potentialAction":[{"@type":"SearchAction","target":{"@type":"EntryPoint","urlTemplate":"https:\/\/www.rememberme-forever.com\/de\/?s={search_term_string}"},"query-input":{"@type":"PropertyValueSpecification","valueRequired":true,"valueName":"search_term_string"}}],"inLanguage":"de"},{"@type":"Organization","@id":"https:\/\/www.rememberme-forever.com\/de\/#organization","name":"Remember Forever","url":"https:\/\/www.rememberme-forever.com\/de\/","logo":{"@type":"ImageObject","inLanguage":"de","@id":"https:\/\/www.rememberme-forever.com\/de\/#\/schema\/logo\/image\/","url":"https:\/\/www.rememberme-forever.com\/wp-content\/uploads\/2023\/02\/logo.png","contentUrl":"https:\/\/www.rememberme-forever.com\/wp-content\/uploads\/2023\/02\/logo.png","width":300,"height":56,"caption":"Remember Forever"},"image":{"@id":"https:\/\/www.rememberme-forever.com\/de\/#\/schema\/logo\/image\/"}}]}},"acf":[],"_links":{"self":[{"href":"https:\/\/www.rememberme-forever.com\/de\/wp-json\/wp\/v2\/pages\/17876","targetHints":{"allow":["GET"]}}],"collection":[{"href":"https:\/\/www.rememberme-forever.com\/de\/wp-json\/wp\/v2\/pages"}],"about":[{"href":"https:\/\/www.rememberme-forever.com\/de\/wp-json\/wp\/v2\/types\/page"}],"author":[{"embeddable":true,"href":"https:\/\/www.rememberme-forever.com\/de\/wp-json\/wp\/v2\/users\/1"}],"replies":[{"embeddable":true,"href":"https:\/\/www.rememberme-forever.com\/de\/wp-json\/wp\/v2\/comments?post=17876"}],"version-history":[{"count":2,"href":"https:\/\/www.rememberme-forever.com\/de\/wp-json\/wp\/v2\/pages\/17876\/revisions"}],"predecessor-version":[{"id":17878,"href":"https:\/\/www.rememberme-forever.com\/de\/wp-json\/wp\/v2\/pages\/17876\/revisions\/17878"}],"wp:attachment":[{"href":"https:\/\/www.rememberme-forever.com\/de\/wp-json\/wp\/v2\/media?parent=17876"}],"curies":[{"name":"wp","href":"https:\/\/api.w.org\/{rel}","templated":true}]}}