{"id":17889,"date":"2023-06-27T12:51:33","date_gmt":"2023-06-27T10:51:33","guid":{"rendered":"https:\/\/www.rememberme-forever.com\/faq\/"},"modified":"2025-08-07T10:16:49","modified_gmt":"2025-08-07T08:16:49","slug":"faq","status":"publish","type":"page","link":"https:\/\/www.rememberme-forever.com\/de\/faq\/","title":{"rendered":"FAQ"},"content":{"rendered":"\n<p>Hier finden Sie die Antworten auf einige der am h\u00e4ufigsten gestellten Fragen, die wir erhalten. Wenn Sie die Frage, die Sie haben, hier nicht finden, kontaktieren Sie uns bitte. <\/p>\n\n<p><strong>F: Passt die Asche eines gro\u00dfen Erwachsenen in die Urne?<\/strong> <\/p>\n\n<p>A: In den meisten F\u00e4llen, ja. Die durchschnittlichen kremierten \u00dcberreste haben einen Rauminhalt von 140 bis 180 Kubikzoll. Wenn Sie sich Sorgen machen, ob sie hineinpassen, k\u00f6nnen Sie den Rauminhalt vor dem Kauf messen. Der Bestattungsunternehmer oder das Krematorium kann Sie \u00fcber die Gr\u00f6\u00dfe der Urne, die Sie ben\u00f6tigen, beraten. Auf unserer Website finden Sie verschiedene Gr\u00f6\u00dfen von Ein\u00e4scherungsurnen, darunter Engelsurnen, Asches\u00e4rge und Haustierurnen f\u00fcr Asche.    <\/p>\n\n<p><strong>F: Was ist eine Andenkenurne?<\/strong><\/p>\n\n<p>  A: Andenkenurnen f\u00fcr Asche sind kleine Urnen, die eine kleine Menge an Kremationsasche enthalten. Sie werden oft zus\u00e4tzlich zu einer gro\u00dfen Urne verwendet, wenn die Asche unter Freunden und Verwandten geteilt werden soll. <\/p>\n\n<p> <strong>Q:<\/strong> <strong> Kann eine Urne aus Edelstahl mit der Zeit rosten?<\/strong><\/p>\n\n<p>A: Urnen aus Edelstahl sind so konzipiert, dass sie gegen Rost und Korrosion resistent sind. Es ist jedoch wichtig zu wissen, dass kein Material v\u00f6llig immun gegen die Auswirkungen von Zeit und Umweltfaktoren ist. Edelstahl ist zwar sehr widerstandsf\u00e4hig gegen Rost, aber wenn er \u00fcber einen l\u00e4ngeren Zeitraum hinweg rauen Bedingungen ausgesetzt ist oder vernachl\u00e4ssigt wird, kann es zu Oberfl\u00e4chenkorrosion kommen. Um die Langlebigkeit Ihrer Edelstahlurne zu gew\u00e4hrleisten, sollten Sie sie regelm\u00e4\u00dfig nach den Anweisungen des Herstellers reinigen und pflegen.   <\/p>\n\n<p><strong>F: Sind alle Ihre kugelf\u00f6rmigen Urnen f\u00fcr den Au\u00dfenbereich geeignet?<\/strong><\/p>\n\n<p>A: Nicht alle unsere Urnen sind f\u00fcr die Aufstellung im Freien geeignet. Wenn eine Urne f\u00fcr die Verwendung im Freien vorgesehen ist, wird dies in der Produktbeschreibung angegeben. Urnen f\u00fcr den Au\u00dfenbereich m\u00fcssen entsprechend vorbereitet und aus sorgf\u00e4ltig ausgew\u00e4hlten Materialien hergestellt werden, die allen Wetterbedingungen standhalten. In der Kategorie<a href=\"https:\/\/www.rememberme-forever.com\/product-category\/outdoor-urns\/\" target=\"_blank\" rel=\"noreferrer noopener\">&#8222;Urnen f\u00fcr den Au\u00dfenbereich<\/a>&#8220; finden Sie alle Urnen, die witterungsbest\u00e4ndig sind und dem Test der Zeit standhalten.   <\/p>\n\n<p><strong>F: Wird meine Metallurne rosten oder anlaufen?<\/strong> <\/p>\n\n<p>A: Wenn Sie die Urne in einer Metallurne wie Messing, Stahl, Bronze, Zinn oder einer beschichteten Urne aufbewahren, kann sie mit der Zeit anlaufen. Das ist bei Metallprodukten normal. Wenn das Anlaufen auftritt, gibt es Metallreiniger, die die urspr\u00fcngliche Oberfl\u00e4che wiederherstellen k\u00f6nnen. Wenn die Urne im Freien in einem Grabbereich oder in einer Kolumbarium-Nische aufbewahrt wird, kann dieser Effekt viel schneller eintreten.   <\/p>\n\n<p><strong>F: Sollte ich meine Urne versiegeln und wie mache ich das?<\/strong> <\/p>\n\n<p>A: Sie brauchen die Urne nicht zu versiegeln, aber wenn Sie das m\u00f6chten, k\u00f6nnen Sie Silikon-Dichtungsmittel aus dem Baumarkt verwenden. Bevor Sie die Urne versiegeln, tragen Sie eine kleine Menge um die \u00d6ffnung herum auf. Tun Sie dies jedoch nur, wenn Sie nicht vorhaben, die Urne wieder zu \u00f6ffnen.  <\/p>\n\n<p><strong>F: Wer wird die Asche in die Urne geben?<\/strong> <\/p>\n\n<p>A: Die meisten Familien sind in der Lage, die Urne selbst zu bef\u00fcllen, da dies ein einfacher und oft therapeutischer Prozess ist. Wir verstehen jedoch, dass diese Aufgabe f\u00fcr einige emotional \u00fcberw\u00e4ltigend sein kann und sie vielleicht Hilfe oder Unterst\u00fctzung von au\u00dfen ben\u00f6tigen. Das Bestattungsinstitut stellt Ihnen die Asche in der Regel in einem vor\u00fcbergehenden Plastikbeh\u00e4lter zur Verf\u00fcgung, in dem sich ein Beutel mit der Asche befindet. Dieser Beutel kann direkt in die neue Urne oder ein anderes Beh\u00e4ltnis Ihrer Wahl \u00fcberf\u00fchrt werden, ohne dass Sie die Asche jemals ber\u00fchren m\u00fcssen. Alternativ k\u00f6nnen Sie Ihren Bestattungsexperten bitten, die Urne f\u00fcr Sie zu f\u00fcllen.    <\/p>\n\n<p><strong>F: Wie kann ich meine Urne reinigen?<\/strong> <\/p>\n\n<p>A: Eine der besten M\u00f6glichkeiten, Ihre Urne zu reinigen, ist, sie einfach mit einem weichen Tuch abzuwischen.<\/p>\n\n<p><strong>F: Kann ich andere Gegenst\u00e4nde zusammen mit der Asche in die Urne legen?  <\/strong><\/p>\n\n<p>A: Ja, Sie k\u00f6nnen individuelle Gegenst\u00e4nde wie Brieftaschen, Ringe, Karten, Briefe, Fotos und vieles mehr in die Urne legen. Es gibt keinen falschen oder richtigen Weg, an einer Feuerbestattung teilzunehmen. Viele Menschen entscheiden sich f\u00fcr eine Ein\u00e4scherung, weil sie so viele Freiheiten haben. Wir sind der Meinung, dass alles, was Ihnen ein besseres Gef\u00fchl gibt, auch das Richtige ist, wenn es darum geht, Ihrem geliebten Menschen zu gedenken.  <\/p>\n\n<p><strong>F: Welche Arten von Urnen sind f\u00fcr Reisen zugelassen?<\/strong> <\/p>\n\n<p>A: Wenn Sie mit einer Urne reisen, m\u00fcssen Sie einige TSA-Richtlinien beachten. Alle Handgep\u00e4ckst\u00fccke m\u00fcssen durch ein R\u00f6ntgenger\u00e4t gef\u00fchrt werden. Es gibt verschiedene r\u00f6ntgentaugliche Urnen, wie z.B. Holzurnen, Ascheboxen aus Kunststoff oder Streuurnen. Wenn Sie sich f\u00fcr eine dickere und schwerere Urne entscheiden, z.B. aus Messing oder Marmor, ist es vielleicht am besten, eine tempor\u00e4re Beh\u00e4lterurne zu kaufen, um die Asche mitzunehmen, und die permanente Urne in Ihr aufgegebenes Gep\u00e4ck zu packen.   <\/p>\n\n<p><strong>F: Kann ich in einem Nationalpark verstreuen?<\/strong> <\/p>\n\n<p>A: Kremierte \u00dcberreste k\u00f6nnen in den meisten Nationalparks verstreut werden. Es ist jedoch wichtig zu wissen, dass jeder Ort seine eigenen Besonderheiten hat. <\/p>\n\n<p><strong>F: Kann ich eine Urne personalisieren?<\/strong><\/p>\n\n<p>  A: Auf jeden Fall! Die Personalisierung einer Urne ist eine wunderbare M\u00f6glichkeit, Ihren Angeh\u00f6rigen zu ehren und an ihn zu erinnern. Viele Urnen k\u00f6nnen individuell gestaltet werden, z.B. mit einer Gravur des Namens, der Daten oder einer pers\u00f6nlichen Nachricht. Sie k\u00f6nnen auch Urnen mit einzigartigen Designs, Motiven oder Materialien w\u00e4hlen, die die Pers\u00f6nlichkeit oder die Interessen des Verstorbenen widerspiegeln. Au\u00dferdem k\u00f6nnen Sie die Urne mit Fotos, Plaketten oder Symbolen noch pers\u00f6nlicher gestalten.    <\/p>\n\n<p><strong>F: Wie w\u00e4hle ich die richtige Urne f\u00fcr meinen geliebten Menschen aus?<\/strong> <\/p>\n\n<p>A: Die Wahl der richtigen Urne ist eine pers\u00f6nliche Entscheidung, die von verschiedenen Faktoren abh\u00e4ngt. Achten Sie auf die Gr\u00f6\u00dfe der Urne und stellen Sie sicher, dass sie genug Fassungsverm\u00f6gen hat, um die kremierten \u00dcberreste aufzunehmen. Denken Sie \u00fcber das Material und das Design nach, das dem Stil oder den Vorlieben Ihres Angeh\u00f6rigen entspricht. Sie k\u00f6nnen auch den Verwendungszweck der Urne in Betracht ziehen, z.B. ob sie zu Hause ausgestellt, in einem Kolumbarium beigesetzt oder f\u00fcr die Verstreuung verwendet werden soll. Wenn Sie sich Zeit nehmen, verschiedene Optionen pr\u00fcfen und sich mit Familienmitgliedern oder einem Bestattungsfachmann beraten, k\u00f6nnen Sie eine wohl\u00fcberlegte Entscheidung treffen.    <\/p>\n\n<p><strong>F: Kann ich eine Urne online kaufen?<\/strong> <\/p>\n\n<p>A: Ja, der Kauf einer Urne im Internet ist eine bequeme Option. Es gibt zahlreiche seri\u00f6se Online-H\u00e4ndler, die eine gro\u00dfe Auswahl an Urnen anbieten. Lesen Sie beim Online-Kauf unbedingt die Produktbeschreibungen, Abmessungen und Kundenrezensionen, um sicherzustellen, dass Sie eine qualitativ hochwertige Urne ausw\u00e4hlen. Achten Sie auch auf die Versandzeiten, die R\u00fcckgaberichtlinien und alle zus\u00e4tzlichen Dienstleistungen, die der Online-H\u00e4ndler zur individuellen Gestaltung oder Gravur anbietet.   <\/p>\n\n<p><strong>F: Gibt es umweltfreundliche Urnenoptionen?<\/strong> <\/p>\n\n<p>A: Ja, es gibt umweltfreundliche Urnenoptionen f\u00fcr diejenigen, die Wert auf Nachhaltigkeit und Umweltbewusstsein legen. Biologisch abbaubare Urnen aus Materialien wie recyceltem Papier, Salz, Sand oder Pflanzenfasern sind so konzipiert, dass sie sich auf nat\u00fcrliche Weise zersetzen, wenn sie vergraben oder ins Wasser gestellt werden. Diese Urnen sind eine umweltfreundlichere Alternative zu herk\u00f6mmlichen Materialien wie Metall oder Keramik. Dar\u00fcber hinaus gibt es Urnen, die speziell f\u00fcr Wasserbestattungen entwickelt wurden, so dass sich die Asche allm\u00e4hlich im Wasser aufl\u00f6st und die Auswirkungen auf die Umwelt minimiert werden.   <\/p>\n\n<p><strong>F: Kann ich eine Urne kaufen, bevor der Bedarf entsteht?  <\/strong><\/p>\n\n<p>A: Ja, es ist v\u00f6llig in Ordnung, eine Urne zu kaufen, bevor der Bedarf entsteht. In der Tat kann eine vorausschauende Planung den Stress und die Entscheidungsfindung in einer schwierigen Zeit etwas erleichtern. Wenn Sie eine Urne im Voraus kaufen, haben Sie die M\u00f6glichkeit, verschiedene Optionen zu pr\u00fcfen, in Ruhe eine Entscheidung zu treffen und sicherzustellen, dass Sie ein geeignetes Gef\u00e4\u00df f\u00fcr die sterblichen \u00dcberreste Ihres Angeh\u00f6rigen haben. Wenn Sie sich f\u00fcr den Kauf einer Urne entscheiden, ist es ratsam, Ihre Familienangeh\u00f6rigen zu informieren oder Ihre W\u00fcnsche in Ihre Pl\u00e4ne f\u00fcr das Lebensende aufzunehmen, damit sie \u00fcber Ihre Entscheidung informiert sind.   <\/p>\n","protected":false},"excerpt":{"rendered":"<p>Hier finden Sie die Antworten auf einige der am h\u00e4ufigsten gestellten Fragen, die wir erhalten. Wenn Sie die Frage, die Sie haben, hier nicht finden,&#8230;<\/p>\n","protected":false},"author":3,"featured_media":0,"parent":0,"menu_order":0,"comment_status":"closed","ping_status":"closed","template":"","meta":{"_acf_changed":false,"footnotes":""},"class_list":["post-17889","page","type-page","status-publish","hentry"],"yoast_head":"<!-- This site is optimized with the Yoast SEO plugin v27.4 - https:\/\/yoast.com\/product\/yoast-seo-wordpress\/ -->\n<title>FAQ - Remember Forever<\/title>\n<meta name=\"robots\" content=\"index, follow, max-snippet:-1, max-image-preview:large, max-video-preview:-1\" \/>\n<link rel=\"canonical\" href=\"https:\/\/www.rememberme-forever.com\/de\/faq\/\" \/>\n<meta property=\"og:locale\" content=\"de_DE\" \/>\n<meta property=\"og:type\" content=\"article\" \/>\n<meta property=\"og:title\" content=\"FAQ - Remember Forever\" \/>\n<meta property=\"og:description\" content=\"Hier finden Sie die Antworten auf einige der am h\u00e4ufigsten gestellten Fragen, die wir erhalten. Wenn Sie die Frage, die Sie haben, hier nicht finden,...\" \/>\n<meta property=\"og:url\" content=\"https:\/\/www.rememberme-forever.com\/de\/faq\/\" \/>\n<meta property=\"og:site_name\" content=\"Remember Forever\" \/>\n<meta property=\"article:modified_time\" content=\"2025-08-07T08:16:49+00:00\" \/>\n<meta name=\"twitter:card\" content=\"summary_large_image\" \/>\n<meta name=\"twitter:label1\" content=\"Gesch\u00e4tzte Lesezeit\" \/>\n\t<meta name=\"twitter:data1\" content=\"7\u00a0Minute\" \/>\n<script type=\"application\/ld+json\" class=\"yoast-schema-graph\">{\"@context\":\"https:\\\/\\\/schema.org\",\"@graph\":[{\"@type\":\"WebPage\",\"@id\":\"https:\\\/\\\/www.rememberme-forever.com\\\/de\\\/faq\\\/\",\"url\":\"https:\\\/\\\/www.rememberme-forever.com\\\/de\\\/faq\\\/\",\"name\":\"FAQ - Remember Forever\",\"isPartOf\":{\"@id\":\"https:\\\/\\\/www.rememberme-forever.com\\\/de\\\/#website\"},\"datePublished\":\"2023-06-27T10:51:33+00:00\",\"dateModified\":\"2025-08-07T08:16:49+00:00\",\"breadcrumb\":{\"@id\":\"https:\\\/\\\/www.rememberme-forever.com\\\/de\\\/faq\\\/#breadcrumb\"},\"inLanguage\":\"de\",\"potentialAction\":[{\"@type\":\"ReadAction\",\"target\":[\"https:\\\/\\\/www.rememberme-forever.com\\\/de\\\/faq\\\/\"]}]},{\"@type\":\"BreadcrumbList\",\"@id\":\"https:\\\/\\\/www.rememberme-forever.com\\\/de\\\/faq\\\/#breadcrumb\",\"itemListElement\":[{\"@type\":\"ListItem\",\"position\":1,\"name\":\"Home\",\"item\":\"https:\\\/\\\/www.rememberme-forever.com\\\/de\\\/startseite\\\/\"},{\"@type\":\"ListItem\",\"position\":2,\"name\":\"FAQ\"}]},{\"@type\":\"WebSite\",\"@id\":\"https:\\\/\\\/www.rememberme-forever.com\\\/de\\\/#website\",\"url\":\"https:\\\/\\\/www.rememberme-forever.com\\\/de\\\/\",\"name\":\"Remember Forever\",\"description\":\"Cremation urns, funeral urns, urns for ashes\",\"publisher\":{\"@id\":\"https:\\\/\\\/www.rememberme-forever.com\\\/de\\\/#organization\"},\"potentialAction\":[{\"@type\":\"SearchAction\",\"target\":{\"@type\":\"EntryPoint\",\"urlTemplate\":\"https:\\\/\\\/www.rememberme-forever.com\\\/de\\\/?s={search_term_string}\"},\"query-input\":{\"@type\":\"PropertyValueSpecification\",\"valueRequired\":true,\"valueName\":\"search_term_string\"}}],\"inLanguage\":\"de\"},{\"@type\":\"Organization\",\"@id\":\"https:\\\/\\\/www.rememberme-forever.com\\\/de\\\/#organization\",\"name\":\"Remember Forever\",\"url\":\"https:\\\/\\\/www.rememberme-forever.com\\\/de\\\/\",\"logo\":{\"@type\":\"ImageObject\",\"inLanguage\":\"de\",\"@id\":\"https:\\\/\\\/www.rememberme-forever.com\\\/de\\\/#\\\/schema\\\/logo\\\/image\\\/\",\"url\":\"https:\\\/\\\/www.rememberme-forever.com\\\/wp-content\\\/uploads\\\/2023\\\/02\\\/logo.png\",\"contentUrl\":\"https:\\\/\\\/www.rememberme-forever.com\\\/wp-content\\\/uploads\\\/2023\\\/02\\\/logo.png\",\"width\":300,\"height\":56,\"caption\":\"Remember Forever\"},\"image\":{\"@id\":\"https:\\\/\\\/www.rememberme-forever.com\\\/de\\\/#\\\/schema\\\/logo\\\/image\\\/\"}}]}<\/script>\n<!-- \/ Yoast SEO plugin. -->","yoast_head_json":{"title":"FAQ - Remember Forever","robots":{"index":"index","follow":"follow","max-snippet":"max-snippet:-1","max-image-preview":"max-image-preview:large","max-video-preview":"max-video-preview:-1"},"canonical":"https:\/\/www.rememberme-forever.com\/de\/faq\/","og_locale":"de_DE","og_type":"article","og_title":"FAQ - Remember Forever","og_description":"Hier finden Sie die Antworten auf einige der am h\u00e4ufigsten gestellten Fragen, die wir erhalten. Wenn Sie die Frage, die Sie haben, hier nicht finden,...","og_url":"https:\/\/www.rememberme-forever.com\/de\/faq\/","og_site_name":"Remember Forever","article_modified_time":"2025-08-07T08:16:49+00:00","twitter_card":"summary_large_image","twitter_misc":{"Gesch\u00e4tzte Lesezeit":"7\u00a0Minute"},"schema":{"@context":"https:\/\/schema.org","@graph":[{"@type":"WebPage","@id":"https:\/\/www.rememberme-forever.com\/de\/faq\/","url":"https:\/\/www.rememberme-forever.com\/de\/faq\/","name":"FAQ - Remember Forever","isPartOf":{"@id":"https:\/\/www.rememberme-forever.com\/de\/#website"},"datePublished":"2023-06-27T10:51:33+00:00","dateModified":"2025-08-07T08:16:49+00:00","breadcrumb":{"@id":"https:\/\/www.rememberme-forever.com\/de\/faq\/#breadcrumb"},"inLanguage":"de","potentialAction":[{"@type":"ReadAction","target":["https:\/\/www.rememberme-forever.com\/de\/faq\/"]}]},{"@type":"BreadcrumbList","@id":"https:\/\/www.rememberme-forever.com\/de\/faq\/#breadcrumb","itemListElement":[{"@type":"ListItem","position":1,"name":"Home","item":"https:\/\/www.rememberme-forever.com\/de\/startseite\/"},{"@type":"ListItem","position":2,"name":"FAQ"}]},{"@type":"WebSite","@id":"https:\/\/www.rememberme-forever.com\/de\/#website","url":"https:\/\/www.rememberme-forever.com\/de\/","name":"Remember Forever","description":"Cremation urns, funeral urns, urns for ashes","publisher":{"@id":"https:\/\/www.rememberme-forever.com\/de\/#organization"},"potentialAction":[{"@type":"SearchAction","target":{"@type":"EntryPoint","urlTemplate":"https:\/\/www.rememberme-forever.com\/de\/?s={search_term_string}"},"query-input":{"@type":"PropertyValueSpecification","valueRequired":true,"valueName":"search_term_string"}}],"inLanguage":"de"},{"@type":"Organization","@id":"https:\/\/www.rememberme-forever.com\/de\/#organization","name":"Remember Forever","url":"https:\/\/www.rememberme-forever.com\/de\/","logo":{"@type":"ImageObject","inLanguage":"de","@id":"https:\/\/www.rememberme-forever.com\/de\/#\/schema\/logo\/image\/","url":"https:\/\/www.rememberme-forever.com\/wp-content\/uploads\/2023\/02\/logo.png","contentUrl":"https:\/\/www.rememberme-forever.com\/wp-content\/uploads\/2023\/02\/logo.png","width":300,"height":56,"caption":"Remember Forever"},"image":{"@id":"https:\/\/www.rememberme-forever.com\/de\/#\/schema\/logo\/image\/"}}]}},"acf":[],"_links":{"self":[{"href":"https:\/\/www.rememberme-forever.com\/de\/wp-json\/wp\/v2\/pages\/17889","targetHints":{"allow":["GET"]}}],"collection":[{"href":"https:\/\/www.rememberme-forever.com\/de\/wp-json\/wp\/v2\/pages"}],"about":[{"href":"https:\/\/www.rememberme-forever.com\/de\/wp-json\/wp\/v2\/types\/page"}],"author":[{"embeddable":true,"href":"https:\/\/www.rememberme-forever.com\/de\/wp-json\/wp\/v2\/users\/3"}],"replies":[{"embeddable":true,"href":"https:\/\/www.rememberme-forever.com\/de\/wp-json\/wp\/v2\/comments?post=17889"}],"version-history":[{"count":1,"href":"https:\/\/www.rememberme-forever.com\/de\/wp-json\/wp\/v2\/pages\/17889\/revisions"}],"predecessor-version":[{"id":17890,"href":"https:\/\/www.rememberme-forever.com\/de\/wp-json\/wp\/v2\/pages\/17889\/revisions\/17890"}],"wp:attachment":[{"href":"https:\/\/www.rememberme-forever.com\/de\/wp-json\/wp\/v2\/media?parent=17889"}],"curies":[{"name":"wp","href":"https:\/\/api.w.org\/{rel}","templated":true}]}}