{"id":17898,"date":"2023-05-04T10:23:09","date_gmt":"2023-05-04T08:23:09","guid":{"rendered":"https:\/\/www.rememberme-forever.com\/zahlungen\/"},"modified":"2025-08-07T10:23:04","modified_gmt":"2025-08-07T08:23:04","slug":"zahlungen","status":"publish","type":"page","link":"https:\/\/www.rememberme-forever.com\/de\/zahlungen\/","title":{"rendered":"Zahlungen"},"content":{"rendered":"\n<p><strong>Preise und Zahlungsmodalit\u00e4ten<\/strong><\/p>\n\n<ol class=\"wp-block-list\">\n<li>Die Preise sind in PLN, EUR, USD, GBP angegeben, wie vom Kunden ausgew\u00e4hlt. ( Versand wird an der Kasse berechnet ) <\/li>\n\n\n\n<li>Der Kunde kann die folgenden Zahlungsarten w\u00e4hlen:<\/li>\n\n\n\n<li>Elektronische Zahlung (Paynow, Revolut)<\/li>\n<\/ol>\n\n<ul class=\"wp-block-list\">\n<li>in diesem Fall beginnt die Bearbeitung der Bestellung, nachdem der Verk\u00e4ufer dem Kunden eine Best\u00e4tigung \u00fcber die Annahme der Bestellung zugesandt hat und nachdem der Verk\u00e4ufer vom System des Zahlungsabwicklers die Information erhalten hat, dass der Kunde die Zahlung geleistet hat, und die Waren werden unmittelbar nach Abschluss der Bestellung versandt).<\/li>\n\n\n\n<li>Wenn Paynow als Zahlungsoption ausgew\u00e4hlt wird, ist das Unternehmen, das Online-Zahlungsdienste f\u00fcr Kartenzahlungen anbietet, Blue Media S.A.<\/li>\n\n\n\n<li><span style=\"font-size: revert; color: initial;\">In diesem Fall beginnt die Bearbeitung der Bestellung, nachdem der Verk\u00e4ufer dem Kunden eine Best\u00e4tigung \u00fcber die Annahme der Bestellung zugesandt hat und nachdem der Verk\u00e4ufer vom System des Zahlungsabwicklers die Information erhalten hat, dass der Kunde die Zahlung geleistet hat, und die Waren werden unmittelbar nach Abschluss der Bestellung versandt.<\/span>  <\/li>\n\n\n\n<li><span style=\"background-color: rgba(0, 0, 0, 0.2); font-size: revert; color: initial;\">Falls eine Erstattung f\u00fcr eine Transaktion erforderlich ist, die der Kunde mit einer Zahlungskarte get\u00e4tigt hat, wird der Verk\u00e4ufer die Erstattung auf das mit der Zahlungskarte des Kunden verbundene Bankkonto vornehmen.<\/span> <\/li>\n<\/ul>\n\n<p>Akzeptierte Zahlungskarten :  <\/p>\n\n<p>* Visum  <\/p>\n\n<p>*Visum Elektro  <\/p>\n\n<p>* Mastercard  <\/p>\n\n<p>* MasterCard Elektronisch  <\/p>\n\n<p>* Maestro<\/p>\n\n<div class=\"wp-block-columns is-layout-flex wp-container-core-columns-is-layout-9d6595d7 wp-block-columns-is-layout-flex\">\n<div class=\"wp-block-column is-layout-flow wp-block-column-is-layout-flow\" style=\"flex-basis:100%\">\n<div class=\"wp-block-envira-envira-gallery\">[envira-gallery id=&#8220;7300&#8243;]<\/div>\n<\/div>\n<\/div>\n\n<p>4. Wenn Sie eine Zahlung vornehmen, wird der Kunde unmittelbar vor der Zahlung \u00fcber den Betrag, in dem die Zahlung erfolgen soll, \u00fcber die m\u00f6glichen Ausf\u00fchrungsmodalit\u00e4ten und \u00fcber die Daten des Zahlungsanbieters informiert, sofern der jeweilige Dienst m\u00f6glich ist. Die detaillierten Bedingungen f\u00fcr die Durchf\u00fchrung von Zahlungen \u00fcber die Betreiber, die elektronische Zahlungen durchf\u00fchren, sind auf der Website des jeweiligen Betreibers verf\u00fcgbar. <\/p>\n\n<p>5. Wenn Sie eine Zahlung \u00fcber einen Betreiber f\u00fcr elektronische Zahlungen vornehmen, sollte der Nutzer die Anweisungen des Betreibers f\u00fcr elektronische Zahlungen befolgen, um eine Zahlung vorzunehmen.<\/p>\n","protected":false},"excerpt":{"rendered":"<p>Preise und Zahlungsmodalit\u00e4ten Akzeptierte Zahlungskarten : * Visum *Visum Elektro * Mastercard * MasterCard Elektronisch * Maestro 4. Wenn Sie eine Zahlung vornehmen, wird der&#8230;<\/p>\n","protected":false},"author":3,"featured_media":0,"parent":0,"menu_order":0,"comment_status":"closed","ping_status":"closed","template":"","meta":{"_acf_changed":false,"footnotes":""},"class_list":["post-17898","page","type-page","status-publish","hentry"],"yoast_head":"<!-- This site is optimized with the Yoast SEO plugin v27.4 - https:\/\/yoast.com\/product\/yoast-seo-wordpress\/ -->\n<title>Remember Forever<\/title>\n<meta name=\"robots\" content=\"index, follow, max-snippet:-1, max-image-preview:large, max-video-preview:-1\" \/>\n<link rel=\"canonical\" href=\"https:\/\/www.rememberme-forever.com\/de\/zahlungen\/\" \/>\n<meta property=\"og:locale\" content=\"de_DE\" \/>\n<meta property=\"og:type\" content=\"article\" \/>\n<meta property=\"og:description\" content=\"Preise und Zahlungsmodalit\u00e4ten Akzeptierte Zahlungskarten : * Visum *Visum Elektro * Mastercard * MasterCard Elektronisch * Maestro 4. Wenn Sie eine Zahlung vornehmen, wird der...\" \/>\n<meta property=\"og:url\" content=\"https:\/\/www.rememberme-forever.com\/de\/zahlungen\/\" \/>\n<meta property=\"og:site_name\" content=\"Remember Forever\" \/>\n<meta property=\"article:modified_time\" content=\"2025-08-07T08:23:04+00:00\" \/>\n<meta name=\"twitter:card\" content=\"summary_large_image\" \/>\n<meta name=\"twitter:label1\" content=\"Gesch\u00e4tzte Lesezeit\" \/>\n\t<meta name=\"twitter:data1\" content=\"2\u00a0Minute\" \/>\n<script type=\"application\/ld+json\" class=\"yoast-schema-graph\">{\"@context\":\"https:\\\/\\\/schema.org\",\"@graph\":[{\"@type\":\"WebPage\",\"@id\":\"https:\\\/\\\/www.rememberme-forever.com\\\/de\\\/zahlungen\\\/\",\"url\":\"https:\\\/\\\/www.rememberme-forever.com\\\/de\\\/zahlungen\\\/\",\"name\":\"\",\"isPartOf\":{\"@id\":\"https:\\\/\\\/www.rememberme-forever.com\\\/de\\\/#website\"},\"datePublished\":\"2023-05-04T08:23:09+00:00\",\"dateModified\":\"2025-08-07T08:23:04+00:00\",\"breadcrumb\":{\"@id\":\"https:\\\/\\\/www.rememberme-forever.com\\\/de\\\/zahlungen\\\/#breadcrumb\"},\"inLanguage\":\"de\",\"potentialAction\":[{\"@type\":\"ReadAction\",\"target\":[\"https:\\\/\\\/www.rememberme-forever.com\\\/de\\\/zahlungen\\\/\"]}]},{\"@type\":\"BreadcrumbList\",\"@id\":\"https:\\\/\\\/www.rememberme-forever.com\\\/de\\\/zahlungen\\\/#breadcrumb\",\"itemListElement\":[{\"@type\":\"ListItem\",\"position\":1,\"name\":\"Home\",\"item\":\"https:\\\/\\\/www.rememberme-forever.com\\\/de\\\/startseite\\\/\"},{\"@type\":\"ListItem\",\"position\":2,\"name\":\"Zahlungen\"}]},{\"@type\":\"WebSite\",\"@id\":\"https:\\\/\\\/www.rememberme-forever.com\\\/de\\\/#website\",\"url\":\"https:\\\/\\\/www.rememberme-forever.com\\\/de\\\/\",\"name\":\"Remember Forever\",\"description\":\"Cremation urns, funeral urns, urns for ashes\",\"publisher\":{\"@id\":\"https:\\\/\\\/www.rememberme-forever.com\\\/de\\\/#organization\"},\"potentialAction\":[{\"@type\":\"SearchAction\",\"target\":{\"@type\":\"EntryPoint\",\"urlTemplate\":\"https:\\\/\\\/www.rememberme-forever.com\\\/de\\\/?s={search_term_string}\"},\"query-input\":{\"@type\":\"PropertyValueSpecification\",\"valueRequired\":true,\"valueName\":\"search_term_string\"}}],\"inLanguage\":\"de\"},{\"@type\":\"Organization\",\"@id\":\"https:\\\/\\\/www.rememberme-forever.com\\\/de\\\/#organization\",\"name\":\"Remember Forever\",\"url\":\"https:\\\/\\\/www.rememberme-forever.com\\\/de\\\/\",\"logo\":{\"@type\":\"ImageObject\",\"inLanguage\":\"de\",\"@id\":\"https:\\\/\\\/www.rememberme-forever.com\\\/de\\\/#\\\/schema\\\/logo\\\/image\\\/\",\"url\":\"https:\\\/\\\/www.rememberme-forever.com\\\/wp-content\\\/uploads\\\/2023\\\/02\\\/logo.png\",\"contentUrl\":\"https:\\\/\\\/www.rememberme-forever.com\\\/wp-content\\\/uploads\\\/2023\\\/02\\\/logo.png\",\"width\":300,\"height\":56,\"caption\":\"Remember Forever\"},\"image\":{\"@id\":\"https:\\\/\\\/www.rememberme-forever.com\\\/de\\\/#\\\/schema\\\/logo\\\/image\\\/\"}}]}<\/script>\n<!-- \/ Yoast SEO plugin. -->","yoast_head_json":{"title":"Remember Forever","robots":{"index":"index","follow":"follow","max-snippet":"max-snippet:-1","max-image-preview":"max-image-preview:large","max-video-preview":"max-video-preview:-1"},"canonical":"https:\/\/www.rememberme-forever.com\/de\/zahlungen\/","og_locale":"de_DE","og_type":"article","og_description":"Preise und Zahlungsmodalit\u00e4ten Akzeptierte Zahlungskarten : * Visum *Visum Elektro * Mastercard * MasterCard Elektronisch * Maestro 4. Wenn Sie eine Zahlung vornehmen, wird der...","og_url":"https:\/\/www.rememberme-forever.com\/de\/zahlungen\/","og_site_name":"Remember Forever","article_modified_time":"2025-08-07T08:23:04+00:00","twitter_card":"summary_large_image","twitter_misc":{"Gesch\u00e4tzte Lesezeit":"2\u00a0Minute"},"schema":{"@context":"https:\/\/schema.org","@graph":[{"@type":"WebPage","@id":"https:\/\/www.rememberme-forever.com\/de\/zahlungen\/","url":"https:\/\/www.rememberme-forever.com\/de\/zahlungen\/","name":"","isPartOf":{"@id":"https:\/\/www.rememberme-forever.com\/de\/#website"},"datePublished":"2023-05-04T08:23:09+00:00","dateModified":"2025-08-07T08:23:04+00:00","breadcrumb":{"@id":"https:\/\/www.rememberme-forever.com\/de\/zahlungen\/#breadcrumb"},"inLanguage":"de","potentialAction":[{"@type":"ReadAction","target":["https:\/\/www.rememberme-forever.com\/de\/zahlungen\/"]}]},{"@type":"BreadcrumbList","@id":"https:\/\/www.rememberme-forever.com\/de\/zahlungen\/#breadcrumb","itemListElement":[{"@type":"ListItem","position":1,"name":"Home","item":"https:\/\/www.rememberme-forever.com\/de\/startseite\/"},{"@type":"ListItem","position":2,"name":"Zahlungen"}]},{"@type":"WebSite","@id":"https:\/\/www.rememberme-forever.com\/de\/#website","url":"https:\/\/www.rememberme-forever.com\/de\/","name":"Remember Forever","description":"Cremation urns, funeral urns, urns for ashes","publisher":{"@id":"https:\/\/www.rememberme-forever.com\/de\/#organization"},"potentialAction":[{"@type":"SearchAction","target":{"@type":"EntryPoint","urlTemplate":"https:\/\/www.rememberme-forever.com\/de\/?s={search_term_string}"},"query-input":{"@type":"PropertyValueSpecification","valueRequired":true,"valueName":"search_term_string"}}],"inLanguage":"de"},{"@type":"Organization","@id":"https:\/\/www.rememberme-forever.com\/de\/#organization","name":"Remember Forever","url":"https:\/\/www.rememberme-forever.com\/de\/","logo":{"@type":"ImageObject","inLanguage":"de","@id":"https:\/\/www.rememberme-forever.com\/de\/#\/schema\/logo\/image\/","url":"https:\/\/www.rememberme-forever.com\/wp-content\/uploads\/2023\/02\/logo.png","contentUrl":"https:\/\/www.rememberme-forever.com\/wp-content\/uploads\/2023\/02\/logo.png","width":300,"height":56,"caption":"Remember Forever"},"image":{"@id":"https:\/\/www.rememberme-forever.com\/de\/#\/schema\/logo\/image\/"}}]}},"acf":[],"_links":{"self":[{"href":"https:\/\/www.rememberme-forever.com\/de\/wp-json\/wp\/v2\/pages\/17898","targetHints":{"allow":["GET"]}}],"collection":[{"href":"https:\/\/www.rememberme-forever.com\/de\/wp-json\/wp\/v2\/pages"}],"about":[{"href":"https:\/\/www.rememberme-forever.com\/de\/wp-json\/wp\/v2\/types\/page"}],"author":[{"embeddable":true,"href":"https:\/\/www.rememberme-forever.com\/de\/wp-json\/wp\/v2\/users\/3"}],"replies":[{"embeddable":true,"href":"https:\/\/www.rememberme-forever.com\/de\/wp-json\/wp\/v2\/comments?post=17898"}],"version-history":[{"count":1,"href":"https:\/\/www.rememberme-forever.com\/de\/wp-json\/wp\/v2\/pages\/17898\/revisions"}],"predecessor-version":[{"id":17903,"href":"https:\/\/www.rememberme-forever.com\/de\/wp-json\/wp\/v2\/pages\/17898\/revisions\/17903"}],"wp:attachment":[{"href":"https:\/\/www.rememberme-forever.com\/de\/wp-json\/wp\/v2\/media?parent=17898"}],"curies":[{"name":"wp","href":"https:\/\/api.w.org\/{rel}","templated":true}]}}