{"id":17904,"date":"2023-02-01T12:21:42","date_gmt":"2023-02-01T11:21:42","guid":{"rendered":"https:\/\/www.rememberme-forever.com\/datenschutzbestimmungen\/"},"modified":"2025-08-07T10:23:29","modified_gmt":"2025-08-07T08:23:29","slug":"datenschutzbestimmungen","status":"publish","type":"page","link":"https:\/\/www.rememberme-forever.com\/de\/datenschutzbestimmungen\/","title":{"rendered":"Datenschutzbestimmungen"},"content":{"rendered":"\n<h1 class=\"wp-block-heading\">PRIVACY<\/h1>\n\n<p><strong>DATENSCHUTZRICHTLINIE VON<\/strong><\/p>\n\n<p><strong>DER ONLINE SHOP<\/strong><\/p>\n\n<p><a><strong><u>F\u00dcR IMMER ERINNERN<\/u><\/strong><\/a><\/p>\n\n<figure class=\"wp-block-embed\"><div class=\"wp-block-embed__wrapper\">\n<blockquote class=\"wp-embedded-content\" data-secret=\"KltOgRYrG2\"><a href=\"https:\/\/www.rememberme-forever.com\/de\/\">Startseite<\/a><\/blockquote><iframe loading=\"lazy\" class=\"wp-embedded-content\" sandbox=\"allow-scripts\" security=\"restricted\" style=\"position: absolute; visibility: hidden;\" title=\"&#8222;Startseite&#8220; &#8212; Remember Forever\" src=\"https:\/\/www.rememberme-forever.com\/de\/embed\/#?secret=gwYneIN1tA#?secret=KltOgRYrG2\" data-secret=\"KltOgRYrG2\" width=\"600\" height=\"338\" frameborder=\"0\" marginwidth=\"0\" marginheight=\"0\" scrolling=\"no\"><\/iframe>\n<\/div><\/figure>\n\n<ol class=\"wp-block-list\">\n<li><strong>Allgemeine Informationen<\/strong><\/li>\n<\/ol>\n\n<p>Dieses Dokument legt die Datenschutzgrunds\u00e4tze fest, die f\u00fcr den Online-Shop <a href=\"https:\/\/rememberme-forever.com\/\">https:\/\/rememberme-forever.com\/<\/a> (im Folgenden &#8222;Online-Shop&#8220; genannt) gelten. Der Administrator des Online-Shops ist REMEMBER FOREVER Jolanta Szewczyk, Pu\u0142anki 107, 38-130 Frysztak, NIP:8191525142, REGON:369742767, +48 515 351 884, info@rememberme-forever.com. <\/p>\n\n<ol class=\"wp-block-list\" start=\"2\">\n<li><strong>Pers\u00f6nliche Informationen<\/strong><\/li>\n<\/ol>\n\n<ol class=\"wp-block-list\">\n<li>Die vom Verwalter gesammelten personenbezogenen Daten werden in \u00dcbereinstimmung mit den Bestimmungen der Verordnung (EU) 2016\/679 des Europ\u00e4ischen Parlaments und des Rates vom 27. April 2016 zum Schutz nat\u00fcrlicher Personen bei der Verarbeitung personenbezogener Daten, zum freien Datenverkehr und zur Aufhebung der Richtlinie 95\/46\/EG ( GDPR), dem geltenden polnischen Datenschutzgesetz und dem Gesetz \u00fcber die Erbringung elektronischer Dienstleistungen vom 18. Juli 2002 verarbeitet.<\/li>\n\n\n\n<li>Der Administrator sammelt die von den Kunden des Online-Shops freiwillig zur Verf\u00fcgung gestellten Informationen. Die Bereitstellung der gekennzeichneten pers\u00f6nlichen Daten ist jedoch eine Voraussetzung f\u00fcr die Aufgabe einer Bestellung, w\u00e4hrend die Folge einer Nichtbestellung die Unm\u00f6glichkeit ist, Produkte im Shop zu bestellen. <\/li>\n\n\n\n<li>Dar\u00fcber hinaus kann der Administrator die Informationen \u00fcber die Verbindungsparameter, wie z.B. IP-Adressen, f\u00fcr technische Zwecke, f\u00fcr die Serververwaltung und f\u00fcr die Sammlung allgemeiner, statistischer demografischer Informationen (z.B. \u00fcber die Region, aus der die Verbindung stammt) sowie f\u00fcr Sicherheitszwecke aufzeichnen.<\/li>\n\n\n\n<li>Der Verwalter unternimmt besondere Anstrengungen, um die Privatsph\u00e4re und die ihm zur Verf\u00fcgung gestellten Informationen \u00fcber die Kunden des Online-Shops zu sch\u00fctzen. Der Verwalter geht bei der Auswahl und Anwendung geeigneter technischer Ma\u00dfnahmen, einschlie\u00dflich solcher programmtechnischer und organisatorischer Art, zum Schutz der verarbeiteten Daten mit der gebotenen Sorgfalt vor und sch\u00fctzt die Daten insbesondere vor unbefugtem Zugriff, Offenlegung, Verlust und Zerst\u00f6rung, unbefugter \u00c4nderung sowie vor deren Verarbeitung unter Verletzung der geltenden gesetzlichen Bestimmungen. <\/li>\n\n\n\n<li>Personenbezogene Daten werden in \u00dcbereinstimmung mit den Grunds\u00e4tzen von Art. 5 GDPR.<\/li>\n<\/ol>\n\n<p>Die pers\u00f6nlichen Daten werden:<\/p>\n\n<ol class=\"wp-block-list\">\n<li>rechtm\u00e4\u00dfig, nach Treu und Glauben und auf transparente Weise gegen\u00fcber der betroffenen Person verarbeitet werden (&#8222;Rechtm\u00e4\u00dfigkeit, Fairness und Transparenz&#8220;);<\/li>\n\n\n\n<li>f\u00fcr festgelegte, eindeutige und rechtm\u00e4\u00dfige Zwecke erhoben und nicht in einer Weise weiterverarbeitet werden, die mit diesen Zwecken unvereinbar ist; die Weiterverarbeitung zu Archivierungszwecken im \u00f6ffentlichen Interesse, zu wissenschaftlichen oder historischen Forschungszwecken oder zu statistischen Zwecken gilt gem\u00e4\u00df Artikel 89 Absatz 1 DSGVO nicht als unvereinbar mit den urspr\u00fcnglichen Zwecken (&#8222;Zweckbindung&#8220;);<\/li>\n\n\n\n<li>angemessen, sachdienlich und auf das im Hinblick auf die Zwecke, f\u00fcr die sie verarbeitet werden, erforderliche Ma\u00df beschr\u00e4nkt sind (&#8222;Datenminimierung&#8220;);<\/li>\n\n\n\n<li>genau und, falls erforderlich, auf dem neuesten Stand (&#8222;Genauigkeit&#8220;);<\/li>\n\n\n\n<li>in einer Form aufbewahrt werden, die die Identifizierung der betroffenen Personen erm\u00f6glicht, und zwar nicht l\u00e4nger, als es f\u00fcr die Zwecke, f\u00fcr die die personenbezogenen Daten verarbeitet werden, erforderlich ist; personenbezogene Daten k\u00f6nnen l\u00e4nger aufbewahrt werden, sofern die personenbezogenen Daten ausschlie\u00dflich f\u00fcr im \u00f6ffentlichen Interesse liegende Archivzwecke, f\u00fcr wissenschaftliche oder historische Forschungszwecke oder f\u00fcr statistische Zwecke gem\u00e4\u00df Artikel 89 Absatz 1 DSGVO verarbeitet werden, vorbehaltlich der Umsetzung geeigneter technischer und organisatorischer Ma\u00dfnahmen, die nach dieser Verordnung erforderlich sind, um die Rechte und Freiheiten der betroffenen Person zu sch\u00fctzen (&#8222;Speicherbegrenzung&#8220;);<\/li>\n\n\n\n<li>in einer Weise verarbeitet werden, die eine angemessene Sicherheit der personenbezogenen Daten gew\u00e4hrleistet, einschlie\u00dflich des Schutzes vor unbefugter oder unrechtm\u00e4\u00dfiger Verarbeitung und vor unbeabsichtigtem Verlust, unbeabsichtigter Zerst\u00f6rung oder unbeabsichtigter Besch\u00e4digung, unter Verwendung geeigneter technischer oder organisatorischer Ma\u00dfnahmen (&#8222;Integrit\u00e4t und Vertraulichkeit&#8220;).<\/li>\n\n\n\n<li>Im Rahmen der Nutzung der Tools, die der Administrator zur Unterst\u00fctzung seiner aktuellen T\u00e4tigkeit einsetzt und die z.B. von Google zur Verf\u00fcgung gestellt werden, k\u00f6nnen die personenbezogenen Daten des Kunden in ein Land au\u00dferhalb des Europ\u00e4ischen Wirtschaftsraums \u00fcbertragen werden, insbesondere in die Vereinigten Staaten von Amerika (USA) oder in ein anderes Land, in dem ein mit ihm kooperierendes Unternehmen Tools zur Verarbeitung personenbezogener Daten in Zusammenarbeit mit dem Administrator unterh\u00e4lt.<\/li>\n<\/ol>\n\n<ol class=\"wp-block-list\" start=\"3\">\n<li><strong>Rechtsgrundlage<\/strong><\/li>\n<\/ol>\n\n<ol class=\"wp-block-list\">\n<li>Die Grundlage f\u00fcr die Verarbeitung der personenbezogenen Daten des Kunden ist in erster Linie die Notwendigkeit, den Vertrag, dessen Vertragspartei er ist, zu erf\u00fcllen, oder die Notwendigkeit, auf sein Ersuchen hin vor dem Vertragsabschluss t\u00e4tig zu werden (Artikel 6 Absatz 1 Buchstabe b der DSGVO).<\/li>\n\n\n\n<li>Nach einer gesonderten Zustimmung, gem\u00e4\u00df Art. 6 Abs. 1 (a) GDPR k\u00f6nnen Daten auch verarbeitet werden, um kommerzielle Informationen auf elektronischem Wege zu versenden oder Telefonanrufe f\u00fcr Direktmarketingzwecke zu t\u00e4tigen &#8211; jeweils in Verbindung mit Art. 10 Abs. 2 des Gesetzes vom 18. Juli 2002 \u00fcber die Erbringung von elektronischen Dienstleistungen oder Art. 172 Abs. 1 des Gesetzes vom 16. Juli 2004 &#8211; Telekommunikationsgesetz.   <\/li>\n\n\n\n<li>Personenbezogene Daten k\u00f6nnen auch auf automatisierte Weise in Form von Profiling verarbeitet werden, sofern der Nutzer dem auf der Grundlage von Art. 6 Par. 1 (a) GDPR. Die Folge des Profilings ist die Zuordnung eines Profils zu einer bestimmten Person, um Entscheidungen \u00fcber sie zu treffen oder ihre Vorlieben, Verhaltensweisen und Einstellungen zu analysieren oder vorherzusagen. <\/li>\n\n\n\n<li>Zu anderen Zwecken k\u00f6nnen die pers\u00f6nlichen Daten des Kunden auf der Grundlage folgender Kriterien verarbeitet werden:<\/li>\n<\/ol>\n\n<ol class=\"wp-block-list\">\n<li>geltendes Recht, wenn die Verarbeitung erforderlich ist, um die rechtlichen Verpflichtungen des Verwalters zu erf\u00fcllen, z.B. wenn der Verwalter aufgrund von Steuervorschriften oder Buchhaltungsvorschriften abgeschlossene Kaufvertr\u00e4ge abwickelt (Artikel 6 (1) (c) der DSGVO);<\/li>\n\n\n\n<li>unerl\u00e4sslich f\u00fcr andere als die oben genannten Zwecke, die sich aus den berechtigten Interessen des Verwalters oder eines Dritten ergeben, insbesondere zur Feststellung, Geltendmachung oder Verteidigung von Anspr\u00fcchen, Markt- und statistischen Analysen (Artikel 6 (1) (f) GDPR).<\/li>\n<\/ol>\n\n<ol class=\"wp-block-list\" start=\"5\">\n<li>Personenbezogene Daten, die f\u00fcr Zwecke im Zusammenhang mit dem Kauf verarbeitet werden, werden f\u00fcr den Zeitraum verarbeitet, der f\u00fcr den Abschluss des Kaufs und der Bestellung erforderlich ist. Danach werden die Daten, die der Archivierung unterliegen, f\u00fcr den Zeitraum gespeichert, der f\u00fcr die Verj\u00e4hrung von Anspr\u00fcchen angemessen ist. Personenbezogene Daten, die f\u00fcr Marketingzwecke verarbeitet werden, die unter die Einwilligungserkl\u00e4rung fallen, werden so lange verarbeitet, bis die Einwilligung widerrufen wird. <\/li>\n<\/ol>\n\n<ol class=\"wp-block-list\" start=\"4\">\n<li><strong>Empf\u00e4nger von pers\u00f6nlichen Daten<\/strong><\/li>\n<\/ol>\n\n<ol class=\"wp-block-list\">\n<li>Empf\u00e4nger der personenbezogenen Daten des K\u00e4ufers k\u00f6nnen Unternehmen sein, die den Auftrag im Auftrag des Verk\u00e4ufers ausf\u00fchren und abwickeln, wie z.B.: Versandunternehmen, Buchhaltungsunternehmen, Warenlieferanten, Montageunternehmen, Anbieter von IT-L\u00f6sungen, Zahlungsabwicklungsunternehmen, Banken, Unternehmen, die Marketingdienstleistungen erbringen, Anbieter von Lagerdienstleistungen, Telekommunikationsanbieter, Anwaltskanzleien, autorisierte staatliche Beh\u00f6rden.<\/li>\n<\/ol>\n\n<ol class=\"wp-block-list\" start=\"5\">\n<li><strong>Ihre Rechte in Bezug auf Sie betreffende pers\u00f6nliche Daten<\/strong><\/li>\n<\/ol>\n\n<ol class=\"wp-block-list\">\n<li>Da die Kunden ihre pers\u00f6nlichen Daten freiwillig zur Verf\u00fcgung stellen, haben sie das Recht auf Zugang zu ihren pers\u00f6nlichen Daten und das Recht auf Berichtigung, L\u00f6schung, Einschr\u00e4nkung der Verarbeitung, das Recht auf Daten\u00fcbertragbarkeit, das Recht auf Widerspruch und das Recht, ihre Zustimmung jederzeit zu widerrufen.<\/li>\n\n\n\n<li>Wenn festgestellt wird, dass die Verarbeitung personenbezogener Daten gegen die Bestimmungen der DSGVO verst\u00f6\u00dft, hat die betroffene Person das Recht, eine Beschwerde beim Pr\u00e4sidenten des Amtes f\u00fcr den Schutz personenbezogener Daten einzureichen.<\/li>\n\n\n\n<li>Die genauen Bedingungen f\u00fcr die oben genannten Rechte sind in Artikel 1522 der DSGVO aufgef\u00fchrt.<\/li>\n<\/ol>\n\n<p><strong>COOKIES<\/strong><\/p>\n\n<ol class=\"wp-block-list\">\n<li>Wir verwenden Cookies auf unserer Website. (Rechtsgrundlage Artikel 6 (1) (f) GDPR). <\/li>\n\n\n\n<li>Beim Betrachten der Websites des Online-Shops werden &#8222;Cookie&#8220;-Dateien verwendet. Dabei handelt es sich um kleine Textdateien, die im Zusammenhang mit der Nutzung des Online-Shops auf dem Zielger\u00e4t des Kunden gespeichert werden. Sie werden verwendet, um die Erfahrung mit den Webseiten des Online-Shops zu verbessern. <\/li>\n\n\n\n<li>Die vom Administrator verwendeten &#8222;Cookie&#8220;-Dateien sind f\u00fcr die Ger\u00e4te des Kunden sicher. Insbesondere ist es nicht m\u00f6glich, dass Viren oder andere unerw\u00fcnschte oder b\u00f6sartige Software auf diese Weise auf die Ger\u00e4te des Kunden gelangen. Diese Dateien erm\u00f6glichen es, die vom Kunden verwendete Software zu identifizieren und den Online-Shop an jeden Kunden individuell anzupassen. &#8222;Cookie&#8220;-Dateien enthalten manchmal Informationen \u00fcber den Dom\u00e4nennamen ihrer Herkunft, wie lange sie auf dem Ger\u00e4t gespeichert bleiben und den ihnen zugeschriebenen Wert.   <\/li>\n\n\n\n<li>Der Administrator verwendet drei Arten von &#8222;Cookie&#8220;-Dateien:<\/li>\n<\/ol>\n\n<ol class=\"wp-block-list\">\n<li>Sitzungs-Cookies: Sie werden auf dem Ger\u00e4t des Online-Shop-Kunden gespeichert und verbleiben dort, bis die jeweilige Browser-Sitzung geschlossen wird. Danach werden die aufgezeichneten Informationen dauerhaft aus dem Speicher des Ger\u00e4ts des Online-Shop-Kunden gel\u00f6scht. Der Mechanismus der Session-Cookies erlaubt es nicht, pers\u00f6nliche oder vertrauliche Informationen vom Ger\u00e4t des Online-Shop-Kunden herunterzuladen.  <\/li>\n\n\n\n<li>Permanente Cookies: Sie werden auf dem Ger\u00e4t des Online-Shop-Kunden gespeichert und bleiben dort, bis sie gel\u00f6scht werden. Sie werden nicht automatisch gel\u00f6scht, wenn die Sitzung des jeweiligen Browsers geschlossen oder das Ger\u00e4t ausgeschaltet wird. Der Mechanismus der permanenten Cookies erlaubt es nicht, pers\u00f6nliche oder vertrauliche Informationen vom Ger\u00e4t des Online-Shop-Kunden herunterzuladen.  <\/li>\n\n\n\n<li>&#8220; Analytische&#8220; Cookies erm\u00f6glichen es, besser zu verstehen, wie der Kunde mit dem Inhalt des Shops interagiert und sein Layout besser zu organisieren. &#8222;Analytische&#8220; &#8220; Cookies &#8220; sammeln Informationen \u00fcber die Art der Nutzung des Shops durch den Kunden, die Art der Website, von der der Empf\u00e4nger weitergeleitet wurde, sowie die Anzahl der Besuche und die Zeit des Besuchs des Kunden im Shop. Diese Informationen speichern keine spezifischen pers\u00f6nlichen Daten des Kunden, sondern dienen dazu, Statistiken \u00fcber die Nutzung des Stores zu erstellen.  <\/li>\n<\/ol>\n\n<ol class=\"wp-block-list\" start=\"5\">\n<li>&#8222;Cookie&#8220;-Dateien k\u00f6nnen von Werbenetzwerken, insbesondere dem Google-Netzwerk, verwendet werden, um Werbung anzuzeigen, die an die Art und Weise angepasst ist, wie der Kunde den Online Shop nutzt. Zu diesem Zweck k\u00f6nnen die Informationen \u00fcber den Navigationspfad des Kunden oder die auf der jeweiligen Website verbrachte Zeit gespeichert werden. <\/li>\n\n\n\n<li>Was die vom Werbenetzwerk Google gesammelten Informationen \u00fcber die Pr\u00e4ferenzen des Kunden betrifft, so kann der Kunde die mit den Cookie-Dateien verbundenen Informationen mit Hilfe des folgenden Tools einsehen und bearbeiten: <a href=\"https:\/\/www.google.com\/ads\/preferences\/\">https:\/\/www.google.com\/ads\/preferences\/.<\/a><\/li>\n\n\n\n<li>Der Kunde kann selbst und jederzeit die Einstellungen der &#8222;Cookie&#8220;-Dateien \u00e4ndern, indem er die Bedingungen f\u00fcr ihre Speicherung und ihren Zugriff auf das Ger\u00e4t des Kunden festlegt. Die im vorstehenden Satz genannten Einstellungen k\u00f6nnen vom Kunden \u00fcber die Einstellungen des Webbrowsers oder \u00fcber die Konfiguration des Dienstes ge\u00e4ndert werden. Diese Einstellungen k\u00f6nnen insbesondere dahingehend ge\u00e4ndert werden, dass die automatische Unterst\u00fctzung von &#8222;Cookie&#8220;-Dateien in den Einstellungen des Webbrowsers blockiert wird oder dass jedes Mal, wenn sie auf das Ger\u00e4t des Kunden gelangen, eine entsprechende Mitteilung erfolgt. Detaillierte Informationen \u00fcber die M\u00f6glichkeiten und Wege der Unterst\u00fctzung von Cookie-Dateien finden Sie in den Einstellungen der Software (Webbrowser).   <\/li>\n\n\n\n<li>Um zu erfahren, wie Sie Cookies verwalten k\u00f6nnen, einschlie\u00dflich der Deaktivierung in Ihrem Browser, k\u00f6nnen Sie den Hilfebereich Ihres Browsers nutzen. Sie k\u00f6nnen mehr dar\u00fcber erfahren, indem Sie in Ihrem Browser die Taste F1 dr\u00fccken. Dar\u00fcber hinaus finden Sie auf den folgenden Seiten je nach verwendetem Browser entsprechende Tipps:  <\/li>\n<\/ol>\n\n<p>Firefox<\/p>\n\n<p>Chrom<\/p>\n\n<p>Safari<\/p>\n\n<p>Internet Explorer \/ Microsoft Edge<\/p>\n\n<ol class=\"wp-block-list\" start=\"9\">\n<li>Der Kunde kann &#8222;Cookie&#8220;-Dateien jederzeit \u00fcber die Funktionen des von ihm verwendeten Webbrowsers entfernen.<\/li>\n\n\n\n<li>Die Einschr\u00e4nkung der Anwendung der &#8222;Cookie&#8220;-Dateien kann einige Funktionen der Website des Online-Shops beeintr\u00e4chtigen.<\/li>\n<\/ol>\n\n<p>23.12.2020<\/p>\n","protected":false},"excerpt":{"rendered":"<p>PRIVACY DATENSCHUTZRICHTLINIE VON DER ONLINE SHOP F\u00dcR IMMER ERINNERN Dieses Dokument legt die Datenschutzgrunds\u00e4tze fest, die f\u00fcr den Online-Shop https:\/\/rememberme-forever.com\/ (im Folgenden &#8222;Online-Shop&#8220; genannt) gelten&#8230;.<\/p>\n","protected":false},"author":1,"featured_media":0,"parent":0,"menu_order":0,"comment_status":"closed","ping_status":"open","template":"","meta":{"_acf_changed":false,"footnotes":""},"class_list":["post-17904","page","type-page","status-publish","hentry"],"yoast_head":"<!-- This site is optimized with the Yoast SEO plugin v27.4 - https:\/\/yoast.com\/product\/yoast-seo-wordpress\/ -->\n<title>Datenschutzbestimmungen - Remember Forever<\/title>\n<meta name=\"robots\" content=\"index, follow, max-snippet:-1, max-image-preview:large, max-video-preview:-1\" \/>\n<link rel=\"canonical\" href=\"https:\/\/www.rememberme-forever.com\/de\/datenschutzbestimmungen\/\" \/>\n<meta property=\"og:locale\" content=\"de_DE\" \/>\n<meta property=\"og:type\" content=\"article\" \/>\n<meta property=\"og:title\" content=\"Datenschutzbestimmungen - Remember Forever\" \/>\n<meta property=\"og:description\" content=\"PRIVACY DATENSCHUTZRICHTLINIE VON DER ONLINE SHOP F\u00dcR IMMER ERINNERN Dieses Dokument legt die Datenschutzgrunds\u00e4tze fest, die f\u00fcr den Online-Shop https:\/\/rememberme-forever.com\/ (im Folgenden &#8222;Online-Shop&#8220; genannt) gelten....\" \/>\n<meta property=\"og:url\" content=\"https:\/\/www.rememberme-forever.com\/de\/datenschutzbestimmungen\/\" \/>\n<meta property=\"og:site_name\" content=\"Remember Forever\" \/>\n<meta property=\"article:modified_time\" content=\"2025-08-07T08:23:29+00:00\" \/>\n<meta name=\"twitter:card\" content=\"summary_large_image\" \/>\n<meta name=\"twitter:label1\" content=\"Gesch\u00e4tzte Lesezeit\" \/>\n\t<meta name=\"twitter:data1\" content=\"9\u00a0Minute\" \/>\n<script type=\"application\/ld+json\" class=\"yoast-schema-graph\">{\"@context\":\"https:\\\/\\\/schema.org\",\"@graph\":[{\"@type\":\"WebPage\",\"@id\":\"https:\\\/\\\/www.rememberme-forever.com\\\/de\\\/datenschutzbestimmungen\\\/\",\"url\":\"https:\\\/\\\/www.rememberme-forever.com\\\/de\\\/datenschutzbestimmungen\\\/\",\"name\":\"Datenschutzbestimmungen - Remember Forever\",\"isPartOf\":{\"@id\":\"https:\\\/\\\/www.rememberme-forever.com\\\/de\\\/#website\"},\"datePublished\":\"2023-02-01T11:21:42+00:00\",\"dateModified\":\"2025-08-07T08:23:29+00:00\",\"breadcrumb\":{\"@id\":\"https:\\\/\\\/www.rememberme-forever.com\\\/de\\\/datenschutzbestimmungen\\\/#breadcrumb\"},\"inLanguage\":\"de\",\"potentialAction\":[{\"@type\":\"ReadAction\",\"target\":[\"https:\\\/\\\/www.rememberme-forever.com\\\/de\\\/datenschutzbestimmungen\\\/\"]}]},{\"@type\":\"BreadcrumbList\",\"@id\":\"https:\\\/\\\/www.rememberme-forever.com\\\/de\\\/datenschutzbestimmungen\\\/#breadcrumb\",\"itemListElement\":[{\"@type\":\"ListItem\",\"position\":1,\"name\":\"Home\",\"item\":\"https:\\\/\\\/www.rememberme-forever.com\\\/de\\\/startseite\\\/\"},{\"@type\":\"ListItem\",\"position\":2,\"name\":\"Datenschutzbestimmungen\"}]},{\"@type\":\"WebSite\",\"@id\":\"https:\\\/\\\/www.rememberme-forever.com\\\/de\\\/#website\",\"url\":\"https:\\\/\\\/www.rememberme-forever.com\\\/de\\\/\",\"name\":\"Remember Forever\",\"description\":\"Cremation urns, funeral urns, urns for ashes\",\"publisher\":{\"@id\":\"https:\\\/\\\/www.rememberme-forever.com\\\/de\\\/#organization\"},\"potentialAction\":[{\"@type\":\"SearchAction\",\"target\":{\"@type\":\"EntryPoint\",\"urlTemplate\":\"https:\\\/\\\/www.rememberme-forever.com\\\/de\\\/?s={search_term_string}\"},\"query-input\":{\"@type\":\"PropertyValueSpecification\",\"valueRequired\":true,\"valueName\":\"search_term_string\"}}],\"inLanguage\":\"de\"},{\"@type\":\"Organization\",\"@id\":\"https:\\\/\\\/www.rememberme-forever.com\\\/de\\\/#organization\",\"name\":\"Remember Forever\",\"url\":\"https:\\\/\\\/www.rememberme-forever.com\\\/de\\\/\",\"logo\":{\"@type\":\"ImageObject\",\"inLanguage\":\"de\",\"@id\":\"https:\\\/\\\/www.rememberme-forever.com\\\/de\\\/#\\\/schema\\\/logo\\\/image\\\/\",\"url\":\"https:\\\/\\\/www.rememberme-forever.com\\\/wp-content\\\/uploads\\\/2023\\\/02\\\/logo.png\",\"contentUrl\":\"https:\\\/\\\/www.rememberme-forever.com\\\/wp-content\\\/uploads\\\/2023\\\/02\\\/logo.png\",\"width\":300,\"height\":56,\"caption\":\"Remember Forever\"},\"image\":{\"@id\":\"https:\\\/\\\/www.rememberme-forever.com\\\/de\\\/#\\\/schema\\\/logo\\\/image\\\/\"}}]}<\/script>\n<!-- \/ Yoast SEO plugin. -->","yoast_head_json":{"title":"Datenschutzbestimmungen - Remember Forever","robots":{"index":"index","follow":"follow","max-snippet":"max-snippet:-1","max-image-preview":"max-image-preview:large","max-video-preview":"max-video-preview:-1"},"canonical":"https:\/\/www.rememberme-forever.com\/de\/datenschutzbestimmungen\/","og_locale":"de_DE","og_type":"article","og_title":"Datenschutzbestimmungen - Remember Forever","og_description":"PRIVACY DATENSCHUTZRICHTLINIE VON DER ONLINE SHOP F\u00dcR IMMER ERINNERN Dieses Dokument legt die Datenschutzgrunds\u00e4tze fest, die f\u00fcr den Online-Shop https:\/\/rememberme-forever.com\/ (im Folgenden &#8222;Online-Shop&#8220; genannt) gelten....","og_url":"https:\/\/www.rememberme-forever.com\/de\/datenschutzbestimmungen\/","og_site_name":"Remember Forever","article_modified_time":"2025-08-07T08:23:29+00:00","twitter_card":"summary_large_image","twitter_misc":{"Gesch\u00e4tzte Lesezeit":"9\u00a0Minute"},"schema":{"@context":"https:\/\/schema.org","@graph":[{"@type":"WebPage","@id":"https:\/\/www.rememberme-forever.com\/de\/datenschutzbestimmungen\/","url":"https:\/\/www.rememberme-forever.com\/de\/datenschutzbestimmungen\/","name":"Datenschutzbestimmungen - Remember Forever","isPartOf":{"@id":"https:\/\/www.rememberme-forever.com\/de\/#website"},"datePublished":"2023-02-01T11:21:42+00:00","dateModified":"2025-08-07T08:23:29+00:00","breadcrumb":{"@id":"https:\/\/www.rememberme-forever.com\/de\/datenschutzbestimmungen\/#breadcrumb"},"inLanguage":"de","potentialAction":[{"@type":"ReadAction","target":["https:\/\/www.rememberme-forever.com\/de\/datenschutzbestimmungen\/"]}]},{"@type":"BreadcrumbList","@id":"https:\/\/www.rememberme-forever.com\/de\/datenschutzbestimmungen\/#breadcrumb","itemListElement":[{"@type":"ListItem","position":1,"name":"Home","item":"https:\/\/www.rememberme-forever.com\/de\/startseite\/"},{"@type":"ListItem","position":2,"name":"Datenschutzbestimmungen"}]},{"@type":"WebSite","@id":"https:\/\/www.rememberme-forever.com\/de\/#website","url":"https:\/\/www.rememberme-forever.com\/de\/","name":"Remember Forever","description":"Cremation urns, funeral urns, urns for ashes","publisher":{"@id":"https:\/\/www.rememberme-forever.com\/de\/#organization"},"potentialAction":[{"@type":"SearchAction","target":{"@type":"EntryPoint","urlTemplate":"https:\/\/www.rememberme-forever.com\/de\/?s={search_term_string}"},"query-input":{"@type":"PropertyValueSpecification","valueRequired":true,"valueName":"search_term_string"}}],"inLanguage":"de"},{"@type":"Organization","@id":"https:\/\/www.rememberme-forever.com\/de\/#organization","name":"Remember Forever","url":"https:\/\/www.rememberme-forever.com\/de\/","logo":{"@type":"ImageObject","inLanguage":"de","@id":"https:\/\/www.rememberme-forever.com\/de\/#\/schema\/logo\/image\/","url":"https:\/\/www.rememberme-forever.com\/wp-content\/uploads\/2023\/02\/logo.png","contentUrl":"https:\/\/www.rememberme-forever.com\/wp-content\/uploads\/2023\/02\/logo.png","width":300,"height":56,"caption":"Remember Forever"},"image":{"@id":"https:\/\/www.rememberme-forever.com\/de\/#\/schema\/logo\/image\/"}}]}},"acf":[],"_links":{"self":[{"href":"https:\/\/www.rememberme-forever.com\/de\/wp-json\/wp\/v2\/pages\/17904","targetHints":{"allow":["GET"]}}],"collection":[{"href":"https:\/\/www.rememberme-forever.com\/de\/wp-json\/wp\/v2\/pages"}],"about":[{"href":"https:\/\/www.rememberme-forever.com\/de\/wp-json\/wp\/v2\/types\/page"}],"author":[{"embeddable":true,"href":"https:\/\/www.rememberme-forever.com\/de\/wp-json\/wp\/v2\/users\/1"}],"replies":[{"embeddable":true,"href":"https:\/\/www.rememberme-forever.com\/de\/wp-json\/wp\/v2\/comments?post=17904"}],"version-history":[{"count":1,"href":"https:\/\/www.rememberme-forever.com\/de\/wp-json\/wp\/v2\/pages\/17904\/revisions"}],"predecessor-version":[{"id":17905,"href":"https:\/\/www.rememberme-forever.com\/de\/wp-json\/wp\/v2\/pages\/17904\/revisions\/17905"}],"wp:attachment":[{"href":"https:\/\/www.rememberme-forever.com\/de\/wp-json\/wp\/v2\/media?parent=17904"}],"curies":[{"name":"wp","href":"https:\/\/api.w.org\/{rel}","templated":true}]}}