{"id":17907,"date":"2023-06-13T14:27:56","date_gmt":"2023-06-13T12:27:56","guid":{"rendered":"https:\/\/www.rememberme-forever.com\/empfehlungen\/"},"modified":"2025-08-07T10:24:03","modified_gmt":"2025-08-07T08:24:03","slug":"empfehlungen","status":"publish","type":"page","link":"https:\/\/www.rememberme-forever.com\/de\/empfehlungen\/","title":{"rendered":"Empfehlungen"},"content":{"rendered":"\n<p>Wenn Sie mit Ihrem Kauf zufrieden sind, hinterlassen Sie bitte eine Bewertung. Das macht es nachfolgenden K\u00e4ufern leichter, die richtige Entscheidung zu treffen. Eine Feuerbestattungsurne ist kein h\u00e4ufig gekauftes Produkt, daher werden sich viele Menschen auf Ihre Meinung verlassen.  <\/p>\n\n<div style=\"height:17px\" aria-hidden=\"true\" class=\"wp-block-spacer\"><\/div>\n\n<div class=\"wp-block-contact-form-7-contact-form-selector\">\n<div class=\"wpcf7 no-js\" id=\"wpcf7-f7269-o1\" lang=\"en-US\" dir=\"ltr\" data-wpcf7-id=\"7269\">\n<div class=\"screen-reader-response\"><p role=\"status\" aria-live=\"polite\" aria-atomic=\"true\"><\/p> <ul><\/ul><\/div>\n<form action=\"\/de\/wp-json\/wp\/v2\/pages\/17907#wpcf7-f7269-o1\" method=\"post\" class=\"wpcf7-form init\" aria-label=\"Contact form\" enctype=\"multipart\/form-data\" novalidate=\"novalidate\" data-status=\"init\">\n<fieldset class=\"hidden-fields-container\"><input type=\"hidden\" name=\"_wpcf7\" value=\"7269\" \/><input type=\"hidden\" name=\"_wpcf7_version\" value=\"6.1.5\" \/><input type=\"hidden\" name=\"_wpcf7_locale\" value=\"en_US\" \/><input type=\"hidden\" name=\"_wpcf7_unit_tag\" value=\"wpcf7-f7269-o1\" \/><input type=\"hidden\" name=\"_wpcf7_container_post\" value=\"0\" \/><input type=\"hidden\" name=\"_wpcf7_posted_data_hash\" value=\"\" \/><input type=\"hidden\" name=\"_wpcf7dtx_version\" value=\"5.0.5\" \/>\n<\/fieldset>\n<div class=\"form-item\">\n\t<p><label> Your Name<br \/>\n<span class=\"wpcf7-form-control-wrap\" data-name=\"your-name\"><input size=\"40\" maxlength=\"400\" class=\"wpcf7-form-control wpcf7-text wpcf7-validates-as-required\" aria-required=\"true\" aria-invalid=\"false\" value=\"\" type=\"text\" name=\"your-name\" \/><\/span> <\/label>\n\t<\/p>\n<\/div>\n<p><label>Upload image <\/label><br \/>\n<span class=\"wpcf7-form-control-wrap\" data-name=\"file-779\"><input size=\"40\" class=\"wpcf7-form-control wpcf7-file\" accept=\".jpg,.png\" aria-invalid=\"false\" type=\"file\" name=\"file-779\" \/><\/span>\n<\/p>\n<div class=\"form-item\">\n\t<p><label> Recomendation<br \/>\n<span class=\"wpcf7-form-control-wrap\" data-name=\"your-message\"><textarea cols=\"40\" rows=\"10\" maxlength=\"2000\" class=\"wpcf7-form-control wpcf7-textarea\" aria-invalid=\"false\" name=\"your-message\"><\/textarea><\/span> <\/label>\n\t<\/p>\n<\/div>\n<div class=\"form-item\">\n\t<p><input class=\"wpcf7-form-control wpcf7-submit has-spinner\" type=\"submit\" value=\"Send\" \/>\n\t<\/p>\n<\/div>\n<p><div class=\"cf7-cf-turnstile\" style=\"margin-top: 0px; margin-bottom: -15px;\"> <div id=\"cf-turnstile-cf7-788829104\" class=\"cf-turnstile\" data-sitekey=\"0x4AAAAAAAMltMUoyQdUoVa3\" data-theme=\"dark\" data-language=\"auto\" data-size=\"\" data-retry=\"auto\" data-retry-interval=\"1000\" data-refresh-expired=\"auto\" data-refresh-timeout=\"auto\" data-action=\"contact-form-7\" data-callback=\"turnstileCF7Callback\" data-appearance=\"always\"><\/div> <script>document.addEventListener(\"DOMContentLoaded\", function() { setTimeout(function(){ var e=document.getElementById(\"cf-turnstile-cf7-788829104\"); if(e&&!e.innerHTML.trim()){turnstile.render(e, {sitekey:\"0x4AAAAAAAMltMUoyQdUoVa3\"});} }, 200); });<\/script> <br class=\"cf-turnstile-br cf-turnstile-br-cf7-788829104\"> <style>#cf-turnstile-cf7-788829104 { margin-left: -15px; }<\/style> <script>document.addEventListener(\"DOMContentLoaded\",function(){document.querySelectorAll('.wpcf7-form').forEach(function(e){e.addEventListener('submit',function(){if(document.getElementById('cf-turnstile-cf7-788829104')){setTimeout(function(){turnstile.reset('#cf-turnstile-cf7-788829104');},1000)}})})});<\/script> <\/div>\n<\/p><div class=\"wpcf7-response-output\" aria-hidden=\"true\"><\/div>\n<\/form>\n<\/div>\n<\/div>\n\n<div style=\"height:17px\" aria-hidden=\"true\" class=\"wp-block-spacer\"><\/div>\n\n<div class=\"wp-block-media-text has-media-on-the-right is-stacked-on-mobile\" style=\"grid-template-columns:auto 35%\"><div class=\"wp-block-media-text__content\">\n<p><em>M\u00e4rz 25, 2024<\/em><\/p>\n\n\n\n<p>Absolut sch\u00f6n und so passend f\u00fcr meinen Vater. Vielen Dank f\u00fcr den schnellen Service und die Qualit\u00e4t <\/p>\n<\/div><figure class=\"wp-block-media-text__media\"><img loading=\"lazy\" decoding=\"async\" width=\"703\" height=\"702\" src=\"https:\/\/www.rememberme-forever.com\/wp-content\/uploads\/2024\/03\/IMG_12.jpg\" alt=\"\" class=\"wp-image-12146 size-full\" srcset=\"https:\/\/www.rememberme-forever.com\/wp-content\/uploads\/2024\/03\/IMG_12.jpg 703w, https:\/\/www.rememberme-forever.com\/wp-content\/uploads\/2024\/03\/IMG_12-300x300.jpg 300w, https:\/\/www.rememberme-forever.com\/wp-content\/uploads\/2024\/03\/IMG_12-150x150.jpg 150w, https:\/\/www.rememberme-forever.com\/wp-content\/uploads\/2024\/03\/IMG_12-600x599.jpg 600w, https:\/\/www.rememberme-forever.com\/wp-content\/uploads\/2024\/03\/IMG_12-100x100.jpg 100w, https:\/\/www.rememberme-forever.com\/wp-content\/uploads\/2024\/03\/IMG_12-64x64.jpg 64w\" sizes=\"auto, (max-width: 703px) 100vw, 703px\" \/><\/figure><\/div>\n\n<div class=\"wp-block-media-text alignwide is-stacked-on-mobile\" style=\"grid-template-columns:32% auto\"><figure class=\"wp-block-media-text__media\"><img loading=\"lazy\" decoding=\"async\" width=\"640\" height=\"640\" src=\"https:\/\/www.rememberme-forever.com\/wp-content\/uploads\/2023\/07\/iap_640x640.5135070747_dyc1m9py.jpg\" alt=\"\" class=\"wp-image-7977 size-full\" srcset=\"https:\/\/www.rememberme-forever.com\/wp-content\/uploads\/2023\/07\/iap_640x640.5135070747_dyc1m9py.jpg 640w, https:\/\/www.rememberme-forever.com\/wp-content\/uploads\/2023\/07\/iap_640x640.5135070747_dyc1m9py-300x300.jpg 300w, https:\/\/www.rememberme-forever.com\/wp-content\/uploads\/2023\/07\/iap_640x640.5135070747_dyc1m9py-150x150.jpg 150w, https:\/\/www.rememberme-forever.com\/wp-content\/uploads\/2023\/07\/iap_640x640.5135070747_dyc1m9py-600x600.jpg 600w, https:\/\/www.rememberme-forever.com\/wp-content\/uploads\/2023\/07\/iap_640x640.5135070747_dyc1m9py-100x100.jpg 100w, https:\/\/www.rememberme-forever.com\/wp-content\/uploads\/2023\/07\/iap_640x640.5135070747_dyc1m9py-64x64.jpg 64w\" sizes=\"auto, (max-width: 640px) 100vw, 640px\" \/><\/figure><div class=\"wp-block-media-text__content\">\n<p><em>Juni 19, 2023<\/em><\/p>\n\n\n\n<p><strong>lcoughlin1104<\/strong><\/p>\n\n\n\n<p>Es war mehr, als ich erwartet hatte. Absolut sch\u00f6n und die Qualit\u00e4t ist wirklich erstaunlich. Ich danke Ihnen vielmals.  <\/p>\n<\/div><\/div>\n\n<div style=\"height:100px\" aria-hidden=\"true\" class=\"wp-block-spacer\"><\/div>\n\n<div class=\"wp-block-media-text alignwide has-media-on-the-right is-stacked-on-mobile\" style=\"grid-template-columns:auto 32%\"><div class=\"wp-block-media-text__content\">\n<p><em>Mai 11, 2023<\/em><\/p>\n\n\n\n<p><strong>Elaine<\/strong><\/p>\n\n\n\n<p>Wundersch\u00f6n. Ich war auf der Suche nach etwas Besonderem, da mein geliebter Ehemann im September verstorben ist. Als ich das hier sah, wusste ich sofort, dass ich es haben wollte. So gut gemacht. Ich habe es am Donnerstag bestellt und es kam am Montag aus Polen an, fr\u00fcher als der erwartete Liefertermin am Mittwoch. Die Lieferung war leicht zu verfolgen, ich wurde immer auf dem Laufenden gehalten. Sehr gut verpackt. Das Auspacken hat etwa 20 Minuten gedauert, da es so sicher verpackt war. Ich bin sehr zufrieden mit meinem Kauf. Ich hatte ein paar Fragen und Jolanta war sehr hilfsbereit und hat prompt geantwortet. Lassen Sie sich nicht von den Portokosten abschrecken, der Artikel ist sehr schwer, ca. 4 kg, der Sockel ist aus reinem Marmor. W\u00fcrde den Verk\u00e4ufer sehr empfehlen.           <\/p>\n<\/div><figure class=\"wp-block-media-text__media\"><img loading=\"lazy\" decoding=\"async\" width=\"640\" height=\"640\" src=\"https:\/\/www.rememberme-forever.com\/wp-content\/uploads\/2023\/07\/iap_640x640.4750352836_jjhh35tc.jpg\" alt=\"\" class=\"wp-image-7973 size-full\" srcset=\"https:\/\/www.rememberme-forever.com\/wp-content\/uploads\/2023\/07\/iap_640x640.4750352836_jjhh35tc.jpg 640w, https:\/\/www.rememberme-forever.com\/wp-content\/uploads\/2023\/07\/iap_640x640.4750352836_jjhh35tc-300x300.jpg 300w, https:\/\/www.rememberme-forever.com\/wp-content\/uploads\/2023\/07\/iap_640x640.4750352836_jjhh35tc-150x150.jpg 150w, https:\/\/www.rememberme-forever.com\/wp-content\/uploads\/2023\/07\/iap_640x640.4750352836_jjhh35tc-600x600.jpg 600w, https:\/\/www.rememberme-forever.com\/wp-content\/uploads\/2023\/07\/iap_640x640.4750352836_jjhh35tc-100x100.jpg 100w, https:\/\/www.rememberme-forever.com\/wp-content\/uploads\/2023\/07\/iap_640x640.4750352836_jjhh35tc-64x64.jpg 64w\" sizes=\"auto, (max-width: 640px) 100vw, 640px\" \/><\/figure><\/div>\n\n<div style=\"height:100px\" aria-hidden=\"true\" class=\"wp-block-spacer\"><\/div>\n\n<div class=\"wp-block-media-text alignwide is-stacked-on-mobile\" style=\"grid-template-columns:32% auto\"><figure class=\"wp-block-media-text__media\"><img loading=\"lazy\" decoding=\"async\" width=\"721\" height=\"722\" src=\"https:\/\/www.rememberme-forever.com\/wp-content\/uploads\/2023\/06\/sleep-baby.png\" alt=\"\" class=\"wp-image-7706 size-full\" srcset=\"https:\/\/www.rememberme-forever.com\/wp-content\/uploads\/2023\/06\/sleep-baby.png 721w, https:\/\/www.rememberme-forever.com\/wp-content\/uploads\/2023\/06\/sleep-baby-300x300.png 300w, https:\/\/www.rememberme-forever.com\/wp-content\/uploads\/2023\/06\/sleep-baby-150x150.png 150w, https:\/\/www.rememberme-forever.com\/wp-content\/uploads\/2023\/06\/sleep-baby-600x601.png 600w, https:\/\/www.rememberme-forever.com\/wp-content\/uploads\/2023\/06\/sleep-baby-100x100.png 100w, https:\/\/www.rememberme-forever.com\/wp-content\/uploads\/2023\/06\/sleep-baby-64x64.png 64w\" sizes=\"auto, (max-width: 721px) 100vw, 721px\" \/><\/figure><div class=\"wp-block-media-text__content\">\n<p><em>April 25, 2023<\/em><\/p>\n\n\n\n<p><strong>Bec<\/strong><\/p>\n\n\n\n<p>Ich hatte M\u00fche, eine Urne f\u00fcr mein kostbares Baby zu finden, die mir gefiel. Ich habe diese Urne einige Zeit lang be\u00e4ugt, schlie\u00dflich habe ich sie bestellt und bin so froh, dass ich es getan habe. Sie ist wirklich wundersch\u00f6n und von hoher Qualit\u00e4t. Ich komme aus Australien und habe den Artikel innerhalb von 6 Werktagen erhalten. Sehr zu empfehlen, absolut atemberaubende Urne   <\/p>\n<\/div><\/div>\n\n<div style=\"height:100px\" aria-hidden=\"true\" class=\"wp-block-spacer\"><\/div>\n\n<div class=\"wp-block-media-text alignwide has-media-on-the-right is-stacked-on-mobile\" style=\"grid-template-columns:auto 33%\"><div class=\"wp-block-media-text__content\">\n<p><em>Feb 20, 2023<\/em><\/p>\n\n\n\n<p><strong>Peterr<\/strong><\/p>\n\n\n\n<p>Jetzt wird die Macht mit mir sein. Ein absolut fantastisches Andenken, das ich \u00fcberallhin mitnehmen kann, ohne dass jemand vermutet, dass die Asche meines Vaters darin ist. Vielen Dank f\u00fcr dieses wunderbare St\u00fcck. Dank ihm werde ich ein St\u00fcck meines Vaters \u00fcberallhin mitnehmen k\u00f6nnen.   <\/p>\n<\/div><figure class=\"wp-block-media-text__media\"><img loading=\"lazy\" decoding=\"async\" width=\"875\" height=\"768\" src=\"https:\/\/www.rememberme-forever.com\/wp-content\/uploads\/2023\/06\/IMG_20230613_122915.jpg\" alt=\"\" class=\"wp-image-7281 size-full\" srcset=\"https:\/\/www.rememberme-forever.com\/wp-content\/uploads\/2023\/06\/IMG_20230613_122915.jpg 875w, https:\/\/www.rememberme-forever.com\/wp-content\/uploads\/2023\/06\/IMG_20230613_122915-300x263.jpg 300w, https:\/\/www.rememberme-forever.com\/wp-content\/uploads\/2023\/06\/IMG_20230613_122915-768x674.jpg 768w, https:\/\/www.rememberme-forever.com\/wp-content\/uploads\/2023\/06\/IMG_20230613_122915-600x527.jpg 600w, https:\/\/www.rememberme-forever.com\/wp-content\/uploads\/2023\/06\/IMG_20230613_122915-64x56.jpg 64w\" sizes=\"auto, (max-width: 875px) 100vw, 875px\" \/><\/figure><\/div>\n\n<div style=\"height:100px\" aria-hidden=\"true\" class=\"wp-block-spacer\"><\/div>\n\n<div class=\"wp-block-media-text alignwide is-stacked-on-mobile\" style=\"grid-template-columns:33% auto\"><figure class=\"wp-block-media-text__media\"><img loading=\"lazy\" decoding=\"async\" width=\"640\" height=\"640\" src=\"https:\/\/www.rememberme-forever.com\/wp-content\/uploads\/2023\/06\/iap_640x640.4894601969_q80refyb.webp\" alt=\"\" class=\"wp-image-7276 size-full\" srcset=\"https:\/\/www.rememberme-forever.com\/wp-content\/uploads\/2023\/06\/iap_640x640.4894601969_q80refyb.webp 640w, https:\/\/www.rememberme-forever.com\/wp-content\/uploads\/2023\/06\/iap_640x640.4894601969_q80refyb-300x300.webp 300w, https:\/\/www.rememberme-forever.com\/wp-content\/uploads\/2023\/06\/iap_640x640.4894601969_q80refyb-150x150.webp 150w, https:\/\/www.rememberme-forever.com\/wp-content\/uploads\/2023\/06\/iap_640x640.4894601969_q80refyb-600x600.webp 600w, https:\/\/www.rememberme-forever.com\/wp-content\/uploads\/2023\/06\/iap_640x640.4894601969_q80refyb-100x100.webp 100w, https:\/\/www.rememberme-forever.com\/wp-content\/uploads\/2023\/06\/iap_640x640.4894601969_q80refyb-64x64.webp 64w\" sizes=\"auto, (max-width: 640px) 100vw, 640px\" \/><\/figure><div class=\"wp-block-media-text__content\">\n<p><em>Jan 29, 2023<\/em><\/p>\n\n\n\n<p><strong>Betty<\/strong><\/p>\n\n\n\n<p>Wundersch\u00f6n!!! Ich wusste sofort, dass dies das Richtige ist! Die perfekte Ruhest\u00e4tte f\u00fcr meinen Mann. Ich werde es immer in Ehren halten! Die Gravur wurde genau so ausgef\u00fchrt, wie ich es geschrieben hatte, sogar die Abst\u00e4nde! Ich k\u00f6nnte nicht zufriedener sein!     <\/p>\n<\/div><\/div>\n\n<div style=\"height:100px\" aria-hidden=\"true\" class=\"wp-block-spacer\"><\/div>\n\n<div class=\"wp-block-media-text alignwide has-media-on-the-right is-stacked-on-mobile\" style=\"grid-template-columns:auto 33%\"><div class=\"wp-block-media-text__content\">\n<p><em>Jan 4, 2023<\/em><\/p>\n\n\n\n<p><strong>Cassandra<\/strong><\/p>\n\n\n\n<p>Mein Herz ist jetzt in Frieden. Ich habe endlich die perfekte letzte Ruhest\u00e4tte f\u00fcr meinen Sohn gefunden. Vielen Dank f\u00fcr diesen sch\u00f6nen, nachdenklichen Artikel.  <\/p>\n<\/div><figure class=\"wp-block-media-text__media\"><img loading=\"lazy\" decoding=\"async\" width=\"640\" height=\"640\" src=\"https:\/\/www.rememberme-forever.com\/wp-content\/uploads\/2023\/06\/iap_640x640.5000829521_dhdasttt.jpg\" alt=\"\" class=\"wp-image-7279 size-full\" srcset=\"https:\/\/www.rememberme-forever.com\/wp-content\/uploads\/2023\/06\/iap_640x640.5000829521_dhdasttt.jpg 640w, https:\/\/www.rememberme-forever.com\/wp-content\/uploads\/2023\/06\/iap_640x640.5000829521_dhdasttt-300x300.jpg 300w, https:\/\/www.rememberme-forever.com\/wp-content\/uploads\/2023\/06\/iap_640x640.5000829521_dhdasttt-150x150.jpg 150w, https:\/\/www.rememberme-forever.com\/wp-content\/uploads\/2023\/06\/iap_640x640.5000829521_dhdasttt-600x600.jpg 600w, https:\/\/www.rememberme-forever.com\/wp-content\/uploads\/2023\/06\/iap_640x640.5000829521_dhdasttt-100x100.jpg 100w, https:\/\/www.rememberme-forever.com\/wp-content\/uploads\/2023\/06\/iap_640x640.5000829521_dhdasttt-64x64.jpg 64w\" sizes=\"auto, (max-width: 640px) 100vw, 640px\" \/><\/figure><\/div>\n","protected":false},"excerpt":{"rendered":"<p>Wenn Sie mit Ihrem Kauf zufrieden sind, hinterlassen Sie bitte eine Bewertung. Das macht es nachfolgenden K\u00e4ufern leichter, die richtige Entscheidung zu treffen. Eine Feuerbestattungsurne&#8230;<\/p>\n","protected":false},"author":3,"featured_media":0,"parent":0,"menu_order":0,"comment_status":"closed","ping_status":"closed","template":"","meta":{"_acf_changed":false,"footnotes":""},"class_list":["post-17907","page","type-page","status-publish","hentry"],"yoast_head":"<!-- This site is optimized with the Yoast SEO plugin v27.4 - https:\/\/yoast.com\/product\/yoast-seo-wordpress\/ -->\n<title>Empfehlungen - Remember Forever<\/title>\n<meta name=\"robots\" content=\"index, follow, max-snippet:-1, max-image-preview:large, max-video-preview:-1\" \/>\n<link rel=\"canonical\" href=\"https:\/\/www.rememberme-forever.com\/de\/empfehlungen\/\" \/>\n<meta property=\"og:locale\" content=\"de_DE\" \/>\n<meta property=\"og:type\" content=\"article\" \/>\n<meta property=\"og:title\" content=\"Empfehlungen - Remember Forever\" \/>\n<meta property=\"og:description\" content=\"Wenn Sie mit Ihrem Kauf zufrieden sind, hinterlassen Sie bitte eine Bewertung. Das macht es nachfolgenden K\u00e4ufern leichter, die richtige Entscheidung zu treffen. Eine Feuerbestattungsurne...\" \/>\n<meta property=\"og:url\" content=\"https:\/\/www.rememberme-forever.com\/de\/empfehlungen\/\" \/>\n<meta property=\"og:site_name\" content=\"Remember Forever\" \/>\n<meta property=\"article:modified_time\" content=\"2025-08-07T08:24:03+00:00\" \/>\n<meta property=\"og:image\" content=\"https:\/\/www.rememberme-forever.com\/wp-content\/uploads\/2024\/03\/IMG_12.jpg\" \/>\n\t<meta property=\"og:image:width\" content=\"703\" \/>\n\t<meta property=\"og:image:height\" content=\"702\" \/>\n\t<meta property=\"og:image:type\" content=\"image\/jpeg\" \/>\n<meta name=\"twitter:card\" content=\"summary_large_image\" \/>\n<meta name=\"twitter:label1\" content=\"Gesch\u00e4tzte Lesezeit\" \/>\n\t<meta name=\"twitter:data1\" content=\"2\u00a0Minute\" \/>\n<script type=\"application\/ld+json\" class=\"yoast-schema-graph\">{\"@context\":\"https:\\\/\\\/schema.org\",\"@graph\":[{\"@type\":\"WebPage\",\"@id\":\"https:\\\/\\\/www.rememberme-forever.com\\\/de\\\/empfehlungen\\\/\",\"url\":\"https:\\\/\\\/www.rememberme-forever.com\\\/de\\\/empfehlungen\\\/\",\"name\":\"Empfehlungen - Remember Forever\",\"isPartOf\":{\"@id\":\"https:\\\/\\\/www.rememberme-forever.com\\\/de\\\/#website\"},\"primaryImageOfPage\":{\"@id\":\"https:\\\/\\\/www.rememberme-forever.com\\\/de\\\/empfehlungen\\\/#primaryimage\"},\"image\":{\"@id\":\"https:\\\/\\\/www.rememberme-forever.com\\\/de\\\/empfehlungen\\\/#primaryimage\"},\"thumbnailUrl\":\"https:\\\/\\\/www.rememberme-forever.com\\\/wp-content\\\/uploads\\\/2024\\\/03\\\/IMG_12.jpg\",\"datePublished\":\"2023-06-13T12:27:56+00:00\",\"dateModified\":\"2025-08-07T08:24:03+00:00\",\"breadcrumb\":{\"@id\":\"https:\\\/\\\/www.rememberme-forever.com\\\/de\\\/empfehlungen\\\/#breadcrumb\"},\"inLanguage\":\"de\",\"potentialAction\":[{\"@type\":\"ReadAction\",\"target\":[\"https:\\\/\\\/www.rememberme-forever.com\\\/de\\\/empfehlungen\\\/\"]}]},{\"@type\":\"ImageObject\",\"inLanguage\":\"de\",\"@id\":\"https:\\\/\\\/www.rememberme-forever.com\\\/de\\\/empfehlungen\\\/#primaryimage\",\"url\":\"https:\\\/\\\/www.rememberme-forever.com\\\/wp-content\\\/uploads\\\/2024\\\/03\\\/IMG_12.jpg\",\"contentUrl\":\"https:\\\/\\\/www.rememberme-forever.com\\\/wp-content\\\/uploads\\\/2024\\\/03\\\/IMG_12.jpg\"},{\"@type\":\"BreadcrumbList\",\"@id\":\"https:\\\/\\\/www.rememberme-forever.com\\\/de\\\/empfehlungen\\\/#breadcrumb\",\"itemListElement\":[{\"@type\":\"ListItem\",\"position\":1,\"name\":\"Home\",\"item\":\"https:\\\/\\\/www.rememberme-forever.com\\\/de\\\/startseite\\\/\"},{\"@type\":\"ListItem\",\"position\":2,\"name\":\"Empfehlungen\"}]},{\"@type\":\"WebSite\",\"@id\":\"https:\\\/\\\/www.rememberme-forever.com\\\/de\\\/#website\",\"url\":\"https:\\\/\\\/www.rememberme-forever.com\\\/de\\\/\",\"name\":\"Remember Forever\",\"description\":\"Cremation urns, funeral urns, urns for ashes\",\"publisher\":{\"@id\":\"https:\\\/\\\/www.rememberme-forever.com\\\/de\\\/#organization\"},\"potentialAction\":[{\"@type\":\"SearchAction\",\"target\":{\"@type\":\"EntryPoint\",\"urlTemplate\":\"https:\\\/\\\/www.rememberme-forever.com\\\/de\\\/?s={search_term_string}\"},\"query-input\":{\"@type\":\"PropertyValueSpecification\",\"valueRequired\":true,\"valueName\":\"search_term_string\"}}],\"inLanguage\":\"de\"},{\"@type\":\"Organization\",\"@id\":\"https:\\\/\\\/www.rememberme-forever.com\\\/de\\\/#organization\",\"name\":\"Remember Forever\",\"url\":\"https:\\\/\\\/www.rememberme-forever.com\\\/de\\\/\",\"logo\":{\"@type\":\"ImageObject\",\"inLanguage\":\"de\",\"@id\":\"https:\\\/\\\/www.rememberme-forever.com\\\/de\\\/#\\\/schema\\\/logo\\\/image\\\/\",\"url\":\"https:\\\/\\\/www.rememberme-forever.com\\\/wp-content\\\/uploads\\\/2023\\\/02\\\/logo.png\",\"contentUrl\":\"https:\\\/\\\/www.rememberme-forever.com\\\/wp-content\\\/uploads\\\/2023\\\/02\\\/logo.png\",\"width\":300,\"height\":56,\"caption\":\"Remember Forever\"},\"image\":{\"@id\":\"https:\\\/\\\/www.rememberme-forever.com\\\/de\\\/#\\\/schema\\\/logo\\\/image\\\/\"}}]}<\/script>\n<!-- \/ Yoast SEO plugin. -->","yoast_head_json":{"title":"Empfehlungen - Remember Forever","robots":{"index":"index","follow":"follow","max-snippet":"max-snippet:-1","max-image-preview":"max-image-preview:large","max-video-preview":"max-video-preview:-1"},"canonical":"https:\/\/www.rememberme-forever.com\/de\/empfehlungen\/","og_locale":"de_DE","og_type":"article","og_title":"Empfehlungen - Remember Forever","og_description":"Wenn Sie mit Ihrem Kauf zufrieden sind, hinterlassen Sie bitte eine Bewertung. Das macht es nachfolgenden K\u00e4ufern leichter, die richtige Entscheidung zu treffen. Eine Feuerbestattungsurne...","og_url":"https:\/\/www.rememberme-forever.com\/de\/empfehlungen\/","og_site_name":"Remember Forever","article_modified_time":"2025-08-07T08:24:03+00:00","og_image":[{"width":703,"height":702,"url":"https:\/\/www.rememberme-forever.com\/wp-content\/uploads\/2024\/03\/IMG_12.jpg","type":"image\/jpeg"}],"twitter_card":"summary_large_image","twitter_misc":{"Gesch\u00e4tzte Lesezeit":"2\u00a0Minute"},"schema":{"@context":"https:\/\/schema.org","@graph":[{"@type":"WebPage","@id":"https:\/\/www.rememberme-forever.com\/de\/empfehlungen\/","url":"https:\/\/www.rememberme-forever.com\/de\/empfehlungen\/","name":"Empfehlungen - Remember Forever","isPartOf":{"@id":"https:\/\/www.rememberme-forever.com\/de\/#website"},"primaryImageOfPage":{"@id":"https:\/\/www.rememberme-forever.com\/de\/empfehlungen\/#primaryimage"},"image":{"@id":"https:\/\/www.rememberme-forever.com\/de\/empfehlungen\/#primaryimage"},"thumbnailUrl":"https:\/\/www.rememberme-forever.com\/wp-content\/uploads\/2024\/03\/IMG_12.jpg","datePublished":"2023-06-13T12:27:56+00:00","dateModified":"2025-08-07T08:24:03+00:00","breadcrumb":{"@id":"https:\/\/www.rememberme-forever.com\/de\/empfehlungen\/#breadcrumb"},"inLanguage":"de","potentialAction":[{"@type":"ReadAction","target":["https:\/\/www.rememberme-forever.com\/de\/empfehlungen\/"]}]},{"@type":"ImageObject","inLanguage":"de","@id":"https:\/\/www.rememberme-forever.com\/de\/empfehlungen\/#primaryimage","url":"https:\/\/www.rememberme-forever.com\/wp-content\/uploads\/2024\/03\/IMG_12.jpg","contentUrl":"https:\/\/www.rememberme-forever.com\/wp-content\/uploads\/2024\/03\/IMG_12.jpg"},{"@type":"BreadcrumbList","@id":"https:\/\/www.rememberme-forever.com\/de\/empfehlungen\/#breadcrumb","itemListElement":[{"@type":"ListItem","position":1,"name":"Home","item":"https:\/\/www.rememberme-forever.com\/de\/startseite\/"},{"@type":"ListItem","position":2,"name":"Empfehlungen"}]},{"@type":"WebSite","@id":"https:\/\/www.rememberme-forever.com\/de\/#website","url":"https:\/\/www.rememberme-forever.com\/de\/","name":"Remember Forever","description":"Cremation urns, funeral urns, urns for ashes","publisher":{"@id":"https:\/\/www.rememberme-forever.com\/de\/#organization"},"potentialAction":[{"@type":"SearchAction","target":{"@type":"EntryPoint","urlTemplate":"https:\/\/www.rememberme-forever.com\/de\/?s={search_term_string}"},"query-input":{"@type":"PropertyValueSpecification","valueRequired":true,"valueName":"search_term_string"}}],"inLanguage":"de"},{"@type":"Organization","@id":"https:\/\/www.rememberme-forever.com\/de\/#organization","name":"Remember Forever","url":"https:\/\/www.rememberme-forever.com\/de\/","logo":{"@type":"ImageObject","inLanguage":"de","@id":"https:\/\/www.rememberme-forever.com\/de\/#\/schema\/logo\/image\/","url":"https:\/\/www.rememberme-forever.com\/wp-content\/uploads\/2023\/02\/logo.png","contentUrl":"https:\/\/www.rememberme-forever.com\/wp-content\/uploads\/2023\/02\/logo.png","width":300,"height":56,"caption":"Remember Forever"},"image":{"@id":"https:\/\/www.rememberme-forever.com\/de\/#\/schema\/logo\/image\/"}}]}},"acf":[],"_links":{"self":[{"href":"https:\/\/www.rememberme-forever.com\/de\/wp-json\/wp\/v2\/pages\/17907","targetHints":{"allow":["GET"]}}],"collection":[{"href":"https:\/\/www.rememberme-forever.com\/de\/wp-json\/wp\/v2\/pages"}],"about":[{"href":"https:\/\/www.rememberme-forever.com\/de\/wp-json\/wp\/v2\/types\/page"}],"author":[{"embeddable":true,"href":"https:\/\/www.rememberme-forever.com\/de\/wp-json\/wp\/v2\/users\/3"}],"replies":[{"embeddable":true,"href":"https:\/\/www.rememberme-forever.com\/de\/wp-json\/wp\/v2\/comments?post=17907"}],"version-history":[{"count":1,"href":"https:\/\/www.rememberme-forever.com\/de\/wp-json\/wp\/v2\/pages\/17907\/revisions"}],"predecessor-version":[{"id":17915,"href":"https:\/\/www.rememberme-forever.com\/de\/wp-json\/wp\/v2\/pages\/17907\/revisions\/17915"}],"wp:attachment":[{"href":"https:\/\/www.rememberme-forever.com\/de\/wp-json\/wp\/v2\/media?parent=17907"}],"curies":[{"name":"wp","href":"https:\/\/api.w.org\/{rel}","templated":true}]}}