{"id":17916,"date":"2023-02-23T15:30:22","date_gmt":"2023-02-23T14:30:22","guid":{"rendered":"https:\/\/www.rememberme-forever.com\/rueckgabepolitik\/"},"modified":"2025-08-07T10:24:30","modified_gmt":"2025-08-07T08:24:30","slug":"rueckgabepolitik","status":"publish","type":"page","link":"https:\/\/www.rememberme-forever.com\/de\/rueckgabepolitik\/","title":{"rendered":"R\u00fcckgabepolitik"},"content":{"rendered":"\n<p><\/p><h3>Overview<\/h3>\n\n<p>Unsere Erstattungs- und R\u00fcckgabebestimmungen gelten f\u00fcr 30 Tage. Wenn seit Ihrem Kauf 30 Tage vergangen sind, k\u00f6nnen wir Ihnen keine volle R\u00fcckerstattung oder keinen Umtausch anbieten. <\/p>\n\n<p>Um f\u00fcr eine R\u00fcckgabe in Frage zu kommen, muss Ihr Artikel unbenutzt sein und sich in demselben Zustand befinden, in dem Sie ihn erhalten haben. Au\u00dferdem muss er in der Originalverpackung sein. <\/p>\n\n<p>Einige Arten von Waren sind von der R\u00fcckgabe ausgenommen.  <\/p>\n\n<ul class=\"wp-block-list\">\n<li>Geschenkkarten<\/li>\n\n\n\n<li>Waren mit Gebrauchsspuren<\/li>\n\n\n\n<li>Einige Artikel f\u00fcr Gesundheit und K\u00f6rperpflege<\/li>\n\n\n\n<li>Personalisierte Produkte<\/li>\n\n\n\n<li>Ma\u00dfgeschneiderte Produkte<\/li>\n<\/ul>\n\n<p>Um Ihre R\u00fcckgabe abzuschlie\u00dfen, ben\u00f6tigen wir eine Quittung oder einen Kaufbeleg.<\/p>\n\n<p>Es gibt bestimmte Situationen, in denen nur Teilerstattungen gew\u00e4hrt werden:<\/p>\n\n<ul class=\"wp-block-list\">\n<li>Jeder Artikel, der sich nicht im Originalzustand befindet, besch\u00e4digt ist oder dem Teile fehlen, die nicht auf unseren Fehler zur\u00fcckzuf\u00fchren sind.<\/li>\n\n\n\n<li>Jeder Artikel, der mehr als 30 Tage nach der Lieferung zur\u00fcckgegeben wird<\/li>\n<\/ul>\n\n<p><\/p><h2>Erstattungen<\/h2>\n\n<p>Sobald wir Ihre R\u00fccksendung erhalten und gepr\u00fcft haben, senden wir Ihnen eine E-Mail, um Sie dar\u00fcber zu informieren, dass wir Ihren zur\u00fcckgesandten Artikel erhalten haben. Wir werden Sie auch \u00fcber die Genehmigung oder Ablehnung Ihrer R\u00fcckerstattung informieren. <\/p>\n\n<p>Wenn Sie die Genehmigung erhalten, wird Ihre R\u00fcckerstattung bearbeitet und eine Gutschrift auf Ihre Kreditkarte oder Ihre urspr\u00fcngliche Zahlungsmethode wird automatisch innerhalb einer bestimmten Anzahl von Tagen vorgenommen.<\/p>\n\n<p><b>Versp\u00e4tete oder fehlende Erstattungen<\/b><\/p>\n\n<p>Wenn Sie noch keine R\u00fcckerstattung erhalten haben, \u00fcberpr\u00fcfen Sie zun\u00e4chst noch einmal Ihr Bankkonto.<\/p>\n\n<p>Wenden Sie sich dann an Ihr Kreditkartenunternehmen. Es kann einige Zeit dauern, bis Ihre Erstattung offiziell verbucht wird.<\/p>\n\n<p>Wenden Sie sich dann an Ihre Bank. Es dauert oft eine gewisse Zeit, bis eine Erstattung gebucht wird. <\/p>\n\n<p>Wenn Sie all dies getan haben und Ihre R\u00fcckerstattung noch nicht erhalten haben, kontaktieren Sie uns bitte per E-Mail.<\/p>\n\n<p><b>Verkaufsartikel<\/b><\/p>\n\n<p>Nur Artikel zum regul\u00e4ren Preis k\u00f6nnen erstattet werden. Ausverkaufsartikel k\u00f6nnen nicht zur\u00fcckerstattet werden. <\/p>\n\n<p>Wir ersetzen Artikel nur, wenn sie defekt oder besch\u00e4digt sind. Wenn Sie den Artikel umtauschen m\u00f6chten, senden Sie uns eine E-Mail und schicken Sie den Artikel an unsere Gesch\u00e4ftsadresse. <\/p>\n\n<p><\/p><h2>Geschenke<\/h2>\n\n<p>Wenn der Artikel beim Kauf als Geschenk gekennzeichnet und direkt an Sie versandt wurde, erhalten Sie eine Geschenkgutschrift in H\u00f6he des Wertes Ihrer R\u00fccksendung. Sobald der zur\u00fcckgesendete Artikel eingegangen ist, wird Ihnen ein Geschenkgutschein zugeschickt. <\/p>\n\n<p>Wenn der Artikel beim Kauf nicht als Geschenk gekennzeichnet war oder der Schenkende die Bestellung an sich selbst geschickt hat, um sie Ihnen sp\u00e4ter zu schenken, senden wir eine R\u00fcckerstattung an den Schenkenden und er wird von Ihrer R\u00fcckgabe erfahren.<\/p>\n\n<p><\/p><h2>R\u00fccksendungen<\/h2>\n\n<p>Um Ihr Produkt zur\u00fcckzusenden, verpacken Sie es bitte sicher in der Originalverpackung und schicken Sie es an unsere Firmenadresse.<\/p>\n\n<p>Sie m\u00fcssen die Versandkosten f\u00fcr die R\u00fccksendung Ihres Artikels selbst tragen. Die Versandkosten sind nicht erstattungsf\u00e4hig. Wenn Sie eine R\u00fcckerstattung erhalten, werden die Kosten f\u00fcr den R\u00fcckversand von Ihrer R\u00fcckerstattung abgezogen.  <\/p>\n\n<p>Je nachdem, wo Sie wohnen, kann es unterschiedlich lange dauern, bis Ihr ausgetauschtes Produkt bei Ihnen eintrifft.<\/p>\n\n<p>Wenn Sie teurere Artikel zur\u00fcckschicken, sollten Sie einen verfolgbaren Versanddienst nutzen oder eine Versandversicherung abschlie\u00dfen. Wir garantieren nicht, dass wir Ihren zur\u00fcckgesendeten Artikel erhalten.   <\/p>\n\n<p><\/p>\n\n<p><\/p><h2>Brauchen Sie Hilfe?<\/h2>\n\n<p>Kontaktieren Sie uns per E-Mail, wenn Sie Fragen zu Erstattungen und R\u00fcckgaben haben.<\/p>\n","protected":false},"excerpt":{"rendered":"<p>Overview Unsere Erstattungs- und R\u00fcckgabebestimmungen gelten f\u00fcr 30 Tage. Wenn seit Ihrem Kauf 30 Tage vergangen sind, k\u00f6nnen wir Ihnen keine volle R\u00fcckerstattung oder keinen&#8230;<\/p>\n","protected":false},"author":1,"featured_media":0,"parent":0,"menu_order":0,"comment_status":"closed","ping_status":"closed","template":"","meta":{"_acf_changed":false,"footnotes":""},"class_list":["post-17916","page","type-page","status-publish","hentry"],"yoast_head":"<!-- This site is optimized with the Yoast SEO plugin v27.4 - https:\/\/yoast.com\/product\/yoast-seo-wordpress\/ -->\n<title>R\u00fcckgabepolitik - Remember Forever<\/title>\n<meta name=\"robots\" content=\"index, follow, max-snippet:-1, max-image-preview:large, max-video-preview:-1\" \/>\n<link rel=\"canonical\" href=\"https:\/\/www.rememberme-forever.com\/de\/rueckgabepolitik\/\" \/>\n<meta property=\"og:locale\" content=\"de_DE\" \/>\n<meta property=\"og:type\" content=\"article\" \/>\n<meta property=\"og:title\" content=\"R\u00fcckgabepolitik - Remember Forever\" \/>\n<meta property=\"og:description\" content=\"Overview Unsere Erstattungs- und R\u00fcckgabebestimmungen gelten f\u00fcr 30 Tage. Wenn seit Ihrem Kauf 30 Tage vergangen sind, k\u00f6nnen wir Ihnen keine volle R\u00fcckerstattung oder keinen...\" \/>\n<meta property=\"og:url\" content=\"https:\/\/www.rememberme-forever.com\/de\/rueckgabepolitik\/\" \/>\n<meta property=\"og:site_name\" content=\"Remember Forever\" \/>\n<meta property=\"article:modified_time\" content=\"2025-08-07T08:24:30+00:00\" \/>\n<meta name=\"twitter:card\" content=\"summary_large_image\" \/>\n<meta name=\"twitter:label1\" content=\"Gesch\u00e4tzte Lesezeit\" \/>\n\t<meta name=\"twitter:data1\" content=\"3\u00a0Minute\" \/>\n<script type=\"application\/ld+json\" class=\"yoast-schema-graph\">{\"@context\":\"https:\\\/\\\/schema.org\",\"@graph\":[{\"@type\":\"WebPage\",\"@id\":\"https:\\\/\\\/www.rememberme-forever.com\\\/de\\\/rueckgabepolitik\\\/\",\"url\":\"https:\\\/\\\/www.rememberme-forever.com\\\/de\\\/rueckgabepolitik\\\/\",\"name\":\"R\u00fcckgabepolitik - Remember Forever\",\"isPartOf\":{\"@id\":\"https:\\\/\\\/www.rememberme-forever.com\\\/de\\\/#website\"},\"datePublished\":\"2023-02-23T14:30:22+00:00\",\"dateModified\":\"2025-08-07T08:24:30+00:00\",\"breadcrumb\":{\"@id\":\"https:\\\/\\\/www.rememberme-forever.com\\\/de\\\/rueckgabepolitik\\\/#breadcrumb\"},\"inLanguage\":\"de\",\"potentialAction\":[{\"@type\":\"ReadAction\",\"target\":[\"https:\\\/\\\/www.rememberme-forever.com\\\/de\\\/rueckgabepolitik\\\/\"]}]},{\"@type\":\"BreadcrumbList\",\"@id\":\"https:\\\/\\\/www.rememberme-forever.com\\\/de\\\/rueckgabepolitik\\\/#breadcrumb\",\"itemListElement\":[{\"@type\":\"ListItem\",\"position\":1,\"name\":\"Home\",\"item\":\"https:\\\/\\\/www.rememberme-forever.com\\\/de\\\/startseite\\\/\"},{\"@type\":\"ListItem\",\"position\":2,\"name\":\"R\u00fcckgabepolitik\"}]},{\"@type\":\"WebSite\",\"@id\":\"https:\\\/\\\/www.rememberme-forever.com\\\/de\\\/#website\",\"url\":\"https:\\\/\\\/www.rememberme-forever.com\\\/de\\\/\",\"name\":\"Remember Forever\",\"description\":\"Cremation urns, funeral urns, urns for ashes\",\"publisher\":{\"@id\":\"https:\\\/\\\/www.rememberme-forever.com\\\/de\\\/#organization\"},\"potentialAction\":[{\"@type\":\"SearchAction\",\"target\":{\"@type\":\"EntryPoint\",\"urlTemplate\":\"https:\\\/\\\/www.rememberme-forever.com\\\/de\\\/?s={search_term_string}\"},\"query-input\":{\"@type\":\"PropertyValueSpecification\",\"valueRequired\":true,\"valueName\":\"search_term_string\"}}],\"inLanguage\":\"de\"},{\"@type\":\"Organization\",\"@id\":\"https:\\\/\\\/www.rememberme-forever.com\\\/de\\\/#organization\",\"name\":\"Remember Forever\",\"url\":\"https:\\\/\\\/www.rememberme-forever.com\\\/de\\\/\",\"logo\":{\"@type\":\"ImageObject\",\"inLanguage\":\"de\",\"@id\":\"https:\\\/\\\/www.rememberme-forever.com\\\/de\\\/#\\\/schema\\\/logo\\\/image\\\/\",\"url\":\"https:\\\/\\\/www.rememberme-forever.com\\\/wp-content\\\/uploads\\\/2023\\\/02\\\/logo.png\",\"contentUrl\":\"https:\\\/\\\/www.rememberme-forever.com\\\/wp-content\\\/uploads\\\/2023\\\/02\\\/logo.png\",\"width\":300,\"height\":56,\"caption\":\"Remember Forever\"},\"image\":{\"@id\":\"https:\\\/\\\/www.rememberme-forever.com\\\/de\\\/#\\\/schema\\\/logo\\\/image\\\/\"}}]}<\/script>\n<!-- \/ Yoast SEO plugin. -->","yoast_head_json":{"title":"R\u00fcckgabepolitik - Remember Forever","robots":{"index":"index","follow":"follow","max-snippet":"max-snippet:-1","max-image-preview":"max-image-preview:large","max-video-preview":"max-video-preview:-1"},"canonical":"https:\/\/www.rememberme-forever.com\/de\/rueckgabepolitik\/","og_locale":"de_DE","og_type":"article","og_title":"R\u00fcckgabepolitik - Remember Forever","og_description":"Overview Unsere Erstattungs- und R\u00fcckgabebestimmungen gelten f\u00fcr 30 Tage. Wenn seit Ihrem Kauf 30 Tage vergangen sind, k\u00f6nnen wir Ihnen keine volle R\u00fcckerstattung oder keinen...","og_url":"https:\/\/www.rememberme-forever.com\/de\/rueckgabepolitik\/","og_site_name":"Remember Forever","article_modified_time":"2025-08-07T08:24:30+00:00","twitter_card":"summary_large_image","twitter_misc":{"Gesch\u00e4tzte Lesezeit":"3\u00a0Minute"},"schema":{"@context":"https:\/\/schema.org","@graph":[{"@type":"WebPage","@id":"https:\/\/www.rememberme-forever.com\/de\/rueckgabepolitik\/","url":"https:\/\/www.rememberme-forever.com\/de\/rueckgabepolitik\/","name":"R\u00fcckgabepolitik - Remember Forever","isPartOf":{"@id":"https:\/\/www.rememberme-forever.com\/de\/#website"},"datePublished":"2023-02-23T14:30:22+00:00","dateModified":"2025-08-07T08:24:30+00:00","breadcrumb":{"@id":"https:\/\/www.rememberme-forever.com\/de\/rueckgabepolitik\/#breadcrumb"},"inLanguage":"de","potentialAction":[{"@type":"ReadAction","target":["https:\/\/www.rememberme-forever.com\/de\/rueckgabepolitik\/"]}]},{"@type":"BreadcrumbList","@id":"https:\/\/www.rememberme-forever.com\/de\/rueckgabepolitik\/#breadcrumb","itemListElement":[{"@type":"ListItem","position":1,"name":"Home","item":"https:\/\/www.rememberme-forever.com\/de\/startseite\/"},{"@type":"ListItem","position":2,"name":"R\u00fcckgabepolitik"}]},{"@type":"WebSite","@id":"https:\/\/www.rememberme-forever.com\/de\/#website","url":"https:\/\/www.rememberme-forever.com\/de\/","name":"Remember Forever","description":"Cremation urns, funeral urns, urns for ashes","publisher":{"@id":"https:\/\/www.rememberme-forever.com\/de\/#organization"},"potentialAction":[{"@type":"SearchAction","target":{"@type":"EntryPoint","urlTemplate":"https:\/\/www.rememberme-forever.com\/de\/?s={search_term_string}"},"query-input":{"@type":"PropertyValueSpecification","valueRequired":true,"valueName":"search_term_string"}}],"inLanguage":"de"},{"@type":"Organization","@id":"https:\/\/www.rememberme-forever.com\/de\/#organization","name":"Remember Forever","url":"https:\/\/www.rememberme-forever.com\/de\/","logo":{"@type":"ImageObject","inLanguage":"de","@id":"https:\/\/www.rememberme-forever.com\/de\/#\/schema\/logo\/image\/","url":"https:\/\/www.rememberme-forever.com\/wp-content\/uploads\/2023\/02\/logo.png","contentUrl":"https:\/\/www.rememberme-forever.com\/wp-content\/uploads\/2023\/02\/logo.png","width":300,"height":56,"caption":"Remember Forever"},"image":{"@id":"https:\/\/www.rememberme-forever.com\/de\/#\/schema\/logo\/image\/"}}]}},"acf":[],"_links":{"self":[{"href":"https:\/\/www.rememberme-forever.com\/de\/wp-json\/wp\/v2\/pages\/17916","targetHints":{"allow":["GET"]}}],"collection":[{"href":"https:\/\/www.rememberme-forever.com\/de\/wp-json\/wp\/v2\/pages"}],"about":[{"href":"https:\/\/www.rememberme-forever.com\/de\/wp-json\/wp\/v2\/types\/page"}],"author":[{"embeddable":true,"href":"https:\/\/www.rememberme-forever.com\/de\/wp-json\/wp\/v2\/users\/1"}],"replies":[{"embeddable":true,"href":"https:\/\/www.rememberme-forever.com\/de\/wp-json\/wp\/v2\/comments?post=17916"}],"version-history":[{"count":1,"href":"https:\/\/www.rememberme-forever.com\/de\/wp-json\/wp\/v2\/pages\/17916\/revisions"}],"predecessor-version":[{"id":17917,"href":"https:\/\/www.rememberme-forever.com\/de\/wp-json\/wp\/v2\/pages\/17916\/revisions\/17917"}],"wp:attachment":[{"href":"https:\/\/www.rememberme-forever.com\/de\/wp-json\/wp\/v2\/media?parent=17916"}],"curies":[{"name":"wp","href":"https:\/\/api.w.org\/{rel}","templated":true}]}}