{"id":17918,"date":"2023-05-04T10:27:27","date_gmt":"2023-05-04T08:27:27","guid":{"rendered":"https:\/\/www.rememberme-forever.com\/versand\/"},"modified":"2025-08-07T10:24:56","modified_gmt":"2025-08-07T08:24:56","slug":"versand","status":"publish","type":"page","link":"https:\/\/www.rememberme-forever.com\/de\/versand\/","title":{"rendered":"Versand"},"content":{"rendered":"\n<h2 class=\"wp-block-heading\"><strong>Lieferung der Waren<\/strong><\/h2>\n\n<p>Wir versenden weltweit, die Artikel werden innerhalb eines Werktages nach Zahlungseingang verschickt. Die Lieferzeit h\u00e4ngt vom Bestimmungsort und anderen Faktoren ab, die meisten L\u00e4nder werden innerhalb von 4 bis 9 Werktagen erreicht. Wir werden den Versandstatus aktualisieren, sobald der Artikel versandt wurde. Jede Bestellung kann auf der Website des ausgew\u00e4hlten Kurierdienstes anhand der Tracking-Nummer verfolgt werden.    <br\/><br\/>UK Express Versand : <strong>2-4<\/strong> Werktage<br\/>UK Standard Versand :<strong> 5-9<\/strong> Werktage<br\/><br\/>USA, Kanada Expressversand : <strong>3-5<\/strong> Arbeitstage<br\/>USA, Kanada Standardversand : <strong>6-9<\/strong> Arbeitstage<br\/><br\/>Australien Expressversand : <strong>6-8<\/strong> Arbeitstage<br\/>Australien Standardversand : <strong>8-11<\/strong> Arbeitstage<br\/><br\/>Europa Expressversand :<strong> 2-3<\/strong> Arbeitstage<br\/>Europa Standardversand :<strong> 3-6<\/strong> Arbeitstage<\/p>\n\n<ol class=\"wp-block-list\">\n<li>Die Lieferung der Waren erfolgt in die L\u00e4nder der Europ\u00e4ischen Union und USA\/Kanada\/Australien an die vom Kunden bei der Bestellung angegebene Adresse.<\/li>\n\n\n\n<li>Die Lieferung der Waren erfolgt durch einen Postdienstleister oder einen Paketzusteller. DPD\/TNT\/FedEx<\/li>\n\n\n\n<li>Auf den Webseiten des Shops informiert der Verk\u00e4ufer den Kunden in der Beschreibung der Waren \u00fcber die Anzahl der Werktage, die f\u00fcr die Bearbeitung der Bestellung und die Lieferung ben\u00f6tigt werden, sowie \u00fcber die Lieferkosten.<\/li>\n\n\n\n<li>Die Frist f\u00fcr die Lieferung und Bearbeitung der Bestellung wird nach Werktagen berechnet. (Lieferzeit ca. 1 Tag in Polen, ca. 5 Tage in der EU und ca. 3-9 Tage USA\/Kanada je nach gew\u00e4hlter Versandart, Australien ca. 8-11 Arbeitstage). <\/li>\n\n\n\n<li>Bei Waren, die nach den Spezifikationen des Kunden hergestellt werden, informiert der Verk\u00e4ufer \u00fcber unterschiedliche Lieferfristen.<\/li>\n\n\n\n<li>Wenn die bestellten Waren unterschiedliche Lieferfristen haben, gilt die l\u00e4ngste Frist f\u00fcr die gesamte Bestellung.<\/li>\n\n\n\n<li>Bei Bestellungen, die in L\u00e4nder au\u00dferhalb der EU versandt werden, k\u00f6nnen zus\u00e4tzliche Umsatzsteuern und Einfuhrz\u00f6lle anfallen. Der Kunde ist f\u00fcr die Zahlung solcher Einfuhrz\u00f6lle und Steuern verantwortlich. <\/li>\n<\/ol>\n","protected":false},"excerpt":{"rendered":"<p>Lieferung der Waren Wir versenden weltweit, die Artikel werden innerhalb eines Werktages nach Zahlungseingang verschickt. Die Lieferzeit h\u00e4ngt vom Bestimmungsort und anderen Faktoren ab, die&#8230;<\/p>\n","protected":false},"author":3,"featured_media":0,"parent":0,"menu_order":0,"comment_status":"closed","ping_status":"closed","template":"","meta":{"_acf_changed":false,"footnotes":""},"class_list":["post-17918","page","type-page","status-publish","hentry"],"yoast_head":"<!-- This site is optimized with the Yoast SEO plugin v27.4 - https:\/\/yoast.com\/product\/yoast-seo-wordpress\/ -->\n<title>Versand - Remember Forever<\/title>\n<meta name=\"robots\" content=\"index, follow, max-snippet:-1, max-image-preview:large, max-video-preview:-1\" \/>\n<link rel=\"canonical\" href=\"https:\/\/www.rememberme-forever.com\/de\/versand\/\" \/>\n<meta property=\"og:locale\" content=\"de_DE\" \/>\n<meta property=\"og:type\" content=\"article\" \/>\n<meta property=\"og:title\" content=\"Versand - Remember Forever\" \/>\n<meta property=\"og:description\" content=\"Lieferung der Waren Wir versenden weltweit, die Artikel werden innerhalb eines Werktages nach Zahlungseingang verschickt. Die Lieferzeit h\u00e4ngt vom Bestimmungsort und anderen Faktoren ab, die...\" \/>\n<meta property=\"og:url\" content=\"https:\/\/www.rememberme-forever.com\/de\/versand\/\" \/>\n<meta property=\"og:site_name\" content=\"Remember Forever\" \/>\n<meta property=\"article:modified_time\" content=\"2025-08-07T08:24:56+00:00\" \/>\n<meta name=\"twitter:card\" content=\"summary_large_image\" \/>\n<meta name=\"twitter:label1\" content=\"Gesch\u00e4tzte Lesezeit\" \/>\n\t<meta name=\"twitter:data1\" content=\"1\u00a0Minute\" \/>\n<script type=\"application\/ld+json\" class=\"yoast-schema-graph\">{\"@context\":\"https:\\\/\\\/schema.org\",\"@graph\":[{\"@type\":\"WebPage\",\"@id\":\"https:\\\/\\\/www.rememberme-forever.com\\\/de\\\/versand\\\/\",\"url\":\"https:\\\/\\\/www.rememberme-forever.com\\\/de\\\/versand\\\/\",\"name\":\"Versand - Remember Forever\",\"isPartOf\":{\"@id\":\"https:\\\/\\\/www.rememberme-forever.com\\\/de\\\/#website\"},\"datePublished\":\"2023-05-04T08:27:27+00:00\",\"dateModified\":\"2025-08-07T08:24:56+00:00\",\"breadcrumb\":{\"@id\":\"https:\\\/\\\/www.rememberme-forever.com\\\/de\\\/versand\\\/#breadcrumb\"},\"inLanguage\":\"de\",\"potentialAction\":[{\"@type\":\"ReadAction\",\"target\":[\"https:\\\/\\\/www.rememberme-forever.com\\\/de\\\/versand\\\/\"]}]},{\"@type\":\"BreadcrumbList\",\"@id\":\"https:\\\/\\\/www.rememberme-forever.com\\\/de\\\/versand\\\/#breadcrumb\",\"itemListElement\":[{\"@type\":\"ListItem\",\"position\":1,\"name\":\"Home\",\"item\":\"https:\\\/\\\/www.rememberme-forever.com\\\/de\\\/startseite\\\/\"},{\"@type\":\"ListItem\",\"position\":2,\"name\":\"Versand\"}]},{\"@type\":\"WebSite\",\"@id\":\"https:\\\/\\\/www.rememberme-forever.com\\\/de\\\/#website\",\"url\":\"https:\\\/\\\/www.rememberme-forever.com\\\/de\\\/\",\"name\":\"Remember Forever\",\"description\":\"Cremation urns, funeral urns, urns for ashes\",\"publisher\":{\"@id\":\"https:\\\/\\\/www.rememberme-forever.com\\\/de\\\/#organization\"},\"potentialAction\":[{\"@type\":\"SearchAction\",\"target\":{\"@type\":\"EntryPoint\",\"urlTemplate\":\"https:\\\/\\\/www.rememberme-forever.com\\\/de\\\/?s={search_term_string}\"},\"query-input\":{\"@type\":\"PropertyValueSpecification\",\"valueRequired\":true,\"valueName\":\"search_term_string\"}}],\"inLanguage\":\"de\"},{\"@type\":\"Organization\",\"@id\":\"https:\\\/\\\/www.rememberme-forever.com\\\/de\\\/#organization\",\"name\":\"Remember Forever\",\"url\":\"https:\\\/\\\/www.rememberme-forever.com\\\/de\\\/\",\"logo\":{\"@type\":\"ImageObject\",\"inLanguage\":\"de\",\"@id\":\"https:\\\/\\\/www.rememberme-forever.com\\\/de\\\/#\\\/schema\\\/logo\\\/image\\\/\",\"url\":\"https:\\\/\\\/www.rememberme-forever.com\\\/wp-content\\\/uploads\\\/2023\\\/02\\\/logo.png\",\"contentUrl\":\"https:\\\/\\\/www.rememberme-forever.com\\\/wp-content\\\/uploads\\\/2023\\\/02\\\/logo.png\",\"width\":300,\"height\":56,\"caption\":\"Remember Forever\"},\"image\":{\"@id\":\"https:\\\/\\\/www.rememberme-forever.com\\\/de\\\/#\\\/schema\\\/logo\\\/image\\\/\"}}]}<\/script>\n<!-- \/ Yoast SEO plugin. -->","yoast_head_json":{"title":"Versand - Remember Forever","robots":{"index":"index","follow":"follow","max-snippet":"max-snippet:-1","max-image-preview":"max-image-preview:large","max-video-preview":"max-video-preview:-1"},"canonical":"https:\/\/www.rememberme-forever.com\/de\/versand\/","og_locale":"de_DE","og_type":"article","og_title":"Versand - Remember Forever","og_description":"Lieferung der Waren Wir versenden weltweit, die Artikel werden innerhalb eines Werktages nach Zahlungseingang verschickt. Die Lieferzeit h\u00e4ngt vom Bestimmungsort und anderen Faktoren ab, die...","og_url":"https:\/\/www.rememberme-forever.com\/de\/versand\/","og_site_name":"Remember Forever","article_modified_time":"2025-08-07T08:24:56+00:00","twitter_card":"summary_large_image","twitter_misc":{"Gesch\u00e4tzte Lesezeit":"1\u00a0Minute"},"schema":{"@context":"https:\/\/schema.org","@graph":[{"@type":"WebPage","@id":"https:\/\/www.rememberme-forever.com\/de\/versand\/","url":"https:\/\/www.rememberme-forever.com\/de\/versand\/","name":"Versand - Remember Forever","isPartOf":{"@id":"https:\/\/www.rememberme-forever.com\/de\/#website"},"datePublished":"2023-05-04T08:27:27+00:00","dateModified":"2025-08-07T08:24:56+00:00","breadcrumb":{"@id":"https:\/\/www.rememberme-forever.com\/de\/versand\/#breadcrumb"},"inLanguage":"de","potentialAction":[{"@type":"ReadAction","target":["https:\/\/www.rememberme-forever.com\/de\/versand\/"]}]},{"@type":"BreadcrumbList","@id":"https:\/\/www.rememberme-forever.com\/de\/versand\/#breadcrumb","itemListElement":[{"@type":"ListItem","position":1,"name":"Home","item":"https:\/\/www.rememberme-forever.com\/de\/startseite\/"},{"@type":"ListItem","position":2,"name":"Versand"}]},{"@type":"WebSite","@id":"https:\/\/www.rememberme-forever.com\/de\/#website","url":"https:\/\/www.rememberme-forever.com\/de\/","name":"Remember Forever","description":"Cremation urns, funeral urns, urns for ashes","publisher":{"@id":"https:\/\/www.rememberme-forever.com\/de\/#organization"},"potentialAction":[{"@type":"SearchAction","target":{"@type":"EntryPoint","urlTemplate":"https:\/\/www.rememberme-forever.com\/de\/?s={search_term_string}"},"query-input":{"@type":"PropertyValueSpecification","valueRequired":true,"valueName":"search_term_string"}}],"inLanguage":"de"},{"@type":"Organization","@id":"https:\/\/www.rememberme-forever.com\/de\/#organization","name":"Remember Forever","url":"https:\/\/www.rememberme-forever.com\/de\/","logo":{"@type":"ImageObject","inLanguage":"de","@id":"https:\/\/www.rememberme-forever.com\/de\/#\/schema\/logo\/image\/","url":"https:\/\/www.rememberme-forever.com\/wp-content\/uploads\/2023\/02\/logo.png","contentUrl":"https:\/\/www.rememberme-forever.com\/wp-content\/uploads\/2023\/02\/logo.png","width":300,"height":56,"caption":"Remember Forever"},"image":{"@id":"https:\/\/www.rememberme-forever.com\/de\/#\/schema\/logo\/image\/"}}]}},"acf":[],"_links":{"self":[{"href":"https:\/\/www.rememberme-forever.com\/de\/wp-json\/wp\/v2\/pages\/17918","targetHints":{"allow":["GET"]}}],"collection":[{"href":"https:\/\/www.rememberme-forever.com\/de\/wp-json\/wp\/v2\/pages"}],"about":[{"href":"https:\/\/www.rememberme-forever.com\/de\/wp-json\/wp\/v2\/types\/page"}],"author":[{"embeddable":true,"href":"https:\/\/www.rememberme-forever.com\/de\/wp-json\/wp\/v2\/users\/3"}],"replies":[{"embeddable":true,"href":"https:\/\/www.rememberme-forever.com\/de\/wp-json\/wp\/v2\/comments?post=17918"}],"version-history":[{"count":1,"href":"https:\/\/www.rememberme-forever.com\/de\/wp-json\/wp\/v2\/pages\/17918\/revisions"}],"predecessor-version":[{"id":17919,"href":"https:\/\/www.rememberme-forever.com\/de\/wp-json\/wp\/v2\/pages\/17918\/revisions\/17919"}],"wp:attachment":[{"href":"https:\/\/www.rememberme-forever.com\/de\/wp-json\/wp\/v2\/media?parent=17918"}],"curies":[{"name":"wp","href":"https:\/\/api.w.org\/{rel}","templated":true}]}}