{"id":17974,"date":"2023-04-06T15:25:38","date_gmt":"2023-04-06T13:25:38","guid":{"rendered":"https:\/\/www.rememberme-forever.com\/product\/companion-urne-xl-groesse-kremationsurne-double-heart\/"},"modified":"2025-12-03T09:00:08","modified_gmt":"2025-12-03T08:00:08","slug":"companion-urne-xl-groesse-kremationsurne-double-heart","status":"publish","type":"product","link":"https:\/\/www.rememberme-forever.com\/de\/produkt\/companion-urne-xl-groesse-kremationsurne-double-heart\/","title":{"rendered":"Companion Urne XL Gr\u00f6\u00dfe Kremationsurne, Double Heart"},"content":{"rendered":"<div style=\"width: 100%; margin-bottom: 40px; height: max-content; padding-bottom: 60%; position: relative;\"><iframe style=\"position: absolute; top: 0; left: 0; width: 100%; height: 100%;\" src=\"https:\/\/rememberme-urns.com\/companion-urn-xl-size\/\" frameborder=\"0\"><\/iframe><\/div>\n<div style=\"color: red; text-align: center; margin-bottom: 25px;\">\n<p>&gt;&gt; Warum diese Urne w\u00e4hlen? &lt;&lt;<\/p>\n<\/div>\n<h2 style=\"text-align: center;\">Double Heart &#8211; Begleiter Urne XL Gr\u00f6\u00dfe Kremation Urne<\/h2>\n<p style=\"text-align: center;\">Wir stellen Ihnen die<strong> Companion Urn XL Size<\/strong> vor, eine exquisite Hommage an zwei geliebte Menschen oder eine gro\u00dfe Person. Diese atemberaubende Kremationsurne besteht aus einer eleganten Edelstahlkugel, die auf einem massiven Marmorsockel ruht und ein wahrhaft elegantes und zeitloses Objekt darstellt. <\/p>\n<p style=\"text-align: center;\">Die mit \u00e4u\u00dferster Sorgfalt und Pr\u00e4zision gefertigte Companion Urn XL Size ist f\u00fcr die Asche von zwei Personen oder einer einzelnen Person gedacht, die eine Urne mit gr\u00f6\u00dferem Fassungsverm\u00f6gen ben\u00f6tigt. Die beiden Herzen an der Seite der Urne stehen f\u00fcr die dauerhafte Verbundenheit der Verstorbenen, und die silberne Gedenktafel am Boden ist der perfekte Platz f\u00fcr eine pers\u00f6nliche Nachricht oder eine W\u00fcrdigung Ihrer Liebsten. <\/p>\n<p style=\"text-align: center;\">Diese atemberaubende Urne ist nicht nur eine sch\u00f6ne Ruhest\u00e4tte f\u00fcr Ihre Lieben, sondern auch ein passendes Kunstwerk, das in jedem Haus oder Gedenkraum aufgestellt werden kann. Das schlichte und raffinierte Design strahlt ein Gef\u00fchl von Frieden und Ruhe aus und l\u00e4dt dazu ein, in Erinnerungen zu schwelgen und ein Leben zu feiern, das gut gelebt wurde. <\/p>\n<p style=\"text-align: center;\">Wir wissen, wie wichtig es ist, die perfekte Urne zu finden, um Ihre Liebsten zu ehren. Deshalb haben wir keine Kosten gescheut, um dieses au\u00dfergew\u00f6hnliche St\u00fcck zu schaffen. Die Companion Urn XL Size ist ein best\u00e4ndiges Symbol der Liebe und des Gedenkens, das auch kommenden Generationen Trost spenden wird. <\/p>\n<p>&nbsp;<\/p>\n<h3 style=\"text-align: center;\"><strong>PERSONALISIERUNG<\/strong><\/h3>\n<p style=\"text-align: center;\">Die personalisierte Gedenktafel muss bei der Bestellung individuell gestaltet werden. (Bitte keine Panik, wenn Sie das vergessen haben, denn Sie k\u00f6nnen uns auch noch nachtr\u00e4glich eine Nachricht schicken). <\/p>\n<p><img loading=\"lazy\" decoding=\"async\" class=\" wp-image-1260 aligncenter\" src=\"http:\/\/www.rememberme-forever.com\/wp-content\/uploads\/2023\/04\/companion-urn-for-two-persons-300x300.jpg\" alt=\"Begleiturne f\u00fcr zwei Personen\" width=\"197\" height=\"197\" srcset=\"https:\/\/www.rememberme-forever.com\/wp-content\/uploads\/2023\/04\/companion-urn-for-two-persons-300x300.jpg 300w, https:\/\/www.rememberme-forever.com\/wp-content\/uploads\/2023\/04\/companion-urn-for-two-persons-150x150.jpg 150w, https:\/\/www.rememberme-forever.com\/wp-content\/uploads\/2023\/04\/companion-urn-for-two-persons-600x600.jpg 600w, https:\/\/www.rememberme-forever.com\/wp-content\/uploads\/2023\/04\/companion-urn-for-two-persons-100x100.jpg 100w, https:\/\/www.rememberme-forever.com\/wp-content\/uploads\/2023\/04\/companion-urn-for-two-persons-64x64.jpg 64w, https:\/\/www.rememberme-forever.com\/wp-content\/uploads\/2023\/04\/companion-urn-for-two-persons.jpg 768w\" sizes=\"auto, (max-width: 197px) 100vw, 197px\" \/><\/p>\n<p style=\"text-align: center;\">Bitte \u00fcberpr\u00fcfen Sie den zu gravierenden Text sorgf\u00e4ltig, bevor Sie den Artikel in den Warenkorb legen. Wir kopieren und gravieren genau die Informationen, die wir mit der Bestellung erhalten und nehmen bei uns keine \u00c4nderungen vor. <\/p>\n<p style=\"text-align: center;\"><strong>Bitte \u00fcberpr\u00fcfen Sie den Text, um sicherzustellen, dass alle Schreibweisen korrekt sind.<\/strong><\/p>\n","protected":false},"excerpt":{"rendered":"<p>Silberne Urne zur Ein\u00e4scherung. Massive Edelstahlkugel f\u00fcr Ein\u00e4scherungsurnen. <\/p>\n<p><strong>Diese Edelstahlurne kann auch f\u00fcr die Asche eines Erwachsenen oder von zwei Personen verwendet werden.<\/strong><\/p>\n<p>\u2705 Diese Urne ist nicht f\u00fcr den Au\u00dfenbereich geeignet. Bitte sehen Sie sich unsere <a href=\"https:\/\/www.rememberme-forever.com\/product-category\/outdoor-urns\/\" target=\"_blank\" rel=\"noopener\"><strong>Outdoor-Urnen &gt;&gt;<\/strong><\/a>  <\/p>\n","protected":false},"featured_media":17977,"comment_status":"open","ping_status":"closed","template":"","meta":{"_acf_changed":false},"product_brand":[1991],"product_cat":[2340,2335],"product_tag":[3348],"class_list":{"0":"post-17974","1":"product","2":"type-product","3":"status-publish","4":"has-post-thumbnail","6":"product_brand-remember-forever","7":"product_cat-metallurnen","8":"product_cat-partnerurnen","9":"product_tag-gpsr-metal_stonebase","10":"product_shipping_class-2-4kg","12":"first","13":"instock","14":"taxable","15":"shipping-taxable","16":"purchasable","17":"product-type-variable"},"yoast_head":"<!-- This site is optimized with the Yoast SEO plugin v27.5 - https:\/\/yoast.com\/product\/yoast-seo-wordpress\/ -->\n<title>Remember Forever<\/title>\n<meta name=\"description\" content=\"Wir stellen Ihnen die Companion Urn XL Size vor, eine exquisite Hommage an zwei geliebte Menschen oder eine gro\u00dfe Person. Gro\u00dfe Kremationsurne aus rostfreiem Stahl.\" \/>\n<meta name=\"robots\" content=\"index, follow, max-snippet:-1, max-image-preview:large, max-video-preview:-1\" \/>\n<link rel=\"canonical\" href=\"https:\/\/www.rememberme-forever.com\/de\/produkt\/companion-urne-xl-groesse-kremationsurne-double-heart\/\" \/>\n<meta property=\"og:locale\" content=\"de_DE\" \/>\n<meta property=\"og:type\" content=\"article\" \/>\n<meta property=\"og:description\" content=\"Wir stellen Ihnen die Companion Urn XL Size vor, eine exquisite Hommage an zwei geliebte Menschen oder eine gro\u00dfe Person. Gro\u00dfe Kremationsurne aus rostfreiem Stahl.\" \/>\n<meta property=\"og:url\" content=\"https:\/\/www.rememberme-forever.com\/de\/produkt\/companion-urne-xl-groesse-kremationsurne-double-heart\/\" \/>\n<meta property=\"og:site_name\" content=\"Remember Forever\" \/>\n<meta property=\"article:modified_time\" content=\"2025-12-03T08:00:08+00:00\" \/>\n<meta property=\"og:image\" content=\"https:\/\/www.rememberme-forever.com\/wp-content\/uploads\/2023\/04\/companion-urn-for-two-adults.jpg\" \/>\n\t<meta property=\"og:image:width\" content=\"768\" \/>\n\t<meta property=\"og:image:height\" content=\"768\" \/>\n\t<meta property=\"og:image:type\" content=\"image\/jpeg\" \/>\n<meta name=\"twitter:card\" content=\"summary_large_image\" \/>\n<meta name=\"twitter:label1\" content=\"Gesch\u00e4tzte Lesezeit\" \/>\n\t<meta name=\"twitter:data1\" content=\"2\u00a0Minute\" \/>\n<script type=\"application\/ld+json\" class=\"yoast-schema-graph\">{\"@context\":\"https:\\\/\\\/schema.org\",\"@graph\":[{\"@type\":\"WebPage\",\"@id\":\"https:\\\/\\\/www.rememberme-forever.com\\\/de\\\/produkt\\\/companion-urne-xl-groesse-kremationsurne-double-heart\\\/\",\"url\":\"https:\\\/\\\/www.rememberme-forever.com\\\/de\\\/produkt\\\/companion-urne-xl-groesse-kremationsurne-double-heart\\\/\",\"name\":\"\",\"isPartOf\":{\"@id\":\"https:\\\/\\\/www.rememberme-forever.com\\\/de\\\/#website\"},\"primaryImageOfPage\":{\"@id\":\"https:\\\/\\\/www.rememberme-forever.com\\\/de\\\/produkt\\\/companion-urne-xl-groesse-kremationsurne-double-heart\\\/#primaryimage\"},\"image\":{\"@id\":\"https:\\\/\\\/www.rememberme-forever.com\\\/de\\\/produkt\\\/companion-urne-xl-groesse-kremationsurne-double-heart\\\/#primaryimage\"},\"thumbnailUrl\":\"https:\\\/\\\/www.rememberme-forever.com\\\/wp-content\\\/uploads\\\/2023\\\/04\\\/companion-urn-for-two-adults.jpg\",\"datePublished\":\"2023-04-06T13:25:38+00:00\",\"dateModified\":\"2025-12-03T08:00:08+00:00\",\"description\":\"Wir stellen Ihnen die Companion Urn XL Size vor, eine exquisite Hommage an zwei geliebte Menschen oder eine gro\u00dfe Person. Gro\u00dfe Kremationsurne aus rostfreiem Stahl.\",\"breadcrumb\":{\"@id\":\"https:\\\/\\\/www.rememberme-forever.com\\\/de\\\/produkt\\\/companion-urne-xl-groesse-kremationsurne-double-heart\\\/#breadcrumb\"},\"inLanguage\":\"de\",\"potentialAction\":[{\"@type\":\"ReadAction\",\"target\":[\"https:\\\/\\\/www.rememberme-forever.com\\\/de\\\/produkt\\\/companion-urne-xl-groesse-kremationsurne-double-heart\\\/\"]}]},{\"@type\":\"ImageObject\",\"inLanguage\":\"de\",\"@id\":\"https:\\\/\\\/www.rememberme-forever.com\\\/de\\\/produkt\\\/companion-urne-xl-groesse-kremationsurne-double-heart\\\/#primaryimage\",\"url\":\"https:\\\/\\\/www.rememberme-forever.com\\\/wp-content\\\/uploads\\\/2023\\\/04\\\/companion-urn-for-two-adults.jpg\",\"contentUrl\":\"https:\\\/\\\/www.rememberme-forever.com\\\/wp-content\\\/uploads\\\/2023\\\/04\\\/companion-urn-for-two-adults.jpg\",\"width\":768,\"height\":768,\"caption\":\"Begleiturne f\u00fcr zwei Erwachsene\"},{\"@type\":\"BreadcrumbList\",\"@id\":\"https:\\\/\\\/www.rememberme-forever.com\\\/de\\\/produkt\\\/companion-urne-xl-groesse-kremationsurne-double-heart\\\/#breadcrumb\",\"itemListElement\":[{\"@type\":\"ListItem\",\"position\":1,\"name\":\"Home\",\"item\":\"https:\\\/\\\/www.rememberme-forever.com\\\/de\\\/startseite\\\/\"},{\"@type\":\"ListItem\",\"position\":2,\"name\":\"Shop\",\"item\":\"https:\\\/\\\/www.rememberme-forever.com\\\/de\\\/shop\\\/\"},{\"@type\":\"ListItem\",\"position\":3,\"name\":\"Companion Urne XL Gr\u00f6\u00dfe Kremationsurne, Double Heart\"}]},{\"@type\":\"WebSite\",\"@id\":\"https:\\\/\\\/www.rememberme-forever.com\\\/de\\\/#website\",\"url\":\"https:\\\/\\\/www.rememberme-forever.com\\\/de\\\/\",\"name\":\"Remember Forever\",\"description\":\"Cremation urns, funeral urns, urns for ashes\",\"publisher\":{\"@id\":\"https:\\\/\\\/www.rememberme-forever.com\\\/de\\\/#organization\"},\"potentialAction\":[{\"@type\":\"SearchAction\",\"target\":{\"@type\":\"EntryPoint\",\"urlTemplate\":\"https:\\\/\\\/www.rememberme-forever.com\\\/de\\\/?s={search_term_string}\"},\"query-input\":{\"@type\":\"PropertyValueSpecification\",\"valueRequired\":true,\"valueName\":\"search_term_string\"}}],\"inLanguage\":\"de\"},{\"@type\":\"Organization\",\"@id\":\"https:\\\/\\\/www.rememberme-forever.com\\\/de\\\/#organization\",\"name\":\"Remember Forever\",\"url\":\"https:\\\/\\\/www.rememberme-forever.com\\\/de\\\/\",\"logo\":{\"@type\":\"ImageObject\",\"inLanguage\":\"de\",\"@id\":\"https:\\\/\\\/www.rememberme-forever.com\\\/de\\\/#\\\/schema\\\/logo\\\/image\\\/\",\"url\":\"https:\\\/\\\/www.rememberme-forever.com\\\/wp-content\\\/uploads\\\/2023\\\/02\\\/logo.png\",\"contentUrl\":\"https:\\\/\\\/www.rememberme-forever.com\\\/wp-content\\\/uploads\\\/2023\\\/02\\\/logo.png\",\"width\":300,\"height\":56,\"caption\":\"Remember Forever\"},\"image\":{\"@id\":\"https:\\\/\\\/www.rememberme-forever.com\\\/de\\\/#\\\/schema\\\/logo\\\/image\\\/\"}}]}<\/script>\n<!-- \/ Yoast SEO plugin. -->","yoast_head_json":{"title":"Remember Forever","description":"Wir stellen Ihnen die Companion Urn XL Size vor, eine exquisite Hommage an zwei geliebte Menschen oder eine gro\u00dfe Person. Gro\u00dfe Kremationsurne aus rostfreiem Stahl.","robots":{"index":"index","follow":"follow","max-snippet":"max-snippet:-1","max-image-preview":"max-image-preview:large","max-video-preview":"max-video-preview:-1"},"canonical":"https:\/\/www.rememberme-forever.com\/de\/produkt\/companion-urne-xl-groesse-kremationsurne-double-heart\/","og_locale":"de_DE","og_type":"article","og_description":"Wir stellen Ihnen die Companion Urn XL Size vor, eine exquisite Hommage an zwei geliebte Menschen oder eine gro\u00dfe Person. Gro\u00dfe Kremationsurne aus rostfreiem Stahl.","og_url":"https:\/\/www.rememberme-forever.com\/de\/produkt\/companion-urne-xl-groesse-kremationsurne-double-heart\/","og_site_name":"Remember Forever","article_modified_time":"2025-12-03T08:00:08+00:00","og_image":[{"width":768,"height":768,"url":"https:\/\/www.rememberme-forever.com\/wp-content\/uploads\/2023\/04\/companion-urn-for-two-adults.jpg","type":"image\/jpeg"}],"twitter_card":"summary_large_image","twitter_misc":{"Gesch\u00e4tzte Lesezeit":"2\u00a0Minute"},"schema":{"@context":"https:\/\/schema.org","@graph":[{"@type":"WebPage","@id":"https:\/\/www.rememberme-forever.com\/de\/produkt\/companion-urne-xl-groesse-kremationsurne-double-heart\/","url":"https:\/\/www.rememberme-forever.com\/de\/produkt\/companion-urne-xl-groesse-kremationsurne-double-heart\/","name":"","isPartOf":{"@id":"https:\/\/www.rememberme-forever.com\/de\/#website"},"primaryImageOfPage":{"@id":"https:\/\/www.rememberme-forever.com\/de\/produkt\/companion-urne-xl-groesse-kremationsurne-double-heart\/#primaryimage"},"image":{"@id":"https:\/\/www.rememberme-forever.com\/de\/produkt\/companion-urne-xl-groesse-kremationsurne-double-heart\/#primaryimage"},"thumbnailUrl":"https:\/\/www.rememberme-forever.com\/wp-content\/uploads\/2023\/04\/companion-urn-for-two-adults.jpg","datePublished":"2023-04-06T13:25:38+00:00","dateModified":"2025-12-03T08:00:08+00:00","description":"Wir stellen Ihnen die Companion Urn XL Size vor, eine exquisite Hommage an zwei geliebte Menschen oder eine gro\u00dfe Person. Gro\u00dfe Kremationsurne aus rostfreiem Stahl.","breadcrumb":{"@id":"https:\/\/www.rememberme-forever.com\/de\/produkt\/companion-urne-xl-groesse-kremationsurne-double-heart\/#breadcrumb"},"inLanguage":"de","potentialAction":[{"@type":"ReadAction","target":["https:\/\/www.rememberme-forever.com\/de\/produkt\/companion-urne-xl-groesse-kremationsurne-double-heart\/"]}]},{"@type":"ImageObject","inLanguage":"de","@id":"https:\/\/www.rememberme-forever.com\/de\/produkt\/companion-urne-xl-groesse-kremationsurne-double-heart\/#primaryimage","url":"https:\/\/www.rememberme-forever.com\/wp-content\/uploads\/2023\/04\/companion-urn-for-two-adults.jpg","contentUrl":"https:\/\/www.rememberme-forever.com\/wp-content\/uploads\/2023\/04\/companion-urn-for-two-adults.jpg","width":768,"height":768,"caption":"Begleiturne f\u00fcr zwei Erwachsene"},{"@type":"BreadcrumbList","@id":"https:\/\/www.rememberme-forever.com\/de\/produkt\/companion-urne-xl-groesse-kremationsurne-double-heart\/#breadcrumb","itemListElement":[{"@type":"ListItem","position":1,"name":"Home","item":"https:\/\/www.rememberme-forever.com\/de\/startseite\/"},{"@type":"ListItem","position":2,"name":"Shop","item":"https:\/\/www.rememberme-forever.com\/de\/shop\/"},{"@type":"ListItem","position":3,"name":"Companion Urne XL Gr\u00f6\u00dfe Kremationsurne, Double Heart"}]},{"@type":"WebSite","@id":"https:\/\/www.rememberme-forever.com\/de\/#website","url":"https:\/\/www.rememberme-forever.com\/de\/","name":"Remember Forever","description":"Cremation urns, funeral urns, urns for ashes","publisher":{"@id":"https:\/\/www.rememberme-forever.com\/de\/#organization"},"potentialAction":[{"@type":"SearchAction","target":{"@type":"EntryPoint","urlTemplate":"https:\/\/www.rememberme-forever.com\/de\/?s={search_term_string}"},"query-input":{"@type":"PropertyValueSpecification","valueRequired":true,"valueName":"search_term_string"}}],"inLanguage":"de"},{"@type":"Organization","@id":"https:\/\/www.rememberme-forever.com\/de\/#organization","name":"Remember Forever","url":"https:\/\/www.rememberme-forever.com\/de\/","logo":{"@type":"ImageObject","inLanguage":"de","@id":"https:\/\/www.rememberme-forever.com\/de\/#\/schema\/logo\/image\/","url":"https:\/\/www.rememberme-forever.com\/wp-content\/uploads\/2023\/02\/logo.png","contentUrl":"https:\/\/www.rememberme-forever.com\/wp-content\/uploads\/2023\/02\/logo.png","width":300,"height":56,"caption":"Remember Forever"},"image":{"@id":"https:\/\/www.rememberme-forever.com\/de\/#\/schema\/logo\/image\/"}}]}},"acf":[],"_links":{"self":[{"href":"https:\/\/www.rememberme-forever.com\/de\/wp-json\/wp\/v2\/product\/17974","targetHints":{"allow":["GET"]}}],"collection":[{"href":"https:\/\/www.rememberme-forever.com\/de\/wp-json\/wp\/v2\/product"}],"about":[{"href":"https:\/\/www.rememberme-forever.com\/de\/wp-json\/wp\/v2\/types\/product"}],"replies":[{"embeddable":true,"href":"https:\/\/www.rememberme-forever.com\/de\/wp-json\/wp\/v2\/comments?post=17974"}],"wp:featuredmedia":[{"embeddable":true,"href":"https:\/\/www.rememberme-forever.com\/de\/wp-json\/wp\/v2\/media\/17977"}],"wp:attachment":[{"href":"https:\/\/www.rememberme-forever.com\/de\/wp-json\/wp\/v2\/media?parent=17974"}],"wp:term":[{"taxonomy":"product_brand","embeddable":true,"href":"https:\/\/www.rememberme-forever.com\/de\/wp-json\/wp\/v2\/product_brand?post=17974"},{"taxonomy":"product_cat","embeddable":true,"href":"https:\/\/www.rememberme-forever.com\/de\/wp-json\/wp\/v2\/product_cat?post=17974"},{"taxonomy":"product_tag","embeddable":true,"href":"https:\/\/www.rememberme-forever.com\/de\/wp-json\/wp\/v2\/product_tag?post=17974"}],"curies":[{"name":"wp","href":"https:\/\/api.w.org\/{rel}","templated":true}]}}