{"id":18241,"date":"2023-04-03T14:48:09","date_gmt":"2023-04-03T12:48:09","guid":{"rendered":"https:\/\/www.rememberme-forever.com\/product\/set-mit-2-6-andenken-aus-mangoholz-flacher-deckel-personalisiert\/"},"modified":"2025-11-12T11:02:48","modified_gmt":"2025-11-12T10:02:48","slug":"set-mit-2-6-andenken-aus-mangoholz-flacher-deckel-personalisiert","status":"publish","type":"product","link":"https:\/\/www.rememberme-forever.com\/de\/produkt\/set-mit-2-6-andenken-aus-mangoholz-flacher-deckel-personalisiert\/","title":{"rendered":"Set mit 2-6 Andenken aus Mangoholz, flacher Deckel, personalisiert"},"content":{"rendered":"<div style=\"width: 100%; margin-bottom: 40px; height: max-content; padding-bottom: 60%; position: relative;\"><iframe style=\"position: absolute; top: 0; left: 0; width: 100%; height: 100%;\" src=\"https:\/\/rememberme-urns.com\/mango-keepsakes-set\/\" frameborder=\"0\"><\/iframe><\/div>\n<div style=\"color: red; text-align: center; margin-bottom: 25px;\">\n<p>&gt;&gt; Rotierendes Foto &#8211; Tippen\/Zoomen &lt;&lt;<\/p>\n<\/div>\n<p style=\"text-align: center;\">Wir stellen Ihnen unser <strong>Set mit 2-6 Andenken aus Mangoholz<\/strong> vor, eine pers\u00f6nliche und einzigartige Art, die Erinnerung an einen geliebten Menschen zu ehren. Jedes Andenken ist aus hochwertigem Mangoholz gefertigt und verf\u00fcgt \u00fcber einen flachen Deckel, in den Sie eine Gedenktafel mit dem Namen, den Initialen oder einer besonderen Nachricht Ihres Angeh\u00f6rigen eingravieren lassen k\u00f6nnen.<\/p>\n<p style=\"text-align: center;\">Diese Andenken haben die perfekte Gr\u00f6\u00dfe, um eine kleine Portion Asche, eine Haarlocke oder ein anderes kleines Andenken, das Sie an Ihren geliebten Menschen erinnert, aufzunehmen. Dank ihrer kompakten Gr\u00f6\u00dfe lassen sie sich auch leicht transportieren und in Ihrem Haus, B\u00fcro oder an einem anderen bedeutungsvollen Ort aufstellen.<\/p>\n<p style=\"text-align: center;\">Unsere mit Sorgfalt und Liebe zum Detail gefertigten Erinnerungsst\u00fccke aus Mangoholz sind nicht nur funktional, sondern auch wundersch\u00f6n. Die nat\u00fcrliche Maserung und die warmen Farbt\u00f6ne des Mangoholzes machen jedes Andenken zu einem einzigartigen und zeitlosen Tribut an Ihren geliebten Menschen.<\/p>\n<p style=\"text-align: center;\"><strong>W\u00e4hlen Sie aus unserem Set von 2-6 Andenken, um sie mit Familienmitgliedern zu teilen oder behalten Sie sie ganz f\u00fcr sich.<\/strong><\/p>\n<p style=\"text-align: center;\"><strong><em>Da es sich um ein Produkt aus nat\u00fcrlichen Materialien handelt, kann das Aussehen leicht abweichen.<\/em><\/strong><\/p>\n<p>&nbsp;<\/p>\n<p><iframe loading=\"lazy\" title=\"Wooden Urns Part 2:  Keepsake Urns, Small Urns For Human Ashes, Keepsakes\" width=\"640\" height=\"360\" src=\"https:\/\/www.youtube.com\/embed\/676L7IzBOWk?feature=oembed\" frameborder=\"0\" allow=\"accelerometer; autoplay; clipboard-write; encrypted-media; gyroscope; picture-in-picture; web-share\" referrerpolicy=\"strict-origin-when-cross-origin\" allowfullscreen><\/iframe><\/p>\n<p>&nbsp;<\/p>\n<h3 style=\"text-align: center;\"><strong>PERSONALISIERUNG <\/strong><\/h3>\n<p>&nbsp;<\/p>\n<p style=\"text-align: center;\">Wenn Sie sich f\u00fcr eine personalisierte Plakette entscheiden, geben Sie bitte den Text im Rahmen der Produktpersonalisierung ein.<\/p>\n<p style=\"text-align: center;\"><strong><em>(Standardm\u00e4\u00dfig gravieren wir f\u00fcr jedes Andenken denselben Text. Wenn Sie etwas anderes w\u00fcnschen, f\u00fcgen Sie dies w\u00e4hrend des Bestellvorgangs hinzu).<\/em><\/strong><\/p>\n<p style=\"text-align: center;\">Die personalisierte Gedenktafel muss bei der Bestellung individuell gestaltet werden. (Bitte keine Panik, wenn Sie das vergessen haben, denn Sie k\u00f6nnen uns auch noch nachtr\u00e4glich eine Nachricht schicken).<\/p>\n<p style=\"text-align: center;\">Bitte \u00fcberpr\u00fcfen Sie den zu gravierenden Text sorgf\u00e4ltig, bevor Sie den Artikel in den Warenkorb legen. Wir kopieren und gravieren genau die Informationen, die wir mit der Bestellung erhalten und nehmen bei uns keine \u00c4nderungen vor.<\/p>\n<p style=\"text-align: center;\"><strong>Bitte \u00fcberpr\u00fcfen Sie den Text, um sicherzustellen, dass alle Schreibweisen korrekt sind.<\/strong><\/p>\n","protected":false},"excerpt":{"rendered":"<p>Dank dieses Sets ist es m\u00f6glich, die Asche in mehrere Teile aufzuteilen<\/p>\n","protected":false},"featured_media":18242,"comment_status":"open","ping_status":"closed","template":"","meta":{"_acf_changed":false},"product_brand":[1991],"product_cat":[2339,2327],"product_tag":[3326],"class_list":{"0":"post-18241","1":"product","2":"type-product","3":"status-publish","4":"has-post-thumbnail","6":"product_brand-remember-forever","7":"product_cat-andenken","8":"product_cat-holz-urnen","9":"product_tag-gpsr-keepsake-urns","10":"product_shipping_class-1-2-kg-de","12":"first","13":"instock","14":"featured","15":"taxable","16":"shipping-taxable","17":"purchasable","18":"product-type-variable"},"yoast_head":"<!-- This site is optimized with the Yoast SEO plugin v27.5 - https:\/\/yoast.com\/product\/yoast-seo-wordpress\/ -->\n<title>Remember Forever<\/title>\n<meta name=\"description\" content=\"Wir stellen Ihnen unser Set mit 2-6 Andenken aus Mangoholz vor, eine pers\u00f6nliche und einzigartige Art, das Andenken an Ihren geliebten Menschen zu ehren. Hergestellt aus hochwertigem Mangoholz\" \/>\n<meta name=\"robots\" content=\"index, follow, max-snippet:-1, max-image-preview:large, max-video-preview:-1\" \/>\n<link rel=\"canonical\" href=\"https:\/\/www.rememberme-forever.com\/de\/produkt\/set-mit-2-6-andenken-aus-mangoholz-flacher-deckel-personalisiert\/\" \/>\n<meta property=\"og:locale\" content=\"de_DE\" \/>\n<meta property=\"og:type\" content=\"article\" \/>\n<meta property=\"og:description\" content=\"Wir stellen Ihnen unser Set mit 2-6 Andenken aus Mangoholz vor, eine pers\u00f6nliche und einzigartige Art, das Andenken an Ihren geliebten Menschen zu ehren. Hergestellt aus hochwertigem Mangoholz\" \/>\n<meta property=\"og:url\" content=\"https:\/\/www.rememberme-forever.com\/de\/produkt\/set-mit-2-6-andenken-aus-mangoholz-flacher-deckel-personalisiert\/\" \/>\n<meta property=\"og:site_name\" content=\"Remember Forever\" \/>\n<meta property=\"article:modified_time\" content=\"2025-11-12T10:02:48+00:00\" \/>\n<meta property=\"og:image\" content=\"http:\/\/www.rememberme-forever.com\/wp-content\/uploads\/2023\/07\/keepsake-urns-set.jpg\" \/>\n\t<meta property=\"og:image:width\" content=\"1100\" \/>\n\t<meta property=\"og:image:height\" content=\"1100\" \/>\n\t<meta property=\"og:image:type\" content=\"image\/jpeg\" \/>\n<meta name=\"twitter:card\" content=\"summary_large_image\" \/>\n<meta name=\"twitter:label1\" content=\"Gesch\u00e4tzte Lesezeit\" \/>\n\t<meta name=\"twitter:data1\" content=\"2\u00a0Minute\" \/>\n<script type=\"application\/ld+json\" class=\"yoast-schema-graph\">{\"@context\":\"https:\\\/\\\/schema.org\",\"@graph\":[{\"@type\":\"WebPage\",\"@id\":\"https:\\\/\\\/www.rememberme-forever.com\\\/de\\\/produkt\\\/set-mit-2-6-andenken-aus-mangoholz-flacher-deckel-personalisiert\\\/\",\"url\":\"https:\\\/\\\/www.rememberme-forever.com\\\/de\\\/produkt\\\/set-mit-2-6-andenken-aus-mangoholz-flacher-deckel-personalisiert\\\/\",\"name\":\"\",\"isPartOf\":{\"@id\":\"https:\\\/\\\/www.rememberme-forever.com\\\/de\\\/#website\"},\"primaryImageOfPage\":{\"@id\":\"https:\\\/\\\/www.rememberme-forever.com\\\/de\\\/produkt\\\/set-mit-2-6-andenken-aus-mangoholz-flacher-deckel-personalisiert\\\/#primaryimage\"},\"image\":{\"@id\":\"https:\\\/\\\/www.rememberme-forever.com\\\/de\\\/produkt\\\/set-mit-2-6-andenken-aus-mangoholz-flacher-deckel-personalisiert\\\/#primaryimage\"},\"thumbnailUrl\":\"https:\\\/\\\/www.rememberme-forever.com\\\/wp-content\\\/uploads\\\/2023\\\/07\\\/keepsake-urns-set.jpg\",\"datePublished\":\"2023-04-03T12:48:09+00:00\",\"dateModified\":\"2025-11-12T10:02:48+00:00\",\"description\":\"Wir stellen Ihnen unser Set mit 2-6 Andenken aus Mangoholz vor, eine pers\u00f6nliche und einzigartige Art, das Andenken an Ihren geliebten Menschen zu ehren. Hergestellt aus hochwertigem Mangoholz\",\"breadcrumb\":{\"@id\":\"https:\\\/\\\/www.rememberme-forever.com\\\/de\\\/produkt\\\/set-mit-2-6-andenken-aus-mangoholz-flacher-deckel-personalisiert\\\/#breadcrumb\"},\"inLanguage\":\"de\",\"potentialAction\":[{\"@type\":\"ReadAction\",\"target\":[\"https:\\\/\\\/www.rememberme-forever.com\\\/de\\\/produkt\\\/set-mit-2-6-andenken-aus-mangoholz-flacher-deckel-personalisiert\\\/\"]}]},{\"@type\":\"ImageObject\",\"inLanguage\":\"de\",\"@id\":\"https:\\\/\\\/www.rememberme-forever.com\\\/de\\\/produkt\\\/set-mit-2-6-andenken-aus-mangoholz-flacher-deckel-personalisiert\\\/#primaryimage\",\"url\":\"https:\\\/\\\/www.rememberme-forever.com\\\/wp-content\\\/uploads\\\/2023\\\/07\\\/keepsake-urns-set.jpg\",\"contentUrl\":\"https:\\\/\\\/www.rememberme-forever.com\\\/wp-content\\\/uploads\\\/2023\\\/07\\\/keepsake-urns-set.jpg\",\"width\":1100,\"height\":1100,\"caption\":\"Andenken-Urnen-Set\"},{\"@type\":\"BreadcrumbList\",\"@id\":\"https:\\\/\\\/www.rememberme-forever.com\\\/de\\\/produkt\\\/set-mit-2-6-andenken-aus-mangoholz-flacher-deckel-personalisiert\\\/#breadcrumb\",\"itemListElement\":[{\"@type\":\"ListItem\",\"position\":1,\"name\":\"Home\",\"item\":\"https:\\\/\\\/www.rememberme-forever.com\\\/de\\\/startseite\\\/\"},{\"@type\":\"ListItem\",\"position\":2,\"name\":\"Shop\",\"item\":\"https:\\\/\\\/www.rememberme-forever.com\\\/de\\\/shop\\\/\"},{\"@type\":\"ListItem\",\"position\":3,\"name\":\"Set mit 2-6 Andenken aus Mangoholz, flacher Deckel, personalisiert\"}]},{\"@type\":\"WebSite\",\"@id\":\"https:\\\/\\\/www.rememberme-forever.com\\\/de\\\/#website\",\"url\":\"https:\\\/\\\/www.rememberme-forever.com\\\/de\\\/\",\"name\":\"Remember Forever\",\"description\":\"Cremation urns, funeral urns, urns for ashes\",\"publisher\":{\"@id\":\"https:\\\/\\\/www.rememberme-forever.com\\\/de\\\/#organization\"},\"potentialAction\":[{\"@type\":\"SearchAction\",\"target\":{\"@type\":\"EntryPoint\",\"urlTemplate\":\"https:\\\/\\\/www.rememberme-forever.com\\\/de\\\/?s={search_term_string}\"},\"query-input\":{\"@type\":\"PropertyValueSpecification\",\"valueRequired\":true,\"valueName\":\"search_term_string\"}}],\"inLanguage\":\"de\"},{\"@type\":\"Organization\",\"@id\":\"https:\\\/\\\/www.rememberme-forever.com\\\/de\\\/#organization\",\"name\":\"Remember Forever\",\"url\":\"https:\\\/\\\/www.rememberme-forever.com\\\/de\\\/\",\"logo\":{\"@type\":\"ImageObject\",\"inLanguage\":\"de\",\"@id\":\"https:\\\/\\\/www.rememberme-forever.com\\\/de\\\/#\\\/schema\\\/logo\\\/image\\\/\",\"url\":\"https:\\\/\\\/www.rememberme-forever.com\\\/wp-content\\\/uploads\\\/2023\\\/02\\\/logo.png\",\"contentUrl\":\"https:\\\/\\\/www.rememberme-forever.com\\\/wp-content\\\/uploads\\\/2023\\\/02\\\/logo.png\",\"width\":300,\"height\":56,\"caption\":\"Remember Forever\"},\"image\":{\"@id\":\"https:\\\/\\\/www.rememberme-forever.com\\\/de\\\/#\\\/schema\\\/logo\\\/image\\\/\"}}]}<\/script>\n<!-- \/ Yoast SEO plugin. -->","yoast_head_json":{"title":"Remember Forever","description":"Wir stellen Ihnen unser Set mit 2-6 Andenken aus Mangoholz vor, eine pers\u00f6nliche und einzigartige Art, das Andenken an Ihren geliebten Menschen zu ehren. Hergestellt aus hochwertigem Mangoholz","robots":{"index":"index","follow":"follow","max-snippet":"max-snippet:-1","max-image-preview":"max-image-preview:large","max-video-preview":"max-video-preview:-1"},"canonical":"https:\/\/www.rememberme-forever.com\/de\/produkt\/set-mit-2-6-andenken-aus-mangoholz-flacher-deckel-personalisiert\/","og_locale":"de_DE","og_type":"article","og_description":"Wir stellen Ihnen unser Set mit 2-6 Andenken aus Mangoholz vor, eine pers\u00f6nliche und einzigartige Art, das Andenken an Ihren geliebten Menschen zu ehren. Hergestellt aus hochwertigem Mangoholz","og_url":"https:\/\/www.rememberme-forever.com\/de\/produkt\/set-mit-2-6-andenken-aus-mangoholz-flacher-deckel-personalisiert\/","og_site_name":"Remember Forever","article_modified_time":"2025-11-12T10:02:48+00:00","og_image":[{"width":1100,"height":1100,"url":"http:\/\/www.rememberme-forever.com\/wp-content\/uploads\/2023\/07\/keepsake-urns-set.jpg","type":"image\/jpeg"}],"twitter_card":"summary_large_image","twitter_misc":{"Gesch\u00e4tzte Lesezeit":"2\u00a0Minute"},"schema":{"@context":"https:\/\/schema.org","@graph":[{"@type":"WebPage","@id":"https:\/\/www.rememberme-forever.com\/de\/produkt\/set-mit-2-6-andenken-aus-mangoholz-flacher-deckel-personalisiert\/","url":"https:\/\/www.rememberme-forever.com\/de\/produkt\/set-mit-2-6-andenken-aus-mangoholz-flacher-deckel-personalisiert\/","name":"","isPartOf":{"@id":"https:\/\/www.rememberme-forever.com\/de\/#website"},"primaryImageOfPage":{"@id":"https:\/\/www.rememberme-forever.com\/de\/produkt\/set-mit-2-6-andenken-aus-mangoholz-flacher-deckel-personalisiert\/#primaryimage"},"image":{"@id":"https:\/\/www.rememberme-forever.com\/de\/produkt\/set-mit-2-6-andenken-aus-mangoholz-flacher-deckel-personalisiert\/#primaryimage"},"thumbnailUrl":"https:\/\/www.rememberme-forever.com\/wp-content\/uploads\/2023\/07\/keepsake-urns-set.jpg","datePublished":"2023-04-03T12:48:09+00:00","dateModified":"2025-11-12T10:02:48+00:00","description":"Wir stellen Ihnen unser Set mit 2-6 Andenken aus Mangoholz vor, eine pers\u00f6nliche und einzigartige Art, das Andenken an Ihren geliebten Menschen zu ehren. Hergestellt aus hochwertigem Mangoholz","breadcrumb":{"@id":"https:\/\/www.rememberme-forever.com\/de\/produkt\/set-mit-2-6-andenken-aus-mangoholz-flacher-deckel-personalisiert\/#breadcrumb"},"inLanguage":"de","potentialAction":[{"@type":"ReadAction","target":["https:\/\/www.rememberme-forever.com\/de\/produkt\/set-mit-2-6-andenken-aus-mangoholz-flacher-deckel-personalisiert\/"]}]},{"@type":"ImageObject","inLanguage":"de","@id":"https:\/\/www.rememberme-forever.com\/de\/produkt\/set-mit-2-6-andenken-aus-mangoholz-flacher-deckel-personalisiert\/#primaryimage","url":"https:\/\/www.rememberme-forever.com\/wp-content\/uploads\/2023\/07\/keepsake-urns-set.jpg","contentUrl":"https:\/\/www.rememberme-forever.com\/wp-content\/uploads\/2023\/07\/keepsake-urns-set.jpg","width":1100,"height":1100,"caption":"Andenken-Urnen-Set"},{"@type":"BreadcrumbList","@id":"https:\/\/www.rememberme-forever.com\/de\/produkt\/set-mit-2-6-andenken-aus-mangoholz-flacher-deckel-personalisiert\/#breadcrumb","itemListElement":[{"@type":"ListItem","position":1,"name":"Home","item":"https:\/\/www.rememberme-forever.com\/de\/startseite\/"},{"@type":"ListItem","position":2,"name":"Shop","item":"https:\/\/www.rememberme-forever.com\/de\/shop\/"},{"@type":"ListItem","position":3,"name":"Set mit 2-6 Andenken aus Mangoholz, flacher Deckel, personalisiert"}]},{"@type":"WebSite","@id":"https:\/\/www.rememberme-forever.com\/de\/#website","url":"https:\/\/www.rememberme-forever.com\/de\/","name":"Remember Forever","description":"Cremation urns, funeral urns, urns for ashes","publisher":{"@id":"https:\/\/www.rememberme-forever.com\/de\/#organization"},"potentialAction":[{"@type":"SearchAction","target":{"@type":"EntryPoint","urlTemplate":"https:\/\/www.rememberme-forever.com\/de\/?s={search_term_string}"},"query-input":{"@type":"PropertyValueSpecification","valueRequired":true,"valueName":"search_term_string"}}],"inLanguage":"de"},{"@type":"Organization","@id":"https:\/\/www.rememberme-forever.com\/de\/#organization","name":"Remember Forever","url":"https:\/\/www.rememberme-forever.com\/de\/","logo":{"@type":"ImageObject","inLanguage":"de","@id":"https:\/\/www.rememberme-forever.com\/de\/#\/schema\/logo\/image\/","url":"https:\/\/www.rememberme-forever.com\/wp-content\/uploads\/2023\/02\/logo.png","contentUrl":"https:\/\/www.rememberme-forever.com\/wp-content\/uploads\/2023\/02\/logo.png","width":300,"height":56,"caption":"Remember Forever"},"image":{"@id":"https:\/\/www.rememberme-forever.com\/de\/#\/schema\/logo\/image\/"}}]}},"acf":[],"_links":{"self":[{"href":"https:\/\/www.rememberme-forever.com\/de\/wp-json\/wp\/v2\/product\/18241","targetHints":{"allow":["GET"]}}],"collection":[{"href":"https:\/\/www.rememberme-forever.com\/de\/wp-json\/wp\/v2\/product"}],"about":[{"href":"https:\/\/www.rememberme-forever.com\/de\/wp-json\/wp\/v2\/types\/product"}],"replies":[{"embeddable":true,"href":"https:\/\/www.rememberme-forever.com\/de\/wp-json\/wp\/v2\/comments?post=18241"}],"wp:featuredmedia":[{"embeddable":true,"href":"https:\/\/www.rememberme-forever.com\/de\/wp-json\/wp\/v2\/media\/18242"}],"wp:attachment":[{"href":"https:\/\/www.rememberme-forever.com\/de\/wp-json\/wp\/v2\/media?parent=18241"}],"wp:term":[{"taxonomy":"product_brand","embeddable":true,"href":"https:\/\/www.rememberme-forever.com\/de\/wp-json\/wp\/v2\/product_brand?post=18241"},{"taxonomy":"product_cat","embeddable":true,"href":"https:\/\/www.rememberme-forever.com\/de\/wp-json\/wp\/v2\/product_cat?post=18241"},{"taxonomy":"product_tag","embeddable":true,"href":"https:\/\/www.rememberme-forever.com\/de\/wp-json\/wp\/v2\/product_tag?post=18241"}],"curies":[{"name":"wp","href":"https:\/\/api.w.org\/{rel}","templated":true}]}}