{"id":18990,"date":"2023-04-05T09:47:35","date_gmt":"2023-04-05T07:47:35","guid":{"rendered":"https:\/\/www.rememberme-forever.com\/product\/erdkugel-urne-fuer-asche-kunstvoll-handbemalt\/"},"modified":"2025-09-24T12:24:37","modified_gmt":"2025-09-24T10:24:37","slug":"erdkugel-urne-fuer-asche-kunstvoll-handbemalt","status":"publish","type":"product","link":"https:\/\/www.rememberme-forever.com\/de\/produkt\/erdkugel-urne-fuer-asche-kunstvoll-handbemalt\/","title":{"rendered":"Erdkugel-Urne f\u00fcr Asche, kunstvoll handbemalt"},"content":{"rendered":"<div style=\"width: 100%; margin-bottom: 40px; height: max-content; padding-bottom: 60%; position: relative;\"><iframe style=\"position: absolute; top: 0; left: 0; width: 100%; height: 100%;\" src=\"https:\/\/rememberme-urns.com\/earth-urn\/\" frameborder=\"0\"><\/iframe><\/div>\n<div style=\"color: red; text-align: center; margin-bottom: 25px;\">\n<p>&gt;&gt; Rotierendes Foto &#8211; Tippen\/Zoomen &lt;&lt;<\/p>\n<\/div>\n<h2 style=\"text-align: center;\">Erdkugel-Urne f\u00fcr Asche<\/h2>\n<p style=\"text-align: center;\">Wir pr\u00e4sentieren unsere <strong>Erdkugel-Urne f\u00fcr Asche<\/strong> \u2013 eine atemberaubende und einzigartige M\u00f6glichkeit, das Andenken eines geliebten Menschen zu ehren. Diese Urne ist nicht nur ein Gef\u00e4\u00df f\u00fcr Asche, sondern auch ein Kunstwerk. Jede Urne wird individuell von erfahrenen Kunsthandwerkern handbemalt.<\/p>\n<p style=\"text-align: center;\">Die Erdkugel-Urne wird aus hochwertigsten Materialien gefertigt, darunter ein robuster Kugeleinsatz aus Edelstahl, der die Asche sicher h\u00e4lt. Das Globus-Design symbolisiert die globale Einheit und Verbundenheit der gesamten Menschheit und ist damit eine w\u00fcrdige Hommage an alle, die gerne reisten, die Welt erkundeten oder sich f\u00fcr globale Themen begeisterten.<\/p>\n<p><iframe loading=\"lazy\" title=\"Earth Urn For Ashes, Hand Painted Decorative Stainless Steel Urn, World Globe Urn\" width=\"640\" height=\"360\" src=\"https:\/\/www.youtube.com\/embed\/jlK1_Ucqyo4?feature=oembed\" frameborder=\"0\" allow=\"accelerometer; autoplay; clipboard-write; encrypted-media; gyroscope; picture-in-picture; web-share\" referrerpolicy=\"strict-origin-when-cross-origin\" allowfullscreen><\/iframe><\/p>\n<p style=\"text-align: center;\">Die detailreiche Handbemalung spiegelt die nat\u00fcrliche Sch\u00f6nheit unseres Planeten wider und zeigt leuchtende Blau- und Gr\u00fcnt\u00f6ne, die die Essenz der Ozeane und W\u00e4lder der Erde einfangen. Sie ist eine w\u00fcrdige Hommage an alle, die die Natur liebten und ihre atemberaubende Sch\u00f6nheit zu sch\u00e4tzen wussten.<\/p>\n<p style=\"text-align: center;\">Diese Urne ist eine einzigartige und bedeutungsvolle M\u00f6glichkeit, die Erinnerung an Ihre Liebsten zu bewahren. Sie erinnert Sie daran, dass ihr Geist immer mit der Welt verbunden sein wird, die sie so sehr geliebt haben. Die Erdkugel-Urne ist eine w\u00fcrdige letzte Ruhest\u00e4tte f\u00fcr Menschen, die eine Leidenschaft f\u00fcr die Erkundung und eine tiefe Wertsch\u00e4tzung f\u00fcr unseren Planeten, unsere Heimat, hatten.<\/p>\n<p>&nbsp;<\/p>\n<p style=\"text-align: center;\"><em><strong>Da es sich um ein handbemaltes Produkt handelt, kann das Aussehen leicht abweichen.<\/strong><\/em><\/p>\n<p>&nbsp;<\/p>\n<p style=\"text-align: center;\"><strong>Edelstahleinsatz<\/strong><\/p>\n<p><img loading=\"lazy\" decoding=\"async\" class=\" wp-image-1080 aligncenter\" src=\"http:\/\/www.rememberme-forever.com\/wp-content\/uploads\/2023\/04\/planet-urn-inside-stainless-steel-insert-300x300.jpg\" alt=\"Planetenurne im Edelstahleinsatz\" width=\"218\" height=\"218\" srcset=\"https:\/\/www.rememberme-forever.com\/wp-content\/uploads\/2023\/04\/planet-urn-inside-stainless-steel-insert-300x300.jpg 300w, https:\/\/www.rememberme-forever.com\/wp-content\/uploads\/2023\/04\/planet-urn-inside-stainless-steel-insert-150x150.jpg 150w, https:\/\/www.rememberme-forever.com\/wp-content\/uploads\/2023\/04\/planet-urn-inside-stainless-steel-insert-600x600.jpg 600w, https:\/\/www.rememberme-forever.com\/wp-content\/uploads\/2023\/04\/planet-urn-inside-stainless-steel-insert-100x100.jpg 100w, https:\/\/www.rememberme-forever.com\/wp-content\/uploads\/2023\/04\/planet-urn-inside-stainless-steel-insert-64x64.jpg 64w, https:\/\/www.rememberme-forever.com\/wp-content\/uploads\/2023\/04\/planet-urn-inside-stainless-steel-insert.jpg 768w\" sizes=\"auto, (max-width: 218px) 100vw, 218px\" \/><\/p>\n<p>&nbsp;<\/p>\n<h3 style=\"text-align: center;\"><strong>PERSONALISIERUNG<\/strong><\/h3>\n<p style=\"text-align: center;\">Die personalisierte Gedenktafel muss bei der Bestellung individuell gestaltet werden. (Bitte keine Panik, wenn Sie das vergessen haben, denn Sie k\u00f6nnen uns auch noch nachtr\u00e4glich eine Nachricht schicken).<\/p>\n<p style=\"text-align: center;\">Bitte \u00fcberpr\u00fcfen Sie den zu gravierenden Text sorgf\u00e4ltig, bevor Sie den Artikel in den Warenkorb legen. Wir kopieren und gravieren genau die Informationen, die wir mit der Bestellung erhalten und nehmen bei uns keine \u00c4nderungen vor.<\/p>\n<p style=\"text-align: center;\"><strong>Bitte \u00fcberpr\u00fcfen Sie den Text, um sicherzustellen, dass alle Schreibweisen korrekt sind.<\/strong><\/p>\n<p><img loading=\"lazy\" decoding=\"async\" class=\" wp-image-1447 aligncenter\" src=\"http:\/\/www.rememberme-forever.com\/wp-content\/uploads\/2023\/04\/memorial-plaque-cremation-urn-gold-300x150.jpg\" alt=\"Gedenktafel Urne Gold\" width=\"208\" height=\"104\" srcset=\"https:\/\/www.rememberme-forever.com\/wp-content\/uploads\/2023\/04\/memorial-plaque-cremation-urn-gold-300x150.jpg 300w, https:\/\/www.rememberme-forever.com\/wp-content\/uploads\/2023\/04\/memorial-plaque-cremation-urn-gold-64x32.jpg 64w, https:\/\/www.rememberme-forever.com\/wp-content\/uploads\/2023\/04\/memorial-plaque-cremation-urn-gold.jpg 448w\" sizes=\"auto, (max-width: 208px) 100vw, 208px\" \/><\/p>\n<p style=\"text-align: center;\">\ud83d\udc49 Bitte beachten Sie, dass unser erdf\u00f6rmiges Urnendesign eine allgemeine Darstellung von L\u00e4ndern und Inseln darstellt und die Sch\u00f6nheit und Verbundenheit unseres Planeten als Ganzes symbolisieren soll. Auch wenn sie nicht jeden Kontinent oder jede Insel abbildet, erinnert sie doch eindringlich an die Einheit unserer globalen Gemeinschaft und ist eine wunderbare Ruhest\u00e4tte f\u00fcr Ihre Lieben, die ihr Leben und ihr Verm\u00e4chtnis w\u00fcrdigt.<\/p>\n","protected":false},"excerpt":{"rendered":"<p>Wundersch\u00f6ne Urne in Erdkugelform aus ABS mit Edelstahleinsatz.<\/p>\n<p><strong>Geeignet f\u00fcr ein K\u00f6rpergewicht von ca. 102 kg oder weniger.<\/strong><\/p>\n","protected":false},"featured_media":18996,"template":"","meta":{"_acf_changed":false},"product_brand":[1991],"product_cat":[2331,2344,2351],"product_tag":[3331],"class_list":{"0":"post-18990","1":"product","2":"type-product","3":"status-publish","4":"has-post-thumbnail","6":"product_brand-remember-forever","7":"product_cat-kunstlerische-urnen","8":"product_cat-motivurnen","9":"product_cat-planeten","10":"product_tag-gpsr-metal-insert-abs_outside","11":"product_shipping_class-2-4kg","13":"first","14":"instock","15":"taxable","16":"shipping-taxable","17":"purchasable","18":"product-type-simple"},"yoast_head":"<!-- This site is optimized with the Yoast SEO plugin v27.4 - https:\/\/yoast.com\/product\/yoast-seo-wordpress\/ -->\n<title>Remember Forever<\/title>\n<meta name=\"description\" content=\"Wir pr\u00e4sentieren Ihnen unsere Erdkugel-Urne f\u00fcr Asche \u2013 eine einzigartige M\u00f6glichkeit, das Andenken Ihrer Lieben zu ehren. Diese Urne ist nicht nur ein Gef\u00e4\u00df f\u00fcr Asche, sondern auch ein Kunstwerk.\" \/>\n<meta name=\"robots\" content=\"index, follow, max-snippet:-1, max-image-preview:large, max-video-preview:-1\" \/>\n<link rel=\"canonical\" href=\"https:\/\/www.rememberme-forever.com\/de\/produkt\/erdkugel-urne-fuer-asche-kunstvoll-handbemalt\/\" \/>\n<meta property=\"og:locale\" content=\"de_DE\" \/>\n<meta property=\"og:type\" content=\"article\" \/>\n<meta property=\"og:description\" content=\"Wir pr\u00e4sentieren Ihnen unsere Erdkugel-Urne f\u00fcr Asche \u2013 eine einzigartige M\u00f6glichkeit, das Andenken Ihrer Lieben zu ehren. Diese Urne ist nicht nur ein Gef\u00e4\u00df f\u00fcr Asche, sondern auch ein Kunstwerk.\" \/>\n<meta property=\"og:url\" content=\"https:\/\/www.rememberme-forever.com\/de\/produkt\/erdkugel-urne-fuer-asche-kunstvoll-handbemalt\/\" \/>\n<meta property=\"og:site_name\" content=\"Remember Forever\" \/>\n<meta property=\"article:modified_time\" content=\"2025-09-24T10:24:37+00:00\" \/>\n<meta property=\"og:image\" content=\"http:\/\/www.rememberme-forever.com\/wp-content\/uploads\/2023\/04\/earth-globe-urn-for-ashes.jpg\" \/>\n\t<meta property=\"og:image:width\" content=\"768\" \/>\n\t<meta property=\"og:image:height\" content=\"768\" \/>\n\t<meta property=\"og:image:type\" content=\"image\/jpeg\" \/>\n<meta name=\"twitter:card\" content=\"summary_large_image\" \/>\n<meta name=\"twitter:label1\" content=\"Gesch\u00e4tzte Lesezeit\" \/>\n\t<meta name=\"twitter:data1\" content=\"3\u00a0Minute\" \/>\n<script type=\"application\/ld+json\" class=\"yoast-schema-graph\">{\"@context\":\"https:\\\/\\\/schema.org\",\"@graph\":[{\"@type\":\"WebPage\",\"@id\":\"https:\\\/\\\/www.rememberme-forever.com\\\/de\\\/produkt\\\/erdkugel-urne-fuer-asche-kunstvoll-handbemalt\\\/\",\"url\":\"https:\\\/\\\/www.rememberme-forever.com\\\/de\\\/produkt\\\/erdkugel-urne-fuer-asche-kunstvoll-handbemalt\\\/\",\"name\":\"\",\"isPartOf\":{\"@id\":\"https:\\\/\\\/www.rememberme-forever.com\\\/de\\\/#website\"},\"primaryImageOfPage\":{\"@id\":\"https:\\\/\\\/www.rememberme-forever.com\\\/de\\\/produkt\\\/erdkugel-urne-fuer-asche-kunstvoll-handbemalt\\\/#primaryimage\"},\"image\":{\"@id\":\"https:\\\/\\\/www.rememberme-forever.com\\\/de\\\/produkt\\\/erdkugel-urne-fuer-asche-kunstvoll-handbemalt\\\/#primaryimage\"},\"thumbnailUrl\":\"https:\\\/\\\/www.rememberme-forever.com\\\/wp-content\\\/uploads\\\/2023\\\/04\\\/earth-globe-urn-for-ashes.jpg\",\"datePublished\":\"2023-04-05T07:47:35+00:00\",\"dateModified\":\"2025-09-24T10:24:37+00:00\",\"description\":\"Wir pr\u00e4sentieren Ihnen unsere Erdkugel-Urne f\u00fcr Asche \u2013 eine einzigartige M\u00f6glichkeit, das Andenken Ihrer Lieben zu ehren. Diese Urne ist nicht nur ein Gef\u00e4\u00df f\u00fcr Asche, sondern auch ein Kunstwerk.\",\"breadcrumb\":{\"@id\":\"https:\\\/\\\/www.rememberme-forever.com\\\/de\\\/produkt\\\/erdkugel-urne-fuer-asche-kunstvoll-handbemalt\\\/#breadcrumb\"},\"inLanguage\":\"de\",\"potentialAction\":[{\"@type\":\"ReadAction\",\"target\":[\"https:\\\/\\\/www.rememberme-forever.com\\\/de\\\/produkt\\\/erdkugel-urne-fuer-asche-kunstvoll-handbemalt\\\/\"]}]},{\"@type\":\"ImageObject\",\"inLanguage\":\"de\",\"@id\":\"https:\\\/\\\/www.rememberme-forever.com\\\/de\\\/produkt\\\/erdkugel-urne-fuer-asche-kunstvoll-handbemalt\\\/#primaryimage\",\"url\":\"https:\\\/\\\/www.rememberme-forever.com\\\/wp-content\\\/uploads\\\/2023\\\/04\\\/earth-globe-urn-for-ashes.jpg\",\"contentUrl\":\"https:\\\/\\\/www.rememberme-forever.com\\\/wp-content\\\/uploads\\\/2023\\\/04\\\/earth-globe-urn-for-ashes.jpg\",\"width\":768,\"height\":768,\"caption\":\"earth globe urn for ashes\"},{\"@type\":\"BreadcrumbList\",\"@id\":\"https:\\\/\\\/www.rememberme-forever.com\\\/de\\\/produkt\\\/erdkugel-urne-fuer-asche-kunstvoll-handbemalt\\\/#breadcrumb\",\"itemListElement\":[{\"@type\":\"ListItem\",\"position\":1,\"name\":\"Home\",\"item\":\"https:\\\/\\\/www.rememberme-forever.com\\\/de\\\/startseite\\\/\"},{\"@type\":\"ListItem\",\"position\":2,\"name\":\"Shop\",\"item\":\"https:\\\/\\\/www.rememberme-forever.com\\\/de\\\/shop\\\/\"},{\"@type\":\"ListItem\",\"position\":3,\"name\":\"Erdkugel-Urne f\u00fcr Asche, kunstvoll handbemalt\"}]},{\"@type\":\"WebSite\",\"@id\":\"https:\\\/\\\/www.rememberme-forever.com\\\/de\\\/#website\",\"url\":\"https:\\\/\\\/www.rememberme-forever.com\\\/de\\\/\",\"name\":\"Remember Forever\",\"description\":\"Cremation urns, funeral urns, urns for ashes\",\"publisher\":{\"@id\":\"https:\\\/\\\/www.rememberme-forever.com\\\/de\\\/#organization\"},\"potentialAction\":[{\"@type\":\"SearchAction\",\"target\":{\"@type\":\"EntryPoint\",\"urlTemplate\":\"https:\\\/\\\/www.rememberme-forever.com\\\/de\\\/?s={search_term_string}\"},\"query-input\":{\"@type\":\"PropertyValueSpecification\",\"valueRequired\":true,\"valueName\":\"search_term_string\"}}],\"inLanguage\":\"de\"},{\"@type\":\"Organization\",\"@id\":\"https:\\\/\\\/www.rememberme-forever.com\\\/de\\\/#organization\",\"name\":\"Remember Forever\",\"url\":\"https:\\\/\\\/www.rememberme-forever.com\\\/de\\\/\",\"logo\":{\"@type\":\"ImageObject\",\"inLanguage\":\"de\",\"@id\":\"https:\\\/\\\/www.rememberme-forever.com\\\/de\\\/#\\\/schema\\\/logo\\\/image\\\/\",\"url\":\"https:\\\/\\\/www.rememberme-forever.com\\\/wp-content\\\/uploads\\\/2023\\\/02\\\/logo.png\",\"contentUrl\":\"https:\\\/\\\/www.rememberme-forever.com\\\/wp-content\\\/uploads\\\/2023\\\/02\\\/logo.png\",\"width\":300,\"height\":56,\"caption\":\"Remember Forever\"},\"image\":{\"@id\":\"https:\\\/\\\/www.rememberme-forever.com\\\/de\\\/#\\\/schema\\\/logo\\\/image\\\/\"}}]}<\/script>\n<!-- \/ Yoast SEO plugin. -->","yoast_head_json":{"title":"Remember Forever","description":"Wir pr\u00e4sentieren Ihnen unsere Erdkugel-Urne f\u00fcr Asche \u2013 eine einzigartige M\u00f6glichkeit, das Andenken Ihrer Lieben zu ehren. Diese Urne ist nicht nur ein Gef\u00e4\u00df f\u00fcr Asche, sondern auch ein Kunstwerk.","robots":{"index":"index","follow":"follow","max-snippet":"max-snippet:-1","max-image-preview":"max-image-preview:large","max-video-preview":"max-video-preview:-1"},"canonical":"https:\/\/www.rememberme-forever.com\/de\/produkt\/erdkugel-urne-fuer-asche-kunstvoll-handbemalt\/","og_locale":"de_DE","og_type":"article","og_description":"Wir pr\u00e4sentieren Ihnen unsere Erdkugel-Urne f\u00fcr Asche \u2013 eine einzigartige M\u00f6glichkeit, das Andenken Ihrer Lieben zu ehren. Diese Urne ist nicht nur ein Gef\u00e4\u00df f\u00fcr Asche, sondern auch ein Kunstwerk.","og_url":"https:\/\/www.rememberme-forever.com\/de\/produkt\/erdkugel-urne-fuer-asche-kunstvoll-handbemalt\/","og_site_name":"Remember Forever","article_modified_time":"2025-09-24T10:24:37+00:00","og_image":[{"width":768,"height":768,"url":"http:\/\/www.rememberme-forever.com\/wp-content\/uploads\/2023\/04\/earth-globe-urn-for-ashes.jpg","type":"image\/jpeg"}],"twitter_card":"summary_large_image","twitter_misc":{"Gesch\u00e4tzte Lesezeit":"3\u00a0Minute"},"schema":{"@context":"https:\/\/schema.org","@graph":[{"@type":"WebPage","@id":"https:\/\/www.rememberme-forever.com\/de\/produkt\/erdkugel-urne-fuer-asche-kunstvoll-handbemalt\/","url":"https:\/\/www.rememberme-forever.com\/de\/produkt\/erdkugel-urne-fuer-asche-kunstvoll-handbemalt\/","name":"","isPartOf":{"@id":"https:\/\/www.rememberme-forever.com\/de\/#website"},"primaryImageOfPage":{"@id":"https:\/\/www.rememberme-forever.com\/de\/produkt\/erdkugel-urne-fuer-asche-kunstvoll-handbemalt\/#primaryimage"},"image":{"@id":"https:\/\/www.rememberme-forever.com\/de\/produkt\/erdkugel-urne-fuer-asche-kunstvoll-handbemalt\/#primaryimage"},"thumbnailUrl":"https:\/\/www.rememberme-forever.com\/wp-content\/uploads\/2023\/04\/earth-globe-urn-for-ashes.jpg","datePublished":"2023-04-05T07:47:35+00:00","dateModified":"2025-09-24T10:24:37+00:00","description":"Wir pr\u00e4sentieren Ihnen unsere Erdkugel-Urne f\u00fcr Asche \u2013 eine einzigartige M\u00f6glichkeit, das Andenken Ihrer Lieben zu ehren. Diese Urne ist nicht nur ein Gef\u00e4\u00df f\u00fcr Asche, sondern auch ein Kunstwerk.","breadcrumb":{"@id":"https:\/\/www.rememberme-forever.com\/de\/produkt\/erdkugel-urne-fuer-asche-kunstvoll-handbemalt\/#breadcrumb"},"inLanguage":"de","potentialAction":[{"@type":"ReadAction","target":["https:\/\/www.rememberme-forever.com\/de\/produkt\/erdkugel-urne-fuer-asche-kunstvoll-handbemalt\/"]}]},{"@type":"ImageObject","inLanguage":"de","@id":"https:\/\/www.rememberme-forever.com\/de\/produkt\/erdkugel-urne-fuer-asche-kunstvoll-handbemalt\/#primaryimage","url":"https:\/\/www.rememberme-forever.com\/wp-content\/uploads\/2023\/04\/earth-globe-urn-for-ashes.jpg","contentUrl":"https:\/\/www.rememberme-forever.com\/wp-content\/uploads\/2023\/04\/earth-globe-urn-for-ashes.jpg","width":768,"height":768,"caption":"earth globe urn for ashes"},{"@type":"BreadcrumbList","@id":"https:\/\/www.rememberme-forever.com\/de\/produkt\/erdkugel-urne-fuer-asche-kunstvoll-handbemalt\/#breadcrumb","itemListElement":[{"@type":"ListItem","position":1,"name":"Home","item":"https:\/\/www.rememberme-forever.com\/de\/startseite\/"},{"@type":"ListItem","position":2,"name":"Shop","item":"https:\/\/www.rememberme-forever.com\/de\/shop\/"},{"@type":"ListItem","position":3,"name":"Erdkugel-Urne f\u00fcr Asche, kunstvoll handbemalt"}]},{"@type":"WebSite","@id":"https:\/\/www.rememberme-forever.com\/de\/#website","url":"https:\/\/www.rememberme-forever.com\/de\/","name":"Remember Forever","description":"Cremation urns, funeral urns, urns for ashes","publisher":{"@id":"https:\/\/www.rememberme-forever.com\/de\/#organization"},"potentialAction":[{"@type":"SearchAction","target":{"@type":"EntryPoint","urlTemplate":"https:\/\/www.rememberme-forever.com\/de\/?s={search_term_string}"},"query-input":{"@type":"PropertyValueSpecification","valueRequired":true,"valueName":"search_term_string"}}],"inLanguage":"de"},{"@type":"Organization","@id":"https:\/\/www.rememberme-forever.com\/de\/#organization","name":"Remember Forever","url":"https:\/\/www.rememberme-forever.com\/de\/","logo":{"@type":"ImageObject","inLanguage":"de","@id":"https:\/\/www.rememberme-forever.com\/de\/#\/schema\/logo\/image\/","url":"https:\/\/www.rememberme-forever.com\/wp-content\/uploads\/2023\/02\/logo.png","contentUrl":"https:\/\/www.rememberme-forever.com\/wp-content\/uploads\/2023\/02\/logo.png","width":300,"height":56,"caption":"Remember Forever"},"image":{"@id":"https:\/\/www.rememberme-forever.com\/de\/#\/schema\/logo\/image\/"}}]}},"acf":[],"_links":{"self":[{"href":"https:\/\/www.rememberme-forever.com\/de\/wp-json\/wp\/v2\/product\/18990","targetHints":{"allow":["GET"]}}],"collection":[{"href":"https:\/\/www.rememberme-forever.com\/de\/wp-json\/wp\/v2\/product"}],"about":[{"href":"https:\/\/www.rememberme-forever.com\/de\/wp-json\/wp\/v2\/types\/product"}],"wp:featuredmedia":[{"embeddable":true,"href":"https:\/\/www.rememberme-forever.com\/de\/wp-json\/wp\/v2\/media\/18996"}],"wp:attachment":[{"href":"https:\/\/www.rememberme-forever.com\/de\/wp-json\/wp\/v2\/media?parent=18990"}],"wp:term":[{"taxonomy":"product_brand","embeddable":true,"href":"https:\/\/www.rememberme-forever.com\/de\/wp-json\/wp\/v2\/product_brand?post=18990"},{"taxonomy":"product_cat","embeddable":true,"href":"https:\/\/www.rememberme-forever.com\/de\/wp-json\/wp\/v2\/product_cat?post=18990"},{"taxonomy":"product_tag","embeddable":true,"href":"https:\/\/www.rememberme-forever.com\/de\/wp-json\/wp\/v2\/product_tag?post=18990"}],"curies":[{"name":"wp","href":"https:\/\/api.w.org\/{rel}","templated":true}]}}