{"id":19113,"date":"2024-11-13T12:29:55","date_gmt":"2024-11-13T11:29:55","guid":{"rendered":"https:\/\/www.rememberme-forever.com\/product\/trauerurne-mit-trauernder-frau-kunstvolle-hommage-an-einen-geliebten-menschen\/"},"modified":"2025-09-25T13:40:37","modified_gmt":"2025-09-25T11:40:37","slug":"trauerurne-mit-trauernder-frau-kunstvolle-hommage-an-einen-geliebten-menschen","status":"publish","type":"product","link":"https:\/\/www.rememberme-forever.com\/de\/produkt\/trauerurne-mit-trauernder-frau-kunstvolle-hommage-an-einen-geliebten-menschen\/","title":{"rendered":"Trauerurne mit trauernder Frau \u2013 Kunstvolle Hommage an einen geliebten Menschen"},"content":{"rendered":"<p style=\"text-align: center;\">Die \u201eTrauer\u201c-Urne ist eine einzigartige, symboltr\u00e4chtige Urne f\u00fcr Kremationszwecke, die f\u00fcr alle gedacht ist, die Trauer und Erinnerung k\u00fcnstlerisch zum Ausdruck bringen m\u00f6chten. Die Urne hat die Form einer polierten Edelstahlkugel, elegant auf einem Granitsockel montiert, der dem St\u00fcck Gewicht und Stabilit\u00e4t verleiht. Die reflektierende Oberfl\u00e4che der Kugel spiegelt die Umgebung wider und erzeugt einen Effekt unendlicher Tiefe, der die zeitlose Verbundenheit und die bleibende Erinnerung an einen geliebten Menschen symbolisiert.<\/p>\n<div style=\"width: 100%; margin-bottom: 30px; height: max-content; padding-bottom: 60%; position: relative;\"><iframe style=\"position: absolute; top: 0; left: 0; width: 100%; height: 100%;\" src=\"https:\/\/rememberme-urns.com\/grief-adult-size-memorial-urn-for-ashes\/\" frameborder=\"0\"><\/iframe><\/div>\n<div style=\"color: red; text-align: center; margin-bottom: 25px;\">\n<p>&gt;&gt; Rotierendes Foto &#8211; Tippen\/Zoomen &lt;&lt;<\/p>\n<\/div>\n<p>&nbsp;<\/p>\n<p style=\"text-align: center;\">Die Figur einer trauernden Frau beugt sich \u00fcber die Kugel, den Kopf gesenkt, die H\u00e4nde traurig darauf ruhend. Sie verk\u00f6rpert die tiefen Gef\u00fchle von Verlust und Trauer. Die Skulptur f\u00e4ngt einen Moment tiefer Introspektion ein, als w\u00fcrde sie an einem Grab weinen, und vermittelt Empathie, Trost und ein Gef\u00fchl geteilter menschlicher Verletzlichkeit. An der Unterseite des Granitsockels erm\u00f6glicht eine dezente Gewinde\u00f6ffnung einen sicheren Verschluss und sorgt f\u00fcr eine w\u00fcrdevolle und sorgf\u00e4ltige Aufbewahrung der Asche.<\/p>\n<p style=\"text-align: center;\">Diese Urne ist sowohl ein Kunstwerk als auch eine bedeutungsvolle Hommage. Sie verk\u00f6rpert die Schwere des Verlustes und die Sch\u00f6nheit der Erinnerung. Ideal f\u00fcr alle, die eine Urne suchen, die den emotionalen Weg der Trauer w\u00fcrdigt. \u201eGrief\u201c ist ein zeitloses, elegantes Denkmal f\u00fcr ein geliebtes Leben.<\/p>\n<p>&nbsp;<\/p>\n<p class=\"MsoNormal\" style=\"text-align: center;\"><b>\u25baPERSONALISIERUNG<\/b><b> \u25c4<\/b><\/p>\n<ul style=\"margin-top: 0cm; text-align: center;\" type=\"disc\">\n<li class=\"MsoNormal\"><span lang=\"EN-US\">Geben Sie den Text an der entsprechenden Stelle ein oder senden Sie uns eine Nachricht.<\/span><\/li>\n<li class=\"MsoNormal\"><span lang=\"EN-US\">Die personalisierte Gedenktafel muss w\u00e4hrend des Bestellvorgangs personalisiert werden. (Keine Sorge, falls Sie es vergessen, k\u00f6nnen Sie uns sp\u00e4ter jederzeit eine Nachricht senden.) <\/span><\/li>\n<\/ul>\n<p class=\"MsoNormal\" style=\"text-align: center;\"><b><span lang=\"EN-US\">Die Textbeschr\u00e4nkungen lauten wie folgt:<\/span><\/b><\/p>\n<ul style=\"margin-top: 0cm; text-align: center;\" type=\"disc\">\n<li class=\"MsoNormal\">Name(n) bis zu 35 Zeichen<\/li>\n<li class=\"MsoNormal\"><span lang=\"EN-US\">Geburts- und Sterbedatum bis zu 35 Zeichen<\/span><\/li>\n<li class=\"MsoNormal\">Dritte Zeile bis zu 35 Zeichen<\/li>\n<li class=\"MsoNormal\">Vierte Zeile: bis zu 35 Zeichen<\/li>\n<li class=\"MsoNormal\">F\u00fcnfte Zeile: bis zu 35 Zeichen<\/li>\n<li class=\"MsoNormal\">Sechste Zeile: bis zu 35 Zeichen<\/li>\n<\/ul>\n<p>&nbsp;<\/p>\n<p class=\"MsoNormal\" style=\"text-align: center;\"><b><span lang=\"EN-US\">Bitte \u00fcberpr\u00fcfen Sie den Gravurtext, bevor Sie das Produkt in den Warenkorb legen. Wir kopieren und gravieren die Informationen, die wir mit der Bestellung erhalten, exakt und nehmen keine \u00c4nderungen vor. <\/span><\/b><\/p>\n<ul style=\"margin-top: 0cm; text-align: center;\" type=\"disc\">\n<li class=\"MsoNormal\"><span lang=\"EN-US\">\u00dcberpr\u00fcfen Sie den Text auf korrekte Schreibweise.<\/span><\/li>\n<\/ul>\n<p>&nbsp;<\/p>\n<p><img loading=\"lazy\" decoding=\"async\" class=\" wp-image-8282 aligncenter\" src=\"http:\/\/www.rememberme-forever.com\/wp-content\/uploads\/2023\/04\/memorial-plaque-cremation-urn-silver-1-300x153.jpg\" alt=\"\" width=\"253\" height=\"129\" srcset=\"https:\/\/www.rememberme-forever.com\/wp-content\/uploads\/2023\/04\/memorial-plaque-cremation-urn-silver-1-300x153.jpg 300w, https:\/\/www.rememberme-forever.com\/wp-content\/uploads\/2023\/04\/memorial-plaque-cremation-urn-silver-1-64x33.jpg 64w, https:\/\/www.rememberme-forever.com\/wp-content\/uploads\/2023\/04\/memorial-plaque-cremation-urn-silver-1.jpg 448w\" sizes=\"auto, (max-width: 253px) 100vw, 253px\" \/><\/p>\n<p class=\"MsoNormal\" style=\"text-align: center;\">\n","protected":false},"excerpt":{"rendered":"<p>Die \u201eTrauer\u201c-Urne ist eine einzigartige, symboltr\u00e4chtige Urne f\u00fcr Kremationszwecke, die f\u00fcr alle gedacht ist, die Trauer und Erinnerung k\u00fcnstlerisch zum Ausdruck bringen m\u00f6chten. Die Urne&#8230;<\/p>\n","protected":false},"featured_media":19120,"template":"","meta":{"_acf_changed":false},"product_brand":[],"product_cat":[2331,2340],"product_tag":[3348],"class_list":{"0":"post-19113","1":"product","2":"type-product","3":"status-publish","4":"has-post-thumbnail","6":"product_cat-kunstlerische-urnen","7":"product_cat-metallurnen","8":"product_tag-gpsr-metal_stonebase","9":"product_shipping_class-art-urns-kule-do20cm-de","11":"first","12":"instock","13":"featured","14":"taxable","15":"shipping-taxable","16":"purchasable","17":"product-type-variable"},"yoast_head":"<!-- This site is optimized with the Yoast SEO plugin v27.4 - https:\/\/yoast.com\/product\/yoast-seo-wordpress\/ -->\n<title>Remember Forever<\/title>\n<meta name=\"description\" content=\"Die \u201eTrauer\u201c-Urne ist eine einzigartige, symboltr\u00e4chtige Urne f\u00fcr Menschen, die Trauer und Erinnerung k\u00fcnstlerisch zum Ausdruck bringen m\u00f6chten.\" \/>\n<meta name=\"robots\" content=\"index, follow, max-snippet:-1, max-image-preview:large, max-video-preview:-1\" \/>\n<link rel=\"canonical\" href=\"https:\/\/www.rememberme-forever.com\/de\/produkt\/trauerurne-mit-trauernder-frau-kunstvolle-hommage-an-einen-geliebten-menschen\/\" \/>\n<meta property=\"og:locale\" content=\"de_DE\" \/>\n<meta property=\"og:type\" content=\"article\" \/>\n<meta property=\"og:description\" content=\"Die \u201eTrauer\u201c-Urne ist eine einzigartige, symboltr\u00e4chtige Urne f\u00fcr Menschen, die Trauer und Erinnerung k\u00fcnstlerisch zum Ausdruck bringen m\u00f6chten.\" \/>\n<meta property=\"og:url\" content=\"https:\/\/www.rememberme-forever.com\/de\/produkt\/trauerurne-mit-trauernder-frau-kunstvolle-hommage-an-einen-geliebten-menschen\/\" \/>\n<meta property=\"og:site_name\" content=\"Remember Forever\" \/>\n<meta property=\"article:modified_time\" content=\"2025-09-25T11:40:37+00:00\" \/>\n<meta property=\"og:image\" content=\"http:\/\/www.rememberme-forever.com\/wp-content\/uploads\/2024\/11\/M-S20-GRIEF-BLACKBASE_0001.jpg\" \/>\n\t<meta property=\"og:image:width\" content=\"1007\" \/>\n\t<meta property=\"og:image:height\" content=\"1024\" \/>\n\t<meta property=\"og:image:type\" content=\"image\/jpeg\" \/>\n<meta name=\"twitter:card\" content=\"summary_large_image\" \/>\n<meta name=\"twitter:label1\" content=\"Gesch\u00e4tzte Lesezeit\" \/>\n\t<meta name=\"twitter:data1\" content=\"2\u00a0Minute\" \/>\n<script type=\"application\/ld+json\" class=\"yoast-schema-graph\">{\"@context\":\"https:\\\/\\\/schema.org\",\"@graph\":[{\"@type\":\"WebPage\",\"@id\":\"https:\\\/\\\/www.rememberme-forever.com\\\/de\\\/produkt\\\/trauerurne-mit-trauernder-frau-kunstvolle-hommage-an-einen-geliebten-menschen\\\/\",\"url\":\"https:\\\/\\\/www.rememberme-forever.com\\\/de\\\/produkt\\\/trauerurne-mit-trauernder-frau-kunstvolle-hommage-an-einen-geliebten-menschen\\\/\",\"name\":\"\",\"isPartOf\":{\"@id\":\"https:\\\/\\\/www.rememberme-forever.com\\\/de\\\/#website\"},\"primaryImageOfPage\":{\"@id\":\"https:\\\/\\\/www.rememberme-forever.com\\\/de\\\/produkt\\\/trauerurne-mit-trauernder-frau-kunstvolle-hommage-an-einen-geliebten-menschen\\\/#primaryimage\"},\"image\":{\"@id\":\"https:\\\/\\\/www.rememberme-forever.com\\\/de\\\/produkt\\\/trauerurne-mit-trauernder-frau-kunstvolle-hommage-an-einen-geliebten-menschen\\\/#primaryimage\"},\"thumbnailUrl\":\"https:\\\/\\\/www.rememberme-forever.com\\\/wp-content\\\/uploads\\\/2024\\\/11\\\/M-S20-GRIEF-BLACKBASE_0001.jpg\",\"datePublished\":\"2024-11-13T11:29:55+00:00\",\"dateModified\":\"2025-09-25T11:40:37+00:00\",\"description\":\"Die \u201eTrauer\u201c-Urne ist eine einzigartige, symboltr\u00e4chtige Urne f\u00fcr Menschen, die Trauer und Erinnerung k\u00fcnstlerisch zum Ausdruck bringen m\u00f6chten.\",\"breadcrumb\":{\"@id\":\"https:\\\/\\\/www.rememberme-forever.com\\\/de\\\/produkt\\\/trauerurne-mit-trauernder-frau-kunstvolle-hommage-an-einen-geliebten-menschen\\\/#breadcrumb\"},\"inLanguage\":\"de\",\"potentialAction\":[{\"@type\":\"ReadAction\",\"target\":[\"https:\\\/\\\/www.rememberme-forever.com\\\/de\\\/produkt\\\/trauerurne-mit-trauernder-frau-kunstvolle-hommage-an-einen-geliebten-menschen\\\/\"]}]},{\"@type\":\"ImageObject\",\"inLanguage\":\"de\",\"@id\":\"https:\\\/\\\/www.rememberme-forever.com\\\/de\\\/produkt\\\/trauerurne-mit-trauernder-frau-kunstvolle-hommage-an-einen-geliebten-menschen\\\/#primaryimage\",\"url\":\"https:\\\/\\\/www.rememberme-forever.com\\\/wp-content\\\/uploads\\\/2024\\\/11\\\/M-S20-GRIEF-BLACKBASE_0001.jpg\",\"contentUrl\":\"https:\\\/\\\/www.rememberme-forever.com\\\/wp-content\\\/uploads\\\/2024\\\/11\\\/M-S20-GRIEF-BLACKBASE_0001.jpg\",\"width\":1007,\"height\":1024,\"caption\":\"Grief Memorial Urn\"},{\"@type\":\"BreadcrumbList\",\"@id\":\"https:\\\/\\\/www.rememberme-forever.com\\\/de\\\/produkt\\\/trauerurne-mit-trauernder-frau-kunstvolle-hommage-an-einen-geliebten-menschen\\\/#breadcrumb\",\"itemListElement\":[{\"@type\":\"ListItem\",\"position\":1,\"name\":\"Home\",\"item\":\"https:\\\/\\\/www.rememberme-forever.com\\\/de\\\/startseite\\\/\"},{\"@type\":\"ListItem\",\"position\":2,\"name\":\"Shop\",\"item\":\"https:\\\/\\\/www.rememberme-forever.com\\\/de\\\/shop\\\/\"},{\"@type\":\"ListItem\",\"position\":3,\"name\":\"Trauerurne mit trauernder Frau \u2013 Kunstvolle Hommage an einen geliebten Menschen\"}]},{\"@type\":\"WebSite\",\"@id\":\"https:\\\/\\\/www.rememberme-forever.com\\\/de\\\/#website\",\"url\":\"https:\\\/\\\/www.rememberme-forever.com\\\/de\\\/\",\"name\":\"Remember Forever\",\"description\":\"Cremation urns, funeral urns, urns for ashes\",\"publisher\":{\"@id\":\"https:\\\/\\\/www.rememberme-forever.com\\\/de\\\/#organization\"},\"potentialAction\":[{\"@type\":\"SearchAction\",\"target\":{\"@type\":\"EntryPoint\",\"urlTemplate\":\"https:\\\/\\\/www.rememberme-forever.com\\\/de\\\/?s={search_term_string}\"},\"query-input\":{\"@type\":\"PropertyValueSpecification\",\"valueRequired\":true,\"valueName\":\"search_term_string\"}}],\"inLanguage\":\"de\"},{\"@type\":\"Organization\",\"@id\":\"https:\\\/\\\/www.rememberme-forever.com\\\/de\\\/#organization\",\"name\":\"Remember Forever\",\"url\":\"https:\\\/\\\/www.rememberme-forever.com\\\/de\\\/\",\"logo\":{\"@type\":\"ImageObject\",\"inLanguage\":\"de\",\"@id\":\"https:\\\/\\\/www.rememberme-forever.com\\\/de\\\/#\\\/schema\\\/logo\\\/image\\\/\",\"url\":\"https:\\\/\\\/www.rememberme-forever.com\\\/wp-content\\\/uploads\\\/2023\\\/02\\\/logo.png\",\"contentUrl\":\"https:\\\/\\\/www.rememberme-forever.com\\\/wp-content\\\/uploads\\\/2023\\\/02\\\/logo.png\",\"width\":300,\"height\":56,\"caption\":\"Remember Forever\"},\"image\":{\"@id\":\"https:\\\/\\\/www.rememberme-forever.com\\\/de\\\/#\\\/schema\\\/logo\\\/image\\\/\"}}]}<\/script>\n<!-- \/ Yoast SEO plugin. -->","yoast_head_json":{"title":"Remember Forever","description":"Die \u201eTrauer\u201c-Urne ist eine einzigartige, symboltr\u00e4chtige Urne f\u00fcr Menschen, die Trauer und Erinnerung k\u00fcnstlerisch zum Ausdruck bringen m\u00f6chten.","robots":{"index":"index","follow":"follow","max-snippet":"max-snippet:-1","max-image-preview":"max-image-preview:large","max-video-preview":"max-video-preview:-1"},"canonical":"https:\/\/www.rememberme-forever.com\/de\/produkt\/trauerurne-mit-trauernder-frau-kunstvolle-hommage-an-einen-geliebten-menschen\/","og_locale":"de_DE","og_type":"article","og_description":"Die \u201eTrauer\u201c-Urne ist eine einzigartige, symboltr\u00e4chtige Urne f\u00fcr Menschen, die Trauer und Erinnerung k\u00fcnstlerisch zum Ausdruck bringen m\u00f6chten.","og_url":"https:\/\/www.rememberme-forever.com\/de\/produkt\/trauerurne-mit-trauernder-frau-kunstvolle-hommage-an-einen-geliebten-menschen\/","og_site_name":"Remember Forever","article_modified_time":"2025-09-25T11:40:37+00:00","og_image":[{"width":1007,"height":1024,"url":"http:\/\/www.rememberme-forever.com\/wp-content\/uploads\/2024\/11\/M-S20-GRIEF-BLACKBASE_0001.jpg","type":"image\/jpeg"}],"twitter_card":"summary_large_image","twitter_misc":{"Gesch\u00e4tzte Lesezeit":"2\u00a0Minute"},"schema":{"@context":"https:\/\/schema.org","@graph":[{"@type":"WebPage","@id":"https:\/\/www.rememberme-forever.com\/de\/produkt\/trauerurne-mit-trauernder-frau-kunstvolle-hommage-an-einen-geliebten-menschen\/","url":"https:\/\/www.rememberme-forever.com\/de\/produkt\/trauerurne-mit-trauernder-frau-kunstvolle-hommage-an-einen-geliebten-menschen\/","name":"","isPartOf":{"@id":"https:\/\/www.rememberme-forever.com\/de\/#website"},"primaryImageOfPage":{"@id":"https:\/\/www.rememberme-forever.com\/de\/produkt\/trauerurne-mit-trauernder-frau-kunstvolle-hommage-an-einen-geliebten-menschen\/#primaryimage"},"image":{"@id":"https:\/\/www.rememberme-forever.com\/de\/produkt\/trauerurne-mit-trauernder-frau-kunstvolle-hommage-an-einen-geliebten-menschen\/#primaryimage"},"thumbnailUrl":"https:\/\/www.rememberme-forever.com\/wp-content\/uploads\/2024\/11\/M-S20-GRIEF-BLACKBASE_0001.jpg","datePublished":"2024-11-13T11:29:55+00:00","dateModified":"2025-09-25T11:40:37+00:00","description":"Die \u201eTrauer\u201c-Urne ist eine einzigartige, symboltr\u00e4chtige Urne f\u00fcr Menschen, die Trauer und Erinnerung k\u00fcnstlerisch zum Ausdruck bringen m\u00f6chten.","breadcrumb":{"@id":"https:\/\/www.rememberme-forever.com\/de\/produkt\/trauerurne-mit-trauernder-frau-kunstvolle-hommage-an-einen-geliebten-menschen\/#breadcrumb"},"inLanguage":"de","potentialAction":[{"@type":"ReadAction","target":["https:\/\/www.rememberme-forever.com\/de\/produkt\/trauerurne-mit-trauernder-frau-kunstvolle-hommage-an-einen-geliebten-menschen\/"]}]},{"@type":"ImageObject","inLanguage":"de","@id":"https:\/\/www.rememberme-forever.com\/de\/produkt\/trauerurne-mit-trauernder-frau-kunstvolle-hommage-an-einen-geliebten-menschen\/#primaryimage","url":"https:\/\/www.rememberme-forever.com\/wp-content\/uploads\/2024\/11\/M-S20-GRIEF-BLACKBASE_0001.jpg","contentUrl":"https:\/\/www.rememberme-forever.com\/wp-content\/uploads\/2024\/11\/M-S20-GRIEF-BLACKBASE_0001.jpg","width":1007,"height":1024,"caption":"Grief Memorial Urn"},{"@type":"BreadcrumbList","@id":"https:\/\/www.rememberme-forever.com\/de\/produkt\/trauerurne-mit-trauernder-frau-kunstvolle-hommage-an-einen-geliebten-menschen\/#breadcrumb","itemListElement":[{"@type":"ListItem","position":1,"name":"Home","item":"https:\/\/www.rememberme-forever.com\/de\/startseite\/"},{"@type":"ListItem","position":2,"name":"Shop","item":"https:\/\/www.rememberme-forever.com\/de\/shop\/"},{"@type":"ListItem","position":3,"name":"Trauerurne mit trauernder Frau \u2013 Kunstvolle Hommage an einen geliebten Menschen"}]},{"@type":"WebSite","@id":"https:\/\/www.rememberme-forever.com\/de\/#website","url":"https:\/\/www.rememberme-forever.com\/de\/","name":"Remember Forever","description":"Cremation urns, funeral urns, urns for ashes","publisher":{"@id":"https:\/\/www.rememberme-forever.com\/de\/#organization"},"potentialAction":[{"@type":"SearchAction","target":{"@type":"EntryPoint","urlTemplate":"https:\/\/www.rememberme-forever.com\/de\/?s={search_term_string}"},"query-input":{"@type":"PropertyValueSpecification","valueRequired":true,"valueName":"search_term_string"}}],"inLanguage":"de"},{"@type":"Organization","@id":"https:\/\/www.rememberme-forever.com\/de\/#organization","name":"Remember Forever","url":"https:\/\/www.rememberme-forever.com\/de\/","logo":{"@type":"ImageObject","inLanguage":"de","@id":"https:\/\/www.rememberme-forever.com\/de\/#\/schema\/logo\/image\/","url":"https:\/\/www.rememberme-forever.com\/wp-content\/uploads\/2023\/02\/logo.png","contentUrl":"https:\/\/www.rememberme-forever.com\/wp-content\/uploads\/2023\/02\/logo.png","width":300,"height":56,"caption":"Remember Forever"},"image":{"@id":"https:\/\/www.rememberme-forever.com\/de\/#\/schema\/logo\/image\/"}}]}},"acf":[],"_links":{"self":[{"href":"https:\/\/www.rememberme-forever.com\/de\/wp-json\/wp\/v2\/product\/19113","targetHints":{"allow":["GET"]}}],"collection":[{"href":"https:\/\/www.rememberme-forever.com\/de\/wp-json\/wp\/v2\/product"}],"about":[{"href":"https:\/\/www.rememberme-forever.com\/de\/wp-json\/wp\/v2\/types\/product"}],"wp:featuredmedia":[{"embeddable":true,"href":"https:\/\/www.rememberme-forever.com\/de\/wp-json\/wp\/v2\/media\/19120"}],"wp:attachment":[{"href":"https:\/\/www.rememberme-forever.com\/de\/wp-json\/wp\/v2\/media?parent=19113"}],"wp:term":[{"taxonomy":"product_brand","embeddable":true,"href":"https:\/\/www.rememberme-forever.com\/de\/wp-json\/wp\/v2\/product_brand?post=19113"},{"taxonomy":"product_cat","embeddable":true,"href":"https:\/\/www.rememberme-forever.com\/de\/wp-json\/wp\/v2\/product_cat?post=19113"},{"taxonomy":"product_tag","embeddable":true,"href":"https:\/\/www.rememberme-forever.com\/de\/wp-json\/wp\/v2\/product_tag?post=19113"}],"curies":[{"name":"wp","href":"https:\/\/api.w.org\/{rel}","templated":true}]}}