{"id":19217,"date":"2024-11-14T12:28:00","date_gmt":"2024-11-14T11:28:00","guid":{"rendered":"https:\/\/www.rememberme-forever.com\/product\/exklusive-urne-fuer-menschliche-asche-grief-gedenkurne-fuer-erwachsene\/"},"modified":"2025-09-25T15:15:52","modified_gmt":"2025-09-25T13:15:52","slug":"exklusive-urne-fuer-menschliche-asche-grief-gedenkurne-fuer-erwachsene","status":"publish","type":"product","link":"https:\/\/www.rememberme-forever.com\/de\/produkt\/exklusive-urne-fuer-menschliche-asche-grief-gedenkurne-fuer-erwachsene\/","title":{"rendered":"Exklusive Urne f\u00fcr menschliche Asche \u201eGRIEF\u201c \u2013 Gedenkurne f\u00fcr Erwachsene"},"content":{"rendered":"<p style=\"text-align: center;\">Die Urne \u201eGrief\u201c ist ein einzigartiges und symboltr\u00e4chtiges St\u00fcck f\u00fcr alle, die Trauer und Erinnerung k\u00fcnstlerisch zum Ausdruck bringen m\u00f6chten. Die polierte Edelstahlkugel auf einem stabilen Marmorsockel vereint Eleganz und Stabilit\u00e4t. Die reflektierende Oberfl\u00e4che der Kugel spiegelt ihre Umgebung wider und erzeugt einen Effekt unendlicher Tiefe, der die zeitlose Verbundenheit und die bleibende Erinnerung an einen geliebten Menschen symbolisiert.<\/p>\n<div style=\"width: 100%; margin-bottom: 30px; height: max-content; padding-bottom: 60%; position: relative;\"><iframe style=\"position: absolute; top: 0; left: 0; width: 100%; height: 100%;\" src=\"https:\/\/rememberme-urns.com\/urn-with-woman-sculpture-adult-size\/\" frameborder=\"0\"><\/iframe><\/div>\n<div style=\"color: red; text-align: center; margin-bottom: 25px;\">\n<p>&gt;&gt; Rotierendes Foto &#8211; Tippen\/Zoomen &lt;&lt;<\/p>\n<\/div>\n<p style=\"text-align: center;\">Die Figur einer weinenden Frau kniet neben einer Kugel mit Asche, das Gesicht in den H\u00e4nden verborgen. Diese Figur f\u00e4ngt einen Moment tiefer Besinnung ein und erinnert an das Bild einer Person, die an einem Grab weint. Sie vermittelt Empathie, Trost und die gemeinsame Verletzlichkeit im Angesicht der Trauer.<\/p>\n<p style=\"text-align: center;\">Am Boden der Urne befindet sich eine dezente Gewinde\u00f6ffnung, die einen sicheren Verschluss erm\u00f6glicht und die Asche w\u00fcrdevoll und sorgf\u00e4ltig bewahrt. \u201eGrief\u201c verbindet Kunstfertigkeit und Bedeutung und ist eine elegante, zeitlose Hommage an ein geliebtes Leben und die emotionale Reise der Erinnerung. Diese Urne ist ideal, um ein Leben und die bleibende Wirkung von Liebe und Verlust zu ehren und ist ein passendes und sch\u00f6nes Denkmal.<\/p>\n<p>&nbsp;<\/p>\n<p>&nbsp;<\/p>\n<p class=\"MsoNormal\" style=\"text-align: center;\"><b>\u25baPERSONALISIERUNG<\/b><b> \u25c4<\/b><\/p>\n<ul style=\"margin-top: 0cm; text-align: center;\" type=\"disc\">\n<li class=\"MsoNormal\"><span lang=\"EN-US\">Geben Sie den Text an der entsprechenden Stelle ein oder senden Sie uns eine Nachricht.<\/span><\/li>\n<li class=\"MsoNormal\"><span lang=\"EN-US\">Die personalisierte Gedenktafel muss w\u00e4hrend des Bestellvorgangs personalisiert werden. (Keine Sorge, falls Sie es vergessen, k\u00f6nnen Sie uns sp\u00e4ter jederzeit eine Nachricht senden.) <\/span><\/li>\n<li><\/li>\n<\/ul>\n<p class=\"MsoNormal\" style=\"text-align: center;\"><b><span lang=\"EN-US\">Die Textbeschr\u00e4nkungen lauten wie folgt:<\/span><\/b><\/p>\n<ul style=\"margin-top: 0cm; text-align: center;\" type=\"disc\">\n<li class=\"MsoNormal\">Name(n) bis zu 35 Zeichen<\/li>\n<li class=\"MsoNormal\"><span lang=\"EN-US\">Geburts- und Sterbedatum bis zu 35 Zeichen<\/span><\/li>\n<li class=\"MsoNormal\">Dritte Zeile bis zu 35 Zeichen<\/li>\n<li class=\"MsoNormal\">Vierte Zeile: bis zu 35 Zeichen<\/li>\n<li class=\"MsoNormal\">F\u00fcnfte Zeile: bis zu 35 Zeichen<\/li>\n<li class=\"MsoNormal\">Sechste Zeile: bis zu 35 Zeichen<\/li>\n<\/ul>\n<p>&nbsp;<\/p>\n<p class=\"MsoNormal\" style=\"text-align: center;\"><b><span lang=\"EN-US\">Bitte \u00fcberpr\u00fcfen Sie den Gravurtext, bevor Sie das Produkt in den Warenkorb legen. Wir kopieren und gravieren die Informationen, die wir mit der Bestellung erhalten, exakt und nehmen keine \u00c4nderungen vor. <\/span><\/b><\/p>\n<ul style=\"margin-top: 0cm; text-align: center;\" type=\"disc\">\n<li class=\"MsoNormal\"><span lang=\"EN-US\">\u00dcberpr\u00fcfen Sie den Text auf korrekte Schreibweise.<\/span><\/li>\n<\/ul>\n<p class=\"MsoNormal\" style=\"text-align: center;\">\n<p class=\"MsoNormal\" style=\"text-align: center;\">\n","protected":false},"excerpt":{"rendered":"<p>Die Urne \u201eGrief\u201c ist ein einzigartiges und symboltr\u00e4chtiges St\u00fcck f\u00fcr alle, die Trauer und Erinnerung k\u00fcnstlerisch zum Ausdruck bringen m\u00f6chten. Die polierte Edelstahlkugel auf einem&#8230;<\/p>\n","protected":false},"featured_media":19218,"template":"","meta":{"_acf_changed":false},"product_brand":[],"product_cat":[2340],"product_tag":[3348],"class_list":{"0":"post-19217","1":"product","2":"type-product","3":"status-publish","4":"has-post-thumbnail","6":"product_cat-metallurnen","7":"product_tag-gpsr-metal_stonebase","8":"product_shipping_class-art-urns-kule-do20cm-de","10":"first","11":"instock","12":"featured","13":"taxable","14":"shipping-taxable","15":"purchasable","16":"product-type-simple"},"yoast_head":"<!-- This site is optimized with the Yoast SEO plugin v27.4 - https:\/\/yoast.com\/product\/yoast-seo-wordpress\/ -->\n<title>Exklusive Urne f\u00fcr menschliche Asche \u201eGRIEF\u201c \u2013 Gedenkurne f\u00fcr Erwachsene - Remember Forever<\/title>\n<meta name=\"description\" content=\"Die \u201eGrief\u201c-Urne ist ein einzigartiges und symboltr\u00e4chtiges Kremationsst\u00fcck f\u00fcr alle, die Trauer und Erinnerung k\u00fcnstlerisch zum Ausdruck bringen m\u00f6chten.\" \/>\n<meta name=\"robots\" content=\"index, follow, max-snippet:-1, max-image-preview:large, max-video-preview:-1\" \/>\n<link rel=\"canonical\" href=\"https:\/\/www.rememberme-forever.com\/de\/produkt\/exklusive-urne-fuer-menschliche-asche-grief-gedenkurne-fuer-erwachsene\/\" \/>\n<meta property=\"og:locale\" content=\"de_DE\" \/>\n<meta property=\"og:type\" content=\"article\" \/>\n<meta property=\"og:title\" content=\"Exklusive Urne f\u00fcr menschliche Asche \u201eGRIEF\u201c \u2013 Gedenkurne f\u00fcr Erwachsene - Remember Forever\" \/>\n<meta property=\"og:description\" content=\"Die \u201eGrief\u201c-Urne ist ein einzigartiges und symboltr\u00e4chtiges Kremationsst\u00fcck f\u00fcr alle, die Trauer und Erinnerung k\u00fcnstlerisch zum Ausdruck bringen m\u00f6chten.\" \/>\n<meta property=\"og:url\" content=\"https:\/\/www.rememberme-forever.com\/de\/produkt\/exklusive-urne-fuer-menschliche-asche-grief-gedenkurne-fuer-erwachsene\/\" \/>\n<meta property=\"og:site_name\" content=\"Remember Forever\" \/>\n<meta property=\"article:modified_time\" content=\"2025-09-25T13:15:52+00:00\" \/>\n<meta property=\"og:image\" content=\"http:\/\/www.rememberme-forever.com\/wp-content\/uploads\/2024\/11\/M-S20-GRIEF-WHITEBASE-D1_0001-1.jpg\" \/>\n\t<meta property=\"og:image:width\" content=\"1007\" \/>\n\t<meta property=\"og:image:height\" content=\"1024\" \/>\n\t<meta property=\"og:image:type\" content=\"image\/jpeg\" \/>\n<meta name=\"twitter:card\" content=\"summary_large_image\" \/>\n<meta name=\"twitter:label1\" content=\"Gesch\u00e4tzte Lesezeit\" \/>\n\t<meta name=\"twitter:data1\" content=\"2\u00a0Minute\" \/>\n<script type=\"application\/ld+json\" class=\"yoast-schema-graph\">{\"@context\":\"https:\\\/\\\/schema.org\",\"@graph\":[{\"@type\":\"WebPage\",\"@id\":\"https:\\\/\\\/www.rememberme-forever.com\\\/de\\\/produkt\\\/exklusive-urne-fuer-menschliche-asche-grief-gedenkurne-fuer-erwachsene\\\/\",\"url\":\"https:\\\/\\\/www.rememberme-forever.com\\\/de\\\/produkt\\\/exklusive-urne-fuer-menschliche-asche-grief-gedenkurne-fuer-erwachsene\\\/\",\"name\":\"Exklusive Urne f\u00fcr menschliche Asche \u201eGRIEF\u201c \u2013 Gedenkurne f\u00fcr Erwachsene - Remember Forever\",\"isPartOf\":{\"@id\":\"https:\\\/\\\/www.rememberme-forever.com\\\/de\\\/#website\"},\"primaryImageOfPage\":{\"@id\":\"https:\\\/\\\/www.rememberme-forever.com\\\/de\\\/produkt\\\/exklusive-urne-fuer-menschliche-asche-grief-gedenkurne-fuer-erwachsene\\\/#primaryimage\"},\"image\":{\"@id\":\"https:\\\/\\\/www.rememberme-forever.com\\\/de\\\/produkt\\\/exklusive-urne-fuer-menschliche-asche-grief-gedenkurne-fuer-erwachsene\\\/#primaryimage\"},\"thumbnailUrl\":\"https:\\\/\\\/www.rememberme-forever.com\\\/wp-content\\\/uploads\\\/2024\\\/11\\\/M-S20-GRIEF-WHITEBASE-D1_0001-1.jpg\",\"datePublished\":\"2024-11-14T11:28:00+00:00\",\"dateModified\":\"2025-09-25T13:15:52+00:00\",\"description\":\"Die \u201eGrief\u201c-Urne ist ein einzigartiges und symboltr\u00e4chtiges Kremationsst\u00fcck f\u00fcr alle, die Trauer und Erinnerung k\u00fcnstlerisch zum Ausdruck bringen m\u00f6chten.\",\"breadcrumb\":{\"@id\":\"https:\\\/\\\/www.rememberme-forever.com\\\/de\\\/produkt\\\/exklusive-urne-fuer-menschliche-asche-grief-gedenkurne-fuer-erwachsene\\\/#breadcrumb\"},\"inLanguage\":\"de\",\"potentialAction\":[{\"@type\":\"ReadAction\",\"target\":[\"https:\\\/\\\/www.rememberme-forever.com\\\/de\\\/produkt\\\/exklusive-urne-fuer-menschliche-asche-grief-gedenkurne-fuer-erwachsene\\\/\"]}]},{\"@type\":\"ImageObject\",\"inLanguage\":\"de\",\"@id\":\"https:\\\/\\\/www.rememberme-forever.com\\\/de\\\/produkt\\\/exklusive-urne-fuer-menschliche-asche-grief-gedenkurne-fuer-erwachsene\\\/#primaryimage\",\"url\":\"https:\\\/\\\/www.rememberme-forever.com\\\/wp-content\\\/uploads\\\/2024\\\/11\\\/M-S20-GRIEF-WHITEBASE-D1_0001-1.jpg\",\"contentUrl\":\"https:\\\/\\\/www.rememberme-forever.com\\\/wp-content\\\/uploads\\\/2024\\\/11\\\/M-S20-GRIEF-WHITEBASE-D1_0001-1.jpg\",\"width\":1007,\"height\":1024,\"caption\":\"Cherished Loved one urn , Adult size memorial urn\"},{\"@type\":\"BreadcrumbList\",\"@id\":\"https:\\\/\\\/www.rememberme-forever.com\\\/de\\\/produkt\\\/exklusive-urne-fuer-menschliche-asche-grief-gedenkurne-fuer-erwachsene\\\/#breadcrumb\",\"itemListElement\":[{\"@type\":\"ListItem\",\"position\":1,\"name\":\"Home\",\"item\":\"https:\\\/\\\/www.rememberme-forever.com\\\/de\\\/startseite\\\/\"},{\"@type\":\"ListItem\",\"position\":2,\"name\":\"Shop\",\"item\":\"https:\\\/\\\/www.rememberme-forever.com\\\/de\\\/shop\\\/\"},{\"@type\":\"ListItem\",\"position\":3,\"name\":\"Exklusive Urne f\u00fcr menschliche Asche \u201eGRIEF\u201c \u2013 Gedenkurne f\u00fcr Erwachsene\"}]},{\"@type\":\"WebSite\",\"@id\":\"https:\\\/\\\/www.rememberme-forever.com\\\/de\\\/#website\",\"url\":\"https:\\\/\\\/www.rememberme-forever.com\\\/de\\\/\",\"name\":\"Remember Forever\",\"description\":\"Cremation urns, funeral urns, urns for ashes\",\"publisher\":{\"@id\":\"https:\\\/\\\/www.rememberme-forever.com\\\/de\\\/#organization\"},\"potentialAction\":[{\"@type\":\"SearchAction\",\"target\":{\"@type\":\"EntryPoint\",\"urlTemplate\":\"https:\\\/\\\/www.rememberme-forever.com\\\/de\\\/?s={search_term_string}\"},\"query-input\":{\"@type\":\"PropertyValueSpecification\",\"valueRequired\":true,\"valueName\":\"search_term_string\"}}],\"inLanguage\":\"de\"},{\"@type\":\"Organization\",\"@id\":\"https:\\\/\\\/www.rememberme-forever.com\\\/de\\\/#organization\",\"name\":\"Remember Forever\",\"url\":\"https:\\\/\\\/www.rememberme-forever.com\\\/de\\\/\",\"logo\":{\"@type\":\"ImageObject\",\"inLanguage\":\"de\",\"@id\":\"https:\\\/\\\/www.rememberme-forever.com\\\/de\\\/#\\\/schema\\\/logo\\\/image\\\/\",\"url\":\"https:\\\/\\\/www.rememberme-forever.com\\\/wp-content\\\/uploads\\\/2023\\\/02\\\/logo.png\",\"contentUrl\":\"https:\\\/\\\/www.rememberme-forever.com\\\/wp-content\\\/uploads\\\/2023\\\/02\\\/logo.png\",\"width\":300,\"height\":56,\"caption\":\"Remember Forever\"},\"image\":{\"@id\":\"https:\\\/\\\/www.rememberme-forever.com\\\/de\\\/#\\\/schema\\\/logo\\\/image\\\/\"}}]}<\/script>\n<!-- \/ Yoast SEO plugin. -->","yoast_head_json":{"title":"Exklusive Urne f\u00fcr menschliche Asche \u201eGRIEF\u201c \u2013 Gedenkurne f\u00fcr Erwachsene - Remember Forever","description":"Die \u201eGrief\u201c-Urne ist ein einzigartiges und symboltr\u00e4chtiges Kremationsst\u00fcck f\u00fcr alle, die Trauer und Erinnerung k\u00fcnstlerisch zum Ausdruck bringen m\u00f6chten.","robots":{"index":"index","follow":"follow","max-snippet":"max-snippet:-1","max-image-preview":"max-image-preview:large","max-video-preview":"max-video-preview:-1"},"canonical":"https:\/\/www.rememberme-forever.com\/de\/produkt\/exklusive-urne-fuer-menschliche-asche-grief-gedenkurne-fuer-erwachsene\/","og_locale":"de_DE","og_type":"article","og_title":"Exklusive Urne f\u00fcr menschliche Asche \u201eGRIEF\u201c \u2013 Gedenkurne f\u00fcr Erwachsene - Remember Forever","og_description":"Die \u201eGrief\u201c-Urne ist ein einzigartiges und symboltr\u00e4chtiges Kremationsst\u00fcck f\u00fcr alle, die Trauer und Erinnerung k\u00fcnstlerisch zum Ausdruck bringen m\u00f6chten.","og_url":"https:\/\/www.rememberme-forever.com\/de\/produkt\/exklusive-urne-fuer-menschliche-asche-grief-gedenkurne-fuer-erwachsene\/","og_site_name":"Remember Forever","article_modified_time":"2025-09-25T13:15:52+00:00","og_image":[{"width":1007,"height":1024,"url":"http:\/\/www.rememberme-forever.com\/wp-content\/uploads\/2024\/11\/M-S20-GRIEF-WHITEBASE-D1_0001-1.jpg","type":"image\/jpeg"}],"twitter_card":"summary_large_image","twitter_misc":{"Gesch\u00e4tzte Lesezeit":"2\u00a0Minute"},"schema":{"@context":"https:\/\/schema.org","@graph":[{"@type":"WebPage","@id":"https:\/\/www.rememberme-forever.com\/de\/produkt\/exklusive-urne-fuer-menschliche-asche-grief-gedenkurne-fuer-erwachsene\/","url":"https:\/\/www.rememberme-forever.com\/de\/produkt\/exklusive-urne-fuer-menschliche-asche-grief-gedenkurne-fuer-erwachsene\/","name":"Exklusive Urne f\u00fcr menschliche Asche \u201eGRIEF\u201c \u2013 Gedenkurne f\u00fcr Erwachsene - Remember Forever","isPartOf":{"@id":"https:\/\/www.rememberme-forever.com\/de\/#website"},"primaryImageOfPage":{"@id":"https:\/\/www.rememberme-forever.com\/de\/produkt\/exklusive-urne-fuer-menschliche-asche-grief-gedenkurne-fuer-erwachsene\/#primaryimage"},"image":{"@id":"https:\/\/www.rememberme-forever.com\/de\/produkt\/exklusive-urne-fuer-menschliche-asche-grief-gedenkurne-fuer-erwachsene\/#primaryimage"},"thumbnailUrl":"https:\/\/www.rememberme-forever.com\/wp-content\/uploads\/2024\/11\/M-S20-GRIEF-WHITEBASE-D1_0001-1.jpg","datePublished":"2024-11-14T11:28:00+00:00","dateModified":"2025-09-25T13:15:52+00:00","description":"Die \u201eGrief\u201c-Urne ist ein einzigartiges und symboltr\u00e4chtiges Kremationsst\u00fcck f\u00fcr alle, die Trauer und Erinnerung k\u00fcnstlerisch zum Ausdruck bringen m\u00f6chten.","breadcrumb":{"@id":"https:\/\/www.rememberme-forever.com\/de\/produkt\/exklusive-urne-fuer-menschliche-asche-grief-gedenkurne-fuer-erwachsene\/#breadcrumb"},"inLanguage":"de","potentialAction":[{"@type":"ReadAction","target":["https:\/\/www.rememberme-forever.com\/de\/produkt\/exklusive-urne-fuer-menschliche-asche-grief-gedenkurne-fuer-erwachsene\/"]}]},{"@type":"ImageObject","inLanguage":"de","@id":"https:\/\/www.rememberme-forever.com\/de\/produkt\/exklusive-urne-fuer-menschliche-asche-grief-gedenkurne-fuer-erwachsene\/#primaryimage","url":"https:\/\/www.rememberme-forever.com\/wp-content\/uploads\/2024\/11\/M-S20-GRIEF-WHITEBASE-D1_0001-1.jpg","contentUrl":"https:\/\/www.rememberme-forever.com\/wp-content\/uploads\/2024\/11\/M-S20-GRIEF-WHITEBASE-D1_0001-1.jpg","width":1007,"height":1024,"caption":"Cherished Loved one urn , Adult size memorial urn"},{"@type":"BreadcrumbList","@id":"https:\/\/www.rememberme-forever.com\/de\/produkt\/exklusive-urne-fuer-menschliche-asche-grief-gedenkurne-fuer-erwachsene\/#breadcrumb","itemListElement":[{"@type":"ListItem","position":1,"name":"Home","item":"https:\/\/www.rememberme-forever.com\/de\/startseite\/"},{"@type":"ListItem","position":2,"name":"Shop","item":"https:\/\/www.rememberme-forever.com\/de\/shop\/"},{"@type":"ListItem","position":3,"name":"Exklusive Urne f\u00fcr menschliche Asche \u201eGRIEF\u201c \u2013 Gedenkurne f\u00fcr Erwachsene"}]},{"@type":"WebSite","@id":"https:\/\/www.rememberme-forever.com\/de\/#website","url":"https:\/\/www.rememberme-forever.com\/de\/","name":"Remember Forever","description":"Cremation urns, funeral urns, urns for ashes","publisher":{"@id":"https:\/\/www.rememberme-forever.com\/de\/#organization"},"potentialAction":[{"@type":"SearchAction","target":{"@type":"EntryPoint","urlTemplate":"https:\/\/www.rememberme-forever.com\/de\/?s={search_term_string}"},"query-input":{"@type":"PropertyValueSpecification","valueRequired":true,"valueName":"search_term_string"}}],"inLanguage":"de"},{"@type":"Organization","@id":"https:\/\/www.rememberme-forever.com\/de\/#organization","name":"Remember Forever","url":"https:\/\/www.rememberme-forever.com\/de\/","logo":{"@type":"ImageObject","inLanguage":"de","@id":"https:\/\/www.rememberme-forever.com\/de\/#\/schema\/logo\/image\/","url":"https:\/\/www.rememberme-forever.com\/wp-content\/uploads\/2023\/02\/logo.png","contentUrl":"https:\/\/www.rememberme-forever.com\/wp-content\/uploads\/2023\/02\/logo.png","width":300,"height":56,"caption":"Remember Forever"},"image":{"@id":"https:\/\/www.rememberme-forever.com\/de\/#\/schema\/logo\/image\/"}}]}},"acf":[],"_links":{"self":[{"href":"https:\/\/www.rememberme-forever.com\/de\/wp-json\/wp\/v2\/product\/19217","targetHints":{"allow":["GET"]}}],"collection":[{"href":"https:\/\/www.rememberme-forever.com\/de\/wp-json\/wp\/v2\/product"}],"about":[{"href":"https:\/\/www.rememberme-forever.com\/de\/wp-json\/wp\/v2\/types\/product"}],"wp:featuredmedia":[{"embeddable":true,"href":"https:\/\/www.rememberme-forever.com\/de\/wp-json\/wp\/v2\/media\/19218"}],"wp:attachment":[{"href":"https:\/\/www.rememberme-forever.com\/de\/wp-json\/wp\/v2\/media?parent=19217"}],"wp:term":[{"taxonomy":"product_brand","embeddable":true,"href":"https:\/\/www.rememberme-forever.com\/de\/wp-json\/wp\/v2\/product_brand?post=19217"},{"taxonomy":"product_cat","embeddable":true,"href":"https:\/\/www.rememberme-forever.com\/de\/wp-json\/wp\/v2\/product_cat?post=19217"},{"taxonomy":"product_tag","embeddable":true,"href":"https:\/\/www.rememberme-forever.com\/de\/wp-json\/wp\/v2\/product_tag?post=19217"}],"curies":[{"name":"wp","href":"https:\/\/api.w.org\/{rel}","templated":true}]}}