{"id":19260,"date":"2024-10-23T14:06:46","date_gmt":"2024-10-23T12:06:46","guid":{"rendered":"https:\/\/www.rememberme-forever.com\/product\/urne-fuer-kinderasche-mit-winnie-puuh-motiv\/"},"modified":"2025-10-15T13:23:22","modified_gmt":"2025-10-15T11:23:22","slug":"urne-fuer-kinderasche-mit-winnie-puuh-motiv","status":"publish","type":"product","link":"https:\/\/www.rememberme-forever.com\/de\/produkt\/urne-fuer-kinderasche-mit-winnie-puuh-motiv\/","title":{"rendered":"Urne f\u00fcr Kinderasche mit Winnie Puuh Motiv"},"content":{"rendered":"<p style=\"text-align: center;\">Wir pr\u00e4sentieren die handbemalte Urne f\u00fcr Kinder \u2013 Motiv \u201eTiger &amp; Esel\u201c \u2013 eine liebevoll und wundersch\u00f6n gefertigte Urne, die die Erinnerung an ein geliebtes Baby oder Kleinkind in Ehren h\u00e4lt. Diese einzigartige Urne vereint sanfte Motive mit hochwertigen Materialien und bietet eine friedliche Ruhest\u00e4tte f\u00fcr die Asche mit einem zarten Touch. <\/p>\n<p style=\"text-align: center;\">Diese Urne aus hochwertigem Edelstahl ist langlebig und bewahrt die Erinnerung an Ihr Kind lange. Die glatte, polierte Oberfl\u00e4che ist handbemalt mit zarten Darstellungen eines verspielten Tigers und eines sanften Esels, inspiriert von den beliebten Figuren aus Winnie Puuh. Diese vertrauten und tr\u00f6stenden Figuren vermitteln Unschuld, Freundschaft und W\u00e4rme und machen diese Urne zu einer bedeutungsvollen Erinnerung.  <\/p>\n<p style=\"text-align: center;\">Die Urne steht auf einem stabilen Marmorsockel, der ihr Eleganz und Stabilit\u00e4t verleiht. Die Kombination aus Edelstahl und Marmor schafft ein zeitloses St\u00fcck, das Langlebigkeit mit k\u00fcnstlerischer Sch\u00f6nheit verbindet. Dank seines kompakten Designs findet es seinen Platz an einem besonderen Ort in Ihrem Zuhause und schafft ein bleibendes, liebevolles Andenken.  <\/p>\n<div style=\"width: 100%; margin-bottom: 30px; height: max-content; padding-bottom: 60%; position: relative; text-align: center;\"><iframe style=\"position: absolute; top: 0; left: 0; width: 100%; height: 100%;\" src=\"https:\/\/rememberme-urns.com\/winnie-te-pooh-child-urn\/\" frameborder=\"0\"><\/iframe><\/div>\n<div style=\"color: red; text-align: center; margin-bottom: 25px;\">\n<p>&gt;&gt;  Rotierendes Foto &#8211; Tippen\/Zoomen  &lt;&lt;<\/p>\n<\/div>\n<p style=\"text-align: center;\">Hauptmerkmale:<\/p>\n<ul style=\"text-align: center;\">\n<li>Handgemalte Winnie Puuh-Motive<\/li>\n<li>Langlebige Edelstahlkonstruktion<\/li>\n<li>Massiver Marmorsockel f\u00fcr zus\u00e4tzliche Eleganz<\/li>\n<li>Sorgf\u00e4ltig gestaltet, um die Erinnerung an ein geliebtes Kind zu ehren<\/li>\n<li>Diese Urne ist eine liebevolle Erinnerung an die Liebe und Freude, die Ihr Kind in die Welt gebracht hat.<\/li>\n<\/ul>\n<p style=\"text-align: center;\"><span style=\"font-weight: 600;\">\u25ba PERSONALISIERUNG \u25c4<\/span><\/p>\n<ul style=\"text-align: center;\">\n<li>Die personalisierte Gedenktafel muss w\u00e4hrend des Bestellvorgangs personalisiert werden. (Keine Sorge, falls Sie es vergessen, Sie k\u00f6nnen uns sp\u00e4ter jederzeit eine Nachricht senden.) <\/li>\n<\/ul>\n<p style=\"text-align: center;\"><span style=\"font-weight: 600; color: inherit;\">Die Textbeschr\u00e4nkungen lauten wie folgt:<\/span><\/p>\n<ul style=\"text-align: center;\">\n<li>Name(n) bis zu 35 Zeichen<\/li>\n<li>Geburts- und Sterbedatum bis zu 35 Zeichen<\/li>\n<li>Dritte Zeile bis zu 35 Zeichen<\/li>\n<li>Vierte Zeile: bis zu 35 Zeichen<\/li>\n<li>F\u00fcnfte Zeile: bis zu 35 Zeichen<\/li>\n<li>Sechste Zeile: bis zu 35 Zeichen<\/li>\n<\/ul>\n<p style=\"text-align: center;\"><span style=\"font-weight: 600; color: inherit;\">Bitte \u00fcberpr\u00fcfen Sie den Gravurtext, bevor Sie das Produkt in den Warenkorb legen. Wir kopieren und gravieren genau die Informationen, die wir mit der Bestellung erhalten, und nehmen keine \u00c4nderungen vor. <\/span><\/p>\n<ul>\n<li style=\"text-align: center;\">\u00dcberpr\u00fcfen Sie den Text auf korrekte Schreibweise.<\/li>\n<\/ul>\n","protected":false},"excerpt":{"rendered":"<p>Wir pr\u00e4sentieren die handbemalte Urne f\u00fcr Kinder \u2013 Motiv \u201eTiger &amp; Esel\u201c \u2013 eine liebevoll und wundersch\u00f6n gefertigte Urne, die die Erinnerung an ein geliebtes&#8230;<\/p>\n","protected":false},"featured_media":19261,"comment_status":"closed","ping_status":"closed","template":"","meta":{"_acf_changed":false},"product_brand":[],"product_cat":[2334,2331],"product_tag":[3348],"class_list":{"0":"post-19260","1":"product","2":"type-product","3":"status-publish","4":"has-post-thumbnail","6":"product_cat-kinderurnen","7":"product_cat-kunstlerische-urnen","8":"product_tag-gpsr-metal_stonebase","9":"product_shipping_class-art-urns-kule-do20cm-de","11":"first","12":"instock","13":"taxable","14":"shipping-taxable","15":"purchasable","16":"product-type-simple"},"yoast_head":"<!-- This site is optimized with the Yoast SEO plugin v27.5 - https:\/\/yoast.com\/product\/yoast-seo-wordpress\/ -->\n<title>Urne f\u00fcr Kinderasche mit Winnie Puuh Motiv - Remember Forever<\/title>\n<meta name=\"description\" content=\"Wir pr\u00e4sentieren die handbemalte Urne f\u00fcr Kinder \u2013 Motiv: Kleiner Tiger &amp; Esel \u2013 eine liebevolle und wundersch\u00f6n gefertigte Urne f\u00fcr...\" \/>\n<meta name=\"robots\" content=\"index, follow, max-snippet:-1, max-image-preview:large, max-video-preview:-1\" \/>\n<link rel=\"canonical\" href=\"https:\/\/www.rememberme-forever.com\/de\/produkt\/urne-fuer-kinderasche-mit-winnie-puuh-motiv\/\" \/>\n<meta property=\"og:locale\" content=\"de_DE\" \/>\n<meta property=\"og:type\" content=\"article\" \/>\n<meta property=\"og:title\" content=\"Urne f\u00fcr Kinderasche mit Winnie Puuh Motiv - Remember Forever\" \/>\n<meta property=\"og:description\" content=\"Wir pr\u00e4sentieren die handbemalte Urne f\u00fcr Kinder \u2013 Motiv: Kleiner Tiger &amp; Esel \u2013 eine liebevolle und wundersch\u00f6n gefertigte Urne f\u00fcr...\" \/>\n<meta property=\"og:url\" content=\"https:\/\/www.rememberme-forever.com\/de\/produkt\/urne-fuer-kinderasche-mit-winnie-puuh-motiv\/\" \/>\n<meta property=\"og:site_name\" content=\"Remember Forever\" \/>\n<meta property=\"article:modified_time\" content=\"2025-10-15T11:23:22+00:00\" \/>\n<meta property=\"og:image\" content=\"https:\/\/www.rememberme-forever.com\/wp-content\/uploads\/2024\/10\/Winnie-the-Pooh-child-urn_0001.jpg\" \/>\n\t<meta property=\"og:image:width\" content=\"1007\" \/>\n\t<meta property=\"og:image:height\" content=\"1024\" \/>\n\t<meta property=\"og:image:type\" content=\"image\/jpeg\" \/>\n<meta name=\"twitter:card\" content=\"summary_large_image\" \/>\n<meta name=\"twitter:label1\" content=\"Gesch\u00e4tzte Lesezeit\" \/>\n\t<meta name=\"twitter:data1\" content=\"2\u00a0Minute\" \/>\n<script type=\"application\/ld+json\" class=\"yoast-schema-graph\">{\"@context\":\"https:\\\/\\\/schema.org\",\"@graph\":[{\"@type\":\"WebPage\",\"@id\":\"https:\\\/\\\/www.rememberme-forever.com\\\/de\\\/produkt\\\/urne-fuer-kinderasche-mit-winnie-puuh-motiv\\\/\",\"url\":\"https:\\\/\\\/www.rememberme-forever.com\\\/de\\\/produkt\\\/urne-fuer-kinderasche-mit-winnie-puuh-motiv\\\/\",\"name\":\"Urne f\u00fcr Kinderasche mit Winnie Puuh Motiv - Remember Forever\",\"isPartOf\":{\"@id\":\"https:\\\/\\\/www.rememberme-forever.com\\\/de\\\/#website\"},\"primaryImageOfPage\":{\"@id\":\"https:\\\/\\\/www.rememberme-forever.com\\\/de\\\/produkt\\\/urne-fuer-kinderasche-mit-winnie-puuh-motiv\\\/#primaryimage\"},\"image\":{\"@id\":\"https:\\\/\\\/www.rememberme-forever.com\\\/de\\\/produkt\\\/urne-fuer-kinderasche-mit-winnie-puuh-motiv\\\/#primaryimage\"},\"thumbnailUrl\":\"https:\\\/\\\/www.rememberme-forever.com\\\/wp-content\\\/uploads\\\/2024\\\/10\\\/Winnie-the-Pooh-child-urn_0001.jpg\",\"datePublished\":\"2024-10-23T12:06:46+00:00\",\"dateModified\":\"2025-10-15T11:23:22+00:00\",\"description\":\"Wir pr\u00e4sentieren die handbemalte Urne f\u00fcr Kinder \u2013 Motiv: Kleiner Tiger & Esel \u2013 eine liebevolle und wundersch\u00f6n gefertigte Urne f\u00fcr...\",\"breadcrumb\":{\"@id\":\"https:\\\/\\\/www.rememberme-forever.com\\\/de\\\/produkt\\\/urne-fuer-kinderasche-mit-winnie-puuh-motiv\\\/#breadcrumb\"},\"inLanguage\":\"de\",\"potentialAction\":[{\"@type\":\"ReadAction\",\"target\":[\"https:\\\/\\\/www.rememberme-forever.com\\\/de\\\/produkt\\\/urne-fuer-kinderasche-mit-winnie-puuh-motiv\\\/\"]}]},{\"@type\":\"ImageObject\",\"inLanguage\":\"de\",\"@id\":\"https:\\\/\\\/www.rememberme-forever.com\\\/de\\\/produkt\\\/urne-fuer-kinderasche-mit-winnie-puuh-motiv\\\/#primaryimage\",\"url\":\"https:\\\/\\\/www.rememberme-forever.com\\\/wp-content\\\/uploads\\\/2024\\\/10\\\/Winnie-the-Pooh-child-urn_0001.jpg\",\"contentUrl\":\"https:\\\/\\\/www.rememberme-forever.com\\\/wp-content\\\/uploads\\\/2024\\\/10\\\/Winnie-the-Pooh-child-urn_0001.jpg\",\"width\":1007,\"height\":1024,\"caption\":\"Winnie Puuh Kinderurne mit Winnie Puuh, Tigger und I-Aah\"},{\"@type\":\"BreadcrumbList\",\"@id\":\"https:\\\/\\\/www.rememberme-forever.com\\\/de\\\/produkt\\\/urne-fuer-kinderasche-mit-winnie-puuh-motiv\\\/#breadcrumb\",\"itemListElement\":[{\"@type\":\"ListItem\",\"position\":1,\"name\":\"Home\",\"item\":\"https:\\\/\\\/www.rememberme-forever.com\\\/de\\\/startseite\\\/\"},{\"@type\":\"ListItem\",\"position\":2,\"name\":\"Shop\",\"item\":\"https:\\\/\\\/www.rememberme-forever.com\\\/de\\\/shop\\\/\"},{\"@type\":\"ListItem\",\"position\":3,\"name\":\"Urne f\u00fcr Kinderasche mit Winnie Puuh Motiv\"}]},{\"@type\":\"WebSite\",\"@id\":\"https:\\\/\\\/www.rememberme-forever.com\\\/de\\\/#website\",\"url\":\"https:\\\/\\\/www.rememberme-forever.com\\\/de\\\/\",\"name\":\"Remember Forever\",\"description\":\"Cremation urns, funeral urns, urns for ashes\",\"publisher\":{\"@id\":\"https:\\\/\\\/www.rememberme-forever.com\\\/de\\\/#organization\"},\"potentialAction\":[{\"@type\":\"SearchAction\",\"target\":{\"@type\":\"EntryPoint\",\"urlTemplate\":\"https:\\\/\\\/www.rememberme-forever.com\\\/de\\\/?s={search_term_string}\"},\"query-input\":{\"@type\":\"PropertyValueSpecification\",\"valueRequired\":true,\"valueName\":\"search_term_string\"}}],\"inLanguage\":\"de\"},{\"@type\":\"Organization\",\"@id\":\"https:\\\/\\\/www.rememberme-forever.com\\\/de\\\/#organization\",\"name\":\"Remember Forever\",\"url\":\"https:\\\/\\\/www.rememberme-forever.com\\\/de\\\/\",\"logo\":{\"@type\":\"ImageObject\",\"inLanguage\":\"de\",\"@id\":\"https:\\\/\\\/www.rememberme-forever.com\\\/de\\\/#\\\/schema\\\/logo\\\/image\\\/\",\"url\":\"https:\\\/\\\/www.rememberme-forever.com\\\/wp-content\\\/uploads\\\/2023\\\/02\\\/logo.png\",\"contentUrl\":\"https:\\\/\\\/www.rememberme-forever.com\\\/wp-content\\\/uploads\\\/2023\\\/02\\\/logo.png\",\"width\":300,\"height\":56,\"caption\":\"Remember Forever\"},\"image\":{\"@id\":\"https:\\\/\\\/www.rememberme-forever.com\\\/de\\\/#\\\/schema\\\/logo\\\/image\\\/\"}}]}<\/script>\n<!-- \/ Yoast SEO plugin. -->","yoast_head_json":{"title":"Urne f\u00fcr Kinderasche mit Winnie Puuh Motiv - Remember Forever","description":"Wir pr\u00e4sentieren die handbemalte Urne f\u00fcr Kinder \u2013 Motiv: Kleiner Tiger & Esel \u2013 eine liebevolle und wundersch\u00f6n gefertigte Urne f\u00fcr...","robots":{"index":"index","follow":"follow","max-snippet":"max-snippet:-1","max-image-preview":"max-image-preview:large","max-video-preview":"max-video-preview:-1"},"canonical":"https:\/\/www.rememberme-forever.com\/de\/produkt\/urne-fuer-kinderasche-mit-winnie-puuh-motiv\/","og_locale":"de_DE","og_type":"article","og_title":"Urne f\u00fcr Kinderasche mit Winnie Puuh Motiv - Remember Forever","og_description":"Wir pr\u00e4sentieren die handbemalte Urne f\u00fcr Kinder \u2013 Motiv: Kleiner Tiger & Esel \u2013 eine liebevolle und wundersch\u00f6n gefertigte Urne f\u00fcr...","og_url":"https:\/\/www.rememberme-forever.com\/de\/produkt\/urne-fuer-kinderasche-mit-winnie-puuh-motiv\/","og_site_name":"Remember Forever","article_modified_time":"2025-10-15T11:23:22+00:00","og_image":[{"width":1007,"height":1024,"url":"https:\/\/www.rememberme-forever.com\/wp-content\/uploads\/2024\/10\/Winnie-the-Pooh-child-urn_0001.jpg","type":"image\/jpeg"}],"twitter_card":"summary_large_image","twitter_misc":{"Gesch\u00e4tzte Lesezeit":"2\u00a0Minute"},"schema":{"@context":"https:\/\/schema.org","@graph":[{"@type":"WebPage","@id":"https:\/\/www.rememberme-forever.com\/de\/produkt\/urne-fuer-kinderasche-mit-winnie-puuh-motiv\/","url":"https:\/\/www.rememberme-forever.com\/de\/produkt\/urne-fuer-kinderasche-mit-winnie-puuh-motiv\/","name":"Urne f\u00fcr Kinderasche mit Winnie Puuh Motiv - Remember Forever","isPartOf":{"@id":"https:\/\/www.rememberme-forever.com\/de\/#website"},"primaryImageOfPage":{"@id":"https:\/\/www.rememberme-forever.com\/de\/produkt\/urne-fuer-kinderasche-mit-winnie-puuh-motiv\/#primaryimage"},"image":{"@id":"https:\/\/www.rememberme-forever.com\/de\/produkt\/urne-fuer-kinderasche-mit-winnie-puuh-motiv\/#primaryimage"},"thumbnailUrl":"https:\/\/www.rememberme-forever.com\/wp-content\/uploads\/2024\/10\/Winnie-the-Pooh-child-urn_0001.jpg","datePublished":"2024-10-23T12:06:46+00:00","dateModified":"2025-10-15T11:23:22+00:00","description":"Wir pr\u00e4sentieren die handbemalte Urne f\u00fcr Kinder \u2013 Motiv: Kleiner Tiger & Esel \u2013 eine liebevolle und wundersch\u00f6n gefertigte Urne f\u00fcr...","breadcrumb":{"@id":"https:\/\/www.rememberme-forever.com\/de\/produkt\/urne-fuer-kinderasche-mit-winnie-puuh-motiv\/#breadcrumb"},"inLanguage":"de","potentialAction":[{"@type":"ReadAction","target":["https:\/\/www.rememberme-forever.com\/de\/produkt\/urne-fuer-kinderasche-mit-winnie-puuh-motiv\/"]}]},{"@type":"ImageObject","inLanguage":"de","@id":"https:\/\/www.rememberme-forever.com\/de\/produkt\/urne-fuer-kinderasche-mit-winnie-puuh-motiv\/#primaryimage","url":"https:\/\/www.rememberme-forever.com\/wp-content\/uploads\/2024\/10\/Winnie-the-Pooh-child-urn_0001.jpg","contentUrl":"https:\/\/www.rememberme-forever.com\/wp-content\/uploads\/2024\/10\/Winnie-the-Pooh-child-urn_0001.jpg","width":1007,"height":1024,"caption":"Winnie Puuh Kinderurne mit Winnie Puuh, Tigger und I-Aah"},{"@type":"BreadcrumbList","@id":"https:\/\/www.rememberme-forever.com\/de\/produkt\/urne-fuer-kinderasche-mit-winnie-puuh-motiv\/#breadcrumb","itemListElement":[{"@type":"ListItem","position":1,"name":"Home","item":"https:\/\/www.rememberme-forever.com\/de\/startseite\/"},{"@type":"ListItem","position":2,"name":"Shop","item":"https:\/\/www.rememberme-forever.com\/de\/shop\/"},{"@type":"ListItem","position":3,"name":"Urne f\u00fcr Kinderasche mit Winnie Puuh Motiv"}]},{"@type":"WebSite","@id":"https:\/\/www.rememberme-forever.com\/de\/#website","url":"https:\/\/www.rememberme-forever.com\/de\/","name":"Remember Forever","description":"Cremation urns, funeral urns, urns for ashes","publisher":{"@id":"https:\/\/www.rememberme-forever.com\/de\/#organization"},"potentialAction":[{"@type":"SearchAction","target":{"@type":"EntryPoint","urlTemplate":"https:\/\/www.rememberme-forever.com\/de\/?s={search_term_string}"},"query-input":{"@type":"PropertyValueSpecification","valueRequired":true,"valueName":"search_term_string"}}],"inLanguage":"de"},{"@type":"Organization","@id":"https:\/\/www.rememberme-forever.com\/de\/#organization","name":"Remember Forever","url":"https:\/\/www.rememberme-forever.com\/de\/","logo":{"@type":"ImageObject","inLanguage":"de","@id":"https:\/\/www.rememberme-forever.com\/de\/#\/schema\/logo\/image\/","url":"https:\/\/www.rememberme-forever.com\/wp-content\/uploads\/2023\/02\/logo.png","contentUrl":"https:\/\/www.rememberme-forever.com\/wp-content\/uploads\/2023\/02\/logo.png","width":300,"height":56,"caption":"Remember Forever"},"image":{"@id":"https:\/\/www.rememberme-forever.com\/de\/#\/schema\/logo\/image\/"}}]}},"acf":[],"_links":{"self":[{"href":"https:\/\/www.rememberme-forever.com\/de\/wp-json\/wp\/v2\/product\/19260","targetHints":{"allow":["GET"]}}],"collection":[{"href":"https:\/\/www.rememberme-forever.com\/de\/wp-json\/wp\/v2\/product"}],"about":[{"href":"https:\/\/www.rememberme-forever.com\/de\/wp-json\/wp\/v2\/types\/product"}],"replies":[{"embeddable":true,"href":"https:\/\/www.rememberme-forever.com\/de\/wp-json\/wp\/v2\/comments?post=19260"}],"wp:featuredmedia":[{"embeddable":true,"href":"https:\/\/www.rememberme-forever.com\/de\/wp-json\/wp\/v2\/media\/19261"}],"wp:attachment":[{"href":"https:\/\/www.rememberme-forever.com\/de\/wp-json\/wp\/v2\/media?parent=19260"}],"wp:term":[{"taxonomy":"product_brand","embeddable":true,"href":"https:\/\/www.rememberme-forever.com\/de\/wp-json\/wp\/v2\/product_brand?post=19260"},{"taxonomy":"product_cat","embeddable":true,"href":"https:\/\/www.rememberme-forever.com\/de\/wp-json\/wp\/v2\/product_cat?post=19260"},{"taxonomy":"product_tag","embeddable":true,"href":"https:\/\/www.rememberme-forever.com\/de\/wp-json\/wp\/v2\/product_tag?post=19260"}],"curies":[{"name":"wp","href":"https:\/\/api.w.org\/{rel}","templated":true}]}}