{"id":19458,"date":"2023-10-25T12:37:19","date_gmt":"2023-10-25T10:37:19","guid":{"rendered":"https:\/\/www.rememberme-forever.com\/product\/schwarze-urne-fuer-asche\/"},"modified":"2025-09-29T10:23:31","modified_gmt":"2025-09-29T08:23:31","slug":"schwarze-urne-fuer-asche","status":"publish","type":"product","link":"https:\/\/www.rememberme-forever.com\/de\/produkt\/schwarze-urne-fuer-asche\/","title":{"rendered":"Schwarze Urne f\u00fcr Asche"},"content":{"rendered":"<div style=\"width: 100%; margin-bottom: 30px; height: max-content; padding-bottom: 60%; position: relative;\"><iframe style=\"position: absolute; top: 0; left: 0; width: 100%; height: 100%;\" src=\"https:\/\/rememberme-urns.com\/black-funeral-coffin-urn-for-ashes\/\" frameborder=\"0\"><\/iframe><\/div>\n<div style=\"color: red; text-align: center; margin-bottom: 25px;\">\n<p>&gt;&gt; Rotierendes Foto &#8211; Tippen\/Zoomen &lt;&lt;<\/p>\n<\/div>\n<h2 style=\"text-align: center;\">Urne f\u00fcr Asche<\/h2>\n<p style=\"text-align: center;\"><em>(Dies ist eine Urne f\u00fcr Kremation)<\/em><\/p>\n<p>Wir pr\u00e4sentieren unsere Mini-Urne f\u00fcr Asche \u2013 die perfekte letzte Ruhest\u00e4tte f\u00fcr Ihren geliebten Verstorbenen. Diese mit Sorgfalt und Liebe zum Detail gefertigte, exquisite schwarze Urne \u00e4hnelt einem echten Sarg und ist mit einem goldenen Kreuz und einer Gedenktafel versehen. Die Urne ist f\u00fcr die Aufbewahrung von Kremationsasche konzipiert und eine ber\u00fchrende Hommage an das Leben Ihres geliebten Menschen.<\/p>\n<p>Die beeindruckende Handwerkskunst dieser Urne wird jeden begeistern. Ihr tiefes, sattes Schwarz und die aufwendigen Details machen sie zu einer sch\u00f6nen und w\u00fcrdevollen Wahl, um das Andenken an Ihren geliebten Menschen zu ehren. Das goldene Kreuz auf der Oberseite verleiht der Urne einen besonderen Ausdruck der Ehrerbietung, w\u00e4hrend die Gedenktafel es Ihnen erm\u00f6glicht, die Urne mit Ihrer pers\u00f6nlichen Botschaft zu personalisieren.<\/p>\n<p>Diese Sargurne ist perfekt f\u00fcr alle, die ihren geliebten Verstorbenen mit einer traditionellen und eleganten Ruhest\u00e4tte ehren m\u00f6chten. Dank ihrer geringen Gr\u00f6\u00dfe eignet sie sich ideal f\u00fcr die Pr\u00e4sentation in Ihrem Zuhause oder in einer Nische und bietet eine tr\u00f6stende Erinnerung an die gemeinsamen Erinnerungen.<\/p>\n<p>In Zeiten des Verlusts kann es schwierig sein, die richtige Art und Weise zu finden, einen geliebten Menschen zu ehren und zu gedenken. Diese Sargurne f\u00fcr Asche ist eine sch\u00f6ne und bedeutungsvolle Hommage und spiegelt die Liebe und den Respekt wider, die Sie f\u00fcr das Leben empfinden.<\/p>\n<p>&nbsp;<\/p>\n<p>&nbsp;<\/p>\n<h3 style=\"text-align: center;\"><strong>PERSONALISIERUNG<\/strong><\/h3>\n<p style=\"text-align: center;\">Wenn Sie sich f\u00fcr eine personalisierte Plakette entscheiden, geben Sie bitte den Text im Rahmen der Produktpersonalisierung ein.<\/p>\n<p style=\"text-align: center;\">Die personalisierte Gedenktafel muss bei der Bestellung individuell gestaltet werden. (Bitte keine Panik, wenn Sie das vergessen haben, denn Sie k\u00f6nnen uns auch noch nachtr\u00e4glich eine Nachricht schicken).<\/p>\n<p style=\"text-align: center;\">Bitte \u00fcberpr\u00fcfen Sie den zu gravierenden Text sorgf\u00e4ltig, bevor Sie den Artikel in den Warenkorb legen. Wir kopieren und gravieren genau die Informationen, die wir mit der Bestellung erhalten und nehmen bei uns keine \u00c4nderungen vor.<\/p>\n<p style=\"text-align: center;\"><strong>Bitte \u00fcberpr\u00fcfen Sie den Text, um sicherzustellen, dass alle Schreibweisen korrekt sind.<\/strong><\/p>\n<p><img loading=\"lazy\" decoding=\"async\" class=\" wp-image-1447 aligncenter\" src=\"http:\/\/www.rememberme-forever.com\/wp-content\/uploads\/2023\/04\/memorial-plaque-cremation-urn-gold-300x150.jpg\" alt=\"Gedenktafel Urne Gold\" width=\"260\" height=\"130\" srcset=\"https:\/\/www.rememberme-forever.com\/wp-content\/uploads\/2023\/04\/memorial-plaque-cremation-urn-gold-300x150.jpg 300w, https:\/\/www.rememberme-forever.com\/wp-content\/uploads\/2023\/04\/memorial-plaque-cremation-urn-gold-64x32.jpg 64w, https:\/\/www.rememberme-forever.com\/wp-content\/uploads\/2023\/04\/memorial-plaque-cremation-urn-gold.jpg 448w\" sizes=\"auto, (max-width: 260px) 100vw, 260px\" \/><\/p>\n","protected":false},"excerpt":{"rendered":"<p><em><strong>Geeignet f\u00fcr Asche mit einem K\u00f6rpergewicht von bis zu ca. <span class=\"body-weight-lbs\"> 219.6 <\/span><span class=\"body-weight-kg\">98,8<\/span> kg.<\/strong><\/em><\/p>\n","protected":false},"featured_media":19465,"comment_status":"open","ping_status":"closed","template":"","meta":{"_acf_changed":false},"product_brand":[],"product_cat":[2327],"product_tag":[3305],"class_list":{"0":"post-19458","1":"product","2":"type-product","3":"status-publish","4":"has-post-thumbnail","6":"product_cat-holz-urnen","7":"product_tag-gpsr-all-wood-urns","8":"product_shipping_class-2-4kg","10":"first","11":"instock","12":"taxable","13":"shipping-taxable","14":"purchasable","15":"product-type-simple"},"yoast_head":"<!-- This site is optimized with the Yoast SEO plugin v27.5 - https:\/\/yoast.com\/product\/yoast-seo-wordpress\/ -->\n<title>Remember Forever<\/title>\n<meta name=\"description\" content=\"Wir pr\u00e4sentieren unsere schwarze Sargurne f\u00fcr Asche \u2013 die perfekte letzte Ruhest\u00e4tte f\u00fcr Ihren geliebten Verstorbenen. Bestattungssarg f\u00fcr Asche.\" \/>\n<meta name=\"robots\" content=\"index, follow, max-snippet:-1, max-image-preview:large, max-video-preview:-1\" \/>\n<link rel=\"canonical\" href=\"https:\/\/www.rememberme-forever.com\/de\/produkt\/schwarze-urne-fuer-asche\/\" \/>\n<meta property=\"og:locale\" content=\"de_DE\" \/>\n<meta property=\"og:type\" content=\"article\" \/>\n<meta property=\"og:description\" content=\"Wir pr\u00e4sentieren unsere schwarze Sargurne f\u00fcr Asche \u2013 die perfekte letzte Ruhest\u00e4tte f\u00fcr Ihren geliebten Verstorbenen. Bestattungssarg f\u00fcr Asche.\" \/>\n<meta property=\"og:url\" content=\"https:\/\/www.rememberme-forever.com\/de\/produkt\/schwarze-urne-fuer-asche\/\" \/>\n<meta property=\"og:site_name\" content=\"Remember Forever\" \/>\n<meta property=\"article:modified_time\" content=\"2025-09-29T08:23:31+00:00\" \/>\n<meta property=\"og:image\" content=\"http:\/\/www.rememberme-forever.com\/wp-content\/uploads\/2023\/10\/Black-coffin-urn.jpg\" \/>\n\t<meta property=\"og:image:width\" content=\"1677\" \/>\n\t<meta property=\"og:image:height\" content=\"1406\" \/>\n\t<meta property=\"og:image:type\" content=\"image\/jpeg\" \/>\n<meta name=\"twitter:card\" content=\"summary_large_image\" \/>\n<meta name=\"twitter:label1\" content=\"Gesch\u00e4tzte Lesezeit\" \/>\n\t<meta name=\"twitter:data1\" content=\"2\u00a0Minute\" \/>\n<script type=\"application\/ld+json\" class=\"yoast-schema-graph\">{\"@context\":\"https:\\\/\\\/schema.org\",\"@graph\":[{\"@type\":\"WebPage\",\"@id\":\"https:\\\/\\\/www.rememberme-forever.com\\\/de\\\/produkt\\\/schwarze-urne-fuer-asche\\\/\",\"url\":\"https:\\\/\\\/www.rememberme-forever.com\\\/de\\\/produkt\\\/schwarze-urne-fuer-asche\\\/\",\"name\":\"\",\"isPartOf\":{\"@id\":\"https:\\\/\\\/www.rememberme-forever.com\\\/de\\\/#website\"},\"primaryImageOfPage\":{\"@id\":\"https:\\\/\\\/www.rememberme-forever.com\\\/de\\\/produkt\\\/schwarze-urne-fuer-asche\\\/#primaryimage\"},\"image\":{\"@id\":\"https:\\\/\\\/www.rememberme-forever.com\\\/de\\\/produkt\\\/schwarze-urne-fuer-asche\\\/#primaryimage\"},\"thumbnailUrl\":\"https:\\\/\\\/www.rememberme-forever.com\\\/wp-content\\\/uploads\\\/2023\\\/10\\\/Black-coffin-urn.jpg\",\"datePublished\":\"2023-10-25T10:37:19+00:00\",\"dateModified\":\"2025-09-29T08:23:31+00:00\",\"description\":\"Wir pr\u00e4sentieren unsere schwarze Sargurne f\u00fcr Asche \u2013 die perfekte letzte Ruhest\u00e4tte f\u00fcr Ihren geliebten Verstorbenen. Bestattungssarg f\u00fcr Asche.\",\"breadcrumb\":{\"@id\":\"https:\\\/\\\/www.rememberme-forever.com\\\/de\\\/produkt\\\/schwarze-urne-fuer-asche\\\/#breadcrumb\"},\"inLanguage\":\"de\",\"potentialAction\":[{\"@type\":\"ReadAction\",\"target\":[\"https:\\\/\\\/www.rememberme-forever.com\\\/de\\\/produkt\\\/schwarze-urne-fuer-asche\\\/\"]}]},{\"@type\":\"ImageObject\",\"inLanguage\":\"de\",\"@id\":\"https:\\\/\\\/www.rememberme-forever.com\\\/de\\\/produkt\\\/schwarze-urne-fuer-asche\\\/#primaryimage\",\"url\":\"https:\\\/\\\/www.rememberme-forever.com\\\/wp-content\\\/uploads\\\/2023\\\/10\\\/Black-coffin-urn.jpg\",\"contentUrl\":\"https:\\\/\\\/www.rememberme-forever.com\\\/wp-content\\\/uploads\\\/2023\\\/10\\\/Black-coffin-urn.jpg\",\"width\":1677,\"height\":1406,\"caption\":\"Black coffin urn\"},{\"@type\":\"BreadcrumbList\",\"@id\":\"https:\\\/\\\/www.rememberme-forever.com\\\/de\\\/produkt\\\/schwarze-urne-fuer-asche\\\/#breadcrumb\",\"itemListElement\":[{\"@type\":\"ListItem\",\"position\":1,\"name\":\"Home\",\"item\":\"https:\\\/\\\/www.rememberme-forever.com\\\/de\\\/startseite\\\/\"},{\"@type\":\"ListItem\",\"position\":2,\"name\":\"Shop\",\"item\":\"https:\\\/\\\/www.rememberme-forever.com\\\/de\\\/shop\\\/\"},{\"@type\":\"ListItem\",\"position\":3,\"name\":\"Schwarze Urne f\u00fcr Asche\"}]},{\"@type\":\"WebSite\",\"@id\":\"https:\\\/\\\/www.rememberme-forever.com\\\/de\\\/#website\",\"url\":\"https:\\\/\\\/www.rememberme-forever.com\\\/de\\\/\",\"name\":\"Remember Forever\",\"description\":\"Cremation urns, funeral urns, urns for ashes\",\"publisher\":{\"@id\":\"https:\\\/\\\/www.rememberme-forever.com\\\/de\\\/#organization\"},\"potentialAction\":[{\"@type\":\"SearchAction\",\"target\":{\"@type\":\"EntryPoint\",\"urlTemplate\":\"https:\\\/\\\/www.rememberme-forever.com\\\/de\\\/?s={search_term_string}\"},\"query-input\":{\"@type\":\"PropertyValueSpecification\",\"valueRequired\":true,\"valueName\":\"search_term_string\"}}],\"inLanguage\":\"de\"},{\"@type\":\"Organization\",\"@id\":\"https:\\\/\\\/www.rememberme-forever.com\\\/de\\\/#organization\",\"name\":\"Remember Forever\",\"url\":\"https:\\\/\\\/www.rememberme-forever.com\\\/de\\\/\",\"logo\":{\"@type\":\"ImageObject\",\"inLanguage\":\"de\",\"@id\":\"https:\\\/\\\/www.rememberme-forever.com\\\/de\\\/#\\\/schema\\\/logo\\\/image\\\/\",\"url\":\"https:\\\/\\\/www.rememberme-forever.com\\\/wp-content\\\/uploads\\\/2023\\\/02\\\/logo.png\",\"contentUrl\":\"https:\\\/\\\/www.rememberme-forever.com\\\/wp-content\\\/uploads\\\/2023\\\/02\\\/logo.png\",\"width\":300,\"height\":56,\"caption\":\"Remember Forever\"},\"image\":{\"@id\":\"https:\\\/\\\/www.rememberme-forever.com\\\/de\\\/#\\\/schema\\\/logo\\\/image\\\/\"}}]}<\/script>\n<!-- \/ Yoast SEO plugin. -->","yoast_head_json":{"title":"Remember Forever","description":"Wir pr\u00e4sentieren unsere schwarze Sargurne f\u00fcr Asche \u2013 die perfekte letzte Ruhest\u00e4tte f\u00fcr Ihren geliebten Verstorbenen. Bestattungssarg f\u00fcr Asche.","robots":{"index":"index","follow":"follow","max-snippet":"max-snippet:-1","max-image-preview":"max-image-preview:large","max-video-preview":"max-video-preview:-1"},"canonical":"https:\/\/www.rememberme-forever.com\/de\/produkt\/schwarze-urne-fuer-asche\/","og_locale":"de_DE","og_type":"article","og_description":"Wir pr\u00e4sentieren unsere schwarze Sargurne f\u00fcr Asche \u2013 die perfekte letzte Ruhest\u00e4tte f\u00fcr Ihren geliebten Verstorbenen. Bestattungssarg f\u00fcr Asche.","og_url":"https:\/\/www.rememberme-forever.com\/de\/produkt\/schwarze-urne-fuer-asche\/","og_site_name":"Remember Forever","article_modified_time":"2025-09-29T08:23:31+00:00","og_image":[{"width":1677,"height":1406,"url":"http:\/\/www.rememberme-forever.com\/wp-content\/uploads\/2023\/10\/Black-coffin-urn.jpg","type":"image\/jpeg"}],"twitter_card":"summary_large_image","twitter_misc":{"Gesch\u00e4tzte Lesezeit":"2\u00a0Minute"},"schema":{"@context":"https:\/\/schema.org","@graph":[{"@type":"WebPage","@id":"https:\/\/www.rememberme-forever.com\/de\/produkt\/schwarze-urne-fuer-asche\/","url":"https:\/\/www.rememberme-forever.com\/de\/produkt\/schwarze-urne-fuer-asche\/","name":"","isPartOf":{"@id":"https:\/\/www.rememberme-forever.com\/de\/#website"},"primaryImageOfPage":{"@id":"https:\/\/www.rememberme-forever.com\/de\/produkt\/schwarze-urne-fuer-asche\/#primaryimage"},"image":{"@id":"https:\/\/www.rememberme-forever.com\/de\/produkt\/schwarze-urne-fuer-asche\/#primaryimage"},"thumbnailUrl":"https:\/\/www.rememberme-forever.com\/wp-content\/uploads\/2023\/10\/Black-coffin-urn.jpg","datePublished":"2023-10-25T10:37:19+00:00","dateModified":"2025-09-29T08:23:31+00:00","description":"Wir pr\u00e4sentieren unsere schwarze Sargurne f\u00fcr Asche \u2013 die perfekte letzte Ruhest\u00e4tte f\u00fcr Ihren geliebten Verstorbenen. Bestattungssarg f\u00fcr Asche.","breadcrumb":{"@id":"https:\/\/www.rememberme-forever.com\/de\/produkt\/schwarze-urne-fuer-asche\/#breadcrumb"},"inLanguage":"de","potentialAction":[{"@type":"ReadAction","target":["https:\/\/www.rememberme-forever.com\/de\/produkt\/schwarze-urne-fuer-asche\/"]}]},{"@type":"ImageObject","inLanguage":"de","@id":"https:\/\/www.rememberme-forever.com\/de\/produkt\/schwarze-urne-fuer-asche\/#primaryimage","url":"https:\/\/www.rememberme-forever.com\/wp-content\/uploads\/2023\/10\/Black-coffin-urn.jpg","contentUrl":"https:\/\/www.rememberme-forever.com\/wp-content\/uploads\/2023\/10\/Black-coffin-urn.jpg","width":1677,"height":1406,"caption":"Black coffin urn"},{"@type":"BreadcrumbList","@id":"https:\/\/www.rememberme-forever.com\/de\/produkt\/schwarze-urne-fuer-asche\/#breadcrumb","itemListElement":[{"@type":"ListItem","position":1,"name":"Home","item":"https:\/\/www.rememberme-forever.com\/de\/startseite\/"},{"@type":"ListItem","position":2,"name":"Shop","item":"https:\/\/www.rememberme-forever.com\/de\/shop\/"},{"@type":"ListItem","position":3,"name":"Schwarze Urne f\u00fcr Asche"}]},{"@type":"WebSite","@id":"https:\/\/www.rememberme-forever.com\/de\/#website","url":"https:\/\/www.rememberme-forever.com\/de\/","name":"Remember Forever","description":"Cremation urns, funeral urns, urns for ashes","publisher":{"@id":"https:\/\/www.rememberme-forever.com\/de\/#organization"},"potentialAction":[{"@type":"SearchAction","target":{"@type":"EntryPoint","urlTemplate":"https:\/\/www.rememberme-forever.com\/de\/?s={search_term_string}"},"query-input":{"@type":"PropertyValueSpecification","valueRequired":true,"valueName":"search_term_string"}}],"inLanguage":"de"},{"@type":"Organization","@id":"https:\/\/www.rememberme-forever.com\/de\/#organization","name":"Remember Forever","url":"https:\/\/www.rememberme-forever.com\/de\/","logo":{"@type":"ImageObject","inLanguage":"de","@id":"https:\/\/www.rememberme-forever.com\/de\/#\/schema\/logo\/image\/","url":"https:\/\/www.rememberme-forever.com\/wp-content\/uploads\/2023\/02\/logo.png","contentUrl":"https:\/\/www.rememberme-forever.com\/wp-content\/uploads\/2023\/02\/logo.png","width":300,"height":56,"caption":"Remember Forever"},"image":{"@id":"https:\/\/www.rememberme-forever.com\/de\/#\/schema\/logo\/image\/"}}]}},"acf":[],"_links":{"self":[{"href":"https:\/\/www.rememberme-forever.com\/de\/wp-json\/wp\/v2\/product\/19458","targetHints":{"allow":["GET"]}}],"collection":[{"href":"https:\/\/www.rememberme-forever.com\/de\/wp-json\/wp\/v2\/product"}],"about":[{"href":"https:\/\/www.rememberme-forever.com\/de\/wp-json\/wp\/v2\/types\/product"}],"replies":[{"embeddable":true,"href":"https:\/\/www.rememberme-forever.com\/de\/wp-json\/wp\/v2\/comments?post=19458"}],"wp:featuredmedia":[{"embeddable":true,"href":"https:\/\/www.rememberme-forever.com\/de\/wp-json\/wp\/v2\/media\/19465"}],"wp:attachment":[{"href":"https:\/\/www.rememberme-forever.com\/de\/wp-json\/wp\/v2\/media?parent=19458"}],"wp:term":[{"taxonomy":"product_brand","embeddable":true,"href":"https:\/\/www.rememberme-forever.com\/de\/wp-json\/wp\/v2\/product_brand?post=19458"},{"taxonomy":"product_cat","embeddable":true,"href":"https:\/\/www.rememberme-forever.com\/de\/wp-json\/wp\/v2\/product_cat?post=19458"},{"taxonomy":"product_tag","embeddable":true,"href":"https:\/\/www.rememberme-forever.com\/de\/wp-json\/wp\/v2\/product_tag?post=19458"}],"curies":[{"name":"wp","href":"https:\/\/api.w.org\/{rel}","templated":true}]}}