{"id":19547,"date":"2023-12-08T13:18:54","date_gmt":"2023-12-08T12:18:54","guid":{"rendered":"https:\/\/www.rememberme-forever.com\/product\/edelstahl-begleiturne-fuer-den-aussenbereich-mit-schmetterling\/"},"modified":"2025-09-29T11:44:16","modified_gmt":"2025-09-29T09:44:16","slug":"edelstahl-begleiturne-fuer-den-aussenbereich-mit-schmetterling","status":"publish","type":"product","link":"https:\/\/www.rememberme-forever.com\/de\/produkt\/edelstahl-begleiturne-fuer-den-aussenbereich-mit-schmetterling\/","title":{"rendered":"Edelstahl-Begleiturne f\u00fcr den Au\u00dfenbereich mit Schmetterling"},"content":{"rendered":"<div style=\"width: 100%; margin-bottom: 30px; height: max-content; padding-bottom: 60%; position: relative;\"><iframe style=\"position: absolute; top: 0; left: 0; width: 100%; height: 100%;\" src=\"https:\/\/rememberme-urns.com\/stainless-steel-butterfly-urn-for-two\/\" frameborder=\"0\"><\/iframe><\/div>\n<div style=\"color: red; text-align: center; margin-bottom: 25px;\">\n<p>&gt;&gt; Rotierendes Foto &#8211; Tippen\/Zoomen &lt;&lt;<\/p>\n<\/div>\n<h2 style=\"text-align: center;\">Edelstahl-Begleiturne f\u00fcr den Au\u00dfenbereich mit Schmetterling<\/h2>\n<p style=\"text-align: center;\">Elegante Edelstahl-Begleiturne mit einem zarten Schmetterling, ein gro\u00dfes und wundersch\u00f6n gearbeitetes St\u00fcck auf einem eleganten schwarzen Granitsockel.<\/p>\n<p style=\"text-align: center;\">Der Sockel ist mit einem kunstvoll gestalteten Edelstahl-Schmetterling verziert, der diesem Denkmal eine elegante Note verleiht. Diese einzigartige Urne verf\u00fcgt au\u00dferdem \u00fcber eine Gedenktafel f\u00fcr eine pers\u00f6nliche Note, auf der Sie Ihre pers\u00f6nliche Botschaft eingravieren k\u00f6nnen.<\/p>\n<p style=\"text-align: center;\">Die Asche wird durch eine diskrete Schraub\u00f6ffnung am Boden des Sockels vorsichtig in die Urne eingebracht. Werten Sie Ihre Ehrerbietung mit dieser eleganten und herzlichen Urne auf, die die ewige Sch\u00f6nheit des Lebens widerspiegelt.<\/p>\n<p style=\"text-align: center;\">Die perfekte Urne f\u00fcr Eltern oder eine Ehe.<\/p>\n<p>&nbsp;<\/p>\n<h3 style=\"text-align: center;\"><strong>PERSONALISIERUNG<\/strong><\/h3>\n<p style=\"text-align: center;\">Die personalisierte Gedenktafel muss bei der Bestellung individuell gestaltet werden. (Bitte keine Panik, wenn Sie das vergessen haben, denn Sie k\u00f6nnen uns auch noch nachtr\u00e4glich eine Nachricht schicken).<\/p>\n<p><img loading=\"lazy\" decoding=\"async\" class=\" wp-image-8282 aligncenter\" src=\"https:\/\/www.rememberme-forever.com\/wp-content\/uploads\/2023\/04\/memorial-plaque-cremation-urn-silver-1-300x153.jpg\" alt=\"\" width=\"239\" height=\"122\" srcset=\"https:\/\/www.rememberme-forever.com\/wp-content\/uploads\/2023\/04\/memorial-plaque-cremation-urn-silver-1-300x153.jpg 300w, https:\/\/www.rememberme-forever.com\/wp-content\/uploads\/2023\/04\/memorial-plaque-cremation-urn-silver-1-64x33.jpg 64w, https:\/\/www.rememberme-forever.com\/wp-content\/uploads\/2023\/04\/memorial-plaque-cremation-urn-silver-1.jpg 448w\" sizes=\"auto, (max-width: 239px) 100vw, 239px\" \/><\/p>\n<p style=\"text-align: center;\">Bitte \u00fcberpr\u00fcfen Sie den zu gravierenden Text sorgf\u00e4ltig, bevor Sie den Artikel in den Warenkorb legen. Wir kopieren und gravieren genau die Informationen, die wir mit der Bestellung erhalten und nehmen bei uns keine \u00c4nderungen vor.<\/p>\n<p style=\"text-align: center;\"><strong>Bitte \u00fcberpr\u00fcfen Sie den Text, um sicherzustellen, dass alle Schreibweisen korrekt sind.<\/strong><\/p>\n","protected":false},"excerpt":{"rendered":"<p><strong>Diese Edelstahlurne kann auch f\u00fcr die Asche eines Erwachsenen oder von zwei Personen verwendet werden.<\/strong><\/p>\n<p>\u2705 Diese Urne ist f\u00fcr den Au\u00dfenbereich geeignet.<\/p>\n","protected":false},"featured_media":19554,"template":"","meta":{"_acf_changed":false},"product_brand":[1991],"product_cat":[2340,2335,2341],"product_tag":[3348],"class_list":{"0":"post-19547","1":"product","2":"type-product","3":"status-publish","4":"has-post-thumbnail","6":"product_brand-remember-forever","7":"product_cat-metallurnen","8":"product_cat-partnerurnen","9":"product_cat-urnen-fur-den-ausenbereich","10":"product_tag-gpsr-metal_stonebase","11":"product_shipping_class-2-4kg","13":"first","14":"instock","15":"taxable","16":"shipping-taxable","17":"purchasable","18":"product-type-variable"},"yoast_head":"<!-- This site is optimized with the Yoast SEO plugin v27.4 - https:\/\/yoast.com\/product\/yoast-seo-wordpress\/ -->\n<title>Remember Forever<\/title>\n<meta name=\"description\" content=\"Edelstahl-Begleiturne mit Schmetterling. Die perfekte Urne f\u00fcr Eltern oder eine Ehe. Gro\u00dfe Urne f\u00fcr gro\u00dfe Menschen oder f\u00fcr zwei\" \/>\n<meta name=\"robots\" content=\"index, follow, max-snippet:-1, max-image-preview:large, max-video-preview:-1\" \/>\n<link rel=\"canonical\" href=\"https:\/\/www.rememberme-forever.com\/de\/produkt\/edelstahl-begleiturne-fuer-den-aussenbereich-mit-schmetterling\/\" \/>\n<meta property=\"og:locale\" content=\"de_DE\" \/>\n<meta property=\"og:type\" content=\"article\" \/>\n<meta property=\"og:description\" content=\"Edelstahl-Begleiturne mit Schmetterling. Die perfekte Urne f\u00fcr Eltern oder eine Ehe. Gro\u00dfe Urne f\u00fcr gro\u00dfe Menschen oder f\u00fcr zwei\" \/>\n<meta property=\"og:url\" content=\"https:\/\/www.rememberme-forever.com\/de\/produkt\/edelstahl-begleiturne-fuer-den-aussenbereich-mit-schmetterling\/\" \/>\n<meta property=\"og:site_name\" content=\"Remember Forever\" \/>\n<meta property=\"article:modified_time\" content=\"2025-09-29T09:44:16+00:00\" \/>\n<meta property=\"og:image\" content=\"http:\/\/www.rememberme-forever.com\/wp-content\/uploads\/2024\/04\/img_2D_0001-kopia1-1.jpg\" \/>\n\t<meta property=\"og:image:width\" content=\"1007\" \/>\n\t<meta property=\"og:image:height\" content=\"1024\" \/>\n\t<meta property=\"og:image:type\" content=\"image\/jpeg\" \/>\n<meta name=\"twitter:card\" content=\"summary_large_image\" \/>\n<meta name=\"twitter:label1\" content=\"Gesch\u00e4tzte Lesezeit\" \/>\n\t<meta name=\"twitter:data1\" content=\"2\u00a0Minute\" \/>\n<script type=\"application\/ld+json\" class=\"yoast-schema-graph\">{\"@context\":\"https:\\\/\\\/schema.org\",\"@graph\":[{\"@type\":\"WebPage\",\"@id\":\"https:\\\/\\\/www.rememberme-forever.com\\\/de\\\/produkt\\\/edelstahl-begleiturne-fuer-den-aussenbereich-mit-schmetterling\\\/\",\"url\":\"https:\\\/\\\/www.rememberme-forever.com\\\/de\\\/produkt\\\/edelstahl-begleiturne-fuer-den-aussenbereich-mit-schmetterling\\\/\",\"name\":\"\",\"isPartOf\":{\"@id\":\"https:\\\/\\\/www.rememberme-forever.com\\\/de\\\/#website\"},\"primaryImageOfPage\":{\"@id\":\"https:\\\/\\\/www.rememberme-forever.com\\\/de\\\/produkt\\\/edelstahl-begleiturne-fuer-den-aussenbereich-mit-schmetterling\\\/#primaryimage\"},\"image\":{\"@id\":\"https:\\\/\\\/www.rememberme-forever.com\\\/de\\\/produkt\\\/edelstahl-begleiturne-fuer-den-aussenbereich-mit-schmetterling\\\/#primaryimage\"},\"thumbnailUrl\":\"https:\\\/\\\/www.rememberme-forever.com\\\/wp-content\\\/uploads\\\/2024\\\/04\\\/img_2D_0001-kopia1-1.jpg\",\"datePublished\":\"2023-12-08T12:18:54+00:00\",\"dateModified\":\"2025-09-29T09:44:16+00:00\",\"description\":\"Edelstahl-Begleiturne mit Schmetterling. Die perfekte Urne f\u00fcr Eltern oder eine Ehe. Gro\u00dfe Urne f\u00fcr gro\u00dfe Menschen oder f\u00fcr zwei\",\"breadcrumb\":{\"@id\":\"https:\\\/\\\/www.rememberme-forever.com\\\/de\\\/produkt\\\/edelstahl-begleiturne-fuer-den-aussenbereich-mit-schmetterling\\\/#breadcrumb\"},\"inLanguage\":\"de\",\"potentialAction\":[{\"@type\":\"ReadAction\",\"target\":[\"https:\\\/\\\/www.rememberme-forever.com\\\/de\\\/produkt\\\/edelstahl-begleiturne-fuer-den-aussenbereich-mit-schmetterling\\\/\"]}]},{\"@type\":\"ImageObject\",\"inLanguage\":\"de\",\"@id\":\"https:\\\/\\\/www.rememberme-forever.com\\\/de\\\/produkt\\\/edelstahl-begleiturne-fuer-den-aussenbereich-mit-schmetterling\\\/#primaryimage\",\"url\":\"https:\\\/\\\/www.rememberme-forever.com\\\/wp-content\\\/uploads\\\/2024\\\/04\\\/img_2D_0001-kopia1-1.jpg\",\"contentUrl\":\"https:\\\/\\\/www.rememberme-forever.com\\\/wp-content\\\/uploads\\\/2024\\\/04\\\/img_2D_0001-kopia1-1.jpg\",\"width\":1007,\"height\":1024,\"caption\":\"outdoor companion urn, xl urns\"},{\"@type\":\"BreadcrumbList\",\"@id\":\"https:\\\/\\\/www.rememberme-forever.com\\\/de\\\/produkt\\\/edelstahl-begleiturne-fuer-den-aussenbereich-mit-schmetterling\\\/#breadcrumb\",\"itemListElement\":[{\"@type\":\"ListItem\",\"position\":1,\"name\":\"Home\",\"item\":\"https:\\\/\\\/www.rememberme-forever.com\\\/de\\\/startseite\\\/\"},{\"@type\":\"ListItem\",\"position\":2,\"name\":\"Shop\",\"item\":\"https:\\\/\\\/www.rememberme-forever.com\\\/de\\\/shop\\\/\"},{\"@type\":\"ListItem\",\"position\":3,\"name\":\"Edelstahl-Begleiturne f\u00fcr den Au\u00dfenbereich mit Schmetterling\"}]},{\"@type\":\"WebSite\",\"@id\":\"https:\\\/\\\/www.rememberme-forever.com\\\/de\\\/#website\",\"url\":\"https:\\\/\\\/www.rememberme-forever.com\\\/de\\\/\",\"name\":\"Remember Forever\",\"description\":\"Cremation urns, funeral urns, urns for ashes\",\"publisher\":{\"@id\":\"https:\\\/\\\/www.rememberme-forever.com\\\/de\\\/#organization\"},\"potentialAction\":[{\"@type\":\"SearchAction\",\"target\":{\"@type\":\"EntryPoint\",\"urlTemplate\":\"https:\\\/\\\/www.rememberme-forever.com\\\/de\\\/?s={search_term_string}\"},\"query-input\":{\"@type\":\"PropertyValueSpecification\",\"valueRequired\":true,\"valueName\":\"search_term_string\"}}],\"inLanguage\":\"de\"},{\"@type\":\"Organization\",\"@id\":\"https:\\\/\\\/www.rememberme-forever.com\\\/de\\\/#organization\",\"name\":\"Remember Forever\",\"url\":\"https:\\\/\\\/www.rememberme-forever.com\\\/de\\\/\",\"logo\":{\"@type\":\"ImageObject\",\"inLanguage\":\"de\",\"@id\":\"https:\\\/\\\/www.rememberme-forever.com\\\/de\\\/#\\\/schema\\\/logo\\\/image\\\/\",\"url\":\"https:\\\/\\\/www.rememberme-forever.com\\\/wp-content\\\/uploads\\\/2023\\\/02\\\/logo.png\",\"contentUrl\":\"https:\\\/\\\/www.rememberme-forever.com\\\/wp-content\\\/uploads\\\/2023\\\/02\\\/logo.png\",\"width\":300,\"height\":56,\"caption\":\"Remember Forever\"},\"image\":{\"@id\":\"https:\\\/\\\/www.rememberme-forever.com\\\/de\\\/#\\\/schema\\\/logo\\\/image\\\/\"}}]}<\/script>\n<!-- \/ Yoast SEO plugin. -->","yoast_head_json":{"title":"Remember Forever","description":"Edelstahl-Begleiturne mit Schmetterling. Die perfekte Urne f\u00fcr Eltern oder eine Ehe. Gro\u00dfe Urne f\u00fcr gro\u00dfe Menschen oder f\u00fcr zwei","robots":{"index":"index","follow":"follow","max-snippet":"max-snippet:-1","max-image-preview":"max-image-preview:large","max-video-preview":"max-video-preview:-1"},"canonical":"https:\/\/www.rememberme-forever.com\/de\/produkt\/edelstahl-begleiturne-fuer-den-aussenbereich-mit-schmetterling\/","og_locale":"de_DE","og_type":"article","og_description":"Edelstahl-Begleiturne mit Schmetterling. Die perfekte Urne f\u00fcr Eltern oder eine Ehe. Gro\u00dfe Urne f\u00fcr gro\u00dfe Menschen oder f\u00fcr zwei","og_url":"https:\/\/www.rememberme-forever.com\/de\/produkt\/edelstahl-begleiturne-fuer-den-aussenbereich-mit-schmetterling\/","og_site_name":"Remember Forever","article_modified_time":"2025-09-29T09:44:16+00:00","og_image":[{"width":1007,"height":1024,"url":"http:\/\/www.rememberme-forever.com\/wp-content\/uploads\/2024\/04\/img_2D_0001-kopia1-1.jpg","type":"image\/jpeg"}],"twitter_card":"summary_large_image","twitter_misc":{"Gesch\u00e4tzte Lesezeit":"2\u00a0Minute"},"schema":{"@context":"https:\/\/schema.org","@graph":[{"@type":"WebPage","@id":"https:\/\/www.rememberme-forever.com\/de\/produkt\/edelstahl-begleiturne-fuer-den-aussenbereich-mit-schmetterling\/","url":"https:\/\/www.rememberme-forever.com\/de\/produkt\/edelstahl-begleiturne-fuer-den-aussenbereich-mit-schmetterling\/","name":"","isPartOf":{"@id":"https:\/\/www.rememberme-forever.com\/de\/#website"},"primaryImageOfPage":{"@id":"https:\/\/www.rememberme-forever.com\/de\/produkt\/edelstahl-begleiturne-fuer-den-aussenbereich-mit-schmetterling\/#primaryimage"},"image":{"@id":"https:\/\/www.rememberme-forever.com\/de\/produkt\/edelstahl-begleiturne-fuer-den-aussenbereich-mit-schmetterling\/#primaryimage"},"thumbnailUrl":"https:\/\/www.rememberme-forever.com\/wp-content\/uploads\/2024\/04\/img_2D_0001-kopia1-1.jpg","datePublished":"2023-12-08T12:18:54+00:00","dateModified":"2025-09-29T09:44:16+00:00","description":"Edelstahl-Begleiturne mit Schmetterling. Die perfekte Urne f\u00fcr Eltern oder eine Ehe. Gro\u00dfe Urne f\u00fcr gro\u00dfe Menschen oder f\u00fcr zwei","breadcrumb":{"@id":"https:\/\/www.rememberme-forever.com\/de\/produkt\/edelstahl-begleiturne-fuer-den-aussenbereich-mit-schmetterling\/#breadcrumb"},"inLanguage":"de","potentialAction":[{"@type":"ReadAction","target":["https:\/\/www.rememberme-forever.com\/de\/produkt\/edelstahl-begleiturne-fuer-den-aussenbereich-mit-schmetterling\/"]}]},{"@type":"ImageObject","inLanguage":"de","@id":"https:\/\/www.rememberme-forever.com\/de\/produkt\/edelstahl-begleiturne-fuer-den-aussenbereich-mit-schmetterling\/#primaryimage","url":"https:\/\/www.rememberme-forever.com\/wp-content\/uploads\/2024\/04\/img_2D_0001-kopia1-1.jpg","contentUrl":"https:\/\/www.rememberme-forever.com\/wp-content\/uploads\/2024\/04\/img_2D_0001-kopia1-1.jpg","width":1007,"height":1024,"caption":"outdoor companion urn, xl urns"},{"@type":"BreadcrumbList","@id":"https:\/\/www.rememberme-forever.com\/de\/produkt\/edelstahl-begleiturne-fuer-den-aussenbereich-mit-schmetterling\/#breadcrumb","itemListElement":[{"@type":"ListItem","position":1,"name":"Home","item":"https:\/\/www.rememberme-forever.com\/de\/startseite\/"},{"@type":"ListItem","position":2,"name":"Shop","item":"https:\/\/www.rememberme-forever.com\/de\/shop\/"},{"@type":"ListItem","position":3,"name":"Edelstahl-Begleiturne f\u00fcr den Au\u00dfenbereich mit Schmetterling"}]},{"@type":"WebSite","@id":"https:\/\/www.rememberme-forever.com\/de\/#website","url":"https:\/\/www.rememberme-forever.com\/de\/","name":"Remember Forever","description":"Cremation urns, funeral urns, urns for ashes","publisher":{"@id":"https:\/\/www.rememberme-forever.com\/de\/#organization"},"potentialAction":[{"@type":"SearchAction","target":{"@type":"EntryPoint","urlTemplate":"https:\/\/www.rememberme-forever.com\/de\/?s={search_term_string}"},"query-input":{"@type":"PropertyValueSpecification","valueRequired":true,"valueName":"search_term_string"}}],"inLanguage":"de"},{"@type":"Organization","@id":"https:\/\/www.rememberme-forever.com\/de\/#organization","name":"Remember Forever","url":"https:\/\/www.rememberme-forever.com\/de\/","logo":{"@type":"ImageObject","inLanguage":"de","@id":"https:\/\/www.rememberme-forever.com\/de\/#\/schema\/logo\/image\/","url":"https:\/\/www.rememberme-forever.com\/wp-content\/uploads\/2023\/02\/logo.png","contentUrl":"https:\/\/www.rememberme-forever.com\/wp-content\/uploads\/2023\/02\/logo.png","width":300,"height":56,"caption":"Remember Forever"},"image":{"@id":"https:\/\/www.rememberme-forever.com\/de\/#\/schema\/logo\/image\/"}}]}},"acf":[],"_links":{"self":[{"href":"https:\/\/www.rememberme-forever.com\/de\/wp-json\/wp\/v2\/product\/19547","targetHints":{"allow":["GET"]}}],"collection":[{"href":"https:\/\/www.rememberme-forever.com\/de\/wp-json\/wp\/v2\/product"}],"about":[{"href":"https:\/\/www.rememberme-forever.com\/de\/wp-json\/wp\/v2\/types\/product"}],"wp:featuredmedia":[{"embeddable":true,"href":"https:\/\/www.rememberme-forever.com\/de\/wp-json\/wp\/v2\/media\/19554"}],"wp:attachment":[{"href":"https:\/\/www.rememberme-forever.com\/de\/wp-json\/wp\/v2\/media?parent=19547"}],"wp:term":[{"taxonomy":"product_brand","embeddable":true,"href":"https:\/\/www.rememberme-forever.com\/de\/wp-json\/wp\/v2\/product_brand?post=19547"},{"taxonomy":"product_cat","embeddable":true,"href":"https:\/\/www.rememberme-forever.com\/de\/wp-json\/wp\/v2\/product_cat?post=19547"},{"taxonomy":"product_tag","embeddable":true,"href":"https:\/\/www.rememberme-forever.com\/de\/wp-json\/wp\/v2\/product_tag?post=19547"}],"curies":[{"name":"wp","href":"https:\/\/api.w.org\/{rel}","templated":true}]}}