{"id":19580,"date":"2025-06-05T14:33:37","date_gmt":"2025-06-05T12:33:37","guid":{"rendered":"https:\/\/www.rememberme-forever.com\/product\/bestattungsset-urnen-und-metallurnenset\/"},"modified":"2025-09-29T12:50:30","modified_gmt":"2025-09-29T10:50:30","slug":"bestattungsset-urnen-und-metallurnenset","status":"publish","type":"product","link":"https:\/\/www.rememberme-forever.com\/de\/produkt\/bestattungsset-urnen-und-metallurnenset\/","title":{"rendered":"Bestattungsset \u2013 Urnen- und Metallurnenset"},"content":{"rendered":"<section class=\"section\">\n<div class=\"item item-12\">\n<section class=\"text-item\">\n<p style=\"text-align: center;\" data-start=\"57\" data-end=\"295\">Wenn Sie eine sichere und z<strong data-start=\"81\" data-end=\"126\">uverl\u00e4ssige L\u00f6sung f\u00fcr die Urnenbestattung suchen<\/strong>, ist dieses Set ideal. Es enth\u00e4lt eine <strong data-start=\"161\" data-end=\"174\">Metallurne<\/strong> und eine <strong data-start=\"181\" data-end=\"211\">spezielle Schutzkammer<\/strong>, die die Urne vor Witterungseinfl\u00fcssen und Erddruck sch\u00fctzt.<\/p>\n<p style=\"text-align: center;\" data-start=\"297\" data-end=\"536\">So funktioniert es: Die Urne wird in die Urne gelegt, die sie vor Feuchtigkeit und mechanischen Besch\u00e4digungen sch\u00fctzt. Die Kammer sorgt f\u00fcr Langlebigkeit und Sicherheit und gibt Ihnen die Gewissheit, dass die Asche Ihres geliebten Menschen viele Jahre lang sicher aufbewahrt wird.<\/p>\n<div style=\"width: 100%; margin-bottom: 40px; height: max-content; padding-bottom: 60%; position: relative;\"><iframe style=\"position: absolute; top: 0; left: 0; width: 100%; height: 100%;\" src=\"https:\/\/rememberme-urns.com\/capsule-for-a-funeral-urn\/\" frameborder=\"0\"><\/iframe><\/div>\n<div style=\"color: red; text-align: center; margin-bottom: 25px;\">\n<p>&gt;&gt; Rotierendes Foto &#8211; Tippen\/Zoomen &lt;&lt;<\/p>\n<\/div>\n<h2 style=\"text-align: center;\"><span style=\"font-size: 14px;\">Es ist eine <\/span><strong style=\"font-size: 14px;\" data-start=\"545\" data-end=\"578\">praktische und robuste L\u00f6sung<\/strong><span style=\"font-size: 14px;\"> f\u00fcr die Erdbestattung. Mit diesem Set k\u00f6nnen Sie sicher sein, dass die Urne gesch\u00fctzt ist und Ihrem geliebten Menschen eine respektvolle Ruhest\u00e4tte bietet. <\/span><\/h2>\n<h2 style=\"text-align: center;\"><\/h2>\n<h2 style=\"text-align: center;\"><strong style=\"font-size: 14px;\"><span style=\"color: #000000;\">URNEN-SET<\/span><\/strong><\/h2>\n<p style=\"text-align: center;\"><span style=\"color: #000000;\">Beh\u00e4lter aus ABS-Kunststoff f\u00fcr die Erdbestattung oder die Beisetzung in einem Grab. Der Beh\u00e4lter ist wetterfest und zersetzt sich nicht im Boden. <\/span><\/p>\n<p style=\"text-align: center;\"><span style=\"color: #000000;\">Der Hauptzweck des Beh\u00e4lters besteht darin, die Urne vor direktem Bodenkontakt und Erddruck zu sch\u00fctzen.<\/span><\/p>\n<p style=\"text-align: center;\"><strong><span style=\"color: #000000;\">Zum Verschlie\u00dfen des Deckels wird die Verwendung von Klebstoff oder Silikon empfohlen.<\/span><\/strong><\/p>\n<p style=\"text-align: center;\">\n<p style=\"text-align: center;\"><strong><span style=\"color: #000000;\">SET<\/span><\/strong><\/p>\n<p style=\"text-align: center;\"><span style=\"color: #000000;\">Mit diesem Set erhalten Sie:<\/span><\/p>\n<p style=\"text-align: center;\"><span style=\"color: #000000;\">\u25cf Eine Urne, die perfekt in die Kapsel passt.<\/span><\/p>\n<p style=\"text-align: center;\"><span style=\"color: #000000;\">\u25cf Ein stabiles Beh\u00e4ltnis f\u00fcr die Urnenbestattung.<\/span><\/p>\n<p style=\"text-align: center;\"><span style=\"color: #000000;\">\u25cf Die Gewissheit, dass alles perfekt zusammenpasst.<\/span><\/p>\n<p style=\"text-align: center;\"><span style=\"color: #000000;\">\u25cf Zeit- und Kostenersparnis.<\/span><\/p>\n<p style=\"text-align: center;\"><span style=\"color: #000000;\">\u25cf Vermeidung des Risikos, ein zu kleines Beh\u00e4ltnis zu kaufen.<\/span><\/p>\n<p style=\"text-align: center;\"><span style=\"color: #000000;\">&#8212;&#8212;&#8212;&#8212;&#8212;&#8212;&#8212;&#8212;&#8212;&#8212;&#8211;<\/span><\/p>\n<p style=\"text-align: center;\"><span style=\"color: #000000;\">\u25ba PRODUKTDETAILS \u25c4<\/span><\/p>\n<p style=\"text-align: center;\"><span style=\"color: #000000;\">GRUBE:<\/span><\/p>\n<ul>\n<li style=\"text-align: center;\"><span style=\"font-size: 14px; color: #000000; font-family: Arial;\">Gr\u00f6\u00dfe: H\u00f6he: <span class=\"result-height-cm\">31,5 <\/span>cm, Breite: <span class=\"result-width-cm\">20 <\/span>cm, Tiefe: <span class=\"result-depth-cm\">20 <\/span>cm<\/span><\/li>\n<li style=\"text-align: center;\"><span style=\"color: #000000; font-family: Arial;\">Gr\u00f6\u00dfe: H\u00f6he: <span class=\"result-height-cale\">31,5 <\/span>cm, Breite: <span class=\"result-width-cale\">20 <\/span>cm, Tiefe: <span class=\"result-depth-cale\">20 <\/span>cm<\/span><\/li>\n<li style=\"text-align: center;\"><span style=\"color: #000000;\">Fassungsverm\u00f6gen: <span class=\"result-capacity-liters\">8,2 <\/span>l \/ <span class=\"result-capacity-inches\">500.36<\/span> cubic inches<\/span><\/li>\n<li style=\"text-align: center;\"><span style=\"color: #000000;\">Gewicht: <span class=\"result-weight-kg\">0,5 <\/span>kg \/ <span class=\"result-weight-pounds\">1.10 <\/span>lbs<\/span><\/li>\n<li style=\"text-align: center;\"><span style=\"color: #000000;\">Material: <span class=\"result-material\">ABS<\/span><\/span><\/li>\n<\/ul>\n<p style=\"text-align: center;\"><span style=\"color: #000000;\">URNE<\/span><\/p>\n<ul>\n<li style=\"text-align: center;\"><span style=\"color: #000000;\"> Gr\u00f6\u00dfe: 19 cm (T) x 30 cm (H)<\/span><\/li>\n<li style=\"text-align: center;\"><span style=\"color: #000000;\"> Gr\u00f6\u00dfe: 18 cm (T) x 29 cm (H)<\/span><\/li>\n<li style=\"text-align: center;\"><span style=\"color: #000000;\"> Fassungsverm\u00f6gen: 4,5 l<\/span><\/li>\n<li style=\"text-align: center;\"><span style=\"color: #000000;\"> Gewicht: 1,1 kg <\/span><\/li>\n<li style=\"text-align: center;\"><span style=\"color: #000000;\">Material: Metall<\/span><\/li>\n<li style=\"text-align: center;\"><span style=\"color: #000000;\"> Geeignet f\u00fcr ein K\u00f6rpergewicht von ca. 124 kg oder weniger. <\/span><\/li>\n<\/ul>\n<\/section>\n<\/div>\n<\/section>\n<p>&nbsp;<\/p>\n<p style=\"text-align: center;\">\u25ba PERSONALISIERUNG \u25c4<\/p>\n<p>&nbsp;<\/p>\n<div style=\"text-align: center;\">Grufttafel<\/div>\n<div style=\"text-align: center;\">Die personalisierte Gedenktafel muss bei der Bestellung individuell gestaltet werden. (Bitte keine Panik, wenn Sie das vergessen haben, denn Sie k\u00f6nnen uns auch noch nachtr\u00e4glich eine Nachricht schicken).<\/div>\n<div style=\"text-align: center;\">Wenn Sie eine personalisierte Plakette w\u00e4hlen, geben Sie bitte beim Bezahlvorgang im Feld \u201eHinweis des K\u00e4ufers\u201c Ihren Text ein.<\/div>\n<p>&nbsp;<\/p>\n<p style=\"text-align: center;\"><b>Die Textl\u00e4nge ist wie folgt begrenzt:<\/b><\/p>\n<ul>\n<li style=\"text-align: center;\">Vorname(n): Bis zu 24 Zeichen<\/li>\n<li style=\"text-align: center;\">Geburts- und Sterbedatum(e): Bis zu 24 Zeichen<\/li>\n<li style=\"text-align: center;\">Dritte Zeile: Bis zu 24 Zeichen<\/li>\n<li style=\"text-align: center;\">Vierte Zeile: Bis zu 24 Zeichen<\/li>\n<li style=\"text-align: center;\">F\u00fcnfte Zeile: Bis zu 24 Zeichen<\/li>\n<\/ul>\n<p style=\"text-align: center;\"><b>Bitte \u00fcberpr\u00fcfen Sie den Gravurtext sorgf\u00e4ltig, bevor Sie den Artikel in den Warenkorb legen. Wir kopieren und gravieren die genauen Informationen, die wir mit der Bestellung erhalten, und nehmen keine \u00c4nderungen vor. <\/b><\/p>\n<p style=\"text-align: center;\">Bitte \u00fcberpr\u00fcfen Sie den Text, um sicherzustellen, dass alle Schreibweisen korrekt sind.<\/p>\n<p style=\"text-align: center;\">Bitte geben Sie KEINE personalisierten Informationen ein, wenn Sie die Option \u201eUrne ohne Plakette\u201c w\u00e4hlen.<\/p>\n","protected":false},"excerpt":{"rendered":"<p>Wenn Sie eine sichere und zuverl\u00e4ssige L\u00f6sung f\u00fcr die Urnenbestattung suchen, ist dieses Set ideal. Es enth\u00e4lt eine Metallurne und eine spezielle Schutzkammer, die die&#8230;<\/p>\n","protected":false},"featured_media":19581,"template":"","meta":{"_acf_changed":false},"product_brand":[],"product_cat":[2332],"product_tag":[3361],"class_list":{"0":"post-19580","1":"product","2":"type-product","3":"status-publish","4":"has-post-thumbnail","6":"product_cat-bestattungssets","7":"product_tag-gpsr-set-vault-various-urns","8":"product_shipping_class-art-urns-kule-do20cm-de","10":"first","11":"instock","12":"taxable","13":"shipping-taxable","14":"purchasable","15":"product-type-variable"},"yoast_head":"<!-- This site is optimized with the Yoast SEO plugin v27.4 - https:\/\/yoast.com\/product\/yoast-seo-wordpress\/ -->\n<title>Bestattungsset \u2013 Urnen- und Metallurnenset - Remember Forever<\/title>\n<meta name=\"robots\" content=\"index, follow, max-snippet:-1, max-image-preview:large, max-video-preview:-1\" \/>\n<link rel=\"canonical\" href=\"https:\/\/www.rememberme-forever.com\/de\/produkt\/bestattungsset-urnen-und-metallurnenset\/\" \/>\n<meta property=\"og:locale\" content=\"de_DE\" \/>\n<meta property=\"og:type\" content=\"article\" \/>\n<meta property=\"og:title\" content=\"Bestattungsset \u2013 Urnen- und Metallurnenset - Remember Forever\" \/>\n<meta property=\"og:description\" content=\"Wenn Sie eine sichere und zuverl\u00e4ssige L\u00f6sung f\u00fcr die Urnenbestattung suchen, ist dieses Set ideal. Es enth\u00e4lt eine Metallurne und eine spezielle Schutzkammer, die die...\" \/>\n<meta property=\"og:url\" content=\"https:\/\/www.rememberme-forever.com\/de\/produkt\/bestattungsset-urnen-und-metallurnenset\/\" \/>\n<meta property=\"og:site_name\" content=\"Remember Forever\" \/>\n<meta property=\"article:modified_time\" content=\"2025-09-29T10:50:30+00:00\" \/>\n<meta property=\"og:image\" content=\"http:\/\/www.rememberme-forever.com\/wp-content\/uploads\/2025\/06\/vault-3dprint-m78-rose-plaque.jpg\" \/>\n\t<meta property=\"og:image:width\" content=\"1007\" \/>\n\t<meta property=\"og:image:height\" content=\"1024\" \/>\n\t<meta property=\"og:image:type\" content=\"image\/jpeg\" \/>\n<meta name=\"twitter:card\" content=\"summary_large_image\" \/>\n<meta name=\"twitter:label1\" content=\"Gesch\u00e4tzte Lesezeit\" \/>\n\t<meta name=\"twitter:data1\" content=\"3\u00a0Minute\" \/>\n<script type=\"application\/ld+json\" class=\"yoast-schema-graph\">{\"@context\":\"https:\\\/\\\/schema.org\",\"@graph\":[{\"@type\":\"WebPage\",\"@id\":\"https:\\\/\\\/www.rememberme-forever.com\\\/de\\\/produkt\\\/bestattungsset-urnen-und-metallurnenset\\\/\",\"url\":\"https:\\\/\\\/www.rememberme-forever.com\\\/de\\\/produkt\\\/bestattungsset-urnen-und-metallurnenset\\\/\",\"name\":\"Bestattungsset \u2013 Urnen- und Metallurnenset - Remember Forever\",\"isPartOf\":{\"@id\":\"https:\\\/\\\/www.rememberme-forever.com\\\/de\\\/#website\"},\"primaryImageOfPage\":{\"@id\":\"https:\\\/\\\/www.rememberme-forever.com\\\/de\\\/produkt\\\/bestattungsset-urnen-und-metallurnenset\\\/#primaryimage\"},\"image\":{\"@id\":\"https:\\\/\\\/www.rememberme-forever.com\\\/de\\\/produkt\\\/bestattungsset-urnen-und-metallurnenset\\\/#primaryimage\"},\"thumbnailUrl\":\"https:\\\/\\\/www.rememberme-forever.com\\\/wp-content\\\/uploads\\\/2025\\\/06\\\/vault-3dprint-m78-rose-plaque.jpg\",\"datePublished\":\"2025-06-05T12:33:37+00:00\",\"dateModified\":\"2025-09-29T10:50:30+00:00\",\"breadcrumb\":{\"@id\":\"https:\\\/\\\/www.rememberme-forever.com\\\/de\\\/produkt\\\/bestattungsset-urnen-und-metallurnenset\\\/#breadcrumb\"},\"inLanguage\":\"de\",\"potentialAction\":[{\"@type\":\"ReadAction\",\"target\":[\"https:\\\/\\\/www.rememberme-forever.com\\\/de\\\/produkt\\\/bestattungsset-urnen-und-metallurnenset\\\/\"]}]},{\"@type\":\"ImageObject\",\"inLanguage\":\"de\",\"@id\":\"https:\\\/\\\/www.rememberme-forever.com\\\/de\\\/produkt\\\/bestattungsset-urnen-und-metallurnenset\\\/#primaryimage\",\"url\":\"https:\\\/\\\/www.rememberme-forever.com\\\/wp-content\\\/uploads\\\/2025\\\/06\\\/vault-3dprint-m78-rose-plaque.jpg\",\"contentUrl\":\"https:\\\/\\\/www.rememberme-forever.com\\\/wp-content\\\/uploads\\\/2025\\\/06\\\/vault-3dprint-m78-rose-plaque.jpg\",\"width\":1007,\"height\":1024,\"caption\":\"Burial set for funeral \u2013 Vault and metal urn set\"},{\"@type\":\"BreadcrumbList\",\"@id\":\"https:\\\/\\\/www.rememberme-forever.com\\\/de\\\/produkt\\\/bestattungsset-urnen-und-metallurnenset\\\/#breadcrumb\",\"itemListElement\":[{\"@type\":\"ListItem\",\"position\":1,\"name\":\"Home\",\"item\":\"https:\\\/\\\/www.rememberme-forever.com\\\/de\\\/startseite\\\/\"},{\"@type\":\"ListItem\",\"position\":2,\"name\":\"Shop\",\"item\":\"https:\\\/\\\/www.rememberme-forever.com\\\/de\\\/shop\\\/\"},{\"@type\":\"ListItem\",\"position\":3,\"name\":\"Bestattungsset \u2013 Urnen- und Metallurnenset\"}]},{\"@type\":\"WebSite\",\"@id\":\"https:\\\/\\\/www.rememberme-forever.com\\\/de\\\/#website\",\"url\":\"https:\\\/\\\/www.rememberme-forever.com\\\/de\\\/\",\"name\":\"Remember Forever\",\"description\":\"Cremation urns, funeral urns, urns for ashes\",\"publisher\":{\"@id\":\"https:\\\/\\\/www.rememberme-forever.com\\\/de\\\/#organization\"},\"potentialAction\":[{\"@type\":\"SearchAction\",\"target\":{\"@type\":\"EntryPoint\",\"urlTemplate\":\"https:\\\/\\\/www.rememberme-forever.com\\\/de\\\/?s={search_term_string}\"},\"query-input\":{\"@type\":\"PropertyValueSpecification\",\"valueRequired\":true,\"valueName\":\"search_term_string\"}}],\"inLanguage\":\"de\"},{\"@type\":\"Organization\",\"@id\":\"https:\\\/\\\/www.rememberme-forever.com\\\/de\\\/#organization\",\"name\":\"Remember Forever\",\"url\":\"https:\\\/\\\/www.rememberme-forever.com\\\/de\\\/\",\"logo\":{\"@type\":\"ImageObject\",\"inLanguage\":\"de\",\"@id\":\"https:\\\/\\\/www.rememberme-forever.com\\\/de\\\/#\\\/schema\\\/logo\\\/image\\\/\",\"url\":\"https:\\\/\\\/www.rememberme-forever.com\\\/wp-content\\\/uploads\\\/2023\\\/02\\\/logo.png\",\"contentUrl\":\"https:\\\/\\\/www.rememberme-forever.com\\\/wp-content\\\/uploads\\\/2023\\\/02\\\/logo.png\",\"width\":300,\"height\":56,\"caption\":\"Remember Forever\"},\"image\":{\"@id\":\"https:\\\/\\\/www.rememberme-forever.com\\\/de\\\/#\\\/schema\\\/logo\\\/image\\\/\"}}]}<\/script>\n<!-- \/ Yoast SEO plugin. -->","yoast_head_json":{"title":"Bestattungsset \u2013 Urnen- und Metallurnenset - Remember Forever","robots":{"index":"index","follow":"follow","max-snippet":"max-snippet:-1","max-image-preview":"max-image-preview:large","max-video-preview":"max-video-preview:-1"},"canonical":"https:\/\/www.rememberme-forever.com\/de\/produkt\/bestattungsset-urnen-und-metallurnenset\/","og_locale":"de_DE","og_type":"article","og_title":"Bestattungsset \u2013 Urnen- und Metallurnenset - Remember Forever","og_description":"Wenn Sie eine sichere und zuverl\u00e4ssige L\u00f6sung f\u00fcr die Urnenbestattung suchen, ist dieses Set ideal. Es enth\u00e4lt eine Metallurne und eine spezielle Schutzkammer, die die...","og_url":"https:\/\/www.rememberme-forever.com\/de\/produkt\/bestattungsset-urnen-und-metallurnenset\/","og_site_name":"Remember Forever","article_modified_time":"2025-09-29T10:50:30+00:00","og_image":[{"width":1007,"height":1024,"url":"http:\/\/www.rememberme-forever.com\/wp-content\/uploads\/2025\/06\/vault-3dprint-m78-rose-plaque.jpg","type":"image\/jpeg"}],"twitter_card":"summary_large_image","twitter_misc":{"Gesch\u00e4tzte Lesezeit":"3\u00a0Minute"},"schema":{"@context":"https:\/\/schema.org","@graph":[{"@type":"WebPage","@id":"https:\/\/www.rememberme-forever.com\/de\/produkt\/bestattungsset-urnen-und-metallurnenset\/","url":"https:\/\/www.rememberme-forever.com\/de\/produkt\/bestattungsset-urnen-und-metallurnenset\/","name":"Bestattungsset \u2013 Urnen- und Metallurnenset - Remember Forever","isPartOf":{"@id":"https:\/\/www.rememberme-forever.com\/de\/#website"},"primaryImageOfPage":{"@id":"https:\/\/www.rememberme-forever.com\/de\/produkt\/bestattungsset-urnen-und-metallurnenset\/#primaryimage"},"image":{"@id":"https:\/\/www.rememberme-forever.com\/de\/produkt\/bestattungsset-urnen-und-metallurnenset\/#primaryimage"},"thumbnailUrl":"https:\/\/www.rememberme-forever.com\/wp-content\/uploads\/2025\/06\/vault-3dprint-m78-rose-plaque.jpg","datePublished":"2025-06-05T12:33:37+00:00","dateModified":"2025-09-29T10:50:30+00:00","breadcrumb":{"@id":"https:\/\/www.rememberme-forever.com\/de\/produkt\/bestattungsset-urnen-und-metallurnenset\/#breadcrumb"},"inLanguage":"de","potentialAction":[{"@type":"ReadAction","target":["https:\/\/www.rememberme-forever.com\/de\/produkt\/bestattungsset-urnen-und-metallurnenset\/"]}]},{"@type":"ImageObject","inLanguage":"de","@id":"https:\/\/www.rememberme-forever.com\/de\/produkt\/bestattungsset-urnen-und-metallurnenset\/#primaryimage","url":"https:\/\/www.rememberme-forever.com\/wp-content\/uploads\/2025\/06\/vault-3dprint-m78-rose-plaque.jpg","contentUrl":"https:\/\/www.rememberme-forever.com\/wp-content\/uploads\/2025\/06\/vault-3dprint-m78-rose-plaque.jpg","width":1007,"height":1024,"caption":"Burial set for funeral \u2013 Vault and metal urn set"},{"@type":"BreadcrumbList","@id":"https:\/\/www.rememberme-forever.com\/de\/produkt\/bestattungsset-urnen-und-metallurnenset\/#breadcrumb","itemListElement":[{"@type":"ListItem","position":1,"name":"Home","item":"https:\/\/www.rememberme-forever.com\/de\/startseite\/"},{"@type":"ListItem","position":2,"name":"Shop","item":"https:\/\/www.rememberme-forever.com\/de\/shop\/"},{"@type":"ListItem","position":3,"name":"Bestattungsset \u2013 Urnen- und Metallurnenset"}]},{"@type":"WebSite","@id":"https:\/\/www.rememberme-forever.com\/de\/#website","url":"https:\/\/www.rememberme-forever.com\/de\/","name":"Remember Forever","description":"Cremation urns, funeral urns, urns for ashes","publisher":{"@id":"https:\/\/www.rememberme-forever.com\/de\/#organization"},"potentialAction":[{"@type":"SearchAction","target":{"@type":"EntryPoint","urlTemplate":"https:\/\/www.rememberme-forever.com\/de\/?s={search_term_string}"},"query-input":{"@type":"PropertyValueSpecification","valueRequired":true,"valueName":"search_term_string"}}],"inLanguage":"de"},{"@type":"Organization","@id":"https:\/\/www.rememberme-forever.com\/de\/#organization","name":"Remember Forever","url":"https:\/\/www.rememberme-forever.com\/de\/","logo":{"@type":"ImageObject","inLanguage":"de","@id":"https:\/\/www.rememberme-forever.com\/de\/#\/schema\/logo\/image\/","url":"https:\/\/www.rememberme-forever.com\/wp-content\/uploads\/2023\/02\/logo.png","contentUrl":"https:\/\/www.rememberme-forever.com\/wp-content\/uploads\/2023\/02\/logo.png","width":300,"height":56,"caption":"Remember Forever"},"image":{"@id":"https:\/\/www.rememberme-forever.com\/de\/#\/schema\/logo\/image\/"}}]}},"acf":[],"_links":{"self":[{"href":"https:\/\/www.rememberme-forever.com\/de\/wp-json\/wp\/v2\/product\/19580","targetHints":{"allow":["GET"]}}],"collection":[{"href":"https:\/\/www.rememberme-forever.com\/de\/wp-json\/wp\/v2\/product"}],"about":[{"href":"https:\/\/www.rememberme-forever.com\/de\/wp-json\/wp\/v2\/types\/product"}],"wp:featuredmedia":[{"embeddable":true,"href":"https:\/\/www.rememberme-forever.com\/de\/wp-json\/wp\/v2\/media\/19581"}],"wp:attachment":[{"href":"https:\/\/www.rememberme-forever.com\/de\/wp-json\/wp\/v2\/media?parent=19580"}],"wp:term":[{"taxonomy":"product_brand","embeddable":true,"href":"https:\/\/www.rememberme-forever.com\/de\/wp-json\/wp\/v2\/product_brand?post=19580"},{"taxonomy":"product_cat","embeddable":true,"href":"https:\/\/www.rememberme-forever.com\/de\/wp-json\/wp\/v2\/product_cat?post=19580"},{"taxonomy":"product_tag","embeddable":true,"href":"https:\/\/www.rememberme-forever.com\/de\/wp-json\/wp\/v2\/product_tag?post=19580"}],"curies":[{"name":"wp","href":"https:\/\/api.w.org\/{rel}","templated":true}]}}