{"id":19647,"date":"2025-04-15T11:28:17","date_gmt":"2025-04-15T09:28:17","guid":{"rendered":"https:\/\/www.rememberme-forever.com\/product\/fussballurne-fuer-asche-mit-fussballspieler-urne-fuer-fussballfans-und-spieler\/"},"modified":"2025-09-29T14:54:16","modified_gmt":"2025-09-29T12:54:16","slug":"fussballurne-fuer-asche-mit-fussballspieler-urne-fuer-fussballfans-und-spieler","status":"publish","type":"product","link":"https:\/\/www.rememberme-forever.com\/de\/produkt\/fussballurne-fuer-asche-mit-fussballspieler-urne-fuer-fussballfans-und-spieler\/","title":{"rendered":"Fu\u00dfballurne f\u00fcr Asche mit Fu\u00dfballspieler \u2013 Urne f\u00fcr Fu\u00dfballfans und -spieler"},"content":{"rendered":"<p class=\"\" align=\"center\" data-start=\"70\" data-end=\"421\">Wenn Ihr geliebter Mensch Fu\u00dfball liebte \u2013 ob er spielte, jubelte oder einfach nur lebte \u2013, ist diese Urne eine wundersch\u00f6ne M\u00f6glichkeit, seine Leidenschaft zu ehren. Die<strong data-start=\"228\" data-end=\"266\"> holzkastenf\u00f6rmige Urne <\/strong>ist in elegantem <strong data-start=\"290\" data-end=\"320\">Schwarz oder Wei\u00df<\/strong> erh\u00e4ltlich und <strong data-start=\"324\" data-end=\"359\">hat leicht abgerundete Kanten<\/strong>, die ihr eine moderne und zugleich warme Ausstrahlung verleihen.<\/p>\n<p class=\"\" align=\"center\" data-start=\"423\" data-end=\"742\">Auf der Vorderseite ist die <strong data-start=\"447\" data-end=\"480\">Silhouette des Fu\u00dfballers eingraviert<\/strong>, dynamisch und emotional \u2013 genau wie sein Leben. <strong data-start=\"542\" data-end=\"605\">Direkt \u00fcber der Gravur befindet sich ein personalisiertes Schild<\/strong>, auf dem Sie Ihren Namen, die Daten und einen kurzen Abschiedsgru\u00df oder ein Zitat hinterlassen k\u00f6nnen. Das macht die Urne zu einem ganz pers\u00f6nlichen Symbol der Erinnerung.<\/p>\n<p class=\"\" align=\"center\" data-start=\"744\" data-end=\"869\">Die Asche wird von unten eingebracht \u2013 <strong data-start=\"776\" data-end=\"822\">durch einen stabil verschraubten<\/strong>, abnehmbaren Boden, der eine sichere Aufbewahrung gew\u00e4hrleistet.<\/p>\n<p class=\"\" align=\"center\" data-start=\"871\" data-end=\"1044\">Dies ist mehr als eine Urne. Sie ist eine<strong data-start=\"894\" data-end=\"913\"> thematische Hommage an Leidenschaft,<\/strong> Energie und Sportsgeist. Geschaffen f\u00fcr diejenigen, die Fu\u00dfball von ganzem Herzen liebten \u2013 und so werden sie in Erinnerung bleiben.<\/p>\n<div style=\"width: 100%; margin-bottom: 40px; height: max-content; padding-bottom: 60%; position: relative;\"><iframe style=\"position: absolute; top: 0; left: 0; width: 100%; height: 100%;\" src=\"https:\/\/rememberme-urns.com\/urn-for-a-soccer-player\/\" frameborder=\"0\"><\/iframe><\/div>\n<div style=\"color: red; text-align: center; margin-bottom: 25px;\">\n<p>&gt;&gt; Rotierendes Foto &#8211; Tippen\/Zoomen &lt;&lt;<\/p>\n<\/div>\n<div align=\"center\"><\/div>\n<p style=\"text-align: center;\"><strong>\u25ba PERSONALISIERUNG \u25c4<\/strong><\/p>\n<p style=\"text-align: center;\">\u2714\ufe0f Wenn Sie sich f\u00fcr eine personalisierte Plakette entscheiden, geben Sie den Text an der entsprechenden Stelle ein oder schicken Sie uns eine Nachricht.<\/p>\n<p style=\"text-align: center;\">\u2714\ufe0f Die personalisierte Gedenktafel muss w\u00e4hrend des Bestellvorgangs angepasst werden. (Keine Sorge, wenn Sie es vergessen, Sie k\u00f6nnen uns sp\u00e4ter immer noch eine Nachricht schicken).<\/p>\n<p style=\"text-align: center;\"><b>Die Textbeschr\u00e4nkungen lauten wie folgt:<\/b><\/p>\n<p style=\"text-align: center;\"><span style=\"color: var(--text-color); font-size: 14px;\">Name(n) bis zu 35 Zeichen<\/span><\/p>\n<p style=\"text-align: center;\"><span style=\"color: var(--text-color); font-size: 14px;\">Geburts- und Sterbedatum bis zu 35 Zeichen<\/span><\/p>\n<p style=\"text-align: center;\"><span style=\"color: var(--text-color); font-size: 14px;\">Dritte Zeile bis zu 35 Zeichen<\/span><\/p>\n<div style=\"text-align: center;\"><\/div>\n<p style=\"text-align: center;\">\u2714\ufe0f Bitte <strong>\u00fcberpr\u00fcfen<\/strong> Sie den Gravurtext <strong>ZWEIFACH<\/strong>, bevor Sie das Produkt in Ihren Warenkorb legen. Wir kopieren und gravieren genau die Informationen, die wir mit der Bestellung erhalten, und nehmen unsererseits keine \u00c4nderungen vor.<\/p>\n<p style=\"text-align: center;\">\u2714\ufe0f \u00dcberpr\u00fcfen Sie den Text, um sicherzustellen, dass die Schreibweise korrekt ist.<\/p>\n<p style=\"text-align: center;\">\u2714\ufe0f Geben Sie <strong>KEINE<\/strong> Gravurinformationen ein, wenn Sie die Option &#8218;Urne ohne Plakette&#8216; kaufen.<\/p>\n","protected":false},"excerpt":{"rendered":"<p>Wenn Ihr geliebter Mensch Fu\u00dfball liebte \u2013 ob er spielte, jubelte oder einfach nur lebte \u2013, ist diese Urne eine wundersch\u00f6ne M\u00f6glichkeit, seine Leidenschaft zu&#8230;<\/p>\n","protected":false},"featured_media":19648,"comment_status":"closed","ping_status":"closed","template":"","meta":{"_acf_changed":false},"product_brand":[],"product_cat":[2344,2355],"product_tag":[3305],"class_list":{"0":"post-19647","1":"product","2":"type-product","3":"status-publish","4":"has-post-thumbnail","6":"product_cat-motivurnen","7":"product_cat-sporturnen","8":"product_tag-gpsr-all-wood-urns","9":"product_shipping_class-2-4kg","11":"first","12":"instock","13":"taxable","14":"shipping-taxable","15":"purchasable","16":"product-type-variable"},"yoast_head":"<!-- This site is optimized with the Yoast SEO plugin v27.5 - https:\/\/yoast.com\/product\/yoast-seo-wordpress\/ -->\n<title>Remember Forever<\/title>\n<meta name=\"robots\" content=\"index, follow, max-snippet:-1, max-image-preview:large, max-video-preview:-1\" \/>\n<link rel=\"canonical\" href=\"https:\/\/www.rememberme-forever.com\/de\/produkt\/fussballurne-fuer-asche-mit-fussballspieler-urne-fuer-fussballfans-und-spieler\/\" \/>\n<meta property=\"og:locale\" content=\"de_DE\" \/>\n<meta property=\"og:type\" content=\"article\" \/>\n<meta property=\"og:description\" content=\"Wenn Ihr geliebter Mensch Fu\u00dfball liebte \u2013 ob er spielte, jubelte oder einfach nur lebte \u2013, ist diese Urne eine wundersch\u00f6ne M\u00f6glichkeit, seine Leidenschaft zu...\" \/>\n<meta property=\"og:url\" content=\"https:\/\/www.rememberme-forever.com\/de\/produkt\/fussballurne-fuer-asche-mit-fussballspieler-urne-fuer-fussballfans-und-spieler\/\" \/>\n<meta property=\"og:site_name\" content=\"Remember Forever\" \/>\n<meta property=\"article:modified_time\" content=\"2025-09-29T12:54:16+00:00\" \/>\n<meta property=\"og:image\" content=\"http:\/\/www.rememberme-forever.com\/wp-content\/uploads\/2025\/04\/soccer-black-urn_0001.jpg\" \/>\n\t<meta property=\"og:image:width\" content=\"1007\" \/>\n\t<meta property=\"og:image:height\" content=\"1024\" \/>\n\t<meta property=\"og:image:type\" content=\"image\/jpeg\" \/>\n<meta name=\"twitter:card\" content=\"summary_large_image\" \/>\n<meta name=\"twitter:label1\" content=\"Gesch\u00e4tzte Lesezeit\" \/>\n\t<meta name=\"twitter:data1\" content=\"2\u00a0Minute\" \/>\n<script type=\"application\/ld+json\" class=\"yoast-schema-graph\">{\"@context\":\"https:\\\/\\\/schema.org\",\"@graph\":[{\"@type\":\"WebPage\",\"@id\":\"https:\\\/\\\/www.rememberme-forever.com\\\/de\\\/produkt\\\/fussballurne-fuer-asche-mit-fussballspieler-urne-fuer-fussballfans-und-spieler\\\/\",\"url\":\"https:\\\/\\\/www.rememberme-forever.com\\\/de\\\/produkt\\\/fussballurne-fuer-asche-mit-fussballspieler-urne-fuer-fussballfans-und-spieler\\\/\",\"name\":\"\",\"isPartOf\":{\"@id\":\"https:\\\/\\\/www.rememberme-forever.com\\\/de\\\/#website\"},\"primaryImageOfPage\":{\"@id\":\"https:\\\/\\\/www.rememberme-forever.com\\\/de\\\/produkt\\\/fussballurne-fuer-asche-mit-fussballspieler-urne-fuer-fussballfans-und-spieler\\\/#primaryimage\"},\"image\":{\"@id\":\"https:\\\/\\\/www.rememberme-forever.com\\\/de\\\/produkt\\\/fussballurne-fuer-asche-mit-fussballspieler-urne-fuer-fussballfans-und-spieler\\\/#primaryimage\"},\"thumbnailUrl\":\"https:\\\/\\\/www.rememberme-forever.com\\\/wp-content\\\/uploads\\\/2025\\\/04\\\/soccer-black-urn_0001.jpg\",\"datePublished\":\"2025-04-15T09:28:17+00:00\",\"dateModified\":\"2025-09-29T12:54:16+00:00\",\"breadcrumb\":{\"@id\":\"https:\\\/\\\/www.rememberme-forever.com\\\/de\\\/produkt\\\/fussballurne-fuer-asche-mit-fussballspieler-urne-fuer-fussballfans-und-spieler\\\/#breadcrumb\"},\"inLanguage\":\"de\",\"potentialAction\":[{\"@type\":\"ReadAction\",\"target\":[\"https:\\\/\\\/www.rememberme-forever.com\\\/de\\\/produkt\\\/fussballurne-fuer-asche-mit-fussballspieler-urne-fuer-fussballfans-und-spieler\\\/\"]}]},{\"@type\":\"ImageObject\",\"inLanguage\":\"de\",\"@id\":\"https:\\\/\\\/www.rememberme-forever.com\\\/de\\\/produkt\\\/fussballurne-fuer-asche-mit-fussballspieler-urne-fuer-fussballfans-und-spieler\\\/#primaryimage\",\"url\":\"https:\\\/\\\/www.rememberme-forever.com\\\/wp-content\\\/uploads\\\/2025\\\/04\\\/soccer-black-urn_0001.jpg\",\"contentUrl\":\"https:\\\/\\\/www.rememberme-forever.com\\\/wp-content\\\/uploads\\\/2025\\\/04\\\/soccer-black-urn_0001.jpg\",\"width\":1007,\"height\":1024,\"caption\":\"soccer urn, football urn\"},{\"@type\":\"BreadcrumbList\",\"@id\":\"https:\\\/\\\/www.rememberme-forever.com\\\/de\\\/produkt\\\/fussballurne-fuer-asche-mit-fussballspieler-urne-fuer-fussballfans-und-spieler\\\/#breadcrumb\",\"itemListElement\":[{\"@type\":\"ListItem\",\"position\":1,\"name\":\"Home\",\"item\":\"https:\\\/\\\/www.rememberme-forever.com\\\/de\\\/startseite\\\/\"},{\"@type\":\"ListItem\",\"position\":2,\"name\":\"Shop\",\"item\":\"https:\\\/\\\/www.rememberme-forever.com\\\/de\\\/shop\\\/\"},{\"@type\":\"ListItem\",\"position\":3,\"name\":\"Fu\u00dfballurne f\u00fcr Asche mit Fu\u00dfballspieler \u2013 Urne f\u00fcr Fu\u00dfballfans und -spieler\"}]},{\"@type\":\"WebSite\",\"@id\":\"https:\\\/\\\/www.rememberme-forever.com\\\/de\\\/#website\",\"url\":\"https:\\\/\\\/www.rememberme-forever.com\\\/de\\\/\",\"name\":\"Remember Forever\",\"description\":\"Cremation urns, funeral urns, urns for ashes\",\"publisher\":{\"@id\":\"https:\\\/\\\/www.rememberme-forever.com\\\/de\\\/#organization\"},\"potentialAction\":[{\"@type\":\"SearchAction\",\"target\":{\"@type\":\"EntryPoint\",\"urlTemplate\":\"https:\\\/\\\/www.rememberme-forever.com\\\/de\\\/?s={search_term_string}\"},\"query-input\":{\"@type\":\"PropertyValueSpecification\",\"valueRequired\":true,\"valueName\":\"search_term_string\"}}],\"inLanguage\":\"de\"},{\"@type\":\"Organization\",\"@id\":\"https:\\\/\\\/www.rememberme-forever.com\\\/de\\\/#organization\",\"name\":\"Remember Forever\",\"url\":\"https:\\\/\\\/www.rememberme-forever.com\\\/de\\\/\",\"logo\":{\"@type\":\"ImageObject\",\"inLanguage\":\"de\",\"@id\":\"https:\\\/\\\/www.rememberme-forever.com\\\/de\\\/#\\\/schema\\\/logo\\\/image\\\/\",\"url\":\"https:\\\/\\\/www.rememberme-forever.com\\\/wp-content\\\/uploads\\\/2023\\\/02\\\/logo.png\",\"contentUrl\":\"https:\\\/\\\/www.rememberme-forever.com\\\/wp-content\\\/uploads\\\/2023\\\/02\\\/logo.png\",\"width\":300,\"height\":56,\"caption\":\"Remember Forever\"},\"image\":{\"@id\":\"https:\\\/\\\/www.rememberme-forever.com\\\/de\\\/#\\\/schema\\\/logo\\\/image\\\/\"}}]}<\/script>\n<!-- \/ Yoast SEO plugin. -->","yoast_head_json":{"title":"Remember Forever","robots":{"index":"index","follow":"follow","max-snippet":"max-snippet:-1","max-image-preview":"max-image-preview:large","max-video-preview":"max-video-preview:-1"},"canonical":"https:\/\/www.rememberme-forever.com\/de\/produkt\/fussballurne-fuer-asche-mit-fussballspieler-urne-fuer-fussballfans-und-spieler\/","og_locale":"de_DE","og_type":"article","og_description":"Wenn Ihr geliebter Mensch Fu\u00dfball liebte \u2013 ob er spielte, jubelte oder einfach nur lebte \u2013, ist diese Urne eine wundersch\u00f6ne M\u00f6glichkeit, seine Leidenschaft zu...","og_url":"https:\/\/www.rememberme-forever.com\/de\/produkt\/fussballurne-fuer-asche-mit-fussballspieler-urne-fuer-fussballfans-und-spieler\/","og_site_name":"Remember Forever","article_modified_time":"2025-09-29T12:54:16+00:00","og_image":[{"width":1007,"height":1024,"url":"http:\/\/www.rememberme-forever.com\/wp-content\/uploads\/2025\/04\/soccer-black-urn_0001.jpg","type":"image\/jpeg"}],"twitter_card":"summary_large_image","twitter_misc":{"Gesch\u00e4tzte Lesezeit":"2\u00a0Minute"},"schema":{"@context":"https:\/\/schema.org","@graph":[{"@type":"WebPage","@id":"https:\/\/www.rememberme-forever.com\/de\/produkt\/fussballurne-fuer-asche-mit-fussballspieler-urne-fuer-fussballfans-und-spieler\/","url":"https:\/\/www.rememberme-forever.com\/de\/produkt\/fussballurne-fuer-asche-mit-fussballspieler-urne-fuer-fussballfans-und-spieler\/","name":"","isPartOf":{"@id":"https:\/\/www.rememberme-forever.com\/de\/#website"},"primaryImageOfPage":{"@id":"https:\/\/www.rememberme-forever.com\/de\/produkt\/fussballurne-fuer-asche-mit-fussballspieler-urne-fuer-fussballfans-und-spieler\/#primaryimage"},"image":{"@id":"https:\/\/www.rememberme-forever.com\/de\/produkt\/fussballurne-fuer-asche-mit-fussballspieler-urne-fuer-fussballfans-und-spieler\/#primaryimage"},"thumbnailUrl":"https:\/\/www.rememberme-forever.com\/wp-content\/uploads\/2025\/04\/soccer-black-urn_0001.jpg","datePublished":"2025-04-15T09:28:17+00:00","dateModified":"2025-09-29T12:54:16+00:00","breadcrumb":{"@id":"https:\/\/www.rememberme-forever.com\/de\/produkt\/fussballurne-fuer-asche-mit-fussballspieler-urne-fuer-fussballfans-und-spieler\/#breadcrumb"},"inLanguage":"de","potentialAction":[{"@type":"ReadAction","target":["https:\/\/www.rememberme-forever.com\/de\/produkt\/fussballurne-fuer-asche-mit-fussballspieler-urne-fuer-fussballfans-und-spieler\/"]}]},{"@type":"ImageObject","inLanguage":"de","@id":"https:\/\/www.rememberme-forever.com\/de\/produkt\/fussballurne-fuer-asche-mit-fussballspieler-urne-fuer-fussballfans-und-spieler\/#primaryimage","url":"https:\/\/www.rememberme-forever.com\/wp-content\/uploads\/2025\/04\/soccer-black-urn_0001.jpg","contentUrl":"https:\/\/www.rememberme-forever.com\/wp-content\/uploads\/2025\/04\/soccer-black-urn_0001.jpg","width":1007,"height":1024,"caption":"soccer urn, football urn"},{"@type":"BreadcrumbList","@id":"https:\/\/www.rememberme-forever.com\/de\/produkt\/fussballurne-fuer-asche-mit-fussballspieler-urne-fuer-fussballfans-und-spieler\/#breadcrumb","itemListElement":[{"@type":"ListItem","position":1,"name":"Home","item":"https:\/\/www.rememberme-forever.com\/de\/startseite\/"},{"@type":"ListItem","position":2,"name":"Shop","item":"https:\/\/www.rememberme-forever.com\/de\/shop\/"},{"@type":"ListItem","position":3,"name":"Fu\u00dfballurne f\u00fcr Asche mit Fu\u00dfballspieler \u2013 Urne f\u00fcr Fu\u00dfballfans und -spieler"}]},{"@type":"WebSite","@id":"https:\/\/www.rememberme-forever.com\/de\/#website","url":"https:\/\/www.rememberme-forever.com\/de\/","name":"Remember Forever","description":"Cremation urns, funeral urns, urns for ashes","publisher":{"@id":"https:\/\/www.rememberme-forever.com\/de\/#organization"},"potentialAction":[{"@type":"SearchAction","target":{"@type":"EntryPoint","urlTemplate":"https:\/\/www.rememberme-forever.com\/de\/?s={search_term_string}"},"query-input":{"@type":"PropertyValueSpecification","valueRequired":true,"valueName":"search_term_string"}}],"inLanguage":"de"},{"@type":"Organization","@id":"https:\/\/www.rememberme-forever.com\/de\/#organization","name":"Remember Forever","url":"https:\/\/www.rememberme-forever.com\/de\/","logo":{"@type":"ImageObject","inLanguage":"de","@id":"https:\/\/www.rememberme-forever.com\/de\/#\/schema\/logo\/image\/","url":"https:\/\/www.rememberme-forever.com\/wp-content\/uploads\/2023\/02\/logo.png","contentUrl":"https:\/\/www.rememberme-forever.com\/wp-content\/uploads\/2023\/02\/logo.png","width":300,"height":56,"caption":"Remember Forever"},"image":{"@id":"https:\/\/www.rememberme-forever.com\/de\/#\/schema\/logo\/image\/"}}]}},"acf":[],"_links":{"self":[{"href":"https:\/\/www.rememberme-forever.com\/de\/wp-json\/wp\/v2\/product\/19647","targetHints":{"allow":["GET"]}}],"collection":[{"href":"https:\/\/www.rememberme-forever.com\/de\/wp-json\/wp\/v2\/product"}],"about":[{"href":"https:\/\/www.rememberme-forever.com\/de\/wp-json\/wp\/v2\/types\/product"}],"replies":[{"embeddable":true,"href":"https:\/\/www.rememberme-forever.com\/de\/wp-json\/wp\/v2\/comments?post=19647"}],"wp:featuredmedia":[{"embeddable":true,"href":"https:\/\/www.rememberme-forever.com\/de\/wp-json\/wp\/v2\/media\/19648"}],"wp:attachment":[{"href":"https:\/\/www.rememberme-forever.com\/de\/wp-json\/wp\/v2\/media?parent=19647"}],"wp:term":[{"taxonomy":"product_brand","embeddable":true,"href":"https:\/\/www.rememberme-forever.com\/de\/wp-json\/wp\/v2\/product_brand?post=19647"},{"taxonomy":"product_cat","embeddable":true,"href":"https:\/\/www.rememberme-forever.com\/de\/wp-json\/wp\/v2\/product_cat?post=19647"},{"taxonomy":"product_tag","embeddable":true,"href":"https:\/\/www.rememberme-forever.com\/de\/wp-json\/wp\/v2\/product_tag?post=19647"}],"curies":[{"name":"wp","href":"https:\/\/api.w.org\/{rel}","templated":true}]}}