{"id":19758,"date":"2023-04-06T10:29:59","date_gmt":"2023-04-06T08:29:59","guid":{"rendered":"https:\/\/www.rememberme-forever.com\/product\/schwarze-graniturne-fuer-die-asche-eines-erwachsenen\/"},"modified":"2025-10-01T08:49:50","modified_gmt":"2025-10-01T06:49:50","slug":"schwarze-graniturne-fuer-die-asche-eines-erwachsenen","status":"publish","type":"product","link":"https:\/\/www.rememberme-forever.com\/de\/produkt\/schwarze-graniturne-fuer-die-asche-eines-erwachsenen\/","title":{"rendered":"Schwarze Graniturne f\u00fcr die Asche eines Erwachsenen"},"content":{"rendered":"<div style=\"width: 100%; margin-bottom: 40px; height: max-content; padding-bottom: 60%; position: relative;\"><iframe style=\"position: absolute; top: 0; left: 0; width: 100%; height: 100%;\" src=\"https:\/\/rememberme-urns.com\/black-composite-urn\/\" frameborder=\"0\"><\/iframe><\/div>\n<div style=\"color: red; text-align: center; margin-bottom: 25px;\">\n<p>&gt;&gt; Rotierendes Foto &#8211; Tippen\/Zoomen &lt;&lt;<\/p>\n<\/div>\n<h2 style=\"text-align: center;\">Schwarze Graniturne f\u00fcr die Asche eines Erwachsenen<\/h2>\n<p style=\"text-align: center;\">Wir pr\u00e4sentieren unsere exquisite schwarze Graniturne \u2013 das perfekte Gef\u00e4\u00df, um die Erinnerung an Ihren geliebten Menschen zu bewahren und zu bewahren. Mit ihrer eleganten, polierten Oberfl\u00e4che strahlt diese Urne Eleganz und Raffinesse aus und passt perfekt zu jeder Trauerfeier.<\/p>\n<p style=\"text-align: center;\">Gefertigt aus hochwertigem Granit ist diese Urne robust und langlebig und sorgt daf\u00fcr, dass die Asche Ihres geliebten Menschen \u00fcber Jahre hinweg sicher und gesch\u00fctzt aufbewahrt wird. Die Urne ist f\u00fcr die Asche eines Erwachsenen konzipiert und bietet ausreichend Platz f\u00fcr die sterblichen \u00dcberreste Ihres geliebten Menschen.<\/p>\n<p style=\"text-align: center;\">Neben der atemberaubenden Oberfl\u00e4che aus schwarzem Granit ist diese Urne mit wundersch\u00f6nen Rosen verziert, die der letzten Ruhest\u00e4tte Ihres geliebten Menschen einen Hauch von nat\u00fcrlicher Sch\u00f6nheit und Symbolik verleihen. Eine Gedenktafel ist ebenfalls im Lieferumfang enthalten, sodass Sie die Urne mit dem Namen Ihres geliebten Menschen, den Daten oder einer herzlichen Botschaft personalisieren k\u00f6nnen.<\/p>\n<p style=\"text-align: center;\">F\u00fcr diejenigen, die sich eine zus\u00e4tzliche religi\u00f6se Symbolik w\u00fcnschen, kann die Urne optional mit einem goldenen Kreuz versehen werden. Das Kreuz dient als ergreifende Erinnerung an den Glauben Ihres geliebten Menschen und den Trost, den er in dieser schweren Zeit spenden kann.<\/p>\n<p style=\"text-align: center;\">Diese schwarze Graniturne mit Rosen und Gedenktafel ist eine zeitlose und einzigartige Hommage an das Leben Ihres geliebten Menschen und bietet eine sch\u00f6ne und dauerhafte M\u00f6glichkeit, sein Andenken zu ehren.<\/p>\n<h3><\/h3>\n<p style=\"text-align: center;\"><em><strong>Ein goldenes Kreuz ist optional zu jeder Urne zur Selbstmontage beigef\u00fcgt.<\/strong><\/em><\/p>\n<p>&nbsp;<\/p>\n<h3 style=\"text-align: center;\"><strong>PERSONALISIERUNG<\/strong><\/h3>\n<p style=\"text-align: center;\">Die personalisierte Gedenktafel muss bei der Bestellung individuell gestaltet werden. (Bitte keine Panik, wenn Sie das vergessen haben, denn Sie k\u00f6nnen uns auch noch nachtr\u00e4glich eine Nachricht schicken).<\/p>\n<p style=\"text-align: center;\">Bitte \u00fcberpr\u00fcfen Sie den zu gravierenden Text sorgf\u00e4ltig, bevor Sie den Artikel in den Warenkorb legen. Wir kopieren und gravieren genau die Informationen, die wir mit der Bestellung erhalten und nehmen bei uns keine \u00c4nderungen vor.<\/p>\n<p style=\"text-align: center;\"><strong>Bitte \u00fcberpr\u00fcfen Sie den Text, um sicherzustellen, dass alle Schreibweisen korrekt sind.<\/strong><\/p>\n<p><img loading=\"lazy\" decoding=\"async\" class=\" wp-image-1447 aligncenter\" src=\"http:\/\/www.rememberme-forever.com\/wp-content\/uploads\/2023\/04\/memorial-plaque-cremation-urn-gold-300x150.jpg\" alt=\"Gedenktafel Urne Gold\" width=\"218\" height=\"109\" srcset=\"https:\/\/www.rememberme-forever.com\/wp-content\/uploads\/2023\/04\/memorial-plaque-cremation-urn-gold-300x150.jpg 300w, https:\/\/www.rememberme-forever.com\/wp-content\/uploads\/2023\/04\/memorial-plaque-cremation-urn-gold-64x32.jpg 64w, https:\/\/www.rememberme-forever.com\/wp-content\/uploads\/2023\/04\/memorial-plaque-cremation-urn-gold.jpg 448w\" sizes=\"auto, (max-width: 218px) 100vw, 218px\" \/><\/p>\n","protected":false},"excerpt":{"rendered":"<p>Klassisch geformte schwarze Urne aus Granit. Wundersch\u00f6ne Urne f\u00fcr die Asche eines Erwachsenen zur Beerdigung.<\/p>\n<p><strong>Geeignet f\u00fcr die Asche einer Person mit einem K\u00f6rpergewicht von bis zu ca. 138 kg <\/strong><\/p>\n","protected":false},"featured_media":19759,"template":"","meta":{"_acf_changed":false},"product_brand":[1991],"product_cat":[2336],"product_tag":[3316],"class_list":{"0":"post-19758","1":"product","2":"type-product","3":"status-publish","4":"has-post-thumbnail","6":"product_brand-remember-forever","7":"product_cat-kompositurnen","8":"product_tag-gpsr-composite-urns","9":"product_shipping_class-5-10kg-de","11":"first","12":"instock","13":"taxable","14":"shipping-taxable","15":"purchasable","16":"product-type-simple"},"yoast_head":"<!-- This site is optimized with the Yoast SEO plugin v27.4 - https:\/\/yoast.com\/product\/yoast-seo-wordpress\/ -->\n<title>Remember Forever<\/title>\n<meta name=\"description\" content=\"Wir pr\u00e4sentieren unsere exquisite schwarze Graniturne \u2013 das perfekte Gef\u00e4\u00df, um das Andenken Ihres geliebten Menschen zu ehren und zu bewahren.\" \/>\n<meta name=\"robots\" content=\"index, follow, max-snippet:-1, max-image-preview:large, max-video-preview:-1\" \/>\n<link rel=\"canonical\" href=\"https:\/\/www.rememberme-forever.com\/de\/produkt\/schwarze-graniturne-fuer-die-asche-eines-erwachsenen\/\" \/>\n<meta property=\"og:locale\" content=\"de_DE\" \/>\n<meta property=\"og:type\" content=\"article\" \/>\n<meta property=\"og:description\" content=\"Wir pr\u00e4sentieren unsere exquisite schwarze Graniturne \u2013 das perfekte Gef\u00e4\u00df, um das Andenken Ihres geliebten Menschen zu ehren und zu bewahren.\" \/>\n<meta property=\"og:url\" content=\"https:\/\/www.rememberme-forever.com\/de\/produkt\/schwarze-graniturne-fuer-die-asche-eines-erwachsenen\/\" \/>\n<meta property=\"og:site_name\" content=\"Remember Forever\" \/>\n<meta property=\"article:modified_time\" content=\"2025-10-01T06:49:50+00:00\" \/>\n<meta property=\"og:image\" content=\"http:\/\/www.rememberme-forever.com\/wp-content\/uploads\/2023\/04\/engraved-black-cremation-urn.jpg\" \/>\n\t<meta property=\"og:image:width\" content=\"768\" \/>\n\t<meta property=\"og:image:height\" content=\"781\" \/>\n\t<meta property=\"og:image:type\" content=\"image\/jpeg\" \/>\n<meta name=\"twitter:card\" content=\"summary_large_image\" \/>\n<meta name=\"twitter:label1\" content=\"Gesch\u00e4tzte Lesezeit\" \/>\n\t<meta name=\"twitter:data1\" content=\"2\u00a0Minute\" \/>\n<script type=\"application\/ld+json\" class=\"yoast-schema-graph\">{\"@context\":\"https:\\\/\\\/schema.org\",\"@graph\":[{\"@type\":\"WebPage\",\"@id\":\"https:\\\/\\\/www.rememberme-forever.com\\\/de\\\/produkt\\\/schwarze-graniturne-fuer-die-asche-eines-erwachsenen\\\/\",\"url\":\"https:\\\/\\\/www.rememberme-forever.com\\\/de\\\/produkt\\\/schwarze-graniturne-fuer-die-asche-eines-erwachsenen\\\/\",\"name\":\"\",\"isPartOf\":{\"@id\":\"https:\\\/\\\/www.rememberme-forever.com\\\/de\\\/#website\"},\"primaryImageOfPage\":{\"@id\":\"https:\\\/\\\/www.rememberme-forever.com\\\/de\\\/produkt\\\/schwarze-graniturne-fuer-die-asche-eines-erwachsenen\\\/#primaryimage\"},\"image\":{\"@id\":\"https:\\\/\\\/www.rememberme-forever.com\\\/de\\\/produkt\\\/schwarze-graniturne-fuer-die-asche-eines-erwachsenen\\\/#primaryimage\"},\"thumbnailUrl\":\"https:\\\/\\\/www.rememberme-forever.com\\\/wp-content\\\/uploads\\\/2023\\\/04\\\/engraved-black-cremation-urn.jpg\",\"datePublished\":\"2023-04-06T08:29:59+00:00\",\"dateModified\":\"2025-10-01T06:49:50+00:00\",\"description\":\"Wir pr\u00e4sentieren unsere exquisite schwarze Graniturne \u2013 das perfekte Gef\u00e4\u00df, um das Andenken Ihres geliebten Menschen zu ehren und zu bewahren.\",\"breadcrumb\":{\"@id\":\"https:\\\/\\\/www.rememberme-forever.com\\\/de\\\/produkt\\\/schwarze-graniturne-fuer-die-asche-eines-erwachsenen\\\/#breadcrumb\"},\"inLanguage\":\"de\",\"potentialAction\":[{\"@type\":\"ReadAction\",\"target\":[\"https:\\\/\\\/www.rememberme-forever.com\\\/de\\\/produkt\\\/schwarze-graniturne-fuer-die-asche-eines-erwachsenen\\\/\"]}]},{\"@type\":\"ImageObject\",\"inLanguage\":\"de\",\"@id\":\"https:\\\/\\\/www.rememberme-forever.com\\\/de\\\/produkt\\\/schwarze-graniturne-fuer-die-asche-eines-erwachsenen\\\/#primaryimage\",\"url\":\"https:\\\/\\\/www.rememberme-forever.com\\\/wp-content\\\/uploads\\\/2023\\\/04\\\/engraved-black-cremation-urn.jpg\",\"contentUrl\":\"https:\\\/\\\/www.rememberme-forever.com\\\/wp-content\\\/uploads\\\/2023\\\/04\\\/engraved-black-cremation-urn.jpg\",\"width\":768,\"height\":781,\"caption\":\"Black granite cremation urn for adult ashes for burial, engraved black cremation urn\"},{\"@type\":\"BreadcrumbList\",\"@id\":\"https:\\\/\\\/www.rememberme-forever.com\\\/de\\\/produkt\\\/schwarze-graniturne-fuer-die-asche-eines-erwachsenen\\\/#breadcrumb\",\"itemListElement\":[{\"@type\":\"ListItem\",\"position\":1,\"name\":\"Home\",\"item\":\"https:\\\/\\\/www.rememberme-forever.com\\\/de\\\/startseite\\\/\"},{\"@type\":\"ListItem\",\"position\":2,\"name\":\"Shop\",\"item\":\"https:\\\/\\\/www.rememberme-forever.com\\\/de\\\/shop\\\/\"},{\"@type\":\"ListItem\",\"position\":3,\"name\":\"Schwarze Graniturne f\u00fcr die Asche eines Erwachsenen\"}]},{\"@type\":\"WebSite\",\"@id\":\"https:\\\/\\\/www.rememberme-forever.com\\\/de\\\/#website\",\"url\":\"https:\\\/\\\/www.rememberme-forever.com\\\/de\\\/\",\"name\":\"Remember Forever\",\"description\":\"Cremation urns, funeral urns, urns for ashes\",\"publisher\":{\"@id\":\"https:\\\/\\\/www.rememberme-forever.com\\\/de\\\/#organization\"},\"potentialAction\":[{\"@type\":\"SearchAction\",\"target\":{\"@type\":\"EntryPoint\",\"urlTemplate\":\"https:\\\/\\\/www.rememberme-forever.com\\\/de\\\/?s={search_term_string}\"},\"query-input\":{\"@type\":\"PropertyValueSpecification\",\"valueRequired\":true,\"valueName\":\"search_term_string\"}}],\"inLanguage\":\"de\"},{\"@type\":\"Organization\",\"@id\":\"https:\\\/\\\/www.rememberme-forever.com\\\/de\\\/#organization\",\"name\":\"Remember Forever\",\"url\":\"https:\\\/\\\/www.rememberme-forever.com\\\/de\\\/\",\"logo\":{\"@type\":\"ImageObject\",\"inLanguage\":\"de\",\"@id\":\"https:\\\/\\\/www.rememberme-forever.com\\\/de\\\/#\\\/schema\\\/logo\\\/image\\\/\",\"url\":\"https:\\\/\\\/www.rememberme-forever.com\\\/wp-content\\\/uploads\\\/2023\\\/02\\\/logo.png\",\"contentUrl\":\"https:\\\/\\\/www.rememberme-forever.com\\\/wp-content\\\/uploads\\\/2023\\\/02\\\/logo.png\",\"width\":300,\"height\":56,\"caption\":\"Remember Forever\"},\"image\":{\"@id\":\"https:\\\/\\\/www.rememberme-forever.com\\\/de\\\/#\\\/schema\\\/logo\\\/image\\\/\"}}]}<\/script>\n<!-- \/ Yoast SEO plugin. -->","yoast_head_json":{"title":"Remember Forever","description":"Wir pr\u00e4sentieren unsere exquisite schwarze Graniturne \u2013 das perfekte Gef\u00e4\u00df, um das Andenken Ihres geliebten Menschen zu ehren und zu bewahren.","robots":{"index":"index","follow":"follow","max-snippet":"max-snippet:-1","max-image-preview":"max-image-preview:large","max-video-preview":"max-video-preview:-1"},"canonical":"https:\/\/www.rememberme-forever.com\/de\/produkt\/schwarze-graniturne-fuer-die-asche-eines-erwachsenen\/","og_locale":"de_DE","og_type":"article","og_description":"Wir pr\u00e4sentieren unsere exquisite schwarze Graniturne \u2013 das perfekte Gef\u00e4\u00df, um das Andenken Ihres geliebten Menschen zu ehren und zu bewahren.","og_url":"https:\/\/www.rememberme-forever.com\/de\/produkt\/schwarze-graniturne-fuer-die-asche-eines-erwachsenen\/","og_site_name":"Remember Forever","article_modified_time":"2025-10-01T06:49:50+00:00","og_image":[{"width":768,"height":781,"url":"http:\/\/www.rememberme-forever.com\/wp-content\/uploads\/2023\/04\/engraved-black-cremation-urn.jpg","type":"image\/jpeg"}],"twitter_card":"summary_large_image","twitter_misc":{"Gesch\u00e4tzte Lesezeit":"2\u00a0Minute"},"schema":{"@context":"https:\/\/schema.org","@graph":[{"@type":"WebPage","@id":"https:\/\/www.rememberme-forever.com\/de\/produkt\/schwarze-graniturne-fuer-die-asche-eines-erwachsenen\/","url":"https:\/\/www.rememberme-forever.com\/de\/produkt\/schwarze-graniturne-fuer-die-asche-eines-erwachsenen\/","name":"","isPartOf":{"@id":"https:\/\/www.rememberme-forever.com\/de\/#website"},"primaryImageOfPage":{"@id":"https:\/\/www.rememberme-forever.com\/de\/produkt\/schwarze-graniturne-fuer-die-asche-eines-erwachsenen\/#primaryimage"},"image":{"@id":"https:\/\/www.rememberme-forever.com\/de\/produkt\/schwarze-graniturne-fuer-die-asche-eines-erwachsenen\/#primaryimage"},"thumbnailUrl":"https:\/\/www.rememberme-forever.com\/wp-content\/uploads\/2023\/04\/engraved-black-cremation-urn.jpg","datePublished":"2023-04-06T08:29:59+00:00","dateModified":"2025-10-01T06:49:50+00:00","description":"Wir pr\u00e4sentieren unsere exquisite schwarze Graniturne \u2013 das perfekte Gef\u00e4\u00df, um das Andenken Ihres geliebten Menschen zu ehren und zu bewahren.","breadcrumb":{"@id":"https:\/\/www.rememberme-forever.com\/de\/produkt\/schwarze-graniturne-fuer-die-asche-eines-erwachsenen\/#breadcrumb"},"inLanguage":"de","potentialAction":[{"@type":"ReadAction","target":["https:\/\/www.rememberme-forever.com\/de\/produkt\/schwarze-graniturne-fuer-die-asche-eines-erwachsenen\/"]}]},{"@type":"ImageObject","inLanguage":"de","@id":"https:\/\/www.rememberme-forever.com\/de\/produkt\/schwarze-graniturne-fuer-die-asche-eines-erwachsenen\/#primaryimage","url":"https:\/\/www.rememberme-forever.com\/wp-content\/uploads\/2023\/04\/engraved-black-cremation-urn.jpg","contentUrl":"https:\/\/www.rememberme-forever.com\/wp-content\/uploads\/2023\/04\/engraved-black-cremation-urn.jpg","width":768,"height":781,"caption":"Black granite cremation urn for adult ashes for burial, engraved black cremation urn"},{"@type":"BreadcrumbList","@id":"https:\/\/www.rememberme-forever.com\/de\/produkt\/schwarze-graniturne-fuer-die-asche-eines-erwachsenen\/#breadcrumb","itemListElement":[{"@type":"ListItem","position":1,"name":"Home","item":"https:\/\/www.rememberme-forever.com\/de\/startseite\/"},{"@type":"ListItem","position":2,"name":"Shop","item":"https:\/\/www.rememberme-forever.com\/de\/shop\/"},{"@type":"ListItem","position":3,"name":"Schwarze Graniturne f\u00fcr die Asche eines Erwachsenen"}]},{"@type":"WebSite","@id":"https:\/\/www.rememberme-forever.com\/de\/#website","url":"https:\/\/www.rememberme-forever.com\/de\/","name":"Remember Forever","description":"Cremation urns, funeral urns, urns for ashes","publisher":{"@id":"https:\/\/www.rememberme-forever.com\/de\/#organization"},"potentialAction":[{"@type":"SearchAction","target":{"@type":"EntryPoint","urlTemplate":"https:\/\/www.rememberme-forever.com\/de\/?s={search_term_string}"},"query-input":{"@type":"PropertyValueSpecification","valueRequired":true,"valueName":"search_term_string"}}],"inLanguage":"de"},{"@type":"Organization","@id":"https:\/\/www.rememberme-forever.com\/de\/#organization","name":"Remember Forever","url":"https:\/\/www.rememberme-forever.com\/de\/","logo":{"@type":"ImageObject","inLanguage":"de","@id":"https:\/\/www.rememberme-forever.com\/de\/#\/schema\/logo\/image\/","url":"https:\/\/www.rememberme-forever.com\/wp-content\/uploads\/2023\/02\/logo.png","contentUrl":"https:\/\/www.rememberme-forever.com\/wp-content\/uploads\/2023\/02\/logo.png","width":300,"height":56,"caption":"Remember Forever"},"image":{"@id":"https:\/\/www.rememberme-forever.com\/de\/#\/schema\/logo\/image\/"}}]}},"acf":[],"_links":{"self":[{"href":"https:\/\/www.rememberme-forever.com\/de\/wp-json\/wp\/v2\/product\/19758","targetHints":{"allow":["GET"]}}],"collection":[{"href":"https:\/\/www.rememberme-forever.com\/de\/wp-json\/wp\/v2\/product"}],"about":[{"href":"https:\/\/www.rememberme-forever.com\/de\/wp-json\/wp\/v2\/types\/product"}],"wp:featuredmedia":[{"embeddable":true,"href":"https:\/\/www.rememberme-forever.com\/de\/wp-json\/wp\/v2\/media\/19759"}],"wp:attachment":[{"href":"https:\/\/www.rememberme-forever.com\/de\/wp-json\/wp\/v2\/media?parent=19758"}],"wp:term":[{"taxonomy":"product_brand","embeddable":true,"href":"https:\/\/www.rememberme-forever.com\/de\/wp-json\/wp\/v2\/product_brand?post=19758"},{"taxonomy":"product_cat","embeddable":true,"href":"https:\/\/www.rememberme-forever.com\/de\/wp-json\/wp\/v2\/product_cat?post=19758"},{"taxonomy":"product_tag","embeddable":true,"href":"https:\/\/www.rememberme-forever.com\/de\/wp-json\/wp\/v2\/product_tag?post=19758"}],"curies":[{"name":"wp","href":"https:\/\/api.w.org\/{rel}","templated":true}]}}