{"id":19872,"date":"2025-02-07T09:11:44","date_gmt":"2025-02-07T08:11:44","guid":{"rendered":"https:\/\/www.rememberme-forever.com\/product\/holzurne-mit-violinschluessel-urne-fuer-musiker-mit-noten\/"},"modified":"2025-10-02T10:37:20","modified_gmt":"2025-10-02T08:37:20","slug":"holzurne-mit-violinschluessel-urne-fuer-musiker-mit-noten","status":"publish","type":"product","link":"https:\/\/www.rememberme-forever.com\/de\/produkt\/holzurne-mit-violinschluessel-urne-fuer-musiker-mit-noten\/","title":{"rendered":"Holzurne mit Violinschl\u00fcssel \u2013 Urne f\u00fcr Musiker mit Noten"},"content":{"rendered":"<p style=\"text-align: center;\">Holzurne mit Violinschl\u00fcssel \u2013 Urne f\u00fcr Musiker mit eingravierten Noten und pers\u00f6nlicher Inschrift. Feiern Sie das Leben und das Verm\u00e4chtnis eines Musikliebhabers mit dieser Holzurne mit Violinschl\u00fcssel \u2013 eine wundersch\u00f6n gearbeitete Hommage an diejenigen, deren Leidenschaft Melodie und Harmonie galt. Diese kastenf\u00f6rmige Urne aus hochwertigem Massivholz mit sanft abgerundeten Kanten verbindet Eleganz mit herzlicher Symbolik. Die Vorderseite ziert ein fein gravierter Violinschl\u00fcssel und Notenbl\u00e4tter \u2013 symbolisieren ein Leben voller Rhythmus, Leidenschaft und Kreativit\u00e4t. Mit einer individuellen Inschrift k\u00f6nnen Sie die Urne mit Namen, Daten oder einer besonderen Botschaft personalisieren und sie so zu einem einzigartigen und bedeutungsvollen Andenken machen.<\/p>\n<div style=\"width: 100%; margin-bottom: 40px; height: max-content; padding-bottom: 60%; position: relative;\"><iframe style=\"position: absolute; top: 0; left: 0; width: 100%; height: 100%;\" src=\"https:\/\/rememberme-urns.com\/music-urn-tith-treble-clef\/\" frameborder=\"0\"><\/iframe><\/div>\n<div style=\"color: red; text-align: center; margin-bottom: 25px;\">\n<p>&gt;&gt; Rotierendes Foto &#8211; Tippen\/Zoomen &lt;&lt;<\/p>\n<\/div>\n<h3 style=\"text-align: center;\"><strong>Hauptmerkmale:<\/strong><\/h3>\n<ul>\n<li style=\"text-align: center;\">Gravierter Violinschl\u00fcssel und Noten \u2013 Eine zeitlose Hommage an einen Musiker, S\u00e4nger, Komponisten oder Musikliebhaber.<\/li>\n<li style=\"text-align: center;\">Hochwertige Massivholzkonstruktion \u2013 Langlebig und elegant verarbeitet f\u00fcr ein bleibendes Andenken.<\/li>\n<li style=\"text-align: center;\">Personalisierte Gedenktafel \u2013 Individuelle Gravur f\u00fcr Namen, Daten oder eine herzliche Inschrift m\u00f6glich.<\/li>\n<li style=\"text-align: center;\">Moderne Kastenform mit abgerundeten Kanten \u2013 Ein schlankes und elegantes Design, das sich nahtlos in jeden Raum einf\u00fcgt.<\/li>\n<li style=\"text-align: center;\">Fassungsverm\u00f6gen f\u00fcr Erwachsene \u2013 Gro\u00df genug, um die Asche eines Erwachsenen sicher aufzubewahren.<\/li>\n<li style=\"text-align: center;\">Sicherer Verschluss mit \u00d6ffnung von unten \u2013 Gew\u00e4hrleistet eine sichere und respektvolle Aufbewahrung der Asche.<\/li>\n<\/ul>\n<p style=\"text-align: center;\">Musik lebt f\u00fcr immer weiter, genau wie die Erinnerungen an einen geliebten Menschen. Der eingravierte Violinschl\u00fcssel und die Noten symbolisieren eine ewige Melodie, ein Lied, das nie vergeht. Ob zu Hause ausgestellt, in einer Gedenkst\u00e4tte aufgestellt oder zur Beerdigung verwendet \u2013 diese Urne ist eine bleibende Hommage an ein Leben voller Musik und Inspiration.<\/p>\n<p style=\"text-align: center;\"><strong>Ein wundersch\u00f6ner Abschied von einer Seele, deren Melodie nie vergessen wird.<\/strong><\/p>\n<p>&nbsp;<\/p>\n<p style=\"text-align: center;\"><strong>\u25ba PERSONALISIERUNG \u25c4<\/strong><\/p>\n<p style=\"text-align: center;\">\u2714\ufe0f Wenn Sie sich f\u00fcr eine personalisierte Plakette entscheiden, geben Sie den Text an der entsprechenden Stelle ein oder schicken Sie uns eine Nachricht.<\/p>\n<p style=\"text-align: center;\">\u2714\ufe0f Die personalisierte Gedenktafel muss w\u00e4hrend des Bestellvorgangs angepasst werden. (Keine Sorge, wenn Sie es vergessen, Sie k\u00f6nnen uns sp\u00e4ter immer noch eine Nachricht schicken).<\/p>\n<p style=\"text-align: center;\"><strong>Die Textbeschr\u00e4nkungen lauten wie folgt:<\/strong><\/p>\n<ul>\n<li style=\"text-align: center;\">Name(n) bis zu 35 Zeichen<\/li>\n<li style=\"text-align: center;\">Geburts- und Sterbedatum bis zu 35 Zeichen<\/li>\n<li style=\"text-align: center;\">Dritte Zeile bis zu 35 Zeichen<\/li>\n<\/ul>\n<p style=\"text-align: center;\">\u2714\ufe0f Bitte <strong>\u00fcberpr\u00fcfen<\/strong> Sie den Gravurtext <strong>ZWEIFACH<\/strong>, bevor Sie das Produkt in Ihren Warenkorb legen. Wir kopieren und gravieren genau die Informationen, die wir mit der Bestellung erhalten, und nehmen unsererseits keine \u00c4nderungen vor.<\/p>\n<p style=\"text-align: center;\">\u2714\ufe0f \u00dcberpr\u00fcfen Sie den Text, um sicherzustellen, dass die Schreibweise korrekt ist.<\/p>\n<p style=\"text-align: center;\">\u2714\ufe0f Geben Sie <strong>KEINE<\/strong> Gravurinformationen ein, wenn Sie die Option &#8218;Urne ohne Plakette&#8216; kaufen.<\/p>\n","protected":false},"excerpt":{"rendered":"<p>Holzurne mit Violinschl\u00fcssel \u2013 Urne f\u00fcr Musiker mit eingravierten Noten und pers\u00f6nlicher Inschrift. Feiern Sie das Leben und das Verm\u00e4chtnis eines Musikliebhabers mit dieser Holzurne&#8230;<\/p>\n","protected":false},"featured_media":19873,"comment_status":"closed","ping_status":"closed","template":"","meta":{"_acf_changed":false},"product_brand":[],"product_cat":[2344,2350],"product_tag":[3305],"class_list":{"0":"post-19872","1":"product","2":"type-product","3":"status-publish","4":"has-post-thumbnail","6":"product_cat-motivurnen","7":"product_cat-musikurnen","8":"product_tag-gpsr-all-wood-urns","9":"product_shipping_class-2-4kg","11":"first","12":"instock","13":"taxable","14":"shipping-taxable","15":"purchasable","16":"product-type-variable"},"yoast_head":"<!-- This site is optimized with the Yoast SEO plugin v27.5 - https:\/\/yoast.com\/product\/yoast-seo-wordpress\/ -->\n<title>Remember Forever<\/title>\n<meta name=\"robots\" content=\"index, follow, max-snippet:-1, max-image-preview:large, max-video-preview:-1\" \/>\n<link rel=\"canonical\" href=\"https:\/\/www.rememberme-forever.com\/de\/produkt\/holzurne-mit-violinschluessel-urne-fuer-musiker-mit-noten\/\" \/>\n<meta property=\"og:locale\" content=\"de_DE\" \/>\n<meta property=\"og:type\" content=\"article\" \/>\n<meta property=\"og:description\" content=\"Holzurne mit Violinschl\u00fcssel \u2013 Urne f\u00fcr Musiker mit eingravierten Noten und pers\u00f6nlicher Inschrift. Feiern Sie das Leben und das Verm\u00e4chtnis eines Musikliebhabers mit dieser Holzurne...\" \/>\n<meta property=\"og:url\" content=\"https:\/\/www.rememberme-forever.com\/de\/produkt\/holzurne-mit-violinschluessel-urne-fuer-musiker-mit-noten\/\" \/>\n<meta property=\"og:site_name\" content=\"Remember Forever\" \/>\n<meta property=\"article:modified_time\" content=\"2025-10-02T08:37:20+00:00\" \/>\n<meta property=\"og:image\" content=\"http:\/\/www.rememberme-forever.com\/wp-content\/uploads\/2025\/02\/black-urn-treble-clef_0001.jpg\" \/>\n\t<meta property=\"og:image:width\" content=\"1007\" \/>\n\t<meta property=\"og:image:height\" content=\"1024\" \/>\n\t<meta property=\"og:image:type\" content=\"image\/jpeg\" \/>\n<meta name=\"twitter:card\" content=\"summary_large_image\" \/>\n<meta name=\"twitter:label1\" content=\"Gesch\u00e4tzte Lesezeit\" \/>\n\t<meta name=\"twitter:data1\" content=\"2\u00a0Minute\" \/>\n<script type=\"application\/ld+json\" class=\"yoast-schema-graph\">{\"@context\":\"https:\\\/\\\/schema.org\",\"@graph\":[{\"@type\":\"WebPage\",\"@id\":\"https:\\\/\\\/www.rememberme-forever.com\\\/de\\\/produkt\\\/holzurne-mit-violinschluessel-urne-fuer-musiker-mit-noten\\\/\",\"url\":\"https:\\\/\\\/www.rememberme-forever.com\\\/de\\\/produkt\\\/holzurne-mit-violinschluessel-urne-fuer-musiker-mit-noten\\\/\",\"name\":\"\",\"isPartOf\":{\"@id\":\"https:\\\/\\\/www.rememberme-forever.com\\\/de\\\/#website\"},\"primaryImageOfPage\":{\"@id\":\"https:\\\/\\\/www.rememberme-forever.com\\\/de\\\/produkt\\\/holzurne-mit-violinschluessel-urne-fuer-musiker-mit-noten\\\/#primaryimage\"},\"image\":{\"@id\":\"https:\\\/\\\/www.rememberme-forever.com\\\/de\\\/produkt\\\/holzurne-mit-violinschluessel-urne-fuer-musiker-mit-noten\\\/#primaryimage\"},\"thumbnailUrl\":\"https:\\\/\\\/www.rememberme-forever.com\\\/wp-content\\\/uploads\\\/2025\\\/02\\\/black-urn-treble-clef_0001.jpg\",\"datePublished\":\"2025-02-07T08:11:44+00:00\",\"dateModified\":\"2025-10-02T08:37:20+00:00\",\"breadcrumb\":{\"@id\":\"https:\\\/\\\/www.rememberme-forever.com\\\/de\\\/produkt\\\/holzurne-mit-violinschluessel-urne-fuer-musiker-mit-noten\\\/#breadcrumb\"},\"inLanguage\":\"de\",\"potentialAction\":[{\"@type\":\"ReadAction\",\"target\":[\"https:\\\/\\\/www.rememberme-forever.com\\\/de\\\/produkt\\\/holzurne-mit-violinschluessel-urne-fuer-musiker-mit-noten\\\/\"]}]},{\"@type\":\"ImageObject\",\"inLanguage\":\"de\",\"@id\":\"https:\\\/\\\/www.rememberme-forever.com\\\/de\\\/produkt\\\/holzurne-mit-violinschluessel-urne-fuer-musiker-mit-noten\\\/#primaryimage\",\"url\":\"https:\\\/\\\/www.rememberme-forever.com\\\/wp-content\\\/uploads\\\/2025\\\/02\\\/black-urn-treble-clef_0001.jpg\",\"contentUrl\":\"https:\\\/\\\/www.rememberme-forever.com\\\/wp-content\\\/uploads\\\/2025\\\/02\\\/black-urn-treble-clef_0001.jpg\",\"width\":1007,\"height\":1024,\"caption\":\"urn with treble clef\"},{\"@type\":\"BreadcrumbList\",\"@id\":\"https:\\\/\\\/www.rememberme-forever.com\\\/de\\\/produkt\\\/holzurne-mit-violinschluessel-urne-fuer-musiker-mit-noten\\\/#breadcrumb\",\"itemListElement\":[{\"@type\":\"ListItem\",\"position\":1,\"name\":\"Home\",\"item\":\"https:\\\/\\\/www.rememberme-forever.com\\\/de\\\/startseite\\\/\"},{\"@type\":\"ListItem\",\"position\":2,\"name\":\"Shop\",\"item\":\"https:\\\/\\\/www.rememberme-forever.com\\\/de\\\/shop\\\/\"},{\"@type\":\"ListItem\",\"position\":3,\"name\":\"Holzurne mit Violinschl\u00fcssel \u2013 Urne f\u00fcr Musiker mit Noten\"}]},{\"@type\":\"WebSite\",\"@id\":\"https:\\\/\\\/www.rememberme-forever.com\\\/de\\\/#website\",\"url\":\"https:\\\/\\\/www.rememberme-forever.com\\\/de\\\/\",\"name\":\"Remember Forever\",\"description\":\"Cremation urns, funeral urns, urns for ashes\",\"publisher\":{\"@id\":\"https:\\\/\\\/www.rememberme-forever.com\\\/de\\\/#organization\"},\"potentialAction\":[{\"@type\":\"SearchAction\",\"target\":{\"@type\":\"EntryPoint\",\"urlTemplate\":\"https:\\\/\\\/www.rememberme-forever.com\\\/de\\\/?s={search_term_string}\"},\"query-input\":{\"@type\":\"PropertyValueSpecification\",\"valueRequired\":true,\"valueName\":\"search_term_string\"}}],\"inLanguage\":\"de\"},{\"@type\":\"Organization\",\"@id\":\"https:\\\/\\\/www.rememberme-forever.com\\\/de\\\/#organization\",\"name\":\"Remember Forever\",\"url\":\"https:\\\/\\\/www.rememberme-forever.com\\\/de\\\/\",\"logo\":{\"@type\":\"ImageObject\",\"inLanguage\":\"de\",\"@id\":\"https:\\\/\\\/www.rememberme-forever.com\\\/de\\\/#\\\/schema\\\/logo\\\/image\\\/\",\"url\":\"https:\\\/\\\/www.rememberme-forever.com\\\/wp-content\\\/uploads\\\/2023\\\/02\\\/logo.png\",\"contentUrl\":\"https:\\\/\\\/www.rememberme-forever.com\\\/wp-content\\\/uploads\\\/2023\\\/02\\\/logo.png\",\"width\":300,\"height\":56,\"caption\":\"Remember Forever\"},\"image\":{\"@id\":\"https:\\\/\\\/www.rememberme-forever.com\\\/de\\\/#\\\/schema\\\/logo\\\/image\\\/\"}}]}<\/script>\n<!-- \/ Yoast SEO plugin. -->","yoast_head_json":{"title":"Remember Forever","robots":{"index":"index","follow":"follow","max-snippet":"max-snippet:-1","max-image-preview":"max-image-preview:large","max-video-preview":"max-video-preview:-1"},"canonical":"https:\/\/www.rememberme-forever.com\/de\/produkt\/holzurne-mit-violinschluessel-urne-fuer-musiker-mit-noten\/","og_locale":"de_DE","og_type":"article","og_description":"Holzurne mit Violinschl\u00fcssel \u2013 Urne f\u00fcr Musiker mit eingravierten Noten und pers\u00f6nlicher Inschrift. Feiern Sie das Leben und das Verm\u00e4chtnis eines Musikliebhabers mit dieser Holzurne...","og_url":"https:\/\/www.rememberme-forever.com\/de\/produkt\/holzurne-mit-violinschluessel-urne-fuer-musiker-mit-noten\/","og_site_name":"Remember Forever","article_modified_time":"2025-10-02T08:37:20+00:00","og_image":[{"width":1007,"height":1024,"url":"http:\/\/www.rememberme-forever.com\/wp-content\/uploads\/2025\/02\/black-urn-treble-clef_0001.jpg","type":"image\/jpeg"}],"twitter_card":"summary_large_image","twitter_misc":{"Gesch\u00e4tzte Lesezeit":"2\u00a0Minute"},"schema":{"@context":"https:\/\/schema.org","@graph":[{"@type":"WebPage","@id":"https:\/\/www.rememberme-forever.com\/de\/produkt\/holzurne-mit-violinschluessel-urne-fuer-musiker-mit-noten\/","url":"https:\/\/www.rememberme-forever.com\/de\/produkt\/holzurne-mit-violinschluessel-urne-fuer-musiker-mit-noten\/","name":"","isPartOf":{"@id":"https:\/\/www.rememberme-forever.com\/de\/#website"},"primaryImageOfPage":{"@id":"https:\/\/www.rememberme-forever.com\/de\/produkt\/holzurne-mit-violinschluessel-urne-fuer-musiker-mit-noten\/#primaryimage"},"image":{"@id":"https:\/\/www.rememberme-forever.com\/de\/produkt\/holzurne-mit-violinschluessel-urne-fuer-musiker-mit-noten\/#primaryimage"},"thumbnailUrl":"https:\/\/www.rememberme-forever.com\/wp-content\/uploads\/2025\/02\/black-urn-treble-clef_0001.jpg","datePublished":"2025-02-07T08:11:44+00:00","dateModified":"2025-10-02T08:37:20+00:00","breadcrumb":{"@id":"https:\/\/www.rememberme-forever.com\/de\/produkt\/holzurne-mit-violinschluessel-urne-fuer-musiker-mit-noten\/#breadcrumb"},"inLanguage":"de","potentialAction":[{"@type":"ReadAction","target":["https:\/\/www.rememberme-forever.com\/de\/produkt\/holzurne-mit-violinschluessel-urne-fuer-musiker-mit-noten\/"]}]},{"@type":"ImageObject","inLanguage":"de","@id":"https:\/\/www.rememberme-forever.com\/de\/produkt\/holzurne-mit-violinschluessel-urne-fuer-musiker-mit-noten\/#primaryimage","url":"https:\/\/www.rememberme-forever.com\/wp-content\/uploads\/2025\/02\/black-urn-treble-clef_0001.jpg","contentUrl":"https:\/\/www.rememberme-forever.com\/wp-content\/uploads\/2025\/02\/black-urn-treble-clef_0001.jpg","width":1007,"height":1024,"caption":"urn with treble clef"},{"@type":"BreadcrumbList","@id":"https:\/\/www.rememberme-forever.com\/de\/produkt\/holzurne-mit-violinschluessel-urne-fuer-musiker-mit-noten\/#breadcrumb","itemListElement":[{"@type":"ListItem","position":1,"name":"Home","item":"https:\/\/www.rememberme-forever.com\/de\/startseite\/"},{"@type":"ListItem","position":2,"name":"Shop","item":"https:\/\/www.rememberme-forever.com\/de\/shop\/"},{"@type":"ListItem","position":3,"name":"Holzurne mit Violinschl\u00fcssel \u2013 Urne f\u00fcr Musiker mit Noten"}]},{"@type":"WebSite","@id":"https:\/\/www.rememberme-forever.com\/de\/#website","url":"https:\/\/www.rememberme-forever.com\/de\/","name":"Remember Forever","description":"Cremation urns, funeral urns, urns for ashes","publisher":{"@id":"https:\/\/www.rememberme-forever.com\/de\/#organization"},"potentialAction":[{"@type":"SearchAction","target":{"@type":"EntryPoint","urlTemplate":"https:\/\/www.rememberme-forever.com\/de\/?s={search_term_string}"},"query-input":{"@type":"PropertyValueSpecification","valueRequired":true,"valueName":"search_term_string"}}],"inLanguage":"de"},{"@type":"Organization","@id":"https:\/\/www.rememberme-forever.com\/de\/#organization","name":"Remember Forever","url":"https:\/\/www.rememberme-forever.com\/de\/","logo":{"@type":"ImageObject","inLanguage":"de","@id":"https:\/\/www.rememberme-forever.com\/de\/#\/schema\/logo\/image\/","url":"https:\/\/www.rememberme-forever.com\/wp-content\/uploads\/2023\/02\/logo.png","contentUrl":"https:\/\/www.rememberme-forever.com\/wp-content\/uploads\/2023\/02\/logo.png","width":300,"height":56,"caption":"Remember Forever"},"image":{"@id":"https:\/\/www.rememberme-forever.com\/de\/#\/schema\/logo\/image\/"}}]}},"acf":[],"_links":{"self":[{"href":"https:\/\/www.rememberme-forever.com\/de\/wp-json\/wp\/v2\/product\/19872","targetHints":{"allow":["GET"]}}],"collection":[{"href":"https:\/\/www.rememberme-forever.com\/de\/wp-json\/wp\/v2\/product"}],"about":[{"href":"https:\/\/www.rememberme-forever.com\/de\/wp-json\/wp\/v2\/types\/product"}],"replies":[{"embeddable":true,"href":"https:\/\/www.rememberme-forever.com\/de\/wp-json\/wp\/v2\/comments?post=19872"}],"wp:featuredmedia":[{"embeddable":true,"href":"https:\/\/www.rememberme-forever.com\/de\/wp-json\/wp\/v2\/media\/19873"}],"wp:attachment":[{"href":"https:\/\/www.rememberme-forever.com\/de\/wp-json\/wp\/v2\/media?parent=19872"}],"wp:term":[{"taxonomy":"product_brand","embeddable":true,"href":"https:\/\/www.rememberme-forever.com\/de\/wp-json\/wp\/v2\/product_brand?post=19872"},{"taxonomy":"product_cat","embeddable":true,"href":"https:\/\/www.rememberme-forever.com\/de\/wp-json\/wp\/v2\/product_cat?post=19872"},{"taxonomy":"product_tag","embeddable":true,"href":"https:\/\/www.rememberme-forever.com\/de\/wp-json\/wp\/v2\/product_tag?post=19872"}],"curies":[{"name":"wp","href":"https:\/\/api.w.org\/{rel}","templated":true}]}}