{"id":19895,"date":"2023-04-05T08:50:32","date_gmt":"2023-04-05T06:50:32","guid":{"rendered":"https:\/\/www.rememberme-forever.com\/product\/rustikale-urne-natuerliches-rissdesign-edelstahlurne-mit-decoupage-malerei\/"},"modified":"2025-10-27T09:41:49","modified_gmt":"2025-10-27T08:41:49","slug":"rustikale-urne-natuerliches-rissdesign-edelstahlurne-mit-decoupage-malerei","status":"publish","type":"product","link":"https:\/\/www.rememberme-forever.com\/de\/produkt\/rustikale-urne-natuerliches-rissdesign-edelstahlurne-mit-decoupage-malerei\/","title":{"rendered":"Rustikale Urne \u2013 Nat\u00fcrliches Rissdesign, Edelstahlurne mit Decoupage-Malerei"},"content":{"rendered":"<div style=\"width: 100%; margin-bottom: 40px; height: max-content; padding-bottom: 60%; position: relative;\"><iframe style=\"position: absolute; top: 0; left: 0; width: 100%; height: 100%;\" src=\"https:\/\/rememberme-urns.com\/black-rustic-urn-crackle\/\" frameborder=\"0\"><\/iframe><\/div>\n<div style=\"color: red; text-align: center; margin-bottom: 25px;\">\n<p>&gt;&gt; Rotierendes Foto &#8211; Tippen\/Zoomen &lt;&lt;<\/p>\n<\/div>\n<h2 style=\"text-align: center;\">Rustikale Urne \u2013 Edelstahlurne mit Decoupage-Malerei<\/h2>\n<p style=\"text-align: center;\">Wir pr\u00e4sentieren Ihnen unsere einzigartige rustikale Urne \u2013 ein atemberaubendes Objekt, das jeden begeistert, der nat\u00fcrliche Sch\u00f6nheit und einzigartiges Design sch\u00e4tzt. Die Urne besteht aus hochwertigem Edelstahl und ist fachm\u00e4nnisch bemalt, um eine nat\u00fcrliche, rissige Textur zu erzeugen, die ihren rustikalen Charme unterstreicht.<\/p>\n<p style=\"text-align: center;\">Auf dem Sockel sitzt eine wundersch\u00f6ne schwarze Kugel mit Rissen in Decoupage-Malerei. Die Kugel wird von einem robusten Marmorsockel sicher gehalten und bietet so einen stabilen Stand.<\/p>\n<p style=\"text-align: center;\">Diese rustikale Urne ist die perfekte letzte Ruhest\u00e4tte f\u00fcr Ihren geliebten Menschen und bietet eine sch\u00f6ne und bleibende Erinnerung an ihn. Ob ausgestellt in Ihrem Zuhause oder an einem besonderen Ort auf dem Friedhof \u2013 diese Urne wird Sie immer an die Liebe und die gemeinsamen Erinnerungen mit Ihrem geliebten Menschen erinnern.<\/p>\n<p style=\"text-align: center;\">Das nat\u00fcrliche Rissdesign dieser Urne stellt sicher, dass keine zwei St\u00fccke genau gleich sind und macht jedes St\u00fcck zu einem echten Unikat. Sie k\u00f6nnen sicher sein, dass Sie eine einzigartige Urne erhalten, die ihresgleichen sucht.<\/p>\n<p><iframe loading=\"lazy\" title=\"Artistic Urns For Ashes, Sphere - Shaped Unique Cremation Urns\" width=\"640\" height=\"360\" src=\"https:\/\/www.youtube.com\/embed\/QU30c5K8Nb8?start=38&#038;feature=oembed\" frameborder=\"0\" allow=\"accelerometer; autoplay; clipboard-write; encrypted-media; gyroscope; picture-in-picture; web-share\" referrerpolicy=\"strict-origin-when-cross-origin\" allowfullscreen><\/iframe><\/p>\n<p style=\"text-align: center;\">Als exquisites Kunstwerk ist diese Urne nicht nur eine letzte Ruhest\u00e4tte f\u00fcr die Asche eines geliebten Menschen, sondern auch eine atemberaubende und bedeutungsvolle Erg\u00e4nzung f\u00fcr jeden Raum. Diese rustikale Urne f\u00fcr Asche ist ein echtes Unikat, das \u00fcber Generationen hinweg gesch\u00e4tzt wird.<\/p>\n<p>&nbsp;<\/p>\n<p style=\"text-align: center;\">\u2611\ufe0f Die Ecken des Marmorsockels k\u00f6nnen je nach Lagerbestand abgerundet oder rechtwinklig sein. Sollten Sie W\u00fcnsche bez\u00fcglich der Ecken des Sockels haben, kontaktieren Sie uns bitte vor dem Kauf.<\/p>\n<p>&nbsp;<\/p>\n<p style=\"text-align: center;\"><em><strong>Da es sich um ein handbemaltes Produkt handelt, kann das Aussehen leicht abweichen.<\/strong><\/em><\/p>\n<p>&nbsp;<\/p>\n<p style=\"text-align: center;\"><strong>Urne mit \u00d6ffnung unten:<\/strong><\/p>\n<p><img loading=\"lazy\" decoding=\"async\" class=\" wp-image-1000 aligncenter\" src=\"http:\/\/www.rememberme-forever.com\/wp-content\/uploads\/2023\/04\/steel-urn-opening-295x300.jpg\" alt=\"Stahlurnen\u00f6ffnung\" width=\"179\" height=\"182\" srcset=\"https:\/\/www.rememberme-forever.com\/wp-content\/uploads\/2023\/04\/steel-urn-opening-295x300.jpg 295w, https:\/\/www.rememberme-forever.com\/wp-content\/uploads\/2023\/04\/steel-urn-opening-768x781.jpg 768w, https:\/\/www.rememberme-forever.com\/wp-content\/uploads\/2023\/04\/steel-urn-opening-600x610.jpg 600w, https:\/\/www.rememberme-forever.com\/wp-content\/uploads\/2023\/04\/steel-urn-opening-64x65.jpg 64w, https:\/\/www.rememberme-forever.com\/wp-content\/uploads\/2023\/04\/steel-urn-opening.jpg 1007w\" sizes=\"auto, (max-width: 179px) 100vw, 179px\" \/><\/p>\n<p>&nbsp;<\/p>\n<h3 style=\"text-align: center;\"><strong>PERSONALISIERUNG<\/strong><\/h3>\n<p style=\"text-align: center;\">Die personalisierte Gedenktafel muss bei der Bestellung individuell gestaltet werden. (Bitte keine Panik, wenn Sie das vergessen haben, denn Sie k\u00f6nnen uns auch noch nachtr\u00e4glich eine Nachricht schicken).<\/p>\n<p style=\"text-align: center;\">Bitte \u00fcberpr\u00fcfen Sie den zu gravierenden Text sorgf\u00e4ltig, bevor Sie den Artikel in den Warenkorb legen. Wir kopieren und gravieren genau die Informationen, die wir mit der Bestellung erhalten und nehmen bei uns keine \u00c4nderungen vor.<\/p>\n<p style=\"text-align: center;\">Bitte \u00fcberpr\u00fcfen Sie den Text auf korrekte Schreibweise.<\/p>\n<p>&nbsp;<\/p>\n<h3 style=\"text-align: center;\"><strong>Wie gie\u00dft man Asche in eine Urne?<\/strong><\/h3>\n<p><iframe loading=\"lazy\" title=\"How to Fill An Urn | How to Transfer Ashes in an Urn -  Always in my Heart Stainless Steel Urn\" width=\"640\" height=\"360\" src=\"https:\/\/www.youtube.com\/embed\/RJpJECh-Mns?start=22&#038;feature=oembed\" frameborder=\"0\" allow=\"accelerometer; autoplay; clipboard-write; encrypted-media; gyroscope; picture-in-picture; web-share\" referrerpolicy=\"strict-origin-when-cross-origin\" allowfullscreen><\/iframe><\/p>\n","protected":false},"excerpt":{"rendered":"<p>Silberfarbene Urne mit Gedenktafel<\/p>\n<p><strong>Geeignet f\u00fcr Asche bis ca. 102 kg. <\/strong><\/p>\n<p>\u2705 Diese Urne ist nicht f\u00fcr den Au\u00dfenbereich geeignet. Bitte sehen Sie sich unsere <a href=\"https:\/\/www.rememberme-forever.com\/product-category\/outdoor-urns\/\" target=\"_blank\" rel=\"noopener\"><br \/>\n<strong>Outdoor-Urnen &gt;&gt;<\/strong><br \/>\n<\/a><\/p>\n","protected":false},"featured_media":19896,"template":"","meta":{"_acf_changed":false},"product_brand":[1991],"product_cat":[2331,2340],"product_tag":[3348],"class_list":{"0":"post-19895","1":"product","2":"type-product","3":"status-publish","4":"has-post-thumbnail","6":"product_brand-remember-forever","7":"product_cat-kunstlerische-urnen","8":"product_cat-metallurnen","9":"product_tag-gpsr-metal_stonebase","10":"product_shipping_class-art-urns-kule-do20cm-de","12":"first","13":"instock","14":"taxable","15":"shipping-taxable","16":"purchasable","17":"product-type-variable"},"yoast_head":"<!-- This site is optimized with the Yoast SEO plugin v27.4 - https:\/\/yoast.com\/product\/yoast-seo-wordpress\/ -->\n<title>Remember Forever<\/title>\n<meta name=\"description\" content=\"Wir pr\u00e4sentieren unsere einzigartige rustikale Urne \u2013 ein atemberaubendes St\u00fcck, das jeden ins Auge fallen wird, der nat\u00fcrliche Sch\u00f6nheit und einzigartiges Design sch\u00e4tzt.\" \/>\n<meta name=\"robots\" content=\"index, follow, max-snippet:-1, max-image-preview:large, max-video-preview:-1\" \/>\n<link rel=\"canonical\" href=\"https:\/\/www.rememberme-forever.com\/de\/produkt\/rustikale-urne-natuerliches-rissdesign-edelstahlurne-mit-decoupage-malerei\/\" \/>\n<meta property=\"og:locale\" content=\"de_DE\" \/>\n<meta property=\"og:type\" content=\"article\" \/>\n<meta property=\"og:description\" content=\"Wir pr\u00e4sentieren unsere einzigartige rustikale Urne \u2013 ein atemberaubendes St\u00fcck, das jeden ins Auge fallen wird, der nat\u00fcrliche Sch\u00f6nheit und einzigartiges Design sch\u00e4tzt.\" \/>\n<meta property=\"og:url\" content=\"https:\/\/www.rememberme-forever.com\/de\/produkt\/rustikale-urne-natuerliches-rissdesign-edelstahlurne-mit-decoupage-malerei\/\" \/>\n<meta property=\"og:site_name\" content=\"Remember Forever\" \/>\n<meta property=\"article:modified_time\" content=\"2025-10-27T08:41:49+00:00\" \/>\n<meta property=\"og:image\" content=\"http:\/\/www.rememberme-forever.com\/wp-content\/uploads\/2023\/04\/black-rustic-urn.jpg\" \/>\n\t<meta property=\"og:image:width\" content=\"768\" \/>\n\t<meta property=\"og:image:height\" content=\"768\" \/>\n\t<meta property=\"og:image:type\" content=\"image\/jpeg\" \/>\n<meta name=\"twitter:card\" content=\"summary_large_image\" \/>\n<meta name=\"twitter:label1\" content=\"Gesch\u00e4tzte Lesezeit\" \/>\n\t<meta name=\"twitter:data1\" content=\"2\u00a0Minute\" \/>\n<script type=\"application\/ld+json\" class=\"yoast-schema-graph\">{\"@context\":\"https:\\\/\\\/schema.org\",\"@graph\":[{\"@type\":\"WebPage\",\"@id\":\"https:\\\/\\\/www.rememberme-forever.com\\\/de\\\/produkt\\\/rustikale-urne-natuerliches-rissdesign-edelstahlurne-mit-decoupage-malerei\\\/\",\"url\":\"https:\\\/\\\/www.rememberme-forever.com\\\/de\\\/produkt\\\/rustikale-urne-natuerliches-rissdesign-edelstahlurne-mit-decoupage-malerei\\\/\",\"name\":\"\",\"isPartOf\":{\"@id\":\"https:\\\/\\\/www.rememberme-forever.com\\\/de\\\/#website\"},\"primaryImageOfPage\":{\"@id\":\"https:\\\/\\\/www.rememberme-forever.com\\\/de\\\/produkt\\\/rustikale-urne-natuerliches-rissdesign-edelstahlurne-mit-decoupage-malerei\\\/#primaryimage\"},\"image\":{\"@id\":\"https:\\\/\\\/www.rememberme-forever.com\\\/de\\\/produkt\\\/rustikale-urne-natuerliches-rissdesign-edelstahlurne-mit-decoupage-malerei\\\/#primaryimage\"},\"thumbnailUrl\":\"https:\\\/\\\/www.rememberme-forever.com\\\/wp-content\\\/uploads\\\/2023\\\/04\\\/black-rustic-urn.jpg\",\"datePublished\":\"2023-04-05T06:50:32+00:00\",\"dateModified\":\"2025-10-27T08:41:49+00:00\",\"description\":\"Wir pr\u00e4sentieren unsere einzigartige rustikale Urne \u2013 ein atemberaubendes St\u00fcck, das jeden ins Auge fallen wird, der nat\u00fcrliche Sch\u00f6nheit und einzigartiges Design sch\u00e4tzt.\",\"breadcrumb\":{\"@id\":\"https:\\\/\\\/www.rememberme-forever.com\\\/de\\\/produkt\\\/rustikale-urne-natuerliches-rissdesign-edelstahlurne-mit-decoupage-malerei\\\/#breadcrumb\"},\"inLanguage\":\"de\",\"potentialAction\":[{\"@type\":\"ReadAction\",\"target\":[\"https:\\\/\\\/www.rememberme-forever.com\\\/de\\\/produkt\\\/rustikale-urne-natuerliches-rissdesign-edelstahlurne-mit-decoupage-malerei\\\/\"]}]},{\"@type\":\"ImageObject\",\"inLanguage\":\"de\",\"@id\":\"https:\\\/\\\/www.rememberme-forever.com\\\/de\\\/produkt\\\/rustikale-urne-natuerliches-rissdesign-edelstahlurne-mit-decoupage-malerei\\\/#primaryimage\",\"url\":\"https:\\\/\\\/www.rememberme-forever.com\\\/wp-content\\\/uploads\\\/2023\\\/04\\\/black-rustic-urn.jpg\",\"contentUrl\":\"https:\\\/\\\/www.rememberme-forever.com\\\/wp-content\\\/uploads\\\/2023\\\/04\\\/black-rustic-urn.jpg\",\"width\":768,\"height\":768,\"caption\":\"black rustic urn\"},{\"@type\":\"BreadcrumbList\",\"@id\":\"https:\\\/\\\/www.rememberme-forever.com\\\/de\\\/produkt\\\/rustikale-urne-natuerliches-rissdesign-edelstahlurne-mit-decoupage-malerei\\\/#breadcrumb\",\"itemListElement\":[{\"@type\":\"ListItem\",\"position\":1,\"name\":\"Home\",\"item\":\"https:\\\/\\\/www.rememberme-forever.com\\\/de\\\/startseite\\\/\"},{\"@type\":\"ListItem\",\"position\":2,\"name\":\"Shop\",\"item\":\"https:\\\/\\\/www.rememberme-forever.com\\\/de\\\/shop\\\/\"},{\"@type\":\"ListItem\",\"position\":3,\"name\":\"Rustikale Urne \u2013 Nat\u00fcrliches Rissdesign, Edelstahlurne mit Decoupage-Malerei\"}]},{\"@type\":\"WebSite\",\"@id\":\"https:\\\/\\\/www.rememberme-forever.com\\\/de\\\/#website\",\"url\":\"https:\\\/\\\/www.rememberme-forever.com\\\/de\\\/\",\"name\":\"Remember Forever\",\"description\":\"Cremation urns, funeral urns, urns for ashes\",\"publisher\":{\"@id\":\"https:\\\/\\\/www.rememberme-forever.com\\\/de\\\/#organization\"},\"potentialAction\":[{\"@type\":\"SearchAction\",\"target\":{\"@type\":\"EntryPoint\",\"urlTemplate\":\"https:\\\/\\\/www.rememberme-forever.com\\\/de\\\/?s={search_term_string}\"},\"query-input\":{\"@type\":\"PropertyValueSpecification\",\"valueRequired\":true,\"valueName\":\"search_term_string\"}}],\"inLanguage\":\"de\"},{\"@type\":\"Organization\",\"@id\":\"https:\\\/\\\/www.rememberme-forever.com\\\/de\\\/#organization\",\"name\":\"Remember Forever\",\"url\":\"https:\\\/\\\/www.rememberme-forever.com\\\/de\\\/\",\"logo\":{\"@type\":\"ImageObject\",\"inLanguage\":\"de\",\"@id\":\"https:\\\/\\\/www.rememberme-forever.com\\\/de\\\/#\\\/schema\\\/logo\\\/image\\\/\",\"url\":\"https:\\\/\\\/www.rememberme-forever.com\\\/wp-content\\\/uploads\\\/2023\\\/02\\\/logo.png\",\"contentUrl\":\"https:\\\/\\\/www.rememberme-forever.com\\\/wp-content\\\/uploads\\\/2023\\\/02\\\/logo.png\",\"width\":300,\"height\":56,\"caption\":\"Remember Forever\"},\"image\":{\"@id\":\"https:\\\/\\\/www.rememberme-forever.com\\\/de\\\/#\\\/schema\\\/logo\\\/image\\\/\"}}]}<\/script>\n<!-- \/ Yoast SEO plugin. -->","yoast_head_json":{"title":"Remember Forever","description":"Wir pr\u00e4sentieren unsere einzigartige rustikale Urne \u2013 ein atemberaubendes St\u00fcck, das jeden ins Auge fallen wird, der nat\u00fcrliche Sch\u00f6nheit und einzigartiges Design sch\u00e4tzt.","robots":{"index":"index","follow":"follow","max-snippet":"max-snippet:-1","max-image-preview":"max-image-preview:large","max-video-preview":"max-video-preview:-1"},"canonical":"https:\/\/www.rememberme-forever.com\/de\/produkt\/rustikale-urne-natuerliches-rissdesign-edelstahlurne-mit-decoupage-malerei\/","og_locale":"de_DE","og_type":"article","og_description":"Wir pr\u00e4sentieren unsere einzigartige rustikale Urne \u2013 ein atemberaubendes St\u00fcck, das jeden ins Auge fallen wird, der nat\u00fcrliche Sch\u00f6nheit und einzigartiges Design sch\u00e4tzt.","og_url":"https:\/\/www.rememberme-forever.com\/de\/produkt\/rustikale-urne-natuerliches-rissdesign-edelstahlurne-mit-decoupage-malerei\/","og_site_name":"Remember Forever","article_modified_time":"2025-10-27T08:41:49+00:00","og_image":[{"width":768,"height":768,"url":"http:\/\/www.rememberme-forever.com\/wp-content\/uploads\/2023\/04\/black-rustic-urn.jpg","type":"image\/jpeg"}],"twitter_card":"summary_large_image","twitter_misc":{"Gesch\u00e4tzte Lesezeit":"2\u00a0Minute"},"schema":{"@context":"https:\/\/schema.org","@graph":[{"@type":"WebPage","@id":"https:\/\/www.rememberme-forever.com\/de\/produkt\/rustikale-urne-natuerliches-rissdesign-edelstahlurne-mit-decoupage-malerei\/","url":"https:\/\/www.rememberme-forever.com\/de\/produkt\/rustikale-urne-natuerliches-rissdesign-edelstahlurne-mit-decoupage-malerei\/","name":"","isPartOf":{"@id":"https:\/\/www.rememberme-forever.com\/de\/#website"},"primaryImageOfPage":{"@id":"https:\/\/www.rememberme-forever.com\/de\/produkt\/rustikale-urne-natuerliches-rissdesign-edelstahlurne-mit-decoupage-malerei\/#primaryimage"},"image":{"@id":"https:\/\/www.rememberme-forever.com\/de\/produkt\/rustikale-urne-natuerliches-rissdesign-edelstahlurne-mit-decoupage-malerei\/#primaryimage"},"thumbnailUrl":"https:\/\/www.rememberme-forever.com\/wp-content\/uploads\/2023\/04\/black-rustic-urn.jpg","datePublished":"2023-04-05T06:50:32+00:00","dateModified":"2025-10-27T08:41:49+00:00","description":"Wir pr\u00e4sentieren unsere einzigartige rustikale Urne \u2013 ein atemberaubendes St\u00fcck, das jeden ins Auge fallen wird, der nat\u00fcrliche Sch\u00f6nheit und einzigartiges Design sch\u00e4tzt.","breadcrumb":{"@id":"https:\/\/www.rememberme-forever.com\/de\/produkt\/rustikale-urne-natuerliches-rissdesign-edelstahlurne-mit-decoupage-malerei\/#breadcrumb"},"inLanguage":"de","potentialAction":[{"@type":"ReadAction","target":["https:\/\/www.rememberme-forever.com\/de\/produkt\/rustikale-urne-natuerliches-rissdesign-edelstahlurne-mit-decoupage-malerei\/"]}]},{"@type":"ImageObject","inLanguage":"de","@id":"https:\/\/www.rememberme-forever.com\/de\/produkt\/rustikale-urne-natuerliches-rissdesign-edelstahlurne-mit-decoupage-malerei\/#primaryimage","url":"https:\/\/www.rememberme-forever.com\/wp-content\/uploads\/2023\/04\/black-rustic-urn.jpg","contentUrl":"https:\/\/www.rememberme-forever.com\/wp-content\/uploads\/2023\/04\/black-rustic-urn.jpg","width":768,"height":768,"caption":"black rustic urn"},{"@type":"BreadcrumbList","@id":"https:\/\/www.rememberme-forever.com\/de\/produkt\/rustikale-urne-natuerliches-rissdesign-edelstahlurne-mit-decoupage-malerei\/#breadcrumb","itemListElement":[{"@type":"ListItem","position":1,"name":"Home","item":"https:\/\/www.rememberme-forever.com\/de\/startseite\/"},{"@type":"ListItem","position":2,"name":"Shop","item":"https:\/\/www.rememberme-forever.com\/de\/shop\/"},{"@type":"ListItem","position":3,"name":"Rustikale Urne \u2013 Nat\u00fcrliches Rissdesign, Edelstahlurne mit Decoupage-Malerei"}]},{"@type":"WebSite","@id":"https:\/\/www.rememberme-forever.com\/de\/#website","url":"https:\/\/www.rememberme-forever.com\/de\/","name":"Remember Forever","description":"Cremation urns, funeral urns, urns for ashes","publisher":{"@id":"https:\/\/www.rememberme-forever.com\/de\/#organization"},"potentialAction":[{"@type":"SearchAction","target":{"@type":"EntryPoint","urlTemplate":"https:\/\/www.rememberme-forever.com\/de\/?s={search_term_string}"},"query-input":{"@type":"PropertyValueSpecification","valueRequired":true,"valueName":"search_term_string"}}],"inLanguage":"de"},{"@type":"Organization","@id":"https:\/\/www.rememberme-forever.com\/de\/#organization","name":"Remember Forever","url":"https:\/\/www.rememberme-forever.com\/de\/","logo":{"@type":"ImageObject","inLanguage":"de","@id":"https:\/\/www.rememberme-forever.com\/de\/#\/schema\/logo\/image\/","url":"https:\/\/www.rememberme-forever.com\/wp-content\/uploads\/2023\/02\/logo.png","contentUrl":"https:\/\/www.rememberme-forever.com\/wp-content\/uploads\/2023\/02\/logo.png","width":300,"height":56,"caption":"Remember Forever"},"image":{"@id":"https:\/\/www.rememberme-forever.com\/de\/#\/schema\/logo\/image\/"}}]}},"acf":[],"_links":{"self":[{"href":"https:\/\/www.rememberme-forever.com\/de\/wp-json\/wp\/v2\/product\/19895","targetHints":{"allow":["GET"]}}],"collection":[{"href":"https:\/\/www.rememberme-forever.com\/de\/wp-json\/wp\/v2\/product"}],"about":[{"href":"https:\/\/www.rememberme-forever.com\/de\/wp-json\/wp\/v2\/types\/product"}],"wp:featuredmedia":[{"embeddable":true,"href":"https:\/\/www.rememberme-forever.com\/de\/wp-json\/wp\/v2\/media\/19896"}],"wp:attachment":[{"href":"https:\/\/www.rememberme-forever.com\/de\/wp-json\/wp\/v2\/media?parent=19895"}],"wp:term":[{"taxonomy":"product_brand","embeddable":true,"href":"https:\/\/www.rememberme-forever.com\/de\/wp-json\/wp\/v2\/product_brand?post=19895"},{"taxonomy":"product_cat","embeddable":true,"href":"https:\/\/www.rememberme-forever.com\/de\/wp-json\/wp\/v2\/product_cat?post=19895"},{"taxonomy":"product_tag","embeddable":true,"href":"https:\/\/www.rememberme-forever.com\/de\/wp-json\/wp\/v2\/product_tag?post=19895"}],"curies":[{"name":"wp","href":"https:\/\/api.w.org\/{rel}","templated":true}]}}