{"id":20098,"date":"2023-04-05T10:36:56","date_gmt":"2023-04-05T08:36:56","guid":{"rendered":"https:\/\/www.rememberme-forever.com\/product\/goldene-jupiter-planetenurne-eine-einzigartige-urne-fuer-asche-wie-ein-jupiter\/"},"modified":"2025-10-13T11:07:56","modified_gmt":"2025-10-13T09:07:56","slug":"goldene-jupiter-planetenurne-eine-einzigartige-urne-fuer-asche-wie-ein-jupiter","status":"publish","type":"product","link":"https:\/\/www.rememberme-forever.com\/de\/produkt\/goldene-jupiter-planetenurne-eine-einzigartige-urne-fuer-asche-wie-ein-jupiter\/","title":{"rendered":"Goldene Jupiter-Planetenurne \u2013 eine einzigartige Urne f\u00fcr Asche wie ein Jupiter"},"content":{"rendered":"<h2 style=\"text-align: center;\"><strong>Goldene Jupiter-Planetenurne<\/strong><\/h2>\n<p style=\"text-align: center;\">Die goldene Jupiter-Planetenurne ist eine atemberaubende und einzigartige kugelf\u00f6rmige Urne, die Ihren geliebten Menschen in Ehren h\u00e4lt. Sie wurde mit gr\u00f6\u00dfter Sorgfalt und Liebe zum Detail gefertigt, verf\u00fcgt \u00fcber einen Edelstahl-Kugeleinsatz und ist perfekt handbemalt.<\/p>\n<p style=\"text-align: center;\">Die goldene Jupiter-Planetenurne ist nicht nur eine praktische und funktionale M\u00f6glichkeit, das Andenken an Ihren geliebten Menschen zu ehren, sondern auch ein Kunstwerk. Die wundersch\u00f6nen Goldt\u00f6ne der Urne vermitteln ein Gef\u00fchl von W\u00e4rme und Geborgenheit, w\u00e4hrend die aufwendigen Details und Texturen Tiefe und F\u00fclle vermitteln.<\/p>\n<p><iframe loading=\"lazy\" title=\"Space Cremation Urn - Jupiter - Unique Place For Ashes, Decorative Urn For Home\" width=\"640\" height=\"360\" src=\"https:\/\/www.youtube.com\/embed\/7AGJUsrBMqw?start=12&#038;feature=oembed\" frameborder=\"0\" allow=\"accelerometer; autoplay; clipboard-write; encrypted-media; gyroscope; picture-in-picture; web-share\" referrerpolicy=\"strict-origin-when-cross-origin\" allowfullscreen><\/iframe><\/p>\n<p style=\"text-align: center;\">Diese Urne ist eine bleibende und bedeutungsvolle Erinnerung an Ihren geliebten Menschen und wird mit einer Gedenktafel geliefert, die Sie mit Namen, Daten und einer pers\u00f6nlichen Botschaft personalisieren k\u00f6nnen.<\/p>\n<p style=\"text-align: center;\">Das kugelf\u00f6rmige Design der Urne symbolisiert den Kreislauf des Lebens, und der Edelstahleinsatz sorgt daf\u00fcr, dass die sterblichen \u00dcberreste Ihres geliebten Menschen sicher und gesch\u00fctzt aufbewahrt werden. Die goldene Jupiter-Planetenurne ist eine wirklich einzigartige und besondere M\u00f6glichkeit, das Andenken an Ihren geliebten Menschen zu ehren und ihn nah am Herzen zu tragen.<\/p>\n<p>&nbsp;<\/p>\n<p style=\"text-align: center;\"><em><strong>Da es sich um ein handbemaltes Produkt handelt, kann das Aussehen leicht abweichen.<\/strong><\/em><\/p>\n<p>&nbsp;<\/p>\n<p style=\"text-align: center;\"><strong>Edelstahleinsatz<\/strong><\/p>\n<p><img loading=\"lazy\" decoding=\"async\" class=\" wp-image-1080 aligncenter\" src=\"http:\/\/www.rememberme-forever.com\/wp-content\/uploads\/2023\/04\/planet-urn-inside-stainless-steel-insert-300x300.jpg\" alt=\"Planetenurne im Edelstahleinsatz\" width=\"218\" height=\"218\" srcset=\"https:\/\/www.rememberme-forever.com\/wp-content\/uploads\/2023\/04\/planet-urn-inside-stainless-steel-insert-300x300.jpg 300w, https:\/\/www.rememberme-forever.com\/wp-content\/uploads\/2023\/04\/planet-urn-inside-stainless-steel-insert-150x150.jpg 150w, https:\/\/www.rememberme-forever.com\/wp-content\/uploads\/2023\/04\/planet-urn-inside-stainless-steel-insert-600x600.jpg 600w, https:\/\/www.rememberme-forever.com\/wp-content\/uploads\/2023\/04\/planet-urn-inside-stainless-steel-insert-100x100.jpg 100w, https:\/\/www.rememberme-forever.com\/wp-content\/uploads\/2023\/04\/planet-urn-inside-stainless-steel-insert-64x64.jpg 64w, https:\/\/www.rememberme-forever.com\/wp-content\/uploads\/2023\/04\/planet-urn-inside-stainless-steel-insert.jpg 768w\" sizes=\"auto, (max-width: 218px) 100vw, 218px\" \/><\/p>\n<p>&nbsp;<\/p>\n<h3 style=\"text-align: center;\"><strong>PERSONALISIERUNG<\/strong><\/h3>\n<p style=\"text-align: center;\">Die personalisierte Gedenktafel muss bei der Bestellung individuell gestaltet werden. (Bitte keine Panik, wenn Sie das vergessen haben, denn Sie k\u00f6nnen uns auch noch nachtr\u00e4glich eine Nachricht schicken).<\/p>\n<p style=\"text-align: center;\">Bitte \u00fcberpr\u00fcfen Sie den zu gravierenden Text sorgf\u00e4ltig, bevor Sie den Artikel in den Warenkorb legen. Wir kopieren und gravieren genau die Informationen, die wir mit der Bestellung erhalten und nehmen bei uns keine \u00c4nderungen vor.<\/p>\n<p style=\"text-align: center;\"><strong>Bitte \u00fcberpr\u00fcfen Sie den Text, um sicherzustellen, dass alle Schreibweisen korrekt sind.<\/strong><\/p>\n<p><img loading=\"lazy\" decoding=\"async\" class=\" wp-image-1449 aligncenter\" src=\"http:\/\/www.rememberme-forever.com\/wp-content\/uploads\/2023\/04\/memorial-plaque-cremation-urn-silver-300x153.jpg\" alt=\"Silberfarbene Urne mit Gedenktafel\" width=\"188\" height=\"96\" srcset=\"https:\/\/www.rememberme-forever.com\/wp-content\/uploads\/2023\/04\/memorial-plaque-cremation-urn-silver-300x153.jpg 300w, https:\/\/www.rememberme-forever.com\/wp-content\/uploads\/2023\/04\/memorial-plaque-cremation-urn-silver-64x33.jpg 64w, https:\/\/www.rememberme-forever.com\/wp-content\/uploads\/2023\/04\/memorial-plaque-cremation-urn-silver.jpg 448w\" sizes=\"auto, (max-width: 188px) 100vw, 188px\" \/><\/p>\n","protected":false},"excerpt":{"rendered":"<p>Wundersch\u00f6ne Urne in Planetenform aus ABS mit Edelstahleinsatz. Einzigartiger goldener Jupiter f\u00fcr die Asche.<\/p>\n<p><strong>Geeignet f\u00fcr ein K\u00f6rpergewicht von ca. 102 kg oder weniger.<\/strong><\/p>\n<p>\u2705 Diese Urne ist nicht f\u00fcr den Au\u00dfenbereich geeignet. Bitte sehen Sie sich unsere <a href=\"https:\/\/www.rememberme-forever.com\/product-category\/outdoor-urns\/\" target=\"_blank\" rel=\"noopener\"><br \/>\n<strong>Outdoor-Urnen &gt;&gt;<\/strong><br \/>\n<\/a><\/p>\n","protected":false},"featured_media":20099,"comment_status":"open","ping_status":"closed","template":"","meta":{"_acf_changed":false},"product_brand":[1991],"product_cat":[2331,2344,2351],"product_tag":[3331],"class_list":{"0":"post-20098","1":"product","2":"type-product","3":"status-publish","4":"has-post-thumbnail","6":"product_brand-remember-forever","7":"product_cat-kunstlerische-urnen","8":"product_cat-motivurnen","9":"product_cat-planeten","10":"product_tag-gpsr-metal-insert-abs_outside","11":"product_shipping_class-2-4kg","13":"first","14":"instock","15":"taxable","16":"shipping-taxable","17":"purchasable","18":"product-type-simple"},"yoast_head":"<!-- This site is optimized with the Yoast SEO plugin v27.5 - https:\/\/yoast.com\/product\/yoast-seo-wordpress\/ -->\n<title>Remember Forever<\/title>\n<meta name=\"description\" content=\"Die goldene Jupiter-Planetenurne ist eine atemberaubende und einzigartige kugelf\u00f6rmige Urne, die eine wundersch\u00f6ne Erinnerung an Ihren geliebten Menschen darstellt.\" \/>\n<meta name=\"robots\" content=\"index, follow, max-snippet:-1, max-image-preview:large, max-video-preview:-1\" \/>\n<link rel=\"canonical\" href=\"https:\/\/www.rememberme-forever.com\/de\/produkt\/goldene-jupiter-planetenurne-eine-einzigartige-urne-fuer-asche-wie-ein-jupiter\/\" \/>\n<meta property=\"og:locale\" content=\"de_DE\" \/>\n<meta property=\"og:type\" content=\"article\" \/>\n<meta property=\"og:description\" content=\"Die goldene Jupiter-Planetenurne ist eine atemberaubende und einzigartige kugelf\u00f6rmige Urne, die eine wundersch\u00f6ne Erinnerung an Ihren geliebten Menschen darstellt.\" \/>\n<meta property=\"og:url\" content=\"https:\/\/www.rememberme-forever.com\/de\/produkt\/goldene-jupiter-planetenurne-eine-einzigartige-urne-fuer-asche-wie-ein-jupiter\/\" \/>\n<meta property=\"og:site_name\" content=\"Remember Forever\" \/>\n<meta property=\"article:modified_time\" content=\"2025-10-13T09:07:56+00:00\" \/>\n<meta property=\"og:image\" content=\"http:\/\/www.rememberme-forever.com\/wp-content\/uploads\/2023\/04\/planet-urn-gold-jupiter.jpg\" \/>\n\t<meta property=\"og:image:width\" content=\"768\" \/>\n\t<meta property=\"og:image:height\" content=\"768\" \/>\n\t<meta property=\"og:image:type\" content=\"image\/jpeg\" \/>\n<meta name=\"twitter:card\" content=\"summary_large_image\" \/>\n<meta name=\"twitter:label1\" content=\"Gesch\u00e4tzte Lesezeit\" \/>\n\t<meta name=\"twitter:data1\" content=\"2\u00a0Minute\" \/>\n<script type=\"application\/ld+json\" class=\"yoast-schema-graph\">{\"@context\":\"https:\\\/\\\/schema.org\",\"@graph\":[{\"@type\":\"WebPage\",\"@id\":\"https:\\\/\\\/www.rememberme-forever.com\\\/de\\\/produkt\\\/goldene-jupiter-planetenurne-eine-einzigartige-urne-fuer-asche-wie-ein-jupiter\\\/\",\"url\":\"https:\\\/\\\/www.rememberme-forever.com\\\/de\\\/produkt\\\/goldene-jupiter-planetenurne-eine-einzigartige-urne-fuer-asche-wie-ein-jupiter\\\/\",\"name\":\"\",\"isPartOf\":{\"@id\":\"https:\\\/\\\/www.rememberme-forever.com\\\/de\\\/#website\"},\"primaryImageOfPage\":{\"@id\":\"https:\\\/\\\/www.rememberme-forever.com\\\/de\\\/produkt\\\/goldene-jupiter-planetenurne-eine-einzigartige-urne-fuer-asche-wie-ein-jupiter\\\/#primaryimage\"},\"image\":{\"@id\":\"https:\\\/\\\/www.rememberme-forever.com\\\/de\\\/produkt\\\/goldene-jupiter-planetenurne-eine-einzigartige-urne-fuer-asche-wie-ein-jupiter\\\/#primaryimage\"},\"thumbnailUrl\":\"https:\\\/\\\/www.rememberme-forever.com\\\/wp-content\\\/uploads\\\/2023\\\/04\\\/planet-urn-gold-jupiter.jpg\",\"datePublished\":\"2023-04-05T08:36:56+00:00\",\"dateModified\":\"2025-10-13T09:07:56+00:00\",\"description\":\"Die goldene Jupiter-Planetenurne ist eine atemberaubende und einzigartige kugelf\u00f6rmige Urne, die eine wundersch\u00f6ne Erinnerung an Ihren geliebten Menschen darstellt.\",\"breadcrumb\":{\"@id\":\"https:\\\/\\\/www.rememberme-forever.com\\\/de\\\/produkt\\\/goldene-jupiter-planetenurne-eine-einzigartige-urne-fuer-asche-wie-ein-jupiter\\\/#breadcrumb\"},\"inLanguage\":\"de\",\"potentialAction\":[{\"@type\":\"ReadAction\",\"target\":[\"https:\\\/\\\/www.rememberme-forever.com\\\/de\\\/produkt\\\/goldene-jupiter-planetenurne-eine-einzigartige-urne-fuer-asche-wie-ein-jupiter\\\/\"]}]},{\"@type\":\"ImageObject\",\"inLanguage\":\"de\",\"@id\":\"https:\\\/\\\/www.rememberme-forever.com\\\/de\\\/produkt\\\/goldene-jupiter-planetenurne-eine-einzigartige-urne-fuer-asche-wie-ein-jupiter\\\/#primaryimage\",\"url\":\"https:\\\/\\\/www.rememberme-forever.com\\\/wp-content\\\/uploads\\\/2023\\\/04\\\/planet-urn-gold-jupiter.jpg\",\"contentUrl\":\"https:\\\/\\\/www.rememberme-forever.com\\\/wp-content\\\/uploads\\\/2023\\\/04\\\/planet-urn-gold-jupiter.jpg\",\"width\":768,\"height\":768,\"caption\":\"gold jupiter planet urn\"},{\"@type\":\"BreadcrumbList\",\"@id\":\"https:\\\/\\\/www.rememberme-forever.com\\\/de\\\/produkt\\\/goldene-jupiter-planetenurne-eine-einzigartige-urne-fuer-asche-wie-ein-jupiter\\\/#breadcrumb\",\"itemListElement\":[{\"@type\":\"ListItem\",\"position\":1,\"name\":\"Home\",\"item\":\"https:\\\/\\\/www.rememberme-forever.com\\\/de\\\/startseite\\\/\"},{\"@type\":\"ListItem\",\"position\":2,\"name\":\"Shop\",\"item\":\"https:\\\/\\\/www.rememberme-forever.com\\\/de\\\/shop\\\/\"},{\"@type\":\"ListItem\",\"position\":3,\"name\":\"Goldene Jupiter-Planetenurne \u2013 eine einzigartige Urne f\u00fcr Asche wie ein Jupiter\"}]},{\"@type\":\"WebSite\",\"@id\":\"https:\\\/\\\/www.rememberme-forever.com\\\/de\\\/#website\",\"url\":\"https:\\\/\\\/www.rememberme-forever.com\\\/de\\\/\",\"name\":\"Remember Forever\",\"description\":\"Cremation urns, funeral urns, urns for ashes\",\"publisher\":{\"@id\":\"https:\\\/\\\/www.rememberme-forever.com\\\/de\\\/#organization\"},\"potentialAction\":[{\"@type\":\"SearchAction\",\"target\":{\"@type\":\"EntryPoint\",\"urlTemplate\":\"https:\\\/\\\/www.rememberme-forever.com\\\/de\\\/?s={search_term_string}\"},\"query-input\":{\"@type\":\"PropertyValueSpecification\",\"valueRequired\":true,\"valueName\":\"search_term_string\"}}],\"inLanguage\":\"de\"},{\"@type\":\"Organization\",\"@id\":\"https:\\\/\\\/www.rememberme-forever.com\\\/de\\\/#organization\",\"name\":\"Remember Forever\",\"url\":\"https:\\\/\\\/www.rememberme-forever.com\\\/de\\\/\",\"logo\":{\"@type\":\"ImageObject\",\"inLanguage\":\"de\",\"@id\":\"https:\\\/\\\/www.rememberme-forever.com\\\/de\\\/#\\\/schema\\\/logo\\\/image\\\/\",\"url\":\"https:\\\/\\\/www.rememberme-forever.com\\\/wp-content\\\/uploads\\\/2023\\\/02\\\/logo.png\",\"contentUrl\":\"https:\\\/\\\/www.rememberme-forever.com\\\/wp-content\\\/uploads\\\/2023\\\/02\\\/logo.png\",\"width\":300,\"height\":56,\"caption\":\"Remember Forever\"},\"image\":{\"@id\":\"https:\\\/\\\/www.rememberme-forever.com\\\/de\\\/#\\\/schema\\\/logo\\\/image\\\/\"}}]}<\/script>\n<!-- \/ Yoast SEO plugin. -->","yoast_head_json":{"title":"Remember Forever","description":"Die goldene Jupiter-Planetenurne ist eine atemberaubende und einzigartige kugelf\u00f6rmige Urne, die eine wundersch\u00f6ne Erinnerung an Ihren geliebten Menschen darstellt.","robots":{"index":"index","follow":"follow","max-snippet":"max-snippet:-1","max-image-preview":"max-image-preview:large","max-video-preview":"max-video-preview:-1"},"canonical":"https:\/\/www.rememberme-forever.com\/de\/produkt\/goldene-jupiter-planetenurne-eine-einzigartige-urne-fuer-asche-wie-ein-jupiter\/","og_locale":"de_DE","og_type":"article","og_description":"Die goldene Jupiter-Planetenurne ist eine atemberaubende und einzigartige kugelf\u00f6rmige Urne, die eine wundersch\u00f6ne Erinnerung an Ihren geliebten Menschen darstellt.","og_url":"https:\/\/www.rememberme-forever.com\/de\/produkt\/goldene-jupiter-planetenurne-eine-einzigartige-urne-fuer-asche-wie-ein-jupiter\/","og_site_name":"Remember Forever","article_modified_time":"2025-10-13T09:07:56+00:00","og_image":[{"width":768,"height":768,"url":"http:\/\/www.rememberme-forever.com\/wp-content\/uploads\/2023\/04\/planet-urn-gold-jupiter.jpg","type":"image\/jpeg"}],"twitter_card":"summary_large_image","twitter_misc":{"Gesch\u00e4tzte Lesezeit":"2\u00a0Minute"},"schema":{"@context":"https:\/\/schema.org","@graph":[{"@type":"WebPage","@id":"https:\/\/www.rememberme-forever.com\/de\/produkt\/goldene-jupiter-planetenurne-eine-einzigartige-urne-fuer-asche-wie-ein-jupiter\/","url":"https:\/\/www.rememberme-forever.com\/de\/produkt\/goldene-jupiter-planetenurne-eine-einzigartige-urne-fuer-asche-wie-ein-jupiter\/","name":"","isPartOf":{"@id":"https:\/\/www.rememberme-forever.com\/de\/#website"},"primaryImageOfPage":{"@id":"https:\/\/www.rememberme-forever.com\/de\/produkt\/goldene-jupiter-planetenurne-eine-einzigartige-urne-fuer-asche-wie-ein-jupiter\/#primaryimage"},"image":{"@id":"https:\/\/www.rememberme-forever.com\/de\/produkt\/goldene-jupiter-planetenurne-eine-einzigartige-urne-fuer-asche-wie-ein-jupiter\/#primaryimage"},"thumbnailUrl":"https:\/\/www.rememberme-forever.com\/wp-content\/uploads\/2023\/04\/planet-urn-gold-jupiter.jpg","datePublished":"2023-04-05T08:36:56+00:00","dateModified":"2025-10-13T09:07:56+00:00","description":"Die goldene Jupiter-Planetenurne ist eine atemberaubende und einzigartige kugelf\u00f6rmige Urne, die eine wundersch\u00f6ne Erinnerung an Ihren geliebten Menschen darstellt.","breadcrumb":{"@id":"https:\/\/www.rememberme-forever.com\/de\/produkt\/goldene-jupiter-planetenurne-eine-einzigartige-urne-fuer-asche-wie-ein-jupiter\/#breadcrumb"},"inLanguage":"de","potentialAction":[{"@type":"ReadAction","target":["https:\/\/www.rememberme-forever.com\/de\/produkt\/goldene-jupiter-planetenurne-eine-einzigartige-urne-fuer-asche-wie-ein-jupiter\/"]}]},{"@type":"ImageObject","inLanguage":"de","@id":"https:\/\/www.rememberme-forever.com\/de\/produkt\/goldene-jupiter-planetenurne-eine-einzigartige-urne-fuer-asche-wie-ein-jupiter\/#primaryimage","url":"https:\/\/www.rememberme-forever.com\/wp-content\/uploads\/2023\/04\/planet-urn-gold-jupiter.jpg","contentUrl":"https:\/\/www.rememberme-forever.com\/wp-content\/uploads\/2023\/04\/planet-urn-gold-jupiter.jpg","width":768,"height":768,"caption":"gold jupiter planet urn"},{"@type":"BreadcrumbList","@id":"https:\/\/www.rememberme-forever.com\/de\/produkt\/goldene-jupiter-planetenurne-eine-einzigartige-urne-fuer-asche-wie-ein-jupiter\/#breadcrumb","itemListElement":[{"@type":"ListItem","position":1,"name":"Home","item":"https:\/\/www.rememberme-forever.com\/de\/startseite\/"},{"@type":"ListItem","position":2,"name":"Shop","item":"https:\/\/www.rememberme-forever.com\/de\/shop\/"},{"@type":"ListItem","position":3,"name":"Goldene Jupiter-Planetenurne \u2013 eine einzigartige Urne f\u00fcr Asche wie ein Jupiter"}]},{"@type":"WebSite","@id":"https:\/\/www.rememberme-forever.com\/de\/#website","url":"https:\/\/www.rememberme-forever.com\/de\/","name":"Remember Forever","description":"Cremation urns, funeral urns, urns for ashes","publisher":{"@id":"https:\/\/www.rememberme-forever.com\/de\/#organization"},"potentialAction":[{"@type":"SearchAction","target":{"@type":"EntryPoint","urlTemplate":"https:\/\/www.rememberme-forever.com\/de\/?s={search_term_string}"},"query-input":{"@type":"PropertyValueSpecification","valueRequired":true,"valueName":"search_term_string"}}],"inLanguage":"de"},{"@type":"Organization","@id":"https:\/\/www.rememberme-forever.com\/de\/#organization","name":"Remember Forever","url":"https:\/\/www.rememberme-forever.com\/de\/","logo":{"@type":"ImageObject","inLanguage":"de","@id":"https:\/\/www.rememberme-forever.com\/de\/#\/schema\/logo\/image\/","url":"https:\/\/www.rememberme-forever.com\/wp-content\/uploads\/2023\/02\/logo.png","contentUrl":"https:\/\/www.rememberme-forever.com\/wp-content\/uploads\/2023\/02\/logo.png","width":300,"height":56,"caption":"Remember Forever"},"image":{"@id":"https:\/\/www.rememberme-forever.com\/de\/#\/schema\/logo\/image\/"}}]}},"acf":[],"_links":{"self":[{"href":"https:\/\/www.rememberme-forever.com\/de\/wp-json\/wp\/v2\/product\/20098","targetHints":{"allow":["GET"]}}],"collection":[{"href":"https:\/\/www.rememberme-forever.com\/de\/wp-json\/wp\/v2\/product"}],"about":[{"href":"https:\/\/www.rememberme-forever.com\/de\/wp-json\/wp\/v2\/types\/product"}],"replies":[{"embeddable":true,"href":"https:\/\/www.rememberme-forever.com\/de\/wp-json\/wp\/v2\/comments?post=20098"}],"wp:featuredmedia":[{"embeddable":true,"href":"https:\/\/www.rememberme-forever.com\/de\/wp-json\/wp\/v2\/media\/20099"}],"wp:attachment":[{"href":"https:\/\/www.rememberme-forever.com\/de\/wp-json\/wp\/v2\/media?parent=20098"}],"wp:term":[{"taxonomy":"product_brand","embeddable":true,"href":"https:\/\/www.rememberme-forever.com\/de\/wp-json\/wp\/v2\/product_brand?post=20098"},{"taxonomy":"product_cat","embeddable":true,"href":"https:\/\/www.rememberme-forever.com\/de\/wp-json\/wp\/v2\/product_cat?post=20098"},{"taxonomy":"product_tag","embeddable":true,"href":"https:\/\/www.rememberme-forever.com\/de\/wp-json\/wp\/v2\/product_tag?post=20098"}],"curies":[{"name":"wp","href":"https:\/\/api.w.org\/{rel}","templated":true}]}}