{"id":20353,"date":"2025-06-23T14:12:01","date_gmt":"2025-06-23T12:12:01","guid":{"rendered":"https:\/\/www.rememberme-forever.com\/product\/urne-fuer-einen-mechaniker-urne-fuer-einen-autoliebhaber\/"},"modified":"2025-10-15T12:13:59","modified_gmt":"2025-10-15T10:13:59","slug":"urne-fuer-einen-mechaniker-urne-fuer-einen-autoliebhaber","status":"publish","type":"product","link":"https:\/\/www.rememberme-forever.com\/de\/produkt\/urne-fuer-einen-mechaniker-urne-fuer-einen-autoliebhaber\/","title":{"rendered":"Urne f\u00fcr einen Mechaniker \u2013 Urne f\u00fcr einen Autoliebhaber"},"content":{"rendered":"<p style=\"text-align: center;\" data-start=\"68\" data-end=\"406\"><span style=\"color: #000000;\">Diese einzigartige Urne wurde f\u00fcr Menschen geschaffen, die ihr ganzes Leben lang der Arbeit an Motoren und Mechanik gewidmet haben \u2013 beruflich oder aus Leidenschaft. Die Vorderseite der Urne zeigt eine detaillierte Gravur mit einem Automotor und Werkzeugen und ist damit eine symbolische Hommage an ein Leben voller Autofahren, Pr\u00e4zision und Leidenschaft f\u00fcr die Arbeit. <\/span><\/p>\n<p style=\"text-align: center;\" data-start=\"408\" data-end=\"634\"><span style=\"color: #000000;\">Die Urne aus Massivholz besticht durch ihre moderne Form und elegante Verarbeitung. Die Gravur kann mit Namen, Daten und einer pers\u00f6nlichen Nachricht auf der beiliegenden Plakette personalisiert werden. <\/span><\/p>\n<p style=\"text-align: center;\" data-start=\"636\" data-end=\"796\"><span style=\"color: #000000;\">Dies ist die ideale Urne f\u00fcr einen Mechaniker, einen Autoliebhaber, einen Designer oder jeden, der stolz einen fettverschmierten Overall trug und leidenschaftlich Motorhauben \u00f6ffnete.<\/span><\/p>\n<p style=\"text-align: center;\" data-start=\"798\" data-end=\"992\" data-is-last-node=\"\" data-is-only-node=\"\"><span style=\"color: #000000;\">Eine symbolische Ruhest\u00e4tte, die eine Geschichte \u00fcber die Arbeit der H\u00e4nde, Pr\u00e4zision und die Liebe zu Maschinen erz\u00e4hlt \u2013 und gleichzeitig ein respektvolles Gedenken an ein Leben voller Leidenschaft und ohne Langeweile.<\/span><\/p>\n<div style=\"width: 100%; margin-bottom: 40px; height: max-content; padding-bottom: 60%; position: relative;\"><iframe style=\"position: absolute; top: 0; left: 0; width: 100%; height: 100%;\" src=\"https:\/\/rememberme-urns.com\/theme-urn-for-a-mechanic\/\" frameborder=\"0\"><\/iframe><\/div>\n<div style=\"color: red; text-align: center; margin-bottom: 25px;\">\n<p>&gt;&gt; Rotierendes Foto &#8211; Tippen\/Zoomen &lt;&lt;<\/p>\n<\/div>\n<p style=\"text-align: center;\"><strong>\u25ba PERSONALISIERUNG \u25c4<\/strong><\/p>\n<p style=\"text-align: center;\">\u2714\ufe0f Wenn Sie sich f\u00fcr eine personalisierte Plakette entscheiden, geben Sie den Text an der entsprechenden Stelle ein oder schicken Sie uns eine Nachricht.<\/p>\n<p style=\"text-align: center;\">\u2714\ufe0f Die personalisierte Gedenktafel muss w\u00e4hrend des Bestellvorgangs angepasst werden. (Keine Sorge, wenn Sie es vergessen, Sie k\u00f6nnen uns sp\u00e4ter immer noch eine Nachricht schicken).<\/p>\n<p style=\"text-align: center;\"><b>Die Textbeschr\u00e4nkungen lauten wie folgt:<\/b><\/p>\n<p style=\"text-align: center;\"><span style=\"color: var(--text-color); font-size: 14px;\">Name(n) bis zu 35 Zeichen<\/span><\/p>\n<p style=\"text-align: center;\"><span style=\"color: var(--text-color); font-size: 14px;\">Geburts- und Sterbedatum bis zu 35 Zeichen<\/span><\/p>\n<p style=\"text-align: center;\"><span style=\"color: var(--text-color); font-size: 14px;\">Dritte Zeile bis zu 35 Zeichen<\/span><\/p>\n<div style=\"text-align: center;\"><\/div>\n<p style=\"text-align: center;\">\u2714\ufe0f Bitte <strong>\u00fcberpr\u00fcfen<\/strong> Sie den Gravurtext <strong>ZWEIFACH<\/strong>, bevor Sie das Produkt in Ihren Warenkorb legen. Wir kopieren und gravieren genau die Informationen, die wir mit der Bestellung erhalten, und nehmen unsererseits keine \u00c4nderungen vor.<\/p>\n<p style=\"text-align: center;\">\u2714\ufe0f \u00dcberpr\u00fcfen Sie den Text, um sicherzustellen, dass die Schreibweise korrekt ist.<\/p>\n<p style=\"text-align: center;\">\u2714\ufe0f Geben Sie <strong>KEINE<\/strong> Gravurinformationen ein, wenn Sie die Option &#8218;Urne ohne Plakette&#8216; kaufen.<\/p>\n","protected":false},"excerpt":{"rendered":"<p>Diese einzigartige Urne wurde f\u00fcr Menschen geschaffen, die ihr ganzes Leben lang der Arbeit an Motoren und Mechanik gewidmet haben \u2013 beruflich oder aus Leidenschaft&#8230;.<\/p>\n","protected":false},"featured_media":20354,"comment_status":"closed","ping_status":"closed","template":"","meta":{"_acf_changed":false},"product_brand":[],"product_cat":[2346,2352,2344],"product_tag":[3305],"class_list":{"0":"post-20353","1":"product","2":"type-product","3":"status-publish","4":"has-post-thumbnail","6":"product_cat-autos","7":"product_cat-berufsurnen","8":"product_cat-motivurnen","9":"product_tag-gpsr-all-wood-urns","10":"product_shipping_class-2-4kg","12":"first","13":"instock","14":"taxable","15":"shipping-taxable","16":"purchasable","17":"product-type-variable"},"yoast_head":"<!-- This site is optimized with the Yoast SEO plugin v27.5 - https:\/\/yoast.com\/product\/yoast-seo-wordpress\/ -->\n<title>Urne f\u00fcr einen Mechaniker \u2013 Urne f\u00fcr einen Autoliebhaber - Remember Forever<\/title>\n<meta name=\"robots\" content=\"index, follow, max-snippet:-1, max-image-preview:large, max-video-preview:-1\" \/>\n<link rel=\"canonical\" href=\"https:\/\/www.rememberme-forever.com\/de\/produkt\/urne-fuer-einen-mechaniker-urne-fuer-einen-autoliebhaber\/\" \/>\n<meta property=\"og:locale\" content=\"de_DE\" \/>\n<meta property=\"og:type\" content=\"article\" \/>\n<meta property=\"og:title\" content=\"Urne f\u00fcr einen Mechaniker \u2013 Urne f\u00fcr einen Autoliebhaber - Remember Forever\" \/>\n<meta property=\"og:description\" content=\"Diese einzigartige Urne wurde f\u00fcr Menschen geschaffen, die ihr ganzes Leben lang der Arbeit an Motoren und Mechanik gewidmet haben \u2013 beruflich oder aus Leidenschaft....\" \/>\n<meta property=\"og:url\" content=\"https:\/\/www.rememberme-forever.com\/de\/produkt\/urne-fuer-einen-mechaniker-urne-fuer-einen-autoliebhaber\/\" \/>\n<meta property=\"og:site_name\" content=\"Remember Forever\" \/>\n<meta property=\"article:modified_time\" content=\"2025-10-15T10:13:59+00:00\" \/>\n<meta property=\"og:image\" content=\"http:\/\/www.rememberme-forever.com\/wp-content\/uploads\/2025\/06\/urn-for-a-mechanic-black_0001.jpg\" \/>\n\t<meta property=\"og:image:width\" content=\"1007\" \/>\n\t<meta property=\"og:image:height\" content=\"1024\" \/>\n\t<meta property=\"og:image:type\" content=\"image\/jpeg\" \/>\n<meta name=\"twitter:card\" content=\"summary_large_image\" \/>\n<meta name=\"twitter:label1\" content=\"Gesch\u00e4tzte Lesezeit\" \/>\n\t<meta name=\"twitter:data1\" content=\"2\u00a0Minute\" \/>\n<script type=\"application\/ld+json\" class=\"yoast-schema-graph\">{\"@context\":\"https:\\\/\\\/schema.org\",\"@graph\":[{\"@type\":\"WebPage\",\"@id\":\"https:\\\/\\\/www.rememberme-forever.com\\\/de\\\/produkt\\\/urne-fuer-einen-mechaniker-urne-fuer-einen-autoliebhaber\\\/\",\"url\":\"https:\\\/\\\/www.rememberme-forever.com\\\/de\\\/produkt\\\/urne-fuer-einen-mechaniker-urne-fuer-einen-autoliebhaber\\\/\",\"name\":\"Urne f\u00fcr einen Mechaniker \u2013 Urne f\u00fcr einen Autoliebhaber - Remember Forever\",\"isPartOf\":{\"@id\":\"https:\\\/\\\/www.rememberme-forever.com\\\/de\\\/#website\"},\"primaryImageOfPage\":{\"@id\":\"https:\\\/\\\/www.rememberme-forever.com\\\/de\\\/produkt\\\/urne-fuer-einen-mechaniker-urne-fuer-einen-autoliebhaber\\\/#primaryimage\"},\"image\":{\"@id\":\"https:\\\/\\\/www.rememberme-forever.com\\\/de\\\/produkt\\\/urne-fuer-einen-mechaniker-urne-fuer-einen-autoliebhaber\\\/#primaryimage\"},\"thumbnailUrl\":\"https:\\\/\\\/www.rememberme-forever.com\\\/wp-content\\\/uploads\\\/2025\\\/06\\\/urn-for-a-mechanic-black_0001.jpg\",\"datePublished\":\"2025-06-23T12:12:01+00:00\",\"dateModified\":\"2025-10-15T10:13:59+00:00\",\"breadcrumb\":{\"@id\":\"https:\\\/\\\/www.rememberme-forever.com\\\/de\\\/produkt\\\/urne-fuer-einen-mechaniker-urne-fuer-einen-autoliebhaber\\\/#breadcrumb\"},\"inLanguage\":\"de\",\"potentialAction\":[{\"@type\":\"ReadAction\",\"target\":[\"https:\\\/\\\/www.rememberme-forever.com\\\/de\\\/produkt\\\/urne-fuer-einen-mechaniker-urne-fuer-einen-autoliebhaber\\\/\"]}]},{\"@type\":\"ImageObject\",\"inLanguage\":\"de\",\"@id\":\"https:\\\/\\\/www.rememberme-forever.com\\\/de\\\/produkt\\\/urne-fuer-einen-mechaniker-urne-fuer-einen-autoliebhaber\\\/#primaryimage\",\"url\":\"https:\\\/\\\/www.rememberme-forever.com\\\/wp-content\\\/uploads\\\/2025\\\/06\\\/urn-for-a-mechanic-black_0001.jpg\",\"contentUrl\":\"https:\\\/\\\/www.rememberme-forever.com\\\/wp-content\\\/uploads\\\/2025\\\/06\\\/urn-for-a-mechanic-black_0001.jpg\",\"width\":1007,\"height\":1024,\"caption\":\"urn for a mechanic\"},{\"@type\":\"BreadcrumbList\",\"@id\":\"https:\\\/\\\/www.rememberme-forever.com\\\/de\\\/produkt\\\/urne-fuer-einen-mechaniker-urne-fuer-einen-autoliebhaber\\\/#breadcrumb\",\"itemListElement\":[{\"@type\":\"ListItem\",\"position\":1,\"name\":\"Home\",\"item\":\"https:\\\/\\\/www.rememberme-forever.com\\\/de\\\/startseite\\\/\"},{\"@type\":\"ListItem\",\"position\":2,\"name\":\"Shop\",\"item\":\"https:\\\/\\\/www.rememberme-forever.com\\\/de\\\/shop\\\/\"},{\"@type\":\"ListItem\",\"position\":3,\"name\":\"Urne f\u00fcr einen Mechaniker \u2013 Urne f\u00fcr einen Autoliebhaber\"}]},{\"@type\":\"WebSite\",\"@id\":\"https:\\\/\\\/www.rememberme-forever.com\\\/de\\\/#website\",\"url\":\"https:\\\/\\\/www.rememberme-forever.com\\\/de\\\/\",\"name\":\"Remember Forever\",\"description\":\"Cremation urns, funeral urns, urns for ashes\",\"publisher\":{\"@id\":\"https:\\\/\\\/www.rememberme-forever.com\\\/de\\\/#organization\"},\"potentialAction\":[{\"@type\":\"SearchAction\",\"target\":{\"@type\":\"EntryPoint\",\"urlTemplate\":\"https:\\\/\\\/www.rememberme-forever.com\\\/de\\\/?s={search_term_string}\"},\"query-input\":{\"@type\":\"PropertyValueSpecification\",\"valueRequired\":true,\"valueName\":\"search_term_string\"}}],\"inLanguage\":\"de\"},{\"@type\":\"Organization\",\"@id\":\"https:\\\/\\\/www.rememberme-forever.com\\\/de\\\/#organization\",\"name\":\"Remember Forever\",\"url\":\"https:\\\/\\\/www.rememberme-forever.com\\\/de\\\/\",\"logo\":{\"@type\":\"ImageObject\",\"inLanguage\":\"de\",\"@id\":\"https:\\\/\\\/www.rememberme-forever.com\\\/de\\\/#\\\/schema\\\/logo\\\/image\\\/\",\"url\":\"https:\\\/\\\/www.rememberme-forever.com\\\/wp-content\\\/uploads\\\/2023\\\/02\\\/logo.png\",\"contentUrl\":\"https:\\\/\\\/www.rememberme-forever.com\\\/wp-content\\\/uploads\\\/2023\\\/02\\\/logo.png\",\"width\":300,\"height\":56,\"caption\":\"Remember Forever\"},\"image\":{\"@id\":\"https:\\\/\\\/www.rememberme-forever.com\\\/de\\\/#\\\/schema\\\/logo\\\/image\\\/\"}}]}<\/script>\n<!-- \/ Yoast SEO plugin. -->","yoast_head_json":{"title":"Urne f\u00fcr einen Mechaniker \u2013 Urne f\u00fcr einen Autoliebhaber - Remember Forever","robots":{"index":"index","follow":"follow","max-snippet":"max-snippet:-1","max-image-preview":"max-image-preview:large","max-video-preview":"max-video-preview:-1"},"canonical":"https:\/\/www.rememberme-forever.com\/de\/produkt\/urne-fuer-einen-mechaniker-urne-fuer-einen-autoliebhaber\/","og_locale":"de_DE","og_type":"article","og_title":"Urne f\u00fcr einen Mechaniker \u2013 Urne f\u00fcr einen Autoliebhaber - Remember Forever","og_description":"Diese einzigartige Urne wurde f\u00fcr Menschen geschaffen, die ihr ganzes Leben lang der Arbeit an Motoren und Mechanik gewidmet haben \u2013 beruflich oder aus Leidenschaft....","og_url":"https:\/\/www.rememberme-forever.com\/de\/produkt\/urne-fuer-einen-mechaniker-urne-fuer-einen-autoliebhaber\/","og_site_name":"Remember Forever","article_modified_time":"2025-10-15T10:13:59+00:00","og_image":[{"width":1007,"height":1024,"url":"http:\/\/www.rememberme-forever.com\/wp-content\/uploads\/2025\/06\/urn-for-a-mechanic-black_0001.jpg","type":"image\/jpeg"}],"twitter_card":"summary_large_image","twitter_misc":{"Gesch\u00e4tzte Lesezeit":"2\u00a0Minute"},"schema":{"@context":"https:\/\/schema.org","@graph":[{"@type":"WebPage","@id":"https:\/\/www.rememberme-forever.com\/de\/produkt\/urne-fuer-einen-mechaniker-urne-fuer-einen-autoliebhaber\/","url":"https:\/\/www.rememberme-forever.com\/de\/produkt\/urne-fuer-einen-mechaniker-urne-fuer-einen-autoliebhaber\/","name":"Urne f\u00fcr einen Mechaniker \u2013 Urne f\u00fcr einen Autoliebhaber - Remember Forever","isPartOf":{"@id":"https:\/\/www.rememberme-forever.com\/de\/#website"},"primaryImageOfPage":{"@id":"https:\/\/www.rememberme-forever.com\/de\/produkt\/urne-fuer-einen-mechaniker-urne-fuer-einen-autoliebhaber\/#primaryimage"},"image":{"@id":"https:\/\/www.rememberme-forever.com\/de\/produkt\/urne-fuer-einen-mechaniker-urne-fuer-einen-autoliebhaber\/#primaryimage"},"thumbnailUrl":"https:\/\/www.rememberme-forever.com\/wp-content\/uploads\/2025\/06\/urn-for-a-mechanic-black_0001.jpg","datePublished":"2025-06-23T12:12:01+00:00","dateModified":"2025-10-15T10:13:59+00:00","breadcrumb":{"@id":"https:\/\/www.rememberme-forever.com\/de\/produkt\/urne-fuer-einen-mechaniker-urne-fuer-einen-autoliebhaber\/#breadcrumb"},"inLanguage":"de","potentialAction":[{"@type":"ReadAction","target":["https:\/\/www.rememberme-forever.com\/de\/produkt\/urne-fuer-einen-mechaniker-urne-fuer-einen-autoliebhaber\/"]}]},{"@type":"ImageObject","inLanguage":"de","@id":"https:\/\/www.rememberme-forever.com\/de\/produkt\/urne-fuer-einen-mechaniker-urne-fuer-einen-autoliebhaber\/#primaryimage","url":"https:\/\/www.rememberme-forever.com\/wp-content\/uploads\/2025\/06\/urn-for-a-mechanic-black_0001.jpg","contentUrl":"https:\/\/www.rememberme-forever.com\/wp-content\/uploads\/2025\/06\/urn-for-a-mechanic-black_0001.jpg","width":1007,"height":1024,"caption":"urn for a mechanic"},{"@type":"BreadcrumbList","@id":"https:\/\/www.rememberme-forever.com\/de\/produkt\/urne-fuer-einen-mechaniker-urne-fuer-einen-autoliebhaber\/#breadcrumb","itemListElement":[{"@type":"ListItem","position":1,"name":"Home","item":"https:\/\/www.rememberme-forever.com\/de\/startseite\/"},{"@type":"ListItem","position":2,"name":"Shop","item":"https:\/\/www.rememberme-forever.com\/de\/shop\/"},{"@type":"ListItem","position":3,"name":"Urne f\u00fcr einen Mechaniker \u2013 Urne f\u00fcr einen Autoliebhaber"}]},{"@type":"WebSite","@id":"https:\/\/www.rememberme-forever.com\/de\/#website","url":"https:\/\/www.rememberme-forever.com\/de\/","name":"Remember Forever","description":"Cremation urns, funeral urns, urns for ashes","publisher":{"@id":"https:\/\/www.rememberme-forever.com\/de\/#organization"},"potentialAction":[{"@type":"SearchAction","target":{"@type":"EntryPoint","urlTemplate":"https:\/\/www.rememberme-forever.com\/de\/?s={search_term_string}"},"query-input":{"@type":"PropertyValueSpecification","valueRequired":true,"valueName":"search_term_string"}}],"inLanguage":"de"},{"@type":"Organization","@id":"https:\/\/www.rememberme-forever.com\/de\/#organization","name":"Remember Forever","url":"https:\/\/www.rememberme-forever.com\/de\/","logo":{"@type":"ImageObject","inLanguage":"de","@id":"https:\/\/www.rememberme-forever.com\/de\/#\/schema\/logo\/image\/","url":"https:\/\/www.rememberme-forever.com\/wp-content\/uploads\/2023\/02\/logo.png","contentUrl":"https:\/\/www.rememberme-forever.com\/wp-content\/uploads\/2023\/02\/logo.png","width":300,"height":56,"caption":"Remember Forever"},"image":{"@id":"https:\/\/www.rememberme-forever.com\/de\/#\/schema\/logo\/image\/"}}]}},"acf":[],"_links":{"self":[{"href":"https:\/\/www.rememberme-forever.com\/de\/wp-json\/wp\/v2\/product\/20353","targetHints":{"allow":["GET"]}}],"collection":[{"href":"https:\/\/www.rememberme-forever.com\/de\/wp-json\/wp\/v2\/product"}],"about":[{"href":"https:\/\/www.rememberme-forever.com\/de\/wp-json\/wp\/v2\/types\/product"}],"replies":[{"embeddable":true,"href":"https:\/\/www.rememberme-forever.com\/de\/wp-json\/wp\/v2\/comments?post=20353"}],"wp:featuredmedia":[{"embeddable":true,"href":"https:\/\/www.rememberme-forever.com\/de\/wp-json\/wp\/v2\/media\/20354"}],"wp:attachment":[{"href":"https:\/\/www.rememberme-forever.com\/de\/wp-json\/wp\/v2\/media?parent=20353"}],"wp:term":[{"taxonomy":"product_brand","embeddable":true,"href":"https:\/\/www.rememberme-forever.com\/de\/wp-json\/wp\/v2\/product_brand?post=20353"},{"taxonomy":"product_cat","embeddable":true,"href":"https:\/\/www.rememberme-forever.com\/de\/wp-json\/wp\/v2\/product_cat?post=20353"},{"taxonomy":"product_tag","embeddable":true,"href":"https:\/\/www.rememberme-forever.com\/de\/wp-json\/wp\/v2\/product_tag?post=20353"}],"curies":[{"name":"wp","href":"https:\/\/api.w.org\/{rel}","templated":true}]}}