{"id":20425,"date":"2024-10-29T11:20:36","date_gmt":"2024-10-29T10:20:36","guid":{"rendered":"https:\/\/www.rememberme-forever.com\/product\/holzurne-fuer-rechtsanwaelte-richter-oder-maezene\/"},"modified":"2025-10-15T13:33:36","modified_gmt":"2025-10-15T11:33:36","slug":"holzurne-fuer-rechtsanwaelte-richter-oder-maezene","status":"publish","type":"product","link":"https:\/\/www.rememberme-forever.com\/de\/produkt\/holzurne-fuer-rechtsanwaelte-richter-oder-maezene\/","title":{"rendered":"Holzurne f\u00fcr Rechtsanw\u00e4lte, Richter oder M\u00e4zene"},"content":{"rendered":"<p>Gedenken Sie eines geliebten Menschen, dessen Leben der Gerechtigkeit und dem Recht gewidmet war, mit dieser einzigartigen Holzurne. Die Urne ist ideal f\u00fcr Rechtsanw\u00e4lte, Richter oder M\u00e4zene und besticht durch ihre elegante Verarbeitung und ihr klassisches Design, das perfekt mit der Seriosit\u00e4t des Berufsstandes harmoniert. Die aus hochwertigem Holz gefertigte Urne tr\u00e4gt auf der Vorderseite eine eingravierte Grafik mit dem Rechtssymbol, die ihren einzigartigen Charakter unterstreicht.<\/p>\n<p>Zus\u00e4tzlich bietet die Urne die M\u00f6glichkeit zur Personalisierung dank einer gravierten Plakette, auf der Sie Ihren Namen, Ihr Datum oder Ihre pers\u00f6nlichen Worte platzieren k\u00f6nnen. Diese einzigartige Kombination aus \u00c4sthetik und Symbolik macht die Urne zu einer sch\u00f6nen und w\u00fcrdevollen Erinnerung an eine Person, deren Arbeit und Leben mit der Rechtspflege verbunden waren.<\/p>\n<div style=\"width: 100%; margin-bottom: 30px; height: max-content; padding-bottom: 60%; position: relative;\"><iframe style=\"position: absolute; top: 0; left: 0; width: 100%; height: 100%;\" src=\"https:\/\/rememberme-urns.com\/cremation-urn-for-lawyer\/\" frameborder=\"0\"><\/iframe><\/div>\n<div style=\"color: red; text-align: center; margin-bottom: 25px;\">\n<p>&gt;&gt; Rotierendes Foto &#8211; Tippen\/Zoomen &lt;&lt;<\/p>\n<\/div>\n<p><strong>\u25ba PERSONALISIERUNG \u25c4<\/strong><\/p>\n<p>\u2714\ufe0f Wenn Sie sich f\u00fcr eine personalisierte Plakette entscheiden, geben Sie den Text an der entsprechenden Stelle ein oder schicken Sie uns eine Nachricht.<\/p>\n<p>\u2714\ufe0f Die personalisierte Gedenktafel muss w\u00e4hrend des Bestellvorgangs angepasst werden. (Keine Sorge, wenn Sie es vergessen, Sie k\u00f6nnen uns sp\u00e4ter immer noch eine Nachricht schicken).<\/p>\n<p>Die Textbeschr\u00e4nkungen lauten wie folgt:<\/p>\n<ul>\n<li>Name(n) bis zu 35 Zeichen<\/li>\n<li>Geburts- und Sterbedatum bis zu 35 Zeichen<\/li>\n<li>Dritte Zeile bis zu 35 Zeichen<\/li>\n<\/ul>\n<p>\u2714\ufe0f Bitte \u00fcberpr\u00fcfen Sie den Gravurtext, bevor Sie das Produkt in den Warenkorb legen. Wir kopieren und gravieren die Informationen, die wir mit der Bestellung erhalten, exakt und nehmen keine \u00c4nderungen vor.<\/p>\n<p>\u2714\ufe0f \u00dcberpr\u00fcfen Sie den Text, um sicherzustellen, dass die Schreibweise korrekt ist.<\/p>\n<p>\u2714\ufe0f Geben Sie <strong>KEINE<\/strong> Gravurinformationen ein, wenn Sie die Option &#8218;Urne ohne Plakette&#8216; kaufen.<\/p>\n","protected":false},"excerpt":{"rendered":"<p>Gedenken Sie eines geliebten Menschen, dessen Leben der Gerechtigkeit und dem Recht gewidmet war, mit dieser einzigartigen Holzurne. Die Urne ist ideal f\u00fcr Rechtsanw\u00e4lte, Richter&#8230;<\/p>\n","protected":false},"featured_media":20426,"comment_status":"closed","ping_status":"closed","template":"","meta":{"_acf_changed":false},"product_brand":[],"product_cat":[2352,2344],"product_tag":[3305],"class_list":{"0":"post-20425","1":"product","2":"type-product","3":"status-publish","4":"has-post-thumbnail","6":"product_cat-berufsurnen","7":"product_cat-motivurnen","8":"product_tag-gpsr-all-wood-urns","9":"product_shipping_class-2-4kg","11":"first","12":"instock","13":"taxable","14":"shipping-taxable","15":"purchasable","16":"product-type-variable"},"yoast_head":"<!-- This site is optimized with the Yoast SEO plugin v27.5 - https:\/\/yoast.com\/product\/yoast-seo-wordpress\/ -->\n<title>Holzurne f\u00fcr Rechtsanw\u00e4lte, Richter oder M\u00e4zene - Remember Forever<\/title>\n<meta name=\"description\" content=\"Gedenken Sie mit dieser einzigartigen Holzurne an einen geliebten Menschen, der sein Leben der Gerechtigkeit und dem Recht gewidmet hat. Ideal f\u00fcr Anw\u00e4lte, Richter oder M\u00e4zene.\" \/>\n<meta name=\"robots\" content=\"index, follow, max-snippet:-1, max-image-preview:large, max-video-preview:-1\" \/>\n<link rel=\"canonical\" href=\"https:\/\/www.rememberme-forever.com\/de\/produkt\/holzurne-fuer-rechtsanwaelte-richter-oder-maezene\/\" \/>\n<meta property=\"og:locale\" content=\"de_DE\" \/>\n<meta property=\"og:type\" content=\"article\" \/>\n<meta property=\"og:title\" content=\"Holzurne f\u00fcr Rechtsanw\u00e4lte, Richter oder M\u00e4zene - Remember Forever\" \/>\n<meta property=\"og:description\" content=\"Gedenken Sie mit dieser einzigartigen Holzurne an einen geliebten Menschen, der sein Leben der Gerechtigkeit und dem Recht gewidmet hat. Ideal f\u00fcr Anw\u00e4lte, Richter oder M\u00e4zene.\" \/>\n<meta property=\"og:url\" content=\"https:\/\/www.rememberme-forever.com\/de\/produkt\/holzurne-fuer-rechtsanwaelte-richter-oder-maezene\/\" \/>\n<meta property=\"og:site_name\" content=\"Remember Forever\" \/>\n<meta property=\"article:modified_time\" content=\"2025-10-15T11:33:36+00:00\" \/>\n<meta property=\"og:image\" content=\"http:\/\/www.rememberme-forever.com\/wp-content\/uploads\/2024\/10\/DN21_lawyer_1.jpg\" \/>\n\t<meta property=\"og:image:width\" content=\"1007\" \/>\n\t<meta property=\"og:image:height\" content=\"1024\" \/>\n\t<meta property=\"og:image:type\" content=\"image\/jpeg\" \/>\n<meta name=\"twitter:card\" content=\"summary_large_image\" \/>\n<meta name=\"twitter:label1\" content=\"Gesch\u00e4tzte Lesezeit\" \/>\n\t<meta name=\"twitter:data1\" content=\"2\u00a0Minute\" \/>\n<script type=\"application\/ld+json\" class=\"yoast-schema-graph\">{\"@context\":\"https:\\\/\\\/schema.org\",\"@graph\":[{\"@type\":\"WebPage\",\"@id\":\"https:\\\/\\\/www.rememberme-forever.com\\\/de\\\/produkt\\\/holzurne-fuer-rechtsanwaelte-richter-oder-maezene\\\/\",\"url\":\"https:\\\/\\\/www.rememberme-forever.com\\\/de\\\/produkt\\\/holzurne-fuer-rechtsanwaelte-richter-oder-maezene\\\/\",\"name\":\"Holzurne f\u00fcr Rechtsanw\u00e4lte, Richter oder M\u00e4zene - Remember Forever\",\"isPartOf\":{\"@id\":\"https:\\\/\\\/www.rememberme-forever.com\\\/de\\\/#website\"},\"primaryImageOfPage\":{\"@id\":\"https:\\\/\\\/www.rememberme-forever.com\\\/de\\\/produkt\\\/holzurne-fuer-rechtsanwaelte-richter-oder-maezene\\\/#primaryimage\"},\"image\":{\"@id\":\"https:\\\/\\\/www.rememberme-forever.com\\\/de\\\/produkt\\\/holzurne-fuer-rechtsanwaelte-richter-oder-maezene\\\/#primaryimage\"},\"thumbnailUrl\":\"https:\\\/\\\/www.rememberme-forever.com\\\/wp-content\\\/uploads\\\/2024\\\/10\\\/DN21_lawyer_1.jpg\",\"datePublished\":\"2024-10-29T10:20:36+00:00\",\"dateModified\":\"2025-10-15T11:33:36+00:00\",\"description\":\"Gedenken Sie mit dieser einzigartigen Holzurne an einen geliebten Menschen, der sein Leben der Gerechtigkeit und dem Recht gewidmet hat. Ideal f\u00fcr Anw\u00e4lte, Richter oder M\u00e4zene.\",\"breadcrumb\":{\"@id\":\"https:\\\/\\\/www.rememberme-forever.com\\\/de\\\/produkt\\\/holzurne-fuer-rechtsanwaelte-richter-oder-maezene\\\/#breadcrumb\"},\"inLanguage\":\"de\",\"potentialAction\":[{\"@type\":\"ReadAction\",\"target\":[\"https:\\\/\\\/www.rememberme-forever.com\\\/de\\\/produkt\\\/holzurne-fuer-rechtsanwaelte-richter-oder-maezene\\\/\"]}]},{\"@type\":\"ImageObject\",\"inLanguage\":\"de\",\"@id\":\"https:\\\/\\\/www.rememberme-forever.com\\\/de\\\/produkt\\\/holzurne-fuer-rechtsanwaelte-richter-oder-maezene\\\/#primaryimage\",\"url\":\"https:\\\/\\\/www.rememberme-forever.com\\\/wp-content\\\/uploads\\\/2024\\\/10\\\/DN21_lawyer_1.jpg\",\"contentUrl\":\"https:\\\/\\\/www.rememberme-forever.com\\\/wp-content\\\/uploads\\\/2024\\\/10\\\/DN21_lawyer_1.jpg\",\"width\":1007,\"height\":1024,\"caption\":\"Lawyer's urn\"},{\"@type\":\"BreadcrumbList\",\"@id\":\"https:\\\/\\\/www.rememberme-forever.com\\\/de\\\/produkt\\\/holzurne-fuer-rechtsanwaelte-richter-oder-maezene\\\/#breadcrumb\",\"itemListElement\":[{\"@type\":\"ListItem\",\"position\":1,\"name\":\"Home\",\"item\":\"https:\\\/\\\/www.rememberme-forever.com\\\/de\\\/startseite\\\/\"},{\"@type\":\"ListItem\",\"position\":2,\"name\":\"Shop\",\"item\":\"https:\\\/\\\/www.rememberme-forever.com\\\/de\\\/shop\\\/\"},{\"@type\":\"ListItem\",\"position\":3,\"name\":\"Holzurne f\u00fcr Rechtsanw\u00e4lte, Richter oder M\u00e4zene\"}]},{\"@type\":\"WebSite\",\"@id\":\"https:\\\/\\\/www.rememberme-forever.com\\\/de\\\/#website\",\"url\":\"https:\\\/\\\/www.rememberme-forever.com\\\/de\\\/\",\"name\":\"Remember Forever\",\"description\":\"Cremation urns, funeral urns, urns for ashes\",\"publisher\":{\"@id\":\"https:\\\/\\\/www.rememberme-forever.com\\\/de\\\/#organization\"},\"potentialAction\":[{\"@type\":\"SearchAction\",\"target\":{\"@type\":\"EntryPoint\",\"urlTemplate\":\"https:\\\/\\\/www.rememberme-forever.com\\\/de\\\/?s={search_term_string}\"},\"query-input\":{\"@type\":\"PropertyValueSpecification\",\"valueRequired\":true,\"valueName\":\"search_term_string\"}}],\"inLanguage\":\"de\"},{\"@type\":\"Organization\",\"@id\":\"https:\\\/\\\/www.rememberme-forever.com\\\/de\\\/#organization\",\"name\":\"Remember Forever\",\"url\":\"https:\\\/\\\/www.rememberme-forever.com\\\/de\\\/\",\"logo\":{\"@type\":\"ImageObject\",\"inLanguage\":\"de\",\"@id\":\"https:\\\/\\\/www.rememberme-forever.com\\\/de\\\/#\\\/schema\\\/logo\\\/image\\\/\",\"url\":\"https:\\\/\\\/www.rememberme-forever.com\\\/wp-content\\\/uploads\\\/2023\\\/02\\\/logo.png\",\"contentUrl\":\"https:\\\/\\\/www.rememberme-forever.com\\\/wp-content\\\/uploads\\\/2023\\\/02\\\/logo.png\",\"width\":300,\"height\":56,\"caption\":\"Remember Forever\"},\"image\":{\"@id\":\"https:\\\/\\\/www.rememberme-forever.com\\\/de\\\/#\\\/schema\\\/logo\\\/image\\\/\"}}]}<\/script>\n<!-- \/ Yoast SEO plugin. -->","yoast_head_json":{"title":"Holzurne f\u00fcr Rechtsanw\u00e4lte, Richter oder M\u00e4zene - Remember Forever","description":"Gedenken Sie mit dieser einzigartigen Holzurne an einen geliebten Menschen, der sein Leben der Gerechtigkeit und dem Recht gewidmet hat. Ideal f\u00fcr Anw\u00e4lte, Richter oder M\u00e4zene.","robots":{"index":"index","follow":"follow","max-snippet":"max-snippet:-1","max-image-preview":"max-image-preview:large","max-video-preview":"max-video-preview:-1"},"canonical":"https:\/\/www.rememberme-forever.com\/de\/produkt\/holzurne-fuer-rechtsanwaelte-richter-oder-maezene\/","og_locale":"de_DE","og_type":"article","og_title":"Holzurne f\u00fcr Rechtsanw\u00e4lte, Richter oder M\u00e4zene - Remember Forever","og_description":"Gedenken Sie mit dieser einzigartigen Holzurne an einen geliebten Menschen, der sein Leben der Gerechtigkeit und dem Recht gewidmet hat. Ideal f\u00fcr Anw\u00e4lte, Richter oder M\u00e4zene.","og_url":"https:\/\/www.rememberme-forever.com\/de\/produkt\/holzurne-fuer-rechtsanwaelte-richter-oder-maezene\/","og_site_name":"Remember Forever","article_modified_time":"2025-10-15T11:33:36+00:00","og_image":[{"width":1007,"height":1024,"url":"http:\/\/www.rememberme-forever.com\/wp-content\/uploads\/2024\/10\/DN21_lawyer_1.jpg","type":"image\/jpeg"}],"twitter_card":"summary_large_image","twitter_misc":{"Gesch\u00e4tzte Lesezeit":"2\u00a0Minute"},"schema":{"@context":"https:\/\/schema.org","@graph":[{"@type":"WebPage","@id":"https:\/\/www.rememberme-forever.com\/de\/produkt\/holzurne-fuer-rechtsanwaelte-richter-oder-maezene\/","url":"https:\/\/www.rememberme-forever.com\/de\/produkt\/holzurne-fuer-rechtsanwaelte-richter-oder-maezene\/","name":"Holzurne f\u00fcr Rechtsanw\u00e4lte, Richter oder M\u00e4zene - Remember Forever","isPartOf":{"@id":"https:\/\/www.rememberme-forever.com\/de\/#website"},"primaryImageOfPage":{"@id":"https:\/\/www.rememberme-forever.com\/de\/produkt\/holzurne-fuer-rechtsanwaelte-richter-oder-maezene\/#primaryimage"},"image":{"@id":"https:\/\/www.rememberme-forever.com\/de\/produkt\/holzurne-fuer-rechtsanwaelte-richter-oder-maezene\/#primaryimage"},"thumbnailUrl":"https:\/\/www.rememberme-forever.com\/wp-content\/uploads\/2024\/10\/DN21_lawyer_1.jpg","datePublished":"2024-10-29T10:20:36+00:00","dateModified":"2025-10-15T11:33:36+00:00","description":"Gedenken Sie mit dieser einzigartigen Holzurne an einen geliebten Menschen, der sein Leben der Gerechtigkeit und dem Recht gewidmet hat. Ideal f\u00fcr Anw\u00e4lte, Richter oder M\u00e4zene.","breadcrumb":{"@id":"https:\/\/www.rememberme-forever.com\/de\/produkt\/holzurne-fuer-rechtsanwaelte-richter-oder-maezene\/#breadcrumb"},"inLanguage":"de","potentialAction":[{"@type":"ReadAction","target":["https:\/\/www.rememberme-forever.com\/de\/produkt\/holzurne-fuer-rechtsanwaelte-richter-oder-maezene\/"]}]},{"@type":"ImageObject","inLanguage":"de","@id":"https:\/\/www.rememberme-forever.com\/de\/produkt\/holzurne-fuer-rechtsanwaelte-richter-oder-maezene\/#primaryimage","url":"https:\/\/www.rememberme-forever.com\/wp-content\/uploads\/2024\/10\/DN21_lawyer_1.jpg","contentUrl":"https:\/\/www.rememberme-forever.com\/wp-content\/uploads\/2024\/10\/DN21_lawyer_1.jpg","width":1007,"height":1024,"caption":"Lawyer's urn"},{"@type":"BreadcrumbList","@id":"https:\/\/www.rememberme-forever.com\/de\/produkt\/holzurne-fuer-rechtsanwaelte-richter-oder-maezene\/#breadcrumb","itemListElement":[{"@type":"ListItem","position":1,"name":"Home","item":"https:\/\/www.rememberme-forever.com\/de\/startseite\/"},{"@type":"ListItem","position":2,"name":"Shop","item":"https:\/\/www.rememberme-forever.com\/de\/shop\/"},{"@type":"ListItem","position":3,"name":"Holzurne f\u00fcr Rechtsanw\u00e4lte, Richter oder M\u00e4zene"}]},{"@type":"WebSite","@id":"https:\/\/www.rememberme-forever.com\/de\/#website","url":"https:\/\/www.rememberme-forever.com\/de\/","name":"Remember Forever","description":"Cremation urns, funeral urns, urns for ashes","publisher":{"@id":"https:\/\/www.rememberme-forever.com\/de\/#organization"},"potentialAction":[{"@type":"SearchAction","target":{"@type":"EntryPoint","urlTemplate":"https:\/\/www.rememberme-forever.com\/de\/?s={search_term_string}"},"query-input":{"@type":"PropertyValueSpecification","valueRequired":true,"valueName":"search_term_string"}}],"inLanguage":"de"},{"@type":"Organization","@id":"https:\/\/www.rememberme-forever.com\/de\/#organization","name":"Remember Forever","url":"https:\/\/www.rememberme-forever.com\/de\/","logo":{"@type":"ImageObject","inLanguage":"de","@id":"https:\/\/www.rememberme-forever.com\/de\/#\/schema\/logo\/image\/","url":"https:\/\/www.rememberme-forever.com\/wp-content\/uploads\/2023\/02\/logo.png","contentUrl":"https:\/\/www.rememberme-forever.com\/wp-content\/uploads\/2023\/02\/logo.png","width":300,"height":56,"caption":"Remember Forever"},"image":{"@id":"https:\/\/www.rememberme-forever.com\/de\/#\/schema\/logo\/image\/"}}]}},"acf":[],"_links":{"self":[{"href":"https:\/\/www.rememberme-forever.com\/de\/wp-json\/wp\/v2\/product\/20425","targetHints":{"allow":["GET"]}}],"collection":[{"href":"https:\/\/www.rememberme-forever.com\/de\/wp-json\/wp\/v2\/product"}],"about":[{"href":"https:\/\/www.rememberme-forever.com\/de\/wp-json\/wp\/v2\/types\/product"}],"replies":[{"embeddable":true,"href":"https:\/\/www.rememberme-forever.com\/de\/wp-json\/wp\/v2\/comments?post=20425"}],"wp:featuredmedia":[{"embeddable":true,"href":"https:\/\/www.rememberme-forever.com\/de\/wp-json\/wp\/v2\/media\/20426"}],"wp:attachment":[{"href":"https:\/\/www.rememberme-forever.com\/de\/wp-json\/wp\/v2\/media?parent=20425"}],"wp:term":[{"taxonomy":"product_brand","embeddable":true,"href":"https:\/\/www.rememberme-forever.com\/de\/wp-json\/wp\/v2\/product_brand?post=20425"},{"taxonomy":"product_cat","embeddable":true,"href":"https:\/\/www.rememberme-forever.com\/de\/wp-json\/wp\/v2\/product_cat?post=20425"},{"taxonomy":"product_tag","embeddable":true,"href":"https:\/\/www.rememberme-forever.com\/de\/wp-json\/wp\/v2\/product_tag?post=20425"}],"curies":[{"name":"wp","href":"https:\/\/api.w.org\/{rel}","templated":true}]}}