{"id":20442,"date":"2024-07-31T11:44:40","date_gmt":"2024-07-31T09:44:40","guid":{"rendered":"https:\/\/www.rememberme-forever.com\/product\/urne-mit-pferden\/"},"modified":"2025-10-15T13:55:06","modified_gmt":"2025-10-15T11:55:06","slug":"urne-mit-pferden","status":"publish","type":"product","link":"https:\/\/www.rememberme-forever.com\/de\/produkt\/urne-mit-pferden\/","title":{"rendered":"Urne mit Pferden"},"content":{"rendered":"<p style=\"text-align: center;\">Mit unserer Urne mit Pferden wird das Andenken an einen geliebten Menschen, der eine Leidenschaft f\u00fcr Pferde hatte, zu etwas ganz Besonderem. Diese einzigartige Urne ist eine sch\u00f6ne und bedeutungsvolle Erinnerung.<\/p>\n<p>&nbsp;<\/p>\n<div style=\"width: 100%; margin-bottom: 30px; height: max-content; padding-bottom: 60%; position: relative;\"><iframe style=\"position: absolute; top: 0; left: 0; width: 100%; height: 100%;\" src=\"https:\/\/rememberme-urns.com\/urn-with-horses\/\" frameborder=\"0\"><\/iframe><\/div>\n<div style=\"color: red; text-align: center; margin-bottom: 25px;\">\n<p>&gt;&gt; Rotierendes Foto &#8211; Tippen\/Zoomen &lt;&lt;<\/p>\n<\/div>\n<h3 style=\"text-align: center;\">Elegantes Design und individuelle Gestaltung<\/h3>\n<p style=\"text-align: center;\">Die Urne besticht durch ihr atemberaubendes Mahagoni-Finish und ist aus hochwertigem Holz gefertigt. Die Vorderseite zeigt ein kunstvoll graviertes Pferdebild, das die Kraft und Anmut dieser pr\u00e4chtigen Tiere einf\u00e4ngt. Eine Gedenktafel erm\u00f6glicht zudem die Angabe von Namen, Daten oder einer herzlichen Botschaft und macht diese Urne zu einer einzigartigen und pers\u00f6nlichen Erinnerung.<\/p>\n<h3 style=\"text-align: center;\">Hochwertige Handwerkskunst<\/h3>\n<p style=\"text-align: center;\">Die Urne mit Pferden ist aus robustem Holz gefertigt und garantiert Langlebigkeit und Sch\u00f6nheit. Die glatten, leicht abgerundeten Kanten verleihen ihr einen modernen und zugleich zeitlosen Charme. Die detailreiche Gravur und die satten, dunklen T\u00f6ne des Mahagonis unterstreichen die \u00c4sthetik und verleihen ihr ein w\u00fcrdevolles und elegantes Aussehen.<\/p>\n<h3 style=\"text-align: center;\">Symbolik und emotionale Bedeutung<\/h3>\n<p style=\"text-align: center;\">Die gravierten Pferde symbolisieren Freiheit, St\u00e4rke und die tiefe Verbundenheit zwischen dem geliebten Menschen und seiner Leidenschaft f\u00fcr Pferde. Dieses Designelement erinnert Sie an die Freude und die Erinnerungen, die Ihr geliebter Mensch in Ihr Leben gebracht hat. Die Urne verwandelt sich von einem einfachen Gef\u00e4\u00df in ein wertvolles Kunstwerk, das ihr Verm\u00e4chtnis w\u00fcrdigt.<\/p>\n<h3 style=\"text-align: center;\">Eine liebevolle Erinnerung<\/h3>\n<p style=\"text-align: center;\">Die Wahl der richtigen Urne ist ein wichtiger Teil des Trauerprozesses. Unsere Urne mit Pferden vereint Sch\u00f6nheit, Handwerkskunst und emotionale Bedeutung. Ihr einzigartiges Design und die Personalisierungsm\u00f6glichkeiten machen sie zu einer passenden Erinnerung, die die tiefen Emotionen des Verlusts widerspiegelt und gleichzeitig ein bleibendes und bedeutungsvolles Denkmal darstellt.<\/p>\n<h3 style=\"text-align: center;\"><strong>PERSONALISIERUNG<\/strong><\/h3>\n<p style=\"text-align: center;\">Wenn Sie sich f\u00fcr eine personalisierte Plakette entscheiden, geben Sie bitte den Text im Rahmen der Produktpersonalisierung ein.<\/p>\n<p style=\"text-align: center;\">Die personalisierte Gedenktafel muss bei der Bestellung individuell gestaltet werden. (Bitte keine Panik, wenn Sie das vergessen haben, denn Sie k\u00f6nnen uns auch noch nachtr\u00e4glich eine Nachricht schicken).<\/p>\n<p style=\"text-align: center;\">Bitte \u00fcberpr\u00fcfen Sie den zu gravierenden Text sorgf\u00e4ltig, bevor Sie den Artikel in den Warenkorb legen. Wir kopieren und gravieren genau die Informationen, die wir mit der Bestellung erhalten und nehmen bei uns keine \u00c4nderungen vor.<\/p>\n<p style=\"text-align: center;\"><strong>Bitte \u00fcberpr\u00fcfen Sie den Text, um sicherzustellen, dass alle Schreibweisen korrekt sind.<\/strong><\/p>\n<p>&nbsp;<\/p>\n","protected":false},"excerpt":{"rendered":"<p><strong>Geeignet f\u00fcr die Asche einer Person mit einem K\u00f6rpergewicht von bis zu ca. 138 kg <\/strong><\/p>\n","protected":false},"featured_media":20443,"comment_status":"closed","ping_status":"closed","template":"","meta":{"_acf_changed":false},"product_brand":[],"product_cat":[2354,2344],"product_tag":[3305],"class_list":{"0":"post-20442","1":"product","2":"type-product","3":"status-publish","4":"has-post-thumbnail","6":"product_cat-mit-tieren","7":"product_cat-motivurnen","8":"product_tag-gpsr-all-wood-urns","9":"product_shipping_class-2-4kg","11":"first","12":"instock","13":"taxable","14":"shipping-taxable","15":"purchasable","16":"product-type-variable"},"yoast_head":"<!-- This site is optimized with the Yoast SEO plugin v27.5 - https:\/\/yoast.com\/product\/yoast-seo-wordpress\/ -->\n<title>Remember Forever<\/title>\n<meta name=\"description\" content=\"Mit unserer Urne mit Pferden wird das Gedenken an einen geliebten Menschen, der eine Leidenschaft f\u00fcr Pferde hatte, zu etwas ganz Besonderem. Diese einzigartige Urne ist...\" \/>\n<meta name=\"robots\" content=\"index, follow, max-snippet:-1, max-image-preview:large, max-video-preview:-1\" \/>\n<link rel=\"canonical\" href=\"https:\/\/www.rememberme-forever.com\/de\/produkt\/urne-mit-pferden\/\" \/>\n<meta property=\"og:locale\" content=\"de_DE\" \/>\n<meta property=\"og:type\" content=\"article\" \/>\n<meta property=\"og:description\" content=\"Mit unserer Urne mit Pferden wird das Gedenken an einen geliebten Menschen, der eine Leidenschaft f\u00fcr Pferde hatte, zu etwas ganz Besonderem. Diese einzigartige Urne ist...\" \/>\n<meta property=\"og:url\" content=\"https:\/\/www.rememberme-forever.com\/de\/produkt\/urne-mit-pferden\/\" \/>\n<meta property=\"og:site_name\" content=\"Remember Forever\" \/>\n<meta property=\"article:modified_time\" content=\"2025-10-15T11:55:06+00:00\" \/>\n<meta property=\"og:image\" content=\"http:\/\/www.rememberme-forever.com\/wp-content\/uploads\/2024\/07\/urn_with_horse_0001.jpg\" \/>\n\t<meta property=\"og:image:width\" content=\"1007\" \/>\n\t<meta property=\"og:image:height\" content=\"1024\" \/>\n\t<meta property=\"og:image:type\" content=\"image\/jpeg\" \/>\n<meta name=\"twitter:card\" content=\"summary_large_image\" \/>\n<meta name=\"twitter:label1\" content=\"Gesch\u00e4tzte Lesezeit\" \/>\n\t<meta name=\"twitter:data1\" content=\"2\u00a0Minute\" \/>\n<script type=\"application\/ld+json\" class=\"yoast-schema-graph\">{\"@context\":\"https:\\\/\\\/schema.org\",\"@graph\":[{\"@type\":\"WebPage\",\"@id\":\"https:\\\/\\\/www.rememberme-forever.com\\\/de\\\/produkt\\\/urne-mit-pferden\\\/\",\"url\":\"https:\\\/\\\/www.rememberme-forever.com\\\/de\\\/produkt\\\/urne-mit-pferden\\\/\",\"name\":\"\",\"isPartOf\":{\"@id\":\"https:\\\/\\\/www.rememberme-forever.com\\\/de\\\/#website\"},\"primaryImageOfPage\":{\"@id\":\"https:\\\/\\\/www.rememberme-forever.com\\\/de\\\/produkt\\\/urne-mit-pferden\\\/#primaryimage\"},\"image\":{\"@id\":\"https:\\\/\\\/www.rememberme-forever.com\\\/de\\\/produkt\\\/urne-mit-pferden\\\/#primaryimage\"},\"thumbnailUrl\":\"https:\\\/\\\/www.rememberme-forever.com\\\/wp-content\\\/uploads\\\/2024\\\/07\\\/urn_with_horse_0001.jpg\",\"datePublished\":\"2024-07-31T09:44:40+00:00\",\"dateModified\":\"2025-10-15T11:55:06+00:00\",\"description\":\"Mit unserer Urne mit Pferden wird das Gedenken an einen geliebten Menschen, der eine Leidenschaft f\u00fcr Pferde hatte, zu etwas ganz Besonderem. Diese einzigartige Urne ist...\",\"breadcrumb\":{\"@id\":\"https:\\\/\\\/www.rememberme-forever.com\\\/de\\\/produkt\\\/urne-mit-pferden\\\/#breadcrumb\"},\"inLanguage\":\"de\",\"potentialAction\":[{\"@type\":\"ReadAction\",\"target\":[\"https:\\\/\\\/www.rememberme-forever.com\\\/de\\\/produkt\\\/urne-mit-pferden\\\/\"]}]},{\"@type\":\"ImageObject\",\"inLanguage\":\"de\",\"@id\":\"https:\\\/\\\/www.rememberme-forever.com\\\/de\\\/produkt\\\/urne-mit-pferden\\\/#primaryimage\",\"url\":\"https:\\\/\\\/www.rememberme-forever.com\\\/wp-content\\\/uploads\\\/2024\\\/07\\\/urn_with_horse_0001.jpg\",\"contentUrl\":\"https:\\\/\\\/www.rememberme-forever.com\\\/wp-content\\\/uploads\\\/2024\\\/07\\\/urn_with_horse_0001.jpg\",\"width\":1007,\"height\":1024,\"caption\":\"urn with horses\"},{\"@type\":\"BreadcrumbList\",\"@id\":\"https:\\\/\\\/www.rememberme-forever.com\\\/de\\\/produkt\\\/urne-mit-pferden\\\/#breadcrumb\",\"itemListElement\":[{\"@type\":\"ListItem\",\"position\":1,\"name\":\"Home\",\"item\":\"https:\\\/\\\/www.rememberme-forever.com\\\/de\\\/startseite\\\/\"},{\"@type\":\"ListItem\",\"position\":2,\"name\":\"Shop\",\"item\":\"https:\\\/\\\/www.rememberme-forever.com\\\/de\\\/shop\\\/\"},{\"@type\":\"ListItem\",\"position\":3,\"name\":\"Urne mit Pferden\"}]},{\"@type\":\"WebSite\",\"@id\":\"https:\\\/\\\/www.rememberme-forever.com\\\/de\\\/#website\",\"url\":\"https:\\\/\\\/www.rememberme-forever.com\\\/de\\\/\",\"name\":\"Remember Forever\",\"description\":\"Cremation urns, funeral urns, urns for ashes\",\"publisher\":{\"@id\":\"https:\\\/\\\/www.rememberme-forever.com\\\/de\\\/#organization\"},\"potentialAction\":[{\"@type\":\"SearchAction\",\"target\":{\"@type\":\"EntryPoint\",\"urlTemplate\":\"https:\\\/\\\/www.rememberme-forever.com\\\/de\\\/?s={search_term_string}\"},\"query-input\":{\"@type\":\"PropertyValueSpecification\",\"valueRequired\":true,\"valueName\":\"search_term_string\"}}],\"inLanguage\":\"de\"},{\"@type\":\"Organization\",\"@id\":\"https:\\\/\\\/www.rememberme-forever.com\\\/de\\\/#organization\",\"name\":\"Remember Forever\",\"url\":\"https:\\\/\\\/www.rememberme-forever.com\\\/de\\\/\",\"logo\":{\"@type\":\"ImageObject\",\"inLanguage\":\"de\",\"@id\":\"https:\\\/\\\/www.rememberme-forever.com\\\/de\\\/#\\\/schema\\\/logo\\\/image\\\/\",\"url\":\"https:\\\/\\\/www.rememberme-forever.com\\\/wp-content\\\/uploads\\\/2023\\\/02\\\/logo.png\",\"contentUrl\":\"https:\\\/\\\/www.rememberme-forever.com\\\/wp-content\\\/uploads\\\/2023\\\/02\\\/logo.png\",\"width\":300,\"height\":56,\"caption\":\"Remember Forever\"},\"image\":{\"@id\":\"https:\\\/\\\/www.rememberme-forever.com\\\/de\\\/#\\\/schema\\\/logo\\\/image\\\/\"}}]}<\/script>\n<!-- \/ Yoast SEO plugin. -->","yoast_head_json":{"title":"Remember Forever","description":"Mit unserer Urne mit Pferden wird das Gedenken an einen geliebten Menschen, der eine Leidenschaft f\u00fcr Pferde hatte, zu etwas ganz Besonderem. Diese einzigartige Urne ist...","robots":{"index":"index","follow":"follow","max-snippet":"max-snippet:-1","max-image-preview":"max-image-preview:large","max-video-preview":"max-video-preview:-1"},"canonical":"https:\/\/www.rememberme-forever.com\/de\/produkt\/urne-mit-pferden\/","og_locale":"de_DE","og_type":"article","og_description":"Mit unserer Urne mit Pferden wird das Gedenken an einen geliebten Menschen, der eine Leidenschaft f\u00fcr Pferde hatte, zu etwas ganz Besonderem. Diese einzigartige Urne ist...","og_url":"https:\/\/www.rememberme-forever.com\/de\/produkt\/urne-mit-pferden\/","og_site_name":"Remember Forever","article_modified_time":"2025-10-15T11:55:06+00:00","og_image":[{"width":1007,"height":1024,"url":"http:\/\/www.rememberme-forever.com\/wp-content\/uploads\/2024\/07\/urn_with_horse_0001.jpg","type":"image\/jpeg"}],"twitter_card":"summary_large_image","twitter_misc":{"Gesch\u00e4tzte Lesezeit":"2\u00a0Minute"},"schema":{"@context":"https:\/\/schema.org","@graph":[{"@type":"WebPage","@id":"https:\/\/www.rememberme-forever.com\/de\/produkt\/urne-mit-pferden\/","url":"https:\/\/www.rememberme-forever.com\/de\/produkt\/urne-mit-pferden\/","name":"","isPartOf":{"@id":"https:\/\/www.rememberme-forever.com\/de\/#website"},"primaryImageOfPage":{"@id":"https:\/\/www.rememberme-forever.com\/de\/produkt\/urne-mit-pferden\/#primaryimage"},"image":{"@id":"https:\/\/www.rememberme-forever.com\/de\/produkt\/urne-mit-pferden\/#primaryimage"},"thumbnailUrl":"https:\/\/www.rememberme-forever.com\/wp-content\/uploads\/2024\/07\/urn_with_horse_0001.jpg","datePublished":"2024-07-31T09:44:40+00:00","dateModified":"2025-10-15T11:55:06+00:00","description":"Mit unserer Urne mit Pferden wird das Gedenken an einen geliebten Menschen, der eine Leidenschaft f\u00fcr Pferde hatte, zu etwas ganz Besonderem. Diese einzigartige Urne ist...","breadcrumb":{"@id":"https:\/\/www.rememberme-forever.com\/de\/produkt\/urne-mit-pferden\/#breadcrumb"},"inLanguage":"de","potentialAction":[{"@type":"ReadAction","target":["https:\/\/www.rememberme-forever.com\/de\/produkt\/urne-mit-pferden\/"]}]},{"@type":"ImageObject","inLanguage":"de","@id":"https:\/\/www.rememberme-forever.com\/de\/produkt\/urne-mit-pferden\/#primaryimage","url":"https:\/\/www.rememberme-forever.com\/wp-content\/uploads\/2024\/07\/urn_with_horse_0001.jpg","contentUrl":"https:\/\/www.rememberme-forever.com\/wp-content\/uploads\/2024\/07\/urn_with_horse_0001.jpg","width":1007,"height":1024,"caption":"urn with horses"},{"@type":"BreadcrumbList","@id":"https:\/\/www.rememberme-forever.com\/de\/produkt\/urne-mit-pferden\/#breadcrumb","itemListElement":[{"@type":"ListItem","position":1,"name":"Home","item":"https:\/\/www.rememberme-forever.com\/de\/startseite\/"},{"@type":"ListItem","position":2,"name":"Shop","item":"https:\/\/www.rememberme-forever.com\/de\/shop\/"},{"@type":"ListItem","position":3,"name":"Urne mit Pferden"}]},{"@type":"WebSite","@id":"https:\/\/www.rememberme-forever.com\/de\/#website","url":"https:\/\/www.rememberme-forever.com\/de\/","name":"Remember Forever","description":"Cremation urns, funeral urns, urns for ashes","publisher":{"@id":"https:\/\/www.rememberme-forever.com\/de\/#organization"},"potentialAction":[{"@type":"SearchAction","target":{"@type":"EntryPoint","urlTemplate":"https:\/\/www.rememberme-forever.com\/de\/?s={search_term_string}"},"query-input":{"@type":"PropertyValueSpecification","valueRequired":true,"valueName":"search_term_string"}}],"inLanguage":"de"},{"@type":"Organization","@id":"https:\/\/www.rememberme-forever.com\/de\/#organization","name":"Remember Forever","url":"https:\/\/www.rememberme-forever.com\/de\/","logo":{"@type":"ImageObject","inLanguage":"de","@id":"https:\/\/www.rememberme-forever.com\/de\/#\/schema\/logo\/image\/","url":"https:\/\/www.rememberme-forever.com\/wp-content\/uploads\/2023\/02\/logo.png","contentUrl":"https:\/\/www.rememberme-forever.com\/wp-content\/uploads\/2023\/02\/logo.png","width":300,"height":56,"caption":"Remember Forever"},"image":{"@id":"https:\/\/www.rememberme-forever.com\/de\/#\/schema\/logo\/image\/"}}]}},"acf":[],"_links":{"self":[{"href":"https:\/\/www.rememberme-forever.com\/de\/wp-json\/wp\/v2\/product\/20442","targetHints":{"allow":["GET"]}}],"collection":[{"href":"https:\/\/www.rememberme-forever.com\/de\/wp-json\/wp\/v2\/product"}],"about":[{"href":"https:\/\/www.rememberme-forever.com\/de\/wp-json\/wp\/v2\/types\/product"}],"replies":[{"embeddable":true,"href":"https:\/\/www.rememberme-forever.com\/de\/wp-json\/wp\/v2\/comments?post=20442"}],"wp:featuredmedia":[{"embeddable":true,"href":"https:\/\/www.rememberme-forever.com\/de\/wp-json\/wp\/v2\/media\/20443"}],"wp:attachment":[{"href":"https:\/\/www.rememberme-forever.com\/de\/wp-json\/wp\/v2\/media?parent=20442"}],"wp:term":[{"taxonomy":"product_brand","embeddable":true,"href":"https:\/\/www.rememberme-forever.com\/de\/wp-json\/wp\/v2\/product_brand?post=20442"},{"taxonomy":"product_cat","embeddable":true,"href":"https:\/\/www.rememberme-forever.com\/de\/wp-json\/wp\/v2\/product_cat?post=20442"},{"taxonomy":"product_tag","embeddable":true,"href":"https:\/\/www.rememberme-forever.com\/de\/wp-json\/wp\/v2\/product_tag?post=20442"}],"curies":[{"name":"wp","href":"https:\/\/api.w.org\/{rel}","templated":true}]}}