{"id":20521,"date":"2023-04-20T10:55:50","date_gmt":"2023-04-20T08:55:50","guid":{"rendered":"https:\/\/www.rememberme-forever.com\/product\/aussergewoehnliche-urne-fuer-menschliche-asche\/"},"modified":"2025-10-15T15:33:06","modified_gmt":"2025-10-15T13:33:06","slug":"aussergewoehnliche-urne-fuer-menschliche-asche","status":"publish","type":"product","link":"https:\/\/www.rememberme-forever.com\/de\/produkt\/aussergewoehnliche-urne-fuer-menschliche-asche\/","title":{"rendered":"Au\u00dfergew\u00f6hnliche Urne f\u00fcr menschliche Asche"},"content":{"rendered":"<div style=\"width: 100%; margin-bottom: 30px; height: max-content; padding-bottom: 60%; position: relative;\"><iframe style=\"position: absolute; top: 0; left: 0; width: 100%; height: 100%;\" src=\"https:\/\/rememberme-urns.com\/unique-ceramic-urn\/\" frameborder=\"0\"><\/iframe><\/div>\n<div style=\"color: red; text-align: center; margin-bottom: 25px;\">\n<p>&gt;&gt; Rotierendes Foto &#8211; Tippen\/Zoomen &lt;&lt;<\/p>\n<\/div>\n<h2 style=\"text-align: center;\">Ungew\u00f6hnliche Urne f\u00fcr menschliche Asche, Keramikurne<\/h2>\n<p style=\"text-align: center;\">Diese au\u00dfergew\u00f6hnliche Keramikurne f\u00fcr menschliche Asche ist eine wundersch\u00f6ne M\u00f6glichkeit, das Andenken eines geliebten Menschen zu ehren. Sie ist aus hochwertiger Keramik gefertigt und besticht durch ihre glatte und elegante Oberfl\u00e4che. Das Design dieser Urne ist etwas ganz Besonderes \u2013 sie ist mit Herz- oder Kreuz-Emblem erh\u00e4ltlich. Beide Designs sind schlicht und dennoch beeindruckend und bieten eine sch\u00f6ne M\u00f6glichkeit, sich an Ihren geliebten Menschen zu erinnern.<\/p>\n<p style=\"text-align: center;\">Diese Urne verf\u00fcgt \u00fcber eine Boden\u00f6ffnung mit einem Schraubdeckel, der die Asche sicher und gesch\u00fctzt aufbewahrt. Zus\u00e4tzlich kann diese Urne mit einer Gedenktafel mit Ihrem pers\u00f6nlichen Text personalisiert werden \u2013 eine wahrhaft einzigartige und besondere Erinnerung an Ihren geliebten Menschen.<\/p>\n<p style=\"text-align: center;\">Keramikurnen erfreuen sich aufgrund ihrer Langlebigkeit und zeitlosen Sch\u00f6nheit zunehmender Beliebtheit. Diese besondere Urne bildet da keine Ausnahme \u2013 ihr klassisches Design passt zu jeder Einrichtung, und ihre robuste Konstruktion bietet eine bleibende Erinnerung an Ihren geliebten Menschen.<\/p>\n<p style=\"text-align: center;\">Diese einzigartige Keramikurne f\u00fcr menschliche Asche ist eine sch\u00f6ne und bedeutungsvolle M\u00f6glichkeit, das Leben eines geliebten Menschen zu ehren. Sie ist eine ber\u00fchrende Erinnerung an die gemeinsamen Erinnerungen und spendet Trost und Zuspruch in schweren Zeiten.<\/p>\n<p>&nbsp;<\/p>\n<h3 style=\"text-align: center;\"><strong>PERSONALISIERUNG<\/strong><\/h3>\n<p style=\"text-align: center;\">Wenn Sie sich f\u00fcr eine personalisierte Plakette entscheiden, geben Sie bitte den Text im Rahmen der Produktpersonalisierung ein.<\/p>\n<p style=\"text-align: center;\">Die personalisierte Gedenktafel muss bei der Bestellung individuell gestaltet werden. (Bitte keine Panik, wenn Sie das vergessen haben, denn Sie k\u00f6nnen uns auch noch nachtr\u00e4glich eine Nachricht schicken).<\/p>\n<p style=\"text-align: center;\">Bitte \u00fcberpr\u00fcfen Sie den zu gravierenden Text sorgf\u00e4ltig, bevor Sie den Artikel in den Warenkorb legen. Wir kopieren und gravieren genau die Informationen, die wir mit der Bestellung erhalten und nehmen bei uns keine \u00c4nderungen vor.<\/p>\n<p style=\"text-align: center;\"><strong>Bitte \u00fcberpr\u00fcfen Sie den Text, um sicherzustellen, dass alle Schreibweisen korrekt sind.<\/strong><\/p>\n<p><img loading=\"lazy\" decoding=\"async\" class=\" wp-image-1449 aligncenter\" src=\"http:\/\/www.rememberme-forever.com\/wp-content\/uploads\/2023\/04\/memorial-plaque-cremation-urn-silver-300x153.jpg\" alt=\"Silberfarbene Urne mit Gedenktafel\" width=\"251\" height=\"128\" srcset=\"https:\/\/www.rememberme-forever.com\/wp-content\/uploads\/2023\/04\/memorial-plaque-cremation-urn-silver-300x153.jpg 300w, https:\/\/www.rememberme-forever.com\/wp-content\/uploads\/2023\/04\/memorial-plaque-cremation-urn-silver-64x33.jpg 64w, https:\/\/www.rememberme-forever.com\/wp-content\/uploads\/2023\/04\/memorial-plaque-cremation-urn-silver.jpg 448w\" sizes=\"auto, (max-width: 251px) 100vw, 251px\" \/><\/p>\n","protected":false},"excerpt":{"rendered":"<p><em><strong>Geeignet f\u00fcr Asche mit einem K\u00f6rpergewicht von bis zu ca. 137 kg.<\/strong><\/em><\/p>\n","protected":false},"featured_media":20522,"comment_status":"open","ping_status":"closed","template":"","meta":{"_acf_changed":false},"product_brand":[1991],"product_cat":[2333,2331],"product_tag":[3311],"class_list":{"0":"post-20521","1":"product","2":"type-product","3":"status-publish","4":"has-post-thumbnail","6":"product_brand-remember-forever","7":"product_cat-keramikurnen","8":"product_cat-kunstlerische-urnen","9":"product_tag-gpsr-ceramic-urns","10":"product_shipping_class-2-4kg","12":"first","13":"instock","14":"taxable","15":"shipping-taxable","16":"purchasable","17":"product-type-variable"},"yoast_head":"<!-- This site is optimized with the Yoast SEO plugin v27.5 - https:\/\/yoast.com\/product\/yoast-seo-wordpress\/ -->\n<title>Remember Forever<\/title>\n<meta name=\"description\" content=\"Diese ungew\u00f6hnliche Keramikurne f\u00fcr menschliche Asche ist eine sch\u00f6ne M\u00f6glichkeit, das Andenken eines geliebten Menschen zu ehren. Hergestellt aus hochwertiger Keramik.\" \/>\n<meta name=\"robots\" content=\"index, follow, max-snippet:-1, max-image-preview:large, max-video-preview:-1\" \/>\n<link rel=\"canonical\" href=\"https:\/\/www.rememberme-forever.com\/de\/produkt\/aussergewoehnliche-urne-fuer-menschliche-asche\/\" \/>\n<meta property=\"og:locale\" content=\"de_DE\" \/>\n<meta property=\"og:type\" content=\"article\" \/>\n<meta property=\"og:description\" content=\"Diese ungew\u00f6hnliche Keramikurne f\u00fcr menschliche Asche ist eine sch\u00f6ne M\u00f6glichkeit, das Andenken eines geliebten Menschen zu ehren. Hergestellt aus hochwertiger Keramik.\" \/>\n<meta property=\"og:url\" content=\"https:\/\/www.rememberme-forever.com\/de\/produkt\/aussergewoehnliche-urne-fuer-menschliche-asche\/\" \/>\n<meta property=\"og:site_name\" content=\"Remember Forever\" \/>\n<meta property=\"article:modified_time\" content=\"2025-10-15T13:33:06+00:00\" \/>\n<meta property=\"og:image\" content=\"http:\/\/www.rememberme-forever.com\/wp-content\/uploads\/2023\/04\/unusual-urn-for-human-ashes.jpg\" \/>\n\t<meta property=\"og:image:width\" content=\"768\" \/>\n\t<meta property=\"og:image:height\" content=\"768\" \/>\n\t<meta property=\"og:image:type\" content=\"image\/jpeg\" \/>\n<meta name=\"twitter:card\" content=\"summary_large_image\" \/>\n<meta name=\"twitter:label1\" content=\"Gesch\u00e4tzte Lesezeit\" \/>\n\t<meta name=\"twitter:data1\" content=\"2\u00a0Minute\" \/>\n<script type=\"application\/ld+json\" class=\"yoast-schema-graph\">{\"@context\":\"https:\\\/\\\/schema.org\",\"@graph\":[{\"@type\":\"WebPage\",\"@id\":\"https:\\\/\\\/www.rememberme-forever.com\\\/de\\\/produkt\\\/aussergewoehnliche-urne-fuer-menschliche-asche\\\/\",\"url\":\"https:\\\/\\\/www.rememberme-forever.com\\\/de\\\/produkt\\\/aussergewoehnliche-urne-fuer-menschliche-asche\\\/\",\"name\":\"\",\"isPartOf\":{\"@id\":\"https:\\\/\\\/www.rememberme-forever.com\\\/de\\\/#website\"},\"primaryImageOfPage\":{\"@id\":\"https:\\\/\\\/www.rememberme-forever.com\\\/de\\\/produkt\\\/aussergewoehnliche-urne-fuer-menschliche-asche\\\/#primaryimage\"},\"image\":{\"@id\":\"https:\\\/\\\/www.rememberme-forever.com\\\/de\\\/produkt\\\/aussergewoehnliche-urne-fuer-menschliche-asche\\\/#primaryimage\"},\"thumbnailUrl\":\"https:\\\/\\\/www.rememberme-forever.com\\\/wp-content\\\/uploads\\\/2023\\\/04\\\/unusual-urn-for-human-ashes.jpg\",\"datePublished\":\"2023-04-20T08:55:50+00:00\",\"dateModified\":\"2025-10-15T13:33:06+00:00\",\"description\":\"Diese ungew\u00f6hnliche Keramikurne f\u00fcr menschliche Asche ist eine sch\u00f6ne M\u00f6glichkeit, das Andenken eines geliebten Menschen zu ehren. Hergestellt aus hochwertiger Keramik.\",\"breadcrumb\":{\"@id\":\"https:\\\/\\\/www.rememberme-forever.com\\\/de\\\/produkt\\\/aussergewoehnliche-urne-fuer-menschliche-asche\\\/#breadcrumb\"},\"inLanguage\":\"de\",\"potentialAction\":[{\"@type\":\"ReadAction\",\"target\":[\"https:\\\/\\\/www.rememberme-forever.com\\\/de\\\/produkt\\\/aussergewoehnliche-urne-fuer-menschliche-asche\\\/\"]}]},{\"@type\":\"ImageObject\",\"inLanguage\":\"de\",\"@id\":\"https:\\\/\\\/www.rememberme-forever.com\\\/de\\\/produkt\\\/aussergewoehnliche-urne-fuer-menschliche-asche\\\/#primaryimage\",\"url\":\"https:\\\/\\\/www.rememberme-forever.com\\\/wp-content\\\/uploads\\\/2023\\\/04\\\/unusual-urn-for-human-ashes.jpg\",\"contentUrl\":\"https:\\\/\\\/www.rememberme-forever.com\\\/wp-content\\\/uploads\\\/2023\\\/04\\\/unusual-urn-for-human-ashes.jpg\",\"width\":768,\"height\":768,\"caption\":\"unusual urn for human ashes\"},{\"@type\":\"BreadcrumbList\",\"@id\":\"https:\\\/\\\/www.rememberme-forever.com\\\/de\\\/produkt\\\/aussergewoehnliche-urne-fuer-menschliche-asche\\\/#breadcrumb\",\"itemListElement\":[{\"@type\":\"ListItem\",\"position\":1,\"name\":\"Home\",\"item\":\"https:\\\/\\\/www.rememberme-forever.com\\\/de\\\/startseite\\\/\"},{\"@type\":\"ListItem\",\"position\":2,\"name\":\"Shop\",\"item\":\"https:\\\/\\\/www.rememberme-forever.com\\\/de\\\/shop\\\/\"},{\"@type\":\"ListItem\",\"position\":3,\"name\":\"Au\u00dfergew\u00f6hnliche Urne f\u00fcr menschliche Asche\"}]},{\"@type\":\"WebSite\",\"@id\":\"https:\\\/\\\/www.rememberme-forever.com\\\/de\\\/#website\",\"url\":\"https:\\\/\\\/www.rememberme-forever.com\\\/de\\\/\",\"name\":\"Remember Forever\",\"description\":\"Cremation urns, funeral urns, urns for ashes\",\"publisher\":{\"@id\":\"https:\\\/\\\/www.rememberme-forever.com\\\/de\\\/#organization\"},\"potentialAction\":[{\"@type\":\"SearchAction\",\"target\":{\"@type\":\"EntryPoint\",\"urlTemplate\":\"https:\\\/\\\/www.rememberme-forever.com\\\/de\\\/?s={search_term_string}\"},\"query-input\":{\"@type\":\"PropertyValueSpecification\",\"valueRequired\":true,\"valueName\":\"search_term_string\"}}],\"inLanguage\":\"de\"},{\"@type\":\"Organization\",\"@id\":\"https:\\\/\\\/www.rememberme-forever.com\\\/de\\\/#organization\",\"name\":\"Remember Forever\",\"url\":\"https:\\\/\\\/www.rememberme-forever.com\\\/de\\\/\",\"logo\":{\"@type\":\"ImageObject\",\"inLanguage\":\"de\",\"@id\":\"https:\\\/\\\/www.rememberme-forever.com\\\/de\\\/#\\\/schema\\\/logo\\\/image\\\/\",\"url\":\"https:\\\/\\\/www.rememberme-forever.com\\\/wp-content\\\/uploads\\\/2023\\\/02\\\/logo.png\",\"contentUrl\":\"https:\\\/\\\/www.rememberme-forever.com\\\/wp-content\\\/uploads\\\/2023\\\/02\\\/logo.png\",\"width\":300,\"height\":56,\"caption\":\"Remember Forever\"},\"image\":{\"@id\":\"https:\\\/\\\/www.rememberme-forever.com\\\/de\\\/#\\\/schema\\\/logo\\\/image\\\/\"}}]}<\/script>\n<!-- \/ Yoast SEO plugin. -->","yoast_head_json":{"title":"Remember Forever","description":"Diese ungew\u00f6hnliche Keramikurne f\u00fcr menschliche Asche ist eine sch\u00f6ne M\u00f6glichkeit, das Andenken eines geliebten Menschen zu ehren. Hergestellt aus hochwertiger Keramik.","robots":{"index":"index","follow":"follow","max-snippet":"max-snippet:-1","max-image-preview":"max-image-preview:large","max-video-preview":"max-video-preview:-1"},"canonical":"https:\/\/www.rememberme-forever.com\/de\/produkt\/aussergewoehnliche-urne-fuer-menschliche-asche\/","og_locale":"de_DE","og_type":"article","og_description":"Diese ungew\u00f6hnliche Keramikurne f\u00fcr menschliche Asche ist eine sch\u00f6ne M\u00f6glichkeit, das Andenken eines geliebten Menschen zu ehren. Hergestellt aus hochwertiger Keramik.","og_url":"https:\/\/www.rememberme-forever.com\/de\/produkt\/aussergewoehnliche-urne-fuer-menschliche-asche\/","og_site_name":"Remember Forever","article_modified_time":"2025-10-15T13:33:06+00:00","og_image":[{"width":768,"height":768,"url":"http:\/\/www.rememberme-forever.com\/wp-content\/uploads\/2023\/04\/unusual-urn-for-human-ashes.jpg","type":"image\/jpeg"}],"twitter_card":"summary_large_image","twitter_misc":{"Gesch\u00e4tzte Lesezeit":"2\u00a0Minute"},"schema":{"@context":"https:\/\/schema.org","@graph":[{"@type":"WebPage","@id":"https:\/\/www.rememberme-forever.com\/de\/produkt\/aussergewoehnliche-urne-fuer-menschliche-asche\/","url":"https:\/\/www.rememberme-forever.com\/de\/produkt\/aussergewoehnliche-urne-fuer-menschliche-asche\/","name":"","isPartOf":{"@id":"https:\/\/www.rememberme-forever.com\/de\/#website"},"primaryImageOfPage":{"@id":"https:\/\/www.rememberme-forever.com\/de\/produkt\/aussergewoehnliche-urne-fuer-menschliche-asche\/#primaryimage"},"image":{"@id":"https:\/\/www.rememberme-forever.com\/de\/produkt\/aussergewoehnliche-urne-fuer-menschliche-asche\/#primaryimage"},"thumbnailUrl":"https:\/\/www.rememberme-forever.com\/wp-content\/uploads\/2023\/04\/unusual-urn-for-human-ashes.jpg","datePublished":"2023-04-20T08:55:50+00:00","dateModified":"2025-10-15T13:33:06+00:00","description":"Diese ungew\u00f6hnliche Keramikurne f\u00fcr menschliche Asche ist eine sch\u00f6ne M\u00f6glichkeit, das Andenken eines geliebten Menschen zu ehren. Hergestellt aus hochwertiger Keramik.","breadcrumb":{"@id":"https:\/\/www.rememberme-forever.com\/de\/produkt\/aussergewoehnliche-urne-fuer-menschliche-asche\/#breadcrumb"},"inLanguage":"de","potentialAction":[{"@type":"ReadAction","target":["https:\/\/www.rememberme-forever.com\/de\/produkt\/aussergewoehnliche-urne-fuer-menschliche-asche\/"]}]},{"@type":"ImageObject","inLanguage":"de","@id":"https:\/\/www.rememberme-forever.com\/de\/produkt\/aussergewoehnliche-urne-fuer-menschliche-asche\/#primaryimage","url":"https:\/\/www.rememberme-forever.com\/wp-content\/uploads\/2023\/04\/unusual-urn-for-human-ashes.jpg","contentUrl":"https:\/\/www.rememberme-forever.com\/wp-content\/uploads\/2023\/04\/unusual-urn-for-human-ashes.jpg","width":768,"height":768,"caption":"unusual urn for human ashes"},{"@type":"BreadcrumbList","@id":"https:\/\/www.rememberme-forever.com\/de\/produkt\/aussergewoehnliche-urne-fuer-menschliche-asche\/#breadcrumb","itemListElement":[{"@type":"ListItem","position":1,"name":"Home","item":"https:\/\/www.rememberme-forever.com\/de\/startseite\/"},{"@type":"ListItem","position":2,"name":"Shop","item":"https:\/\/www.rememberme-forever.com\/de\/shop\/"},{"@type":"ListItem","position":3,"name":"Au\u00dfergew\u00f6hnliche Urne f\u00fcr menschliche Asche"}]},{"@type":"WebSite","@id":"https:\/\/www.rememberme-forever.com\/de\/#website","url":"https:\/\/www.rememberme-forever.com\/de\/","name":"Remember Forever","description":"Cremation urns, funeral urns, urns for ashes","publisher":{"@id":"https:\/\/www.rememberme-forever.com\/de\/#organization"},"potentialAction":[{"@type":"SearchAction","target":{"@type":"EntryPoint","urlTemplate":"https:\/\/www.rememberme-forever.com\/de\/?s={search_term_string}"},"query-input":{"@type":"PropertyValueSpecification","valueRequired":true,"valueName":"search_term_string"}}],"inLanguage":"de"},{"@type":"Organization","@id":"https:\/\/www.rememberme-forever.com\/de\/#organization","name":"Remember Forever","url":"https:\/\/www.rememberme-forever.com\/de\/","logo":{"@type":"ImageObject","inLanguage":"de","@id":"https:\/\/www.rememberme-forever.com\/de\/#\/schema\/logo\/image\/","url":"https:\/\/www.rememberme-forever.com\/wp-content\/uploads\/2023\/02\/logo.png","contentUrl":"https:\/\/www.rememberme-forever.com\/wp-content\/uploads\/2023\/02\/logo.png","width":300,"height":56,"caption":"Remember Forever"},"image":{"@id":"https:\/\/www.rememberme-forever.com\/de\/#\/schema\/logo\/image\/"}}]}},"acf":[],"_links":{"self":[{"href":"https:\/\/www.rememberme-forever.com\/de\/wp-json\/wp\/v2\/product\/20521","targetHints":{"allow":["GET"]}}],"collection":[{"href":"https:\/\/www.rememberme-forever.com\/de\/wp-json\/wp\/v2\/product"}],"about":[{"href":"https:\/\/www.rememberme-forever.com\/de\/wp-json\/wp\/v2\/types\/product"}],"replies":[{"embeddable":true,"href":"https:\/\/www.rememberme-forever.com\/de\/wp-json\/wp\/v2\/comments?post=20521"}],"wp:featuredmedia":[{"embeddable":true,"href":"https:\/\/www.rememberme-forever.com\/de\/wp-json\/wp\/v2\/media\/20522"}],"wp:attachment":[{"href":"https:\/\/www.rememberme-forever.com\/de\/wp-json\/wp\/v2\/media?parent=20521"}],"wp:term":[{"taxonomy":"product_brand","embeddable":true,"href":"https:\/\/www.rememberme-forever.com\/de\/wp-json\/wp\/v2\/product_brand?post=20521"},{"taxonomy":"product_cat","embeddable":true,"href":"https:\/\/www.rememberme-forever.com\/de\/wp-json\/wp\/v2\/product_cat?post=20521"},{"taxonomy":"product_tag","embeddable":true,"href":"https:\/\/www.rememberme-forever.com\/de\/wp-json\/wp\/v2\/product_tag?post=20521"}],"curies":[{"name":"wp","href":"https:\/\/api.w.org\/{rel}","templated":true}]}}