{"id":20731,"date":"2023-04-11T11:48:46","date_gmt":"2023-04-11T09:48:46","guid":{"rendered":"https:\/\/www.rememberme-forever.com\/product\/steinurne-mit-tauben-urne-fuer-erwachsene-schwarz\/"},"modified":"2025-10-21T10:45:45","modified_gmt":"2025-10-21T08:45:45","slug":"steinurne-mit-tauben-urne-fuer-erwachsene-schwarz","status":"publish","type":"product","link":"https:\/\/www.rememberme-forever.com\/de\/produkt\/steinurne-mit-tauben-urne-fuer-erwachsene-schwarz\/","title":{"rendered":"Steinurne mit Tauben, Urne f\u00fcr Erwachsene, schwarz"},"content":{"rendered":"<div style=\"width: 100%; margin-bottom: 30px; height: max-content; padding-bottom: 60%; position: relative;\"><iframe style=\"position: absolute; top: 0; left: 0; width: 100%; height: 100%;\" src=\"https:\/\/rememberme-urns.com\/black-stone-urn-with-doves\/\" frameborder=\"0\"><\/iframe><\/div>\n<div style=\"color: red; text-align: center; margin-bottom: 25px;\">\n<p>&gt;&gt; Rotierendes Foto &#8211; Tippen\/Zoomen &lt;&lt;<\/p>\n<\/div>\n<h2 style=\"text-align: center;\">Steinurne mit Tauben<\/h2>\n<p style=\"text-align: center;\">Wir pr\u00e4sentieren unsere wundersch\u00f6ne Steinurne mit Tauben \u2013 eine einzigartige und elegante M\u00f6glichkeit, das Andenken an Ihren geliebten Menschen zu ehren. Diese Urne aus hochwertigem Stein in atemberaubendem Schwarz ist eine sch\u00f6ne und w\u00fcrdevolle letzte Ruhest\u00e4tte. Der Boden der Urne l\u00e4sst sich \u00f6ffnen und erm\u00f6glicht so einen einfachen Zugang und einen sicheren Verschluss.<\/p>\n<p style=\"text-align: center;\">Um diese Urne noch pers\u00f6nlicher und bedeutungsvoller zu gestalten, kann eine Gedenktafel an der Vorderseite angebracht werden. So k\u00f6nnen Sie sie mit dem Namen Ihres geliebten Menschen, den Daten oder einer besonderen Botschaft personalisieren. Dies verleiht der Urne eine sch\u00f6ne und pers\u00f6nliche Note und sorgt daf\u00fcr, dass die Erinnerung an Ihren geliebten Menschen f\u00fcr kommende Generationen erhalten bleibt.<\/p>\n<p><iframe loading=\"lazy\" title=\"Stone Cremation Urns, Decorative Urns For Ashes\" width=\"640\" height=\"360\" src=\"https:\/\/www.youtube.com\/embed\/LqFO9uc6_LU?start=17&#038;feature=oembed\" frameborder=\"0\" allow=\"accelerometer; autoplay; clipboard-write; encrypted-media; gyroscope; picture-in-picture; web-share\" referrerpolicy=\"strict-origin-when-cross-origin\" allowfullscreen><\/iframe><\/p>\n<p style=\"text-align: center;\">Bitte beachten Sie, dass das Aussehen aufgrund der Einzigartigkeit jeder Steinurne leicht vom Produktbild abweichen kann. Sie k\u00f6nnen jedoch sicher sein, dass jede Urne mit gr\u00f6\u00dfter Sorgfalt und Liebe zum Detail gefertigt wird, um sicherzustellen, dass sie das Leben und das Erbe Ihres geliebten Menschen angemessen w\u00fcrdigt.<\/p>\n<p style=\"text-align: center;\">Unsere Steinurne mit Tauben ist eine sch\u00f6ne und bedeutungsvolle M\u00f6glichkeit, das Andenken Ihres geliebten Menschen zu ehren und ihm eine w\u00fcrdevolle und friedliche letzte Ruhest\u00e4tte zu bieten. Mit ihrem atemberaubenden Design und der hochwertigen Verarbeitung wird diese Urne \u00fcber Jahre hinweg zu einem gesch\u00e4tzten Familienerbst\u00fcck.<\/p>\n<p>&nbsp;<\/p>\n<p style=\"text-align: center;\"><em><strong>Da es sich um ein Produkt aus nat\u00fcrlichen Materialien handelt, kann das Aussehen leicht abweichen.<\/strong><\/em><\/p>\n<p>&nbsp;<\/p>\n<h3 style=\"text-align: center;\"><strong>PERSONALISIERUNG<\/strong><\/h3>\n<p style=\"text-align: center;\">Die personalisierte Gedenktafel muss bei der Bestellung individuell gestaltet werden. (Bitte keine Panik, wenn Sie das vergessen haben, denn Sie k\u00f6nnen uns auch noch nachtr\u00e4glich eine Nachricht schicken).<\/p>\n<p style=\"text-align: center;\">Bitte \u00fcberpr\u00fcfen Sie den zu gravierenden Text sorgf\u00e4ltig, bevor Sie den Artikel in den Warenkorb legen. Wir kopieren und gravieren genau die Informationen, die wir mit der Bestellung erhalten und nehmen bei uns keine \u00c4nderungen vor.<\/p>\n<p style=\"text-align: center;\"><strong>Bitte \u00fcberpr\u00fcfen Sie den Text, um sicherzustellen, dass alle Schreibweisen korrekt sind.<\/strong><\/p>\n<p><strong><em><img loading=\"lazy\" decoding=\"async\" class=\" wp-image-1447 aligncenter\" src=\"http:\/\/www.rememberme-forever.com\/wp-content\/uploads\/2023\/04\/memorial-plaque-cremation-urn-gold-300x150.jpg\" alt=\"Gedenktafel Urne Gold\" width=\"268\" height=\"134\" srcset=\"https:\/\/www.rememberme-forever.com\/wp-content\/uploads\/2023\/04\/memorial-plaque-cremation-urn-gold-300x150.jpg 300w, https:\/\/www.rememberme-forever.com\/wp-content\/uploads\/2023\/04\/memorial-plaque-cremation-urn-gold-64x32.jpg 64w, https:\/\/www.rememberme-forever.com\/wp-content\/uploads\/2023\/04\/memorial-plaque-cremation-urn-gold.jpg 448w\" sizes=\"auto, (max-width: 268px) 100vw, 268px\" \/><\/em><\/strong><\/p>\n","protected":false},"excerpt":{"rendered":"<p>Einzigartige Urne aus nat\u00fcrlichem Onyx f\u00fcr menschliche Asche mit Tauben. Es gibt keine zwei identischen Exemplare.<\/p>\n<p><em><strong>Geeignet f\u00fcr ein K\u00f6rpergewicht von ca. 104 kg oder weniger.<\/strong><\/em><\/p>\n","protected":false},"featured_media":20736,"comment_status":"open","ping_status":"closed","template":"","meta":{"_acf_changed":false},"product_brand":[1991],"product_cat":[2343],"product_tag":[3366],"class_list":{"0":"post-20731","1":"product","2":"type-product","3":"status-publish","4":"has-post-thumbnail","6":"product_brand-remember-forever","7":"product_cat-steinurnen","8":"product_tag-gpsr-stone-urns","9":"product_shipping_class-5-10kg-de","11":"first","12":"instock","13":"taxable","14":"shipping-taxable","15":"purchasable","16":"product-type-variable"},"yoast_head":"<!-- This site is optimized with the Yoast SEO plugin v27.5 - https:\/\/yoast.com\/product\/yoast-seo-wordpress\/ -->\n<title>Remember Forever<\/title>\n<meta name=\"description\" content=\"Wir pr\u00e4sentieren unsere wundersch\u00f6ne Steinurne mit Tauben \u2013 eine einzigartige und elegante M\u00f6glichkeit, das Andenken Ihres geliebten Menschen zu ehren. Massive und schwere Urne aus Stein.\" \/>\n<meta name=\"robots\" content=\"index, follow, max-snippet:-1, max-image-preview:large, max-video-preview:-1\" \/>\n<link rel=\"canonical\" href=\"https:\/\/www.rememberme-forever.com\/de\/produkt\/steinurne-mit-tauben-urne-fuer-erwachsene-schwarz\/\" \/>\n<meta property=\"og:locale\" content=\"de_DE\" \/>\n<meta property=\"og:type\" content=\"article\" \/>\n<meta property=\"og:description\" content=\"Wir pr\u00e4sentieren unsere wundersch\u00f6ne Steinurne mit Tauben \u2013 eine einzigartige und elegante M\u00f6glichkeit, das Andenken Ihres geliebten Menschen zu ehren. Massive und schwere Urne aus Stein.\" \/>\n<meta property=\"og:url\" content=\"https:\/\/www.rememberme-forever.com\/de\/produkt\/steinurne-mit-tauben-urne-fuer-erwachsene-schwarz\/\" \/>\n<meta property=\"og:site_name\" content=\"Remember Forever\" \/>\n<meta property=\"article:modified_time\" content=\"2025-10-21T08:45:45+00:00\" \/>\n<meta property=\"og:image\" content=\"http:\/\/www.rememberme-forever.com\/wp-content\/uploads\/2023\/04\/stone-cremate-urn-with-a-doves.jpg\" \/>\n\t<meta property=\"og:image:width\" content=\"1007\" \/>\n\t<meta property=\"og:image:height\" content=\"1024\" \/>\n\t<meta property=\"og:image:type\" content=\"image\/jpeg\" \/>\n<meta name=\"twitter:card\" content=\"summary_large_image\" \/>\n<meta name=\"twitter:label1\" content=\"Gesch\u00e4tzte Lesezeit\" \/>\n\t<meta name=\"twitter:data1\" content=\"2\u00a0Minute\" \/>\n<script type=\"application\/ld+json\" class=\"yoast-schema-graph\">{\"@context\":\"https:\\\/\\\/schema.org\",\"@graph\":[{\"@type\":\"WebPage\",\"@id\":\"https:\\\/\\\/www.rememberme-forever.com\\\/de\\\/produkt\\\/steinurne-mit-tauben-urne-fuer-erwachsene-schwarz\\\/\",\"url\":\"https:\\\/\\\/www.rememberme-forever.com\\\/de\\\/produkt\\\/steinurne-mit-tauben-urne-fuer-erwachsene-schwarz\\\/\",\"name\":\"\",\"isPartOf\":{\"@id\":\"https:\\\/\\\/www.rememberme-forever.com\\\/de\\\/#website\"},\"primaryImageOfPage\":{\"@id\":\"https:\\\/\\\/www.rememberme-forever.com\\\/de\\\/produkt\\\/steinurne-mit-tauben-urne-fuer-erwachsene-schwarz\\\/#primaryimage\"},\"image\":{\"@id\":\"https:\\\/\\\/www.rememberme-forever.com\\\/de\\\/produkt\\\/steinurne-mit-tauben-urne-fuer-erwachsene-schwarz\\\/#primaryimage\"},\"thumbnailUrl\":\"https:\\\/\\\/www.rememberme-forever.com\\\/wp-content\\\/uploads\\\/2023\\\/04\\\/stone-cremate-urn-with-a-doves.jpg\",\"datePublished\":\"2023-04-11T09:48:46+00:00\",\"dateModified\":\"2025-10-21T08:45:45+00:00\",\"description\":\"Wir pr\u00e4sentieren unsere wundersch\u00f6ne Steinurne mit Tauben \u2013 eine einzigartige und elegante M\u00f6glichkeit, das Andenken Ihres geliebten Menschen zu ehren. Massive und schwere Urne aus Stein.\",\"breadcrumb\":{\"@id\":\"https:\\\/\\\/www.rememberme-forever.com\\\/de\\\/produkt\\\/steinurne-mit-tauben-urne-fuer-erwachsene-schwarz\\\/#breadcrumb\"},\"inLanguage\":\"de\",\"potentialAction\":[{\"@type\":\"ReadAction\",\"target\":[\"https:\\\/\\\/www.rememberme-forever.com\\\/de\\\/produkt\\\/steinurne-mit-tauben-urne-fuer-erwachsene-schwarz\\\/\"]}]},{\"@type\":\"ImageObject\",\"inLanguage\":\"de\",\"@id\":\"https:\\\/\\\/www.rememberme-forever.com\\\/de\\\/produkt\\\/steinurne-mit-tauben-urne-fuer-erwachsene-schwarz\\\/#primaryimage\",\"url\":\"https:\\\/\\\/www.rememberme-forever.com\\\/wp-content\\\/uploads\\\/2023\\\/04\\\/stone-cremate-urn-with-a-doves.jpg\",\"contentUrl\":\"https:\\\/\\\/www.rememberme-forever.com\\\/wp-content\\\/uploads\\\/2023\\\/04\\\/stone-cremate-urn-with-a-doves.jpg\",\"width\":1007,\"height\":1024,\"caption\":\"stone cremate urn with a doves\"},{\"@type\":\"BreadcrumbList\",\"@id\":\"https:\\\/\\\/www.rememberme-forever.com\\\/de\\\/produkt\\\/steinurne-mit-tauben-urne-fuer-erwachsene-schwarz\\\/#breadcrumb\",\"itemListElement\":[{\"@type\":\"ListItem\",\"position\":1,\"name\":\"Home\",\"item\":\"https:\\\/\\\/www.rememberme-forever.com\\\/de\\\/startseite\\\/\"},{\"@type\":\"ListItem\",\"position\":2,\"name\":\"Shop\",\"item\":\"https:\\\/\\\/www.rememberme-forever.com\\\/de\\\/shop\\\/\"},{\"@type\":\"ListItem\",\"position\":3,\"name\":\"Steinurne mit Tauben, Urne f\u00fcr Erwachsene, schwarz\"}]},{\"@type\":\"WebSite\",\"@id\":\"https:\\\/\\\/www.rememberme-forever.com\\\/de\\\/#website\",\"url\":\"https:\\\/\\\/www.rememberme-forever.com\\\/de\\\/\",\"name\":\"Remember Forever\",\"description\":\"Cremation urns, funeral urns, urns for ashes\",\"publisher\":{\"@id\":\"https:\\\/\\\/www.rememberme-forever.com\\\/de\\\/#organization\"},\"potentialAction\":[{\"@type\":\"SearchAction\",\"target\":{\"@type\":\"EntryPoint\",\"urlTemplate\":\"https:\\\/\\\/www.rememberme-forever.com\\\/de\\\/?s={search_term_string}\"},\"query-input\":{\"@type\":\"PropertyValueSpecification\",\"valueRequired\":true,\"valueName\":\"search_term_string\"}}],\"inLanguage\":\"de\"},{\"@type\":\"Organization\",\"@id\":\"https:\\\/\\\/www.rememberme-forever.com\\\/de\\\/#organization\",\"name\":\"Remember Forever\",\"url\":\"https:\\\/\\\/www.rememberme-forever.com\\\/de\\\/\",\"logo\":{\"@type\":\"ImageObject\",\"inLanguage\":\"de\",\"@id\":\"https:\\\/\\\/www.rememberme-forever.com\\\/de\\\/#\\\/schema\\\/logo\\\/image\\\/\",\"url\":\"https:\\\/\\\/www.rememberme-forever.com\\\/wp-content\\\/uploads\\\/2023\\\/02\\\/logo.png\",\"contentUrl\":\"https:\\\/\\\/www.rememberme-forever.com\\\/wp-content\\\/uploads\\\/2023\\\/02\\\/logo.png\",\"width\":300,\"height\":56,\"caption\":\"Remember Forever\"},\"image\":{\"@id\":\"https:\\\/\\\/www.rememberme-forever.com\\\/de\\\/#\\\/schema\\\/logo\\\/image\\\/\"}}]}<\/script>\n<!-- \/ Yoast SEO plugin. -->","yoast_head_json":{"title":"Remember Forever","description":"Wir pr\u00e4sentieren unsere wundersch\u00f6ne Steinurne mit Tauben \u2013 eine einzigartige und elegante M\u00f6glichkeit, das Andenken Ihres geliebten Menschen zu ehren. Massive und schwere Urne aus Stein.","robots":{"index":"index","follow":"follow","max-snippet":"max-snippet:-1","max-image-preview":"max-image-preview:large","max-video-preview":"max-video-preview:-1"},"canonical":"https:\/\/www.rememberme-forever.com\/de\/produkt\/steinurne-mit-tauben-urne-fuer-erwachsene-schwarz\/","og_locale":"de_DE","og_type":"article","og_description":"Wir pr\u00e4sentieren unsere wundersch\u00f6ne Steinurne mit Tauben \u2013 eine einzigartige und elegante M\u00f6glichkeit, das Andenken Ihres geliebten Menschen zu ehren. Massive und schwere Urne aus Stein.","og_url":"https:\/\/www.rememberme-forever.com\/de\/produkt\/steinurne-mit-tauben-urne-fuer-erwachsene-schwarz\/","og_site_name":"Remember Forever","article_modified_time":"2025-10-21T08:45:45+00:00","og_image":[{"width":1007,"height":1024,"url":"http:\/\/www.rememberme-forever.com\/wp-content\/uploads\/2023\/04\/stone-cremate-urn-with-a-doves.jpg","type":"image\/jpeg"}],"twitter_card":"summary_large_image","twitter_misc":{"Gesch\u00e4tzte Lesezeit":"2\u00a0Minute"},"schema":{"@context":"https:\/\/schema.org","@graph":[{"@type":"WebPage","@id":"https:\/\/www.rememberme-forever.com\/de\/produkt\/steinurne-mit-tauben-urne-fuer-erwachsene-schwarz\/","url":"https:\/\/www.rememberme-forever.com\/de\/produkt\/steinurne-mit-tauben-urne-fuer-erwachsene-schwarz\/","name":"","isPartOf":{"@id":"https:\/\/www.rememberme-forever.com\/de\/#website"},"primaryImageOfPage":{"@id":"https:\/\/www.rememberme-forever.com\/de\/produkt\/steinurne-mit-tauben-urne-fuer-erwachsene-schwarz\/#primaryimage"},"image":{"@id":"https:\/\/www.rememberme-forever.com\/de\/produkt\/steinurne-mit-tauben-urne-fuer-erwachsene-schwarz\/#primaryimage"},"thumbnailUrl":"https:\/\/www.rememberme-forever.com\/wp-content\/uploads\/2023\/04\/stone-cremate-urn-with-a-doves.jpg","datePublished":"2023-04-11T09:48:46+00:00","dateModified":"2025-10-21T08:45:45+00:00","description":"Wir pr\u00e4sentieren unsere wundersch\u00f6ne Steinurne mit Tauben \u2013 eine einzigartige und elegante M\u00f6glichkeit, das Andenken Ihres geliebten Menschen zu ehren. Massive und schwere Urne aus Stein.","breadcrumb":{"@id":"https:\/\/www.rememberme-forever.com\/de\/produkt\/steinurne-mit-tauben-urne-fuer-erwachsene-schwarz\/#breadcrumb"},"inLanguage":"de","potentialAction":[{"@type":"ReadAction","target":["https:\/\/www.rememberme-forever.com\/de\/produkt\/steinurne-mit-tauben-urne-fuer-erwachsene-schwarz\/"]}]},{"@type":"ImageObject","inLanguage":"de","@id":"https:\/\/www.rememberme-forever.com\/de\/produkt\/steinurne-mit-tauben-urne-fuer-erwachsene-schwarz\/#primaryimage","url":"https:\/\/www.rememberme-forever.com\/wp-content\/uploads\/2023\/04\/stone-cremate-urn-with-a-doves.jpg","contentUrl":"https:\/\/www.rememberme-forever.com\/wp-content\/uploads\/2023\/04\/stone-cremate-urn-with-a-doves.jpg","width":1007,"height":1024,"caption":"stone cremate urn with a doves"},{"@type":"BreadcrumbList","@id":"https:\/\/www.rememberme-forever.com\/de\/produkt\/steinurne-mit-tauben-urne-fuer-erwachsene-schwarz\/#breadcrumb","itemListElement":[{"@type":"ListItem","position":1,"name":"Home","item":"https:\/\/www.rememberme-forever.com\/de\/startseite\/"},{"@type":"ListItem","position":2,"name":"Shop","item":"https:\/\/www.rememberme-forever.com\/de\/shop\/"},{"@type":"ListItem","position":3,"name":"Steinurne mit Tauben, Urne f\u00fcr Erwachsene, schwarz"}]},{"@type":"WebSite","@id":"https:\/\/www.rememberme-forever.com\/de\/#website","url":"https:\/\/www.rememberme-forever.com\/de\/","name":"Remember Forever","description":"Cremation urns, funeral urns, urns for ashes","publisher":{"@id":"https:\/\/www.rememberme-forever.com\/de\/#organization"},"potentialAction":[{"@type":"SearchAction","target":{"@type":"EntryPoint","urlTemplate":"https:\/\/www.rememberme-forever.com\/de\/?s={search_term_string}"},"query-input":{"@type":"PropertyValueSpecification","valueRequired":true,"valueName":"search_term_string"}}],"inLanguage":"de"},{"@type":"Organization","@id":"https:\/\/www.rememberme-forever.com\/de\/#organization","name":"Remember Forever","url":"https:\/\/www.rememberme-forever.com\/de\/","logo":{"@type":"ImageObject","inLanguage":"de","@id":"https:\/\/www.rememberme-forever.com\/de\/#\/schema\/logo\/image\/","url":"https:\/\/www.rememberme-forever.com\/wp-content\/uploads\/2023\/02\/logo.png","contentUrl":"https:\/\/www.rememberme-forever.com\/wp-content\/uploads\/2023\/02\/logo.png","width":300,"height":56,"caption":"Remember Forever"},"image":{"@id":"https:\/\/www.rememberme-forever.com\/de\/#\/schema\/logo\/image\/"}}]}},"acf":[],"_links":{"self":[{"href":"https:\/\/www.rememberme-forever.com\/de\/wp-json\/wp\/v2\/product\/20731","targetHints":{"allow":["GET"]}}],"collection":[{"href":"https:\/\/www.rememberme-forever.com\/de\/wp-json\/wp\/v2\/product"}],"about":[{"href":"https:\/\/www.rememberme-forever.com\/de\/wp-json\/wp\/v2\/types\/product"}],"replies":[{"embeddable":true,"href":"https:\/\/www.rememberme-forever.com\/de\/wp-json\/wp\/v2\/comments?post=20731"}],"wp:featuredmedia":[{"embeddable":true,"href":"https:\/\/www.rememberme-forever.com\/de\/wp-json\/wp\/v2\/media\/20736"}],"wp:attachment":[{"href":"https:\/\/www.rememberme-forever.com\/de\/wp-json\/wp\/v2\/media?parent=20731"}],"wp:term":[{"taxonomy":"product_brand","embeddable":true,"href":"https:\/\/www.rememberme-forever.com\/de\/wp-json\/wp\/v2\/product_brand?post=20731"},{"taxonomy":"product_cat","embeddable":true,"href":"https:\/\/www.rememberme-forever.com\/de\/wp-json\/wp\/v2\/product_cat?post=20731"},{"taxonomy":"product_tag","embeddable":true,"href":"https:\/\/www.rememberme-forever.com\/de\/wp-json\/wp\/v2\/product_tag?post=20731"}],"curies":[{"name":"wp","href":"https:\/\/api.w.org\/{rel}","templated":true}]}}