{"id":20812,"date":"2025-07-28T13:41:47","date_gmt":"2025-07-28T11:41:47","guid":{"rendered":"https:\/\/www.rememberme-forever.com\/product\/fender-stratocaster-gitarren-urne\/"},"modified":"2025-10-21T15:01:21","modified_gmt":"2025-10-21T13:01:21","slug":"fender-stratocaster-gitarren-urne","status":"publish","type":"product","link":"https:\/\/www.rememberme-forever.com\/de\/produkt\/fender-stratocaster-gitarren-urne\/","title":{"rendered":"Fender Stratocaster Gitarren-Urne"},"content":{"rendered":"<div style=\"text-align: center;\"><\/div>\n<div style=\"text-align: center;\" data-mce-fragment=\"1\">\n<p data-start=\"439\" data-end=\"703\"><span style=\"font-family: inherit; font-weight: normal;\"><span style=\"font-size: 15px;\">Diese einzigartige Urne mit dem Motiv einer Fender Stratocaster E-Gitarre ist die perfekte Wahl f\u00fcr Musikliebhaber, Gitarristen und K\u00fcnstler. Hergestellt aus hochwertigem Edelstahl und mit einem dunklen Holzdeckel bietet sie ein modernes und elegantes Aussehen. Die zentrale Gravur zeigt ein klassisches Instrument, ein Symbol f\u00fcr Leidenschaft und Lebensenergie. <\/span><\/span><\/p>\n<p data-start=\"1092\" data-end=\"1305\"><span style=\"font-weight: normal;\"><span style=\"font-size: 15px;\">Das Innere der Urne ist mit weichem Filz ausgekleidet, um die sichere und w\u00fcrdevolle Aufbewahrung der Asche zu gew\u00e4hrleisten. Diese Urne verbindet Funktionalit\u00e4t mit einer k\u00fcnstlerischen Botschaft und ist eine ber\u00fchrende Hommage an einen Menschen, der Musik liebte. <\/span><\/span><\/p>\n<p data-start=\"1092\" data-end=\"1305\"><span style=\"font-weight: normal;\"><span style=\"font-size: 15px;\">M\u00f6glichkeit, einen eigenen Text auf der Gravurplatte anzubringen.<\/span><\/span><\/p>\n<\/div>\n<div style=\"width: 100%; margin-bottom: 40px; height: max-content; padding-bottom: 60%; position: relative;\"><iframe style=\"position: absolute; top: 0; left: 0; width: 100%; height: 100%;\" src=\"https:\/\/rememberme-urns.com\/fender-stratocaster-model-urn\/\" frameborder=\"0\"><\/iframe><\/div>\n<div style=\"color: red; text-align: center; margin-bottom: 25px;\">\n<p>&gt;&gt; Rotierendes Foto &#8211; Tippen\/Zoomen &lt;&lt;<\/p>\n<\/div>\n<p style=\"text-align: center;\"><strong>\u25ba PERSONALISIERUNG \u25c4<\/strong><\/p>\n<p style=\"text-align: center;\">\u2714\ufe0f Wenn Sie sich f\u00fcr eine personalisierte Plakette entscheiden, geben Sie den Text an der entsprechenden Stelle ein oder schicken Sie uns eine Nachricht.<\/p>\n<p style=\"text-align: center;\">\u2714\ufe0f Die personalisierte Gedenktafel muss w\u00e4hrend des Bestellvorgangs angepasst werden. (Keine Sorge, wenn Sie es vergessen, Sie k\u00f6nnen uns sp\u00e4ter immer noch eine Nachricht schicken).<\/p>\n<p style=\"text-align: center;\"><b>Die Textbeschr\u00e4nkungen lauten wie folgt:<\/b><\/p>\n<p style=\"text-align: center;\"><span style=\"color: var(--text-color); font-size: 14px;\">Name(n) bis zu 24 Zeichen<\/span><\/p>\n<p style=\"text-align: center;\"><span style=\"color: var(--text-color); font-size: 14px;\">Geburts- und Sterbedatum mit bis zu 24 Zeichen<\/span><\/p>\n<p style=\"text-align: center;\"><span style=\"color: var(--text-color); font-size: 14px;\">Dritte Zeile bis zu 24 Zeichen<\/span><\/p>\n<p style=\"text-align: center;\"><span style=\"font-size: 14px;\">Vierte Zeile bis zu 24 Zeichen<\/span><\/p>\n<p style=\"text-align: center;\"><span style=\"font-size: 14px;\">F\u00fcnfte Zeile mit bis zu 24 Zeichen<\/span><\/p>\n<div style=\"text-align: center;\"><\/div>\n<p style=\"text-align: center;\">\u2714\ufe0f Bitte <strong>\u00fcberpr\u00fcfen<\/strong> Sie den Gravurtext <strong>ZWEIFACH<\/strong>, bevor Sie das Produkt in Ihren Warenkorb legen. Wir kopieren und gravieren genau die Informationen, die wir mit der Bestellung erhalten, und nehmen unsererseits keine \u00c4nderungen vor.<\/p>\n<p style=\"text-align: center;\">\u2714\ufe0f \u00dcberpr\u00fcfen Sie den Text, um sicherzustellen, dass die Schreibweise korrekt ist.<\/p>\n<p style=\"text-align: center;\">\u2714\ufe0f Geben Sie <strong>KEINE<\/strong> Gravurinformationen ein, wenn Sie die Option &#8218;Urne ohne Plakette&#8216; kaufen.<\/p>\n","protected":false},"excerpt":{"rendered":"<p>Diese einzigartige Urne mit dem Motiv einer Fender Stratocaster E-Gitarre ist die perfekte Wahl f\u00fcr Musikliebhaber, Gitarristen und K\u00fcnstler. Hergestellt aus hochwertigem Edelstahl und mit&#8230;<\/p>\n","protected":false},"featured_media":20813,"comment_status":"closed","ping_status":"closed","template":"","meta":{"_acf_changed":false},"product_brand":[],"product_cat":[2344,2350],"product_tag":[3349],"class_list":{"0":"post-20812","1":"product","2":"type-product","3":"status-publish","4":"has-post-thumbnail","6":"product_cat-motivurnen","7":"product_cat-musikurnen","8":"product_tag-gpsr-metal_wood_cover","9":"product_shipping_class-2-4kg","11":"first","12":"instock","13":"taxable","14":"shipping-taxable","15":"purchasable","16":"product-type-simple"},"yoast_head":"<!-- This site is optimized with the Yoast SEO plugin v27.5 - https:\/\/yoast.com\/product\/yoast-seo-wordpress\/ -->\n<title>Fender Stratocaster Gitarren-Urne - Remember Forever<\/title>\n<meta name=\"robots\" content=\"index, follow, max-snippet:-1, max-image-preview:large, max-video-preview:-1\" \/>\n<link rel=\"canonical\" href=\"https:\/\/www.rememberme-forever.com\/de\/produkt\/fender-stratocaster-gitarren-urne\/\" \/>\n<meta property=\"og:locale\" content=\"de_DE\" \/>\n<meta property=\"og:type\" content=\"article\" \/>\n<meta property=\"og:title\" content=\"Fender Stratocaster Gitarren-Urne - Remember Forever\" \/>\n<meta property=\"og:description\" content=\"Diese einzigartige Urne mit dem Motiv einer Fender Stratocaster E-Gitarre ist die perfekte Wahl f\u00fcr Musikliebhaber, Gitarristen und K\u00fcnstler. Hergestellt aus hochwertigem Edelstahl und mit...\" \/>\n<meta property=\"og:url\" content=\"https:\/\/www.rememberme-forever.com\/de\/produkt\/fender-stratocaster-gitarren-urne\/\" \/>\n<meta property=\"og:site_name\" content=\"Remember Forever\" \/>\n<meta property=\"article:modified_time\" content=\"2025-10-21T13:01:21+00:00\" \/>\n<meta property=\"og:image\" content=\"http:\/\/www.rememberme-forever.com\/wp-content\/uploads\/2025\/07\/fender-stratocaster-guitar-urn_0001.jpg\" \/>\n\t<meta property=\"og:image:width\" content=\"1007\" \/>\n\t<meta property=\"og:image:height\" content=\"1024\" \/>\n\t<meta property=\"og:image:type\" content=\"image\/jpeg\" \/>\n<meta name=\"twitter:card\" content=\"summary_large_image\" \/>\n<meta name=\"twitter:label1\" content=\"Gesch\u00e4tzte Lesezeit\" \/>\n\t<meta name=\"twitter:data1\" content=\"2\u00a0Minute\" \/>\n<script type=\"application\/ld+json\" class=\"yoast-schema-graph\">{\"@context\":\"https:\\\/\\\/schema.org\",\"@graph\":[{\"@type\":\"WebPage\",\"@id\":\"https:\\\/\\\/www.rememberme-forever.com\\\/de\\\/produkt\\\/fender-stratocaster-gitarren-urne\\\/\",\"url\":\"https:\\\/\\\/www.rememberme-forever.com\\\/de\\\/produkt\\\/fender-stratocaster-gitarren-urne\\\/\",\"name\":\"Fender Stratocaster Gitarren-Urne - Remember Forever\",\"isPartOf\":{\"@id\":\"https:\\\/\\\/www.rememberme-forever.com\\\/de\\\/#website\"},\"primaryImageOfPage\":{\"@id\":\"https:\\\/\\\/www.rememberme-forever.com\\\/de\\\/produkt\\\/fender-stratocaster-gitarren-urne\\\/#primaryimage\"},\"image\":{\"@id\":\"https:\\\/\\\/www.rememberme-forever.com\\\/de\\\/produkt\\\/fender-stratocaster-gitarren-urne\\\/#primaryimage\"},\"thumbnailUrl\":\"https:\\\/\\\/www.rememberme-forever.com\\\/wp-content\\\/uploads\\\/2025\\\/07\\\/fender-stratocaster-guitar-urn_0001.jpg\",\"datePublished\":\"2025-07-28T11:41:47+00:00\",\"dateModified\":\"2025-10-21T13:01:21+00:00\",\"breadcrumb\":{\"@id\":\"https:\\\/\\\/www.rememberme-forever.com\\\/de\\\/produkt\\\/fender-stratocaster-gitarren-urne\\\/#breadcrumb\"},\"inLanguage\":\"de\",\"potentialAction\":[{\"@type\":\"ReadAction\",\"target\":[\"https:\\\/\\\/www.rememberme-forever.com\\\/de\\\/produkt\\\/fender-stratocaster-gitarren-urne\\\/\"]}]},{\"@type\":\"ImageObject\",\"inLanguage\":\"de\",\"@id\":\"https:\\\/\\\/www.rememberme-forever.com\\\/de\\\/produkt\\\/fender-stratocaster-gitarren-urne\\\/#primaryimage\",\"url\":\"https:\\\/\\\/www.rememberme-forever.com\\\/wp-content\\\/uploads\\\/2025\\\/07\\\/fender-stratocaster-guitar-urn_0001.jpg\",\"contentUrl\":\"https:\\\/\\\/www.rememberme-forever.com\\\/wp-content\\\/uploads\\\/2025\\\/07\\\/fender-stratocaster-guitar-urn_0001.jpg\",\"width\":1007,\"height\":1024,\"caption\":\"Cremation urn with electric guitar engraving \u2013 side view\"},{\"@type\":\"BreadcrumbList\",\"@id\":\"https:\\\/\\\/www.rememberme-forever.com\\\/de\\\/produkt\\\/fender-stratocaster-gitarren-urne\\\/#breadcrumb\",\"itemListElement\":[{\"@type\":\"ListItem\",\"position\":1,\"name\":\"Home\",\"item\":\"https:\\\/\\\/www.rememberme-forever.com\\\/de\\\/startseite\\\/\"},{\"@type\":\"ListItem\",\"position\":2,\"name\":\"Shop\",\"item\":\"https:\\\/\\\/www.rememberme-forever.com\\\/de\\\/shop\\\/\"},{\"@type\":\"ListItem\",\"position\":3,\"name\":\"Fender Stratocaster Gitarren-Urne\"}]},{\"@type\":\"WebSite\",\"@id\":\"https:\\\/\\\/www.rememberme-forever.com\\\/de\\\/#website\",\"url\":\"https:\\\/\\\/www.rememberme-forever.com\\\/de\\\/\",\"name\":\"Remember Forever\",\"description\":\"Cremation urns, funeral urns, urns for ashes\",\"publisher\":{\"@id\":\"https:\\\/\\\/www.rememberme-forever.com\\\/de\\\/#organization\"},\"potentialAction\":[{\"@type\":\"SearchAction\",\"target\":{\"@type\":\"EntryPoint\",\"urlTemplate\":\"https:\\\/\\\/www.rememberme-forever.com\\\/de\\\/?s={search_term_string}\"},\"query-input\":{\"@type\":\"PropertyValueSpecification\",\"valueRequired\":true,\"valueName\":\"search_term_string\"}}],\"inLanguage\":\"de\"},{\"@type\":\"Organization\",\"@id\":\"https:\\\/\\\/www.rememberme-forever.com\\\/de\\\/#organization\",\"name\":\"Remember Forever\",\"url\":\"https:\\\/\\\/www.rememberme-forever.com\\\/de\\\/\",\"logo\":{\"@type\":\"ImageObject\",\"inLanguage\":\"de\",\"@id\":\"https:\\\/\\\/www.rememberme-forever.com\\\/de\\\/#\\\/schema\\\/logo\\\/image\\\/\",\"url\":\"https:\\\/\\\/www.rememberme-forever.com\\\/wp-content\\\/uploads\\\/2023\\\/02\\\/logo.png\",\"contentUrl\":\"https:\\\/\\\/www.rememberme-forever.com\\\/wp-content\\\/uploads\\\/2023\\\/02\\\/logo.png\",\"width\":300,\"height\":56,\"caption\":\"Remember Forever\"},\"image\":{\"@id\":\"https:\\\/\\\/www.rememberme-forever.com\\\/de\\\/#\\\/schema\\\/logo\\\/image\\\/\"}}]}<\/script>\n<!-- \/ Yoast SEO plugin. -->","yoast_head_json":{"title":"Fender Stratocaster Gitarren-Urne - Remember Forever","robots":{"index":"index","follow":"follow","max-snippet":"max-snippet:-1","max-image-preview":"max-image-preview:large","max-video-preview":"max-video-preview:-1"},"canonical":"https:\/\/www.rememberme-forever.com\/de\/produkt\/fender-stratocaster-gitarren-urne\/","og_locale":"de_DE","og_type":"article","og_title":"Fender Stratocaster Gitarren-Urne - Remember Forever","og_description":"Diese einzigartige Urne mit dem Motiv einer Fender Stratocaster E-Gitarre ist die perfekte Wahl f\u00fcr Musikliebhaber, Gitarristen und K\u00fcnstler. Hergestellt aus hochwertigem Edelstahl und mit...","og_url":"https:\/\/www.rememberme-forever.com\/de\/produkt\/fender-stratocaster-gitarren-urne\/","og_site_name":"Remember Forever","article_modified_time":"2025-10-21T13:01:21+00:00","og_image":[{"width":1007,"height":1024,"url":"http:\/\/www.rememberme-forever.com\/wp-content\/uploads\/2025\/07\/fender-stratocaster-guitar-urn_0001.jpg","type":"image\/jpeg"}],"twitter_card":"summary_large_image","twitter_misc":{"Gesch\u00e4tzte Lesezeit":"2\u00a0Minute"},"schema":{"@context":"https:\/\/schema.org","@graph":[{"@type":"WebPage","@id":"https:\/\/www.rememberme-forever.com\/de\/produkt\/fender-stratocaster-gitarren-urne\/","url":"https:\/\/www.rememberme-forever.com\/de\/produkt\/fender-stratocaster-gitarren-urne\/","name":"Fender Stratocaster Gitarren-Urne - Remember Forever","isPartOf":{"@id":"https:\/\/www.rememberme-forever.com\/de\/#website"},"primaryImageOfPage":{"@id":"https:\/\/www.rememberme-forever.com\/de\/produkt\/fender-stratocaster-gitarren-urne\/#primaryimage"},"image":{"@id":"https:\/\/www.rememberme-forever.com\/de\/produkt\/fender-stratocaster-gitarren-urne\/#primaryimage"},"thumbnailUrl":"https:\/\/www.rememberme-forever.com\/wp-content\/uploads\/2025\/07\/fender-stratocaster-guitar-urn_0001.jpg","datePublished":"2025-07-28T11:41:47+00:00","dateModified":"2025-10-21T13:01:21+00:00","breadcrumb":{"@id":"https:\/\/www.rememberme-forever.com\/de\/produkt\/fender-stratocaster-gitarren-urne\/#breadcrumb"},"inLanguage":"de","potentialAction":[{"@type":"ReadAction","target":["https:\/\/www.rememberme-forever.com\/de\/produkt\/fender-stratocaster-gitarren-urne\/"]}]},{"@type":"ImageObject","inLanguage":"de","@id":"https:\/\/www.rememberme-forever.com\/de\/produkt\/fender-stratocaster-gitarren-urne\/#primaryimage","url":"https:\/\/www.rememberme-forever.com\/wp-content\/uploads\/2025\/07\/fender-stratocaster-guitar-urn_0001.jpg","contentUrl":"https:\/\/www.rememberme-forever.com\/wp-content\/uploads\/2025\/07\/fender-stratocaster-guitar-urn_0001.jpg","width":1007,"height":1024,"caption":"Cremation urn with electric guitar engraving \u2013 side view"},{"@type":"BreadcrumbList","@id":"https:\/\/www.rememberme-forever.com\/de\/produkt\/fender-stratocaster-gitarren-urne\/#breadcrumb","itemListElement":[{"@type":"ListItem","position":1,"name":"Home","item":"https:\/\/www.rememberme-forever.com\/de\/startseite\/"},{"@type":"ListItem","position":2,"name":"Shop","item":"https:\/\/www.rememberme-forever.com\/de\/shop\/"},{"@type":"ListItem","position":3,"name":"Fender Stratocaster Gitarren-Urne"}]},{"@type":"WebSite","@id":"https:\/\/www.rememberme-forever.com\/de\/#website","url":"https:\/\/www.rememberme-forever.com\/de\/","name":"Remember Forever","description":"Cremation urns, funeral urns, urns for ashes","publisher":{"@id":"https:\/\/www.rememberme-forever.com\/de\/#organization"},"potentialAction":[{"@type":"SearchAction","target":{"@type":"EntryPoint","urlTemplate":"https:\/\/www.rememberme-forever.com\/de\/?s={search_term_string}"},"query-input":{"@type":"PropertyValueSpecification","valueRequired":true,"valueName":"search_term_string"}}],"inLanguage":"de"},{"@type":"Organization","@id":"https:\/\/www.rememberme-forever.com\/de\/#organization","name":"Remember Forever","url":"https:\/\/www.rememberme-forever.com\/de\/","logo":{"@type":"ImageObject","inLanguage":"de","@id":"https:\/\/www.rememberme-forever.com\/de\/#\/schema\/logo\/image\/","url":"https:\/\/www.rememberme-forever.com\/wp-content\/uploads\/2023\/02\/logo.png","contentUrl":"https:\/\/www.rememberme-forever.com\/wp-content\/uploads\/2023\/02\/logo.png","width":300,"height":56,"caption":"Remember Forever"},"image":{"@id":"https:\/\/www.rememberme-forever.com\/de\/#\/schema\/logo\/image\/"}}]}},"acf":[],"_links":{"self":[{"href":"https:\/\/www.rememberme-forever.com\/de\/wp-json\/wp\/v2\/product\/20812","targetHints":{"allow":["GET"]}}],"collection":[{"href":"https:\/\/www.rememberme-forever.com\/de\/wp-json\/wp\/v2\/product"}],"about":[{"href":"https:\/\/www.rememberme-forever.com\/de\/wp-json\/wp\/v2\/types\/product"}],"replies":[{"embeddable":true,"href":"https:\/\/www.rememberme-forever.com\/de\/wp-json\/wp\/v2\/comments?post=20812"}],"wp:featuredmedia":[{"embeddable":true,"href":"https:\/\/www.rememberme-forever.com\/de\/wp-json\/wp\/v2\/media\/20813"}],"wp:attachment":[{"href":"https:\/\/www.rememberme-forever.com\/de\/wp-json\/wp\/v2\/media?parent=20812"}],"wp:term":[{"taxonomy":"product_brand","embeddable":true,"href":"https:\/\/www.rememberme-forever.com\/de\/wp-json\/wp\/v2\/product_brand?post=20812"},{"taxonomy":"product_cat","embeddable":true,"href":"https:\/\/www.rememberme-forever.com\/de\/wp-json\/wp\/v2\/product_cat?post=20812"},{"taxonomy":"product_tag","embeddable":true,"href":"https:\/\/www.rememberme-forever.com\/de\/wp-json\/wp\/v2\/product_tag?post=20812"}],"curies":[{"name":"wp","href":"https:\/\/api.w.org\/{rel}","templated":true}]}}