{"id":21588,"date":"2025-06-26T11:16:00","date_gmt":"2025-06-26T09:16:00","guid":{"rendered":"https:\/\/www.rememberme-forever.com\/product\/kremationsurne-fuer-snowboarder-motiv-snowboard\/"},"modified":"2025-10-29T13:17:05","modified_gmt":"2025-10-29T12:17:05","slug":"kremationsurne-fuer-snowboarder-motiv-snowboard","status":"publish","type":"product","link":"https:\/\/www.rememberme-forever.com\/de\/produkt\/kremationsurne-fuer-snowboarder-motiv-snowboard\/","title":{"rendered":"Kremationsurne f\u00fcr Snowboarder \u2013 Motiv: Snowboard"},"content":{"rendered":"<div style=\"text-align: center;\"><\/div>\n<div style=\"text-align: center;\">\n<p data-start=\"91\" data-end=\"339\"><span style=\"color: #000000;\">Diese einzigartige Urne ist eine Hommage an alle, die Freiheit, Abenteuer und die verschneiten Pisten liebten. Gefertigt aus mattem Edelstahl mit einem kontrastierenden Holzdeckel, bietet sie einen modernen und zugleich stilvollen Ruheplatz f\u00fcr einen geliebten Menschen. <\/span><\/p>\n<p data-start=\"341\" data-end=\"608\"><span style=\"color: #000000;\">Die Vorderseite der Urne ziert eine pr\u00e4zise Gravur eines Snowboarders, der einen Berghang hinabf\u00e4hrt \u2013 die ideale Wahl f\u00fcr Snowboard- und Bergliebhaber. Das Motiv symbolisiert den Mut, die Freiheit und die Leidenschaft, die den Verstorbenen sein Leben lang begleiteten. <\/span><\/p>\n<p data-start=\"610\" data-end=\"863\"><span style=\"color: #000000;\">Der Innenraum der Urne ist mit weichem Filz ausgekleidet und gew\u00e4hrleistet so die sichere und w\u00fcrdevolle Aufbewahrung der Asche. Zus\u00e4tzlich befindet sich auf dem Deckel eine personalisierbare Metallplakette, auf der Sie einen Namen, Daten oder ein pers\u00f6nliches Zitat anbringen k\u00f6nnen. <\/span><\/p>\n<p data-start=\"610\" data-end=\"863\">\n<p data-start=\"870\" data-end=\"889\"><strong data-start=\"870\" data-end=\"889\"><span style=\"color: #000000;\">Produktmerkmale:<\/span><\/strong><\/p>\n<p data-start=\"892\" data-end=\"954\"><span style=\"color: #000000;\">\ud83d\udc49 Material: Edelstahl (Korpus), Naturholz (Deckel)<\/span><\/p>\n<p data-start=\"957\" data-end=\"990\"><span style=\"color: #000000;\">\ud83d\udc49 Gravur: Snowboarder vor Bergkulisse<\/span><\/p>\n<p data-start=\"993\" data-end=\"1036\"><span style=\"color: #000000;\">\ud83d\udc49 Personalisierte Plakette mit Ihrem Wunschtext<\/span><\/p>\n<p data-start=\"1039\" data-end=\"1072\"><span style=\"color: #000000;\">\ud83d\udc49 Innen mit sch\u00fctzendem Filz ausgekleidet<\/span><\/p>\n<p data-start=\"1075\" data-end=\"1104\"><span style=\"color: #000000;\">\ud83d\udc49 Praktischer Deckelverschluss<\/span><\/p>\n<p data-start=\"1111\" data-end=\"1205\" data-is-last-node=\"\" data-is-only-node=\"\"><span style=\"color: #000000;\">Dies ist mehr als nur eine Urne \u2013 sie ist ein Symbol f\u00fcr ein Leben voller Bewegung, Freiheit und der Liebe zu Winterabenteuern.<\/span><\/p>\n<\/div>\n<div style=\"width: 100%; margin-bottom: 40px; height: max-content; padding-bottom: 60%; position: relative;\"><iframe style=\"position: absolute; top: 0; left: 0; width: 100%; height: 100%;\" src=\"https:\/\/rememberme-urns.com\/snowboard-theme-urn-for-ashes\/\" frameborder=\"0\"><\/iframe><\/div>\n<div style=\"color: red; text-align: center; margin-bottom: 25px;\">\n<p>&gt;&gt; Rotierendes Foto &#8211; Tippen\/Zoomen &lt;&lt;<\/p>\n<\/div>\n<p style=\"text-align: center;\"><strong>\u25ba PERSONALISIERUNG \u25c4<\/strong><\/p>\n<p style=\"text-align: center;\">\u2714\ufe0f Wenn Sie sich f\u00fcr eine personalisierte Plakette entscheiden, geben Sie den Text an der entsprechenden Stelle ein oder schicken Sie uns eine Nachricht.<\/p>\n<p style=\"text-align: center;\">\u2714\ufe0f Die personalisierte Gedenktafel muss w\u00e4hrend des Bestellvorgangs angepasst werden. (Keine Sorge, wenn Sie es vergessen, Sie k\u00f6nnen uns sp\u00e4ter immer noch eine Nachricht schicken).<\/p>\n<p style=\"text-align: center;\"><b>Die Textbeschr\u00e4nkungen lauten wie folgt:<\/b><\/p>\n<p style=\"text-align: center;\"><span style=\"color: var(--text-color); font-size: 14px;\">Name(n) bis zu 24 Zeichen<\/span><\/p>\n<p style=\"text-align: center;\"><span style=\"color: var(--text-color); font-size: 14px;\">Geburts- und Sterbedatum mit bis zu 24 Zeichen<\/span><\/p>\n<p style=\"text-align: center;\"><span style=\"color: var(--text-color); font-size: 14px;\">Dritte Zeile bis zu 24 Zeichen<\/span><\/p>\n<p style=\"text-align: center;\"><span style=\"font-size: 14px;\">Vierte Zeile bis zu 24 Zeichen<\/span><\/p>\n<p style=\"text-align: center;\"><span style=\"font-size: 14px;\">F\u00fcnfte Zeile mit bis zu 24 Zeichen<\/span><\/p>\n<div style=\"text-align: center;\"><\/div>\n<p style=\"text-align: center;\">\u2714\ufe0f Bitte <strong>\u00fcberpr\u00fcfen<\/strong> Sie den Gravurtext <strong>ZWEIFACH<\/strong>, bevor Sie das Produkt in Ihren Warenkorb legen. Wir kopieren und gravieren genau die Informationen, die wir mit der Bestellung erhalten, und nehmen unsererseits keine \u00c4nderungen vor.<\/p>\n<p style=\"text-align: center;\">\u2714\ufe0f \u00dcberpr\u00fcfen Sie den Text, um sicherzustellen, dass die Schreibweise korrekt ist.<\/p>\n<p style=\"text-align: center;\">\u2714\ufe0f Geben Sie <strong>KEINE<\/strong> Gravurinformationen ein, wenn Sie die Option &#8218;Urne ohne Plakette&#8216; kaufen.<\/p>\n","protected":false},"excerpt":{"rendered":"<p>Diese einzigartige Urne ist eine Hommage an alle, die Freiheit, Abenteuer und die verschneiten Pisten liebten. Gefertigt aus mattem Edelstahl mit einem kontrastierenden Holzdeckel, bietet&#8230;<\/p>\n","protected":false},"featured_media":21589,"template":"","meta":{"_acf_changed":false},"product_brand":[],"product_cat":[2344,2355],"product_tag":[3349,2647],"class_list":{"0":"post-21588","1":"product","2":"type-product","3":"status-publish","4":"has-post-thumbnail","6":"product_cat-motivurnen","7":"product_cat-sporturnen","8":"product_tag-gpsr-metal_wood_cover","9":"product_tag-hurt-en-de","10":"product_shipping_class-2-4kg","12":"first","13":"instock","14":"taxable","15":"shipping-taxable","16":"purchasable","17":"product-type-simple"},"yoast_head":"<!-- This site is optimized with the Yoast SEO plugin v27.4 - https:\/\/yoast.com\/product\/yoast-seo-wordpress\/ -->\n<title>Kremationsurne f\u00fcr Snowboarder \u2013 Motiv: Snowboard - Remember Forever<\/title>\n<meta name=\"robots\" content=\"index, follow, max-snippet:-1, max-image-preview:large, max-video-preview:-1\" \/>\n<link rel=\"canonical\" href=\"https:\/\/www.rememberme-forever.com\/de\/produkt\/kremationsurne-fuer-snowboarder-motiv-snowboard\/\" \/>\n<meta property=\"og:locale\" content=\"de_DE\" \/>\n<meta property=\"og:type\" content=\"article\" \/>\n<meta property=\"og:title\" content=\"Kremationsurne f\u00fcr Snowboarder \u2013 Motiv: Snowboard - Remember Forever\" \/>\n<meta property=\"og:description\" content=\"Diese einzigartige Urne ist eine Hommage an alle, die Freiheit, Abenteuer und die verschneiten Pisten liebten. Gefertigt aus mattem Edelstahl mit einem kontrastierenden Holzdeckel, bietet...\" \/>\n<meta property=\"og:url\" content=\"https:\/\/www.rememberme-forever.com\/de\/produkt\/kremationsurne-fuer-snowboarder-motiv-snowboard\/\" \/>\n<meta property=\"og:site_name\" content=\"Remember Forever\" \/>\n<meta property=\"article:modified_time\" content=\"2025-10-29T12:17:05+00:00\" \/>\n<meta property=\"og:image\" content=\"http:\/\/www.rememberme-forever.com\/wp-content\/uploads\/2025\/06\/snowboard-urn_0001.jpg\" \/>\n\t<meta property=\"og:image:width\" content=\"1007\" \/>\n\t<meta property=\"og:image:height\" content=\"1024\" \/>\n\t<meta property=\"og:image:type\" content=\"image\/jpeg\" \/>\n<meta name=\"twitter:card\" content=\"summary_large_image\" \/>\n<meta name=\"twitter:label1\" content=\"Gesch\u00e4tzte Lesezeit\" \/>\n\t<meta name=\"twitter:data1\" content=\"2\u00a0Minute\" \/>\n<script type=\"application\/ld+json\" class=\"yoast-schema-graph\">{\"@context\":\"https:\\\/\\\/schema.org\",\"@graph\":[{\"@type\":\"WebPage\",\"@id\":\"https:\\\/\\\/www.rememberme-forever.com\\\/de\\\/produkt\\\/kremationsurne-fuer-snowboarder-motiv-snowboard\\\/\",\"url\":\"https:\\\/\\\/www.rememberme-forever.com\\\/de\\\/produkt\\\/kremationsurne-fuer-snowboarder-motiv-snowboard\\\/\",\"name\":\"Kremationsurne f\u00fcr Snowboarder \u2013 Motiv: Snowboard - Remember Forever\",\"isPartOf\":{\"@id\":\"https:\\\/\\\/www.rememberme-forever.com\\\/de\\\/#website\"},\"primaryImageOfPage\":{\"@id\":\"https:\\\/\\\/www.rememberme-forever.com\\\/de\\\/produkt\\\/kremationsurne-fuer-snowboarder-motiv-snowboard\\\/#primaryimage\"},\"image\":{\"@id\":\"https:\\\/\\\/www.rememberme-forever.com\\\/de\\\/produkt\\\/kremationsurne-fuer-snowboarder-motiv-snowboard\\\/#primaryimage\"},\"thumbnailUrl\":\"https:\\\/\\\/www.rememberme-forever.com\\\/wp-content\\\/uploads\\\/2025\\\/06\\\/snowboard-urn_0001.jpg\",\"datePublished\":\"2025-06-26T09:16:00+00:00\",\"dateModified\":\"2025-10-29T12:17:05+00:00\",\"breadcrumb\":{\"@id\":\"https:\\\/\\\/www.rememberme-forever.com\\\/de\\\/produkt\\\/kremationsurne-fuer-snowboarder-motiv-snowboard\\\/#breadcrumb\"},\"inLanguage\":\"de\",\"potentialAction\":[{\"@type\":\"ReadAction\",\"target\":[\"https:\\\/\\\/www.rememberme-forever.com\\\/de\\\/produkt\\\/kremationsurne-fuer-snowboarder-motiv-snowboard\\\/\"]}]},{\"@type\":\"ImageObject\",\"inLanguage\":\"de\",\"@id\":\"https:\\\/\\\/www.rememberme-forever.com\\\/de\\\/produkt\\\/kremationsurne-fuer-snowboarder-motiv-snowboard\\\/#primaryimage\",\"url\":\"https:\\\/\\\/www.rememberme-forever.com\\\/wp-content\\\/uploads\\\/2025\\\/06\\\/snowboard-urn_0001.jpg\",\"contentUrl\":\"https:\\\/\\\/www.rememberme-forever.com\\\/wp-content\\\/uploads\\\/2025\\\/06\\\/snowboard-urn_0001.jpg\",\"width\":1007,\"height\":1024,\"caption\":\"urn for the snowboarder\"},{\"@type\":\"BreadcrumbList\",\"@id\":\"https:\\\/\\\/www.rememberme-forever.com\\\/de\\\/produkt\\\/kremationsurne-fuer-snowboarder-motiv-snowboard\\\/#breadcrumb\",\"itemListElement\":[{\"@type\":\"ListItem\",\"position\":1,\"name\":\"Home\",\"item\":\"https:\\\/\\\/www.rememberme-forever.com\\\/de\\\/startseite\\\/\"},{\"@type\":\"ListItem\",\"position\":2,\"name\":\"Shop\",\"item\":\"https:\\\/\\\/www.rememberme-forever.com\\\/de\\\/shop\\\/\"},{\"@type\":\"ListItem\",\"position\":3,\"name\":\"Kremationsurne f\u00fcr Snowboarder \u2013 Motiv: Snowboard\"}]},{\"@type\":\"WebSite\",\"@id\":\"https:\\\/\\\/www.rememberme-forever.com\\\/de\\\/#website\",\"url\":\"https:\\\/\\\/www.rememberme-forever.com\\\/de\\\/\",\"name\":\"Remember Forever\",\"description\":\"Cremation urns, funeral urns, urns for ashes\",\"publisher\":{\"@id\":\"https:\\\/\\\/www.rememberme-forever.com\\\/de\\\/#organization\"},\"potentialAction\":[{\"@type\":\"SearchAction\",\"target\":{\"@type\":\"EntryPoint\",\"urlTemplate\":\"https:\\\/\\\/www.rememberme-forever.com\\\/de\\\/?s={search_term_string}\"},\"query-input\":{\"@type\":\"PropertyValueSpecification\",\"valueRequired\":true,\"valueName\":\"search_term_string\"}}],\"inLanguage\":\"de\"},{\"@type\":\"Organization\",\"@id\":\"https:\\\/\\\/www.rememberme-forever.com\\\/de\\\/#organization\",\"name\":\"Remember Forever\",\"url\":\"https:\\\/\\\/www.rememberme-forever.com\\\/de\\\/\",\"logo\":{\"@type\":\"ImageObject\",\"inLanguage\":\"de\",\"@id\":\"https:\\\/\\\/www.rememberme-forever.com\\\/de\\\/#\\\/schema\\\/logo\\\/image\\\/\",\"url\":\"https:\\\/\\\/www.rememberme-forever.com\\\/wp-content\\\/uploads\\\/2023\\\/02\\\/logo.png\",\"contentUrl\":\"https:\\\/\\\/www.rememberme-forever.com\\\/wp-content\\\/uploads\\\/2023\\\/02\\\/logo.png\",\"width\":300,\"height\":56,\"caption\":\"Remember Forever\"},\"image\":{\"@id\":\"https:\\\/\\\/www.rememberme-forever.com\\\/de\\\/#\\\/schema\\\/logo\\\/image\\\/\"}}]}<\/script>\n<!-- \/ Yoast SEO plugin. -->","yoast_head_json":{"title":"Kremationsurne f\u00fcr Snowboarder \u2013 Motiv: Snowboard - Remember Forever","robots":{"index":"index","follow":"follow","max-snippet":"max-snippet:-1","max-image-preview":"max-image-preview:large","max-video-preview":"max-video-preview:-1"},"canonical":"https:\/\/www.rememberme-forever.com\/de\/produkt\/kremationsurne-fuer-snowboarder-motiv-snowboard\/","og_locale":"de_DE","og_type":"article","og_title":"Kremationsurne f\u00fcr Snowboarder \u2013 Motiv: Snowboard - Remember Forever","og_description":"Diese einzigartige Urne ist eine Hommage an alle, die Freiheit, Abenteuer und die verschneiten Pisten liebten. Gefertigt aus mattem Edelstahl mit einem kontrastierenden Holzdeckel, bietet...","og_url":"https:\/\/www.rememberme-forever.com\/de\/produkt\/kremationsurne-fuer-snowboarder-motiv-snowboard\/","og_site_name":"Remember Forever","article_modified_time":"2025-10-29T12:17:05+00:00","og_image":[{"width":1007,"height":1024,"url":"http:\/\/www.rememberme-forever.com\/wp-content\/uploads\/2025\/06\/snowboard-urn_0001.jpg","type":"image\/jpeg"}],"twitter_card":"summary_large_image","twitter_misc":{"Gesch\u00e4tzte Lesezeit":"2\u00a0Minute"},"schema":{"@context":"https:\/\/schema.org","@graph":[{"@type":"WebPage","@id":"https:\/\/www.rememberme-forever.com\/de\/produkt\/kremationsurne-fuer-snowboarder-motiv-snowboard\/","url":"https:\/\/www.rememberme-forever.com\/de\/produkt\/kremationsurne-fuer-snowboarder-motiv-snowboard\/","name":"Kremationsurne f\u00fcr Snowboarder \u2013 Motiv: Snowboard - Remember Forever","isPartOf":{"@id":"https:\/\/www.rememberme-forever.com\/de\/#website"},"primaryImageOfPage":{"@id":"https:\/\/www.rememberme-forever.com\/de\/produkt\/kremationsurne-fuer-snowboarder-motiv-snowboard\/#primaryimage"},"image":{"@id":"https:\/\/www.rememberme-forever.com\/de\/produkt\/kremationsurne-fuer-snowboarder-motiv-snowboard\/#primaryimage"},"thumbnailUrl":"https:\/\/www.rememberme-forever.com\/wp-content\/uploads\/2025\/06\/snowboard-urn_0001.jpg","datePublished":"2025-06-26T09:16:00+00:00","dateModified":"2025-10-29T12:17:05+00:00","breadcrumb":{"@id":"https:\/\/www.rememberme-forever.com\/de\/produkt\/kremationsurne-fuer-snowboarder-motiv-snowboard\/#breadcrumb"},"inLanguage":"de","potentialAction":[{"@type":"ReadAction","target":["https:\/\/www.rememberme-forever.com\/de\/produkt\/kremationsurne-fuer-snowboarder-motiv-snowboard\/"]}]},{"@type":"ImageObject","inLanguage":"de","@id":"https:\/\/www.rememberme-forever.com\/de\/produkt\/kremationsurne-fuer-snowboarder-motiv-snowboard\/#primaryimage","url":"https:\/\/www.rememberme-forever.com\/wp-content\/uploads\/2025\/06\/snowboard-urn_0001.jpg","contentUrl":"https:\/\/www.rememberme-forever.com\/wp-content\/uploads\/2025\/06\/snowboard-urn_0001.jpg","width":1007,"height":1024,"caption":"urn for the snowboarder"},{"@type":"BreadcrumbList","@id":"https:\/\/www.rememberme-forever.com\/de\/produkt\/kremationsurne-fuer-snowboarder-motiv-snowboard\/#breadcrumb","itemListElement":[{"@type":"ListItem","position":1,"name":"Home","item":"https:\/\/www.rememberme-forever.com\/de\/startseite\/"},{"@type":"ListItem","position":2,"name":"Shop","item":"https:\/\/www.rememberme-forever.com\/de\/shop\/"},{"@type":"ListItem","position":3,"name":"Kremationsurne f\u00fcr Snowboarder \u2013 Motiv: Snowboard"}]},{"@type":"WebSite","@id":"https:\/\/www.rememberme-forever.com\/de\/#website","url":"https:\/\/www.rememberme-forever.com\/de\/","name":"Remember Forever","description":"Cremation urns, funeral urns, urns for ashes","publisher":{"@id":"https:\/\/www.rememberme-forever.com\/de\/#organization"},"potentialAction":[{"@type":"SearchAction","target":{"@type":"EntryPoint","urlTemplate":"https:\/\/www.rememberme-forever.com\/de\/?s={search_term_string}"},"query-input":{"@type":"PropertyValueSpecification","valueRequired":true,"valueName":"search_term_string"}}],"inLanguage":"de"},{"@type":"Organization","@id":"https:\/\/www.rememberme-forever.com\/de\/#organization","name":"Remember Forever","url":"https:\/\/www.rememberme-forever.com\/de\/","logo":{"@type":"ImageObject","inLanguage":"de","@id":"https:\/\/www.rememberme-forever.com\/de\/#\/schema\/logo\/image\/","url":"https:\/\/www.rememberme-forever.com\/wp-content\/uploads\/2023\/02\/logo.png","contentUrl":"https:\/\/www.rememberme-forever.com\/wp-content\/uploads\/2023\/02\/logo.png","width":300,"height":56,"caption":"Remember Forever"},"image":{"@id":"https:\/\/www.rememberme-forever.com\/de\/#\/schema\/logo\/image\/"}}]}},"acf":[],"_links":{"self":[{"href":"https:\/\/www.rememberme-forever.com\/de\/wp-json\/wp\/v2\/product\/21588","targetHints":{"allow":["GET"]}}],"collection":[{"href":"https:\/\/www.rememberme-forever.com\/de\/wp-json\/wp\/v2\/product"}],"about":[{"href":"https:\/\/www.rememberme-forever.com\/de\/wp-json\/wp\/v2\/types\/product"}],"wp:featuredmedia":[{"embeddable":true,"href":"https:\/\/www.rememberme-forever.com\/de\/wp-json\/wp\/v2\/media\/21589"}],"wp:attachment":[{"href":"https:\/\/www.rememberme-forever.com\/de\/wp-json\/wp\/v2\/media?parent=21588"}],"wp:term":[{"taxonomy":"product_brand","embeddable":true,"href":"https:\/\/www.rememberme-forever.com\/de\/wp-json\/wp\/v2\/product_brand?post=21588"},{"taxonomy":"product_cat","embeddable":true,"href":"https:\/\/www.rememberme-forever.com\/de\/wp-json\/wp\/v2\/product_cat?post=21588"},{"taxonomy":"product_tag","embeddable":true,"href":"https:\/\/www.rememberme-forever.com\/de\/wp-json\/wp\/v2\/product_tag?post=21588"}],"curies":[{"name":"wp","href":"https:\/\/api.w.org\/{rel}","templated":true}]}}