{"id":21700,"date":"2025-02-07T09:11:12","date_gmt":"2025-02-07T08:11:12","guid":{"rendered":"https:\/\/www.rememberme-forever.com\/product\/urne-mit-wolfsmotiv-einsamer-wolf\/"},"modified":"2025-10-29T15:40:42","modified_gmt":"2025-10-29T14:40:42","slug":"urne-mit-wolfsmotiv-einsamer-wolf","status":"publish","type":"product","link":"https:\/\/www.rememberme-forever.com\/de\/produkt\/urne-mit-wolfsmotiv-einsamer-wolf\/","title":{"rendered":"Urne mit Wolfsmotiv \u2013 Einsamer Wolf"},"content":{"rendered":"<p style=\"text-align: center;\">Ehren Sie die Erinnerung an einen geliebten Menschen mit dieser Urne im Wolfsmotiv, einem Symbol f\u00fcr St\u00e4rke, Unabh\u00e4ngigkeit und einen ungez\u00e4hmten Geist. Gefertigt aus hochwertigem Massivholz, zeigt diese Urne einen wundersch\u00f6n gravierten einsamen Wolf, der Widerstandsf\u00e4higkeit, Mut und Freiheit verk\u00f6rpert. Ein perfektes Andenken f\u00fcr alle, die ihren eigenen Weg im Leben gingen und das Wilde und Unbekannte liebten.<\/p>\n<div style=\"width: 100%; margin-bottom: 40px; height: max-content; padding-bottom: 60%; position: relative;\"><iframe style=\"position: absolute; top: 0; left: 0; width: 100%; height: 100%;\" src=\"https:\/\/rememberme-urns.com\/cremation-urn-with-wolf\/\" frameborder=\"0\"><\/iframe><\/div>\n<div style=\"color: red; text-align: center; margin-bottom: 25px;\">\n<p>&gt;&gt; Rotierendes Foto &#8211; Tippen\/Zoomen &lt;&lt;<\/p>\n<\/div>\n<h3 style=\"text-align: center;\"><strong>Hauptmerkmale:<\/strong><\/h3>\n<ul>\n<li style=\"text-align: center;\">Graviertes Motiv: Einsamer Wolf \u2013 Eine eindrucksvolle Darstellung eines einsamen Wolfs, Symbol f\u00fcr St\u00e4rke, Treue und Unabh\u00e4ngigkeit.<\/li>\n<li style=\"text-align: center;\">Hochwertige Massivholzkonstruktion \u2013 Hergestellt aus erstklassigem Hartholz f\u00fcr Langlebigkeit und eine zeitlose, nat\u00fcrliche Optik.<\/li>\n<li style=\"text-align: center;\">Personalisierbare Gedenktafel \u2013 Optionale Gravur mit Namen, Daten oder einer pers\u00f6nlichen Botschaft f\u00fcr ein einzigartiges Andenken.<\/li>\n<li style=\"text-align: center;\">Gro\u00dfes Fassungsverm\u00f6gen f\u00fcr Erwachsene \u2013 Ger\u00e4umiger Innenraum f\u00fcr die sichere Aufbewahrung der Asche eines Erwachsenen.<\/li>\n<li style=\"text-align: center;\">Sicherer Verschluss von unten \u2013 Ein diskretes und sicheres Verschlusssystem zur diskreten Aufbewahrung der Asche.<\/li>\n<li style=\"text-align: center;\">Elegante Urnenform \u2013 Klassisches und minimalistisches Design, das sich harmonisch in jede Gedenkst\u00e4tte einf\u00fcgt.<\/li>\n<\/ul>\n<p style=\"text-align: center;\">Diese Urne mit Wolfsmotiv eignet sich perfekt f\u00fcr die Aufstellung zu Hause, in einer Gedenkst\u00e4tte oder f\u00fcr die Beisetzung. Sie ist ein bleibendes Andenken an eine starke und unabh\u00e4ngige Seele und ehrt ihren freien Geist und ihren ungebundenen Lebensweg.<\/p>\n<p style=\"text-align: center;\"><strong>Ein Symbol f\u00fcr St\u00e4rke, Freiheit und ein unvergessliches Verm\u00e4chtnis.<\/strong><\/p>\n<p>&nbsp;<\/p>\n<p style=\"text-align: center;\"><strong>\u25ba PERSONALISIERUNG \u25c4<\/strong><\/p>\n<p style=\"text-align: center;\">\u2714\ufe0f Wenn Sie sich f\u00fcr eine personalisierte Plakette entscheiden, geben Sie den Text an der entsprechenden Stelle ein oder schicken Sie uns eine Nachricht.<\/p>\n<p style=\"text-align: center;\">\u2714\ufe0f Die personalisierte Gedenktafel muss w\u00e4hrend des Bestellvorgangs angepasst werden. (Keine Sorge, wenn Sie es vergessen, Sie k\u00f6nnen uns sp\u00e4ter immer noch eine Nachricht schicken).<\/p>\n<p style=\"text-align: center;\">Die Textbeschr\u00e4nkungen lauten wie folgt:<\/p>\n<ul>\n<li style=\"text-align: center;\">Name(n) bis zu 35 Zeichen<\/li>\n<li style=\"text-align: center;\">Geburts- und Sterbedatum bis zu 35 Zeichen<\/li>\n<li style=\"text-align: center;\">Dritte Zeile bis zu 35 Zeichen<\/li>\n<\/ul>\n<p style=\"text-align: center;\">\u2714\ufe0f Bitte <strong>\u00fcberpr\u00fcfen<\/strong> Sie den Gravurtext <strong>ZWEIFACH<\/strong>, bevor Sie das Produkt in Ihren Warenkorb legen. Wir kopieren und gravieren genau die Informationen, die wir mit der Bestellung erhalten, und nehmen unsererseits keine \u00c4nderungen vor.<\/p>\n<p style=\"text-align: center;\">\u2714\ufe0f \u00dcberpr\u00fcfen Sie den Text, um sicherzustellen, dass die Schreibweise korrekt ist.<\/p>\n<p style=\"text-align: center;\">\u2714\ufe0f Geben Sie <strong>KEINE<\/strong> Gravurinformationen ein, wenn Sie die Option &#8218;Urne ohne Plakette&#8216; kaufen.<\/p>\n","protected":false},"excerpt":{"rendered":"<p>Ehren Sie die Erinnerung an einen geliebten Menschen mit dieser Urne im Wolfsmotiv, einem Symbol f\u00fcr St\u00e4rke, Unabh\u00e4ngigkeit und einen ungez\u00e4hmten Geist. Gefertigt aus hochwertigem&#8230;<\/p>\n","protected":false},"featured_media":21701,"template":"","meta":{"_acf_changed":false},"product_brand":[],"product_cat":[2354,2344],"product_tag":[3305],"class_list":{"0":"post-21700","1":"product","2":"type-product","3":"status-publish","4":"has-post-thumbnail","6":"product_cat-mit-tieren","7":"product_cat-motivurnen","8":"product_tag-gpsr-all-wood-urns","9":"product_shipping_class-2-4kg","11":"first","12":"instock","13":"taxable","14":"shipping-taxable","15":"purchasable","16":"product-type-variable"},"yoast_head":"<!-- This site is optimized with the Yoast SEO plugin v27.4 - https:\/\/yoast.com\/product\/yoast-seo-wordpress\/ -->\n<title>Remember Forever<\/title>\n<meta name=\"robots\" content=\"index, follow, max-snippet:-1, max-image-preview:large, max-video-preview:-1\" \/>\n<link rel=\"canonical\" href=\"https:\/\/www.rememberme-forever.com\/de\/produkt\/urne-mit-wolfsmotiv-einsamer-wolf\/\" \/>\n<meta property=\"og:locale\" content=\"de_DE\" \/>\n<meta property=\"og:type\" content=\"article\" \/>\n<meta property=\"og:description\" content=\"Ehren Sie die Erinnerung an einen geliebten Menschen mit dieser Urne im Wolfsmotiv, einem Symbol f\u00fcr St\u00e4rke, Unabh\u00e4ngigkeit und einen ungez\u00e4hmten Geist. Gefertigt aus hochwertigem...\" \/>\n<meta property=\"og:url\" content=\"https:\/\/www.rememberme-forever.com\/de\/produkt\/urne-mit-wolfsmotiv-einsamer-wolf\/\" \/>\n<meta property=\"og:site_name\" content=\"Remember Forever\" \/>\n<meta property=\"article:modified_time\" content=\"2025-10-29T14:40:42+00:00\" \/>\n<meta property=\"og:image\" content=\"http:\/\/www.rememberme-forever.com\/wp-content\/uploads\/2025\/02\/wolf-urn-black_0001.jpg\" \/>\n\t<meta property=\"og:image:width\" content=\"1007\" \/>\n\t<meta property=\"og:image:height\" content=\"1024\" \/>\n\t<meta property=\"og:image:type\" content=\"image\/jpeg\" \/>\n<meta name=\"twitter:card\" content=\"summary_large_image\" \/>\n<meta name=\"twitter:label1\" content=\"Gesch\u00e4tzte Lesezeit\" \/>\n\t<meta name=\"twitter:data1\" content=\"2\u00a0Minute\" \/>\n<script type=\"application\/ld+json\" class=\"yoast-schema-graph\">{\"@context\":\"https:\\\/\\\/schema.org\",\"@graph\":[{\"@type\":\"WebPage\",\"@id\":\"https:\\\/\\\/www.rememberme-forever.com\\\/de\\\/produkt\\\/urne-mit-wolfsmotiv-einsamer-wolf\\\/\",\"url\":\"https:\\\/\\\/www.rememberme-forever.com\\\/de\\\/produkt\\\/urne-mit-wolfsmotiv-einsamer-wolf\\\/\",\"name\":\"\",\"isPartOf\":{\"@id\":\"https:\\\/\\\/www.rememberme-forever.com\\\/de\\\/#website\"},\"primaryImageOfPage\":{\"@id\":\"https:\\\/\\\/www.rememberme-forever.com\\\/de\\\/produkt\\\/urne-mit-wolfsmotiv-einsamer-wolf\\\/#primaryimage\"},\"image\":{\"@id\":\"https:\\\/\\\/www.rememberme-forever.com\\\/de\\\/produkt\\\/urne-mit-wolfsmotiv-einsamer-wolf\\\/#primaryimage\"},\"thumbnailUrl\":\"https:\\\/\\\/www.rememberme-forever.com\\\/wp-content\\\/uploads\\\/2025\\\/02\\\/wolf-urn-black_0001.jpg\",\"datePublished\":\"2025-02-07T08:11:12+00:00\",\"dateModified\":\"2025-10-29T14:40:42+00:00\",\"breadcrumb\":{\"@id\":\"https:\\\/\\\/www.rememberme-forever.com\\\/de\\\/produkt\\\/urne-mit-wolfsmotiv-einsamer-wolf\\\/#breadcrumb\"},\"inLanguage\":\"de\",\"potentialAction\":[{\"@type\":\"ReadAction\",\"target\":[\"https:\\\/\\\/www.rememberme-forever.com\\\/de\\\/produkt\\\/urne-mit-wolfsmotiv-einsamer-wolf\\\/\"]}]},{\"@type\":\"ImageObject\",\"inLanguage\":\"de\",\"@id\":\"https:\\\/\\\/www.rememberme-forever.com\\\/de\\\/produkt\\\/urne-mit-wolfsmotiv-einsamer-wolf\\\/#primaryimage\",\"url\":\"https:\\\/\\\/www.rememberme-forever.com\\\/wp-content\\\/uploads\\\/2025\\\/02\\\/wolf-urn-black_0001.jpg\",\"contentUrl\":\"https:\\\/\\\/www.rememberme-forever.com\\\/wp-content\\\/uploads\\\/2025\\\/02\\\/wolf-urn-black_0001.jpg\",\"width\":1007,\"height\":1024,\"caption\":\"Urn With Wolf\"},{\"@type\":\"BreadcrumbList\",\"@id\":\"https:\\\/\\\/www.rememberme-forever.com\\\/de\\\/produkt\\\/urne-mit-wolfsmotiv-einsamer-wolf\\\/#breadcrumb\",\"itemListElement\":[{\"@type\":\"ListItem\",\"position\":1,\"name\":\"Home\",\"item\":\"https:\\\/\\\/www.rememberme-forever.com\\\/de\\\/startseite\\\/\"},{\"@type\":\"ListItem\",\"position\":2,\"name\":\"Shop\",\"item\":\"https:\\\/\\\/www.rememberme-forever.com\\\/de\\\/shop\\\/\"},{\"@type\":\"ListItem\",\"position\":3,\"name\":\"Urne mit Wolfsmotiv \u2013 Einsamer Wolf\"}]},{\"@type\":\"WebSite\",\"@id\":\"https:\\\/\\\/www.rememberme-forever.com\\\/de\\\/#website\",\"url\":\"https:\\\/\\\/www.rememberme-forever.com\\\/de\\\/\",\"name\":\"Remember Forever\",\"description\":\"Cremation urns, funeral urns, urns for ashes\",\"publisher\":{\"@id\":\"https:\\\/\\\/www.rememberme-forever.com\\\/de\\\/#organization\"},\"potentialAction\":[{\"@type\":\"SearchAction\",\"target\":{\"@type\":\"EntryPoint\",\"urlTemplate\":\"https:\\\/\\\/www.rememberme-forever.com\\\/de\\\/?s={search_term_string}\"},\"query-input\":{\"@type\":\"PropertyValueSpecification\",\"valueRequired\":true,\"valueName\":\"search_term_string\"}}],\"inLanguage\":\"de\"},{\"@type\":\"Organization\",\"@id\":\"https:\\\/\\\/www.rememberme-forever.com\\\/de\\\/#organization\",\"name\":\"Remember Forever\",\"url\":\"https:\\\/\\\/www.rememberme-forever.com\\\/de\\\/\",\"logo\":{\"@type\":\"ImageObject\",\"inLanguage\":\"de\",\"@id\":\"https:\\\/\\\/www.rememberme-forever.com\\\/de\\\/#\\\/schema\\\/logo\\\/image\\\/\",\"url\":\"https:\\\/\\\/www.rememberme-forever.com\\\/wp-content\\\/uploads\\\/2023\\\/02\\\/logo.png\",\"contentUrl\":\"https:\\\/\\\/www.rememberme-forever.com\\\/wp-content\\\/uploads\\\/2023\\\/02\\\/logo.png\",\"width\":300,\"height\":56,\"caption\":\"Remember Forever\"},\"image\":{\"@id\":\"https:\\\/\\\/www.rememberme-forever.com\\\/de\\\/#\\\/schema\\\/logo\\\/image\\\/\"}}]}<\/script>\n<!-- \/ Yoast SEO plugin. -->","yoast_head_json":{"title":"Remember Forever","robots":{"index":"index","follow":"follow","max-snippet":"max-snippet:-1","max-image-preview":"max-image-preview:large","max-video-preview":"max-video-preview:-1"},"canonical":"https:\/\/www.rememberme-forever.com\/de\/produkt\/urne-mit-wolfsmotiv-einsamer-wolf\/","og_locale":"de_DE","og_type":"article","og_description":"Ehren Sie die Erinnerung an einen geliebten Menschen mit dieser Urne im Wolfsmotiv, einem Symbol f\u00fcr St\u00e4rke, Unabh\u00e4ngigkeit und einen ungez\u00e4hmten Geist. Gefertigt aus hochwertigem...","og_url":"https:\/\/www.rememberme-forever.com\/de\/produkt\/urne-mit-wolfsmotiv-einsamer-wolf\/","og_site_name":"Remember Forever","article_modified_time":"2025-10-29T14:40:42+00:00","og_image":[{"width":1007,"height":1024,"url":"http:\/\/www.rememberme-forever.com\/wp-content\/uploads\/2025\/02\/wolf-urn-black_0001.jpg","type":"image\/jpeg"}],"twitter_card":"summary_large_image","twitter_misc":{"Gesch\u00e4tzte Lesezeit":"2\u00a0Minute"},"schema":{"@context":"https:\/\/schema.org","@graph":[{"@type":"WebPage","@id":"https:\/\/www.rememberme-forever.com\/de\/produkt\/urne-mit-wolfsmotiv-einsamer-wolf\/","url":"https:\/\/www.rememberme-forever.com\/de\/produkt\/urne-mit-wolfsmotiv-einsamer-wolf\/","name":"","isPartOf":{"@id":"https:\/\/www.rememberme-forever.com\/de\/#website"},"primaryImageOfPage":{"@id":"https:\/\/www.rememberme-forever.com\/de\/produkt\/urne-mit-wolfsmotiv-einsamer-wolf\/#primaryimage"},"image":{"@id":"https:\/\/www.rememberme-forever.com\/de\/produkt\/urne-mit-wolfsmotiv-einsamer-wolf\/#primaryimage"},"thumbnailUrl":"https:\/\/www.rememberme-forever.com\/wp-content\/uploads\/2025\/02\/wolf-urn-black_0001.jpg","datePublished":"2025-02-07T08:11:12+00:00","dateModified":"2025-10-29T14:40:42+00:00","breadcrumb":{"@id":"https:\/\/www.rememberme-forever.com\/de\/produkt\/urne-mit-wolfsmotiv-einsamer-wolf\/#breadcrumb"},"inLanguage":"de","potentialAction":[{"@type":"ReadAction","target":["https:\/\/www.rememberme-forever.com\/de\/produkt\/urne-mit-wolfsmotiv-einsamer-wolf\/"]}]},{"@type":"ImageObject","inLanguage":"de","@id":"https:\/\/www.rememberme-forever.com\/de\/produkt\/urne-mit-wolfsmotiv-einsamer-wolf\/#primaryimage","url":"https:\/\/www.rememberme-forever.com\/wp-content\/uploads\/2025\/02\/wolf-urn-black_0001.jpg","contentUrl":"https:\/\/www.rememberme-forever.com\/wp-content\/uploads\/2025\/02\/wolf-urn-black_0001.jpg","width":1007,"height":1024,"caption":"Urn With Wolf"},{"@type":"BreadcrumbList","@id":"https:\/\/www.rememberme-forever.com\/de\/produkt\/urne-mit-wolfsmotiv-einsamer-wolf\/#breadcrumb","itemListElement":[{"@type":"ListItem","position":1,"name":"Home","item":"https:\/\/www.rememberme-forever.com\/de\/startseite\/"},{"@type":"ListItem","position":2,"name":"Shop","item":"https:\/\/www.rememberme-forever.com\/de\/shop\/"},{"@type":"ListItem","position":3,"name":"Urne mit Wolfsmotiv \u2013 Einsamer Wolf"}]},{"@type":"WebSite","@id":"https:\/\/www.rememberme-forever.com\/de\/#website","url":"https:\/\/www.rememberme-forever.com\/de\/","name":"Remember Forever","description":"Cremation urns, funeral urns, urns for ashes","publisher":{"@id":"https:\/\/www.rememberme-forever.com\/de\/#organization"},"potentialAction":[{"@type":"SearchAction","target":{"@type":"EntryPoint","urlTemplate":"https:\/\/www.rememberme-forever.com\/de\/?s={search_term_string}"},"query-input":{"@type":"PropertyValueSpecification","valueRequired":true,"valueName":"search_term_string"}}],"inLanguage":"de"},{"@type":"Organization","@id":"https:\/\/www.rememberme-forever.com\/de\/#organization","name":"Remember Forever","url":"https:\/\/www.rememberme-forever.com\/de\/","logo":{"@type":"ImageObject","inLanguage":"de","@id":"https:\/\/www.rememberme-forever.com\/de\/#\/schema\/logo\/image\/","url":"https:\/\/www.rememberme-forever.com\/wp-content\/uploads\/2023\/02\/logo.png","contentUrl":"https:\/\/www.rememberme-forever.com\/wp-content\/uploads\/2023\/02\/logo.png","width":300,"height":56,"caption":"Remember Forever"},"image":{"@id":"https:\/\/www.rememberme-forever.com\/de\/#\/schema\/logo\/image\/"}}]}},"acf":[],"_links":{"self":[{"href":"https:\/\/www.rememberme-forever.com\/de\/wp-json\/wp\/v2\/product\/21700","targetHints":{"allow":["GET"]}}],"collection":[{"href":"https:\/\/www.rememberme-forever.com\/de\/wp-json\/wp\/v2\/product"}],"about":[{"href":"https:\/\/www.rememberme-forever.com\/de\/wp-json\/wp\/v2\/types\/product"}],"wp:featuredmedia":[{"embeddable":true,"href":"https:\/\/www.rememberme-forever.com\/de\/wp-json\/wp\/v2\/media\/21701"}],"wp:attachment":[{"href":"https:\/\/www.rememberme-forever.com\/de\/wp-json\/wp\/v2\/media?parent=21700"}],"wp:term":[{"taxonomy":"product_brand","embeddable":true,"href":"https:\/\/www.rememberme-forever.com\/de\/wp-json\/wp\/v2\/product_brand?post=21700"},{"taxonomy":"product_cat","embeddable":true,"href":"https:\/\/www.rememberme-forever.com\/de\/wp-json\/wp\/v2\/product_cat?post=21700"},{"taxonomy":"product_tag","embeddable":true,"href":"https:\/\/www.rememberme-forever.com\/de\/wp-json\/wp\/v2\/product_tag?post=21700"}],"curies":[{"name":"wp","href":"https:\/\/api.w.org\/{rel}","templated":true}]}}