{"id":21851,"date":"2025-10-30T09:41:09","date_gmt":"2025-10-30T08:41:09","guid":{"rendered":"https:\/\/www.rememberme-forever.com\/product\/personalisierte-grabvase-eine-elegante-grabdekoration\/"},"modified":"2025-10-30T13:04:01","modified_gmt":"2025-10-30T12:04:01","slug":"personalisierte-grabvase-eine-elegante-grabdekoration","status":"publish","type":"product","link":"https:\/\/www.rememberme-forever.com\/de\/produkt\/personalisierte-grabvase-eine-elegante-grabdekoration\/","title":{"rendered":"Personalisierte Grabvase \u2013 eine elegante Grabdekoration"},"content":{"rendered":"<p style=\"text-align: center;\" data-start=\"260\" data-end=\"406\"><strong data-start=\"260\" data-end=\"404\">Im Lieferumfang enthalten sind die Vase und optional eine Gedenktafel mit Ihrem Wunschtext. Die abgebildeten Blumen sind nicht Teil des Sets. <\/strong><\/p>\n<p style=\"text-align: center;\" data-start=\"408\" data-end=\"625\">Die sichtbare Einkerbung an der Seite der Vase dient dem Abfluss von \u00fcbersch\u00fcssigem Wasser und verhindert so Risse durch Witterungseinfl\u00fcsse. Dadurch beh\u00e4lt die Vase \u00fcber viele Jahre ihr ansprechendes Aussehen.<\/p>\n<p style=\"text-align: center;\" data-start=\"627\" data-end=\"917\">Diese schwere und robuste Grabvase ist aus einem widerstandsf\u00e4higen Verbundmaterial gefertigt, das regen-, frost- und UV-best\u00e4ndig ist. Ihre elegante Form mit dezenten Verzierungen und die Farbgebung in Schwarz- und Rott\u00f6nen (Aurora) f\u00fcgen sich harmonisch in jedes Grabbild ein.<\/p>\n<p style=\"text-align: center;\" data-start=\"919\" data-end=\"1104\">Die Vase kann zus\u00e4tzlich mit einer personalisierten, gravierten Gedenktafel erg\u00e4nzt werden, die zwischen den Blumen platziert wird. Eine dezente Art, einem geliebten Menschen zu gedenken und Liebe auszudr\u00fccken.<\/p>\n<div style=\"width: 100%; margin-bottom: 40px; height: max-content; padding-bottom: 60%; position: relative;\"><iframe style=\"position: absolute; top: 0; left: 0; width: 100%; height: 100%;\" src=\"https:\/\/rememberme-urns.com\/cemetery-vases-large-size\/\" frameborder=\"0\"><\/iframe><\/div>\n<div style=\"color: red; text-align: center; margin-bottom: 25px;\">\n<p>&gt;&gt; Rotierendes Foto &#8211; Tippen\/Zoomen &lt;&lt;<\/p>\n<\/div>\n<p style=\"text-align: center;\" data-start=\"1106\" data-end=\"1127\"><strong data-start=\"1106\" data-end=\"1125\">Produktmerkmale:<\/strong><\/p>\n<p style=\"text-align: center;\" data-start=\"1130\" data-end=\"1191\">Material: Verbundwerkstoff (witterungsbest\u00e4ndig)<\/p>\n<p style=\"text-align: center;\" data-start=\"1194\" data-end=\"1234\">Farbe: Schwarzer und roter Granit (Aurora)<\/p>\n<p style=\"text-align: center;\" data-start=\"1237\" data-end=\"1299\">Drainagekerbe (Schutz vor Rissbildung)<\/p>\n<p style=\"text-align: center;\" data-start=\"1237\" data-end=\"1299\">Optionale Gedenktafel mit Ihrem Wunschtext (Gravur)<\/p>\n<p style=\"text-align: center;\" data-start=\"1354\" data-end=\"1382\">Schwer, stabil und robust<\/p>\n<p style=\"text-align: center;\" data-start=\"1385\" data-end=\"1412\">Ideal f\u00fcr jeden Grabstein<\/p>\n<div style=\"text-align: center;\"><strong data-start=\"1414\" data-end=\"1427\">F\u00fcr wen:<\/strong><\/div>\n<div style=\"text-align: center;\">F\u00fcr alle, die eine elegante, langlebige und symboltr\u00e4chtige Grabdekoration suchen \u2013 ideal zum Gedenken an Verstorbene.<\/div>\n<p class=\"MsoNormal\" style=\"text-align: center;\" align=\"center\"><b><b>\u25ba PERSONALISIERUNG \u25c4<\/b><\/b><\/p>\n<p class=\"MsoNormal\" style=\"text-align: center;\" align=\"center\"><span lang=\"EN-US\">Wenn Sie eine personalisierte Plakette w\u00e4hlen, geben Sie den Text bitte an der entsprechenden Stelle ein oder senden Sie uns eine Nachricht.<\/span><\/p>\n<p class=\"MsoNormal\" style=\"text-align: center;\" align=\"center\"><span lang=\"EN-US\">Die personalisierte Gedenktafel muss w\u00e4hrend des Bestellvorgangs personalisiert werden. (Keine Sorge, falls Sie es vergessen, Sie k\u00f6nnen uns sp\u00e4ter jederzeit eine Nachricht senden.) <\/span><\/p>\n<p class=\"MsoNormal\" style=\"text-align: center;\" align=\"center\">\n<p class=\"MsoNormal\" style=\"text-align: center;\" align=\"center\"><b><span lang=\"EN-US\">Die Textbeschr\u00e4nkungen lauten wie folgt:<\/span><\/b><\/p>\n<p class=\"MsoNormal\" style=\"text-align: center;\" align=\"center\">&#8211; Name(n) bis zu 24 Zeichen<\/p>\n<p class=\"MsoNormal\" style=\"text-align: center;\" align=\"center\"><span lang=\"EN-US\">&#8211; Geburts- und Sterbedatum bis zu 24 Zeichen<\/span><\/p>\n<p class=\"MsoNormal\" style=\"text-align: center;\" align=\"center\">&#8211; Dritte Zeile bis zu 24 Zeichen<\/p>\n<p class=\"MsoNormal\" style=\"text-align: center;\" align=\"center\">&#8211; Vierte Zeile bis zu 24 Zeichen<\/p>\n<p class=\"MsoNormal\" style=\"text-align: center;\" align=\"center\">&#8211; F\u00fcnfte Zeile bis zu 24 Zeichen<\/p>\n<p class=\"MsoNormal\" style=\"text-align: center;\" align=\"center\">&#8211; Sechste Zeile bis zu 24 Zeichen<\/p>\n<p class=\"MsoNormal\" style=\"text-align: center;\" align=\"center\">\n<p class=\"MsoNormal\" style=\"text-align: center;\" align=\"center\"><b><span lang=\"EN-US\">Bitte \u00fcberpr\u00fcfen Sie den Gravurtext, bevor Sie das Produkt in den Warenkorb legen. Wir kopieren und gravieren genau die Informationen, die wir mit der Bestellung erhalten, und nehmen keine \u00c4nderungen vor. <\/span><\/b><\/p>\n<p class=\"MsoNormal\" style=\"text-align: center;\" align=\"center\">\n<p class=\"MsoNormal\" style=\"text-align: center;\" align=\"center\"><span lang=\"EN-US\">\u00dcberpr\u00fcfen Sie den Text auf korrekte Schreibweise.<\/span><\/p>\n<p class=\"MsoNormal\" style=\"text-align: center;\" align=\"center\">Geben Sie KEINE Gravurinformationen ein, wenn Sie die Option \u201eUrne ohne Plakette\u201c w\u00e4hlen.<\/p>\n","protected":false},"excerpt":{"rendered":"<p>Im Lieferumfang enthalten sind die Vase und optional eine Gedenktafel mit Ihrem Wunschtext. Die abgebildeten Blumen sind nicht Teil des Sets. Die sichtbare Einkerbung an&#8230;<\/p>\n","protected":false},"featured_media":21738,"template":"","meta":{"_acf_changed":false},"product_brand":[],"product_cat":[2330],"product_tag":[3301],"class_list":{"0":"post-21851","1":"product","2":"type-product","3":"status-publish","4":"has-post-thumbnail","6":"product_cat-zubehoer","7":"product_tag-gpsr-all-urns-accesories","8":"product_shipping_class-5-10kg-de","10":"first","11":"instock","12":"taxable","13":"shipping-taxable","14":"purchasable","15":"product-type-simple"},"yoast_head":"<!-- This site is optimized with the Yoast SEO plugin v27.4 - https:\/\/yoast.com\/product\/yoast-seo-wordpress\/ -->\n<title>Personalisierte Grabvase \u2013 eine elegante Grabdekoration - Remember Forever<\/title>\n<meta name=\"robots\" content=\"index, follow, max-snippet:-1, max-image-preview:large, max-video-preview:-1\" \/>\n<link rel=\"canonical\" href=\"https:\/\/www.rememberme-forever.com\/de\/produkt\/personalisierte-grabvase-eine-elegante-grabdekoration\/\" \/>\n<meta property=\"og:locale\" content=\"de_DE\" \/>\n<meta property=\"og:type\" content=\"article\" \/>\n<meta property=\"og:title\" content=\"Personalisierte Grabvase \u2013 eine elegante Grabdekoration - Remember Forever\" \/>\n<meta property=\"og:description\" content=\"Im Lieferumfang enthalten sind die Vase und optional eine Gedenktafel mit Ihrem Wunschtext. Die abgebildeten Blumen sind nicht Teil des Sets. Die sichtbare Einkerbung an...\" \/>\n<meta property=\"og:url\" content=\"https:\/\/www.rememberme-forever.com\/de\/produkt\/personalisierte-grabvase-eine-elegante-grabdekoration\/\" \/>\n<meta property=\"og:site_name\" content=\"Remember Forever\" \/>\n<meta property=\"article:modified_time\" content=\"2025-10-30T12:04:01+00:00\" \/>\n<meta property=\"og:image\" content=\"http:\/\/www.rememberme-forever.com\/wp-content\/uploads\/2025\/10\/en-flowers.png\" \/>\n\t<meta property=\"og:image:width\" content=\"1024\" \/>\n\t<meta property=\"og:image:height\" content=\"1536\" \/>\n\t<meta property=\"og:image:type\" content=\"image\/png\" \/>\n<meta name=\"twitter:card\" content=\"summary_large_image\" \/>\n<meta name=\"twitter:label1\" content=\"Gesch\u00e4tzte Lesezeit\" \/>\n\t<meta name=\"twitter:data1\" content=\"2\u00a0Minute\" \/>\n<script type=\"application\/ld+json\" class=\"yoast-schema-graph\">{\"@context\":\"https:\\\/\\\/schema.org\",\"@graph\":[{\"@type\":\"WebPage\",\"@id\":\"https:\\\/\\\/www.rememberme-forever.com\\\/de\\\/produkt\\\/personalisierte-grabvase-eine-elegante-grabdekoration\\\/\",\"url\":\"https:\\\/\\\/www.rememberme-forever.com\\\/de\\\/produkt\\\/personalisierte-grabvase-eine-elegante-grabdekoration\\\/\",\"name\":\"Personalisierte Grabvase \u2013 eine elegante Grabdekoration - Remember Forever\",\"isPartOf\":{\"@id\":\"https:\\\/\\\/www.rememberme-forever.com\\\/de\\\/#website\"},\"primaryImageOfPage\":{\"@id\":\"https:\\\/\\\/www.rememberme-forever.com\\\/de\\\/produkt\\\/personalisierte-grabvase-eine-elegante-grabdekoration\\\/#primaryimage\"},\"image\":{\"@id\":\"https:\\\/\\\/www.rememberme-forever.com\\\/de\\\/produkt\\\/personalisierte-grabvase-eine-elegante-grabdekoration\\\/#primaryimage\"},\"thumbnailUrl\":\"https:\\\/\\\/www.rememberme-forever.com\\\/wp-content\\\/uploads\\\/2025\\\/10\\\/en-flowers.png\",\"datePublished\":\"2025-10-30T08:41:09+00:00\",\"dateModified\":\"2025-10-30T12:04:01+00:00\",\"breadcrumb\":{\"@id\":\"https:\\\/\\\/www.rememberme-forever.com\\\/de\\\/produkt\\\/personalisierte-grabvase-eine-elegante-grabdekoration\\\/#breadcrumb\"},\"inLanguage\":\"de\",\"potentialAction\":[{\"@type\":\"ReadAction\",\"target\":[\"https:\\\/\\\/www.rememberme-forever.com\\\/de\\\/produkt\\\/personalisierte-grabvase-eine-elegante-grabdekoration\\\/\"]}]},{\"@type\":\"ImageObject\",\"inLanguage\":\"de\",\"@id\":\"https:\\\/\\\/www.rememberme-forever.com\\\/de\\\/produkt\\\/personalisierte-grabvase-eine-elegante-grabdekoration\\\/#primaryimage\",\"url\":\"https:\\\/\\\/www.rememberme-forever.com\\\/wp-content\\\/uploads\\\/2025\\\/10\\\/en-flowers.png\",\"contentUrl\":\"https:\\\/\\\/www.rememberme-forever.com\\\/wp-content\\\/uploads\\\/2025\\\/10\\\/en-flowers.png\",\"width\":1024,\"height\":1536,\"caption\":\"Grabvase aus Aurora-Granit mit roten und wei\u00dfen Kunstblumen und Gedenktafel \u201eF\u00fcr immer in Erinnerung\u201c.\"},{\"@type\":\"BreadcrumbList\",\"@id\":\"https:\\\/\\\/www.rememberme-forever.com\\\/de\\\/produkt\\\/personalisierte-grabvase-eine-elegante-grabdekoration\\\/#breadcrumb\",\"itemListElement\":[{\"@type\":\"ListItem\",\"position\":1,\"name\":\"Home\",\"item\":\"https:\\\/\\\/www.rememberme-forever.com\\\/de\\\/startseite\\\/\"},{\"@type\":\"ListItem\",\"position\":2,\"name\":\"Shop\",\"item\":\"https:\\\/\\\/www.rememberme-forever.com\\\/de\\\/shop\\\/\"},{\"@type\":\"ListItem\",\"position\":3,\"name\":\"Personalisierte Grabvase \u2013 eine elegante Grabdekoration\"}]},{\"@type\":\"WebSite\",\"@id\":\"https:\\\/\\\/www.rememberme-forever.com\\\/de\\\/#website\",\"url\":\"https:\\\/\\\/www.rememberme-forever.com\\\/de\\\/\",\"name\":\"Remember Forever\",\"description\":\"Cremation urns, funeral urns, urns for ashes\",\"publisher\":{\"@id\":\"https:\\\/\\\/www.rememberme-forever.com\\\/de\\\/#organization\"},\"potentialAction\":[{\"@type\":\"SearchAction\",\"target\":{\"@type\":\"EntryPoint\",\"urlTemplate\":\"https:\\\/\\\/www.rememberme-forever.com\\\/de\\\/?s={search_term_string}\"},\"query-input\":{\"@type\":\"PropertyValueSpecification\",\"valueRequired\":true,\"valueName\":\"search_term_string\"}}],\"inLanguage\":\"de\"},{\"@type\":\"Organization\",\"@id\":\"https:\\\/\\\/www.rememberme-forever.com\\\/de\\\/#organization\",\"name\":\"Remember Forever\",\"url\":\"https:\\\/\\\/www.rememberme-forever.com\\\/de\\\/\",\"logo\":{\"@type\":\"ImageObject\",\"inLanguage\":\"de\",\"@id\":\"https:\\\/\\\/www.rememberme-forever.com\\\/de\\\/#\\\/schema\\\/logo\\\/image\\\/\",\"url\":\"https:\\\/\\\/www.rememberme-forever.com\\\/wp-content\\\/uploads\\\/2023\\\/02\\\/logo.png\",\"contentUrl\":\"https:\\\/\\\/www.rememberme-forever.com\\\/wp-content\\\/uploads\\\/2023\\\/02\\\/logo.png\",\"width\":300,\"height\":56,\"caption\":\"Remember Forever\"},\"image\":{\"@id\":\"https:\\\/\\\/www.rememberme-forever.com\\\/de\\\/#\\\/schema\\\/logo\\\/image\\\/\"}}]}<\/script>\n<!-- \/ Yoast SEO plugin. -->","yoast_head_json":{"title":"Personalisierte Grabvase \u2013 eine elegante Grabdekoration - Remember Forever","robots":{"index":"index","follow":"follow","max-snippet":"max-snippet:-1","max-image-preview":"max-image-preview:large","max-video-preview":"max-video-preview:-1"},"canonical":"https:\/\/www.rememberme-forever.com\/de\/produkt\/personalisierte-grabvase-eine-elegante-grabdekoration\/","og_locale":"de_DE","og_type":"article","og_title":"Personalisierte Grabvase \u2013 eine elegante Grabdekoration - Remember Forever","og_description":"Im Lieferumfang enthalten sind die Vase und optional eine Gedenktafel mit Ihrem Wunschtext. Die abgebildeten Blumen sind nicht Teil des Sets. Die sichtbare Einkerbung an...","og_url":"https:\/\/www.rememberme-forever.com\/de\/produkt\/personalisierte-grabvase-eine-elegante-grabdekoration\/","og_site_name":"Remember Forever","article_modified_time":"2025-10-30T12:04:01+00:00","og_image":[{"width":1024,"height":1536,"url":"http:\/\/www.rememberme-forever.com\/wp-content\/uploads\/2025\/10\/en-flowers.png","type":"image\/png"}],"twitter_card":"summary_large_image","twitter_misc":{"Gesch\u00e4tzte Lesezeit":"2\u00a0Minute"},"schema":{"@context":"https:\/\/schema.org","@graph":[{"@type":"WebPage","@id":"https:\/\/www.rememberme-forever.com\/de\/produkt\/personalisierte-grabvase-eine-elegante-grabdekoration\/","url":"https:\/\/www.rememberme-forever.com\/de\/produkt\/personalisierte-grabvase-eine-elegante-grabdekoration\/","name":"Personalisierte Grabvase \u2013 eine elegante Grabdekoration - Remember Forever","isPartOf":{"@id":"https:\/\/www.rememberme-forever.com\/de\/#website"},"primaryImageOfPage":{"@id":"https:\/\/www.rememberme-forever.com\/de\/produkt\/personalisierte-grabvase-eine-elegante-grabdekoration\/#primaryimage"},"image":{"@id":"https:\/\/www.rememberme-forever.com\/de\/produkt\/personalisierte-grabvase-eine-elegante-grabdekoration\/#primaryimage"},"thumbnailUrl":"https:\/\/www.rememberme-forever.com\/wp-content\/uploads\/2025\/10\/en-flowers.png","datePublished":"2025-10-30T08:41:09+00:00","dateModified":"2025-10-30T12:04:01+00:00","breadcrumb":{"@id":"https:\/\/www.rememberme-forever.com\/de\/produkt\/personalisierte-grabvase-eine-elegante-grabdekoration\/#breadcrumb"},"inLanguage":"de","potentialAction":[{"@type":"ReadAction","target":["https:\/\/www.rememberme-forever.com\/de\/produkt\/personalisierte-grabvase-eine-elegante-grabdekoration\/"]}]},{"@type":"ImageObject","inLanguage":"de","@id":"https:\/\/www.rememberme-forever.com\/de\/produkt\/personalisierte-grabvase-eine-elegante-grabdekoration\/#primaryimage","url":"https:\/\/www.rememberme-forever.com\/wp-content\/uploads\/2025\/10\/en-flowers.png","contentUrl":"https:\/\/www.rememberme-forever.com\/wp-content\/uploads\/2025\/10\/en-flowers.png","width":1024,"height":1536,"caption":"Grabvase aus Aurora-Granit mit roten und wei\u00dfen Kunstblumen und Gedenktafel \u201eF\u00fcr immer in Erinnerung\u201c."},{"@type":"BreadcrumbList","@id":"https:\/\/www.rememberme-forever.com\/de\/produkt\/personalisierte-grabvase-eine-elegante-grabdekoration\/#breadcrumb","itemListElement":[{"@type":"ListItem","position":1,"name":"Home","item":"https:\/\/www.rememberme-forever.com\/de\/startseite\/"},{"@type":"ListItem","position":2,"name":"Shop","item":"https:\/\/www.rememberme-forever.com\/de\/shop\/"},{"@type":"ListItem","position":3,"name":"Personalisierte Grabvase \u2013 eine elegante Grabdekoration"}]},{"@type":"WebSite","@id":"https:\/\/www.rememberme-forever.com\/de\/#website","url":"https:\/\/www.rememberme-forever.com\/de\/","name":"Remember Forever","description":"Cremation urns, funeral urns, urns for ashes","publisher":{"@id":"https:\/\/www.rememberme-forever.com\/de\/#organization"},"potentialAction":[{"@type":"SearchAction","target":{"@type":"EntryPoint","urlTemplate":"https:\/\/www.rememberme-forever.com\/de\/?s={search_term_string}"},"query-input":{"@type":"PropertyValueSpecification","valueRequired":true,"valueName":"search_term_string"}}],"inLanguage":"de"},{"@type":"Organization","@id":"https:\/\/www.rememberme-forever.com\/de\/#organization","name":"Remember Forever","url":"https:\/\/www.rememberme-forever.com\/de\/","logo":{"@type":"ImageObject","inLanguage":"de","@id":"https:\/\/www.rememberme-forever.com\/de\/#\/schema\/logo\/image\/","url":"https:\/\/www.rememberme-forever.com\/wp-content\/uploads\/2023\/02\/logo.png","contentUrl":"https:\/\/www.rememberme-forever.com\/wp-content\/uploads\/2023\/02\/logo.png","width":300,"height":56,"caption":"Remember Forever"},"image":{"@id":"https:\/\/www.rememberme-forever.com\/de\/#\/schema\/logo\/image\/"}}]}},"acf":[],"_links":{"self":[{"href":"https:\/\/www.rememberme-forever.com\/de\/wp-json\/wp\/v2\/product\/21851","targetHints":{"allow":["GET"]}}],"collection":[{"href":"https:\/\/www.rememberme-forever.com\/de\/wp-json\/wp\/v2\/product"}],"about":[{"href":"https:\/\/www.rememberme-forever.com\/de\/wp-json\/wp\/v2\/types\/product"}],"wp:featuredmedia":[{"embeddable":true,"href":"https:\/\/www.rememberme-forever.com\/de\/wp-json\/wp\/v2\/media\/21738"}],"wp:attachment":[{"href":"https:\/\/www.rememberme-forever.com\/de\/wp-json\/wp\/v2\/media?parent=21851"}],"wp:term":[{"taxonomy":"product_brand","embeddable":true,"href":"https:\/\/www.rememberme-forever.com\/de\/wp-json\/wp\/v2\/product_brand?post=21851"},{"taxonomy":"product_cat","embeddable":true,"href":"https:\/\/www.rememberme-forever.com\/de\/wp-json\/wp\/v2\/product_cat?post=21851"},{"taxonomy":"product_tag","embeddable":true,"href":"https:\/\/www.rememberme-forever.com\/de\/wp-json\/wp\/v2\/product_tag?post=21851"}],"curies":[{"name":"wp","href":"https:\/\/api.w.org\/{rel}","templated":true}]}}