{"id":22011,"date":"2023-12-27T15:39:06","date_gmt":"2023-12-27T14:39:06","guid":{"rendered":"https:\/\/www.rememberme-forever.com\/product\/pyramidenfoermige-urne-fuer-die-asche-verstorbener\/"},"modified":"2025-11-04T13:08:34","modified_gmt":"2025-11-04T12:08:34","slug":"pyramidenfoermige-urne-fuer-die-asche-verstorbener","status":"publish","type":"product","link":"https:\/\/www.rememberme-forever.com\/de\/produkt\/pyramidenfoermige-urne-fuer-die-asche-verstorbener\/","title":{"rendered":"Pyramidenf\u00f6rmige Urne f\u00fcr die Asche Verstorbener"},"content":{"rendered":"<div style=\"width: 100%; margin-bottom: 30px; height: max-content; padding-bottom: 60%; position: relative;\"><iframe style=\"position: absolute; top: 0; left: 0; width: 100%; height: 100%;\" src=\"https:\/\/rememberme-urns.com\/pyramid-human-keepsake\/\" frameborder=\"0\"><\/iframe><\/div>\n<div style=\"color: red; text-align: center; margin-bottom: 25px;\">\n<p>&gt;&gt; Rotierendes Foto &#8211; Tippen\/Zoomen &lt;&lt;<\/p>\n<\/div>\n<h2 style=\"text-align: center;\">Pyramidenf\u00f6rmige Urne f\u00fcr die Asche Verstorbener<\/h2>\n<p style=\"text-align: center;\">Elegante, schwarze Pyramiden-Urne aus Holz \u2013 ein w\u00fcrdevolles und zeitloses Andenken an Ihren geliebten Menschen. Sorgf\u00e4ltig gefertigt, bietet diese kleine, pyramidenf\u00f6rmige Urne einen w\u00fcrdevollen Platz f\u00fcr einen Teil der Asche. Die edle schwarze Oberfl\u00e4che verleiht ihr eine elegante Note, w\u00e4hrend eine Gedenktafel eine pers\u00f6nliche Note verleiht, um die wertvollen Erinnerungen zu bewahren.<\/p>\n<p style=\"text-align: center;\">Die \u00d6ffnung an der Unterseite erm\u00f6glicht ein einfaches und sicheres Einf\u00fcllen der Asche.<\/p>\n<p style=\"text-align: center;\">Eine moderne Urne, die sich ideal f\u00fcr die Dekoration Ihres Zuhauses oder f\u00fcr die Beisetzung eignet.<\/p>\n<h3><\/h3>\n<p>&nbsp;<\/p>\n<h3 style=\"text-align: center;\"><strong>PERSONALISIERUNG<\/strong><\/h3>\n<p style=\"text-align: center;\">Wenn Sie sich f\u00fcr eine personalisierte Plakette entscheiden, geben Sie bitte den Text im Rahmen der Produktpersonalisierung ein.<\/p>\n<p style=\"text-align: center;\">Die personalisierte Gedenktafel muss bei der Bestellung individuell gestaltet werden. (Bitte keine Panik, wenn Sie das vergessen haben, denn Sie k\u00f6nnen uns auch noch nachtr\u00e4glich eine Nachricht schicken).<\/p>\n<p style=\"text-align: center;\">Bitte \u00fcberpr\u00fcfen Sie den zu gravierenden Text sorgf\u00e4ltig, bevor Sie den Artikel in den Warenkorb legen. Wir kopieren und gravieren genau die Informationen, die wir mit der Bestellung erhalten und nehmen bei uns keine \u00c4nderungen vor.<\/p>\n<p style=\"text-align: center;\"><strong>Bitte \u00fcberpr\u00fcfen Sie den Text, um sicherzustellen, dass alle Schreibweisen korrekt sind.<\/strong><\/p>\n<p>&nbsp;<\/p>\n<p>&nbsp;<\/p>\n","protected":false},"excerpt":{"rendered":"<p class=\"display-inline mr-xs-1\">Schwarze Urne in Pyramidenform, kleine schwarze Urne f\u00fcr einen Teil der Asche Verstorbener<\/p>\n<p><strong>Geeignet f\u00fcr ein K\u00f6rpergewicht von 13 kg<\/strong><\/p>\n","protected":false},"featured_media":22018,"template":"","meta":{"_acf_changed":false},"product_brand":[1991],"product_cat":[2339],"product_tag":[3326],"class_list":{"0":"post-22011","1":"product","2":"type-product","3":"status-publish","4":"has-post-thumbnail","6":"product_brand-remember-forever","7":"product_cat-andenken","8":"product_tag-gpsr-keepsake-urns","9":"product_shipping_class-1-2-kg-de","11":"first","12":"instock","13":"taxable","14":"shipping-taxable","15":"purchasable","16":"product-type-variable"},"yoast_head":"<!-- This site is optimized with the Yoast SEO plugin v27.4 - https:\/\/yoast.com\/product\/yoast-seo-wordpress\/ -->\n<title>Remember Forever<\/title>\n<meta name=\"description\" content=\"Elegante Pyramiden-Urne f\u00fcr die Asche Verstorbener \u2013 ein wundersch\u00f6nes schwarzes Andenken f\u00fcr einen Teil der Asche Verstorbener. Dekorative Pyramiden-Urne f\u00fcr die Asche Verstorbener.\" \/>\n<meta name=\"robots\" content=\"index, follow, max-snippet:-1, max-image-preview:large, max-video-preview:-1\" \/>\n<link rel=\"canonical\" href=\"https:\/\/www.rememberme-forever.com\/de\/produkt\/pyramidenfoermige-urne-fuer-die-asche-verstorbener\/\" \/>\n<meta property=\"og:locale\" content=\"de_DE\" \/>\n<meta property=\"og:type\" content=\"article\" \/>\n<meta property=\"og:description\" content=\"Elegante Pyramiden-Urne f\u00fcr die Asche Verstorbener \u2013 ein wundersch\u00f6nes schwarzes Andenken f\u00fcr einen Teil der Asche Verstorbener. Dekorative Pyramiden-Urne f\u00fcr die Asche Verstorbener.\" \/>\n<meta property=\"og:url\" content=\"https:\/\/www.rememberme-forever.com\/de\/produkt\/pyramidenfoermige-urne-fuer-die-asche-verstorbener\/\" \/>\n<meta property=\"og:site_name\" content=\"Remember Forever\" \/>\n<meta property=\"article:modified_time\" content=\"2025-11-04T12:08:34+00:00\" \/>\n<meta property=\"og:image\" content=\"http:\/\/www.rememberme-forever.com\/wp-content\/uploads\/2023\/12\/Pyramid-keepsake-for-human-ashes.jpg\" \/>\n\t<meta property=\"og:image:width\" content=\"1007\" \/>\n\t<meta property=\"og:image:height\" content=\"1024\" \/>\n\t<meta property=\"og:image:type\" content=\"image\/jpeg\" \/>\n<meta name=\"twitter:card\" content=\"summary_large_image\" \/>\n<meta name=\"twitter:label1\" content=\"Gesch\u00e4tzte Lesezeit\" \/>\n\t<meta name=\"twitter:data1\" content=\"2\u00a0Minute\" \/>\n<script type=\"application\/ld+json\" class=\"yoast-schema-graph\">{\"@context\":\"https:\\\/\\\/schema.org\",\"@graph\":[{\"@type\":\"WebPage\",\"@id\":\"https:\\\/\\\/www.rememberme-forever.com\\\/de\\\/produkt\\\/pyramidenfoermige-urne-fuer-die-asche-verstorbener\\\/\",\"url\":\"https:\\\/\\\/www.rememberme-forever.com\\\/de\\\/produkt\\\/pyramidenfoermige-urne-fuer-die-asche-verstorbener\\\/\",\"name\":\"\",\"isPartOf\":{\"@id\":\"https:\\\/\\\/www.rememberme-forever.com\\\/de\\\/#website\"},\"primaryImageOfPage\":{\"@id\":\"https:\\\/\\\/www.rememberme-forever.com\\\/de\\\/produkt\\\/pyramidenfoermige-urne-fuer-die-asche-verstorbener\\\/#primaryimage\"},\"image\":{\"@id\":\"https:\\\/\\\/www.rememberme-forever.com\\\/de\\\/produkt\\\/pyramidenfoermige-urne-fuer-die-asche-verstorbener\\\/#primaryimage\"},\"thumbnailUrl\":\"https:\\\/\\\/www.rememberme-forever.com\\\/wp-content\\\/uploads\\\/2023\\\/12\\\/Pyramid-keepsake-for-human-ashes.jpg\",\"datePublished\":\"2023-12-27T14:39:06+00:00\",\"dateModified\":\"2025-11-04T12:08:34+00:00\",\"description\":\"Elegante Pyramiden-Urne f\u00fcr die Asche Verstorbener \u2013 ein wundersch\u00f6nes schwarzes Andenken f\u00fcr einen Teil der Asche Verstorbener. Dekorative Pyramiden-Urne f\u00fcr die Asche Verstorbener.\",\"breadcrumb\":{\"@id\":\"https:\\\/\\\/www.rememberme-forever.com\\\/de\\\/produkt\\\/pyramidenfoermige-urne-fuer-die-asche-verstorbener\\\/#breadcrumb\"},\"inLanguage\":\"de\",\"potentialAction\":[{\"@type\":\"ReadAction\",\"target\":[\"https:\\\/\\\/www.rememberme-forever.com\\\/de\\\/produkt\\\/pyramidenfoermige-urne-fuer-die-asche-verstorbener\\\/\"]}]},{\"@type\":\"ImageObject\",\"inLanguage\":\"de\",\"@id\":\"https:\\\/\\\/www.rememberme-forever.com\\\/de\\\/produkt\\\/pyramidenfoermige-urne-fuer-die-asche-verstorbener\\\/#primaryimage\",\"url\":\"https:\\\/\\\/www.rememberme-forever.com\\\/wp-content\\\/uploads\\\/2023\\\/12\\\/Pyramid-keepsake-for-human-ashes.jpg\",\"contentUrl\":\"https:\\\/\\\/www.rememberme-forever.com\\\/wp-content\\\/uploads\\\/2023\\\/12\\\/Pyramid-keepsake-for-human-ashes.jpg\",\"width\":1007,\"height\":1024,\"caption\":\"Pyramid keepsake for human ashes\"},{\"@type\":\"BreadcrumbList\",\"@id\":\"https:\\\/\\\/www.rememberme-forever.com\\\/de\\\/produkt\\\/pyramidenfoermige-urne-fuer-die-asche-verstorbener\\\/#breadcrumb\",\"itemListElement\":[{\"@type\":\"ListItem\",\"position\":1,\"name\":\"Home\",\"item\":\"https:\\\/\\\/www.rememberme-forever.com\\\/de\\\/startseite\\\/\"},{\"@type\":\"ListItem\",\"position\":2,\"name\":\"Shop\",\"item\":\"https:\\\/\\\/www.rememberme-forever.com\\\/de\\\/shop\\\/\"},{\"@type\":\"ListItem\",\"position\":3,\"name\":\"Pyramidenf\u00f6rmige Urne f\u00fcr die Asche Verstorbener\"}]},{\"@type\":\"WebSite\",\"@id\":\"https:\\\/\\\/www.rememberme-forever.com\\\/de\\\/#website\",\"url\":\"https:\\\/\\\/www.rememberme-forever.com\\\/de\\\/\",\"name\":\"Remember Forever\",\"description\":\"Cremation urns, funeral urns, urns for ashes\",\"publisher\":{\"@id\":\"https:\\\/\\\/www.rememberme-forever.com\\\/de\\\/#organization\"},\"potentialAction\":[{\"@type\":\"SearchAction\",\"target\":{\"@type\":\"EntryPoint\",\"urlTemplate\":\"https:\\\/\\\/www.rememberme-forever.com\\\/de\\\/?s={search_term_string}\"},\"query-input\":{\"@type\":\"PropertyValueSpecification\",\"valueRequired\":true,\"valueName\":\"search_term_string\"}}],\"inLanguage\":\"de\"},{\"@type\":\"Organization\",\"@id\":\"https:\\\/\\\/www.rememberme-forever.com\\\/de\\\/#organization\",\"name\":\"Remember Forever\",\"url\":\"https:\\\/\\\/www.rememberme-forever.com\\\/de\\\/\",\"logo\":{\"@type\":\"ImageObject\",\"inLanguage\":\"de\",\"@id\":\"https:\\\/\\\/www.rememberme-forever.com\\\/de\\\/#\\\/schema\\\/logo\\\/image\\\/\",\"url\":\"https:\\\/\\\/www.rememberme-forever.com\\\/wp-content\\\/uploads\\\/2023\\\/02\\\/logo.png\",\"contentUrl\":\"https:\\\/\\\/www.rememberme-forever.com\\\/wp-content\\\/uploads\\\/2023\\\/02\\\/logo.png\",\"width\":300,\"height\":56,\"caption\":\"Remember Forever\"},\"image\":{\"@id\":\"https:\\\/\\\/www.rememberme-forever.com\\\/de\\\/#\\\/schema\\\/logo\\\/image\\\/\"}}]}<\/script>\n<!-- \/ Yoast SEO plugin. -->","yoast_head_json":{"title":"Remember Forever","description":"Elegante Pyramiden-Urne f\u00fcr die Asche Verstorbener \u2013 ein wundersch\u00f6nes schwarzes Andenken f\u00fcr einen Teil der Asche Verstorbener. Dekorative Pyramiden-Urne f\u00fcr die Asche Verstorbener.","robots":{"index":"index","follow":"follow","max-snippet":"max-snippet:-1","max-image-preview":"max-image-preview:large","max-video-preview":"max-video-preview:-1"},"canonical":"https:\/\/www.rememberme-forever.com\/de\/produkt\/pyramidenfoermige-urne-fuer-die-asche-verstorbener\/","og_locale":"de_DE","og_type":"article","og_description":"Elegante Pyramiden-Urne f\u00fcr die Asche Verstorbener \u2013 ein wundersch\u00f6nes schwarzes Andenken f\u00fcr einen Teil der Asche Verstorbener. Dekorative Pyramiden-Urne f\u00fcr die Asche Verstorbener.","og_url":"https:\/\/www.rememberme-forever.com\/de\/produkt\/pyramidenfoermige-urne-fuer-die-asche-verstorbener\/","og_site_name":"Remember Forever","article_modified_time":"2025-11-04T12:08:34+00:00","og_image":[{"width":1007,"height":1024,"url":"http:\/\/www.rememberme-forever.com\/wp-content\/uploads\/2023\/12\/Pyramid-keepsake-for-human-ashes.jpg","type":"image\/jpeg"}],"twitter_card":"summary_large_image","twitter_misc":{"Gesch\u00e4tzte Lesezeit":"2\u00a0Minute"},"schema":{"@context":"https:\/\/schema.org","@graph":[{"@type":"WebPage","@id":"https:\/\/www.rememberme-forever.com\/de\/produkt\/pyramidenfoermige-urne-fuer-die-asche-verstorbener\/","url":"https:\/\/www.rememberme-forever.com\/de\/produkt\/pyramidenfoermige-urne-fuer-die-asche-verstorbener\/","name":"","isPartOf":{"@id":"https:\/\/www.rememberme-forever.com\/de\/#website"},"primaryImageOfPage":{"@id":"https:\/\/www.rememberme-forever.com\/de\/produkt\/pyramidenfoermige-urne-fuer-die-asche-verstorbener\/#primaryimage"},"image":{"@id":"https:\/\/www.rememberme-forever.com\/de\/produkt\/pyramidenfoermige-urne-fuer-die-asche-verstorbener\/#primaryimage"},"thumbnailUrl":"https:\/\/www.rememberme-forever.com\/wp-content\/uploads\/2023\/12\/Pyramid-keepsake-for-human-ashes.jpg","datePublished":"2023-12-27T14:39:06+00:00","dateModified":"2025-11-04T12:08:34+00:00","description":"Elegante Pyramiden-Urne f\u00fcr die Asche Verstorbener \u2013 ein wundersch\u00f6nes schwarzes Andenken f\u00fcr einen Teil der Asche Verstorbener. Dekorative Pyramiden-Urne f\u00fcr die Asche Verstorbener.","breadcrumb":{"@id":"https:\/\/www.rememberme-forever.com\/de\/produkt\/pyramidenfoermige-urne-fuer-die-asche-verstorbener\/#breadcrumb"},"inLanguage":"de","potentialAction":[{"@type":"ReadAction","target":["https:\/\/www.rememberme-forever.com\/de\/produkt\/pyramidenfoermige-urne-fuer-die-asche-verstorbener\/"]}]},{"@type":"ImageObject","inLanguage":"de","@id":"https:\/\/www.rememberme-forever.com\/de\/produkt\/pyramidenfoermige-urne-fuer-die-asche-verstorbener\/#primaryimage","url":"https:\/\/www.rememberme-forever.com\/wp-content\/uploads\/2023\/12\/Pyramid-keepsake-for-human-ashes.jpg","contentUrl":"https:\/\/www.rememberme-forever.com\/wp-content\/uploads\/2023\/12\/Pyramid-keepsake-for-human-ashes.jpg","width":1007,"height":1024,"caption":"Pyramid keepsake for human ashes"},{"@type":"BreadcrumbList","@id":"https:\/\/www.rememberme-forever.com\/de\/produkt\/pyramidenfoermige-urne-fuer-die-asche-verstorbener\/#breadcrumb","itemListElement":[{"@type":"ListItem","position":1,"name":"Home","item":"https:\/\/www.rememberme-forever.com\/de\/startseite\/"},{"@type":"ListItem","position":2,"name":"Shop","item":"https:\/\/www.rememberme-forever.com\/de\/shop\/"},{"@type":"ListItem","position":3,"name":"Pyramidenf\u00f6rmige Urne f\u00fcr die Asche Verstorbener"}]},{"@type":"WebSite","@id":"https:\/\/www.rememberme-forever.com\/de\/#website","url":"https:\/\/www.rememberme-forever.com\/de\/","name":"Remember Forever","description":"Cremation urns, funeral urns, urns for ashes","publisher":{"@id":"https:\/\/www.rememberme-forever.com\/de\/#organization"},"potentialAction":[{"@type":"SearchAction","target":{"@type":"EntryPoint","urlTemplate":"https:\/\/www.rememberme-forever.com\/de\/?s={search_term_string}"},"query-input":{"@type":"PropertyValueSpecification","valueRequired":true,"valueName":"search_term_string"}}],"inLanguage":"de"},{"@type":"Organization","@id":"https:\/\/www.rememberme-forever.com\/de\/#organization","name":"Remember Forever","url":"https:\/\/www.rememberme-forever.com\/de\/","logo":{"@type":"ImageObject","inLanguage":"de","@id":"https:\/\/www.rememberme-forever.com\/de\/#\/schema\/logo\/image\/","url":"https:\/\/www.rememberme-forever.com\/wp-content\/uploads\/2023\/02\/logo.png","contentUrl":"https:\/\/www.rememberme-forever.com\/wp-content\/uploads\/2023\/02\/logo.png","width":300,"height":56,"caption":"Remember Forever"},"image":{"@id":"https:\/\/www.rememberme-forever.com\/de\/#\/schema\/logo\/image\/"}}]}},"acf":[],"_links":{"self":[{"href":"https:\/\/www.rememberme-forever.com\/de\/wp-json\/wp\/v2\/product\/22011","targetHints":{"allow":["GET"]}}],"collection":[{"href":"https:\/\/www.rememberme-forever.com\/de\/wp-json\/wp\/v2\/product"}],"about":[{"href":"https:\/\/www.rememberme-forever.com\/de\/wp-json\/wp\/v2\/types\/product"}],"wp:featuredmedia":[{"embeddable":true,"href":"https:\/\/www.rememberme-forever.com\/de\/wp-json\/wp\/v2\/media\/22018"}],"wp:attachment":[{"href":"https:\/\/www.rememberme-forever.com\/de\/wp-json\/wp\/v2\/media?parent=22011"}],"wp:term":[{"taxonomy":"product_brand","embeddable":true,"href":"https:\/\/www.rememberme-forever.com\/de\/wp-json\/wp\/v2\/product_brand?post=22011"},{"taxonomy":"product_cat","embeddable":true,"href":"https:\/\/www.rememberme-forever.com\/de\/wp-json\/wp\/v2\/product_cat?post=22011"},{"taxonomy":"product_tag","embeddable":true,"href":"https:\/\/www.rememberme-forever.com\/de\/wp-json\/wp\/v2\/product_tag?post=22011"}],"curies":[{"name":"wp","href":"https:\/\/api.w.org\/{rel}","templated":true}]}}