{"id":22958,"date":"2023-04-05T10:50:01","date_gmt":"2023-04-05T08:50:01","guid":{"rendered":"https:\/\/www.rememberme-forever.com\/product\/einzigartige-kugelurne-mit-schwarzen-sternen\/"},"modified":"2025-11-26T10:08:33","modified_gmt":"2025-11-26T09:08:33","slug":"einzigartige-kugelurne-mit-schwarzen-sternen","status":"publish","type":"product","link":"https:\/\/www.rememberme-forever.com\/de\/produkt\/einzigartige-kugelurne-mit-schwarzen-sternen\/","title":{"rendered":"Einzigartige Kugelurne mit schwarzen Sternen"},"content":{"rendered":"<h2 style=\"text-align: center;\">Kremationsurne mit schwarzen Sternen<\/h2>\n<p style=\"text-align: center;\">Wir pr\u00e4sentieren Ihnen unsere einzigartige Kugelurne mit schwarzen Sternen \u2013 eine wundersch\u00f6ne und besondere Erinnerung an Ihren geliebten Menschen. Diese Kugelurne ist ein wahres Kunstwerk mit handbemalter Oberfl\u00e4che, die mit schwarzen Sternen verziert ist, die an den dunklen Himmel erinnern.<\/p>\n<p style=\"text-align: center;\">Gefertigt aus hochwertigen Materialien, darunter ein Einsatz aus Edelstahl, sch\u00fctzt und bewahrt diese Urne die Asche Ihres geliebten Menschen \u00fcber viele Jahre. Ihr elegantes und modernes Design ist sowohl sch\u00f6n als auch praktisch und somit die perfekte Wahl f\u00fcr jedes Zuhause.<\/p>\n<p style=\"text-align: center;\">Was diese Urne jedoch wirklich auszeichnet, ist die Liebe zum Detail und die handwerkliche Perfektion, die in ihre Herstellung eingeflossen sind. Jede Urne wird sorgf\u00e4ltig von Hand bemalt. Um sie noch pers\u00f6nlicher zu gestalten, bieten wir Ihnen die M\u00f6glichkeit, eine personalisierte Gedenktafel mit dem Namen und den Daten Ihres geliebten Menschen hinzuzuf\u00fcgen.<\/p>\n<p style=\"text-align: center;\">Ob prominent in Ihrem Zuhause platziert oder an einem besonderen Ort aufbewahrt \u2013 diese Urne wird Ihnen stets ein wertvolles Andenken an das Leben und die Liebe zu Ihrem geliebten Menschen sein.<\/p>\n<p>&nbsp;<\/p>\n<p style=\"text-align: center;\"><em><strong>Da es sich um ein handbemaltes Produkt handelt, kann das Aussehen leicht abweichen.<\/strong><\/em><\/p>\n<p>&nbsp;<\/p>\n<p style=\"text-align: center;\"><strong>Edelstahleinsatz<\/strong><\/p>\n<p><img loading=\"lazy\" decoding=\"async\" class=\" wp-image-1080 aligncenter\" src=\"http:\/\/www.rememberme-forever.com\/wp-content\/uploads\/2023\/04\/planet-urn-inside-stainless-steel-insert-300x300.jpg\" alt=\"Planetenurne im Edelstahleinsatz\" width=\"218\" height=\"218\" srcset=\"https:\/\/www.rememberme-forever.com\/wp-content\/uploads\/2023\/04\/planet-urn-inside-stainless-steel-insert-300x300.jpg 300w, https:\/\/www.rememberme-forever.com\/wp-content\/uploads\/2023\/04\/planet-urn-inside-stainless-steel-insert-150x150.jpg 150w, https:\/\/www.rememberme-forever.com\/wp-content\/uploads\/2023\/04\/planet-urn-inside-stainless-steel-insert-600x600.jpg 600w, https:\/\/www.rememberme-forever.com\/wp-content\/uploads\/2023\/04\/planet-urn-inside-stainless-steel-insert-100x100.jpg 100w, https:\/\/www.rememberme-forever.com\/wp-content\/uploads\/2023\/04\/planet-urn-inside-stainless-steel-insert-64x64.jpg 64w, https:\/\/www.rememberme-forever.com\/wp-content\/uploads\/2023\/04\/planet-urn-inside-stainless-steel-insert.jpg 768w\" sizes=\"auto, (max-width: 218px) 100vw, 218px\" \/><\/p>\n<p>&nbsp;<\/p>\n<h3 style=\"text-align: center;\"><strong>PERSONALISIERUNG<\/strong><\/h3>\n<p style=\"text-align: center;\">Die personalisierte Gedenktafel muss bei der Bestellung individuell gestaltet werden. (Bitte keine Panik, wenn Sie das vergessen haben, denn Sie k\u00f6nnen uns auch noch nachtr\u00e4glich eine Nachricht schicken).<\/p>\n<p style=\"text-align: center;\">Bitte \u00fcberpr\u00fcfen Sie den zu gravierenden Text sorgf\u00e4ltig, bevor Sie den Artikel in den Warenkorb legen. Wir kopieren und gravieren genau die Informationen, die wir mit der Bestellung erhalten und nehmen bei uns keine \u00c4nderungen vor.<\/p>\n<p style=\"text-align: center;\"><strong>Bitte \u00fcberpr\u00fcfen Sie den Text, um sicherzustellen, dass alle Schreibweisen korrekt sind.<\/strong><\/p>\n<p><img loading=\"lazy\" decoding=\"async\" class=\" wp-image-1449 aligncenter\" src=\"http:\/\/www.rememberme-forever.com\/wp-content\/uploads\/2023\/04\/memorial-plaque-cremation-urn-silver-300x153.jpg\" alt=\"Silberfarbene Urne mit Gedenktafel\" width=\"194\" height=\"99\" srcset=\"https:\/\/www.rememberme-forever.com\/wp-content\/uploads\/2023\/04\/memorial-plaque-cremation-urn-silver-300x153.jpg 300w, https:\/\/www.rememberme-forever.com\/wp-content\/uploads\/2023\/04\/memorial-plaque-cremation-urn-silver-64x33.jpg 64w, https:\/\/www.rememberme-forever.com\/wp-content\/uploads\/2023\/04\/memorial-plaque-cremation-urn-silver.jpg 448w\" sizes=\"auto, (max-width: 194px) 100vw, 194px\" \/><\/p>\n","protected":false},"excerpt":{"rendered":"<p>Einzigartige kugelf\u00f6rmige Urne mit schwarzen Sternen, gefertigt aus ABS und mit einem Einsatz aus Edelstahl.<\/p>\n<p><strong>Geeignet f\u00fcr ein K\u00f6rpergewicht von ca. 102 kg oder weniger.<\/strong><\/p>\n<p>\u2705 Diese Urne ist nicht f\u00fcr den Au\u00dfenbereich geeignet. Bitte sehen Sie sich unsere <a href=\"https:\/\/www.rememberme-forever.com\/product-category\/outdoor-urns\/\" target=\"_blank\" rel=\"noopener\"><strong>Outdoor-Urnen &gt;&gt;<\/strong><\/a><\/p>\n","protected":false},"featured_media":22956,"comment_status":"open","ping_status":"closed","template":"","meta":{"_acf_changed":false},"product_brand":[1991],"product_cat":[2331,2340],"product_tag":[3331],"class_list":{"0":"post-22958","1":"product","2":"type-product","3":"status-publish","4":"has-post-thumbnail","6":"product_brand-remember-forever","7":"product_cat-kunstlerische-urnen","8":"product_cat-metallurnen","9":"product_tag-gpsr-metal-insert-abs_outside","10":"product_shipping_class-2-4kg","12":"first","13":"instock","14":"taxable","15":"shipping-taxable","16":"purchasable","17":"product-type-simple"},"yoast_head":"<!-- This site is optimized with the Yoast SEO plugin v27.5 - https:\/\/yoast.com\/product\/yoast-seo-wordpress\/ -->\n<title>Remember Forever<\/title>\n<meta name=\"description\" content=\"Wir pr\u00e4sentieren Ihnen unsere einzigartige Urne mit schwarzen Sternen \u2013 eine wundersch\u00f6ne und besondere Erinnerung an Ihren geliebten Menschen. Speziell f\u00fcr alle, die ein dunkles Design bevorzugen.\" \/>\n<meta name=\"robots\" content=\"index, follow, max-snippet:-1, max-image-preview:large, max-video-preview:-1\" \/>\n<link rel=\"canonical\" href=\"https:\/\/www.rememberme-forever.com\/de\/produkt\/einzigartige-kugelurne-mit-schwarzen-sternen\/\" \/>\n<meta property=\"og:locale\" content=\"de_DE\" \/>\n<meta property=\"og:type\" content=\"article\" \/>\n<meta property=\"og:description\" content=\"Wir pr\u00e4sentieren Ihnen unsere einzigartige Urne mit schwarzen Sternen \u2013 eine wundersch\u00f6ne und besondere Erinnerung an Ihren geliebten Menschen. Speziell f\u00fcr alle, die ein dunkles Design bevorzugen.\" \/>\n<meta property=\"og:url\" content=\"https:\/\/www.rememberme-forever.com\/de\/produkt\/einzigartige-kugelurne-mit-schwarzen-sternen\/\" \/>\n<meta property=\"og:site_name\" content=\"Remember Forever\" \/>\n<meta property=\"article:modified_time\" content=\"2025-11-26T09:08:33+00:00\" \/>\n<meta property=\"og:image\" content=\"http:\/\/www.rememberme-forever.com\/wp-content\/uploads\/2023\/04\/black-stars-urn.jpg\" \/>\n\t<meta property=\"og:image:width\" content=\"768\" \/>\n\t<meta property=\"og:image:height\" content=\"768\" \/>\n\t<meta property=\"og:image:type\" content=\"image\/jpeg\" \/>\n<meta name=\"twitter:card\" content=\"summary_large_image\" \/>\n<meta name=\"twitter:label1\" content=\"Gesch\u00e4tzte Lesezeit\" \/>\n\t<meta name=\"twitter:data1\" content=\"2\u00a0Minute\" \/>\n<script type=\"application\/ld+json\" class=\"yoast-schema-graph\">{\"@context\":\"https:\\\/\\\/schema.org\",\"@graph\":[{\"@type\":\"WebPage\",\"@id\":\"https:\\\/\\\/www.rememberme-forever.com\\\/de\\\/produkt\\\/einzigartige-kugelurne-mit-schwarzen-sternen\\\/\",\"url\":\"https:\\\/\\\/www.rememberme-forever.com\\\/de\\\/produkt\\\/einzigartige-kugelurne-mit-schwarzen-sternen\\\/\",\"name\":\"\",\"isPartOf\":{\"@id\":\"https:\\\/\\\/www.rememberme-forever.com\\\/de\\\/#website\"},\"primaryImageOfPage\":{\"@id\":\"https:\\\/\\\/www.rememberme-forever.com\\\/de\\\/produkt\\\/einzigartige-kugelurne-mit-schwarzen-sternen\\\/#primaryimage\"},\"image\":{\"@id\":\"https:\\\/\\\/www.rememberme-forever.com\\\/de\\\/produkt\\\/einzigartige-kugelurne-mit-schwarzen-sternen\\\/#primaryimage\"},\"thumbnailUrl\":\"https:\\\/\\\/www.rememberme-forever.com\\\/wp-content\\\/uploads\\\/2023\\\/04\\\/black-stars-urn.jpg\",\"datePublished\":\"2023-04-05T08:50:01+00:00\",\"dateModified\":\"2025-11-26T09:08:33+00:00\",\"description\":\"Wir pr\u00e4sentieren Ihnen unsere einzigartige Urne mit schwarzen Sternen \u2013 eine wundersch\u00f6ne und besondere Erinnerung an Ihren geliebten Menschen. Speziell f\u00fcr alle, die ein dunkles Design bevorzugen.\",\"breadcrumb\":{\"@id\":\"https:\\\/\\\/www.rememberme-forever.com\\\/de\\\/produkt\\\/einzigartige-kugelurne-mit-schwarzen-sternen\\\/#breadcrumb\"},\"inLanguage\":\"de\",\"potentialAction\":[{\"@type\":\"ReadAction\",\"target\":[\"https:\\\/\\\/www.rememberme-forever.com\\\/de\\\/produkt\\\/einzigartige-kugelurne-mit-schwarzen-sternen\\\/\"]}]},{\"@type\":\"ImageObject\",\"inLanguage\":\"de\",\"@id\":\"https:\\\/\\\/www.rememberme-forever.com\\\/de\\\/produkt\\\/einzigartige-kugelurne-mit-schwarzen-sternen\\\/#primaryimage\",\"url\":\"https:\\\/\\\/www.rememberme-forever.com\\\/wp-content\\\/uploads\\\/2023\\\/04\\\/black-stars-urn.jpg\",\"contentUrl\":\"https:\\\/\\\/www.rememberme-forever.com\\\/wp-content\\\/uploads\\\/2023\\\/04\\\/black-stars-urn.jpg\",\"width\":768,\"height\":768,\"caption\":\"Urne mit schwarzen Sternen\"},{\"@type\":\"BreadcrumbList\",\"@id\":\"https:\\\/\\\/www.rememberme-forever.com\\\/de\\\/produkt\\\/einzigartige-kugelurne-mit-schwarzen-sternen\\\/#breadcrumb\",\"itemListElement\":[{\"@type\":\"ListItem\",\"position\":1,\"name\":\"Home\",\"item\":\"https:\\\/\\\/www.rememberme-forever.com\\\/de\\\/startseite\\\/\"},{\"@type\":\"ListItem\",\"position\":2,\"name\":\"Shop\",\"item\":\"https:\\\/\\\/www.rememberme-forever.com\\\/de\\\/shop\\\/\"},{\"@type\":\"ListItem\",\"position\":3,\"name\":\"Einzigartige Kugelurne mit schwarzen Sternen\"}]},{\"@type\":\"WebSite\",\"@id\":\"https:\\\/\\\/www.rememberme-forever.com\\\/de\\\/#website\",\"url\":\"https:\\\/\\\/www.rememberme-forever.com\\\/de\\\/\",\"name\":\"Remember Forever\",\"description\":\"Cremation urns, funeral urns, urns for ashes\",\"publisher\":{\"@id\":\"https:\\\/\\\/www.rememberme-forever.com\\\/de\\\/#organization\"},\"potentialAction\":[{\"@type\":\"SearchAction\",\"target\":{\"@type\":\"EntryPoint\",\"urlTemplate\":\"https:\\\/\\\/www.rememberme-forever.com\\\/de\\\/?s={search_term_string}\"},\"query-input\":{\"@type\":\"PropertyValueSpecification\",\"valueRequired\":true,\"valueName\":\"search_term_string\"}}],\"inLanguage\":\"de\"},{\"@type\":\"Organization\",\"@id\":\"https:\\\/\\\/www.rememberme-forever.com\\\/de\\\/#organization\",\"name\":\"Remember Forever\",\"url\":\"https:\\\/\\\/www.rememberme-forever.com\\\/de\\\/\",\"logo\":{\"@type\":\"ImageObject\",\"inLanguage\":\"de\",\"@id\":\"https:\\\/\\\/www.rememberme-forever.com\\\/de\\\/#\\\/schema\\\/logo\\\/image\\\/\",\"url\":\"https:\\\/\\\/www.rememberme-forever.com\\\/wp-content\\\/uploads\\\/2023\\\/02\\\/logo.png\",\"contentUrl\":\"https:\\\/\\\/www.rememberme-forever.com\\\/wp-content\\\/uploads\\\/2023\\\/02\\\/logo.png\",\"width\":300,\"height\":56,\"caption\":\"Remember Forever\"},\"image\":{\"@id\":\"https:\\\/\\\/www.rememberme-forever.com\\\/de\\\/#\\\/schema\\\/logo\\\/image\\\/\"}}]}<\/script>\n<!-- \/ Yoast SEO plugin. -->","yoast_head_json":{"title":"Remember Forever","description":"Wir pr\u00e4sentieren Ihnen unsere einzigartige Urne mit schwarzen Sternen \u2013 eine wundersch\u00f6ne und besondere Erinnerung an Ihren geliebten Menschen. Speziell f\u00fcr alle, die ein dunkles Design bevorzugen.","robots":{"index":"index","follow":"follow","max-snippet":"max-snippet:-1","max-image-preview":"max-image-preview:large","max-video-preview":"max-video-preview:-1"},"canonical":"https:\/\/www.rememberme-forever.com\/de\/produkt\/einzigartige-kugelurne-mit-schwarzen-sternen\/","og_locale":"de_DE","og_type":"article","og_description":"Wir pr\u00e4sentieren Ihnen unsere einzigartige Urne mit schwarzen Sternen \u2013 eine wundersch\u00f6ne und besondere Erinnerung an Ihren geliebten Menschen. Speziell f\u00fcr alle, die ein dunkles Design bevorzugen.","og_url":"https:\/\/www.rememberme-forever.com\/de\/produkt\/einzigartige-kugelurne-mit-schwarzen-sternen\/","og_site_name":"Remember Forever","article_modified_time":"2025-11-26T09:08:33+00:00","og_image":[{"width":768,"height":768,"url":"http:\/\/www.rememberme-forever.com\/wp-content\/uploads\/2023\/04\/black-stars-urn.jpg","type":"image\/jpeg"}],"twitter_card":"summary_large_image","twitter_misc":{"Gesch\u00e4tzte Lesezeit":"2\u00a0Minute"},"schema":{"@context":"https:\/\/schema.org","@graph":[{"@type":"WebPage","@id":"https:\/\/www.rememberme-forever.com\/de\/produkt\/einzigartige-kugelurne-mit-schwarzen-sternen\/","url":"https:\/\/www.rememberme-forever.com\/de\/produkt\/einzigartige-kugelurne-mit-schwarzen-sternen\/","name":"","isPartOf":{"@id":"https:\/\/www.rememberme-forever.com\/de\/#website"},"primaryImageOfPage":{"@id":"https:\/\/www.rememberme-forever.com\/de\/produkt\/einzigartige-kugelurne-mit-schwarzen-sternen\/#primaryimage"},"image":{"@id":"https:\/\/www.rememberme-forever.com\/de\/produkt\/einzigartige-kugelurne-mit-schwarzen-sternen\/#primaryimage"},"thumbnailUrl":"https:\/\/www.rememberme-forever.com\/wp-content\/uploads\/2023\/04\/black-stars-urn.jpg","datePublished":"2023-04-05T08:50:01+00:00","dateModified":"2025-11-26T09:08:33+00:00","description":"Wir pr\u00e4sentieren Ihnen unsere einzigartige Urne mit schwarzen Sternen \u2013 eine wundersch\u00f6ne und besondere Erinnerung an Ihren geliebten Menschen. Speziell f\u00fcr alle, die ein dunkles Design bevorzugen.","breadcrumb":{"@id":"https:\/\/www.rememberme-forever.com\/de\/produkt\/einzigartige-kugelurne-mit-schwarzen-sternen\/#breadcrumb"},"inLanguage":"de","potentialAction":[{"@type":"ReadAction","target":["https:\/\/www.rememberme-forever.com\/de\/produkt\/einzigartige-kugelurne-mit-schwarzen-sternen\/"]}]},{"@type":"ImageObject","inLanguage":"de","@id":"https:\/\/www.rememberme-forever.com\/de\/produkt\/einzigartige-kugelurne-mit-schwarzen-sternen\/#primaryimage","url":"https:\/\/www.rememberme-forever.com\/wp-content\/uploads\/2023\/04\/black-stars-urn.jpg","contentUrl":"https:\/\/www.rememberme-forever.com\/wp-content\/uploads\/2023\/04\/black-stars-urn.jpg","width":768,"height":768,"caption":"Urne mit schwarzen Sternen"},{"@type":"BreadcrumbList","@id":"https:\/\/www.rememberme-forever.com\/de\/produkt\/einzigartige-kugelurne-mit-schwarzen-sternen\/#breadcrumb","itemListElement":[{"@type":"ListItem","position":1,"name":"Home","item":"https:\/\/www.rememberme-forever.com\/de\/startseite\/"},{"@type":"ListItem","position":2,"name":"Shop","item":"https:\/\/www.rememberme-forever.com\/de\/shop\/"},{"@type":"ListItem","position":3,"name":"Einzigartige Kugelurne mit schwarzen Sternen"}]},{"@type":"WebSite","@id":"https:\/\/www.rememberme-forever.com\/de\/#website","url":"https:\/\/www.rememberme-forever.com\/de\/","name":"Remember Forever","description":"Cremation urns, funeral urns, urns for ashes","publisher":{"@id":"https:\/\/www.rememberme-forever.com\/de\/#organization"},"potentialAction":[{"@type":"SearchAction","target":{"@type":"EntryPoint","urlTemplate":"https:\/\/www.rememberme-forever.com\/de\/?s={search_term_string}"},"query-input":{"@type":"PropertyValueSpecification","valueRequired":true,"valueName":"search_term_string"}}],"inLanguage":"de"},{"@type":"Organization","@id":"https:\/\/www.rememberme-forever.com\/de\/#organization","name":"Remember Forever","url":"https:\/\/www.rememberme-forever.com\/de\/","logo":{"@type":"ImageObject","inLanguage":"de","@id":"https:\/\/www.rememberme-forever.com\/de\/#\/schema\/logo\/image\/","url":"https:\/\/www.rememberme-forever.com\/wp-content\/uploads\/2023\/02\/logo.png","contentUrl":"https:\/\/www.rememberme-forever.com\/wp-content\/uploads\/2023\/02\/logo.png","width":300,"height":56,"caption":"Remember Forever"},"image":{"@id":"https:\/\/www.rememberme-forever.com\/de\/#\/schema\/logo\/image\/"}}]}},"acf":[],"_links":{"self":[{"href":"https:\/\/www.rememberme-forever.com\/de\/wp-json\/wp\/v2\/product\/22958","targetHints":{"allow":["GET"]}}],"collection":[{"href":"https:\/\/www.rememberme-forever.com\/de\/wp-json\/wp\/v2\/product"}],"about":[{"href":"https:\/\/www.rememberme-forever.com\/de\/wp-json\/wp\/v2\/types\/product"}],"replies":[{"embeddable":true,"href":"https:\/\/www.rememberme-forever.com\/de\/wp-json\/wp\/v2\/comments?post=22958"}],"wp:featuredmedia":[{"embeddable":true,"href":"https:\/\/www.rememberme-forever.com\/de\/wp-json\/wp\/v2\/media\/22956"}],"wp:attachment":[{"href":"https:\/\/www.rememberme-forever.com\/de\/wp-json\/wp\/v2\/media?parent=22958"}],"wp:term":[{"taxonomy":"product_brand","embeddable":true,"href":"https:\/\/www.rememberme-forever.com\/de\/wp-json\/wp\/v2\/product_brand?post=22958"},{"taxonomy":"product_cat","embeddable":true,"href":"https:\/\/www.rememberme-forever.com\/de\/wp-json\/wp\/v2\/product_cat?post=22958"},{"taxonomy":"product_tag","embeddable":true,"href":"https:\/\/www.rememberme-forever.com\/de\/wp-json\/wp\/v2\/product_tag?post=22958"}],"curies":[{"name":"wp","href":"https:\/\/api.w.org\/{rel}","templated":true}]}}