{"id":23109,"date":"2025-10-30T09:41:49","date_gmt":"2025-10-30T08:41:49","guid":{"rendered":"https:\/\/www.rememberme-forever.com\/product\/grabvase-grosse-schale-fuer-blumenarrangements\/"},"modified":"2025-12-01T09:40:03","modified_gmt":"2025-12-01T08:40:03","slug":"grabvase-grosse-schale-fuer-blumenarrangements","status":"publish","type":"product","link":"https:\/\/www.rememberme-forever.com\/de\/produkt\/grabvase-grosse-schale-fuer-blumenarrangements\/","title":{"rendered":"Grabvase \u2013 gro\u00dfe Schale f\u00fcr Blumenarrangements"},"content":{"rendered":"<p style=\"text-align: center;\" data-start=\"224\" data-end=\"370\"><strong data-start=\"224\" data-end=\"368\">Im Lieferumfang enthalten sind nur die Schale und eine optionale Plakette mit Ihrem Wunschtext. Die abgebildeten Blumen geh\u00f6ren nicht zum Set. <\/strong><\/p>\n<p style=\"text-align: center;\" data-start=\"349\" data-end=\"672\">Diese robuste Grabvase in Form einer gro\u00dfen Schale ist aus einem widerstandsf\u00e4higen und schweren Verbundmaterial gefertigt, das Naturstein t\u00e4uschend echt imitiert. Sie ist best\u00e4ndig gegen Frost, Regen, UV-Strahlung und andere Witterungseinfl\u00fcsse und eignet sich daher ideal als Grabschmuck f\u00fcr das ganze Jahr.<\/p>\n<p style=\"text-align: center;\" data-start=\"674\" data-end=\"977\">Die Schale besticht durch ihre elegante, klassische Form und ihr gro\u00dfes Fassungsverm\u00f6gen. Sie ist ideal f\u00fcr Topfblumen und gr\u00f6\u00dfere Blumenarrangements \u2013 sowohl mit echten als auch mit k\u00fcnstlichen Blumen. Dank ihrer Gr\u00f6\u00dfe lassen sich eindrucksvolle, langlebige Arrangements gestalten, die das Erscheinungsbild Ihres Grabsteins harmonisch erg\u00e4nzen.<\/p>\n<p style=\"text-align: center;\" data-start=\"979\" data-end=\"1238\">Eine optionale, gravierte Plakette mit Ihrem Wunschtext erm\u00f6glicht es Ihnen, eine pers\u00f6nliche Note hinzuzuf\u00fcgen \u2013 sie kann einen Namen, Daten, ein Zitat oder eine kurze Erinnerung enthalten. Die Plakette l\u00e4sst sich einfach zwischen die Blumen schieben und sorgt so f\u00fcr ein \u00e4sthetisch ansprechendes und stilvolles Gesamtbild.<\/p>\n<p style=\"text-align: center;\" data-start=\"1240\" data-end=\"1270\"><strong data-start=\"1240\" data-end=\"1268\">Innenma\u00dfe der Schale:<\/strong><\/p>\n<p style=\"text-align: center;\" data-start=\"1273\" data-end=\"1303\">Breite: 30 cm<\/p>\n<p style=\"text-align: center;\" data-start=\"1306\" data-end=\"1336\">H\u00f6he: 13,5 cm<\/p>\n<p style=\"text-align: center;\" data-start=\"1338\" data-end=\"1359\"><strong data-start=\"1338\" data-end=\"1357\">Produktmerkmale:<\/strong><\/p>\n<p style=\"text-align: center;\" data-start=\"1362\" data-end=\"1402\">Material: Robustes Verbundmaterial<\/p>\n<p style=\"text-align: center;\" data-start=\"1405\" data-end=\"1452\">Farbe: Schwarz mit seidenmattem Glanz<\/p>\n<p style=\"text-align: center;\" data-start=\"1455\" data-end=\"1497\">Frost-, UV- und regenbest\u00e4ndig<\/p>\n<p style=\"text-align: center;\" data-start=\"1500\" data-end=\"1555\">Stabil und robust \u2013 die Schale kippt nicht um<\/p>\n<p style=\"text-align: center;\" data-start=\"1558\" data-end=\"1610\">Optionale Gravurtafel mit Ihrem Wunschtext<\/p>\n<p style=\"text-align: center;\" data-start=\"1613\" data-end=\"1674\">Geeignet f\u00fcr gr\u00f6\u00dfere Arrangements und Topfblumen<\/p>\n<div style=\"text-align: center;\"><strong data-start=\"1676\" data-end=\"1693\">Anwendung:<\/strong><\/div>\n<div style=\"text-align: center;\">Ideal als Grabblumenschale f\u00fcr dauerhafte und \u00e4sthetisch ansprechende Blumenarrangements als Ausdruck der Erinnerung und des Respekts f\u00fcr geliebte Menschen.<\/div>\n<p class=\"MsoNormal\" style=\"text-align: center;\" align=\"center\"><b><b>\u25ba PERSONALISIERUNG \u25c4<\/b><\/b><\/p>\n<p class=\"MsoNormal\" style=\"text-align: center;\" align=\"center\"><span lang=\"EN-US\">Wenn Sie eine personalisierte Plakette w\u00e4hlen, geben Sie den Text bitte an der entsprechenden Stelle ein oder senden Sie uns eine Nachricht.<\/span><\/p>\n<p class=\"MsoNormal\" style=\"text-align: center;\" align=\"center\"><span lang=\"EN-US\">Die personalisierte Gedenktafel muss w\u00e4hrend des Bestellvorgangs personalisiert werden. (Keine Sorge, falls Sie es vergessen, Sie k\u00f6nnen uns sp\u00e4ter jederzeit eine Nachricht senden.) <\/span><\/p>\n<p class=\"MsoNormal\" style=\"text-align: center;\" align=\"center\">\n<p class=\"MsoNormal\" style=\"text-align: center;\" align=\"center\"><b><span lang=\"EN-US\">Die Textbeschr\u00e4nkungen lauten wie folgt:<\/span><\/b><\/p>\n<p class=\"MsoNormal\" style=\"text-align: center;\" align=\"center\">&#8211; Name(n) bis zu 24 Zeichen<\/p>\n<p class=\"MsoNormal\" style=\"text-align: center;\" align=\"center\"><span lang=\"EN-US\">&#8211; Geburts- und Sterbedatum bis zu 24 Zeichen<\/span><\/p>\n<p class=\"MsoNormal\" style=\"text-align: center;\" align=\"center\">&#8211; Dritte Zeile bis zu 24 Zeichen<\/p>\n<p class=\"MsoNormal\" style=\"text-align: center;\" align=\"center\">&#8211; Vierte Zeile bis zu 24 Zeichen<\/p>\n<p class=\"MsoNormal\" style=\"text-align: center;\" align=\"center\">&#8211; F\u00fcnfte Zeile bis zu 24 Zeichen<\/p>\n<p class=\"MsoNormal\" style=\"text-align: center;\" align=\"center\">&#8211; Sechste Zeile bis zu 24 Zeichen<\/p>\n<p class=\"MsoNormal\" style=\"text-align: center;\" align=\"center\">\n<p class=\"MsoNormal\" style=\"text-align: center;\" align=\"center\"><b><span lang=\"EN-US\">Bitte \u00fcberpr\u00fcfen Sie den Gravurtext, bevor Sie das Produkt in den Warenkorb legen. Wir kopieren und gravieren genau die Informationen, die wir mit der Bestellung erhalten, und nehmen keine \u00c4nderungen vor. <\/span><\/b><\/p>\n<p class=\"MsoNormal\" style=\"text-align: center;\" align=\"center\">\n<p class=\"MsoNormal\" style=\"text-align: center;\" align=\"center\"><span lang=\"EN-US\">\u00dcberpr\u00fcfen Sie den Text auf korrekte Schreibweise.<\/span><\/p>\n<p class=\"MsoNormal\" style=\"text-align: center;\" align=\"center\">Geben Sie KEINE Gravurinformationen ein, wenn Sie die Option \u201eUrne ohne Plakette\u201c w\u00e4hlen.<\/p>\n","protected":false},"excerpt":{"rendered":"<p>Im Lieferumfang enthalten sind nur die Schale und eine optionale Plakette mit Ihrem Wunschtext. Die abgebildeten Blumen geh\u00f6ren nicht zum Set. Diese robuste Grabvase in&#8230;<\/p>\n","protected":false},"featured_media":21834,"template":"","meta":{"_acf_changed":false},"product_brand":[],"product_cat":[2330],"product_tag":[3301],"class_list":{"0":"post-23109","1":"product","2":"type-product","3":"status-publish","4":"has-post-thumbnail","6":"product_cat-zubehoer","7":"product_tag-gpsr-all-urns-accesories","8":"product_shipping_class-5-10kg-de","10":"first","11":"instock","12":"taxable","13":"shipping-taxable","14":"purchasable","15":"product-type-simple"},"yoast_head":"<!-- This site is optimized with the Yoast SEO plugin v27.4 - https:\/\/yoast.com\/product\/yoast-seo-wordpress\/ -->\n<title>Grabvase \u2013 gro\u00dfe Schale f\u00fcr Blumenarrangements - Remember Forever<\/title>\n<meta name=\"robots\" content=\"index, follow, max-snippet:-1, max-image-preview:large, max-video-preview:-1\" \/>\n<link rel=\"canonical\" href=\"https:\/\/www.rememberme-forever.com\/de\/produkt\/grabvase-grosse-schale-fuer-blumenarrangements\/\" \/>\n<meta property=\"og:locale\" content=\"de_DE\" \/>\n<meta property=\"og:type\" content=\"article\" \/>\n<meta property=\"og:title\" content=\"Grabvase \u2013 gro\u00dfe Schale f\u00fcr Blumenarrangements - Remember Forever\" \/>\n<meta property=\"og:description\" content=\"Im Lieferumfang enthalten sind nur die Schale und eine optionale Plakette mit Ihrem Wunschtext. Die abgebildeten Blumen geh\u00f6ren nicht zum Set. Diese robuste Grabvase in...\" \/>\n<meta property=\"og:url\" content=\"https:\/\/www.rememberme-forever.com\/de\/produkt\/grabvase-grosse-schale-fuer-blumenarrangements\/\" \/>\n<meta property=\"og:site_name\" content=\"Remember Forever\" \/>\n<meta property=\"article:modified_time\" content=\"2025-12-01T08:40:03+00:00\" \/>\n<meta property=\"og:image\" content=\"http:\/\/www.rememberme-forever.com\/wp-content\/uploads\/2025\/10\/cemetery-bowl-forflowers_0002_EN-1.jpg\" \/>\n\t<meta property=\"og:image:width\" content=\"1007\" \/>\n\t<meta property=\"og:image:height\" content=\"1024\" \/>\n\t<meta property=\"og:image:type\" content=\"image\/jpeg\" \/>\n<meta name=\"twitter:card\" content=\"summary_large_image\" \/>\n<meta name=\"twitter:label1\" content=\"Gesch\u00e4tzte Lesezeit\" \/>\n\t<meta name=\"twitter:data1\" content=\"2\u00a0Minute\" \/>\n<script type=\"application\/ld+json\" class=\"yoast-schema-graph\">{\"@context\":\"https:\\\/\\\/schema.org\",\"@graph\":[{\"@type\":\"WebPage\",\"@id\":\"https:\\\/\\\/www.rememberme-forever.com\\\/de\\\/produkt\\\/grabvase-grosse-schale-fuer-blumenarrangements\\\/\",\"url\":\"https:\\\/\\\/www.rememberme-forever.com\\\/de\\\/produkt\\\/grabvase-grosse-schale-fuer-blumenarrangements\\\/\",\"name\":\"Grabvase \u2013 gro\u00dfe Schale f\u00fcr Blumenarrangements - Remember Forever\",\"isPartOf\":{\"@id\":\"https:\\\/\\\/www.rememberme-forever.com\\\/de\\\/#website\"},\"primaryImageOfPage\":{\"@id\":\"https:\\\/\\\/www.rememberme-forever.com\\\/de\\\/produkt\\\/grabvase-grosse-schale-fuer-blumenarrangements\\\/#primaryimage\"},\"image\":{\"@id\":\"https:\\\/\\\/www.rememberme-forever.com\\\/de\\\/produkt\\\/grabvase-grosse-schale-fuer-blumenarrangements\\\/#primaryimage\"},\"thumbnailUrl\":\"https:\\\/\\\/www.rememberme-forever.com\\\/wp-content\\\/uploads\\\/2025\\\/10\\\/cemetery-bowl-forflowers_0002_EN-1.jpg\",\"datePublished\":\"2025-10-30T08:41:49+00:00\",\"dateModified\":\"2025-12-01T08:40:03+00:00\",\"breadcrumb\":{\"@id\":\"https:\\\/\\\/www.rememberme-forever.com\\\/de\\\/produkt\\\/grabvase-grosse-schale-fuer-blumenarrangements\\\/#breadcrumb\"},\"inLanguage\":\"de\",\"potentialAction\":[{\"@type\":\"ReadAction\",\"target\":[\"https:\\\/\\\/www.rememberme-forever.com\\\/de\\\/produkt\\\/grabvase-grosse-schale-fuer-blumenarrangements\\\/\"]}]},{\"@type\":\"ImageObject\",\"inLanguage\":\"de\",\"@id\":\"https:\\\/\\\/www.rememberme-forever.com\\\/de\\\/produkt\\\/grabvase-grosse-schale-fuer-blumenarrangements\\\/#primaryimage\",\"url\":\"https:\\\/\\\/www.rememberme-forever.com\\\/wp-content\\\/uploads\\\/2025\\\/10\\\/cemetery-bowl-forflowers_0002_EN-1.jpg\",\"contentUrl\":\"https:\\\/\\\/www.rememberme-forever.com\\\/wp-content\\\/uploads\\\/2025\\\/10\\\/cemetery-bowl-forflowers_0002_EN-1.jpg\",\"width\":1007,\"height\":1024,\"caption\":\"Schwarze Friedhofsblumenschale mit rosa und pfirsichfarbenen Chrysanthemen und der Inschrift \u201eF\u00fcr immer in Erinnerung\u201c\"},{\"@type\":\"BreadcrumbList\",\"@id\":\"https:\\\/\\\/www.rememberme-forever.com\\\/de\\\/produkt\\\/grabvase-grosse-schale-fuer-blumenarrangements\\\/#breadcrumb\",\"itemListElement\":[{\"@type\":\"ListItem\",\"position\":1,\"name\":\"Home\",\"item\":\"https:\\\/\\\/www.rememberme-forever.com\\\/de\\\/startseite\\\/\"},{\"@type\":\"ListItem\",\"position\":2,\"name\":\"Shop\",\"item\":\"https:\\\/\\\/www.rememberme-forever.com\\\/de\\\/shop\\\/\"},{\"@type\":\"ListItem\",\"position\":3,\"name\":\"Grabvase \u2013 gro\u00dfe Schale f\u00fcr Blumenarrangements\"}]},{\"@type\":\"WebSite\",\"@id\":\"https:\\\/\\\/www.rememberme-forever.com\\\/de\\\/#website\",\"url\":\"https:\\\/\\\/www.rememberme-forever.com\\\/de\\\/\",\"name\":\"Remember Forever\",\"description\":\"Cremation urns, funeral urns, urns for ashes\",\"publisher\":{\"@id\":\"https:\\\/\\\/www.rememberme-forever.com\\\/de\\\/#organization\"},\"potentialAction\":[{\"@type\":\"SearchAction\",\"target\":{\"@type\":\"EntryPoint\",\"urlTemplate\":\"https:\\\/\\\/www.rememberme-forever.com\\\/de\\\/?s={search_term_string}\"},\"query-input\":{\"@type\":\"PropertyValueSpecification\",\"valueRequired\":true,\"valueName\":\"search_term_string\"}}],\"inLanguage\":\"de\"},{\"@type\":\"Organization\",\"@id\":\"https:\\\/\\\/www.rememberme-forever.com\\\/de\\\/#organization\",\"name\":\"Remember Forever\",\"url\":\"https:\\\/\\\/www.rememberme-forever.com\\\/de\\\/\",\"logo\":{\"@type\":\"ImageObject\",\"inLanguage\":\"de\",\"@id\":\"https:\\\/\\\/www.rememberme-forever.com\\\/de\\\/#\\\/schema\\\/logo\\\/image\\\/\",\"url\":\"https:\\\/\\\/www.rememberme-forever.com\\\/wp-content\\\/uploads\\\/2023\\\/02\\\/logo.png\",\"contentUrl\":\"https:\\\/\\\/www.rememberme-forever.com\\\/wp-content\\\/uploads\\\/2023\\\/02\\\/logo.png\",\"width\":300,\"height\":56,\"caption\":\"Remember Forever\"},\"image\":{\"@id\":\"https:\\\/\\\/www.rememberme-forever.com\\\/de\\\/#\\\/schema\\\/logo\\\/image\\\/\"}}]}<\/script>\n<!-- \/ Yoast SEO plugin. -->","yoast_head_json":{"title":"Grabvase \u2013 gro\u00dfe Schale f\u00fcr Blumenarrangements - Remember Forever","robots":{"index":"index","follow":"follow","max-snippet":"max-snippet:-1","max-image-preview":"max-image-preview:large","max-video-preview":"max-video-preview:-1"},"canonical":"https:\/\/www.rememberme-forever.com\/de\/produkt\/grabvase-grosse-schale-fuer-blumenarrangements\/","og_locale":"de_DE","og_type":"article","og_title":"Grabvase \u2013 gro\u00dfe Schale f\u00fcr Blumenarrangements - Remember Forever","og_description":"Im Lieferumfang enthalten sind nur die Schale und eine optionale Plakette mit Ihrem Wunschtext. Die abgebildeten Blumen geh\u00f6ren nicht zum Set. Diese robuste Grabvase in...","og_url":"https:\/\/www.rememberme-forever.com\/de\/produkt\/grabvase-grosse-schale-fuer-blumenarrangements\/","og_site_name":"Remember Forever","article_modified_time":"2025-12-01T08:40:03+00:00","og_image":[{"width":1007,"height":1024,"url":"http:\/\/www.rememberme-forever.com\/wp-content\/uploads\/2025\/10\/cemetery-bowl-forflowers_0002_EN-1.jpg","type":"image\/jpeg"}],"twitter_card":"summary_large_image","twitter_misc":{"Gesch\u00e4tzte Lesezeit":"2\u00a0Minute"},"schema":{"@context":"https:\/\/schema.org","@graph":[{"@type":"WebPage","@id":"https:\/\/www.rememberme-forever.com\/de\/produkt\/grabvase-grosse-schale-fuer-blumenarrangements\/","url":"https:\/\/www.rememberme-forever.com\/de\/produkt\/grabvase-grosse-schale-fuer-blumenarrangements\/","name":"Grabvase \u2013 gro\u00dfe Schale f\u00fcr Blumenarrangements - Remember Forever","isPartOf":{"@id":"https:\/\/www.rememberme-forever.com\/de\/#website"},"primaryImageOfPage":{"@id":"https:\/\/www.rememberme-forever.com\/de\/produkt\/grabvase-grosse-schale-fuer-blumenarrangements\/#primaryimage"},"image":{"@id":"https:\/\/www.rememberme-forever.com\/de\/produkt\/grabvase-grosse-schale-fuer-blumenarrangements\/#primaryimage"},"thumbnailUrl":"https:\/\/www.rememberme-forever.com\/wp-content\/uploads\/2025\/10\/cemetery-bowl-forflowers_0002_EN-1.jpg","datePublished":"2025-10-30T08:41:49+00:00","dateModified":"2025-12-01T08:40:03+00:00","breadcrumb":{"@id":"https:\/\/www.rememberme-forever.com\/de\/produkt\/grabvase-grosse-schale-fuer-blumenarrangements\/#breadcrumb"},"inLanguage":"de","potentialAction":[{"@type":"ReadAction","target":["https:\/\/www.rememberme-forever.com\/de\/produkt\/grabvase-grosse-schale-fuer-blumenarrangements\/"]}]},{"@type":"ImageObject","inLanguage":"de","@id":"https:\/\/www.rememberme-forever.com\/de\/produkt\/grabvase-grosse-schale-fuer-blumenarrangements\/#primaryimage","url":"https:\/\/www.rememberme-forever.com\/wp-content\/uploads\/2025\/10\/cemetery-bowl-forflowers_0002_EN-1.jpg","contentUrl":"https:\/\/www.rememberme-forever.com\/wp-content\/uploads\/2025\/10\/cemetery-bowl-forflowers_0002_EN-1.jpg","width":1007,"height":1024,"caption":"Schwarze Friedhofsblumenschale mit rosa und pfirsichfarbenen Chrysanthemen und der Inschrift \u201eF\u00fcr immer in Erinnerung\u201c"},{"@type":"BreadcrumbList","@id":"https:\/\/www.rememberme-forever.com\/de\/produkt\/grabvase-grosse-schale-fuer-blumenarrangements\/#breadcrumb","itemListElement":[{"@type":"ListItem","position":1,"name":"Home","item":"https:\/\/www.rememberme-forever.com\/de\/startseite\/"},{"@type":"ListItem","position":2,"name":"Shop","item":"https:\/\/www.rememberme-forever.com\/de\/shop\/"},{"@type":"ListItem","position":3,"name":"Grabvase \u2013 gro\u00dfe Schale f\u00fcr Blumenarrangements"}]},{"@type":"WebSite","@id":"https:\/\/www.rememberme-forever.com\/de\/#website","url":"https:\/\/www.rememberme-forever.com\/de\/","name":"Remember Forever","description":"Cremation urns, funeral urns, urns for ashes","publisher":{"@id":"https:\/\/www.rememberme-forever.com\/de\/#organization"},"potentialAction":[{"@type":"SearchAction","target":{"@type":"EntryPoint","urlTemplate":"https:\/\/www.rememberme-forever.com\/de\/?s={search_term_string}"},"query-input":{"@type":"PropertyValueSpecification","valueRequired":true,"valueName":"search_term_string"}}],"inLanguage":"de"},{"@type":"Organization","@id":"https:\/\/www.rememberme-forever.com\/de\/#organization","name":"Remember Forever","url":"https:\/\/www.rememberme-forever.com\/de\/","logo":{"@type":"ImageObject","inLanguage":"de","@id":"https:\/\/www.rememberme-forever.com\/de\/#\/schema\/logo\/image\/","url":"https:\/\/www.rememberme-forever.com\/wp-content\/uploads\/2023\/02\/logo.png","contentUrl":"https:\/\/www.rememberme-forever.com\/wp-content\/uploads\/2023\/02\/logo.png","width":300,"height":56,"caption":"Remember Forever"},"image":{"@id":"https:\/\/www.rememberme-forever.com\/de\/#\/schema\/logo\/image\/"}}]}},"acf":[],"_links":{"self":[{"href":"https:\/\/www.rememberme-forever.com\/de\/wp-json\/wp\/v2\/product\/23109","targetHints":{"allow":["GET"]}}],"collection":[{"href":"https:\/\/www.rememberme-forever.com\/de\/wp-json\/wp\/v2\/product"}],"about":[{"href":"https:\/\/www.rememberme-forever.com\/de\/wp-json\/wp\/v2\/types\/product"}],"wp:featuredmedia":[{"embeddable":true,"href":"https:\/\/www.rememberme-forever.com\/de\/wp-json\/wp\/v2\/media\/21834"}],"wp:attachment":[{"href":"https:\/\/www.rememberme-forever.com\/de\/wp-json\/wp\/v2\/media?parent=23109"}],"wp:term":[{"taxonomy":"product_brand","embeddable":true,"href":"https:\/\/www.rememberme-forever.com\/de\/wp-json\/wp\/v2\/product_brand?post=23109"},{"taxonomy":"product_cat","embeddable":true,"href":"https:\/\/www.rememberme-forever.com\/de\/wp-json\/wp\/v2\/product_cat?post=23109"},{"taxonomy":"product_tag","embeddable":true,"href":"https:\/\/www.rememberme-forever.com\/de\/wp-json\/wp\/v2\/product_tag?post=23109"}],"curies":[{"name":"wp","href":"https:\/\/api.w.org\/{rel}","templated":true}]}}