{"id":23113,"date":"2025-10-30T09:41:43","date_gmt":"2025-10-30T08:41:43","guid":{"rendered":"https:\/\/www.rememberme-forever.com\/product\/robuste-grabvase\/"},"modified":"2025-12-01T10:06:29","modified_gmt":"2025-12-01T09:06:29","slug":"robuste-grabvase","status":"publish","type":"product","link":"https:\/\/www.rememberme-forever.com\/de\/produkt\/robuste-grabvase\/","title":{"rendered":"Robuste Grabvase"},"content":{"rendered":"<p style=\"text-align: center;\" data-start=\"224\" data-end=\"370\"><strong data-start=\"224\" data-end=\"368\">Im Lieferumfang enthalten sind die Vase und optional eine Gedenktafel mit Ihrem Wunschtext. Die abgebildeten Blumen sind nicht Teil des Sets. <\/strong><\/p>\n<p style=\"text-align: center;\" data-start=\"372\" data-end=\"619\">Die sichtbare Einkerbung an der Seite der Vase dient dem Wasserablauf und sch\u00fctzt sie so effektiv vor Rissen bei Frost und Witterungseinfl\u00fcssen. Dadurch beh\u00e4lt die Vase \u00fcber viele Jahre ihre Form und ihr elegantes Aussehen.<\/p>\n<p style=\"text-align: center;\" data-start=\"621\" data-end=\"925\">Diese robuste Grabvase besteht aus einem widerstandsf\u00e4higen Verbundmaterial, das Naturstein t\u00e4uschend echt imitiert und gleichzeitig \u00e4u\u00dferst witterungsbest\u00e4ndig ist. Die glatte, polierte Oberfl\u00e4che in einem dezenten, dunkelgrauen Granitton verleiht ihr zeitlose Eleganz.<\/p>\n<p style=\"text-align: center;\" data-start=\"927\" data-end=\"1179\">Mit der optionalen Gravurplatte mit Ihrem Wunschtext k\u00f6nnen Sie der Vase eine pers\u00f6nliche Note verleihen \u2013 gravieren Sie Ihren Namen, Daten, ein Zitat oder eine Widmung. Die Platte kann zwischen den Blumen platziert werden und bildet so ein \u00e4sthetisch ansprechendes und symboltr\u00e4chtiges Gesamtbild.<\/p>\n<div style=\"width: 100%; margin-bottom: 40px; height: max-content; padding-bottom: 60%; position: relative;\"><iframe style=\"position: absolute; top: 0; left: 0; width: 100%; height: 100%;\" src=\"https:\/\/rememberme-urns.com\/medium-vase-for-flowers\/\" frameborder=\"0\"><\/iframe><\/div>\n<div style=\"color: red; text-align: center; margin-bottom: 25px;\">\n<p>&gt;&gt; Warum diese Urne w\u00e4hlen? &lt;&lt;<\/p>\n<\/div>\n<p style=\"text-align: center;\" data-start=\"1181\" data-end=\"1202\"><strong data-start=\"1181\" data-end=\"1200\">Produktmerkmale:<\/strong><\/p>\n<p style=\"text-align: center;\" data-start=\"1205\" data-end=\"1245\">Material: Robustes Verbundmaterial<\/p>\n<p style=\"text-align: center;\" data-start=\"1248\" data-end=\"1292\">Farbe: Dunkelgrau \/ Gl\u00e4nzender Granit<\/p>\n<p style=\"text-align: center;\" data-start=\"1295\" data-end=\"1335\">Auslauf f\u00fcr Wasserablauf<\/p>\n<p style=\"text-align: center;\" data-start=\"1338\" data-end=\"1381\">Best\u00e4ndig gegen Frost, Regen, Schnee und Sonneneinstrahlung<\/p>\n<p style=\"text-align: center;\" data-start=\"1384\" data-end=\"1434\">Personalisierbar \u2013 mit gravierter Plakette<\/p>\n<p style=\"text-align: center;\" data-start=\"1437\" data-end=\"1482\">Stabil und schwer \u2013 kippsicher<\/p>\n<p style=\"text-align: center;\" data-start=\"1485\" data-end=\"1540\">Elegantes Design, passend zu verschiedenen Grabsteinarten<\/p>\n<p style=\"text-align: center;\" data-start=\"1485\" data-end=\"1540\"><strong data-start=\"1542\" data-end=\"1559\">Anwendung:<\/strong><\/p>\n<div style=\"text-align: center;\">Die Vase eignet sich ideal als Grabschmuck f\u00fcr frische oder k\u00fcnstliche Blumen. Sie vereint Langlebigkeit, \u00c4sthetik und ist ein Symbol der Erinnerung an geliebte Menschen.<\/div>\n<p class=\"MsoNormal\" style=\"text-align: center;\" align=\"center\"><b><b>\u25ba PERSONALISIERUNG \u25c4<\/b><\/b><\/p>\n<p class=\"MsoNormal\" style=\"text-align: center;\" align=\"center\"><span lang=\"EN-US\">Wenn Sie eine personalisierte Plakette w\u00e4hlen, geben Sie den Text bitte an der entsprechenden Stelle ein oder senden Sie uns eine Nachricht.<\/span><\/p>\n<p class=\"MsoNormal\" style=\"text-align: center;\" align=\"center\"><span lang=\"EN-US\">Die personalisierte Gedenktafel muss w\u00e4hrend des Bestellvorgangs personalisiert werden. (Keine Sorge, falls Sie es vergessen, Sie k\u00f6nnen uns sp\u00e4ter jederzeit eine Nachricht senden.) <\/span><\/p>\n<p class=\"MsoNormal\" style=\"text-align: center;\" align=\"center\">\n<p class=\"MsoNormal\" style=\"text-align: center;\" align=\"center\"><b><span lang=\"EN-US\">Die Textbeschr\u00e4nkungen lauten wie folgt:<\/span><\/b><\/p>\n<p class=\"MsoNormal\" style=\"text-align: center;\" align=\"center\">&#8211; Name(n) bis zu 24 Zeichen<\/p>\n<p class=\"MsoNormal\" style=\"text-align: center;\" align=\"center\"><span lang=\"EN-US\">&#8211; Geburts- und Sterbedatum bis zu 24 Zeichen<\/span><\/p>\n<p class=\"MsoNormal\" style=\"text-align: center;\" align=\"center\">&#8211; Dritte Zeile bis zu 24 Zeichen<\/p>\n<p class=\"MsoNormal\" style=\"text-align: center;\" align=\"center\">&#8211; Vierte Zeile bis zu 24 Zeichen<\/p>\n<p class=\"MsoNormal\" style=\"text-align: center;\" align=\"center\">&#8211; F\u00fcnfte Zeile bis zu 24 Zeichen<\/p>\n<p class=\"MsoNormal\" style=\"text-align: center;\" align=\"center\">&#8211; Sechste Zeile bis zu 24 Zeichen<\/p>\n<p class=\"MsoNormal\" style=\"text-align: center;\" align=\"center\">\n<p class=\"MsoNormal\" style=\"text-align: center;\" align=\"center\"><b><span lang=\"EN-US\">Bitte \u00fcberpr\u00fcfen Sie den Gravurtext, bevor Sie das Produkt in den Warenkorb legen. Wir kopieren und gravieren genau die Informationen, die wir mit der Bestellung erhalten, und nehmen keine \u00c4nderungen vor. <\/span><\/b><\/p>\n<p class=\"MsoNormal\" style=\"text-align: center;\" align=\"center\">\n<p class=\"MsoNormal\" style=\"text-align: center;\" align=\"center\"><span lang=\"EN-US\">\u00dcberpr\u00fcfen Sie den Text auf korrekte Schreibweise.<\/span><\/p>\n<p class=\"MsoNormal\" style=\"text-align: center;\" align=\"center\">Geben Sie KEINE Gravurinformationen ein, wenn Sie die Option \u201eUrne ohne Plakette\u201c w\u00e4hlen.<\/p>\n","protected":false},"excerpt":{"rendered":"<p>Im Lieferumfang enthalten sind die Vase und optional eine Gedenktafel mit Ihrem Wunschtext. Die abgebildeten Blumen sind nicht Teil des Sets. Die sichtbare Einkerbung an&#8230;<\/p>\n","protected":false},"featured_media":21822,"template":"","meta":{"_acf_changed":false},"product_brand":[],"product_cat":[2330],"product_tag":[3301],"class_list":{"0":"post-23113","1":"product","2":"type-product","3":"status-publish","4":"has-post-thumbnail","6":"product_cat-zubehoer","7":"product_tag-gpsr-all-urns-accesories","8":"product_shipping_class-art-urns-kule-do20cm-de","10":"first","11":"instock","12":"taxable","13":"shipping-taxable","14":"purchasable","15":"product-type-simple"},"yoast_head":"<!-- This site is optimized with the Yoast SEO plugin v27.4 - https:\/\/yoast.com\/product\/yoast-seo-wordpress\/ -->\n<title>Robuste Grabvase - Remember Forever<\/title>\n<meta name=\"robots\" content=\"index, follow, max-snippet:-1, max-image-preview:large, max-video-preview:-1\" \/>\n<link rel=\"canonical\" href=\"https:\/\/www.rememberme-forever.com\/de\/produkt\/robuste-grabvase\/\" \/>\n<meta property=\"og:locale\" content=\"de_DE\" \/>\n<meta property=\"og:type\" content=\"article\" \/>\n<meta property=\"og:title\" content=\"Robuste Grabvase - Remember Forever\" \/>\n<meta property=\"og:description\" content=\"Im Lieferumfang enthalten sind die Vase und optional eine Gedenktafel mit Ihrem Wunschtext. Die abgebildeten Blumen sind nicht Teil des Sets. Die sichtbare Einkerbung an...\" \/>\n<meta property=\"og:url\" content=\"https:\/\/www.rememberme-forever.com\/de\/produkt\/robuste-grabvase\/\" \/>\n<meta property=\"og:site_name\" content=\"Remember Forever\" \/>\n<meta property=\"article:modified_time\" content=\"2025-12-01T09:06:29+00:00\" \/>\n<meta property=\"og:image\" content=\"http:\/\/www.rememberme-forever.com\/wp-content\/uploads\/2025\/10\/en-flowers-4.png\" \/>\n\t<meta property=\"og:image:width\" content=\"1024\" \/>\n\t<meta property=\"og:image:height\" content=\"1536\" \/>\n\t<meta property=\"og:image:type\" content=\"image\/png\" \/>\n<meta name=\"twitter:card\" content=\"summary_large_image\" \/>\n<meta name=\"twitter:label1\" content=\"Gesch\u00e4tzte Lesezeit\" \/>\n\t<meta name=\"twitter:data1\" content=\"2\u00a0Minute\" \/>\n<script type=\"application\/ld+json\" class=\"yoast-schema-graph\">{\"@context\":\"https:\\\/\\\/schema.org\",\"@graph\":[{\"@type\":\"WebPage\",\"@id\":\"https:\\\/\\\/www.rememberme-forever.com\\\/de\\\/produkt\\\/robuste-grabvase\\\/\",\"url\":\"https:\\\/\\\/www.rememberme-forever.com\\\/de\\\/produkt\\\/robuste-grabvase\\\/\",\"name\":\"Robuste Grabvase - Remember Forever\",\"isPartOf\":{\"@id\":\"https:\\\/\\\/www.rememberme-forever.com\\\/de\\\/#website\"},\"primaryImageOfPage\":{\"@id\":\"https:\\\/\\\/www.rememberme-forever.com\\\/de\\\/produkt\\\/robuste-grabvase\\\/#primaryimage\"},\"image\":{\"@id\":\"https:\\\/\\\/www.rememberme-forever.com\\\/de\\\/produkt\\\/robuste-grabvase\\\/#primaryimage\"},\"thumbnailUrl\":\"https:\\\/\\\/www.rememberme-forever.com\\\/wp-content\\\/uploads\\\/2025\\\/10\\\/en-flowers-4.png\",\"datePublished\":\"2025-10-30T08:41:43+00:00\",\"dateModified\":\"2025-12-01T09:06:29+00:00\",\"breadcrumb\":{\"@id\":\"https:\\\/\\\/www.rememberme-forever.com\\\/de\\\/produkt\\\/robuste-grabvase\\\/#breadcrumb\"},\"inLanguage\":\"de\",\"potentialAction\":[{\"@type\":\"ReadAction\",\"target\":[\"https:\\\/\\\/www.rememberme-forever.com\\\/de\\\/produkt\\\/robuste-grabvase\\\/\"]}]},{\"@type\":\"ImageObject\",\"inLanguage\":\"de\",\"@id\":\"https:\\\/\\\/www.rememberme-forever.com\\\/de\\\/produkt\\\/robuste-grabvase\\\/#primaryimage\",\"url\":\"https:\\\/\\\/www.rememberme-forever.com\\\/wp-content\\\/uploads\\\/2025\\\/10\\\/en-flowers-4.png\",\"contentUrl\":\"https:\\\/\\\/www.rememberme-forever.com\\\/wp-content\\\/uploads\\\/2025\\\/10\\\/en-flowers-4.png\",\"width\":1024,\"height\":1536,\"caption\":\"Graue Granitvase mit roten und wei\u00dfen k\u00fcnstlichen Blumen und der Gedenktafel \u201eF\u00fcr immer in Erinnerung\u201c\"},{\"@type\":\"BreadcrumbList\",\"@id\":\"https:\\\/\\\/www.rememberme-forever.com\\\/de\\\/produkt\\\/robuste-grabvase\\\/#breadcrumb\",\"itemListElement\":[{\"@type\":\"ListItem\",\"position\":1,\"name\":\"Home\",\"item\":\"https:\\\/\\\/www.rememberme-forever.com\\\/de\\\/startseite\\\/\"},{\"@type\":\"ListItem\",\"position\":2,\"name\":\"Shop\",\"item\":\"https:\\\/\\\/www.rememberme-forever.com\\\/de\\\/shop\\\/\"},{\"@type\":\"ListItem\",\"position\":3,\"name\":\"Robuste Grabvase\"}]},{\"@type\":\"WebSite\",\"@id\":\"https:\\\/\\\/www.rememberme-forever.com\\\/de\\\/#website\",\"url\":\"https:\\\/\\\/www.rememberme-forever.com\\\/de\\\/\",\"name\":\"Remember Forever\",\"description\":\"Cremation urns, funeral urns, urns for ashes\",\"publisher\":{\"@id\":\"https:\\\/\\\/www.rememberme-forever.com\\\/de\\\/#organization\"},\"potentialAction\":[{\"@type\":\"SearchAction\",\"target\":{\"@type\":\"EntryPoint\",\"urlTemplate\":\"https:\\\/\\\/www.rememberme-forever.com\\\/de\\\/?s={search_term_string}\"},\"query-input\":{\"@type\":\"PropertyValueSpecification\",\"valueRequired\":true,\"valueName\":\"search_term_string\"}}],\"inLanguage\":\"de\"},{\"@type\":\"Organization\",\"@id\":\"https:\\\/\\\/www.rememberme-forever.com\\\/de\\\/#organization\",\"name\":\"Remember Forever\",\"url\":\"https:\\\/\\\/www.rememberme-forever.com\\\/de\\\/\",\"logo\":{\"@type\":\"ImageObject\",\"inLanguage\":\"de\",\"@id\":\"https:\\\/\\\/www.rememberme-forever.com\\\/de\\\/#\\\/schema\\\/logo\\\/image\\\/\",\"url\":\"https:\\\/\\\/www.rememberme-forever.com\\\/wp-content\\\/uploads\\\/2023\\\/02\\\/logo.png\",\"contentUrl\":\"https:\\\/\\\/www.rememberme-forever.com\\\/wp-content\\\/uploads\\\/2023\\\/02\\\/logo.png\",\"width\":300,\"height\":56,\"caption\":\"Remember Forever\"},\"image\":{\"@id\":\"https:\\\/\\\/www.rememberme-forever.com\\\/de\\\/#\\\/schema\\\/logo\\\/image\\\/\"}}]}<\/script>\n<!-- \/ Yoast SEO plugin. -->","yoast_head_json":{"title":"Robuste Grabvase - Remember Forever","robots":{"index":"index","follow":"follow","max-snippet":"max-snippet:-1","max-image-preview":"max-image-preview:large","max-video-preview":"max-video-preview:-1"},"canonical":"https:\/\/www.rememberme-forever.com\/de\/produkt\/robuste-grabvase\/","og_locale":"de_DE","og_type":"article","og_title":"Robuste Grabvase - Remember Forever","og_description":"Im Lieferumfang enthalten sind die Vase und optional eine Gedenktafel mit Ihrem Wunschtext. Die abgebildeten Blumen sind nicht Teil des Sets. Die sichtbare Einkerbung an...","og_url":"https:\/\/www.rememberme-forever.com\/de\/produkt\/robuste-grabvase\/","og_site_name":"Remember Forever","article_modified_time":"2025-12-01T09:06:29+00:00","og_image":[{"width":1024,"height":1536,"url":"http:\/\/www.rememberme-forever.com\/wp-content\/uploads\/2025\/10\/en-flowers-4.png","type":"image\/png"}],"twitter_card":"summary_large_image","twitter_misc":{"Gesch\u00e4tzte Lesezeit":"2\u00a0Minute"},"schema":{"@context":"https:\/\/schema.org","@graph":[{"@type":"WebPage","@id":"https:\/\/www.rememberme-forever.com\/de\/produkt\/robuste-grabvase\/","url":"https:\/\/www.rememberme-forever.com\/de\/produkt\/robuste-grabvase\/","name":"Robuste Grabvase - Remember Forever","isPartOf":{"@id":"https:\/\/www.rememberme-forever.com\/de\/#website"},"primaryImageOfPage":{"@id":"https:\/\/www.rememberme-forever.com\/de\/produkt\/robuste-grabvase\/#primaryimage"},"image":{"@id":"https:\/\/www.rememberme-forever.com\/de\/produkt\/robuste-grabvase\/#primaryimage"},"thumbnailUrl":"https:\/\/www.rememberme-forever.com\/wp-content\/uploads\/2025\/10\/en-flowers-4.png","datePublished":"2025-10-30T08:41:43+00:00","dateModified":"2025-12-01T09:06:29+00:00","breadcrumb":{"@id":"https:\/\/www.rememberme-forever.com\/de\/produkt\/robuste-grabvase\/#breadcrumb"},"inLanguage":"de","potentialAction":[{"@type":"ReadAction","target":["https:\/\/www.rememberme-forever.com\/de\/produkt\/robuste-grabvase\/"]}]},{"@type":"ImageObject","inLanguage":"de","@id":"https:\/\/www.rememberme-forever.com\/de\/produkt\/robuste-grabvase\/#primaryimage","url":"https:\/\/www.rememberme-forever.com\/wp-content\/uploads\/2025\/10\/en-flowers-4.png","contentUrl":"https:\/\/www.rememberme-forever.com\/wp-content\/uploads\/2025\/10\/en-flowers-4.png","width":1024,"height":1536,"caption":"Graue Granitvase mit roten und wei\u00dfen k\u00fcnstlichen Blumen und der Gedenktafel \u201eF\u00fcr immer in Erinnerung\u201c"},{"@type":"BreadcrumbList","@id":"https:\/\/www.rememberme-forever.com\/de\/produkt\/robuste-grabvase\/#breadcrumb","itemListElement":[{"@type":"ListItem","position":1,"name":"Home","item":"https:\/\/www.rememberme-forever.com\/de\/startseite\/"},{"@type":"ListItem","position":2,"name":"Shop","item":"https:\/\/www.rememberme-forever.com\/de\/shop\/"},{"@type":"ListItem","position":3,"name":"Robuste Grabvase"}]},{"@type":"WebSite","@id":"https:\/\/www.rememberme-forever.com\/de\/#website","url":"https:\/\/www.rememberme-forever.com\/de\/","name":"Remember Forever","description":"Cremation urns, funeral urns, urns for ashes","publisher":{"@id":"https:\/\/www.rememberme-forever.com\/de\/#organization"},"potentialAction":[{"@type":"SearchAction","target":{"@type":"EntryPoint","urlTemplate":"https:\/\/www.rememberme-forever.com\/de\/?s={search_term_string}"},"query-input":{"@type":"PropertyValueSpecification","valueRequired":true,"valueName":"search_term_string"}}],"inLanguage":"de"},{"@type":"Organization","@id":"https:\/\/www.rememberme-forever.com\/de\/#organization","name":"Remember Forever","url":"https:\/\/www.rememberme-forever.com\/de\/","logo":{"@type":"ImageObject","inLanguage":"de","@id":"https:\/\/www.rememberme-forever.com\/de\/#\/schema\/logo\/image\/","url":"https:\/\/www.rememberme-forever.com\/wp-content\/uploads\/2023\/02\/logo.png","contentUrl":"https:\/\/www.rememberme-forever.com\/wp-content\/uploads\/2023\/02\/logo.png","width":300,"height":56,"caption":"Remember Forever"},"image":{"@id":"https:\/\/www.rememberme-forever.com\/de\/#\/schema\/logo\/image\/"}}]}},"acf":[],"_links":{"self":[{"href":"https:\/\/www.rememberme-forever.com\/de\/wp-json\/wp\/v2\/product\/23113","targetHints":{"allow":["GET"]}}],"collection":[{"href":"https:\/\/www.rememberme-forever.com\/de\/wp-json\/wp\/v2\/product"}],"about":[{"href":"https:\/\/www.rememberme-forever.com\/de\/wp-json\/wp\/v2\/types\/product"}],"wp:featuredmedia":[{"embeddable":true,"href":"https:\/\/www.rememberme-forever.com\/de\/wp-json\/wp\/v2\/media\/21822"}],"wp:attachment":[{"href":"https:\/\/www.rememberme-forever.com\/de\/wp-json\/wp\/v2\/media?parent=23113"}],"wp:term":[{"taxonomy":"product_brand","embeddable":true,"href":"https:\/\/www.rememberme-forever.com\/de\/wp-json\/wp\/v2\/product_brand?post=23113"},{"taxonomy":"product_cat","embeddable":true,"href":"https:\/\/www.rememberme-forever.com\/de\/wp-json\/wp\/v2\/product_cat?post=23113"},{"taxonomy":"product_tag","embeddable":true,"href":"https:\/\/www.rememberme-forever.com\/de\/wp-json\/wp\/v2\/product_tag?post=23113"}],"curies":[{"name":"wp","href":"https:\/\/api.w.org\/{rel}","templated":true}]}}