{"id":23172,"date":"2025-04-16T13:16:31","date_gmt":"2025-04-16T11:16:31","guid":{"rendered":"https:\/\/www.rememberme-forever.com\/product\/wunderschoene-keramikurne-fuer-ein-kind-dekorative-babyurne\/"},"modified":"2025-12-02T09:25:35","modified_gmt":"2025-12-02T08:25:35","slug":"wunderschoene-keramikurne-fuer-ein-kind-dekorative-babyurne","status":"publish","type":"product","link":"https:\/\/www.rememberme-forever.com\/de\/produkt\/wunderschoene-keramikurne-fuer-ein-kind-dekorative-babyurne\/","title":{"rendered":"Wundersch\u00f6ne Keramikurne f\u00fcr ein Kind \u2013 Dekorative Babyurne"},"content":{"rendered":"<div style=\"text-indent: 0px; text-align: center;\">\n<p class=\"\" data-start=\"80\" data-end=\"388\">Der Verlust eines Kindes ist ein unbeschreiblicher Schmerz. In diesen schweren Stunden ist es wichtig, ein kleines Leben auf liebevolle und z\u00e4rtliche Weise zu ehren. Diese Keramikurne ist eine einzigartige Mini-Urne, die speziell f\u00fcr die Kleinsten geschaffen wurde \u2013 f\u00fcr diejenigen, die f\u00fcr immer in Ihrem Herzen bleiben.<\/p>\n<p class=\"\" data-start=\"390\" data-end=\"623\">Die Urne besticht durch ihre wundersch\u00f6ne und ungew\u00f6hnliche Form, die mit ihrer Zartheit ins Auge f\u00e4llt. Ihre Form und Verarbeitung machen sie nicht nur zu einer Ruhest\u00e4tte, sondern auch zu einem ber\u00fchrenden Erinnerungsst\u00fcck f\u00fcr Ihr Zuhause.<\/p>\n<p class=\"\" data-start=\"625\" data-end=\"910\">Die Urne kann mit einer gravierten Plakette mit Ihrem Wunschtext versehen werden, die auf einem transparenten Plexiglassockel angebracht wird \u2013 Platz f\u00fcr einen Namen, ein Datum oder eine kurze Widmung. Die Asche wird von unten durch einen herausnehmbaren Boden eingef\u00fcllt, der dauerhaft mit Klebstoff oder Silikon fixiert werden kann.<\/p>\n<p class=\"\" data-start=\"912\" data-end=\"1038\">Es ist eine friedvolle, warme und liebevolle Art, Abschied zu nehmen und die Erinnerung an ein geliebtes Kind f\u00fcr immer zu bewahren.<\/p>\n<\/div>\n<p class=\"MsoNormal\" style=\"text-align: center;\" align=\"center\"><span style=\"color: #000000;\"><b><b>\u25ba PERSONALISIERUNG \u25c4<\/b><\/b><\/span><\/p>\n<p class=\"MsoNormal\" style=\"text-align: center;\" align=\"center\"><span style=\"color: #000000;\"><span lang=\"EN-US\">Wenn Sie eine personalisierte Plakette w\u00e4hlen, geben Sie den Text bitte an der entsprechenden Stelle ein oder senden Sie uns eine Nachricht.<\/span><\/span><\/p>\n<p class=\"MsoNormal\" style=\"text-align: center;\" align=\"center\"><span style=\"color: #000000;\"><span lang=\"EN-US\">Die personalisierte Gedenktafel muss w\u00e4hrend des Bestellvorgangs personalisiert werden. (Keine Sorge, falls Sie es vergessen, Sie k\u00f6nnen uns sp\u00e4ter jederzeit eine Nachricht senden.) <\/span><\/span><\/p>\n<p class=\"MsoNormal\" style=\"text-align: center;\" align=\"center\">\n<p class=\"MsoNormal\" style=\"text-align: center;\" align=\"center\"><span style=\"color: #000000;\"><b><span lang=\"EN-US\">Die Textbeschr\u00e4nkungen lauten wie folgt:<\/span><\/b><\/span><\/p>\n<p class=\"MsoNormal\" style=\"text-align: center;\" align=\"center\"><span style=\"color: #000000;\">&#8211; Name(n) bis zu 24 Zeichen<\/span><\/p>\n<p class=\"MsoNormal\" style=\"text-align: center;\" align=\"center\"><span style=\"color: #000000;\"><span lang=\"EN-US\">&#8211; Geburts- und Sterbedatum bis zu 24 Zeichen<\/span><\/span><\/p>\n<p class=\"MsoNormal\" style=\"text-align: center;\" align=\"center\"><span style=\"color: #000000;\">&#8211; Dritte Zeile bis zu 24 Zeichen<\/span><\/p>\n<p class=\"MsoNormal\" style=\"text-align: center;\" align=\"center\"><span style=\"color: #000000;\">&#8211; Vierte Zeile bis zu 24 Zeichen<\/span><\/p>\n<p class=\"MsoNormal\" style=\"text-align: center;\" align=\"center\"><span style=\"color: #000000;\">&#8211; F\u00fcnfte Zeile bis zu 24 Zeichen<\/span><\/p>\n<p class=\"MsoNormal\" style=\"text-align: center;\" align=\"center\">\n<p class=\"MsoNormal\" style=\"text-align: center;\" align=\"center\"><span style=\"color: #000000;\"><b><span lang=\"EN-US\">Bitte \u00fcberpr\u00fcfen Sie den Gravurtext, bevor Sie das Produkt in den Warenkorb legen. <\/span><\/b><\/span><\/p>\n<p class=\"MsoNormal\" style=\"text-align: center;\" align=\"center\"><span style=\"color: #000000;\"><b><span lang=\"EN-US\">Wir kopieren und gravieren die Informationen, die wir mit der Bestellung erhalten, exakt und nehmen keine \u00c4nderungen vor.<\/span><\/b><\/span><\/p>\n<p class=\"MsoNormal\" style=\"text-align: center;\" align=\"center\">\n<p class=\"MsoNormal\" style=\"text-align: center;\" align=\"center\"><span style=\"color: #000000;\"><span lang=\"EN-US\">\u00dcberpr\u00fcfen Sie den Text auf korrekte Schreibweise.<\/span><\/span><\/p>\n<p class=\"MsoNormal\" style=\"text-align: center;\" align=\"center\"><span style=\"color: #000000;\">Geben Sie KEINE Gravurinformationen ein, wenn Sie die Option \u201eUrne ohne Plakette\u201c w\u00e4hlen.<\/span><\/p>\n<p style=\"text-align: center;\"><strong><em><span style=\"color: #000000;\">Die Gedenktafel wird separat mit dem St\u00e4nder geliefert (siehe Abbildung).<\/span><\/em><\/strong><\/p>\n<p class=\"MsoNormal\" style=\"text-align: center;\" align=\"center\"><span style=\"color: #000000;\">(Der St\u00e4nder f\u00fcr die Gedenktafel besteht aus transparentem Plexiglas.) <\/span><\/p>\n","protected":false},"excerpt":{"rendered":"<p>Der Verlust eines Kindes ist ein unbeschreiblicher Schmerz. In diesen schweren Stunden ist es wichtig, ein kleines Leben auf liebevolle und z\u00e4rtliche Weise zu ehren&#8230;.<\/p>\n","protected":false},"featured_media":23165,"template":"","meta":{"_acf_changed":false},"product_brand":[],"product_cat":[2334],"product_tag":[3311],"class_list":{"0":"post-23172","1":"product","2":"type-product","3":"status-publish","4":"has-post-thumbnail","6":"product_cat-kinderurnen","7":"product_tag-gpsr-ceramic-urns","8":"product_shipping_class-1-2-kg-de","10":"first","11":"instock","12":"taxable","13":"shipping-taxable","14":"purchasable","15":"product-type-simple"},"yoast_head":"<!-- This site is optimized with the Yoast SEO plugin v27.4 - https:\/\/yoast.com\/product\/yoast-seo-wordpress\/ -->\n<title>Remember Forever<\/title>\n<meta name=\"robots\" content=\"index, follow, max-snippet:-1, max-image-preview:large, max-video-preview:-1\" \/>\n<link rel=\"canonical\" href=\"https:\/\/www.rememberme-forever.com\/de\/produkt\/wunderschoene-keramikurne-fuer-ein-kind-dekorative-babyurne\/\" \/>\n<meta property=\"og:locale\" content=\"de_DE\" \/>\n<meta property=\"og:type\" content=\"article\" \/>\n<meta property=\"og:description\" content=\"Der Verlust eines Kindes ist ein unbeschreiblicher Schmerz. In diesen schweren Stunden ist es wichtig, ein kleines Leben auf liebevolle und z\u00e4rtliche Weise zu ehren....\" \/>\n<meta property=\"og:url\" content=\"https:\/\/www.rememberme-forever.com\/de\/produkt\/wunderschoene-keramikurne-fuer-ein-kind-dekorative-babyurne\/\" \/>\n<meta property=\"og:site_name\" content=\"Remember Forever\" \/>\n<meta property=\"article:modified_time\" content=\"2025-12-02T08:25:35+00:00\" \/>\n<meta property=\"og:image\" content=\"http:\/\/www.rememberme-forever.com\/wp-content\/uploads\/2025\/04\/ceramic-urn-with-heart_00012plaque.jpg\" \/>\n\t<meta property=\"og:image:width\" content=\"1007\" \/>\n\t<meta property=\"og:image:height\" content=\"1024\" \/>\n\t<meta property=\"og:image:type\" content=\"image\/jpeg\" \/>\n<meta name=\"twitter:card\" content=\"summary_large_image\" \/>\n<meta name=\"twitter:label1\" content=\"Gesch\u00e4tzte Lesezeit\" \/>\n\t<meta name=\"twitter:data1\" content=\"2\u00a0Minute\" \/>\n<script type=\"application\/ld+json\" class=\"yoast-schema-graph\">{\"@context\":\"https:\\\/\\\/schema.org\",\"@graph\":[{\"@type\":\"WebPage\",\"@id\":\"https:\\\/\\\/www.rememberme-forever.com\\\/de\\\/produkt\\\/wunderschoene-keramikurne-fuer-ein-kind-dekorative-babyurne\\\/\",\"url\":\"https:\\\/\\\/www.rememberme-forever.com\\\/de\\\/produkt\\\/wunderschoene-keramikurne-fuer-ein-kind-dekorative-babyurne\\\/\",\"name\":\"\",\"isPartOf\":{\"@id\":\"https:\\\/\\\/www.rememberme-forever.com\\\/de\\\/#website\"},\"primaryImageOfPage\":{\"@id\":\"https:\\\/\\\/www.rememberme-forever.com\\\/de\\\/produkt\\\/wunderschoene-keramikurne-fuer-ein-kind-dekorative-babyurne\\\/#primaryimage\"},\"image\":{\"@id\":\"https:\\\/\\\/www.rememberme-forever.com\\\/de\\\/produkt\\\/wunderschoene-keramikurne-fuer-ein-kind-dekorative-babyurne\\\/#primaryimage\"},\"thumbnailUrl\":\"https:\\\/\\\/www.rememberme-forever.com\\\/wp-content\\\/uploads\\\/2025\\\/04\\\/ceramic-urn-with-heart_00012plaque.jpg\",\"datePublished\":\"2025-04-16T11:16:31+00:00\",\"dateModified\":\"2025-12-02T08:25:35+00:00\",\"breadcrumb\":{\"@id\":\"https:\\\/\\\/www.rememberme-forever.com\\\/de\\\/produkt\\\/wunderschoene-keramikurne-fuer-ein-kind-dekorative-babyurne\\\/#breadcrumb\"},\"inLanguage\":\"de\",\"potentialAction\":[{\"@type\":\"ReadAction\",\"target\":[\"https:\\\/\\\/www.rememberme-forever.com\\\/de\\\/produkt\\\/wunderschoene-keramikurne-fuer-ein-kind-dekorative-babyurne\\\/\"]}]},{\"@type\":\"ImageObject\",\"inLanguage\":\"de\",\"@id\":\"https:\\\/\\\/www.rememberme-forever.com\\\/de\\\/produkt\\\/wunderschoene-keramikurne-fuer-ein-kind-dekorative-babyurne\\\/#primaryimage\",\"url\":\"https:\\\/\\\/www.rememberme-forever.com\\\/wp-content\\\/uploads\\\/2025\\\/04\\\/ceramic-urn-with-heart_00012plaque.jpg\",\"contentUrl\":\"https:\\\/\\\/www.rememberme-forever.com\\\/wp-content\\\/uploads\\\/2025\\\/04\\\/ceramic-urn-with-heart_00012plaque.jpg\",\"width\":1007,\"height\":1024,\"caption\":\"Keramikurne mit Herzmotiv f\u00fcr ein Kind, Erinnerungsst\u00fcck\"},{\"@type\":\"BreadcrumbList\",\"@id\":\"https:\\\/\\\/www.rememberme-forever.com\\\/de\\\/produkt\\\/wunderschoene-keramikurne-fuer-ein-kind-dekorative-babyurne\\\/#breadcrumb\",\"itemListElement\":[{\"@type\":\"ListItem\",\"position\":1,\"name\":\"Home\",\"item\":\"https:\\\/\\\/www.rememberme-forever.com\\\/de\\\/startseite\\\/\"},{\"@type\":\"ListItem\",\"position\":2,\"name\":\"Shop\",\"item\":\"https:\\\/\\\/www.rememberme-forever.com\\\/de\\\/shop\\\/\"},{\"@type\":\"ListItem\",\"position\":3,\"name\":\"Wundersch\u00f6ne Keramikurne f\u00fcr ein Kind \u2013 Dekorative Babyurne\"}]},{\"@type\":\"WebSite\",\"@id\":\"https:\\\/\\\/www.rememberme-forever.com\\\/de\\\/#website\",\"url\":\"https:\\\/\\\/www.rememberme-forever.com\\\/de\\\/\",\"name\":\"Remember Forever\",\"description\":\"Cremation urns, funeral urns, urns for ashes\",\"publisher\":{\"@id\":\"https:\\\/\\\/www.rememberme-forever.com\\\/de\\\/#organization\"},\"potentialAction\":[{\"@type\":\"SearchAction\",\"target\":{\"@type\":\"EntryPoint\",\"urlTemplate\":\"https:\\\/\\\/www.rememberme-forever.com\\\/de\\\/?s={search_term_string}\"},\"query-input\":{\"@type\":\"PropertyValueSpecification\",\"valueRequired\":true,\"valueName\":\"search_term_string\"}}],\"inLanguage\":\"de\"},{\"@type\":\"Organization\",\"@id\":\"https:\\\/\\\/www.rememberme-forever.com\\\/de\\\/#organization\",\"name\":\"Remember Forever\",\"url\":\"https:\\\/\\\/www.rememberme-forever.com\\\/de\\\/\",\"logo\":{\"@type\":\"ImageObject\",\"inLanguage\":\"de\",\"@id\":\"https:\\\/\\\/www.rememberme-forever.com\\\/de\\\/#\\\/schema\\\/logo\\\/image\\\/\",\"url\":\"https:\\\/\\\/www.rememberme-forever.com\\\/wp-content\\\/uploads\\\/2023\\\/02\\\/logo.png\",\"contentUrl\":\"https:\\\/\\\/www.rememberme-forever.com\\\/wp-content\\\/uploads\\\/2023\\\/02\\\/logo.png\",\"width\":300,\"height\":56,\"caption\":\"Remember Forever\"},\"image\":{\"@id\":\"https:\\\/\\\/www.rememberme-forever.com\\\/de\\\/#\\\/schema\\\/logo\\\/image\\\/\"}}]}<\/script>\n<!-- \/ Yoast SEO plugin. -->","yoast_head_json":{"title":"Remember Forever","robots":{"index":"index","follow":"follow","max-snippet":"max-snippet:-1","max-image-preview":"max-image-preview:large","max-video-preview":"max-video-preview:-1"},"canonical":"https:\/\/www.rememberme-forever.com\/de\/produkt\/wunderschoene-keramikurne-fuer-ein-kind-dekorative-babyurne\/","og_locale":"de_DE","og_type":"article","og_description":"Der Verlust eines Kindes ist ein unbeschreiblicher Schmerz. In diesen schweren Stunden ist es wichtig, ein kleines Leben auf liebevolle und z\u00e4rtliche Weise zu ehren....","og_url":"https:\/\/www.rememberme-forever.com\/de\/produkt\/wunderschoene-keramikurne-fuer-ein-kind-dekorative-babyurne\/","og_site_name":"Remember Forever","article_modified_time":"2025-12-02T08:25:35+00:00","og_image":[{"width":1007,"height":1024,"url":"http:\/\/www.rememberme-forever.com\/wp-content\/uploads\/2025\/04\/ceramic-urn-with-heart_00012plaque.jpg","type":"image\/jpeg"}],"twitter_card":"summary_large_image","twitter_misc":{"Gesch\u00e4tzte Lesezeit":"2\u00a0Minute"},"schema":{"@context":"https:\/\/schema.org","@graph":[{"@type":"WebPage","@id":"https:\/\/www.rememberme-forever.com\/de\/produkt\/wunderschoene-keramikurne-fuer-ein-kind-dekorative-babyurne\/","url":"https:\/\/www.rememberme-forever.com\/de\/produkt\/wunderschoene-keramikurne-fuer-ein-kind-dekorative-babyurne\/","name":"","isPartOf":{"@id":"https:\/\/www.rememberme-forever.com\/de\/#website"},"primaryImageOfPage":{"@id":"https:\/\/www.rememberme-forever.com\/de\/produkt\/wunderschoene-keramikurne-fuer-ein-kind-dekorative-babyurne\/#primaryimage"},"image":{"@id":"https:\/\/www.rememberme-forever.com\/de\/produkt\/wunderschoene-keramikurne-fuer-ein-kind-dekorative-babyurne\/#primaryimage"},"thumbnailUrl":"https:\/\/www.rememberme-forever.com\/wp-content\/uploads\/2025\/04\/ceramic-urn-with-heart_00012plaque.jpg","datePublished":"2025-04-16T11:16:31+00:00","dateModified":"2025-12-02T08:25:35+00:00","breadcrumb":{"@id":"https:\/\/www.rememberme-forever.com\/de\/produkt\/wunderschoene-keramikurne-fuer-ein-kind-dekorative-babyurne\/#breadcrumb"},"inLanguage":"de","potentialAction":[{"@type":"ReadAction","target":["https:\/\/www.rememberme-forever.com\/de\/produkt\/wunderschoene-keramikurne-fuer-ein-kind-dekorative-babyurne\/"]}]},{"@type":"ImageObject","inLanguage":"de","@id":"https:\/\/www.rememberme-forever.com\/de\/produkt\/wunderschoene-keramikurne-fuer-ein-kind-dekorative-babyurne\/#primaryimage","url":"https:\/\/www.rememberme-forever.com\/wp-content\/uploads\/2025\/04\/ceramic-urn-with-heart_00012plaque.jpg","contentUrl":"https:\/\/www.rememberme-forever.com\/wp-content\/uploads\/2025\/04\/ceramic-urn-with-heart_00012plaque.jpg","width":1007,"height":1024,"caption":"Keramikurne mit Herzmotiv f\u00fcr ein Kind, Erinnerungsst\u00fcck"},{"@type":"BreadcrumbList","@id":"https:\/\/www.rememberme-forever.com\/de\/produkt\/wunderschoene-keramikurne-fuer-ein-kind-dekorative-babyurne\/#breadcrumb","itemListElement":[{"@type":"ListItem","position":1,"name":"Home","item":"https:\/\/www.rememberme-forever.com\/de\/startseite\/"},{"@type":"ListItem","position":2,"name":"Shop","item":"https:\/\/www.rememberme-forever.com\/de\/shop\/"},{"@type":"ListItem","position":3,"name":"Wundersch\u00f6ne Keramikurne f\u00fcr ein Kind \u2013 Dekorative Babyurne"}]},{"@type":"WebSite","@id":"https:\/\/www.rememberme-forever.com\/de\/#website","url":"https:\/\/www.rememberme-forever.com\/de\/","name":"Remember Forever","description":"Cremation urns, funeral urns, urns for ashes","publisher":{"@id":"https:\/\/www.rememberme-forever.com\/de\/#organization"},"potentialAction":[{"@type":"SearchAction","target":{"@type":"EntryPoint","urlTemplate":"https:\/\/www.rememberme-forever.com\/de\/?s={search_term_string}"},"query-input":{"@type":"PropertyValueSpecification","valueRequired":true,"valueName":"search_term_string"}}],"inLanguage":"de"},{"@type":"Organization","@id":"https:\/\/www.rememberme-forever.com\/de\/#organization","name":"Remember Forever","url":"https:\/\/www.rememberme-forever.com\/de\/","logo":{"@type":"ImageObject","inLanguage":"de","@id":"https:\/\/www.rememberme-forever.com\/de\/#\/schema\/logo\/image\/","url":"https:\/\/www.rememberme-forever.com\/wp-content\/uploads\/2023\/02\/logo.png","contentUrl":"https:\/\/www.rememberme-forever.com\/wp-content\/uploads\/2023\/02\/logo.png","width":300,"height":56,"caption":"Remember Forever"},"image":{"@id":"https:\/\/www.rememberme-forever.com\/de\/#\/schema\/logo\/image\/"}}]}},"acf":[],"_links":{"self":[{"href":"https:\/\/www.rememberme-forever.com\/de\/wp-json\/wp\/v2\/product\/23172","targetHints":{"allow":["GET"]}}],"collection":[{"href":"https:\/\/www.rememberme-forever.com\/de\/wp-json\/wp\/v2\/product"}],"about":[{"href":"https:\/\/www.rememberme-forever.com\/de\/wp-json\/wp\/v2\/types\/product"}],"wp:featuredmedia":[{"embeddable":true,"href":"https:\/\/www.rememberme-forever.com\/de\/wp-json\/wp\/v2\/media\/23165"}],"wp:attachment":[{"href":"https:\/\/www.rememberme-forever.com\/de\/wp-json\/wp\/v2\/media?parent=23172"}],"wp:term":[{"taxonomy":"product_brand","embeddable":true,"href":"https:\/\/www.rememberme-forever.com\/de\/wp-json\/wp\/v2\/product_brand?post=23172"},{"taxonomy":"product_cat","embeddable":true,"href":"https:\/\/www.rememberme-forever.com\/de\/wp-json\/wp\/v2\/product_cat?post=23172"},{"taxonomy":"product_tag","embeddable":true,"href":"https:\/\/www.rememberme-forever.com\/de\/wp-json\/wp\/v2\/product_tag?post=23172"}],"curies":[{"name":"wp","href":"https:\/\/api.w.org\/{rel}","templated":true}]}}