{"id":23321,"date":"2023-04-07T12:22:07","date_gmt":"2023-04-07T10:22:07","guid":{"rendered":"https:\/\/www.rememberme-forever.com\/product\/gedenkurne-fuer-kinderasche-in-engelshaenden\/"},"modified":"2025-12-03T09:21:43","modified_gmt":"2025-12-03T08:21:43","slug":"gedenkurne-fuer-kinderasche-in-engelshaenden","status":"publish","type":"product","link":"https:\/\/www.rememberme-forever.com\/de\/produkt\/gedenkurne-fuer-kinderasche-in-engelshaenden\/","title":{"rendered":"Gedenkurne f\u00fcr Kinderasche \u2013 \u201eIn Engelsh\u00e4nden\u201c"},"content":{"rendered":"<div style=\"width: 100%; margin-bottom: 40px; height: max-content; padding-bottom: 60%; position: relative;\"><iframe style=\"position: absolute; top: 0; left: 0; width: 100%; height: 100%;\" src=\"https:\/\/rememberme-urns.com\/in-the-hands-of-angel\/\" frameborder=\"0\"><\/iframe><\/div>\n<div style=\"color: red; text-align: center; margin-bottom: 25px;\">\n<p>&gt;&gt; Warum diese Urne w\u00e4hlen? &lt;&lt;<\/p>\n<\/div>\n<h2 style=\"text-align: center;\">Gedenkurne f\u00fcr Kinderasche \u2013 \u201eIn Engelsh\u00e4nden\u201c<\/h2>\n<blockquote>\n<p style=\"text-align: center;\">Die Gedenkurne \u201eIn Engelsh\u00e4nden\u201c ist ein wundersch\u00f6n gestaltetes Andenken an das Leben eines geliebten Kindes. Die einzigartige Urne aus Gussbeton besticht durch eine elegante Edelstahlkugel, die die Asche Ihres Kindes sicher und behutsam in den H\u00e4nden zweier silberfarbener Engelsh\u00e4nde birgt.<\/p>\n<p style=\"text-align: center;\">Diese Urne vereint Sch\u00f6nheit und Langlebigkeit und bietet einen w\u00fcrdevollen und dauerhaften Ruheplatz f\u00fcr die Asche Ihres Kindes. Die \u00d6ffnung an der Unterseite erm\u00f6glicht ein einfaches Entnehmen der Asche. Eine Gedenktafel kann separat angebracht werden, um die Urne individuell zu gestalten. Alternativ l\u00e4sst sich die Tafel auch dezent an der R\u00fcckseite der Urne befestigen.<\/p>\n<p><img loading=\"lazy\" decoding=\"async\" class=\" wp-image-1346 aligncenter\" src=\"http:\/\/www.rememberme-forever.com\/wp-content\/uploads\/2023\/04\/personalized-infant-cremation-urn-295x300.jpg\" alt=\"Personalisierte Urne f\u00fcr die Asche eines Kindes\" width=\"198\" height=\"201\" srcset=\"https:\/\/www.rememberme-forever.com\/wp-content\/uploads\/2023\/04\/personalized-infant-cremation-urn-295x300.jpg 295w, https:\/\/www.rememberme-forever.com\/wp-content\/uploads\/2023\/04\/personalized-infant-cremation-urn-600x610.jpg 600w, https:\/\/www.rememberme-forever.com\/wp-content\/uploads\/2023\/04\/personalized-infant-cremation-urn-64x65.jpg 64w, https:\/\/www.rememberme-forever.com\/wp-content\/uploads\/2023\/04\/personalized-infant-cremation-urn.jpg 768w\" sizes=\"auto, (max-width: 198px) 100vw, 198px\" \/><\/p>\n<p style=\"text-align: center;\">Die filigranen Engelsh\u00e4nde, zart in schimmerndem Silber gemalt, erinnern an die Liebe und den Schutz, die Ihr Kind auch im Jenseits erf\u00e4hrt. Die glatte, polierte Oberfl\u00e4che der Edelstahlkugel reflektiert das Licht und die Sch\u00f6nheit seiner Seele und schafft eine tr\u00f6stliche Atmosph\u00e4re in jedem Raum.<\/p>\n<p style=\"text-align: center;\">Mit ihrem einzigartigen und liebevoll gestalteten Design ist die Gedenkurne \u201eIn Engelsh\u00e4nden\u201c eine wundersch\u00f6ne M\u00f6glichkeit, die Erinnerung an Ihr geliebtes Kind zu ehren und sie f\u00fcr viele Jahre lebendig zu halten. Ob prominent platziert oder an einem diskreten Ort aufbewahrt \u2013 diese Urne ist ein ber\u00fchrendes Andenken, das von allen, die Ihr Kind kannten und liebten, gesch\u00e4tzt wird.<\/p>\n<\/blockquote>\n<p style=\"text-align: center;\"><em><strong>Da es sich um ein handbemaltes Produkt handelt, kann das Aussehen leicht variieren.<\/strong><\/em><\/p>\n<p>&nbsp;<\/p>\n<h3 style=\"text-align: center;\"><strong>PERSONALISIERUNG<\/strong><\/h3>\n<p style=\"text-align: center;\">Die personalisierte Gedenktafel muss bei der Bestellung individuell gestaltet werden. (Bitte keine Panik, wenn Sie das vergessen haben, denn Sie k\u00f6nnen uns auch noch nachtr\u00e4glich eine Nachricht schicken).<\/p>\n<p style=\"text-align: center;\">Bitte \u00fcberpr\u00fcfen Sie den zu gravierenden Text sorgf\u00e4ltig, bevor Sie den Artikel in den Warenkorb legen. Wir kopieren und gravieren genau die Informationen, die wir mit der Bestellung erhalten und nehmen bei uns keine \u00c4nderungen vor.<\/p>\n<p style=\"text-align: center;\"><strong>Bitte \u00fcberpr\u00fcfen Sie den Text, um sicherzustellen, dass alle Schreibweisen korrekt sind.<\/strong><\/p>\n<p style=\"text-align: center;\"><em><strong>Bitte geben Sie keinen Text ein, wenn Sie \u201eKeine Plakette\u201c ausgew\u00e4hlt haben.<\/strong><\/em><\/p>\n<p><img loading=\"lazy\" decoding=\"async\" class=\" wp-image-1330 aligncenter\" src=\"http:\/\/www.rememberme-forever.com\/wp-content\/uploads\/2023\/04\/hands-urn-for-child-295x300.jpg\" alt=\"Urne mit Engelsh\u00e4nden f\u00fcr Kinder\" width=\"188\" height=\"191\" srcset=\"https:\/\/www.rememberme-forever.com\/wp-content\/uploads\/2023\/04\/hands-urn-for-child-295x300.jpg 295w, https:\/\/www.rememberme-forever.com\/wp-content\/uploads\/2023\/04\/hands-urn-for-child-600x610.jpg 600w, https:\/\/www.rememberme-forever.com\/wp-content\/uploads\/2023\/04\/hands-urn-for-child-64x65.jpg 64w, https:\/\/www.rememberme-forever.com\/wp-content\/uploads\/2023\/04\/hands-urn-for-child.jpg 768w\" sizes=\"auto, (max-width: 188px) 100vw, 188px\" \/><\/p>\n<p>&nbsp;<\/p>\n<p style=\"text-align: center;\"><strong><em>Die Gedenktafel wird separat mit dem St\u00e4nder geliefert (siehe Abbildung).<\/em><\/strong><\/p>\n<p style=\"text-align: center;\"><strong><em>(Der St\u00e4nder f\u00fcr die Gedenktafel besteht aus transparentem Plexiglas.)<\/em><\/strong><\/p>\n","protected":false},"excerpt":{"rendered":"<p>Unsere einzigartige Gedenkurne f\u00fcr die Asche eines Kindes ist eine w\u00fcrdevolle Art, eines Kindes zu gedenken und die kostbaren Erinnerungen lebendig zu halten.<\/p>\n<p>\u2705 Diese Urne ist nicht f\u00fcr den Au\u00dfenbereich geeignet. Bitte sehen Sie sich unsere <a href=\"https:\/\/www.rememberme-forever.com\/product-category\/outdoor-urns\/\" target=\"_blank\" rel=\"noopener\"><strong>Outdoor-Urnen &gt;&gt;<\/strong><\/a><\/p>\n","protected":false},"featured_media":23315,"template":"","meta":{"_acf_changed":false},"product_brand":[1991],"product_cat":[2334],"product_tag":[3348],"class_list":{"0":"post-23321","1":"product","2":"type-product","3":"status-publish","4":"has-post-thumbnail","6":"product_brand-remember-forever","7":"product_cat-kinderurnen","8":"product_tag-gpsr-metal_stonebase","9":"product_shipping_class-art-urns-kule-do20cm-de","11":"first","12":"instock","13":"taxable","14":"shipping-taxable","15":"purchasable","16":"product-type-variable"},"yoast_head":"<!-- This site is optimized with the Yoast SEO plugin v27.4 - https:\/\/yoast.com\/product\/yoast-seo-wordpress\/ -->\n<title>Remember Forever<\/title>\n<meta name=\"description\" content=\"Die Gedenkurne \u201eIn den H\u00e4nden eines Engels\u201c ist eine wundersch\u00f6n gestaltete Erinnerung an das Leben eines geliebten Kindes. Eine beeindruckende, k\u00fcnstlerische Urne f\u00fcr Kinder.\" \/>\n<meta name=\"robots\" content=\"index, follow, max-snippet:-1, max-image-preview:large, max-video-preview:-1\" \/>\n<link rel=\"canonical\" href=\"https:\/\/www.rememberme-forever.com\/de\/produkt\/gedenkurne-fuer-kinderasche-in-engelshaenden\/\" \/>\n<meta property=\"og:locale\" content=\"de_DE\" \/>\n<meta property=\"og:type\" content=\"article\" \/>\n<meta property=\"og:description\" content=\"Die Gedenkurne \u201eIn den H\u00e4nden eines Engels\u201c ist eine wundersch\u00f6n gestaltete Erinnerung an das Leben eines geliebten Kindes. Eine beeindruckende, k\u00fcnstlerische Urne f\u00fcr Kinder.\" \/>\n<meta property=\"og:url\" content=\"https:\/\/www.rememberme-forever.com\/de\/produkt\/gedenkurne-fuer-kinderasche-in-engelshaenden\/\" \/>\n<meta property=\"og:site_name\" content=\"Remember Forever\" \/>\n<meta property=\"article:modified_time\" content=\"2025-12-03T08:21:43+00:00\" \/>\n<meta property=\"og:image\" content=\"http:\/\/www.rememberme-forever.com\/wp-content\/uploads\/2023\/04\/artistic-child-urn-for-ashes.jpg\" \/>\n\t<meta property=\"og:image:width\" content=\"768\" \/>\n\t<meta property=\"og:image:height\" content=\"781\" \/>\n\t<meta property=\"og:image:type\" content=\"image\/jpeg\" \/>\n<meta name=\"twitter:card\" content=\"summary_large_image\" \/>\n<meta name=\"twitter:label1\" content=\"Gesch\u00e4tzte Lesezeit\" \/>\n\t<meta name=\"twitter:data1\" content=\"1\u00a0Minute\" \/>\n<script type=\"application\/ld+json\" class=\"yoast-schema-graph\">{\"@context\":\"https:\\\/\\\/schema.org\",\"@graph\":[{\"@type\":\"WebPage\",\"@id\":\"https:\\\/\\\/www.rememberme-forever.com\\\/de\\\/produkt\\\/gedenkurne-fuer-kinderasche-in-engelshaenden\\\/\",\"url\":\"https:\\\/\\\/www.rememberme-forever.com\\\/de\\\/produkt\\\/gedenkurne-fuer-kinderasche-in-engelshaenden\\\/\",\"name\":\"\",\"isPartOf\":{\"@id\":\"https:\\\/\\\/www.rememberme-forever.com\\\/de\\\/#website\"},\"primaryImageOfPage\":{\"@id\":\"https:\\\/\\\/www.rememberme-forever.com\\\/de\\\/produkt\\\/gedenkurne-fuer-kinderasche-in-engelshaenden\\\/#primaryimage\"},\"image\":{\"@id\":\"https:\\\/\\\/www.rememberme-forever.com\\\/de\\\/produkt\\\/gedenkurne-fuer-kinderasche-in-engelshaenden\\\/#primaryimage\"},\"thumbnailUrl\":\"https:\\\/\\\/www.rememberme-forever.com\\\/wp-content\\\/uploads\\\/2023\\\/04\\\/artistic-child-urn-for-ashes.jpg\",\"datePublished\":\"2023-04-07T10:22:07+00:00\",\"dateModified\":\"2025-12-03T08:21:43+00:00\",\"description\":\"Die Gedenkurne \u201eIn den H\u00e4nden eines Engels\u201c ist eine wundersch\u00f6n gestaltete Erinnerung an das Leben eines geliebten Kindes. Eine beeindruckende, k\u00fcnstlerische Urne f\u00fcr Kinder.\",\"breadcrumb\":{\"@id\":\"https:\\\/\\\/www.rememberme-forever.com\\\/de\\\/produkt\\\/gedenkurne-fuer-kinderasche-in-engelshaenden\\\/#breadcrumb\"},\"inLanguage\":\"de\",\"potentialAction\":[{\"@type\":\"ReadAction\",\"target\":[\"https:\\\/\\\/www.rememberme-forever.com\\\/de\\\/produkt\\\/gedenkurne-fuer-kinderasche-in-engelshaenden\\\/\"]}]},{\"@type\":\"ImageObject\",\"inLanguage\":\"de\",\"@id\":\"https:\\\/\\\/www.rememberme-forever.com\\\/de\\\/produkt\\\/gedenkurne-fuer-kinderasche-in-engelshaenden\\\/#primaryimage\",\"url\":\"https:\\\/\\\/www.rememberme-forever.com\\\/wp-content\\\/uploads\\\/2023\\\/04\\\/artistic-child-urn-for-ashes.jpg\",\"contentUrl\":\"https:\\\/\\\/www.rememberme-forever.com\\\/wp-content\\\/uploads\\\/2023\\\/04\\\/artistic-child-urn-for-ashes.jpg\",\"width\":768,\"height\":781,\"caption\":\"Gedenkurne f\u00fcr Kinderasche, k\u00fcnstlerische Kinderascheurne\"},{\"@type\":\"BreadcrumbList\",\"@id\":\"https:\\\/\\\/www.rememberme-forever.com\\\/de\\\/produkt\\\/gedenkurne-fuer-kinderasche-in-engelshaenden\\\/#breadcrumb\",\"itemListElement\":[{\"@type\":\"ListItem\",\"position\":1,\"name\":\"Home\",\"item\":\"https:\\\/\\\/www.rememberme-forever.com\\\/de\\\/startseite\\\/\"},{\"@type\":\"ListItem\",\"position\":2,\"name\":\"Shop\",\"item\":\"https:\\\/\\\/www.rememberme-forever.com\\\/de\\\/shop\\\/\"},{\"@type\":\"ListItem\",\"position\":3,\"name\":\"Gedenkurne f\u00fcr Kinderasche \u2013 \u201eIn Engelsh\u00e4nden\u201c\"}]},{\"@type\":\"WebSite\",\"@id\":\"https:\\\/\\\/www.rememberme-forever.com\\\/de\\\/#website\",\"url\":\"https:\\\/\\\/www.rememberme-forever.com\\\/de\\\/\",\"name\":\"Remember Forever\",\"description\":\"Cremation urns, funeral urns, urns for ashes\",\"publisher\":{\"@id\":\"https:\\\/\\\/www.rememberme-forever.com\\\/de\\\/#organization\"},\"potentialAction\":[{\"@type\":\"SearchAction\",\"target\":{\"@type\":\"EntryPoint\",\"urlTemplate\":\"https:\\\/\\\/www.rememberme-forever.com\\\/de\\\/?s={search_term_string}\"},\"query-input\":{\"@type\":\"PropertyValueSpecification\",\"valueRequired\":true,\"valueName\":\"search_term_string\"}}],\"inLanguage\":\"de\"},{\"@type\":\"Organization\",\"@id\":\"https:\\\/\\\/www.rememberme-forever.com\\\/de\\\/#organization\",\"name\":\"Remember Forever\",\"url\":\"https:\\\/\\\/www.rememberme-forever.com\\\/de\\\/\",\"logo\":{\"@type\":\"ImageObject\",\"inLanguage\":\"de\",\"@id\":\"https:\\\/\\\/www.rememberme-forever.com\\\/de\\\/#\\\/schema\\\/logo\\\/image\\\/\",\"url\":\"https:\\\/\\\/www.rememberme-forever.com\\\/wp-content\\\/uploads\\\/2023\\\/02\\\/logo.png\",\"contentUrl\":\"https:\\\/\\\/www.rememberme-forever.com\\\/wp-content\\\/uploads\\\/2023\\\/02\\\/logo.png\",\"width\":300,\"height\":56,\"caption\":\"Remember Forever\"},\"image\":{\"@id\":\"https:\\\/\\\/www.rememberme-forever.com\\\/de\\\/#\\\/schema\\\/logo\\\/image\\\/\"}}]}<\/script>\n<!-- \/ Yoast SEO plugin. -->","yoast_head_json":{"title":"Remember Forever","description":"Die Gedenkurne \u201eIn den H\u00e4nden eines Engels\u201c ist eine wundersch\u00f6n gestaltete Erinnerung an das Leben eines geliebten Kindes. Eine beeindruckende, k\u00fcnstlerische Urne f\u00fcr Kinder.","robots":{"index":"index","follow":"follow","max-snippet":"max-snippet:-1","max-image-preview":"max-image-preview:large","max-video-preview":"max-video-preview:-1"},"canonical":"https:\/\/www.rememberme-forever.com\/de\/produkt\/gedenkurne-fuer-kinderasche-in-engelshaenden\/","og_locale":"de_DE","og_type":"article","og_description":"Die Gedenkurne \u201eIn den H\u00e4nden eines Engels\u201c ist eine wundersch\u00f6n gestaltete Erinnerung an das Leben eines geliebten Kindes. Eine beeindruckende, k\u00fcnstlerische Urne f\u00fcr Kinder.","og_url":"https:\/\/www.rememberme-forever.com\/de\/produkt\/gedenkurne-fuer-kinderasche-in-engelshaenden\/","og_site_name":"Remember Forever","article_modified_time":"2025-12-03T08:21:43+00:00","og_image":[{"width":768,"height":781,"url":"http:\/\/www.rememberme-forever.com\/wp-content\/uploads\/2023\/04\/artistic-child-urn-for-ashes.jpg","type":"image\/jpeg"}],"twitter_card":"summary_large_image","twitter_misc":{"Gesch\u00e4tzte Lesezeit":"1\u00a0Minute"},"schema":{"@context":"https:\/\/schema.org","@graph":[{"@type":"WebPage","@id":"https:\/\/www.rememberme-forever.com\/de\/produkt\/gedenkurne-fuer-kinderasche-in-engelshaenden\/","url":"https:\/\/www.rememberme-forever.com\/de\/produkt\/gedenkurne-fuer-kinderasche-in-engelshaenden\/","name":"","isPartOf":{"@id":"https:\/\/www.rememberme-forever.com\/de\/#website"},"primaryImageOfPage":{"@id":"https:\/\/www.rememberme-forever.com\/de\/produkt\/gedenkurne-fuer-kinderasche-in-engelshaenden\/#primaryimage"},"image":{"@id":"https:\/\/www.rememberme-forever.com\/de\/produkt\/gedenkurne-fuer-kinderasche-in-engelshaenden\/#primaryimage"},"thumbnailUrl":"https:\/\/www.rememberme-forever.com\/wp-content\/uploads\/2023\/04\/artistic-child-urn-for-ashes.jpg","datePublished":"2023-04-07T10:22:07+00:00","dateModified":"2025-12-03T08:21:43+00:00","description":"Die Gedenkurne \u201eIn den H\u00e4nden eines Engels\u201c ist eine wundersch\u00f6n gestaltete Erinnerung an das Leben eines geliebten Kindes. Eine beeindruckende, k\u00fcnstlerische Urne f\u00fcr Kinder.","breadcrumb":{"@id":"https:\/\/www.rememberme-forever.com\/de\/produkt\/gedenkurne-fuer-kinderasche-in-engelshaenden\/#breadcrumb"},"inLanguage":"de","potentialAction":[{"@type":"ReadAction","target":["https:\/\/www.rememberme-forever.com\/de\/produkt\/gedenkurne-fuer-kinderasche-in-engelshaenden\/"]}]},{"@type":"ImageObject","inLanguage":"de","@id":"https:\/\/www.rememberme-forever.com\/de\/produkt\/gedenkurne-fuer-kinderasche-in-engelshaenden\/#primaryimage","url":"https:\/\/www.rememberme-forever.com\/wp-content\/uploads\/2023\/04\/artistic-child-urn-for-ashes.jpg","contentUrl":"https:\/\/www.rememberme-forever.com\/wp-content\/uploads\/2023\/04\/artistic-child-urn-for-ashes.jpg","width":768,"height":781,"caption":"Gedenkurne f\u00fcr Kinderasche, k\u00fcnstlerische Kinderascheurne"},{"@type":"BreadcrumbList","@id":"https:\/\/www.rememberme-forever.com\/de\/produkt\/gedenkurne-fuer-kinderasche-in-engelshaenden\/#breadcrumb","itemListElement":[{"@type":"ListItem","position":1,"name":"Home","item":"https:\/\/www.rememberme-forever.com\/de\/startseite\/"},{"@type":"ListItem","position":2,"name":"Shop","item":"https:\/\/www.rememberme-forever.com\/de\/shop\/"},{"@type":"ListItem","position":3,"name":"Gedenkurne f\u00fcr Kinderasche \u2013 \u201eIn Engelsh\u00e4nden\u201c"}]},{"@type":"WebSite","@id":"https:\/\/www.rememberme-forever.com\/de\/#website","url":"https:\/\/www.rememberme-forever.com\/de\/","name":"Remember Forever","description":"Cremation urns, funeral urns, urns for ashes","publisher":{"@id":"https:\/\/www.rememberme-forever.com\/de\/#organization"},"potentialAction":[{"@type":"SearchAction","target":{"@type":"EntryPoint","urlTemplate":"https:\/\/www.rememberme-forever.com\/de\/?s={search_term_string}"},"query-input":{"@type":"PropertyValueSpecification","valueRequired":true,"valueName":"search_term_string"}}],"inLanguage":"de"},{"@type":"Organization","@id":"https:\/\/www.rememberme-forever.com\/de\/#organization","name":"Remember Forever","url":"https:\/\/www.rememberme-forever.com\/de\/","logo":{"@type":"ImageObject","inLanguage":"de","@id":"https:\/\/www.rememberme-forever.com\/de\/#\/schema\/logo\/image\/","url":"https:\/\/www.rememberme-forever.com\/wp-content\/uploads\/2023\/02\/logo.png","contentUrl":"https:\/\/www.rememberme-forever.com\/wp-content\/uploads\/2023\/02\/logo.png","width":300,"height":56,"caption":"Remember Forever"},"image":{"@id":"https:\/\/www.rememberme-forever.com\/de\/#\/schema\/logo\/image\/"}}]}},"acf":[],"_links":{"self":[{"href":"https:\/\/www.rememberme-forever.com\/de\/wp-json\/wp\/v2\/product\/23321","targetHints":{"allow":["GET"]}}],"collection":[{"href":"https:\/\/www.rememberme-forever.com\/de\/wp-json\/wp\/v2\/product"}],"about":[{"href":"https:\/\/www.rememberme-forever.com\/de\/wp-json\/wp\/v2\/types\/product"}],"wp:featuredmedia":[{"embeddable":true,"href":"https:\/\/www.rememberme-forever.com\/de\/wp-json\/wp\/v2\/media\/23315"}],"wp:attachment":[{"href":"https:\/\/www.rememberme-forever.com\/de\/wp-json\/wp\/v2\/media?parent=23321"}],"wp:term":[{"taxonomy":"product_brand","embeddable":true,"href":"https:\/\/www.rememberme-forever.com\/de\/wp-json\/wp\/v2\/product_brand?post=23321"},{"taxonomy":"product_cat","embeddable":true,"href":"https:\/\/www.rememberme-forever.com\/de\/wp-json\/wp\/v2\/product_cat?post=23321"},{"taxonomy":"product_tag","embeddable":true,"href":"https:\/\/www.rememberme-forever.com\/de\/wp-json\/wp\/v2\/product_tag?post=23321"}],"curies":[{"name":"wp","href":"https:\/\/api.w.org\/{rel}","templated":true}]}}