{"id":23356,"date":"2023-04-13T09:06:22","date_gmt":"2023-04-13T07:06:22","guid":{"rendered":"https:\/\/www.rememberme-forever.com\/product\/baby-yoda-urne-fuer-erwachsene\/"},"modified":"2025-12-03T09:44:48","modified_gmt":"2025-12-03T08:44:48","slug":"baby-yoda-urne-fuer-erwachsene","status":"publish","type":"product","link":"https:\/\/www.rememberme-forever.com\/de\/produkt\/baby-yoda-urne-fuer-erwachsene\/","title":{"rendered":"Baby-Yoda-Urne f\u00fcr Erwachsene"},"content":{"rendered":"<h2 style=\"text-align: center;\">Baby-Yoda-Urne f\u00fcr Erwachsene<\/h2>\n<p style=\"text-align: center;\">Wir pr\u00e4sentieren unsere einzigartige Baby-Yoda-Urne f\u00fcr Erwachsene \u2013 eine wundersch\u00f6ne Edelstahlkugel, die als letzte Ruhest\u00e4tte f\u00fcr die Asche eines geliebten Star-Wars-Fans dient. Diese wundersch\u00f6ne Urne ist eine w\u00fcrdevolle Hommage an ein erf\u00fclltes Leben und enth\u00e4lt eine handgefertigte Baby-Yoda-Figur, die stolz auf einem glatten Marmorsockel thront. Eine personalisierte Gedenktafel rundet das Design ab.<\/p>\n<p style=\"text-align: center;\">Diese sorgf\u00e4ltig gefertigte Urne ist langlebig und rostfrei und bewahrt die Asche eines geliebten Menschen sicher und gesch\u00fctzt auf. Die Baby-Yoda-Figur ist detailreich gestaltet und f\u00e4ngt jede Falte und jeden Ausdruck der ikonischen Figur ein. Der polierte Marmorsockel verleiht dem Design eine elegante Note.<\/p>\n<p style=\"text-align: center;\">Auf der personalisierten Gedenktafel k\u00f6nnen Sie Ihrem geliebten Menschen mit einer herzlichen Botschaft oder einem besonderen Zitat gedenken und so sein Andenken f\u00fcr immer bewahren. Diese einzigartige Urne ist ein w\u00fcrdevolles Andenken an einen Star-Wars-Fan, der die Saga mit Leidenschaft liebte, und wird stets an die Liebe und Freude erinnern, die er in die Welt brachte.<\/p>\n<p style=\"text-align: center;\">Ob auf dem Kaminsims oder an einem besonderen Ort aufbewahrt \u2013 diese Urne ist ein wundersch\u00f6nes und zeitloses Erinnerungsst\u00fcck, das \u00fcber Jahre hinweg gesch\u00e4tzt wird. Die Baby-Yoda-Urne f\u00fcr Erwachsene ist eine einzigartige und bedeutungsvolle Art, das Leben und Verm\u00e4chtnis eines geliebten Star-Wars-Fans zu ehren und die Macht zu w\u00fcrdigen, die er sein Leben lang verk\u00f6rperte.<\/p>\n<p style=\"text-align: center;\"><em><strong>M\u00f6ge die Macht mit Ihnen sein!<\/strong><\/em><\/p>\n<p>&nbsp;<\/p>\n<h3 style=\"text-align: center;\"><strong>PERSONALISIERUNG<\/strong><\/h3>\n<p style=\"text-align: center;\">Bitte geben Sie Ihren Text im Feld f\u00fcr die Produktpersonalisierung ein.<\/p>\n<p style=\"text-align: center;\">Die personalisierte Gedenktafel muss bei der Bestellung individuell gestaltet werden. (Bitte keine Panik, wenn Sie das vergessen haben, denn Sie k\u00f6nnen uns auch noch nachtr\u00e4glich eine Nachricht schicken).<\/p>\n<p style=\"text-align: center;\">Bitte \u00fcberpr\u00fcfen Sie den zu gravierenden Text sorgf\u00e4ltig, bevor Sie den Artikel in den Warenkorb legen. Wir kopieren und gravieren genau die Informationen, die wir mit der Bestellung erhalten und nehmen bei uns keine \u00c4nderungen vor.<\/p>\n<p style=\"text-align: center;\"><strong>Bitte \u00fcberpr\u00fcfen Sie den Text, um sicherzustellen, dass alle Schreibweisen korrekt sind.<\/strong><\/p>\n<p><img loading=\"lazy\" decoding=\"async\" class=\"wp-image-1449 aligncenter\" src=\"http:\/\/www.rememberme-forever.com\/wp-content\/uploads\/2023\/04\/memorial-plaque-cremation-urn-silver-300x153.jpg\" alt=\"Silberfarbene Urne mit Gedenktafel\" width=\"245\" height=\"125\" srcset=\"https:\/\/www.rememberme-forever.com\/wp-content\/uploads\/2023\/04\/memorial-plaque-cremation-urn-silver-300x153.jpg 300w, https:\/\/www.rememberme-forever.com\/wp-content\/uploads\/2023\/04\/memorial-plaque-cremation-urn-silver-64x33.jpg 64w, https:\/\/www.rememberme-forever.com\/wp-content\/uploads\/2023\/04\/memorial-plaque-cremation-urn-silver.jpg 448w\" sizes=\"auto, (max-width: 245px) 100vw, 245px\" \/><\/p>\n","protected":false},"excerpt":{"rendered":"<p>Einzigartige Urne f\u00fcr Star-Wars-Liebhaber.<\/p>\n<p><strong><em>Geeignet f\u00fcr die Asche einer Person mit einem K\u00f6rpergewicht von bis zu ca. [Gewichtsangabe fehlt]. 102 kg (225 lbs) <\/em><\/strong><\/p>\n<p>\u2705 Diese Urne ist nicht f\u00fcr den Au\u00dfenbereich geeignet. Bitte sehen Sie sich unsere <a href=\"https:\/\/www.rememberme-forever.com\/product-category\/outdoor-urns\/\" target=\"_blank\" rel=\"noopener\"><strong>Outdoor-Urnen &gt;&gt;<\/strong><\/a><\/p>\n","protected":false},"featured_media":18078,"template":"","meta":{"_acf_changed":false},"product_brand":[1991],"product_cat":[2345,2340,2344],"product_tag":[3348],"class_list":{"0":"post-23356","1":"product","2":"type-product","3":"status-publish","4":"has-post-thumbnail","6":"product_brand-remember-forever","7":"product_cat-alle-anderen-urnen","8":"product_cat-metallurnen","9":"product_cat-motivurnen","10":"product_tag-gpsr-metal_stonebase","11":"product_shipping_class-2-4kg","13":"first","14":"instock","15":"taxable","16":"shipping-taxable","17":"purchasable","18":"product-type-simple"},"yoast_head":"<!-- This site is optimized with the Yoast SEO plugin v27.4 - https:\/\/yoast.com\/product\/yoast-seo-wordpress\/ -->\n<title>Remember Forever<\/title>\n<meta name=\"description\" content=\"Diese wundersch\u00f6ne Edelstahlkugel dient als letzte Ruhest\u00e4tte f\u00fcr die Asche eines geliebten erwachsenen Star Wars-Fans.\" \/>\n<meta name=\"robots\" content=\"index, follow, max-snippet:-1, max-image-preview:large, max-video-preview:-1\" \/>\n<link rel=\"canonical\" href=\"https:\/\/www.rememberme-forever.com\/de\/produkt\/baby-yoda-urne-fuer-erwachsene\/\" \/>\n<meta property=\"og:locale\" content=\"de_DE\" \/>\n<meta property=\"og:type\" content=\"article\" \/>\n<meta property=\"og:description\" content=\"Diese wundersch\u00f6ne Edelstahlkugel dient als letzte Ruhest\u00e4tte f\u00fcr die Asche eines geliebten erwachsenen Star Wars-Fans.\" \/>\n<meta property=\"og:url\" content=\"https:\/\/www.rememberme-forever.com\/de\/produkt\/baby-yoda-urne-fuer-erwachsene\/\" \/>\n<meta property=\"og:site_name\" content=\"Remember Forever\" \/>\n<meta property=\"article:modified_time\" content=\"2025-12-03T08:44:48+00:00\" \/>\n<meta property=\"og:image\" content=\"http:\/\/www.rememberme-forever.com\/wp-content\/uploads\/2023\/04\/yoda-2-sphere20_0003_1.jpg\" \/>\n\t<meta property=\"og:image:width\" content=\"1007\" \/>\n\t<meta property=\"og:image:height\" content=\"1024\" \/>\n\t<meta property=\"og:image:type\" content=\"image\/jpeg\" \/>\n<meta name=\"twitter:card\" content=\"summary_large_image\" \/>\n<meta name=\"twitter:label1\" content=\"Gesch\u00e4tzte Lesezeit\" \/>\n\t<meta name=\"twitter:data1\" content=\"2\u00a0Minute\" \/>\n<script type=\"application\/ld+json\" class=\"yoast-schema-graph\">{\"@context\":\"https:\\\/\\\/schema.org\",\"@graph\":[{\"@type\":\"WebPage\",\"@id\":\"https:\\\/\\\/www.rememberme-forever.com\\\/de\\\/produkt\\\/baby-yoda-urne-fuer-erwachsene\\\/\",\"url\":\"https:\\\/\\\/www.rememberme-forever.com\\\/de\\\/produkt\\\/baby-yoda-urne-fuer-erwachsene\\\/\",\"name\":\"\",\"isPartOf\":{\"@id\":\"https:\\\/\\\/www.rememberme-forever.com\\\/de\\\/#website\"},\"primaryImageOfPage\":{\"@id\":\"https:\\\/\\\/www.rememberme-forever.com\\\/de\\\/produkt\\\/baby-yoda-urne-fuer-erwachsene\\\/#primaryimage\"},\"image\":{\"@id\":\"https:\\\/\\\/www.rememberme-forever.com\\\/de\\\/produkt\\\/baby-yoda-urne-fuer-erwachsene\\\/#primaryimage\"},\"thumbnailUrl\":\"https:\\\/\\\/www.rememberme-forever.com\\\/wp-content\\\/uploads\\\/2023\\\/04\\\/yoda-2-sphere20_0003_1.jpg\",\"datePublished\":\"2023-04-13T07:06:22+00:00\",\"dateModified\":\"2025-12-03T08:44:48+00:00\",\"description\":\"Diese wundersch\u00f6ne Edelstahlkugel dient als letzte Ruhest\u00e4tte f\u00fcr die Asche eines geliebten erwachsenen Star Wars-Fans.\",\"breadcrumb\":{\"@id\":\"https:\\\/\\\/www.rememberme-forever.com\\\/de\\\/produkt\\\/baby-yoda-urne-fuer-erwachsene\\\/#breadcrumb\"},\"inLanguage\":\"de\",\"potentialAction\":[{\"@type\":\"ReadAction\",\"target\":[\"https:\\\/\\\/www.rememberme-forever.com\\\/de\\\/produkt\\\/baby-yoda-urne-fuer-erwachsene\\\/\"]}]},{\"@type\":\"ImageObject\",\"inLanguage\":\"de\",\"@id\":\"https:\\\/\\\/www.rememberme-forever.com\\\/de\\\/produkt\\\/baby-yoda-urne-fuer-erwachsene\\\/#primaryimage\",\"url\":\"https:\\\/\\\/www.rememberme-forever.com\\\/wp-content\\\/uploads\\\/2023\\\/04\\\/yoda-2-sphere20_0003_1.jpg\",\"contentUrl\":\"https:\\\/\\\/www.rememberme-forever.com\\\/wp-content\\\/uploads\\\/2023\\\/04\\\/yoda-2-sphere20_0003_1.jpg\",\"width\":1007,\"height\":1024},{\"@type\":\"BreadcrumbList\",\"@id\":\"https:\\\/\\\/www.rememberme-forever.com\\\/de\\\/produkt\\\/baby-yoda-urne-fuer-erwachsene\\\/#breadcrumb\",\"itemListElement\":[{\"@type\":\"ListItem\",\"position\":1,\"name\":\"Home\",\"item\":\"https:\\\/\\\/www.rememberme-forever.com\\\/de\\\/startseite\\\/\"},{\"@type\":\"ListItem\",\"position\":2,\"name\":\"Shop\",\"item\":\"https:\\\/\\\/www.rememberme-forever.com\\\/de\\\/shop\\\/\"},{\"@type\":\"ListItem\",\"position\":3,\"name\":\"Baby-Yoda-Urne f\u00fcr Erwachsene\"}]},{\"@type\":\"WebSite\",\"@id\":\"https:\\\/\\\/www.rememberme-forever.com\\\/de\\\/#website\",\"url\":\"https:\\\/\\\/www.rememberme-forever.com\\\/de\\\/\",\"name\":\"Remember Forever\",\"description\":\"Cremation urns, funeral urns, urns for ashes\",\"publisher\":{\"@id\":\"https:\\\/\\\/www.rememberme-forever.com\\\/de\\\/#organization\"},\"potentialAction\":[{\"@type\":\"SearchAction\",\"target\":{\"@type\":\"EntryPoint\",\"urlTemplate\":\"https:\\\/\\\/www.rememberme-forever.com\\\/de\\\/?s={search_term_string}\"},\"query-input\":{\"@type\":\"PropertyValueSpecification\",\"valueRequired\":true,\"valueName\":\"search_term_string\"}}],\"inLanguage\":\"de\"},{\"@type\":\"Organization\",\"@id\":\"https:\\\/\\\/www.rememberme-forever.com\\\/de\\\/#organization\",\"name\":\"Remember Forever\",\"url\":\"https:\\\/\\\/www.rememberme-forever.com\\\/de\\\/\",\"logo\":{\"@type\":\"ImageObject\",\"inLanguage\":\"de\",\"@id\":\"https:\\\/\\\/www.rememberme-forever.com\\\/de\\\/#\\\/schema\\\/logo\\\/image\\\/\",\"url\":\"https:\\\/\\\/www.rememberme-forever.com\\\/wp-content\\\/uploads\\\/2023\\\/02\\\/logo.png\",\"contentUrl\":\"https:\\\/\\\/www.rememberme-forever.com\\\/wp-content\\\/uploads\\\/2023\\\/02\\\/logo.png\",\"width\":300,\"height\":56,\"caption\":\"Remember Forever\"},\"image\":{\"@id\":\"https:\\\/\\\/www.rememberme-forever.com\\\/de\\\/#\\\/schema\\\/logo\\\/image\\\/\"}}]}<\/script>\n<!-- \/ Yoast SEO plugin. -->","yoast_head_json":{"title":"Remember Forever","description":"Diese wundersch\u00f6ne Edelstahlkugel dient als letzte Ruhest\u00e4tte f\u00fcr die Asche eines geliebten erwachsenen Star Wars-Fans.","robots":{"index":"index","follow":"follow","max-snippet":"max-snippet:-1","max-image-preview":"max-image-preview:large","max-video-preview":"max-video-preview:-1"},"canonical":"https:\/\/www.rememberme-forever.com\/de\/produkt\/baby-yoda-urne-fuer-erwachsene\/","og_locale":"de_DE","og_type":"article","og_description":"Diese wundersch\u00f6ne Edelstahlkugel dient als letzte Ruhest\u00e4tte f\u00fcr die Asche eines geliebten erwachsenen Star Wars-Fans.","og_url":"https:\/\/www.rememberme-forever.com\/de\/produkt\/baby-yoda-urne-fuer-erwachsene\/","og_site_name":"Remember Forever","article_modified_time":"2025-12-03T08:44:48+00:00","og_image":[{"width":1007,"height":1024,"url":"http:\/\/www.rememberme-forever.com\/wp-content\/uploads\/2023\/04\/yoda-2-sphere20_0003_1.jpg","type":"image\/jpeg"}],"twitter_card":"summary_large_image","twitter_misc":{"Gesch\u00e4tzte Lesezeit":"2\u00a0Minute"},"schema":{"@context":"https:\/\/schema.org","@graph":[{"@type":"WebPage","@id":"https:\/\/www.rememberme-forever.com\/de\/produkt\/baby-yoda-urne-fuer-erwachsene\/","url":"https:\/\/www.rememberme-forever.com\/de\/produkt\/baby-yoda-urne-fuer-erwachsene\/","name":"","isPartOf":{"@id":"https:\/\/www.rememberme-forever.com\/de\/#website"},"primaryImageOfPage":{"@id":"https:\/\/www.rememberme-forever.com\/de\/produkt\/baby-yoda-urne-fuer-erwachsene\/#primaryimage"},"image":{"@id":"https:\/\/www.rememberme-forever.com\/de\/produkt\/baby-yoda-urne-fuer-erwachsene\/#primaryimage"},"thumbnailUrl":"https:\/\/www.rememberme-forever.com\/wp-content\/uploads\/2023\/04\/yoda-2-sphere20_0003_1.jpg","datePublished":"2023-04-13T07:06:22+00:00","dateModified":"2025-12-03T08:44:48+00:00","description":"Diese wundersch\u00f6ne Edelstahlkugel dient als letzte Ruhest\u00e4tte f\u00fcr die Asche eines geliebten erwachsenen Star Wars-Fans.","breadcrumb":{"@id":"https:\/\/www.rememberme-forever.com\/de\/produkt\/baby-yoda-urne-fuer-erwachsene\/#breadcrumb"},"inLanguage":"de","potentialAction":[{"@type":"ReadAction","target":["https:\/\/www.rememberme-forever.com\/de\/produkt\/baby-yoda-urne-fuer-erwachsene\/"]}]},{"@type":"ImageObject","inLanguage":"de","@id":"https:\/\/www.rememberme-forever.com\/de\/produkt\/baby-yoda-urne-fuer-erwachsene\/#primaryimage","url":"https:\/\/www.rememberme-forever.com\/wp-content\/uploads\/2023\/04\/yoda-2-sphere20_0003_1.jpg","contentUrl":"https:\/\/www.rememberme-forever.com\/wp-content\/uploads\/2023\/04\/yoda-2-sphere20_0003_1.jpg","width":1007,"height":1024},{"@type":"BreadcrumbList","@id":"https:\/\/www.rememberme-forever.com\/de\/produkt\/baby-yoda-urne-fuer-erwachsene\/#breadcrumb","itemListElement":[{"@type":"ListItem","position":1,"name":"Home","item":"https:\/\/www.rememberme-forever.com\/de\/startseite\/"},{"@type":"ListItem","position":2,"name":"Shop","item":"https:\/\/www.rememberme-forever.com\/de\/shop\/"},{"@type":"ListItem","position":3,"name":"Baby-Yoda-Urne f\u00fcr Erwachsene"}]},{"@type":"WebSite","@id":"https:\/\/www.rememberme-forever.com\/de\/#website","url":"https:\/\/www.rememberme-forever.com\/de\/","name":"Remember Forever","description":"Cremation urns, funeral urns, urns for ashes","publisher":{"@id":"https:\/\/www.rememberme-forever.com\/de\/#organization"},"potentialAction":[{"@type":"SearchAction","target":{"@type":"EntryPoint","urlTemplate":"https:\/\/www.rememberme-forever.com\/de\/?s={search_term_string}"},"query-input":{"@type":"PropertyValueSpecification","valueRequired":true,"valueName":"search_term_string"}}],"inLanguage":"de"},{"@type":"Organization","@id":"https:\/\/www.rememberme-forever.com\/de\/#organization","name":"Remember Forever","url":"https:\/\/www.rememberme-forever.com\/de\/","logo":{"@type":"ImageObject","inLanguage":"de","@id":"https:\/\/www.rememberme-forever.com\/de\/#\/schema\/logo\/image\/","url":"https:\/\/www.rememberme-forever.com\/wp-content\/uploads\/2023\/02\/logo.png","contentUrl":"https:\/\/www.rememberme-forever.com\/wp-content\/uploads\/2023\/02\/logo.png","width":300,"height":56,"caption":"Remember Forever"},"image":{"@id":"https:\/\/www.rememberme-forever.com\/de\/#\/schema\/logo\/image\/"}}]}},"acf":[],"_links":{"self":[{"href":"https:\/\/www.rememberme-forever.com\/de\/wp-json\/wp\/v2\/product\/23356","targetHints":{"allow":["GET"]}}],"collection":[{"href":"https:\/\/www.rememberme-forever.com\/de\/wp-json\/wp\/v2\/product"}],"about":[{"href":"https:\/\/www.rememberme-forever.com\/de\/wp-json\/wp\/v2\/types\/product"}],"wp:featuredmedia":[{"embeddable":true,"href":"https:\/\/www.rememberme-forever.com\/de\/wp-json\/wp\/v2\/media\/18078"}],"wp:attachment":[{"href":"https:\/\/www.rememberme-forever.com\/de\/wp-json\/wp\/v2\/media?parent=23356"}],"wp:term":[{"taxonomy":"product_brand","embeddable":true,"href":"https:\/\/www.rememberme-forever.com\/de\/wp-json\/wp\/v2\/product_brand?post=23356"},{"taxonomy":"product_cat","embeddable":true,"href":"https:\/\/www.rememberme-forever.com\/de\/wp-json\/wp\/v2\/product_cat?post=23356"},{"taxonomy":"product_tag","embeddable":true,"href":"https:\/\/www.rememberme-forever.com\/de\/wp-json\/wp\/v2\/product_tag?post=23356"}],"curies":[{"name":"wp","href":"https:\/\/api.w.org\/{rel}","templated":true}]}}