{"id":23764,"date":"2025-06-05T09:45:15","date_gmt":"2025-06-05T07:45:15","guid":{"rendered":"https:\/\/www.rememberme-forever.com\/product\/themenurne-mit-samurai-motiv-symbolische-ascheurne\/"},"modified":"2025-12-10T14:23:41","modified_gmt":"2025-12-10T13:23:41","slug":"themenurne-mit-samurai-motiv-symbolische-ascheurne","status":"publish","type":"product","link":"https:\/\/www.rememberme-forever.com\/de\/produkt\/themenurne-mit-samurai-motiv-symbolische-ascheurne\/","title":{"rendered":"Themenurne mit Samurai-Motiv \u2013 Symbolische Ascheurne"},"content":{"rendered":"<p style=\"text-align: center;\" data-start=\"77\" data-end=\"244\">Wenn Ihr geliebter Mensch im Leben ein K\u00e4mpfer war \u2013 im \u00fcbertragenen wie im w\u00f6rtlichen Sinne \u2013 ist diese Urne mit Samurai-Motiv ein einzigartiges und symbolisches Andenken.<\/p>\n<p style=\"text-align: center;\" data-start=\"246\" data-end=\"712\">Die Urne ist aus Holz gefertigt und hat die Form einer eleganten Schachtel mit sanft abgerundeten Kanten. Sie ist in Schwarz oder Wei\u00df erh\u00e4ltlich. Die Vorderseite ziert das eingravierte Bild eines Samurai, des legend\u00e4ren japanischen Kriegers, der seit Jahrhunderten Ehre, St\u00e4rke und Mut symbolisiert. Direkt \u00fcber der Gravur befindet sich ein personalisierbares Schild, auf dem Sie Ihren Namen, Daten oder eine pers\u00f6nliche Widmung anbringen lassen k\u00f6nnen, um der Urne eine individuelle Note zu verleihen.<\/p>\n<p style=\"text-align: center;\" data-start=\"714\" data-end=\"836\">Die Asche wird durch einen herausnehmbaren Boden in die Urne gef\u00fcllt, der f\u00fcr Sicherheit und Langlebigkeit verschraubt ist.<\/p>\n<p style=\"text-align: center;\" data-start=\"838\" data-end=\"1031\" data-is-last-node=\"\" data-is-only-node=\"\">Dies ist mehr als nur eine Urne \u2013 es ist ein symbolischer Abschied, der den Mut, die Entschlossenheit und die W\u00fcrde eines geliebten Menschen w\u00fcrdigt. Ideal f\u00fcr alle, die ein Verm\u00e4chtnis des Mutes und der St\u00e4rke hinterlassen haben.<\/p>\n<div style=\"width: 100%; margin-bottom: 40px; height: max-content; padding-bottom: 60%; position: relative;\"><iframe style=\"position: absolute; top: 0; left: 0; width: 100%; height: 100%;\" src=\"https:\/\/rememberme-urns.com\/theme-urn-with-a-samurai\/\" frameborder=\"0\"><\/iframe><\/div>\n<div style=\"color: red; text-align: center; margin-bottom: 25px;\">\n<p>&gt;&gt; Warum diese Urne w\u00e4hlen? &lt;&lt;<\/p>\n<\/div>\n<p style=\"text-align: center;\"><strong>\u25ba PERSONALISIERUNG \u25c4<\/strong><\/p>\n<p style=\"text-align: center;\">\u2714\ufe0f Wenn Sie sich f\u00fcr eine personalisierte Plakette entscheiden, geben Sie den Text an der entsprechenden Stelle ein oder schicken Sie uns eine Nachricht.<\/p>\n<p style=\"text-align: center;\">\u2714\ufe0f Die personalisierte Gedenktafel muss w\u00e4hrend des Bestellvorgangs angepasst werden. (Keine Sorge, wenn Sie es vergessen, Sie k\u00f6nnen uns sp\u00e4ter immer noch eine Nachricht schicken).<\/p>\n<p style=\"text-align: center;\"><b>Die Textbeschr\u00e4nkungen lauten wie folgt:<\/b><\/p>\n<p style=\"text-align: center;\"><span style=\"color: var(--text-color); font-size: 14px;\">Name(n) bis zu 35 Zeichen<\/span><\/p>\n<p style=\"text-align: center;\"><span style=\"color: var(--text-color); font-size: 14px;\">Geburts- und Sterbedatum bis zu 35 Zeichen<\/span><\/p>\n<p style=\"text-align: center;\"><span style=\"color: var(--text-color); font-size: 14px;\">Dritte Zeile bis zu 35 Zeichen<\/span><\/p>\n<div style=\"text-align: center;\"><\/div>\n<p style=\"text-align: center;\">\u2714\ufe0f Bitte <strong>\u00fcberpr\u00fcfen<\/strong> Sie den Gravurtext <strong>ZWEIFACH<\/strong>, bevor Sie das Produkt in Ihren Warenkorb legen. Wir kopieren und gravieren genau die Informationen, die wir mit der Bestellung erhalten, und nehmen unsererseits keine \u00c4nderungen vor.<\/p>\n<p style=\"text-align: center;\">\u2714\ufe0f \u00dcberpr\u00fcfen Sie den Text, um sicherzustellen, dass die Schreibweise korrekt ist.<\/p>\n<p style=\"text-align: center;\">\u2714\ufe0f Geben Sie <strong>KEINE<\/strong> Gravurinformationen ein, wenn Sie die Option &#8218;Urne ohne Plakette&#8216; kaufen.<\/p>\n","protected":false},"excerpt":{"rendered":"<p>Wenn Ihr geliebter Mensch im Leben ein K\u00e4mpfer war \u2013 im \u00fcbertragenen wie im w\u00f6rtlichen Sinne \u2013 ist diese Urne mit Samurai-Motiv ein einzigartiges und&#8230;<\/p>\n","protected":false},"featured_media":23762,"template":"","meta":{"_acf_changed":false},"product_brand":[],"product_cat":[2345,2327,2344],"product_tag":[3305],"class_list":{"0":"post-23764","1":"product","2":"type-product","3":"status-publish","4":"has-post-thumbnail","6":"product_cat-alle-anderen-urnen","7":"product_cat-holz-urnen","8":"product_cat-motivurnen","9":"product_tag-gpsr-all-wood-urns","10":"product_shipping_class-2-4kg","12":"first","13":"instock","14":"taxable","15":"shipping-taxable","16":"purchasable","17":"product-type-variable"},"yoast_head":"<!-- This site is optimized with the Yoast SEO plugin v27.4 - https:\/\/yoast.com\/product\/yoast-seo-wordpress\/ -->\n<title>Themenurne mit Samurai-Motiv \u2013 Symbolische Ascheurne - Remember Forever<\/title>\n<meta name=\"robots\" content=\"index, follow, max-snippet:-1, max-image-preview:large, max-video-preview:-1\" \/>\n<link rel=\"canonical\" href=\"https:\/\/www.rememberme-forever.com\/de\/produkt\/themenurne-mit-samurai-motiv-symbolische-ascheurne\/\" \/>\n<meta property=\"og:locale\" content=\"de_DE\" \/>\n<meta property=\"og:type\" content=\"article\" \/>\n<meta property=\"og:title\" content=\"Themenurne mit Samurai-Motiv \u2013 Symbolische Ascheurne - Remember Forever\" \/>\n<meta property=\"og:description\" content=\"Wenn Ihr geliebter Mensch im Leben ein K\u00e4mpfer war \u2013 im \u00fcbertragenen wie im w\u00f6rtlichen Sinne \u2013 ist diese Urne mit Samurai-Motiv ein einzigartiges und...\" \/>\n<meta property=\"og:url\" content=\"https:\/\/www.rememberme-forever.com\/de\/produkt\/themenurne-mit-samurai-motiv-symbolische-ascheurne\/\" \/>\n<meta property=\"og:site_name\" content=\"Remember Forever\" \/>\n<meta property=\"article:modified_time\" content=\"2025-12-10T13:23:41+00:00\" \/>\n<meta property=\"og:image\" content=\"http:\/\/www.rememberme-forever.com\/wp-content\/uploads\/2025\/06\/Theme-samurai-urn-black_0001.jpg\" \/>\n\t<meta property=\"og:image:width\" content=\"1007\" \/>\n\t<meta property=\"og:image:height\" content=\"1024\" \/>\n\t<meta property=\"og:image:type\" content=\"image\/jpeg\" \/>\n<meta name=\"twitter:card\" content=\"summary_large_image\" \/>\n<meta name=\"twitter:label1\" content=\"Gesch\u00e4tzte Lesezeit\" \/>\n\t<meta name=\"twitter:data1\" content=\"2\u00a0Minute\" \/>\n<script type=\"application\/ld+json\" class=\"yoast-schema-graph\">{\"@context\":\"https:\\\/\\\/schema.org\",\"@graph\":[{\"@type\":\"WebPage\",\"@id\":\"https:\\\/\\\/www.rememberme-forever.com\\\/de\\\/produkt\\\/themenurne-mit-samurai-motiv-symbolische-ascheurne\\\/\",\"url\":\"https:\\\/\\\/www.rememberme-forever.com\\\/de\\\/produkt\\\/themenurne-mit-samurai-motiv-symbolische-ascheurne\\\/\",\"name\":\"Themenurne mit Samurai-Motiv \u2013 Symbolische Ascheurne - Remember Forever\",\"isPartOf\":{\"@id\":\"https:\\\/\\\/www.rememberme-forever.com\\\/de\\\/#website\"},\"primaryImageOfPage\":{\"@id\":\"https:\\\/\\\/www.rememberme-forever.com\\\/de\\\/produkt\\\/themenurne-mit-samurai-motiv-symbolische-ascheurne\\\/#primaryimage\"},\"image\":{\"@id\":\"https:\\\/\\\/www.rememberme-forever.com\\\/de\\\/produkt\\\/themenurne-mit-samurai-motiv-symbolische-ascheurne\\\/#primaryimage\"},\"thumbnailUrl\":\"https:\\\/\\\/www.rememberme-forever.com\\\/wp-content\\\/uploads\\\/2025\\\/06\\\/Theme-samurai-urn-black_0001.jpg\",\"datePublished\":\"2025-06-05T07:45:15+00:00\",\"dateModified\":\"2025-12-10T13:23:41+00:00\",\"breadcrumb\":{\"@id\":\"https:\\\/\\\/www.rememberme-forever.com\\\/de\\\/produkt\\\/themenurne-mit-samurai-motiv-symbolische-ascheurne\\\/#breadcrumb\"},\"inLanguage\":\"de\",\"potentialAction\":[{\"@type\":\"ReadAction\",\"target\":[\"https:\\\/\\\/www.rememberme-forever.com\\\/de\\\/produkt\\\/themenurne-mit-samurai-motiv-symbolische-ascheurne\\\/\"]}]},{\"@type\":\"ImageObject\",\"inLanguage\":\"de\",\"@id\":\"https:\\\/\\\/www.rememberme-forever.com\\\/de\\\/produkt\\\/themenurne-mit-samurai-motiv-symbolische-ascheurne\\\/#primaryimage\",\"url\":\"https:\\\/\\\/www.rememberme-forever.com\\\/wp-content\\\/uploads\\\/2025\\\/06\\\/Theme-samurai-urn-black_0001.jpg\",\"contentUrl\":\"https:\\\/\\\/www.rememberme-forever.com\\\/wp-content\\\/uploads\\\/2025\\\/06\\\/Theme-samurai-urn-black_0001.jpg\",\"width\":1007,\"height\":1024,\"caption\":\"Urne mit einem Samurai\"},{\"@type\":\"BreadcrumbList\",\"@id\":\"https:\\\/\\\/www.rememberme-forever.com\\\/de\\\/produkt\\\/themenurne-mit-samurai-motiv-symbolische-ascheurne\\\/#breadcrumb\",\"itemListElement\":[{\"@type\":\"ListItem\",\"position\":1,\"name\":\"Home\",\"item\":\"https:\\\/\\\/www.rememberme-forever.com\\\/de\\\/startseite\\\/\"},{\"@type\":\"ListItem\",\"position\":2,\"name\":\"Shop\",\"item\":\"https:\\\/\\\/www.rememberme-forever.com\\\/de\\\/shop\\\/\"},{\"@type\":\"ListItem\",\"position\":3,\"name\":\"Themenurne mit Samurai-Motiv \u2013 Symbolische Ascheurne\"}]},{\"@type\":\"WebSite\",\"@id\":\"https:\\\/\\\/www.rememberme-forever.com\\\/de\\\/#website\",\"url\":\"https:\\\/\\\/www.rememberme-forever.com\\\/de\\\/\",\"name\":\"Remember Forever\",\"description\":\"Cremation urns, funeral urns, urns for ashes\",\"publisher\":{\"@id\":\"https:\\\/\\\/www.rememberme-forever.com\\\/de\\\/#organization\"},\"potentialAction\":[{\"@type\":\"SearchAction\",\"target\":{\"@type\":\"EntryPoint\",\"urlTemplate\":\"https:\\\/\\\/www.rememberme-forever.com\\\/de\\\/?s={search_term_string}\"},\"query-input\":{\"@type\":\"PropertyValueSpecification\",\"valueRequired\":true,\"valueName\":\"search_term_string\"}}],\"inLanguage\":\"de\"},{\"@type\":\"Organization\",\"@id\":\"https:\\\/\\\/www.rememberme-forever.com\\\/de\\\/#organization\",\"name\":\"Remember Forever\",\"url\":\"https:\\\/\\\/www.rememberme-forever.com\\\/de\\\/\",\"logo\":{\"@type\":\"ImageObject\",\"inLanguage\":\"de\",\"@id\":\"https:\\\/\\\/www.rememberme-forever.com\\\/de\\\/#\\\/schema\\\/logo\\\/image\\\/\",\"url\":\"https:\\\/\\\/www.rememberme-forever.com\\\/wp-content\\\/uploads\\\/2023\\\/02\\\/logo.png\",\"contentUrl\":\"https:\\\/\\\/www.rememberme-forever.com\\\/wp-content\\\/uploads\\\/2023\\\/02\\\/logo.png\",\"width\":300,\"height\":56,\"caption\":\"Remember Forever\"},\"image\":{\"@id\":\"https:\\\/\\\/www.rememberme-forever.com\\\/de\\\/#\\\/schema\\\/logo\\\/image\\\/\"}}]}<\/script>\n<!-- \/ Yoast SEO plugin. -->","yoast_head_json":{"title":"Themenurne mit Samurai-Motiv \u2013 Symbolische Ascheurne - Remember Forever","robots":{"index":"index","follow":"follow","max-snippet":"max-snippet:-1","max-image-preview":"max-image-preview:large","max-video-preview":"max-video-preview:-1"},"canonical":"https:\/\/www.rememberme-forever.com\/de\/produkt\/themenurne-mit-samurai-motiv-symbolische-ascheurne\/","og_locale":"de_DE","og_type":"article","og_title":"Themenurne mit Samurai-Motiv \u2013 Symbolische Ascheurne - Remember Forever","og_description":"Wenn Ihr geliebter Mensch im Leben ein K\u00e4mpfer war \u2013 im \u00fcbertragenen wie im w\u00f6rtlichen Sinne \u2013 ist diese Urne mit Samurai-Motiv ein einzigartiges und...","og_url":"https:\/\/www.rememberme-forever.com\/de\/produkt\/themenurne-mit-samurai-motiv-symbolische-ascheurne\/","og_site_name":"Remember Forever","article_modified_time":"2025-12-10T13:23:41+00:00","og_image":[{"width":1007,"height":1024,"url":"http:\/\/www.rememberme-forever.com\/wp-content\/uploads\/2025\/06\/Theme-samurai-urn-black_0001.jpg","type":"image\/jpeg"}],"twitter_card":"summary_large_image","twitter_misc":{"Gesch\u00e4tzte Lesezeit":"2\u00a0Minute"},"schema":{"@context":"https:\/\/schema.org","@graph":[{"@type":"WebPage","@id":"https:\/\/www.rememberme-forever.com\/de\/produkt\/themenurne-mit-samurai-motiv-symbolische-ascheurne\/","url":"https:\/\/www.rememberme-forever.com\/de\/produkt\/themenurne-mit-samurai-motiv-symbolische-ascheurne\/","name":"Themenurne mit Samurai-Motiv \u2013 Symbolische Ascheurne - Remember Forever","isPartOf":{"@id":"https:\/\/www.rememberme-forever.com\/de\/#website"},"primaryImageOfPage":{"@id":"https:\/\/www.rememberme-forever.com\/de\/produkt\/themenurne-mit-samurai-motiv-symbolische-ascheurne\/#primaryimage"},"image":{"@id":"https:\/\/www.rememberme-forever.com\/de\/produkt\/themenurne-mit-samurai-motiv-symbolische-ascheurne\/#primaryimage"},"thumbnailUrl":"https:\/\/www.rememberme-forever.com\/wp-content\/uploads\/2025\/06\/Theme-samurai-urn-black_0001.jpg","datePublished":"2025-06-05T07:45:15+00:00","dateModified":"2025-12-10T13:23:41+00:00","breadcrumb":{"@id":"https:\/\/www.rememberme-forever.com\/de\/produkt\/themenurne-mit-samurai-motiv-symbolische-ascheurne\/#breadcrumb"},"inLanguage":"de","potentialAction":[{"@type":"ReadAction","target":["https:\/\/www.rememberme-forever.com\/de\/produkt\/themenurne-mit-samurai-motiv-symbolische-ascheurne\/"]}]},{"@type":"ImageObject","inLanguage":"de","@id":"https:\/\/www.rememberme-forever.com\/de\/produkt\/themenurne-mit-samurai-motiv-symbolische-ascheurne\/#primaryimage","url":"https:\/\/www.rememberme-forever.com\/wp-content\/uploads\/2025\/06\/Theme-samurai-urn-black_0001.jpg","contentUrl":"https:\/\/www.rememberme-forever.com\/wp-content\/uploads\/2025\/06\/Theme-samurai-urn-black_0001.jpg","width":1007,"height":1024,"caption":"Urne mit einem Samurai"},{"@type":"BreadcrumbList","@id":"https:\/\/www.rememberme-forever.com\/de\/produkt\/themenurne-mit-samurai-motiv-symbolische-ascheurne\/#breadcrumb","itemListElement":[{"@type":"ListItem","position":1,"name":"Home","item":"https:\/\/www.rememberme-forever.com\/de\/startseite\/"},{"@type":"ListItem","position":2,"name":"Shop","item":"https:\/\/www.rememberme-forever.com\/de\/shop\/"},{"@type":"ListItem","position":3,"name":"Themenurne mit Samurai-Motiv \u2013 Symbolische Ascheurne"}]},{"@type":"WebSite","@id":"https:\/\/www.rememberme-forever.com\/de\/#website","url":"https:\/\/www.rememberme-forever.com\/de\/","name":"Remember Forever","description":"Cremation urns, funeral urns, urns for ashes","publisher":{"@id":"https:\/\/www.rememberme-forever.com\/de\/#organization"},"potentialAction":[{"@type":"SearchAction","target":{"@type":"EntryPoint","urlTemplate":"https:\/\/www.rememberme-forever.com\/de\/?s={search_term_string}"},"query-input":{"@type":"PropertyValueSpecification","valueRequired":true,"valueName":"search_term_string"}}],"inLanguage":"de"},{"@type":"Organization","@id":"https:\/\/www.rememberme-forever.com\/de\/#organization","name":"Remember Forever","url":"https:\/\/www.rememberme-forever.com\/de\/","logo":{"@type":"ImageObject","inLanguage":"de","@id":"https:\/\/www.rememberme-forever.com\/de\/#\/schema\/logo\/image\/","url":"https:\/\/www.rememberme-forever.com\/wp-content\/uploads\/2023\/02\/logo.png","contentUrl":"https:\/\/www.rememberme-forever.com\/wp-content\/uploads\/2023\/02\/logo.png","width":300,"height":56,"caption":"Remember Forever"},"image":{"@id":"https:\/\/www.rememberme-forever.com\/de\/#\/schema\/logo\/image\/"}}]}},"acf":[],"_links":{"self":[{"href":"https:\/\/www.rememberme-forever.com\/de\/wp-json\/wp\/v2\/product\/23764","targetHints":{"allow":["GET"]}}],"collection":[{"href":"https:\/\/www.rememberme-forever.com\/de\/wp-json\/wp\/v2\/product"}],"about":[{"href":"https:\/\/www.rememberme-forever.com\/de\/wp-json\/wp\/v2\/types\/product"}],"wp:featuredmedia":[{"embeddable":true,"href":"https:\/\/www.rememberme-forever.com\/de\/wp-json\/wp\/v2\/media\/23762"}],"wp:attachment":[{"href":"https:\/\/www.rememberme-forever.com\/de\/wp-json\/wp\/v2\/media?parent=23764"}],"wp:term":[{"taxonomy":"product_brand","embeddable":true,"href":"https:\/\/www.rememberme-forever.com\/de\/wp-json\/wp\/v2\/product_brand?post=23764"},{"taxonomy":"product_cat","embeddable":true,"href":"https:\/\/www.rememberme-forever.com\/de\/wp-json\/wp\/v2\/product_cat?post=23764"},{"taxonomy":"product_tag","embeddable":true,"href":"https:\/\/www.rememberme-forever.com\/de\/wp-json\/wp\/v2\/product_tag?post=23764"}],"curies":[{"name":"wp","href":"https:\/\/api.w.org\/{rel}","templated":true}]}}