{"id":23994,"date":"2026-01-02T11:02:08","date_gmt":"2026-01-02T10:02:08","guid":{"rendered":"https:\/\/www.rememberme-forever.com\/product\/steinurne-mit-foto-aus-massivem-onyx-fuer-die-asche-von-erwachsenen\/"},"modified":"2026-01-14T08:18:13","modified_gmt":"2026-01-14T07:18:13","slug":"steinurne-mit-foto-aus-massivem-onyx-fuer-die-asche-von-erwachsenen","status":"publish","type":"product","link":"https:\/\/www.rememberme-forever.com\/de\/produkt\/steinurne-mit-foto-aus-massivem-onyx-fuer-die-asche-von-erwachsenen\/","title":{"rendered":"Steinurne mit Foto aus massivem Onyx f\u00fcr die Asche von Erwachsenen"},"content":{"rendered":"<p style=\"text-align: center;\" data-start=\"566\" data-end=\"812\"><span style=\"font-size: 16px; color: #000000; font-family: Arial;\"><span style=\"font-weight: normal;\">Eine elegante Steinurne f\u00fcr Erwachsene aus nat\u00fcrlichem Onyx mit einzigartiger Maserung und tiefen Farben. Jede Urne ist aufgrund der nat\u00fcrlichen Adern des Steins ein Unikat und besticht durch ihren exklusiven und zeitlosen Charakter. <\/span><\/span><\/p>\n<p style=\"text-align: center;\" data-start=\"814\" data-end=\"1043\"><span style=\"font-size: 16px; color: #000000; font-family: Arial;\"><span style=\"font-weight: normal;\">Die Vorderseite der Urne bietet Platz f\u00fcr ein Foto des\/der Verstorbenen und erm\u00f6glicht so eine pers\u00f6nliche und emotionale Erinnerung. Optional kann eine gravierte Gedenktafel mit Widmung, Namen oder Datum hinzugef\u00fcgt werden. <\/span><\/span><\/p>\n<p style=\"text-align: center;\" data-start=\"1045\" data-end=\"1233\"><span style=\"font-size: 16px; color: #000000; font-family: Arial;\"><span style=\"font-weight: normal;\">Die Urne l\u00e4sst sich von unten \u00f6ffnen und gew\u00e4hrleistet so eine diskrete und sichere Aufbewahrung der Asche. Die massive Natursteinkonstruktion garantiert Langlebigkeit und eine w\u00fcrdevolle Aufbewahrung \u00fcber viele Jahre. <\/span><\/span><\/p>\n<p style=\"text-align: center;\" data-start=\"1235\" data-end=\"1315\"><span style=\"font-size: 16px; color: #000000; font-family: Arial;\"><span style=\"font-weight: normal;\">Diese einzigartige Urne wurde mit Respekt, Erinnerung und Eleganz geschaffen.<\/span><\/span><\/p>\n<div style=\"width: 100%; margin-bottom: 40px; height: max-content; padding-bottom: 60%; position: relative;\"><iframe style=\"position: absolute; top: 0; left: 0; width: 100%; height: 100%;\" src=\"https:\/\/rememberme-urns.com\/black-stone-urns-with-a-photo\/\" frameborder=\"0\"><\/iframe><\/div>\n<div style=\"color: red; text-align: center; margin-bottom: 25px;\">\n<p>&gt;&gt; Warum diese Urne w\u00e4hlen? &lt;&lt;<\/p>\n<\/div>\n<div style=\"text-align: center;\">\n<div>\u25ba<span data-start=\"0\" data-end=\"10\" data-is-only-node=\"\">FOTO<\/span>\u25c4<\/div>\n<div><\/div>\n<div><span style=\"color: #000000; font-family: Arial;\">\u2714\ufe0f Das Foto f\u00fcr die Urne sollte 5 cm \u00d7 5 cm gro\u00df sein.<\/span><\/div>\n<div><span style=\"color: #000000; font-family: Arial;\">\u2714\ufe0f Bitte verwenden Sie zum Vorbereiten des Fotos ein Bildbearbeitungsprogramm und senden Sie es uns anschlie\u00dfend per E-Mail.<\/span><\/div>\n<div><\/div>\n<div><\/div>\n<div><strong><span style=\"color: #000000; font-family: Arial;\"><i><u>https:\/\/www.rememberme-forever.com\/image_cropper\/<\/u><\/i><\/span><\/strong><\/div>\n<div><\/div>\n<div><\/div>\n<div><span style=\"color: #000000; font-family: Arial;\">\u2714\ufe0f Das Foto wird an den Seiten um 0,3 cm \/ 0,12 Zoll gefaltet.<\/span><\/div>\n<\/div>\n<div id=\"kpm-root\" class=\"kpm_LTR\" style=\"text-align: center;\"><\/div>\n<div><\/div>\n<p style=\"text-align: center;\"><strong>\u25ba PERSONALISIERUNG \u25c4<\/strong><\/p>\n<p style=\"text-align: center;\">\u2714\ufe0f Wenn Sie eine personalisierte Gedenktafel w\u00fcnschen, geben Sie bitte den Text in das daf\u00fcr vorgesehene Feld ein oder senden Sie uns eine Nachricht.<\/p>\n<p style=\"text-align: center;\">\u2714\ufe0f Die personalisierte Gedenktafel muss w\u00e4hrend des Bestellvorgangs angepasst werden. (Keine Sorge, falls Sie es vergessen, Sie k\u00f6nnen uns sp\u00e4ter eine Nachricht senden.)<\/p>\n<p style=\"text-align: center;\"><b>Textbeschr\u00e4nkungen:<\/b><\/p>\n<p style=\"text-align: center;\"><span style=\"color: var(--text-color); font-size: 14px;\">Vorname(n) bis zu 24 Zeichen<\/span><\/p>\n<p style=\"text-align: center;\"><span style=\"color: var(--text-color); font-size: 14px;\">Geburts- und Sterbedatum mit bis zu 24 Zeichen<\/span><\/p>\n<p style=\"text-align: center;\"><span style=\"color: var(--text-color); font-size: 14px;\">Dritte Zeile bis zu 24 Zeichen<\/span><\/p>\n<p style=\"text-align: center;\"><span style=\"font-size: 14px;\">Vierte Zeile bis zu 24 Zeichen<\/span><\/p>\n<p style=\"text-align: center;\"><span style=\"font-size: 14px;\">F\u00fcnfte Zeile mit bis zu 24 Zeichen<\/span><\/p>\n<div style=\"text-align: center;\"><\/div>\n<p style=\"text-align: center;\">\u2714\ufe0f Bitte \u00fcberpr\u00fcfen Sie Ihren Gravurtext sorgf\u00e4ltig, bevor Sie den Artikel in den Warenkorb legen. Wir \u00fcbernehmen und gravieren die Informationen, die wir mit Ihrer Bestellung erhalten, und nehmen keine \u00c4nderungen vor.<\/p>\n<p style=\"text-align: center;\">\u2714\ufe0f Bitte \u00fcberpr\u00fcfen Sie den Text auf korrekte Rechtschreibung.<\/p>\n<p style=\"text-align: center;\">\u2714\ufe0f Geben Sie KEINE Gravurinformationen ein, wenn Sie die Option \u201eUrne ohne Tafel\u201c w\u00e4hlen.<\/p>\n","protected":false},"excerpt":{"rendered":"<p>Eine elegante Steinurne f\u00fcr Erwachsene aus nat\u00fcrlichem Onyx mit einzigartiger Maserung und tiefen Farben. Jede Urne ist aufgrund der nat\u00fcrlichen Adern des Steins ein Unikat&#8230;<\/p>\n","protected":false},"featured_media":23989,"template":"","meta":{"_acf_changed":false},"product_brand":[],"product_cat":[3376,2343],"product_tag":[3366,3262],"class_list":{"0":"post-23994","1":"product","2":"type-product","3":"status-publish","4":"has-post-thumbnail","6":"product_cat-fotournen","7":"product_cat-steinurnen","8":"product_tag-gpsr-stone-urns","9":"product_tag-photo","10":"product_shipping_class-5-10kg-de","12":"first","13":"instock","14":"taxable","15":"shipping-taxable","16":"purchasable","17":"product-type-simple"},"yoast_head":"<!-- This site is optimized with the Yoast SEO plugin v27.4 - https:\/\/yoast.com\/product\/yoast-seo-wordpress\/ -->\n<title>Steinurne mit Foto aus massivem Onyx f\u00fcr die Asche von Erwachsenen - Remember Forever<\/title>\n<meta name=\"robots\" content=\"index, follow, max-snippet:-1, max-image-preview:large, max-video-preview:-1\" \/>\n<link rel=\"canonical\" href=\"https:\/\/www.rememberme-forever.com\/de\/produkt\/steinurne-mit-foto-aus-massivem-onyx-fuer-die-asche-von-erwachsenen\/\" \/>\n<meta property=\"og:locale\" content=\"de_DE\" \/>\n<meta property=\"og:type\" content=\"article\" \/>\n<meta property=\"og:title\" content=\"Steinurne mit Foto aus massivem Onyx f\u00fcr die Asche von Erwachsenen - Remember Forever\" \/>\n<meta property=\"og:description\" content=\"Eine elegante Steinurne f\u00fcr Erwachsene aus nat\u00fcrlichem Onyx mit einzigartiger Maserung und tiefen Farben. Jede Urne ist aufgrund der nat\u00fcrlichen Adern des Steins ein Unikat...\" \/>\n<meta property=\"og:url\" content=\"https:\/\/www.rememberme-forever.com\/de\/produkt\/steinurne-mit-foto-aus-massivem-onyx-fuer-die-asche-von-erwachsenen\/\" \/>\n<meta property=\"og:site_name\" content=\"Remember Forever\" \/>\n<meta property=\"article:modified_time\" content=\"2026-01-14T07:18:13+00:00\" \/>\n<meta property=\"og:image\" content=\"http:\/\/www.rememberme-forever.com\/wp-content\/uploads\/2026\/01\/black-stone-urn-for-adult-with-a-photo_0001.jpg\" \/>\n\t<meta property=\"og:image:width\" content=\"1007\" \/>\n\t<meta property=\"og:image:height\" content=\"1024\" \/>\n\t<meta property=\"og:image:type\" content=\"image\/jpeg\" \/>\n<meta name=\"twitter:card\" content=\"summary_large_image\" \/>\n<meta name=\"twitter:label1\" content=\"Gesch\u00e4tzte Lesezeit\" \/>\n\t<meta name=\"twitter:data1\" content=\"2\u00a0Minute\" \/>\n<script type=\"application\/ld+json\" class=\"yoast-schema-graph\">{\"@context\":\"https:\\\/\\\/schema.org\",\"@graph\":[{\"@type\":\"WebPage\",\"@id\":\"https:\\\/\\\/www.rememberme-forever.com\\\/de\\\/produkt\\\/steinurne-mit-foto-aus-massivem-onyx-fuer-die-asche-von-erwachsenen\\\/\",\"url\":\"https:\\\/\\\/www.rememberme-forever.com\\\/de\\\/produkt\\\/steinurne-mit-foto-aus-massivem-onyx-fuer-die-asche-von-erwachsenen\\\/\",\"name\":\"Steinurne mit Foto aus massivem Onyx f\u00fcr die Asche von Erwachsenen - Remember Forever\",\"isPartOf\":{\"@id\":\"https:\\\/\\\/www.rememberme-forever.com\\\/de\\\/#website\"},\"primaryImageOfPage\":{\"@id\":\"https:\\\/\\\/www.rememberme-forever.com\\\/de\\\/produkt\\\/steinurne-mit-foto-aus-massivem-onyx-fuer-die-asche-von-erwachsenen\\\/#primaryimage\"},\"image\":{\"@id\":\"https:\\\/\\\/www.rememberme-forever.com\\\/de\\\/produkt\\\/steinurne-mit-foto-aus-massivem-onyx-fuer-die-asche-von-erwachsenen\\\/#primaryimage\"},\"thumbnailUrl\":\"https:\\\/\\\/www.rememberme-forever.com\\\/wp-content\\\/uploads\\\/2026\\\/01\\\/black-stone-urn-for-adult-with-a-photo_0001.jpg\",\"datePublished\":\"2026-01-02T10:02:08+00:00\",\"dateModified\":\"2026-01-14T07:18:13+00:00\",\"breadcrumb\":{\"@id\":\"https:\\\/\\\/www.rememberme-forever.com\\\/de\\\/produkt\\\/steinurne-mit-foto-aus-massivem-onyx-fuer-die-asche-von-erwachsenen\\\/#breadcrumb\"},\"inLanguage\":\"de\",\"potentialAction\":[{\"@type\":\"ReadAction\",\"target\":[\"https:\\\/\\\/www.rememberme-forever.com\\\/de\\\/produkt\\\/steinurne-mit-foto-aus-massivem-onyx-fuer-die-asche-von-erwachsenen\\\/\"]}]},{\"@type\":\"ImageObject\",\"inLanguage\":\"de\",\"@id\":\"https:\\\/\\\/www.rememberme-forever.com\\\/de\\\/produkt\\\/steinurne-mit-foto-aus-massivem-onyx-fuer-die-asche-von-erwachsenen\\\/#primaryimage\",\"url\":\"https:\\\/\\\/www.rememberme-forever.com\\\/wp-content\\\/uploads\\\/2026\\\/01\\\/black-stone-urn-for-adult-with-a-photo_0001.jpg\",\"contentUrl\":\"https:\\\/\\\/www.rememberme-forever.com\\\/wp-content\\\/uploads\\\/2026\\\/01\\\/black-stone-urn-for-adult-with-a-photo_0001.jpg\",\"width\":1007,\"height\":1024,\"caption\":\"Onyx-Urne mit Foto und Gedenktafel.\"},{\"@type\":\"BreadcrumbList\",\"@id\":\"https:\\\/\\\/www.rememberme-forever.com\\\/de\\\/produkt\\\/steinurne-mit-foto-aus-massivem-onyx-fuer-die-asche-von-erwachsenen\\\/#breadcrumb\",\"itemListElement\":[{\"@type\":\"ListItem\",\"position\":1,\"name\":\"Home\",\"item\":\"https:\\\/\\\/www.rememberme-forever.com\\\/de\\\/startseite\\\/\"},{\"@type\":\"ListItem\",\"position\":2,\"name\":\"Shop\",\"item\":\"https:\\\/\\\/www.rememberme-forever.com\\\/de\\\/shop\\\/\"},{\"@type\":\"ListItem\",\"position\":3,\"name\":\"Steinurne mit Foto aus massivem Onyx f\u00fcr die Asche von Erwachsenen\"}]},{\"@type\":\"WebSite\",\"@id\":\"https:\\\/\\\/www.rememberme-forever.com\\\/de\\\/#website\",\"url\":\"https:\\\/\\\/www.rememberme-forever.com\\\/de\\\/\",\"name\":\"Remember Forever\",\"description\":\"Cremation urns, funeral urns, urns for ashes\",\"publisher\":{\"@id\":\"https:\\\/\\\/www.rememberme-forever.com\\\/de\\\/#organization\"},\"potentialAction\":[{\"@type\":\"SearchAction\",\"target\":{\"@type\":\"EntryPoint\",\"urlTemplate\":\"https:\\\/\\\/www.rememberme-forever.com\\\/de\\\/?s={search_term_string}\"},\"query-input\":{\"@type\":\"PropertyValueSpecification\",\"valueRequired\":true,\"valueName\":\"search_term_string\"}}],\"inLanguage\":\"de\"},{\"@type\":\"Organization\",\"@id\":\"https:\\\/\\\/www.rememberme-forever.com\\\/de\\\/#organization\",\"name\":\"Remember Forever\",\"url\":\"https:\\\/\\\/www.rememberme-forever.com\\\/de\\\/\",\"logo\":{\"@type\":\"ImageObject\",\"inLanguage\":\"de\",\"@id\":\"https:\\\/\\\/www.rememberme-forever.com\\\/de\\\/#\\\/schema\\\/logo\\\/image\\\/\",\"url\":\"https:\\\/\\\/www.rememberme-forever.com\\\/wp-content\\\/uploads\\\/2023\\\/02\\\/logo.png\",\"contentUrl\":\"https:\\\/\\\/www.rememberme-forever.com\\\/wp-content\\\/uploads\\\/2023\\\/02\\\/logo.png\",\"width\":300,\"height\":56,\"caption\":\"Remember Forever\"},\"image\":{\"@id\":\"https:\\\/\\\/www.rememberme-forever.com\\\/de\\\/#\\\/schema\\\/logo\\\/image\\\/\"}}]}<\/script>\n<!-- \/ Yoast SEO plugin. -->","yoast_head_json":{"title":"Steinurne mit Foto aus massivem Onyx f\u00fcr die Asche von Erwachsenen - Remember Forever","robots":{"index":"index","follow":"follow","max-snippet":"max-snippet:-1","max-image-preview":"max-image-preview:large","max-video-preview":"max-video-preview:-1"},"canonical":"https:\/\/www.rememberme-forever.com\/de\/produkt\/steinurne-mit-foto-aus-massivem-onyx-fuer-die-asche-von-erwachsenen\/","og_locale":"de_DE","og_type":"article","og_title":"Steinurne mit Foto aus massivem Onyx f\u00fcr die Asche von Erwachsenen - Remember Forever","og_description":"Eine elegante Steinurne f\u00fcr Erwachsene aus nat\u00fcrlichem Onyx mit einzigartiger Maserung und tiefen Farben. Jede Urne ist aufgrund der nat\u00fcrlichen Adern des Steins ein Unikat...","og_url":"https:\/\/www.rememberme-forever.com\/de\/produkt\/steinurne-mit-foto-aus-massivem-onyx-fuer-die-asche-von-erwachsenen\/","og_site_name":"Remember Forever","article_modified_time":"2026-01-14T07:18:13+00:00","og_image":[{"width":1007,"height":1024,"url":"http:\/\/www.rememberme-forever.com\/wp-content\/uploads\/2026\/01\/black-stone-urn-for-adult-with-a-photo_0001.jpg","type":"image\/jpeg"}],"twitter_card":"summary_large_image","twitter_misc":{"Gesch\u00e4tzte Lesezeit":"2\u00a0Minute"},"schema":{"@context":"https:\/\/schema.org","@graph":[{"@type":"WebPage","@id":"https:\/\/www.rememberme-forever.com\/de\/produkt\/steinurne-mit-foto-aus-massivem-onyx-fuer-die-asche-von-erwachsenen\/","url":"https:\/\/www.rememberme-forever.com\/de\/produkt\/steinurne-mit-foto-aus-massivem-onyx-fuer-die-asche-von-erwachsenen\/","name":"Steinurne mit Foto aus massivem Onyx f\u00fcr die Asche von Erwachsenen - Remember Forever","isPartOf":{"@id":"https:\/\/www.rememberme-forever.com\/de\/#website"},"primaryImageOfPage":{"@id":"https:\/\/www.rememberme-forever.com\/de\/produkt\/steinurne-mit-foto-aus-massivem-onyx-fuer-die-asche-von-erwachsenen\/#primaryimage"},"image":{"@id":"https:\/\/www.rememberme-forever.com\/de\/produkt\/steinurne-mit-foto-aus-massivem-onyx-fuer-die-asche-von-erwachsenen\/#primaryimage"},"thumbnailUrl":"https:\/\/www.rememberme-forever.com\/wp-content\/uploads\/2026\/01\/black-stone-urn-for-adult-with-a-photo_0001.jpg","datePublished":"2026-01-02T10:02:08+00:00","dateModified":"2026-01-14T07:18:13+00:00","breadcrumb":{"@id":"https:\/\/www.rememberme-forever.com\/de\/produkt\/steinurne-mit-foto-aus-massivem-onyx-fuer-die-asche-von-erwachsenen\/#breadcrumb"},"inLanguage":"de","potentialAction":[{"@type":"ReadAction","target":["https:\/\/www.rememberme-forever.com\/de\/produkt\/steinurne-mit-foto-aus-massivem-onyx-fuer-die-asche-von-erwachsenen\/"]}]},{"@type":"ImageObject","inLanguage":"de","@id":"https:\/\/www.rememberme-forever.com\/de\/produkt\/steinurne-mit-foto-aus-massivem-onyx-fuer-die-asche-von-erwachsenen\/#primaryimage","url":"https:\/\/www.rememberme-forever.com\/wp-content\/uploads\/2026\/01\/black-stone-urn-for-adult-with-a-photo_0001.jpg","contentUrl":"https:\/\/www.rememberme-forever.com\/wp-content\/uploads\/2026\/01\/black-stone-urn-for-adult-with-a-photo_0001.jpg","width":1007,"height":1024,"caption":"Onyx-Urne mit Foto und Gedenktafel."},{"@type":"BreadcrumbList","@id":"https:\/\/www.rememberme-forever.com\/de\/produkt\/steinurne-mit-foto-aus-massivem-onyx-fuer-die-asche-von-erwachsenen\/#breadcrumb","itemListElement":[{"@type":"ListItem","position":1,"name":"Home","item":"https:\/\/www.rememberme-forever.com\/de\/startseite\/"},{"@type":"ListItem","position":2,"name":"Shop","item":"https:\/\/www.rememberme-forever.com\/de\/shop\/"},{"@type":"ListItem","position":3,"name":"Steinurne mit Foto aus massivem Onyx f\u00fcr die Asche von Erwachsenen"}]},{"@type":"WebSite","@id":"https:\/\/www.rememberme-forever.com\/de\/#website","url":"https:\/\/www.rememberme-forever.com\/de\/","name":"Remember Forever","description":"Cremation urns, funeral urns, urns for ashes","publisher":{"@id":"https:\/\/www.rememberme-forever.com\/de\/#organization"},"potentialAction":[{"@type":"SearchAction","target":{"@type":"EntryPoint","urlTemplate":"https:\/\/www.rememberme-forever.com\/de\/?s={search_term_string}"},"query-input":{"@type":"PropertyValueSpecification","valueRequired":true,"valueName":"search_term_string"}}],"inLanguage":"de"},{"@type":"Organization","@id":"https:\/\/www.rememberme-forever.com\/de\/#organization","name":"Remember Forever","url":"https:\/\/www.rememberme-forever.com\/de\/","logo":{"@type":"ImageObject","inLanguage":"de","@id":"https:\/\/www.rememberme-forever.com\/de\/#\/schema\/logo\/image\/","url":"https:\/\/www.rememberme-forever.com\/wp-content\/uploads\/2023\/02\/logo.png","contentUrl":"https:\/\/www.rememberme-forever.com\/wp-content\/uploads\/2023\/02\/logo.png","width":300,"height":56,"caption":"Remember Forever"},"image":{"@id":"https:\/\/www.rememberme-forever.com\/de\/#\/schema\/logo\/image\/"}}]}},"acf":[],"_links":{"self":[{"href":"https:\/\/www.rememberme-forever.com\/de\/wp-json\/wp\/v2\/product\/23994","targetHints":{"allow":["GET"]}}],"collection":[{"href":"https:\/\/www.rememberme-forever.com\/de\/wp-json\/wp\/v2\/product"}],"about":[{"href":"https:\/\/www.rememberme-forever.com\/de\/wp-json\/wp\/v2\/types\/product"}],"wp:featuredmedia":[{"embeddable":true,"href":"https:\/\/www.rememberme-forever.com\/de\/wp-json\/wp\/v2\/media\/23989"}],"wp:attachment":[{"href":"https:\/\/www.rememberme-forever.com\/de\/wp-json\/wp\/v2\/media?parent=23994"}],"wp:term":[{"taxonomy":"product_brand","embeddable":true,"href":"https:\/\/www.rememberme-forever.com\/de\/wp-json\/wp\/v2\/product_brand?post=23994"},{"taxonomy":"product_cat","embeddable":true,"href":"https:\/\/www.rememberme-forever.com\/de\/wp-json\/wp\/v2\/product_cat?post=23994"},{"taxonomy":"product_tag","embeddable":true,"href":"https:\/\/www.rememberme-forever.com\/de\/wp-json\/wp\/v2\/product_tag?post=23994"}],"curies":[{"name":"wp","href":"https:\/\/api.w.org\/{rel}","templated":true}]}}