{"id":24642,"date":"2026-02-09T14:37:58","date_gmt":"2026-02-09T13:37:58","guid":{"rendered":"https:\/\/www.rememberme-forever.com\/product\/kuenstlerische-urne-fuer-kinderasche\/"},"modified":"2026-02-09T15:42:00","modified_gmt":"2026-02-09T14:42:00","slug":"kuenstlerische-urne-fuer-kinderasche","status":"publish","type":"product","link":"https:\/\/www.rememberme-forever.com\/de\/produkt\/kuenstlerische-urne-fuer-kinderasche\/","title":{"rendered":"K\u00fcnstlerische Urne f\u00fcr Kinderasche"},"content":{"rendered":"<section class=\"section\">\n<div class=\"item item-12\">\n<section class=\"text-item\">\n<p style=\"text-align: center;\" data-start=\"4409\" data-end=\"4551\">Diese k\u00fcnstlerische Urne ist eine einzigartige und w\u00fcrdevolle M\u00f6glichkeit, eines geliebten Kindes zu gedenken. Sie vereint feine Handwerkskunst mit einem bedeutungsvollen Design.<\/p>\n<p style=\"text-align: center;\" data-start=\"4553\" data-end=\"4781\">Die Urne besteht aus einer handbemalten Edelstahlkugel, die sorgf\u00e4ltig von Hand verziert wurde und so ein einzigartiges, k\u00fcnstlerisches Andenken schafft. Jedes St\u00fcck ist individuell bemalt, wodurch jede Urne in Farbe, Details und Charakter einzigartig ist.<\/p>\n<p style=\"text-align: center;\" data-start=\"4783\" data-end=\"5040\">Die Kugel ruht auf einem massiven Marmorsockel, der Stabilit\u00e4t, Eleganz und ein zeitloses Aussehen verleiht. Die Asche wird diskret durch eine bef\u00fcllbare \u00d6ffnung im Sockel eingef\u00fcllt und mit einem Schraubverschluss sicher verschlossen, um eine sichere und respektvolle Aufbewahrung zu gew\u00e4hrleisten.<\/p>\n<p style=\"text-align: center;\" data-start=\"5042\" data-end=\"5291\">Die Kombination aus robustem Edelstahl, Naturmarmor und handbemalter Kunst ergibt eine Gedenkurne, die Sch\u00f6nheit, St\u00e4rke und Erinnerung vereint. Diese Urne eignet sich f\u00fcr die Aufbewahrung zu Hause, in einem Kolumbarium oder als dekoratives Andenken.<\/p>\n<p style=\"text-align: center;\" data-start=\"5293\" data-end=\"5431\">Diese Urne wurde f\u00fcr alle entworfen, die etwas ganz Besonderes suchen. Sie ist ein bleibendes Andenken, das die Erinnerung durch Kunst und Handwerkskunst ehrt.<\/p>\n<div style=\"width: 100%; margin-bottom: 40px; height: max-content; padding-bottom: 60%; position: relative;\"><iframe style=\"position: absolute; top: 0; left: 0; width: 100%; height: 100%;\" src=\"https:\/\/rememberme-urns.com\/custom-urn-for-a-baby-with-mickey-mouse-race\/\" frameborder=\"0\"><\/iframe><\/div>\n<div style=\"color: red; text-align: center; margin-bottom: 25px;\">\n<p>&gt;&gt; Drehendes Foto \u2013 Tippen\/Zoomen &lt;&lt;<\/p>\n<\/div>\n<div id=\"kpm-root\" class=\"kpm_LTR notranslate\"><\/div>\n<div id=\"kpm-root\" class=\"kpm_LTR notranslate\"><\/div>\n<\/section>\n<\/div>\n<\/section>\n<section class=\"section\">\n<div class=\"item item-12\">\n<section class=\"text-item\">\n<p style=\"text-align: center;\"><strong>\u25ba PERSONALISIERUNG \u25c4<\/strong><\/p>\n<p style=\"text-align: center;\">\u2714\ufe0f Wenn Sie sich f\u00fcr eine personalisierte Plakette entscheiden, geben Sie den Text an der entsprechenden Stelle ein oder schicken Sie uns eine Nachricht.<\/p>\n<p style=\"text-align: center;\">\u2714\ufe0f Die personalisierte Gedenktafel muss w\u00e4hrend des Bestellvorgangs angepasst werden. (Keine Sorge, wenn Sie es vergessen, Sie k\u00f6nnen uns sp\u00e4ter immer noch eine Nachricht schicken).<\/p>\n<p style=\"text-align: center;\"><b>Die Textbeschr\u00e4nkungen lauten wie folgt:<\/b><\/p>\n<p style=\"text-align: center;\"><span style=\"color: var(--text-color); font-size: 14px;\">Name(n) bis zu 24 Zeichen<\/span><\/p>\n<p style=\"text-align: center;\"><span style=\"color: var(--text-color); font-size: 14px;\">Geburts- und Sterbedatum mit bis zu 24 Zeichen<\/span><\/p>\n<p style=\"text-align: center;\"><span style=\"color: var(--text-color); font-size: 14px;\">Dritte Zeile bis zu 24 Zeichen<\/span><\/p>\n<p style=\"text-align: center;\"><span style=\"font-size: 14px;\">Vierte Zeile bis zu 24 Zeichen<\/span><\/p>\n<p style=\"text-align: center;\"><span style=\"font-size: 14px;\">F\u00fcnfte Zeile mit bis zu 24 Zeichen<\/span><\/p>\n<div style=\"text-align: center;\"><\/div>\n<p style=\"text-align: center;\">\u2714\ufe0f Bitte <strong>\u00fcberpr\u00fcfen<\/strong> Sie den Gravurtext <strong>ZWEIFACH<\/strong>, bevor Sie das Produkt in Ihren Warenkorb legen. Wir kopieren und gravieren genau die Informationen, die wir mit der Bestellung erhalten, und nehmen unsererseits keine \u00c4nderungen vor.<\/p>\n<p style=\"text-align: center;\">\u2714\ufe0f \u00dcberpr\u00fcfen Sie den Text, um sicherzustellen, dass die Schreibweise korrekt ist.<\/p>\n<p style=\"text-align: center;\">\u2714\ufe0f Geben Sie <strong>KEINE<\/strong> Gravurinformationen ein, wenn Sie die Option &#8218;Urne ohne Plakette&#8216; kaufen.<\/p>\n<\/section>\n<\/div>\n<\/section>\n","protected":false},"excerpt":{"rendered":"<p>Diese k\u00fcnstlerische Urne ist eine einzigartige und w\u00fcrdevolle M\u00f6glichkeit, eines geliebten Kindes zu gedenken. Sie vereint feine Handwerkskunst mit einem bedeutungsvollen Design. Die Urne besteht&#8230;<\/p>\n","protected":false},"featured_media":24635,"template":"","meta":{"_acf_changed":false},"product_brand":[],"product_cat":[2334],"product_tag":[3348],"class_list":{"0":"post-24642","1":"product","2":"type-product","3":"status-publish","4":"has-post-thumbnail","6":"product_cat-kinderurnen","7":"product_tag-gpsr-metal_stonebase","8":"product_shipping_class-art-urns-kule-do20cm-de","10":"first","11":"instock","12":"taxable","13":"shipping-taxable","14":"purchasable","15":"product-type-simple"},"yoast_head":"<!-- This site is optimized with the Yoast SEO plugin v27.4 - https:\/\/yoast.com\/product\/yoast-seo-wordpress\/ -->\n<title>K\u00fcnstlerische Urne f\u00fcr Kinderasche - Remember Forever<\/title>\n<meta name=\"robots\" content=\"index, follow, max-snippet:-1, max-image-preview:large, max-video-preview:-1\" \/>\n<link rel=\"canonical\" href=\"https:\/\/www.rememberme-forever.com\/de\/produkt\/kuenstlerische-urne-fuer-kinderasche\/\" \/>\n<meta property=\"og:locale\" content=\"de_DE\" \/>\n<meta property=\"og:type\" content=\"article\" \/>\n<meta property=\"og:title\" content=\"K\u00fcnstlerische Urne f\u00fcr Kinderasche - Remember Forever\" \/>\n<meta property=\"og:description\" content=\"Diese k\u00fcnstlerische Urne ist eine einzigartige und w\u00fcrdevolle M\u00f6glichkeit, eines geliebten Kindes zu gedenken. Sie vereint feine Handwerkskunst mit einem bedeutungsvollen Design. Die Urne besteht...\" \/>\n<meta property=\"og:url\" content=\"https:\/\/www.rememberme-forever.com\/de\/produkt\/kuenstlerische-urne-fuer-kinderasche\/\" \/>\n<meta property=\"og:site_name\" content=\"Remember Forever\" \/>\n<meta property=\"article:modified_time\" content=\"2026-02-09T14:42:00+00:00\" \/>\n<meta property=\"og:image\" content=\"http:\/\/www.rememberme-forever.com\/wp-content\/uploads\/2026\/02\/Hand-Painted-Memorial-Urn-with-Stainless-Steel-Sphere-on-Marble-Base-\u2013-Front-View.jpg\" \/>\n\t<meta property=\"og:image:width\" content=\"1007\" \/>\n\t<meta property=\"og:image:height\" content=\"1024\" \/>\n\t<meta property=\"og:image:type\" content=\"image\/jpeg\" \/>\n<meta name=\"twitter:card\" content=\"summary_large_image\" \/>\n<meta name=\"twitter:label1\" content=\"Gesch\u00e4tzte Lesezeit\" \/>\n\t<meta name=\"twitter:data1\" content=\"2\u00a0Minute\" \/>\n<script type=\"application\/ld+json\" class=\"yoast-schema-graph\">{\"@context\":\"https:\\\/\\\/schema.org\",\"@graph\":[{\"@type\":\"WebPage\",\"@id\":\"https:\\\/\\\/www.rememberme-forever.com\\\/de\\\/produkt\\\/kuenstlerische-urne-fuer-kinderasche\\\/\",\"url\":\"https:\\\/\\\/www.rememberme-forever.com\\\/de\\\/produkt\\\/kuenstlerische-urne-fuer-kinderasche\\\/\",\"name\":\"K\u00fcnstlerische Urne f\u00fcr Kinderasche - Remember Forever\",\"isPartOf\":{\"@id\":\"https:\\\/\\\/www.rememberme-forever.com\\\/de\\\/#website\"},\"primaryImageOfPage\":{\"@id\":\"https:\\\/\\\/www.rememberme-forever.com\\\/de\\\/produkt\\\/kuenstlerische-urne-fuer-kinderasche\\\/#primaryimage\"},\"image\":{\"@id\":\"https:\\\/\\\/www.rememberme-forever.com\\\/de\\\/produkt\\\/kuenstlerische-urne-fuer-kinderasche\\\/#primaryimage\"},\"thumbnailUrl\":\"https:\\\/\\\/www.rememberme-forever.com\\\/wp-content\\\/uploads\\\/2026\\\/02\\\/Hand-Painted-Memorial-Urn-with-Stainless-Steel-Sphere-on-Marble-Base-\u2013-Front-View.jpg\",\"datePublished\":\"2026-02-09T13:37:58+00:00\",\"dateModified\":\"2026-02-09T14:42:00+00:00\",\"breadcrumb\":{\"@id\":\"https:\\\/\\\/www.rememberme-forever.com\\\/de\\\/produkt\\\/kuenstlerische-urne-fuer-kinderasche\\\/#breadcrumb\"},\"inLanguage\":\"de\",\"potentialAction\":[{\"@type\":\"ReadAction\",\"target\":[\"https:\\\/\\\/www.rememberme-forever.com\\\/de\\\/produkt\\\/kuenstlerische-urne-fuer-kinderasche\\\/\"]}]},{\"@type\":\"ImageObject\",\"inLanguage\":\"de\",\"@id\":\"https:\\\/\\\/www.rememberme-forever.com\\\/de\\\/produkt\\\/kuenstlerische-urne-fuer-kinderasche\\\/#primaryimage\",\"url\":\"https:\\\/\\\/www.rememberme-forever.com\\\/wp-content\\\/uploads\\\/2026\\\/02\\\/Hand-Painted-Memorial-Urn-with-Stainless-Steel-Sphere-on-Marble-Base-\u2013-Front-View.jpg\",\"contentUrl\":\"https:\\\/\\\/www.rememberme-forever.com\\\/wp-content\\\/uploads\\\/2026\\\/02\\\/Hand-Painted-Memorial-Urn-with-Stainless-Steel-Sphere-on-Marble-Base-\u2013-Front-View.jpg\",\"width\":1007,\"height\":1024,\"caption\":\"Handbemalte Edelstahlkugel auf wei\u00dfem Marmorsockel mit farbenfroher Landschaftsmalerei\"},{\"@type\":\"BreadcrumbList\",\"@id\":\"https:\\\/\\\/www.rememberme-forever.com\\\/de\\\/produkt\\\/kuenstlerische-urne-fuer-kinderasche\\\/#breadcrumb\",\"itemListElement\":[{\"@type\":\"ListItem\",\"position\":1,\"name\":\"Home\",\"item\":\"https:\\\/\\\/www.rememberme-forever.com\\\/de\\\/startseite\\\/\"},{\"@type\":\"ListItem\",\"position\":2,\"name\":\"Shop\",\"item\":\"https:\\\/\\\/www.rememberme-forever.com\\\/de\\\/shop\\\/\"},{\"@type\":\"ListItem\",\"position\":3,\"name\":\"K\u00fcnstlerische Urne f\u00fcr Kinderasche\"}]},{\"@type\":\"WebSite\",\"@id\":\"https:\\\/\\\/www.rememberme-forever.com\\\/de\\\/#website\",\"url\":\"https:\\\/\\\/www.rememberme-forever.com\\\/de\\\/\",\"name\":\"Remember Forever\",\"description\":\"Cremation urns, funeral urns, urns for ashes\",\"publisher\":{\"@id\":\"https:\\\/\\\/www.rememberme-forever.com\\\/de\\\/#organization\"},\"potentialAction\":[{\"@type\":\"SearchAction\",\"target\":{\"@type\":\"EntryPoint\",\"urlTemplate\":\"https:\\\/\\\/www.rememberme-forever.com\\\/de\\\/?s={search_term_string}\"},\"query-input\":{\"@type\":\"PropertyValueSpecification\",\"valueRequired\":true,\"valueName\":\"search_term_string\"}}],\"inLanguage\":\"de\"},{\"@type\":\"Organization\",\"@id\":\"https:\\\/\\\/www.rememberme-forever.com\\\/de\\\/#organization\",\"name\":\"Remember Forever\",\"url\":\"https:\\\/\\\/www.rememberme-forever.com\\\/de\\\/\",\"logo\":{\"@type\":\"ImageObject\",\"inLanguage\":\"de\",\"@id\":\"https:\\\/\\\/www.rememberme-forever.com\\\/de\\\/#\\\/schema\\\/logo\\\/image\\\/\",\"url\":\"https:\\\/\\\/www.rememberme-forever.com\\\/wp-content\\\/uploads\\\/2023\\\/02\\\/logo.png\",\"contentUrl\":\"https:\\\/\\\/www.rememberme-forever.com\\\/wp-content\\\/uploads\\\/2023\\\/02\\\/logo.png\",\"width\":300,\"height\":56,\"caption\":\"Remember Forever\"},\"image\":{\"@id\":\"https:\\\/\\\/www.rememberme-forever.com\\\/de\\\/#\\\/schema\\\/logo\\\/image\\\/\"}}]}<\/script>\n<!-- \/ Yoast SEO plugin. -->","yoast_head_json":{"title":"K\u00fcnstlerische Urne f\u00fcr Kinderasche - Remember Forever","robots":{"index":"index","follow":"follow","max-snippet":"max-snippet:-1","max-image-preview":"max-image-preview:large","max-video-preview":"max-video-preview:-1"},"canonical":"https:\/\/www.rememberme-forever.com\/de\/produkt\/kuenstlerische-urne-fuer-kinderasche\/","og_locale":"de_DE","og_type":"article","og_title":"K\u00fcnstlerische Urne f\u00fcr Kinderasche - Remember Forever","og_description":"Diese k\u00fcnstlerische Urne ist eine einzigartige und w\u00fcrdevolle M\u00f6glichkeit, eines geliebten Kindes zu gedenken. Sie vereint feine Handwerkskunst mit einem bedeutungsvollen Design. Die Urne besteht...","og_url":"https:\/\/www.rememberme-forever.com\/de\/produkt\/kuenstlerische-urne-fuer-kinderasche\/","og_site_name":"Remember Forever","article_modified_time":"2026-02-09T14:42:00+00:00","og_image":[{"width":1007,"height":1024,"url":"http:\/\/www.rememberme-forever.com\/wp-content\/uploads\/2026\/02\/Hand-Painted-Memorial-Urn-with-Stainless-Steel-Sphere-on-Marble-Base-\u2013-Front-View.jpg","type":"image\/jpeg"}],"twitter_card":"summary_large_image","twitter_misc":{"Gesch\u00e4tzte Lesezeit":"2\u00a0Minute"},"schema":{"@context":"https:\/\/schema.org","@graph":[{"@type":"WebPage","@id":"https:\/\/www.rememberme-forever.com\/de\/produkt\/kuenstlerische-urne-fuer-kinderasche\/","url":"https:\/\/www.rememberme-forever.com\/de\/produkt\/kuenstlerische-urne-fuer-kinderasche\/","name":"K\u00fcnstlerische Urne f\u00fcr Kinderasche - Remember Forever","isPartOf":{"@id":"https:\/\/www.rememberme-forever.com\/de\/#website"},"primaryImageOfPage":{"@id":"https:\/\/www.rememberme-forever.com\/de\/produkt\/kuenstlerische-urne-fuer-kinderasche\/#primaryimage"},"image":{"@id":"https:\/\/www.rememberme-forever.com\/de\/produkt\/kuenstlerische-urne-fuer-kinderasche\/#primaryimage"},"thumbnailUrl":"https:\/\/www.rememberme-forever.com\/wp-content\/uploads\/2026\/02\/Hand-Painted-Memorial-Urn-with-Stainless-Steel-Sphere-on-Marble-Base-\u2013-Front-View.jpg","datePublished":"2026-02-09T13:37:58+00:00","dateModified":"2026-02-09T14:42:00+00:00","breadcrumb":{"@id":"https:\/\/www.rememberme-forever.com\/de\/produkt\/kuenstlerische-urne-fuer-kinderasche\/#breadcrumb"},"inLanguage":"de","potentialAction":[{"@type":"ReadAction","target":["https:\/\/www.rememberme-forever.com\/de\/produkt\/kuenstlerische-urne-fuer-kinderasche\/"]}]},{"@type":"ImageObject","inLanguage":"de","@id":"https:\/\/www.rememberme-forever.com\/de\/produkt\/kuenstlerische-urne-fuer-kinderasche\/#primaryimage","url":"https:\/\/www.rememberme-forever.com\/wp-content\/uploads\/2026\/02\/Hand-Painted-Memorial-Urn-with-Stainless-Steel-Sphere-on-Marble-Base-\u2013-Front-View.jpg","contentUrl":"https:\/\/www.rememberme-forever.com\/wp-content\/uploads\/2026\/02\/Hand-Painted-Memorial-Urn-with-Stainless-Steel-Sphere-on-Marble-Base-\u2013-Front-View.jpg","width":1007,"height":1024,"caption":"Handbemalte Edelstahlkugel auf wei\u00dfem Marmorsockel mit farbenfroher Landschaftsmalerei"},{"@type":"BreadcrumbList","@id":"https:\/\/www.rememberme-forever.com\/de\/produkt\/kuenstlerische-urne-fuer-kinderasche\/#breadcrumb","itemListElement":[{"@type":"ListItem","position":1,"name":"Home","item":"https:\/\/www.rememberme-forever.com\/de\/startseite\/"},{"@type":"ListItem","position":2,"name":"Shop","item":"https:\/\/www.rememberme-forever.com\/de\/shop\/"},{"@type":"ListItem","position":3,"name":"K\u00fcnstlerische Urne f\u00fcr Kinderasche"}]},{"@type":"WebSite","@id":"https:\/\/www.rememberme-forever.com\/de\/#website","url":"https:\/\/www.rememberme-forever.com\/de\/","name":"Remember Forever","description":"Cremation urns, funeral urns, urns for ashes","publisher":{"@id":"https:\/\/www.rememberme-forever.com\/de\/#organization"},"potentialAction":[{"@type":"SearchAction","target":{"@type":"EntryPoint","urlTemplate":"https:\/\/www.rememberme-forever.com\/de\/?s={search_term_string}"},"query-input":{"@type":"PropertyValueSpecification","valueRequired":true,"valueName":"search_term_string"}}],"inLanguage":"de"},{"@type":"Organization","@id":"https:\/\/www.rememberme-forever.com\/de\/#organization","name":"Remember Forever","url":"https:\/\/www.rememberme-forever.com\/de\/","logo":{"@type":"ImageObject","inLanguage":"de","@id":"https:\/\/www.rememberme-forever.com\/de\/#\/schema\/logo\/image\/","url":"https:\/\/www.rememberme-forever.com\/wp-content\/uploads\/2023\/02\/logo.png","contentUrl":"https:\/\/www.rememberme-forever.com\/wp-content\/uploads\/2023\/02\/logo.png","width":300,"height":56,"caption":"Remember Forever"},"image":{"@id":"https:\/\/www.rememberme-forever.com\/de\/#\/schema\/logo\/image\/"}}]}},"acf":[],"_links":{"self":[{"href":"https:\/\/www.rememberme-forever.com\/de\/wp-json\/wp\/v2\/product\/24642","targetHints":{"allow":["GET"]}}],"collection":[{"href":"https:\/\/www.rememberme-forever.com\/de\/wp-json\/wp\/v2\/product"}],"about":[{"href":"https:\/\/www.rememberme-forever.com\/de\/wp-json\/wp\/v2\/types\/product"}],"wp:featuredmedia":[{"embeddable":true,"href":"https:\/\/www.rememberme-forever.com\/de\/wp-json\/wp\/v2\/media\/24635"}],"wp:attachment":[{"href":"https:\/\/www.rememberme-forever.com\/de\/wp-json\/wp\/v2\/media?parent=24642"}],"wp:term":[{"taxonomy":"product_brand","embeddable":true,"href":"https:\/\/www.rememberme-forever.com\/de\/wp-json\/wp\/v2\/product_brand?post=24642"},{"taxonomy":"product_cat","embeddable":true,"href":"https:\/\/www.rememberme-forever.com\/de\/wp-json\/wp\/v2\/product_cat?post=24642"},{"taxonomy":"product_tag","embeddable":true,"href":"https:\/\/www.rememberme-forever.com\/de\/wp-json\/wp\/v2\/product_tag?post=24642"}],"curies":[{"name":"wp","href":"https:\/\/api.w.org\/{rel}","templated":true}]}}