{"id":24810,"date":"2026-02-11T13:03:57","date_gmt":"2026-02-11T12:03:57","guid":{"rendered":"https:\/\/www.rememberme-forever.com\/product\/holzurne-mit-graviertem-elefantenmotiv\/"},"modified":"2026-02-12T11:21:55","modified_gmt":"2026-02-12T10:21:55","slug":"holzurne-mit-graviertem-elefantenmotiv","status":"publish","type":"product","link":"https:\/\/www.rememberme-forever.com\/de\/produkt\/holzurne-mit-graviertem-elefantenmotiv\/","title":{"rendered":"Holzurne mit graviertem Elefantenmotiv"},"content":{"rendered":"<p class=\"MsoNormal\" style=\"text-align: center;\"><span style=\"font-size: 11.0pt; line-height: 107%;\">Eine elegante Urne in Form einer modernen Schachtel mit sanft gerundeten Kanten. Die Vorderseite ziert eine pr\u00e4zise Elefantengravur \u2013 ein Symbol f\u00fcr Erinnerung, St\u00e4rke und Treue. In manchen Kulturen gilt ein Elefant mit erhobenem R\u00fcssel als Gl\u00fccksbringer. \u00dcber der Gravur kann eine personalisierte Gedenktafel mit Namen, Daten und einer kurzen Widmung angebracht werden. Die Urne l\u00e4sst sich von unten \u00f6ffnen und erm\u00f6glicht so einen diskreten und sicheren Zugang zum Inneren, ohne die \u00c4sthetik der Vorderseite zu beeintr\u00e4chtigen. <\/span><\/p>\n<div style=\"width: 100%; margin-bottom: 40px; height: max-content; padding-bottom: 60%; position: relative;\"><iframe style=\"position: absolute; top: 0; left: 0; width: 100%; height: 100%;\" src=\"https:\/\/rememberme-urns.com\/woden-urn-with-a-elephant\/\" frameborder=\"0\"><\/iframe><\/div>\n<div style=\"color: red; text-align: center; margin-bottom: 25px;\">\n<p>&gt;&gt; Drehendes Foto \u2013 Tippen\/Zoomen &lt;&lt;<\/p>\n<\/div>\n<p style=\"text-align: center;\"><strong>\u25ba PERSONALISIERUNG \u25c4<\/strong><\/p>\n<p style=\"text-align: center;\">\u2714\ufe0f Wenn Sie sich f\u00fcr eine personalisierte Plakette entscheiden, geben Sie den Text an der entsprechenden Stelle ein oder schicken Sie uns eine Nachricht.<\/p>\n<p style=\"text-align: center;\">\u2714\ufe0f Die personalisierte Gedenktafel muss w\u00e4hrend des Bestellvorgangs angepasst werden. (Keine Sorge, wenn Sie es vergessen, Sie k\u00f6nnen uns sp\u00e4ter immer noch eine Nachricht schicken).<\/p>\n<p style=\"text-align: center;\"><b>Die Textbeschr\u00e4nkungen lauten wie folgt:<\/b><\/p>\n<p style=\"text-align: center;\"><span style=\"color: var(--text-color); font-size: 14px;\">Name(n) bis zu 35 Zeichen<\/span><\/p>\n<p style=\"text-align: center;\"><span style=\"color: var(--text-color); font-size: 14px;\">Geburts- und Sterbedatum bis zu 35 Zeichen<\/span><\/p>\n<p style=\"text-align: center;\"><span style=\"color: var(--text-color); font-size: 14px;\">Dritte Zeile bis zu 35 Zeichen<\/span><\/p>\n<div style=\"text-align: center;\"><\/div>\n<p style=\"text-align: center;\">\u2714\ufe0f Bitte <strong>\u00fcberpr\u00fcfen<\/strong> Sie den Gravurtext <strong>ZWEIFACH<\/strong>, bevor Sie das Produkt in Ihren Warenkorb legen. Wir kopieren und gravieren genau die Informationen, die wir mit der Bestellung erhalten, und nehmen unsererseits keine \u00c4nderungen vor.<\/p>\n<p style=\"text-align: center;\">\u2714\ufe0f \u00dcberpr\u00fcfen Sie den Text, um sicherzustellen, dass die Schreibweise korrekt ist.<\/p>\n<p style=\"text-align: center;\">\u2714\ufe0f Geben Sie <strong>KEINE<\/strong> Gravurinformationen ein, wenn Sie die Option &#8218;Urne ohne Plakette&#8216; kaufen.<\/p>\n","protected":false},"excerpt":{"rendered":"<p>Eine elegante Urne in Form einer modernen Schachtel mit sanft gerundeten Kanten. Die Vorderseite ziert eine pr\u00e4zise Elefantengravur \u2013 ein Symbol f\u00fcr Erinnerung, St\u00e4rke und&#8230;<\/p>\n","protected":false},"featured_media":24806,"template":"","meta":{"_acf_changed":false},"product_brand":[],"product_cat":[2354,2344],"product_tag":[3388,3305,3387],"class_list":{"0":"post-24810","1":"product","2":"type-product","3":"status-publish","4":"has-post-thumbnail","6":"product_cat-mit-tieren","7":"product_cat-motivurnen","8":"product_tag-emag","9":"product_tag-gpsr-all-wood-urns","10":"product_tag-hurt","11":"product_shipping_class-2-4kg","13":"first","14":"instock","15":"taxable","16":"shipping-taxable","17":"purchasable","18":"product-type-simple"},"yoast_head":"<!-- This site is optimized with the Yoast SEO plugin v27.4 - https:\/\/yoast.com\/product\/yoast-seo-wordpress\/ -->\n<title>Holzurne mit graviertem Elefantenmotiv - Remember Forever<\/title>\n<meta name=\"robots\" content=\"index, follow, max-snippet:-1, max-image-preview:large, max-video-preview:-1\" \/>\n<link rel=\"canonical\" href=\"https:\/\/www.rememberme-forever.com\/de\/produkt\/holzurne-mit-graviertem-elefantenmotiv\/\" \/>\n<meta property=\"og:locale\" content=\"de_DE\" \/>\n<meta property=\"og:type\" content=\"article\" \/>\n<meta property=\"og:title\" content=\"Holzurne mit graviertem Elefantenmotiv - Remember Forever\" \/>\n<meta property=\"og:description\" content=\"Eine elegante Urne in Form einer modernen Schachtel mit sanft gerundeten Kanten. Die Vorderseite ziert eine pr\u00e4zise Elefantengravur \u2013 ein Symbol f\u00fcr Erinnerung, St\u00e4rke und...\" \/>\n<meta property=\"og:url\" content=\"https:\/\/www.rememberme-forever.com\/de\/produkt\/holzurne-mit-graviertem-elefantenmotiv\/\" \/>\n<meta property=\"og:site_name\" content=\"Remember Forever\" \/>\n<meta property=\"article:modified_time\" content=\"2026-02-12T10:21:55+00:00\" \/>\n<meta property=\"og:image\" content=\"http:\/\/www.rememberme-forever.com\/wp-content\/uploads\/2026\/02\/urn-with-an-elephant_0001.jpg\" \/>\n\t<meta property=\"og:image:width\" content=\"1007\" \/>\n\t<meta property=\"og:image:height\" content=\"1024\" \/>\n\t<meta property=\"og:image:type\" content=\"image\/jpeg\" \/>\n<meta name=\"twitter:card\" content=\"summary_large_image\" \/>\n<meta name=\"twitter:label1\" content=\"Gesch\u00e4tzte Lesezeit\" \/>\n\t<meta name=\"twitter:data1\" content=\"2\u00a0Minute\" \/>\n<script type=\"application\/ld+json\" class=\"yoast-schema-graph\">{\"@context\":\"https:\\\/\\\/schema.org\",\"@graph\":[{\"@type\":\"WebPage\",\"@id\":\"https:\\\/\\\/www.rememberme-forever.com\\\/de\\\/produkt\\\/holzurne-mit-graviertem-elefantenmotiv\\\/\",\"url\":\"https:\\\/\\\/www.rememberme-forever.com\\\/de\\\/produkt\\\/holzurne-mit-graviertem-elefantenmotiv\\\/\",\"name\":\"Holzurne mit graviertem Elefantenmotiv - Remember Forever\",\"isPartOf\":{\"@id\":\"https:\\\/\\\/www.rememberme-forever.com\\\/de\\\/#website\"},\"primaryImageOfPage\":{\"@id\":\"https:\\\/\\\/www.rememberme-forever.com\\\/de\\\/produkt\\\/holzurne-mit-graviertem-elefantenmotiv\\\/#primaryimage\"},\"image\":{\"@id\":\"https:\\\/\\\/www.rememberme-forever.com\\\/de\\\/produkt\\\/holzurne-mit-graviertem-elefantenmotiv\\\/#primaryimage\"},\"thumbnailUrl\":\"https:\\\/\\\/www.rememberme-forever.com\\\/wp-content\\\/uploads\\\/2026\\\/02\\\/urn-with-an-elephant_0001.jpg\",\"datePublished\":\"2026-02-11T12:03:57+00:00\",\"dateModified\":\"2026-02-12T10:21:55+00:00\",\"breadcrumb\":{\"@id\":\"https:\\\/\\\/www.rememberme-forever.com\\\/de\\\/produkt\\\/holzurne-mit-graviertem-elefantenmotiv\\\/#breadcrumb\"},\"inLanguage\":\"de\",\"potentialAction\":[{\"@type\":\"ReadAction\",\"target\":[\"https:\\\/\\\/www.rememberme-forever.com\\\/de\\\/produkt\\\/holzurne-mit-graviertem-elefantenmotiv\\\/\"]}]},{\"@type\":\"ImageObject\",\"inLanguage\":\"de\",\"@id\":\"https:\\\/\\\/www.rememberme-forever.com\\\/de\\\/produkt\\\/holzurne-mit-graviertem-elefantenmotiv\\\/#primaryimage\",\"url\":\"https:\\\/\\\/www.rememberme-forever.com\\\/wp-content\\\/uploads\\\/2026\\\/02\\\/urn-with-an-elephant_0001.jpg\",\"contentUrl\":\"https:\\\/\\\/www.rememberme-forever.com\\\/wp-content\\\/uploads\\\/2026\\\/02\\\/urn-with-an-elephant_0001.jpg\",\"width\":1007,\"height\":1024,\"caption\":\"Vorderseite der Urne: Elefantengravur mit Beispiel-Gedenktafel.\"},{\"@type\":\"BreadcrumbList\",\"@id\":\"https:\\\/\\\/www.rememberme-forever.com\\\/de\\\/produkt\\\/holzurne-mit-graviertem-elefantenmotiv\\\/#breadcrumb\",\"itemListElement\":[{\"@type\":\"ListItem\",\"position\":1,\"name\":\"Home\",\"item\":\"https:\\\/\\\/www.rememberme-forever.com\\\/de\\\/startseite\\\/\"},{\"@type\":\"ListItem\",\"position\":2,\"name\":\"Shop\",\"item\":\"https:\\\/\\\/www.rememberme-forever.com\\\/de\\\/shop\\\/\"},{\"@type\":\"ListItem\",\"position\":3,\"name\":\"Holzurne mit graviertem Elefantenmotiv\"}]},{\"@type\":\"WebSite\",\"@id\":\"https:\\\/\\\/www.rememberme-forever.com\\\/de\\\/#website\",\"url\":\"https:\\\/\\\/www.rememberme-forever.com\\\/de\\\/\",\"name\":\"Remember Forever\",\"description\":\"Cremation urns, funeral urns, urns for ashes\",\"publisher\":{\"@id\":\"https:\\\/\\\/www.rememberme-forever.com\\\/de\\\/#organization\"},\"potentialAction\":[{\"@type\":\"SearchAction\",\"target\":{\"@type\":\"EntryPoint\",\"urlTemplate\":\"https:\\\/\\\/www.rememberme-forever.com\\\/de\\\/?s={search_term_string}\"},\"query-input\":{\"@type\":\"PropertyValueSpecification\",\"valueRequired\":true,\"valueName\":\"search_term_string\"}}],\"inLanguage\":\"de\"},{\"@type\":\"Organization\",\"@id\":\"https:\\\/\\\/www.rememberme-forever.com\\\/de\\\/#organization\",\"name\":\"Remember Forever\",\"url\":\"https:\\\/\\\/www.rememberme-forever.com\\\/de\\\/\",\"logo\":{\"@type\":\"ImageObject\",\"inLanguage\":\"de\",\"@id\":\"https:\\\/\\\/www.rememberme-forever.com\\\/de\\\/#\\\/schema\\\/logo\\\/image\\\/\",\"url\":\"https:\\\/\\\/www.rememberme-forever.com\\\/wp-content\\\/uploads\\\/2023\\\/02\\\/logo.png\",\"contentUrl\":\"https:\\\/\\\/www.rememberme-forever.com\\\/wp-content\\\/uploads\\\/2023\\\/02\\\/logo.png\",\"width\":300,\"height\":56,\"caption\":\"Remember Forever\"},\"image\":{\"@id\":\"https:\\\/\\\/www.rememberme-forever.com\\\/de\\\/#\\\/schema\\\/logo\\\/image\\\/\"}}]}<\/script>\n<!-- \/ Yoast SEO plugin. -->","yoast_head_json":{"title":"Holzurne mit graviertem Elefantenmotiv - Remember Forever","robots":{"index":"index","follow":"follow","max-snippet":"max-snippet:-1","max-image-preview":"max-image-preview:large","max-video-preview":"max-video-preview:-1"},"canonical":"https:\/\/www.rememberme-forever.com\/de\/produkt\/holzurne-mit-graviertem-elefantenmotiv\/","og_locale":"de_DE","og_type":"article","og_title":"Holzurne mit graviertem Elefantenmotiv - Remember Forever","og_description":"Eine elegante Urne in Form einer modernen Schachtel mit sanft gerundeten Kanten. Die Vorderseite ziert eine pr\u00e4zise Elefantengravur \u2013 ein Symbol f\u00fcr Erinnerung, St\u00e4rke und...","og_url":"https:\/\/www.rememberme-forever.com\/de\/produkt\/holzurne-mit-graviertem-elefantenmotiv\/","og_site_name":"Remember Forever","article_modified_time":"2026-02-12T10:21:55+00:00","og_image":[{"width":1007,"height":1024,"url":"http:\/\/www.rememberme-forever.com\/wp-content\/uploads\/2026\/02\/urn-with-an-elephant_0001.jpg","type":"image\/jpeg"}],"twitter_card":"summary_large_image","twitter_misc":{"Gesch\u00e4tzte Lesezeit":"2\u00a0Minute"},"schema":{"@context":"https:\/\/schema.org","@graph":[{"@type":"WebPage","@id":"https:\/\/www.rememberme-forever.com\/de\/produkt\/holzurne-mit-graviertem-elefantenmotiv\/","url":"https:\/\/www.rememberme-forever.com\/de\/produkt\/holzurne-mit-graviertem-elefantenmotiv\/","name":"Holzurne mit graviertem Elefantenmotiv - Remember Forever","isPartOf":{"@id":"https:\/\/www.rememberme-forever.com\/de\/#website"},"primaryImageOfPage":{"@id":"https:\/\/www.rememberme-forever.com\/de\/produkt\/holzurne-mit-graviertem-elefantenmotiv\/#primaryimage"},"image":{"@id":"https:\/\/www.rememberme-forever.com\/de\/produkt\/holzurne-mit-graviertem-elefantenmotiv\/#primaryimage"},"thumbnailUrl":"https:\/\/www.rememberme-forever.com\/wp-content\/uploads\/2026\/02\/urn-with-an-elephant_0001.jpg","datePublished":"2026-02-11T12:03:57+00:00","dateModified":"2026-02-12T10:21:55+00:00","breadcrumb":{"@id":"https:\/\/www.rememberme-forever.com\/de\/produkt\/holzurne-mit-graviertem-elefantenmotiv\/#breadcrumb"},"inLanguage":"de","potentialAction":[{"@type":"ReadAction","target":["https:\/\/www.rememberme-forever.com\/de\/produkt\/holzurne-mit-graviertem-elefantenmotiv\/"]}]},{"@type":"ImageObject","inLanguage":"de","@id":"https:\/\/www.rememberme-forever.com\/de\/produkt\/holzurne-mit-graviertem-elefantenmotiv\/#primaryimage","url":"https:\/\/www.rememberme-forever.com\/wp-content\/uploads\/2026\/02\/urn-with-an-elephant_0001.jpg","contentUrl":"https:\/\/www.rememberme-forever.com\/wp-content\/uploads\/2026\/02\/urn-with-an-elephant_0001.jpg","width":1007,"height":1024,"caption":"Vorderseite der Urne: Elefantengravur mit Beispiel-Gedenktafel."},{"@type":"BreadcrumbList","@id":"https:\/\/www.rememberme-forever.com\/de\/produkt\/holzurne-mit-graviertem-elefantenmotiv\/#breadcrumb","itemListElement":[{"@type":"ListItem","position":1,"name":"Home","item":"https:\/\/www.rememberme-forever.com\/de\/startseite\/"},{"@type":"ListItem","position":2,"name":"Shop","item":"https:\/\/www.rememberme-forever.com\/de\/shop\/"},{"@type":"ListItem","position":3,"name":"Holzurne mit graviertem Elefantenmotiv"}]},{"@type":"WebSite","@id":"https:\/\/www.rememberme-forever.com\/de\/#website","url":"https:\/\/www.rememberme-forever.com\/de\/","name":"Remember Forever","description":"Cremation urns, funeral urns, urns for ashes","publisher":{"@id":"https:\/\/www.rememberme-forever.com\/de\/#organization"},"potentialAction":[{"@type":"SearchAction","target":{"@type":"EntryPoint","urlTemplate":"https:\/\/www.rememberme-forever.com\/de\/?s={search_term_string}"},"query-input":{"@type":"PropertyValueSpecification","valueRequired":true,"valueName":"search_term_string"}}],"inLanguage":"de"},{"@type":"Organization","@id":"https:\/\/www.rememberme-forever.com\/de\/#organization","name":"Remember Forever","url":"https:\/\/www.rememberme-forever.com\/de\/","logo":{"@type":"ImageObject","inLanguage":"de","@id":"https:\/\/www.rememberme-forever.com\/de\/#\/schema\/logo\/image\/","url":"https:\/\/www.rememberme-forever.com\/wp-content\/uploads\/2023\/02\/logo.png","contentUrl":"https:\/\/www.rememberme-forever.com\/wp-content\/uploads\/2023\/02\/logo.png","width":300,"height":56,"caption":"Remember Forever"},"image":{"@id":"https:\/\/www.rememberme-forever.com\/de\/#\/schema\/logo\/image\/"}}]}},"acf":[],"_links":{"self":[{"href":"https:\/\/www.rememberme-forever.com\/de\/wp-json\/wp\/v2\/product\/24810","targetHints":{"allow":["GET"]}}],"collection":[{"href":"https:\/\/www.rememberme-forever.com\/de\/wp-json\/wp\/v2\/product"}],"about":[{"href":"https:\/\/www.rememberme-forever.com\/de\/wp-json\/wp\/v2\/types\/product"}],"wp:featuredmedia":[{"embeddable":true,"href":"https:\/\/www.rememberme-forever.com\/de\/wp-json\/wp\/v2\/media\/24806"}],"wp:attachment":[{"href":"https:\/\/www.rememberme-forever.com\/de\/wp-json\/wp\/v2\/media?parent=24810"}],"wp:term":[{"taxonomy":"product_brand","embeddable":true,"href":"https:\/\/www.rememberme-forever.com\/de\/wp-json\/wp\/v2\/product_brand?post=24810"},{"taxonomy":"product_cat","embeddable":true,"href":"https:\/\/www.rememberme-forever.com\/de\/wp-json\/wp\/v2\/product_cat?post=24810"},{"taxonomy":"product_tag","embeddable":true,"href":"https:\/\/www.rememberme-forever.com\/de\/wp-json\/wp\/v2\/product_tag?post=24810"}],"curies":[{"name":"wp","href":"https:\/\/api.w.org\/{rel}","templated":true}]}}