{"id":24922,"date":"2026-02-11T13:04:32","date_gmt":"2026-02-11T12:04:32","guid":{"rendered":"https:\/\/www.rememberme-forever.com\/product\/thematische-urne-mit-graviertem-segelboot\/"},"modified":"2026-02-19T08:29:44","modified_gmt":"2026-02-19T07:29:44","slug":"thematische-urne-mit-graviertem-segelboot","status":"publish","type":"product","link":"https:\/\/www.rememberme-forever.com\/de\/produkt\/thematische-urne-mit-graviertem-segelboot\/","title":{"rendered":"Thematische Urne mit graviertem Segelboot"},"content":{"rendered":"<div style=\"text-align: center;\">\n<p data-start=\"255\" data-end=\"492\"><strong data-start=\"255\" data-end=\"308\">Diese thematische Urne mit graviertem Segelboot<\/strong> ist ein einzigartiges Symbol f\u00fcr Frieden, Freiheit und die Reise durch das Leben. Ideal f\u00fcr Liebhaber des Meeres, des Segelns und von Momenten auf dem Wasser \u2013 sie f\u00e4ngt den Geist einer Person ein, die Wind, Wellen und Weite liebte.<\/p>\n<p data-start=\"494\" data-end=\"814\">Die Urne ist aus hochwertigem Holz mit einem tiefen Mahagonifarbton gefertigt. Ihre moderne Form mit leicht abgerundeten Kanten vereint Eleganz und Formharmonie. Die Vorderseite zeigt eine pr\u00e4zise Gravur, die ein Segelboot auf dem Weg zum Sonnenuntergang darstellt \u2013 ein Symbol f\u00fcr die letzte Reise, Frieden und Ewigkeit.<\/p>\n<p data-start=\"816\" data-end=\"1030\">Auf der Oberseite der Urne befindet sich eine optionale Personalisierungsplatte (Name, Daten, Widmung). Das Gesamtdesign strahlt Ruhe und Sch\u00f6nheit aus \u2013 die perfekte Hommage an eine Person, die mit dem Meer, dem Wasser oder dem Segeln verbunden war.<\/p>\n<\/div>\n<div style=\"width: 100%; margin-bottom: 40px; height: max-content; padding-bottom: 60%; position: relative;\"><iframe style=\"position: absolute; top: 0; left: 0; width: 100%; height: 100%;\" src=\"https:\/\/rememberme-urns.com\/sailboard-urn\/\" frameborder=\"0\"><\/iframe><\/div>\n<div style=\"color: red; text-align: center; margin-bottom: 25px;\">\n<p>&gt;&gt; Drehendes Foto \u2013 Tippen\/Zoomen &lt;&lt;<\/p>\n<\/div>\n<p style=\"text-align: center;\"><strong>\u25ba PERSONALISIERUNG \u25c4<\/strong><\/p>\n<p style=\"text-align: center;\">\u2714\ufe0f Wenn Sie sich f\u00fcr eine personalisierte Plakette entscheiden, geben Sie den Text an der entsprechenden Stelle ein oder schicken Sie uns eine Nachricht.<\/p>\n<p style=\"text-align: center;\">\u2714\ufe0f Die personalisierte Gedenktafel muss w\u00e4hrend des Bestellvorgangs angepasst werden. (Keine Sorge, wenn Sie es vergessen, Sie k\u00f6nnen uns sp\u00e4ter immer noch eine Nachricht schicken).<\/p>\n<p style=\"text-align: center;\"><b>Die Textbeschr\u00e4nkungen lauten wie folgt:<\/b><\/p>\n<p style=\"text-align: center;\"><span style=\"color: var(--text-color); font-size: 14px;\">Name(n) bis zu 35 Zeichen<\/span><\/p>\n<p style=\"text-align: center;\"><span style=\"color: var(--text-color); font-size: 14px;\">Geburts- und Sterbedatum bis zu 35 Zeichen<\/span><\/p>\n<p style=\"text-align: center;\"><span style=\"color: var(--text-color); font-size: 14px;\">Dritte Zeile bis zu 35 Zeichen<\/span><\/p>\n<div style=\"text-align: center;\"><\/div>\n<p style=\"text-align: center;\">\u2714\ufe0f Bitte <strong>\u00fcberpr\u00fcfen<\/strong> Sie den Gravurtext <strong>ZWEIFACH<\/strong>, bevor Sie das Produkt in Ihren Warenkorb legen. Wir kopieren und gravieren genau die Informationen, die wir mit der Bestellung erhalten, und nehmen unsererseits keine \u00c4nderungen vor.<\/p>\n<p style=\"text-align: center;\">\u2714\ufe0f \u00dcberpr\u00fcfen Sie den Text, um sicherzustellen, dass die Schreibweise korrekt ist.<\/p>\n<p style=\"text-align: center;\">\u2714\ufe0f Geben Sie <strong>KEINE<\/strong> Gravurinformationen ein, wenn Sie die Option &#8218;Urne ohne Plakette&#8216; kaufen.<\/p>\n","protected":false},"excerpt":{"rendered":"<p>Diese thematische Urne mit graviertem Segelboot ist ein einzigartiges Symbol f\u00fcr Frieden, Freiheit und die Reise durch das Leben. Ideal f\u00fcr Liebhaber des Meeres, des&#8230;<\/p>\n","protected":false},"featured_media":24919,"template":"","meta":{"_acf_changed":false},"product_brand":[],"product_cat":[2344,2353],"product_tag":[3388,3305,3387],"class_list":{"0":"post-24922","1":"product","2":"type-product","3":"status-publish","4":"has-post-thumbnail","6":"product_cat-motivurnen","7":"product_cat-seeurnen","8":"product_tag-emag","9":"product_tag-gpsr-all-wood-urns","10":"product_tag-hurt","11":"product_shipping_class-2-4kg","13":"first","14":"instock","15":"taxable","16":"shipping-taxable","17":"purchasable","18":"product-type-simple"},"yoast_head":"<!-- This site is optimized with the Yoast SEO plugin v27.4 - https:\/\/yoast.com\/product\/yoast-seo-wordpress\/ -->\n<title>Thematische Urne mit graviertem Segelboot - Remember Forever<\/title>\n<meta name=\"description\" content=\"Diese thematische Urne mit graviertem Segelboot ist ein einzigartiges Symbol f\u00fcr Frieden, Freiheit und die Reise durch das Leben. Ideal f\u00fcr Meeresliebhaber.\" \/>\n<meta name=\"robots\" content=\"index, follow, max-snippet:-1, max-image-preview:large, max-video-preview:-1\" \/>\n<link rel=\"canonical\" href=\"https:\/\/www.rememberme-forever.com\/de\/produkt\/thematische-urne-mit-graviertem-segelboot\/\" \/>\n<meta property=\"og:locale\" content=\"de_DE\" \/>\n<meta property=\"og:type\" content=\"article\" \/>\n<meta property=\"og:title\" content=\"Thematische Urne mit graviertem Segelboot - Remember Forever\" \/>\n<meta property=\"og:description\" content=\"Diese thematische Urne mit graviertem Segelboot ist ein einzigartiges Symbol f\u00fcr Frieden, Freiheit und die Reise durch das Leben. Ideal f\u00fcr Meeresliebhaber.\" \/>\n<meta property=\"og:url\" content=\"https:\/\/www.rememberme-forever.com\/de\/produkt\/thematische-urne-mit-graviertem-segelboot\/\" \/>\n<meta property=\"og:site_name\" content=\"Remember Forever\" \/>\n<meta property=\"article:modified_time\" content=\"2026-02-19T07:29:44+00:00\" \/>\n<meta property=\"og:image\" content=\"http:\/\/www.rememberme-forever.com\/wp-content\/uploads\/2026\/02\/urn-with-a-sailboard_0001.jpg\" \/>\n\t<meta property=\"og:image:width\" content=\"1007\" \/>\n\t<meta property=\"og:image:height\" content=\"1024\" \/>\n\t<meta property=\"og:image:type\" content=\"image\/jpeg\" \/>\n<meta name=\"twitter:card\" content=\"summary_large_image\" \/>\n<meta name=\"twitter:label1\" content=\"Gesch\u00e4tzte Lesezeit\" \/>\n\t<meta name=\"twitter:data1\" content=\"2\u00a0Minute\" \/>\n<script type=\"application\/ld+json\" class=\"yoast-schema-graph\">{\"@context\":\"https:\\\/\\\/schema.org\",\"@graph\":[{\"@type\":\"WebPage\",\"@id\":\"https:\\\/\\\/www.rememberme-forever.com\\\/de\\\/produkt\\\/thematische-urne-mit-graviertem-segelboot\\\/\",\"url\":\"https:\\\/\\\/www.rememberme-forever.com\\\/de\\\/produkt\\\/thematische-urne-mit-graviertem-segelboot\\\/\",\"name\":\"Thematische Urne mit graviertem Segelboot - Remember Forever\",\"isPartOf\":{\"@id\":\"https:\\\/\\\/www.rememberme-forever.com\\\/de\\\/#website\"},\"primaryImageOfPage\":{\"@id\":\"https:\\\/\\\/www.rememberme-forever.com\\\/de\\\/produkt\\\/thematische-urne-mit-graviertem-segelboot\\\/#primaryimage\"},\"image\":{\"@id\":\"https:\\\/\\\/www.rememberme-forever.com\\\/de\\\/produkt\\\/thematische-urne-mit-graviertem-segelboot\\\/#primaryimage\"},\"thumbnailUrl\":\"https:\\\/\\\/www.rememberme-forever.com\\\/wp-content\\\/uploads\\\/2026\\\/02\\\/urn-with-a-sailboard_0001.jpg\",\"datePublished\":\"2026-02-11T12:04:32+00:00\",\"dateModified\":\"2026-02-19T07:29:44+00:00\",\"description\":\"Diese thematische Urne mit graviertem Segelboot ist ein einzigartiges Symbol f\u00fcr Frieden, Freiheit und die Reise durch das Leben. Ideal f\u00fcr Meeresliebhaber.\",\"breadcrumb\":{\"@id\":\"https:\\\/\\\/www.rememberme-forever.com\\\/de\\\/produkt\\\/thematische-urne-mit-graviertem-segelboot\\\/#breadcrumb\"},\"inLanguage\":\"de\",\"potentialAction\":[{\"@type\":\"ReadAction\",\"target\":[\"https:\\\/\\\/www.rememberme-forever.com\\\/de\\\/produkt\\\/thematische-urne-mit-graviertem-segelboot\\\/\"]}]},{\"@type\":\"ImageObject\",\"inLanguage\":\"de\",\"@id\":\"https:\\\/\\\/www.rememberme-forever.com\\\/de\\\/produkt\\\/thematische-urne-mit-graviertem-segelboot\\\/#primaryimage\",\"url\":\"https:\\\/\\\/www.rememberme-forever.com\\\/wp-content\\\/uploads\\\/2026\\\/02\\\/urn-with-a-sailboard_0001.jpg\",\"contentUrl\":\"https:\\\/\\\/www.rememberme-forever.com\\\/wp-content\\\/uploads\\\/2026\\\/02\\\/urn-with-a-sailboard_0001.jpg\",\"width\":1007,\"height\":1024,\"caption\":\"H\u00f6lzerne Urne mit graviertem Segelboot und Gedenkplatte, Vorderansicht.\"},{\"@type\":\"BreadcrumbList\",\"@id\":\"https:\\\/\\\/www.rememberme-forever.com\\\/de\\\/produkt\\\/thematische-urne-mit-graviertem-segelboot\\\/#breadcrumb\",\"itemListElement\":[{\"@type\":\"ListItem\",\"position\":1,\"name\":\"Home\",\"item\":\"https:\\\/\\\/www.rememberme-forever.com\\\/de\\\/startseite\\\/\"},{\"@type\":\"ListItem\",\"position\":2,\"name\":\"Shop\",\"item\":\"https:\\\/\\\/www.rememberme-forever.com\\\/de\\\/shop\\\/\"},{\"@type\":\"ListItem\",\"position\":3,\"name\":\"Thematische Urne mit graviertem Segelboot\"}]},{\"@type\":\"WebSite\",\"@id\":\"https:\\\/\\\/www.rememberme-forever.com\\\/de\\\/#website\",\"url\":\"https:\\\/\\\/www.rememberme-forever.com\\\/de\\\/\",\"name\":\"Remember Forever\",\"description\":\"Cremation urns, funeral urns, urns for ashes\",\"publisher\":{\"@id\":\"https:\\\/\\\/www.rememberme-forever.com\\\/de\\\/#organization\"},\"potentialAction\":[{\"@type\":\"SearchAction\",\"target\":{\"@type\":\"EntryPoint\",\"urlTemplate\":\"https:\\\/\\\/www.rememberme-forever.com\\\/de\\\/?s={search_term_string}\"},\"query-input\":{\"@type\":\"PropertyValueSpecification\",\"valueRequired\":true,\"valueName\":\"search_term_string\"}}],\"inLanguage\":\"de\"},{\"@type\":\"Organization\",\"@id\":\"https:\\\/\\\/www.rememberme-forever.com\\\/de\\\/#organization\",\"name\":\"Remember Forever\",\"url\":\"https:\\\/\\\/www.rememberme-forever.com\\\/de\\\/\",\"logo\":{\"@type\":\"ImageObject\",\"inLanguage\":\"de\",\"@id\":\"https:\\\/\\\/www.rememberme-forever.com\\\/de\\\/#\\\/schema\\\/logo\\\/image\\\/\",\"url\":\"https:\\\/\\\/www.rememberme-forever.com\\\/wp-content\\\/uploads\\\/2023\\\/02\\\/logo.png\",\"contentUrl\":\"https:\\\/\\\/www.rememberme-forever.com\\\/wp-content\\\/uploads\\\/2023\\\/02\\\/logo.png\",\"width\":300,\"height\":56,\"caption\":\"Remember Forever\"},\"image\":{\"@id\":\"https:\\\/\\\/www.rememberme-forever.com\\\/de\\\/#\\\/schema\\\/logo\\\/image\\\/\"}}]}<\/script>\n<!-- \/ Yoast SEO plugin. -->","yoast_head_json":{"title":"Thematische Urne mit graviertem Segelboot - Remember Forever","description":"Diese thematische Urne mit graviertem Segelboot ist ein einzigartiges Symbol f\u00fcr Frieden, Freiheit und die Reise durch das Leben. Ideal f\u00fcr Meeresliebhaber.","robots":{"index":"index","follow":"follow","max-snippet":"max-snippet:-1","max-image-preview":"max-image-preview:large","max-video-preview":"max-video-preview:-1"},"canonical":"https:\/\/www.rememberme-forever.com\/de\/produkt\/thematische-urne-mit-graviertem-segelboot\/","og_locale":"de_DE","og_type":"article","og_title":"Thematische Urne mit graviertem Segelboot - Remember Forever","og_description":"Diese thematische Urne mit graviertem Segelboot ist ein einzigartiges Symbol f\u00fcr Frieden, Freiheit und die Reise durch das Leben. Ideal f\u00fcr Meeresliebhaber.","og_url":"https:\/\/www.rememberme-forever.com\/de\/produkt\/thematische-urne-mit-graviertem-segelboot\/","og_site_name":"Remember Forever","article_modified_time":"2026-02-19T07:29:44+00:00","og_image":[{"width":1007,"height":1024,"url":"http:\/\/www.rememberme-forever.com\/wp-content\/uploads\/2026\/02\/urn-with-a-sailboard_0001.jpg","type":"image\/jpeg"}],"twitter_card":"summary_large_image","twitter_misc":{"Gesch\u00e4tzte Lesezeit":"2\u00a0Minute"},"schema":{"@context":"https:\/\/schema.org","@graph":[{"@type":"WebPage","@id":"https:\/\/www.rememberme-forever.com\/de\/produkt\/thematische-urne-mit-graviertem-segelboot\/","url":"https:\/\/www.rememberme-forever.com\/de\/produkt\/thematische-urne-mit-graviertem-segelboot\/","name":"Thematische Urne mit graviertem Segelboot - Remember Forever","isPartOf":{"@id":"https:\/\/www.rememberme-forever.com\/de\/#website"},"primaryImageOfPage":{"@id":"https:\/\/www.rememberme-forever.com\/de\/produkt\/thematische-urne-mit-graviertem-segelboot\/#primaryimage"},"image":{"@id":"https:\/\/www.rememberme-forever.com\/de\/produkt\/thematische-urne-mit-graviertem-segelboot\/#primaryimage"},"thumbnailUrl":"https:\/\/www.rememberme-forever.com\/wp-content\/uploads\/2026\/02\/urn-with-a-sailboard_0001.jpg","datePublished":"2026-02-11T12:04:32+00:00","dateModified":"2026-02-19T07:29:44+00:00","description":"Diese thematische Urne mit graviertem Segelboot ist ein einzigartiges Symbol f\u00fcr Frieden, Freiheit und die Reise durch das Leben. Ideal f\u00fcr Meeresliebhaber.","breadcrumb":{"@id":"https:\/\/www.rememberme-forever.com\/de\/produkt\/thematische-urne-mit-graviertem-segelboot\/#breadcrumb"},"inLanguage":"de","potentialAction":[{"@type":"ReadAction","target":["https:\/\/www.rememberme-forever.com\/de\/produkt\/thematische-urne-mit-graviertem-segelboot\/"]}]},{"@type":"ImageObject","inLanguage":"de","@id":"https:\/\/www.rememberme-forever.com\/de\/produkt\/thematische-urne-mit-graviertem-segelboot\/#primaryimage","url":"https:\/\/www.rememberme-forever.com\/wp-content\/uploads\/2026\/02\/urn-with-a-sailboard_0001.jpg","contentUrl":"https:\/\/www.rememberme-forever.com\/wp-content\/uploads\/2026\/02\/urn-with-a-sailboard_0001.jpg","width":1007,"height":1024,"caption":"H\u00f6lzerne Urne mit graviertem Segelboot und Gedenkplatte, Vorderansicht."},{"@type":"BreadcrumbList","@id":"https:\/\/www.rememberme-forever.com\/de\/produkt\/thematische-urne-mit-graviertem-segelboot\/#breadcrumb","itemListElement":[{"@type":"ListItem","position":1,"name":"Home","item":"https:\/\/www.rememberme-forever.com\/de\/startseite\/"},{"@type":"ListItem","position":2,"name":"Shop","item":"https:\/\/www.rememberme-forever.com\/de\/shop\/"},{"@type":"ListItem","position":3,"name":"Thematische Urne mit graviertem Segelboot"}]},{"@type":"WebSite","@id":"https:\/\/www.rememberme-forever.com\/de\/#website","url":"https:\/\/www.rememberme-forever.com\/de\/","name":"Remember Forever","description":"Cremation urns, funeral urns, urns for ashes","publisher":{"@id":"https:\/\/www.rememberme-forever.com\/de\/#organization"},"potentialAction":[{"@type":"SearchAction","target":{"@type":"EntryPoint","urlTemplate":"https:\/\/www.rememberme-forever.com\/de\/?s={search_term_string}"},"query-input":{"@type":"PropertyValueSpecification","valueRequired":true,"valueName":"search_term_string"}}],"inLanguage":"de"},{"@type":"Organization","@id":"https:\/\/www.rememberme-forever.com\/de\/#organization","name":"Remember Forever","url":"https:\/\/www.rememberme-forever.com\/de\/","logo":{"@type":"ImageObject","inLanguage":"de","@id":"https:\/\/www.rememberme-forever.com\/de\/#\/schema\/logo\/image\/","url":"https:\/\/www.rememberme-forever.com\/wp-content\/uploads\/2023\/02\/logo.png","contentUrl":"https:\/\/www.rememberme-forever.com\/wp-content\/uploads\/2023\/02\/logo.png","width":300,"height":56,"caption":"Remember Forever"},"image":{"@id":"https:\/\/www.rememberme-forever.com\/de\/#\/schema\/logo\/image\/"}}]}},"acf":[],"_links":{"self":[{"href":"https:\/\/www.rememberme-forever.com\/de\/wp-json\/wp\/v2\/product\/24922","targetHints":{"allow":["GET"]}}],"collection":[{"href":"https:\/\/www.rememberme-forever.com\/de\/wp-json\/wp\/v2\/product"}],"about":[{"href":"https:\/\/www.rememberme-forever.com\/de\/wp-json\/wp\/v2\/types\/product"}],"wp:featuredmedia":[{"embeddable":true,"href":"https:\/\/www.rememberme-forever.com\/de\/wp-json\/wp\/v2\/media\/24919"}],"wp:attachment":[{"href":"https:\/\/www.rememberme-forever.com\/de\/wp-json\/wp\/v2\/media?parent=24922"}],"wp:term":[{"taxonomy":"product_brand","embeddable":true,"href":"https:\/\/www.rememberme-forever.com\/de\/wp-json\/wp\/v2\/product_brand?post=24922"},{"taxonomy":"product_cat","embeddable":true,"href":"https:\/\/www.rememberme-forever.com\/de\/wp-json\/wp\/v2\/product_cat?post=24922"},{"taxonomy":"product_tag","embeddable":true,"href":"https:\/\/www.rememberme-forever.com\/de\/wp-json\/wp\/v2\/product_tag?post=24922"}],"curies":[{"name":"wp","href":"https:\/\/api.w.org\/{rel}","templated":true}]}}