{"id":24989,"date":"2023-04-05T12:46:42","date_gmt":"2023-04-05T10:46:42","guid":{"rendered":"https:\/\/www.rememberme-forever.com\/product\/erinnerungsurne-mit-silbernen-sternen-kleine-kugelurne\/"},"modified":"2026-02-19T09:23:47","modified_gmt":"2026-02-19T08:23:47","slug":"erinnerungsurne-mit-silbernen-sternen-kleine-kugelurne","status":"publish","type":"product","link":"https:\/\/www.rememberme-forever.com\/de\/produkt\/erinnerungsurne-mit-silbernen-sternen-kleine-kugelurne\/","title":{"rendered":"Erinnerungsurne mit silbernen Sternen, kleine Kugelurne"},"content":{"rendered":"<div style=\"width: 100%; margin-bottom: 30px; height: max-content; padding-bottom: 60%; position: relative;\"><iframe style=\"position: absolute; top: 0; left: 0; width: 100%; height: 100%;\" src=\"https:\/\/rememberme-urns.com\/keepsake-with-the-stars\/\" frameborder=\"0\"><\/iframe><\/div>\n<div style=\"color: red; text-align: center; margin-bottom: 25px;\">\n<p>&gt;&gt; Drehendes Foto \u2013 Tippen\/Zoomen &lt;&lt;<\/p>\n<\/div>\n<h2 style=\"text-align: center;\">Erinnerungsurne mit silbernen Sternen<\/h2>\n<p style=\"text-align: center;\">Unsere <strong>Erinnerungsurne mit silbernen Sternen<\/strong> ist eine wundersch\u00f6n gefertigte Urne, die einen kleinen Teil der Asche Ihres geliebten Menschen aufbewahrt. Verziert mit atemberaubenden silbernen Sternen ist diese Urne ein Symbol f\u00fcr die ewige Verbindung, die Sie mit Ihrem gesch\u00e4tzten Familienmitglied oder Freund teilen.<\/p>\n<p style=\"text-align: center;\">Mit Sorgfalt und Liebe zum Detail gefertigt, besteht diese einzigartige Urne aus hochwertigen Materialien, einschlie\u00dflich eines langlebigen Kugeleinsatzes aus Edelstahl, der zus\u00e4tzlichen Schutz und Sicherheit f\u00fcr die Asche Ihres geliebten Menschen bietet.<\/p>\n<p style=\"text-align: center;\">Um diese Urne noch besonderer zu machen, bieten wir eine personalisierte Gedenkplakette an, die mit dem Namen, den Daten und anderen besonderen Botschaften oder Zitaten Ihres geliebten Menschen individuell gestaltet werden kann. Die Plakette ist elegant aus hochwertigen Materialien gefertigt und wird die Zeit \u00fcberdauern und als bleibendes Andenken an Ihren geliebten Menschen dienen.<\/p>\n<p style=\"text-align: center;\">Ob auf einem Kaminsims ausgestellt oder an einem besonderen Ort in Ihrem Zuhause aufbewahrt \u2013 diese atemberaubende Mini-Urne wird Ihnen und Ihrer Familie mit Sicherheit Trost und Frieden bringen. Mit ihrem kunstvollen Design und hochwertigen Materialien ist sie eine wundersch\u00f6ne und einzigartige M\u00f6glichkeit, die Erinnerung an einen besonderen Menschen zu ehren und zu bewahren.<\/p>\n<p>&nbsp;<\/p>\n<p style=\"text-align: center;\"><em><strong>Da es sich um ein handbemaltes Produkt handelt, kann das Aussehen leicht abweichen.<\/strong><\/em><\/p>\n<p>&nbsp;<\/p>\n<p style=\"text-align: center;\"><strong>Edelstahleinsatz<\/strong><\/p>\n<p><img loading=\"lazy\" decoding=\"async\" class=\" wp-image-1080 aligncenter\" src=\"http:\/\/www.rememberme-forever.com\/wp-content\/uploads\/2023\/04\/planet-urn-inside-stainless-steel-insert-300x300.jpg\" alt=\"Planetenurne im Edelstahleinsatz\" width=\"218\" height=\"218\" srcset=\"https:\/\/www.rememberme-forever.com\/wp-content\/uploads\/2023\/04\/planet-urn-inside-stainless-steel-insert-300x300.jpg 300w, https:\/\/www.rememberme-forever.com\/wp-content\/uploads\/2023\/04\/planet-urn-inside-stainless-steel-insert-150x150.jpg 150w, https:\/\/www.rememberme-forever.com\/wp-content\/uploads\/2023\/04\/planet-urn-inside-stainless-steel-insert-600x600.jpg 600w, https:\/\/www.rememberme-forever.com\/wp-content\/uploads\/2023\/04\/planet-urn-inside-stainless-steel-insert-100x100.jpg 100w, https:\/\/www.rememberme-forever.com\/wp-content\/uploads\/2023\/04\/planet-urn-inside-stainless-steel-insert-64x64.jpg 64w, https:\/\/www.rememberme-forever.com\/wp-content\/uploads\/2023\/04\/planet-urn-inside-stainless-steel-insert.jpg 768w\" sizes=\"auto, (max-width: 218px) 100vw, 218px\" \/><\/p>\n<p>&nbsp;<\/p>\n<h3 style=\"text-align: center;\"><strong>PERSONALISIERUNG<\/strong><\/h3>\n<p style=\"text-align: center;\">Die personalisierte Gedenktafel muss bei der Bestellung individuell gestaltet werden. (Bitte keine Panik, wenn Sie das vergessen haben, denn Sie k\u00f6nnen uns auch noch nachtr\u00e4glich eine Nachricht schicken).<\/p>\n<p style=\"text-align: center;\">Bitte \u00fcberpr\u00fcfen Sie den zu gravierenden Text sorgf\u00e4ltig, bevor Sie den Artikel in den Warenkorb legen. Wir kopieren und gravieren genau die Informationen, die wir mit der Bestellung erhalten und nehmen bei uns keine \u00c4nderungen vor.<\/p>\n<p style=\"text-align: center;\"><strong>Bitte \u00fcberpr\u00fcfen Sie den Text, um sicherzustellen, dass alle Schreibweisen korrekt sind.<\/strong><\/p>\n","protected":false},"excerpt":{"rendered":"<p>Einzigartige kleine Erinnerungsurne f\u00fcr Asche oder andere Andenken.<\/p>\n<p><strong>Die Innenkugel ist aus Edelstahl gefertigt.<\/strong><\/p>\n<p>\u2705 Diese Urne ist nicht f\u00fcr den Au\u00dfenbereich geeignet. Bitte sehen Sie sich unsere <a href=\"https:\/\/www.rememberme-forever.com\/de\/produkt-kategorie\/urnen-fur-den-ausenbereich\/\" target=\"_blank\" rel=\"noopener\"><strong>Outdoor-Urnen &gt;&gt;<\/strong><\/a><\/p>\n","protected":false},"featured_media":24963,"template":"","meta":{"_acf_changed":false},"product_brand":[],"product_cat":[2339],"product_tag":[3326],"class_list":{"0":"post-24989","1":"product","2":"type-product","3":"status-publish","4":"has-post-thumbnail","6":"product_cat-andenken","7":"product_tag-gpsr-keepsake-urns","8":"product_shipping_class-1-2-kg-de","10":"first","11":"instock","12":"taxable","13":"shipping-taxable","14":"purchasable","15":"product-type-simple"},"yoast_head":"<!-- This site is optimized with the Yoast SEO plugin v27.4 - https:\/\/yoast.com\/product\/yoast-seo-wordpress\/ -->\n<title>Remember Forever<\/title>\n<meta name=\"description\" content=\"Unsere Erinnerungsurne mit silbernen Sternen ist eine wundersch\u00f6n gefertigte Urne, die einen kleinen Teil der Asche Ihres geliebten Menschen aufbewahrt.\" \/>\n<meta name=\"robots\" content=\"index, follow, max-snippet:-1, max-image-preview:large, max-video-preview:-1\" \/>\n<link rel=\"canonical\" href=\"https:\/\/www.rememberme-forever.com\/de\/produkt\/erinnerungsurne-mit-silbernen-sternen-kleine-kugelurne\/\" \/>\n<meta property=\"og:locale\" content=\"de_DE\" \/>\n<meta property=\"og:type\" content=\"article\" \/>\n<meta property=\"og:description\" content=\"Unsere Erinnerungsurne mit silbernen Sternen ist eine wundersch\u00f6n gefertigte Urne, die einen kleinen Teil der Asche Ihres geliebten Menschen aufbewahrt.\" \/>\n<meta property=\"og:url\" content=\"https:\/\/www.rememberme-forever.com\/de\/produkt\/erinnerungsurne-mit-silbernen-sternen-kleine-kugelurne\/\" \/>\n<meta property=\"og:site_name\" content=\"Remember Forever\" \/>\n<meta property=\"article:modified_time\" content=\"2026-02-19T08:23:47+00:00\" \/>\n<meta property=\"og:image\" content=\"http:\/\/www.rememberme-forever.com\/wp-content\/uploads\/2023\/04\/keepsake-with-stars.jpg\" \/>\n\t<meta property=\"og:image:width\" content=\"768\" \/>\n\t<meta property=\"og:image:height\" content=\"779\" \/>\n\t<meta property=\"og:image:type\" content=\"image\/jpeg\" \/>\n<meta name=\"twitter:card\" content=\"summary_large_image\" \/>\n<meta name=\"twitter:label1\" content=\"Gesch\u00e4tzte Lesezeit\" \/>\n\t<meta name=\"twitter:data1\" content=\"2\u00a0Minute\" \/>\n<script type=\"application\/ld+json\" class=\"yoast-schema-graph\">{\"@context\":\"https:\\\/\\\/schema.org\",\"@graph\":[{\"@type\":\"WebPage\",\"@id\":\"https:\\\/\\\/www.rememberme-forever.com\\\/de\\\/produkt\\\/erinnerungsurne-mit-silbernen-sternen-kleine-kugelurne\\\/\",\"url\":\"https:\\\/\\\/www.rememberme-forever.com\\\/de\\\/produkt\\\/erinnerungsurne-mit-silbernen-sternen-kleine-kugelurne\\\/\",\"name\":\"\",\"isPartOf\":{\"@id\":\"https:\\\/\\\/www.rememberme-forever.com\\\/de\\\/#website\"},\"primaryImageOfPage\":{\"@id\":\"https:\\\/\\\/www.rememberme-forever.com\\\/de\\\/produkt\\\/erinnerungsurne-mit-silbernen-sternen-kleine-kugelurne\\\/#primaryimage\"},\"image\":{\"@id\":\"https:\\\/\\\/www.rememberme-forever.com\\\/de\\\/produkt\\\/erinnerungsurne-mit-silbernen-sternen-kleine-kugelurne\\\/#primaryimage\"},\"thumbnailUrl\":\"https:\\\/\\\/www.rememberme-forever.com\\\/wp-content\\\/uploads\\\/2023\\\/04\\\/keepsake-with-stars.jpg\",\"datePublished\":\"2023-04-05T10:46:42+00:00\",\"dateModified\":\"2026-02-19T08:23:47+00:00\",\"description\":\"Unsere Erinnerungsurne mit silbernen Sternen ist eine wundersch\u00f6n gefertigte Urne, die einen kleinen Teil der Asche Ihres geliebten Menschen aufbewahrt.\",\"breadcrumb\":{\"@id\":\"https:\\\/\\\/www.rememberme-forever.com\\\/de\\\/produkt\\\/erinnerungsurne-mit-silbernen-sternen-kleine-kugelurne\\\/#breadcrumb\"},\"inLanguage\":\"de\",\"potentialAction\":[{\"@type\":\"ReadAction\",\"target\":[\"https:\\\/\\\/www.rememberme-forever.com\\\/de\\\/produkt\\\/erinnerungsurne-mit-silbernen-sternen-kleine-kugelurne\\\/\"]}]},{\"@type\":\"ImageObject\",\"inLanguage\":\"de\",\"@id\":\"https:\\\/\\\/www.rememberme-forever.com\\\/de\\\/produkt\\\/erinnerungsurne-mit-silbernen-sternen-kleine-kugelurne\\\/#primaryimage\",\"url\":\"https:\\\/\\\/www.rememberme-forever.com\\\/wp-content\\\/uploads\\\/2023\\\/04\\\/keepsake-with-stars.jpg\",\"contentUrl\":\"https:\\\/\\\/www.rememberme-forever.com\\\/wp-content\\\/uploads\\\/2023\\\/04\\\/keepsake-with-stars.jpg\",\"width\":768,\"height\":779,\"caption\":\"Erinnerungsurne mit Sternen\"},{\"@type\":\"BreadcrumbList\",\"@id\":\"https:\\\/\\\/www.rememberme-forever.com\\\/de\\\/produkt\\\/erinnerungsurne-mit-silbernen-sternen-kleine-kugelurne\\\/#breadcrumb\",\"itemListElement\":[{\"@type\":\"ListItem\",\"position\":1,\"name\":\"Home\",\"item\":\"https:\\\/\\\/www.rememberme-forever.com\\\/de\\\/startseite\\\/\"},{\"@type\":\"ListItem\",\"position\":2,\"name\":\"Shop\",\"item\":\"https:\\\/\\\/www.rememberme-forever.com\\\/de\\\/shop\\\/\"},{\"@type\":\"ListItem\",\"position\":3,\"name\":\"Erinnerungsurne mit silbernen Sternen, kleine Kugelurne\"}]},{\"@type\":\"WebSite\",\"@id\":\"https:\\\/\\\/www.rememberme-forever.com\\\/de\\\/#website\",\"url\":\"https:\\\/\\\/www.rememberme-forever.com\\\/de\\\/\",\"name\":\"Remember Forever\",\"description\":\"Cremation urns, funeral urns, urns for ashes\",\"publisher\":{\"@id\":\"https:\\\/\\\/www.rememberme-forever.com\\\/de\\\/#organization\"},\"potentialAction\":[{\"@type\":\"SearchAction\",\"target\":{\"@type\":\"EntryPoint\",\"urlTemplate\":\"https:\\\/\\\/www.rememberme-forever.com\\\/de\\\/?s={search_term_string}\"},\"query-input\":{\"@type\":\"PropertyValueSpecification\",\"valueRequired\":true,\"valueName\":\"search_term_string\"}}],\"inLanguage\":\"de\"},{\"@type\":\"Organization\",\"@id\":\"https:\\\/\\\/www.rememberme-forever.com\\\/de\\\/#organization\",\"name\":\"Remember Forever\",\"url\":\"https:\\\/\\\/www.rememberme-forever.com\\\/de\\\/\",\"logo\":{\"@type\":\"ImageObject\",\"inLanguage\":\"de\",\"@id\":\"https:\\\/\\\/www.rememberme-forever.com\\\/de\\\/#\\\/schema\\\/logo\\\/image\\\/\",\"url\":\"https:\\\/\\\/www.rememberme-forever.com\\\/wp-content\\\/uploads\\\/2023\\\/02\\\/logo.png\",\"contentUrl\":\"https:\\\/\\\/www.rememberme-forever.com\\\/wp-content\\\/uploads\\\/2023\\\/02\\\/logo.png\",\"width\":300,\"height\":56,\"caption\":\"Remember Forever\"},\"image\":{\"@id\":\"https:\\\/\\\/www.rememberme-forever.com\\\/de\\\/#\\\/schema\\\/logo\\\/image\\\/\"}}]}<\/script>\n<!-- \/ Yoast SEO plugin. -->","yoast_head_json":{"title":"Remember Forever","description":"Unsere Erinnerungsurne mit silbernen Sternen ist eine wundersch\u00f6n gefertigte Urne, die einen kleinen Teil der Asche Ihres geliebten Menschen aufbewahrt.","robots":{"index":"index","follow":"follow","max-snippet":"max-snippet:-1","max-image-preview":"max-image-preview:large","max-video-preview":"max-video-preview:-1"},"canonical":"https:\/\/www.rememberme-forever.com\/de\/produkt\/erinnerungsurne-mit-silbernen-sternen-kleine-kugelurne\/","og_locale":"de_DE","og_type":"article","og_description":"Unsere Erinnerungsurne mit silbernen Sternen ist eine wundersch\u00f6n gefertigte Urne, die einen kleinen Teil der Asche Ihres geliebten Menschen aufbewahrt.","og_url":"https:\/\/www.rememberme-forever.com\/de\/produkt\/erinnerungsurne-mit-silbernen-sternen-kleine-kugelurne\/","og_site_name":"Remember Forever","article_modified_time":"2026-02-19T08:23:47+00:00","og_image":[{"width":768,"height":779,"url":"http:\/\/www.rememberme-forever.com\/wp-content\/uploads\/2023\/04\/keepsake-with-stars.jpg","type":"image\/jpeg"}],"twitter_card":"summary_large_image","twitter_misc":{"Gesch\u00e4tzte Lesezeit":"2\u00a0Minute"},"schema":{"@context":"https:\/\/schema.org","@graph":[{"@type":"WebPage","@id":"https:\/\/www.rememberme-forever.com\/de\/produkt\/erinnerungsurne-mit-silbernen-sternen-kleine-kugelurne\/","url":"https:\/\/www.rememberme-forever.com\/de\/produkt\/erinnerungsurne-mit-silbernen-sternen-kleine-kugelurne\/","name":"","isPartOf":{"@id":"https:\/\/www.rememberme-forever.com\/de\/#website"},"primaryImageOfPage":{"@id":"https:\/\/www.rememberme-forever.com\/de\/produkt\/erinnerungsurne-mit-silbernen-sternen-kleine-kugelurne\/#primaryimage"},"image":{"@id":"https:\/\/www.rememberme-forever.com\/de\/produkt\/erinnerungsurne-mit-silbernen-sternen-kleine-kugelurne\/#primaryimage"},"thumbnailUrl":"https:\/\/www.rememberme-forever.com\/wp-content\/uploads\/2023\/04\/keepsake-with-stars.jpg","datePublished":"2023-04-05T10:46:42+00:00","dateModified":"2026-02-19T08:23:47+00:00","description":"Unsere Erinnerungsurne mit silbernen Sternen ist eine wundersch\u00f6n gefertigte Urne, die einen kleinen Teil der Asche Ihres geliebten Menschen aufbewahrt.","breadcrumb":{"@id":"https:\/\/www.rememberme-forever.com\/de\/produkt\/erinnerungsurne-mit-silbernen-sternen-kleine-kugelurne\/#breadcrumb"},"inLanguage":"de","potentialAction":[{"@type":"ReadAction","target":["https:\/\/www.rememberme-forever.com\/de\/produkt\/erinnerungsurne-mit-silbernen-sternen-kleine-kugelurne\/"]}]},{"@type":"ImageObject","inLanguage":"de","@id":"https:\/\/www.rememberme-forever.com\/de\/produkt\/erinnerungsurne-mit-silbernen-sternen-kleine-kugelurne\/#primaryimage","url":"https:\/\/www.rememberme-forever.com\/wp-content\/uploads\/2023\/04\/keepsake-with-stars.jpg","contentUrl":"https:\/\/www.rememberme-forever.com\/wp-content\/uploads\/2023\/04\/keepsake-with-stars.jpg","width":768,"height":779,"caption":"Erinnerungsurne mit Sternen"},{"@type":"BreadcrumbList","@id":"https:\/\/www.rememberme-forever.com\/de\/produkt\/erinnerungsurne-mit-silbernen-sternen-kleine-kugelurne\/#breadcrumb","itemListElement":[{"@type":"ListItem","position":1,"name":"Home","item":"https:\/\/www.rememberme-forever.com\/de\/startseite\/"},{"@type":"ListItem","position":2,"name":"Shop","item":"https:\/\/www.rememberme-forever.com\/de\/shop\/"},{"@type":"ListItem","position":3,"name":"Erinnerungsurne mit silbernen Sternen, kleine Kugelurne"}]},{"@type":"WebSite","@id":"https:\/\/www.rememberme-forever.com\/de\/#website","url":"https:\/\/www.rememberme-forever.com\/de\/","name":"Remember Forever","description":"Cremation urns, funeral urns, urns for ashes","publisher":{"@id":"https:\/\/www.rememberme-forever.com\/de\/#organization"},"potentialAction":[{"@type":"SearchAction","target":{"@type":"EntryPoint","urlTemplate":"https:\/\/www.rememberme-forever.com\/de\/?s={search_term_string}"},"query-input":{"@type":"PropertyValueSpecification","valueRequired":true,"valueName":"search_term_string"}}],"inLanguage":"de"},{"@type":"Organization","@id":"https:\/\/www.rememberme-forever.com\/de\/#organization","name":"Remember Forever","url":"https:\/\/www.rememberme-forever.com\/de\/","logo":{"@type":"ImageObject","inLanguage":"de","@id":"https:\/\/www.rememberme-forever.com\/de\/#\/schema\/logo\/image\/","url":"https:\/\/www.rememberme-forever.com\/wp-content\/uploads\/2023\/02\/logo.png","contentUrl":"https:\/\/www.rememberme-forever.com\/wp-content\/uploads\/2023\/02\/logo.png","width":300,"height":56,"caption":"Remember Forever"},"image":{"@id":"https:\/\/www.rememberme-forever.com\/de\/#\/schema\/logo\/image\/"}}]}},"acf":[],"_links":{"self":[{"href":"https:\/\/www.rememberme-forever.com\/de\/wp-json\/wp\/v2\/product\/24989","targetHints":{"allow":["GET"]}}],"collection":[{"href":"https:\/\/www.rememberme-forever.com\/de\/wp-json\/wp\/v2\/product"}],"about":[{"href":"https:\/\/www.rememberme-forever.com\/de\/wp-json\/wp\/v2\/types\/product"}],"wp:featuredmedia":[{"embeddable":true,"href":"https:\/\/www.rememberme-forever.com\/de\/wp-json\/wp\/v2\/media\/24963"}],"wp:attachment":[{"href":"https:\/\/www.rememberme-forever.com\/de\/wp-json\/wp\/v2\/media?parent=24989"}],"wp:term":[{"taxonomy":"product_brand","embeddable":true,"href":"https:\/\/www.rememberme-forever.com\/de\/wp-json\/wp\/v2\/product_brand?post=24989"},{"taxonomy":"product_cat","embeddable":true,"href":"https:\/\/www.rememberme-forever.com\/de\/wp-json\/wp\/v2\/product_cat?post=24989"},{"taxonomy":"product_tag","embeddable":true,"href":"https:\/\/www.rememberme-forever.com\/de\/wp-json\/wp\/v2\/product_tag?post=24989"}],"curies":[{"name":"wp","href":"https:\/\/api.w.org\/{rel}","templated":true}]}}