{"id":25013,"date":"2023-04-05T13:10:28","date_gmt":"2023-04-05T11:10:28","guid":{"rendered":"https:\/\/www.rememberme-forever.com\/product\/set-von-gedenkurnen-zum-teilen-der-asche-2-6-stueck\/"},"modified":"2026-02-19T09:14:24","modified_gmt":"2026-02-19T08:14:24","slug":"set-von-gedenkurnen-zum-teilen-der-asche-2-6-stueck","status":"publish","type":"product","link":"https:\/\/www.rememberme-forever.com\/de\/produkt\/set-von-gedenkurnen-zum-teilen-der-asche-2-6-stueck\/","title":{"rendered":"Set von Gedenkurnen zum Teilen der Asche, 2-6 St\u00fcck"},"content":{"rendered":"<div style=\"width: 100%; margin-bottom: 30px; height: max-content; padding-bottom: 60%; position: relative;\"><iframe style=\"position: absolute; top: 0; left: 0; width: 100%; height: 100%;\" src=\"https:\/\/rememberme-urns.com\/keepsake-with-the-stars\/\" frameborder=\"0\"><\/iframe><\/div>\n<div style=\"color: red; text-align: center; margin-bottom: 25px;\">\n<p>&gt;&gt; Drehendes Foto \u2013 Tippen\/Zoomen &lt;&lt;<\/p>\n<\/div>\n<h2 style=\"text-align: center;\">Set von Gedenkurnen<\/h2>\n<p style=\"text-align: center;\">Entdecken Sie unser exquisites <strong>Set von Gedenkurnen<\/strong>, speziell gefertigt, um die Erinnerungen an Ihre Liebsten zu bewahren. Unser 2-6-teiliges Set umfasst eine wundersch\u00f6n handbemalte kleine Urne, verziert mit schimmernden Silbersternen, begleitet von einer personalisierten Gedenktafel, um das Verm\u00e4chtnis Ihres geliebten Menschen zu ehren.<\/p>\n<p style=\"text-align: center;\">Die kleine Urne wird sorgf\u00e4ltig und mit gr\u00f6\u00dfter Pr\u00e4zision gefertigt, um nicht nur eine w\u00fcrdige Hommage an Ihren geliebten Menschen zu sein, sondern auch ein elegantes Kunstwerk, das jeden Raum erg\u00e4nzt. Die Silbersterne verleihen ihr einen Hauch von himmlischer Sch\u00f6nheit und symbolisieren das ewige Licht, das Ihr geliebter Mensch in Ihr Leben bringt. Die kompakte Gr\u00f6\u00dfe der Urne macht sie perfekt f\u00fcr die Pr\u00e4sentation auf einem Kaminsims, Regal oder Nachttisch, sodass Sie Ihren geliebten Menschen stets in Ihrer N\u00e4he haben k\u00f6nnen.<\/p>\n<p style=\"text-align: center;\">Unsere Gedenktafel ist eine herzliche Hommage an das Leben und Verm\u00e4chtnis Ihres geliebten Menschen. Personalisieren Sie sie mit dem Namen, den Daten und einer besonderen Botschaft Ihres geliebten Menschen, um dessen Andenken lebendig zu halten. Die Tafel wird aus hochwertigen Materialien gefertigt, was ihre Langlebigkeit gew\u00e4hrleistet und sie zu einem gesch\u00e4tzten Andenken macht, das Sie \u00fcber Generationen weitergeben k\u00f6nnen.<\/p>\n<p style=\"text-align: center;\"><em><strong>Da es sich um ein handbemaltes Produkt handelt, kann das Aussehen leicht abweichen.<\/strong><\/em><\/p>\n<p>&nbsp;<\/p>\n<p style=\"text-align: center;\"><strong>Edelstahleinsatz<\/strong><\/p>\n<p><img loading=\"lazy\" decoding=\"async\" class=\" wp-image-1080 aligncenter\" src=\"http:\/\/www.rememberme-forever.com\/wp-content\/uploads\/2023\/04\/planet-urn-inside-stainless-steel-insert-300x300.jpg\" alt=\"Planetenurne im Edelstahleinsatz\" width=\"218\" height=\"218\" srcset=\"https:\/\/www.rememberme-forever.com\/wp-content\/uploads\/2023\/04\/planet-urn-inside-stainless-steel-insert-300x300.jpg 300w, https:\/\/www.rememberme-forever.com\/wp-content\/uploads\/2023\/04\/planet-urn-inside-stainless-steel-insert-150x150.jpg 150w, https:\/\/www.rememberme-forever.com\/wp-content\/uploads\/2023\/04\/planet-urn-inside-stainless-steel-insert-600x600.jpg 600w, https:\/\/www.rememberme-forever.com\/wp-content\/uploads\/2023\/04\/planet-urn-inside-stainless-steel-insert-100x100.jpg 100w, https:\/\/www.rememberme-forever.com\/wp-content\/uploads\/2023\/04\/planet-urn-inside-stainless-steel-insert-64x64.jpg 64w, https:\/\/www.rememberme-forever.com\/wp-content\/uploads\/2023\/04\/planet-urn-inside-stainless-steel-insert.jpg 768w\" sizes=\"auto, (max-width: 218px) 100vw, 218px\" \/><\/p>\n<h3><\/h3>\n<p>&nbsp;<\/p>\n<h3 style=\"text-align: center;\"><strong>PERSONALISIERUNG<\/strong><\/h3>\n<p style=\"text-align: center;\">Die personalisierte Gedenktafel muss bei der Bestellung individuell gestaltet werden. (Bitte keine Panik, wenn Sie das vergessen haben, denn Sie k\u00f6nnen uns auch noch nachtr\u00e4glich eine Nachricht schicken).<\/p>\n<p style=\"text-align: center;\"><strong><em>(Standardm\u00e4\u00dfig gravieren wir f\u00fcr jedes Andenken denselben Text. Wenn Sie etwas anderes w\u00fcnschen, f\u00fcgen Sie dies w\u00e4hrend des Bestellvorgangs hinzu).<\/em><\/strong><\/p>\n<p><img loading=\"lazy\" decoding=\"async\" class=\"wp-image-8191 size-medium aligncenter\" src=\"http:\/\/www.rememberme-forever.com\/wp-content\/uploads\/2023\/08\/keepsake2-295x300.jpg\" alt=\"\" width=\"295\" height=\"300\" srcset=\"https:\/\/www.rememberme-forever.com\/wp-content\/uploads\/2023\/08\/keepsake2-295x300.jpg 295w, https:\/\/www.rememberme-forever.com\/wp-content\/uploads\/2023\/08\/keepsake2-600x610.jpg 600w, https:\/\/www.rememberme-forever.com\/wp-content\/uploads\/2023\/08\/keepsake2-64x65.jpg 64w, https:\/\/www.rememberme-forever.com\/wp-content\/uploads\/2023\/08\/keepsake2.jpg 768w\" sizes=\"auto, (max-width: 295px) 100vw, 295px\" \/><\/p>\n<p style=\"text-align: center;\">Bitte \u00fcberpr\u00fcfen Sie den zu gravierenden Text sorgf\u00e4ltig, bevor Sie den Artikel in den Warenkorb legen. Wir kopieren und gravieren genau die Informationen, die wir mit der Bestellung erhalten und nehmen bei uns keine \u00c4nderungen vor.<\/p>\n<p style=\"text-align: center;\"><strong>Bitte \u00fcberpr\u00fcfen Sie den Text, um sicherzustellen, dass alle Schreibweisen korrekt sind.<\/strong><\/p>\n<p style=\"text-align: center;\">Bitte geben Sie KEINE personalisierten Informationen ein, wenn Sie die Option \u201eUrne ohne Plakette\u201c w\u00e4hlen.<br \/>\nWenn Sie eine personalisierte Plakette w\u00fcnschen, geben Sie den Text bitte im Abschnitt \u201eHinweis vom K\u00e4ufer\u201c w\u00e4hrend des Bezahlvorgangs an.<\/p>\n","protected":false},"excerpt":{"rendered":"<p>Einzigartiges Set von Andenken zum Teilen der Asche unter Familienmitgliedern.<\/p>\n<p><strong>Die Innenkugel ist aus Edelstahl gefertigt.<\/strong><\/p>\n<p>\u2705 Diese Urne ist nicht f\u00fcr den Au\u00dfenbereich geeignet. Bitte sehen Sie sich unsere <a href=\"https:\/\/www.rememberme-forever.com\/de\/produkt-kategorie\/urnen-fur-den-ausenbereich\/\" target=\"_blank\" rel=\"noopener\"><strong>Outdoor-Urnen &gt;&gt;<\/strong><\/a><\/p>\n","protected":false},"featured_media":25012,"template":"","meta":{"_acf_changed":false},"product_brand":[],"product_cat":[2339],"product_tag":[3326],"class_list":{"0":"post-25013","1":"product","2":"type-product","3":"status-publish","4":"has-post-thumbnail","6":"product_cat-andenken","7":"product_tag-gpsr-keepsake-urns","8":"product_shipping_class-1-2-kg-de","10":"first","11":"instock","12":"taxable","13":"shipping-taxable","14":"purchasable","15":"product-type-variable"},"yoast_head":"<!-- This site is optimized with the Yoast SEO plugin v27.4 - https:\/\/yoast.com\/product\/yoast-seo-wordpress\/ -->\n<title>Remember Forever<\/title>\n<meta name=\"description\" content=\"Unsere Erinnerungsurne mit silbernen Sternen ist eine wundersch\u00f6n gefertigte Urne, die einen kleinen Teil der Asche Ihres geliebten Menschen aufbewahrt.\" \/>\n<meta name=\"robots\" content=\"index, follow, max-snippet:-1, max-image-preview:large, max-video-preview:-1\" \/>\n<link rel=\"canonical\" href=\"https:\/\/www.rememberme-forever.com\/de\/produkt\/set-von-gedenkurnen-zum-teilen-der-asche-2-6-stueck\/\" \/>\n<meta property=\"og:locale\" content=\"de_DE\" \/>\n<meta property=\"og:type\" content=\"article\" \/>\n<meta property=\"og:description\" content=\"Unsere Erinnerungsurne mit silbernen Sternen ist eine wundersch\u00f6n gefertigte Urne, die einen kleinen Teil der Asche Ihres geliebten Menschen aufbewahrt.\" \/>\n<meta property=\"og:url\" content=\"https:\/\/www.rememberme-forever.com\/de\/produkt\/set-von-gedenkurnen-zum-teilen-der-asche-2-6-stueck\/\" \/>\n<meta property=\"og:site_name\" content=\"Remember Forever\" \/>\n<meta property=\"article:modified_time\" content=\"2026-02-19T08:14:24+00:00\" \/>\n<meta property=\"og:image\" content=\"http:\/\/www.rememberme-forever.com\/wp-content\/uploads\/2023\/08\/set-of-keepsakes-urns.jpg\" \/>\n\t<meta property=\"og:image:width\" content=\"1024\" \/>\n\t<meta property=\"og:image:height\" content=\"1024\" \/>\n\t<meta property=\"og:image:type\" content=\"image\/jpeg\" \/>\n<meta name=\"twitter:card\" content=\"summary_large_image\" \/>\n<meta name=\"twitter:label1\" content=\"Gesch\u00e4tzte Lesezeit\" \/>\n\t<meta name=\"twitter:data1\" content=\"3\u00a0Minute\" \/>\n<script type=\"application\/ld+json\" class=\"yoast-schema-graph\">{\"@context\":\"https:\\\/\\\/schema.org\",\"@graph\":[{\"@type\":\"WebPage\",\"@id\":\"https:\\\/\\\/www.rememberme-forever.com\\\/de\\\/produkt\\\/set-von-gedenkurnen-zum-teilen-der-asche-2-6-stueck\\\/\",\"url\":\"https:\\\/\\\/www.rememberme-forever.com\\\/de\\\/produkt\\\/set-von-gedenkurnen-zum-teilen-der-asche-2-6-stueck\\\/\",\"name\":\"\",\"isPartOf\":{\"@id\":\"https:\\\/\\\/www.rememberme-forever.com\\\/de\\\/#website\"},\"primaryImageOfPage\":{\"@id\":\"https:\\\/\\\/www.rememberme-forever.com\\\/de\\\/produkt\\\/set-von-gedenkurnen-zum-teilen-der-asche-2-6-stueck\\\/#primaryimage\"},\"image\":{\"@id\":\"https:\\\/\\\/www.rememberme-forever.com\\\/de\\\/produkt\\\/set-von-gedenkurnen-zum-teilen-der-asche-2-6-stueck\\\/#primaryimage\"},\"thumbnailUrl\":\"https:\\\/\\\/www.rememberme-forever.com\\\/wp-content\\\/uploads\\\/2023\\\/08\\\/set-of-keepsakes-urns.jpg\",\"datePublished\":\"2023-04-05T11:10:28+00:00\",\"dateModified\":\"2026-02-19T08:14:24+00:00\",\"description\":\"Unsere Erinnerungsurne mit silbernen Sternen ist eine wundersch\u00f6n gefertigte Urne, die einen kleinen Teil der Asche Ihres geliebten Menschen aufbewahrt.\",\"breadcrumb\":{\"@id\":\"https:\\\/\\\/www.rememberme-forever.com\\\/de\\\/produkt\\\/set-von-gedenkurnen-zum-teilen-der-asche-2-6-stueck\\\/#breadcrumb\"},\"inLanguage\":\"de\",\"potentialAction\":[{\"@type\":\"ReadAction\",\"target\":[\"https:\\\/\\\/www.rememberme-forever.com\\\/de\\\/produkt\\\/set-von-gedenkurnen-zum-teilen-der-asche-2-6-stueck\\\/\"]}]},{\"@type\":\"ImageObject\",\"inLanguage\":\"de\",\"@id\":\"https:\\\/\\\/www.rememberme-forever.com\\\/de\\\/produkt\\\/set-von-gedenkurnen-zum-teilen-der-asche-2-6-stueck\\\/#primaryimage\",\"url\":\"https:\\\/\\\/www.rememberme-forever.com\\\/wp-content\\\/uploads\\\/2023\\\/08\\\/set-of-keepsakes-urns.jpg\",\"contentUrl\":\"https:\\\/\\\/www.rememberme-forever.com\\\/wp-content\\\/uploads\\\/2023\\\/08\\\/set-of-keepsakes-urns.jpg\",\"width\":1024,\"height\":1024,\"caption\":\"Set-mit-6-Andenken, Set von Gedenkurnen\"},{\"@type\":\"BreadcrumbList\",\"@id\":\"https:\\\/\\\/www.rememberme-forever.com\\\/de\\\/produkt\\\/set-von-gedenkurnen-zum-teilen-der-asche-2-6-stueck\\\/#breadcrumb\",\"itemListElement\":[{\"@type\":\"ListItem\",\"position\":1,\"name\":\"Home\",\"item\":\"https:\\\/\\\/www.rememberme-forever.com\\\/de\\\/startseite\\\/\"},{\"@type\":\"ListItem\",\"position\":2,\"name\":\"Shop\",\"item\":\"https:\\\/\\\/www.rememberme-forever.com\\\/de\\\/shop\\\/\"},{\"@type\":\"ListItem\",\"position\":3,\"name\":\"Set von Gedenkurnen zum Teilen der Asche, 2-6 St\u00fcck\"}]},{\"@type\":\"WebSite\",\"@id\":\"https:\\\/\\\/www.rememberme-forever.com\\\/de\\\/#website\",\"url\":\"https:\\\/\\\/www.rememberme-forever.com\\\/de\\\/\",\"name\":\"Remember Forever\",\"description\":\"Cremation urns, funeral urns, urns for ashes\",\"publisher\":{\"@id\":\"https:\\\/\\\/www.rememberme-forever.com\\\/de\\\/#organization\"},\"potentialAction\":[{\"@type\":\"SearchAction\",\"target\":{\"@type\":\"EntryPoint\",\"urlTemplate\":\"https:\\\/\\\/www.rememberme-forever.com\\\/de\\\/?s={search_term_string}\"},\"query-input\":{\"@type\":\"PropertyValueSpecification\",\"valueRequired\":true,\"valueName\":\"search_term_string\"}}],\"inLanguage\":\"de\"},{\"@type\":\"Organization\",\"@id\":\"https:\\\/\\\/www.rememberme-forever.com\\\/de\\\/#organization\",\"name\":\"Remember Forever\",\"url\":\"https:\\\/\\\/www.rememberme-forever.com\\\/de\\\/\",\"logo\":{\"@type\":\"ImageObject\",\"inLanguage\":\"de\",\"@id\":\"https:\\\/\\\/www.rememberme-forever.com\\\/de\\\/#\\\/schema\\\/logo\\\/image\\\/\",\"url\":\"https:\\\/\\\/www.rememberme-forever.com\\\/wp-content\\\/uploads\\\/2023\\\/02\\\/logo.png\",\"contentUrl\":\"https:\\\/\\\/www.rememberme-forever.com\\\/wp-content\\\/uploads\\\/2023\\\/02\\\/logo.png\",\"width\":300,\"height\":56,\"caption\":\"Remember Forever\"},\"image\":{\"@id\":\"https:\\\/\\\/www.rememberme-forever.com\\\/de\\\/#\\\/schema\\\/logo\\\/image\\\/\"}}]}<\/script>\n<!-- \/ Yoast SEO plugin. -->","yoast_head_json":{"title":"Remember Forever","description":"Unsere Erinnerungsurne mit silbernen Sternen ist eine wundersch\u00f6n gefertigte Urne, die einen kleinen Teil der Asche Ihres geliebten Menschen aufbewahrt.","robots":{"index":"index","follow":"follow","max-snippet":"max-snippet:-1","max-image-preview":"max-image-preview:large","max-video-preview":"max-video-preview:-1"},"canonical":"https:\/\/www.rememberme-forever.com\/de\/produkt\/set-von-gedenkurnen-zum-teilen-der-asche-2-6-stueck\/","og_locale":"de_DE","og_type":"article","og_description":"Unsere Erinnerungsurne mit silbernen Sternen ist eine wundersch\u00f6n gefertigte Urne, die einen kleinen Teil der Asche Ihres geliebten Menschen aufbewahrt.","og_url":"https:\/\/www.rememberme-forever.com\/de\/produkt\/set-von-gedenkurnen-zum-teilen-der-asche-2-6-stueck\/","og_site_name":"Remember Forever","article_modified_time":"2026-02-19T08:14:24+00:00","og_image":[{"width":1024,"height":1024,"url":"http:\/\/www.rememberme-forever.com\/wp-content\/uploads\/2023\/08\/set-of-keepsakes-urns.jpg","type":"image\/jpeg"}],"twitter_card":"summary_large_image","twitter_misc":{"Gesch\u00e4tzte Lesezeit":"3\u00a0Minute"},"schema":{"@context":"https:\/\/schema.org","@graph":[{"@type":"WebPage","@id":"https:\/\/www.rememberme-forever.com\/de\/produkt\/set-von-gedenkurnen-zum-teilen-der-asche-2-6-stueck\/","url":"https:\/\/www.rememberme-forever.com\/de\/produkt\/set-von-gedenkurnen-zum-teilen-der-asche-2-6-stueck\/","name":"","isPartOf":{"@id":"https:\/\/www.rememberme-forever.com\/de\/#website"},"primaryImageOfPage":{"@id":"https:\/\/www.rememberme-forever.com\/de\/produkt\/set-von-gedenkurnen-zum-teilen-der-asche-2-6-stueck\/#primaryimage"},"image":{"@id":"https:\/\/www.rememberme-forever.com\/de\/produkt\/set-von-gedenkurnen-zum-teilen-der-asche-2-6-stueck\/#primaryimage"},"thumbnailUrl":"https:\/\/www.rememberme-forever.com\/wp-content\/uploads\/2023\/08\/set-of-keepsakes-urns.jpg","datePublished":"2023-04-05T11:10:28+00:00","dateModified":"2026-02-19T08:14:24+00:00","description":"Unsere Erinnerungsurne mit silbernen Sternen ist eine wundersch\u00f6n gefertigte Urne, die einen kleinen Teil der Asche Ihres geliebten Menschen aufbewahrt.","breadcrumb":{"@id":"https:\/\/www.rememberme-forever.com\/de\/produkt\/set-von-gedenkurnen-zum-teilen-der-asche-2-6-stueck\/#breadcrumb"},"inLanguage":"de","potentialAction":[{"@type":"ReadAction","target":["https:\/\/www.rememberme-forever.com\/de\/produkt\/set-von-gedenkurnen-zum-teilen-der-asche-2-6-stueck\/"]}]},{"@type":"ImageObject","inLanguage":"de","@id":"https:\/\/www.rememberme-forever.com\/de\/produkt\/set-von-gedenkurnen-zum-teilen-der-asche-2-6-stueck\/#primaryimage","url":"https:\/\/www.rememberme-forever.com\/wp-content\/uploads\/2023\/08\/set-of-keepsakes-urns.jpg","contentUrl":"https:\/\/www.rememberme-forever.com\/wp-content\/uploads\/2023\/08\/set-of-keepsakes-urns.jpg","width":1024,"height":1024,"caption":"Set-mit-6-Andenken, Set von Gedenkurnen"},{"@type":"BreadcrumbList","@id":"https:\/\/www.rememberme-forever.com\/de\/produkt\/set-von-gedenkurnen-zum-teilen-der-asche-2-6-stueck\/#breadcrumb","itemListElement":[{"@type":"ListItem","position":1,"name":"Home","item":"https:\/\/www.rememberme-forever.com\/de\/startseite\/"},{"@type":"ListItem","position":2,"name":"Shop","item":"https:\/\/www.rememberme-forever.com\/de\/shop\/"},{"@type":"ListItem","position":3,"name":"Set von Gedenkurnen zum Teilen der Asche, 2-6 St\u00fcck"}]},{"@type":"WebSite","@id":"https:\/\/www.rememberme-forever.com\/de\/#website","url":"https:\/\/www.rememberme-forever.com\/de\/","name":"Remember Forever","description":"Cremation urns, funeral urns, urns for ashes","publisher":{"@id":"https:\/\/www.rememberme-forever.com\/de\/#organization"},"potentialAction":[{"@type":"SearchAction","target":{"@type":"EntryPoint","urlTemplate":"https:\/\/www.rememberme-forever.com\/de\/?s={search_term_string}"},"query-input":{"@type":"PropertyValueSpecification","valueRequired":true,"valueName":"search_term_string"}}],"inLanguage":"de"},{"@type":"Organization","@id":"https:\/\/www.rememberme-forever.com\/de\/#organization","name":"Remember Forever","url":"https:\/\/www.rememberme-forever.com\/de\/","logo":{"@type":"ImageObject","inLanguage":"de","@id":"https:\/\/www.rememberme-forever.com\/de\/#\/schema\/logo\/image\/","url":"https:\/\/www.rememberme-forever.com\/wp-content\/uploads\/2023\/02\/logo.png","contentUrl":"https:\/\/www.rememberme-forever.com\/wp-content\/uploads\/2023\/02\/logo.png","width":300,"height":56,"caption":"Remember Forever"},"image":{"@id":"https:\/\/www.rememberme-forever.com\/de\/#\/schema\/logo\/image\/"}}]}},"acf":[],"_links":{"self":[{"href":"https:\/\/www.rememberme-forever.com\/de\/wp-json\/wp\/v2\/product\/25013","targetHints":{"allow":["GET"]}}],"collection":[{"href":"https:\/\/www.rememberme-forever.com\/de\/wp-json\/wp\/v2\/product"}],"about":[{"href":"https:\/\/www.rememberme-forever.com\/de\/wp-json\/wp\/v2\/types\/product"}],"wp:featuredmedia":[{"embeddable":true,"href":"https:\/\/www.rememberme-forever.com\/de\/wp-json\/wp\/v2\/media\/25012"}],"wp:attachment":[{"href":"https:\/\/www.rememberme-forever.com\/de\/wp-json\/wp\/v2\/media?parent=25013"}],"wp:term":[{"taxonomy":"product_brand","embeddable":true,"href":"https:\/\/www.rememberme-forever.com\/de\/wp-json\/wp\/v2\/product_brand?post=25013"},{"taxonomy":"product_cat","embeddable":true,"href":"https:\/\/www.rememberme-forever.com\/de\/wp-json\/wp\/v2\/product_cat?post=25013"},{"taxonomy":"product_tag","embeddable":true,"href":"https:\/\/www.rememberme-forever.com\/de\/wp-json\/wp\/v2\/product_tag?post=25013"}],"curies":[{"name":"wp","href":"https:\/\/api.w.org\/{rel}","templated":true}]}}