{"id":25123,"date":"2023-04-06T12:59:17","date_gmt":"2023-04-06T10:59:17","guid":{"rendered":"https:\/\/www.rememberme-forever.com\/product\/edelstahlbox-fuer-asche-silberne-kremationsbox\/"},"modified":"2026-02-19T10:56:00","modified_gmt":"2026-02-19T09:56:00","slug":"edelstahlbox-fuer-asche-silberne-kremationsbox","status":"publish","type":"product","link":"https:\/\/www.rememberme-forever.com\/de\/produkt\/edelstahlbox-fuer-asche-silberne-kremationsbox\/","title":{"rendered":"Edelstahlbox f\u00fcr Asche, silberne Kremationsbox"},"content":{"rendered":"<div style=\"width: 100%; margin-bottom: 40px; height: max-content; padding-bottom: 60%; position: relative;\"><iframe style=\"position: absolute; top: 0; left: 0; width: 100%; height: 100%;\" src=\"https:\/\/rememberme-urns.com\/stainless-steel-box-for-ashes\/\" frameborder=\"0\"><\/iframe><\/div>\n<div style=\"color: red; text-align: center; margin-bottom: 25px;\">\n<p>&gt;&gt; Drehendes Foto \u2013 Tippen\/Zoomen &lt;&lt;<\/p>\n<\/div>\n<h2 style=\"text-align: center;\">Edelstahlbox f\u00fcr Asche<\/h2>\n<p style=\"text-align: center;\">Entdecken Sie unsere beeindruckende <strong>Edelstahlbox f\u00fcr Asche<\/strong>, die perfekte M\u00f6glichkeit, die Erinnerung an Ihre Liebsten zu ehren. Sorgf\u00e4ltig aus hochwertigen Materialien gefertigt, ist diese wundersch\u00f6ne silberne Kremationsbox daf\u00fcr konzipiert, die \u00dcberreste Ihrer Liebsten sicher und w\u00fcrdevoll aufzubewahren.<\/p>\n<p><iframe loading=\"lazy\" title=\"Stainless steel box for ashes\" width=\"640\" height=\"360\" src=\"https:\/\/www.youtube.com\/embed\/ocfkTD2ydIU?feature=oembed\" frameborder=\"0\" allow=\"accelerometer; autoplay; clipboard-write; encrypted-media; gyroscope; picture-in-picture; web-share\" referrerpolicy=\"strict-origin-when-cross-origin\" allowfullscreen><\/iframe><\/p>\n<p style=\"text-align: center;\">Unser einzigartiges Design erm\u00f6glicht es Ihnen, die Box mit einer Reihe von Emblemen, darunter ein Kreuz, eine Rose oder ein Schmetterling, zu personalisieren und so eine besondere Note zu verleihen. Zus\u00e4tzlich k\u00f6nnen Sie eine silberne Gedenkplakette auf der Oberseite der Box anbringen, die mit einer individuellen Nachricht, einem Namen und Daten graviert werden kann.<\/p>\n<p style=\"text-align: center;\">Die Box ist aus hochwertigem Edelstahl gefertigt, was ihre Langlebigkeit und Robustheit gew\u00e4hrleistet. Die glatte, polierte Oberfl\u00e4che verleiht ihr ein elegantes und zeitloses Aussehen, das zu jeder Einrichtung passt.<\/p>\n<p><img loading=\"lazy\" decoding=\"async\" class=\" wp-image-1238 aligncenter\" src=\"http:\/\/www.rememberme-forever.com\/wp-content\/uploads\/2023\/04\/box-for-ashes-inside-300x300.jpg\" alt=\"Eckkasten f\u00fcr die Asche\" width=\"159\" height=\"159\" srcset=\"https:\/\/www.rememberme-forever.com\/wp-content\/uploads\/2023\/04\/box-for-ashes-inside-300x300.jpg 300w, https:\/\/www.rememberme-forever.com\/wp-content\/uploads\/2023\/04\/box-for-ashes-inside-150x150.jpg 150w, https:\/\/www.rememberme-forever.com\/wp-content\/uploads\/2023\/04\/box-for-ashes-inside-768x768.jpg 768w, https:\/\/www.rememberme-forever.com\/wp-content\/uploads\/2023\/04\/box-for-ashes-inside-600x600.jpg 600w, https:\/\/www.rememberme-forever.com\/wp-content\/uploads\/2023\/04\/box-for-ashes-inside-100x100.jpg 100w, https:\/\/www.rememberme-forever.com\/wp-content\/uploads\/2023\/04\/box-for-ashes-inside-64x64.jpg 64w, https:\/\/www.rememberme-forever.com\/wp-content\/uploads\/2023\/04\/box-for-ashes-inside.jpg 1024w\" sizes=\"auto, (max-width: 159px) 100vw, 159px\" \/><\/p>\n<p style=\"text-align: center;\">Im Inneren der Box finden Sie eine weiche Samtauskleidung, die den Inhalt sch\u00fctzt und sicher aufbewahrt.<\/p>\n<p style=\"text-align: center;\">Perfekte Form und solide Verarbeitung.<\/p>\n<p>&nbsp;<\/p>\n<h3 style=\"text-align: center;\"><strong>PERSONALISIERUNG<\/strong><\/h3>\n<p style=\"text-align: center;\">Die personalisierte Gedenktafel muss bei der Bestellung individuell gestaltet werden. (Bitte keine Panik, wenn Sie das vergessen haben, denn Sie k\u00f6nnen uns auch noch nachtr\u00e4glich eine Nachricht schicken).<\/p>\n<p><img loading=\"lazy\" decoding=\"async\" class=\" wp-image-1250 aligncenter\" src=\"http:\/\/www.rememberme-forever.com\/wp-content\/uploads\/2023\/04\/engraved-box-for-ashes-300x300.jpg\" alt=\"gravierte Box f\u00fcr Asche\" width=\"167\" height=\"167\" srcset=\"https:\/\/www.rememberme-forever.com\/wp-content\/uploads\/2023\/04\/engraved-box-for-ashes-300x300.jpg 300w, https:\/\/www.rememberme-forever.com\/wp-content\/uploads\/2023\/04\/engraved-box-for-ashes-150x150.jpg 150w, https:\/\/www.rememberme-forever.com\/wp-content\/uploads\/2023\/04\/engraved-box-for-ashes-768x768.jpg 768w, https:\/\/www.rememberme-forever.com\/wp-content\/uploads\/2023\/04\/engraved-box-for-ashes-600x600.jpg 600w, https:\/\/www.rememberme-forever.com\/wp-content\/uploads\/2023\/04\/engraved-box-for-ashes-100x100.jpg 100w, https:\/\/www.rememberme-forever.com\/wp-content\/uploads\/2023\/04\/engraved-box-for-ashes-64x64.jpg 64w, https:\/\/www.rememberme-forever.com\/wp-content\/uploads\/2023\/04\/engraved-box-for-ashes.jpg 1024w\" sizes=\"auto, (max-width: 167px) 100vw, 167px\" \/><\/p>\n<p style=\"text-align: center;\">Bitte \u00fcberpr\u00fcfen Sie den zu gravierenden Text sorgf\u00e4ltig, bevor Sie den Artikel in den Warenkorb legen. Wir kopieren und gravieren genau die Informationen, die wir mit der Bestellung erhalten und nehmen bei uns keine \u00c4nderungen vor.<\/p>\n<p style=\"text-align: center;\"><strong>Bitte \u00fcberpr\u00fcfen Sie den Text, um sicherzustellen, dass alle Schreibweisen korrekt sind.<\/strong><\/p>\n","protected":false},"excerpt":{"rendered":"<p>Silberne Box f\u00fcr Asche. Solide Edelstahlbox f\u00fcr Kremations\u00fcberreste.<\/p>\n<p><strong>Geeignet f\u00fcr die Asche einer Person mit einem K\u00f6rpergewicht von bis zu ca. 104 kg oder 231 Pfund. <\/strong><\/p>\n<p>\u2705 Diese Urne ist nicht f\u00fcr den Au\u00dfenbereich geeignet. Bitte sehen Sie sich unsere <a href=\"https:\/\/www.rememberme-forever.com\/de\/produkt-kategorie\/urnen-fur-den-ausenbereich\/\" target=\"_blank\" rel=\"noopener\"><strong>Outdoor-Urnen &gt;&gt;<\/strong><\/a><\/p>\n","protected":false},"featured_media":25121,"template":"","meta":{"_acf_changed":false},"product_brand":[],"product_cat":[2340],"product_tag":[3349],"class_list":{"0":"post-25123","1":"product","2":"type-product","3":"status-publish","4":"has-post-thumbnail","6":"product_cat-metallurnen","7":"product_tag-gpsr-metal_wood_cover","8":"product_shipping_class-2-4kg","10":"first","11":"instock","12":"taxable","13":"shipping-taxable","14":"purchasable","15":"product-type-variable"},"yoast_head":"<!-- This site is optimized with the Yoast SEO plugin v27.4 - https:\/\/yoast.com\/product\/yoast-seo-wordpress\/ -->\n<title>Remember Forever<\/title>\n<meta name=\"description\" content=\"Entdecken Sie unsere beeindruckende Edelstahlbox f\u00fcr Asche, die perfekte M\u00f6glichkeit, die Erinnerung an Ihre Liebsten zu ehren. Perfekte Form und solide Verarbeitung.\" \/>\n<meta name=\"robots\" content=\"index, follow, max-snippet:-1, max-image-preview:large, max-video-preview:-1\" \/>\n<link rel=\"canonical\" href=\"https:\/\/www.rememberme-forever.com\/de\/produkt\/edelstahlbox-fuer-asche-silberne-kremationsbox\/\" \/>\n<meta property=\"og:locale\" content=\"de_DE\" \/>\n<meta property=\"og:type\" content=\"article\" \/>\n<meta property=\"og:description\" content=\"Entdecken Sie unsere beeindruckende Edelstahlbox f\u00fcr Asche, die perfekte M\u00f6glichkeit, die Erinnerung an Ihre Liebsten zu ehren. Perfekte Form und solide Verarbeitung.\" \/>\n<meta property=\"og:url\" content=\"https:\/\/www.rememberme-forever.com\/de\/produkt\/edelstahlbox-fuer-asche-silberne-kremationsbox\/\" \/>\n<meta property=\"og:site_name\" content=\"Remember Forever\" \/>\n<meta property=\"article:modified_time\" content=\"2026-02-19T09:56:00+00:00\" \/>\n<meta property=\"og:image\" content=\"http:\/\/www.rememberme-forever.com\/wp-content\/uploads\/2023\/04\/stainless-steel-box-for-ashes.jpg\" \/>\n\t<meta property=\"og:image:width\" content=\"1024\" \/>\n\t<meta property=\"og:image:height\" content=\"1024\" \/>\n\t<meta property=\"og:image:type\" content=\"image\/jpeg\" \/>\n<meta name=\"twitter:card\" content=\"summary_large_image\" \/>\n<meta name=\"twitter:label1\" content=\"Gesch\u00e4tzte Lesezeit\" \/>\n\t<meta name=\"twitter:data1\" content=\"2\u00a0Minute\" \/>\n<script type=\"application\/ld+json\" class=\"yoast-schema-graph\">{\"@context\":\"https:\\\/\\\/schema.org\",\"@graph\":[{\"@type\":\"WebPage\",\"@id\":\"https:\\\/\\\/www.rememberme-forever.com\\\/de\\\/produkt\\\/edelstahlbox-fuer-asche-silberne-kremationsbox\\\/\",\"url\":\"https:\\\/\\\/www.rememberme-forever.com\\\/de\\\/produkt\\\/edelstahlbox-fuer-asche-silberne-kremationsbox\\\/\",\"name\":\"\",\"isPartOf\":{\"@id\":\"https:\\\/\\\/www.rememberme-forever.com\\\/de\\\/#website\"},\"primaryImageOfPage\":{\"@id\":\"https:\\\/\\\/www.rememberme-forever.com\\\/de\\\/produkt\\\/edelstahlbox-fuer-asche-silberne-kremationsbox\\\/#primaryimage\"},\"image\":{\"@id\":\"https:\\\/\\\/www.rememberme-forever.com\\\/de\\\/produkt\\\/edelstahlbox-fuer-asche-silberne-kremationsbox\\\/#primaryimage\"},\"thumbnailUrl\":\"https:\\\/\\\/www.rememberme-forever.com\\\/wp-content\\\/uploads\\\/2023\\\/04\\\/stainless-steel-box-for-ashes.jpg\",\"datePublished\":\"2023-04-06T10:59:17+00:00\",\"dateModified\":\"2026-02-19T09:56:00+00:00\",\"description\":\"Entdecken Sie unsere beeindruckende Edelstahlbox f\u00fcr Asche, die perfekte M\u00f6glichkeit, die Erinnerung an Ihre Liebsten zu ehren. Perfekte Form und solide Verarbeitung.\",\"breadcrumb\":{\"@id\":\"https:\\\/\\\/www.rememberme-forever.com\\\/de\\\/produkt\\\/edelstahlbox-fuer-asche-silberne-kremationsbox\\\/#breadcrumb\"},\"inLanguage\":\"de\",\"potentialAction\":[{\"@type\":\"ReadAction\",\"target\":[\"https:\\\/\\\/www.rememberme-forever.com\\\/de\\\/produkt\\\/edelstahlbox-fuer-asche-silberne-kremationsbox\\\/\"]}]},{\"@type\":\"ImageObject\",\"inLanguage\":\"de\",\"@id\":\"https:\\\/\\\/www.rememberme-forever.com\\\/de\\\/produkt\\\/edelstahlbox-fuer-asche-silberne-kremationsbox\\\/#primaryimage\",\"url\":\"https:\\\/\\\/www.rememberme-forever.com\\\/wp-content\\\/uploads\\\/2023\\\/04\\\/stainless-steel-box-for-ashes.jpg\",\"contentUrl\":\"https:\\\/\\\/www.rememberme-forever.com\\\/wp-content\\\/uploads\\\/2023\\\/04\\\/stainless-steel-box-for-ashes.jpg\",\"width\":1024,\"height\":1024,\"caption\":\"Edelstahlbox f\u00fcr Asche, Boxen f\u00fcr Asche, Edelstahl-Aschebox\"},{\"@type\":\"BreadcrumbList\",\"@id\":\"https:\\\/\\\/www.rememberme-forever.com\\\/de\\\/produkt\\\/edelstahlbox-fuer-asche-silberne-kremationsbox\\\/#breadcrumb\",\"itemListElement\":[{\"@type\":\"ListItem\",\"position\":1,\"name\":\"Home\",\"item\":\"https:\\\/\\\/www.rememberme-forever.com\\\/de\\\/startseite\\\/\"},{\"@type\":\"ListItem\",\"position\":2,\"name\":\"Shop\",\"item\":\"https:\\\/\\\/www.rememberme-forever.com\\\/de\\\/shop\\\/\"},{\"@type\":\"ListItem\",\"position\":3,\"name\":\"Edelstahlbox f\u00fcr Asche, silberne Kremationsbox\"}]},{\"@type\":\"WebSite\",\"@id\":\"https:\\\/\\\/www.rememberme-forever.com\\\/de\\\/#website\",\"url\":\"https:\\\/\\\/www.rememberme-forever.com\\\/de\\\/\",\"name\":\"Remember Forever\",\"description\":\"Cremation urns, funeral urns, urns for ashes\",\"publisher\":{\"@id\":\"https:\\\/\\\/www.rememberme-forever.com\\\/de\\\/#organization\"},\"potentialAction\":[{\"@type\":\"SearchAction\",\"target\":{\"@type\":\"EntryPoint\",\"urlTemplate\":\"https:\\\/\\\/www.rememberme-forever.com\\\/de\\\/?s={search_term_string}\"},\"query-input\":{\"@type\":\"PropertyValueSpecification\",\"valueRequired\":true,\"valueName\":\"search_term_string\"}}],\"inLanguage\":\"de\"},{\"@type\":\"Organization\",\"@id\":\"https:\\\/\\\/www.rememberme-forever.com\\\/de\\\/#organization\",\"name\":\"Remember Forever\",\"url\":\"https:\\\/\\\/www.rememberme-forever.com\\\/de\\\/\",\"logo\":{\"@type\":\"ImageObject\",\"inLanguage\":\"de\",\"@id\":\"https:\\\/\\\/www.rememberme-forever.com\\\/de\\\/#\\\/schema\\\/logo\\\/image\\\/\",\"url\":\"https:\\\/\\\/www.rememberme-forever.com\\\/wp-content\\\/uploads\\\/2023\\\/02\\\/logo.png\",\"contentUrl\":\"https:\\\/\\\/www.rememberme-forever.com\\\/wp-content\\\/uploads\\\/2023\\\/02\\\/logo.png\",\"width\":300,\"height\":56,\"caption\":\"Remember Forever\"},\"image\":{\"@id\":\"https:\\\/\\\/www.rememberme-forever.com\\\/de\\\/#\\\/schema\\\/logo\\\/image\\\/\"}}]}<\/script>\n<!-- \/ Yoast SEO plugin. -->","yoast_head_json":{"title":"Remember Forever","description":"Entdecken Sie unsere beeindruckende Edelstahlbox f\u00fcr Asche, die perfekte M\u00f6glichkeit, die Erinnerung an Ihre Liebsten zu ehren. Perfekte Form und solide Verarbeitung.","robots":{"index":"index","follow":"follow","max-snippet":"max-snippet:-1","max-image-preview":"max-image-preview:large","max-video-preview":"max-video-preview:-1"},"canonical":"https:\/\/www.rememberme-forever.com\/de\/produkt\/edelstahlbox-fuer-asche-silberne-kremationsbox\/","og_locale":"de_DE","og_type":"article","og_description":"Entdecken Sie unsere beeindruckende Edelstahlbox f\u00fcr Asche, die perfekte M\u00f6glichkeit, die Erinnerung an Ihre Liebsten zu ehren. Perfekte Form und solide Verarbeitung.","og_url":"https:\/\/www.rememberme-forever.com\/de\/produkt\/edelstahlbox-fuer-asche-silberne-kremationsbox\/","og_site_name":"Remember Forever","article_modified_time":"2026-02-19T09:56:00+00:00","og_image":[{"width":1024,"height":1024,"url":"http:\/\/www.rememberme-forever.com\/wp-content\/uploads\/2023\/04\/stainless-steel-box-for-ashes.jpg","type":"image\/jpeg"}],"twitter_card":"summary_large_image","twitter_misc":{"Gesch\u00e4tzte Lesezeit":"2\u00a0Minute"},"schema":{"@context":"https:\/\/schema.org","@graph":[{"@type":"WebPage","@id":"https:\/\/www.rememberme-forever.com\/de\/produkt\/edelstahlbox-fuer-asche-silberne-kremationsbox\/","url":"https:\/\/www.rememberme-forever.com\/de\/produkt\/edelstahlbox-fuer-asche-silberne-kremationsbox\/","name":"","isPartOf":{"@id":"https:\/\/www.rememberme-forever.com\/de\/#website"},"primaryImageOfPage":{"@id":"https:\/\/www.rememberme-forever.com\/de\/produkt\/edelstahlbox-fuer-asche-silberne-kremationsbox\/#primaryimage"},"image":{"@id":"https:\/\/www.rememberme-forever.com\/de\/produkt\/edelstahlbox-fuer-asche-silberne-kremationsbox\/#primaryimage"},"thumbnailUrl":"https:\/\/www.rememberme-forever.com\/wp-content\/uploads\/2023\/04\/stainless-steel-box-for-ashes.jpg","datePublished":"2023-04-06T10:59:17+00:00","dateModified":"2026-02-19T09:56:00+00:00","description":"Entdecken Sie unsere beeindruckende Edelstahlbox f\u00fcr Asche, die perfekte M\u00f6glichkeit, die Erinnerung an Ihre Liebsten zu ehren. Perfekte Form und solide Verarbeitung.","breadcrumb":{"@id":"https:\/\/www.rememberme-forever.com\/de\/produkt\/edelstahlbox-fuer-asche-silberne-kremationsbox\/#breadcrumb"},"inLanguage":"de","potentialAction":[{"@type":"ReadAction","target":["https:\/\/www.rememberme-forever.com\/de\/produkt\/edelstahlbox-fuer-asche-silberne-kremationsbox\/"]}]},{"@type":"ImageObject","inLanguage":"de","@id":"https:\/\/www.rememberme-forever.com\/de\/produkt\/edelstahlbox-fuer-asche-silberne-kremationsbox\/#primaryimage","url":"https:\/\/www.rememberme-forever.com\/wp-content\/uploads\/2023\/04\/stainless-steel-box-for-ashes.jpg","contentUrl":"https:\/\/www.rememberme-forever.com\/wp-content\/uploads\/2023\/04\/stainless-steel-box-for-ashes.jpg","width":1024,"height":1024,"caption":"Edelstahlbox f\u00fcr Asche, Boxen f\u00fcr Asche, Edelstahl-Aschebox"},{"@type":"BreadcrumbList","@id":"https:\/\/www.rememberme-forever.com\/de\/produkt\/edelstahlbox-fuer-asche-silberne-kremationsbox\/#breadcrumb","itemListElement":[{"@type":"ListItem","position":1,"name":"Home","item":"https:\/\/www.rememberme-forever.com\/de\/startseite\/"},{"@type":"ListItem","position":2,"name":"Shop","item":"https:\/\/www.rememberme-forever.com\/de\/shop\/"},{"@type":"ListItem","position":3,"name":"Edelstahlbox f\u00fcr Asche, silberne Kremationsbox"}]},{"@type":"WebSite","@id":"https:\/\/www.rememberme-forever.com\/de\/#website","url":"https:\/\/www.rememberme-forever.com\/de\/","name":"Remember Forever","description":"Cremation urns, funeral urns, urns for ashes","publisher":{"@id":"https:\/\/www.rememberme-forever.com\/de\/#organization"},"potentialAction":[{"@type":"SearchAction","target":{"@type":"EntryPoint","urlTemplate":"https:\/\/www.rememberme-forever.com\/de\/?s={search_term_string}"},"query-input":{"@type":"PropertyValueSpecification","valueRequired":true,"valueName":"search_term_string"}}],"inLanguage":"de"},{"@type":"Organization","@id":"https:\/\/www.rememberme-forever.com\/de\/#organization","name":"Remember Forever","url":"https:\/\/www.rememberme-forever.com\/de\/","logo":{"@type":"ImageObject","inLanguage":"de","@id":"https:\/\/www.rememberme-forever.com\/de\/#\/schema\/logo\/image\/","url":"https:\/\/www.rememberme-forever.com\/wp-content\/uploads\/2023\/02\/logo.png","contentUrl":"https:\/\/www.rememberme-forever.com\/wp-content\/uploads\/2023\/02\/logo.png","width":300,"height":56,"caption":"Remember Forever"},"image":{"@id":"https:\/\/www.rememberme-forever.com\/de\/#\/schema\/logo\/image\/"}}]}},"acf":[],"_links":{"self":[{"href":"https:\/\/www.rememberme-forever.com\/de\/wp-json\/wp\/v2\/product\/25123","targetHints":{"allow":["GET"]}}],"collection":[{"href":"https:\/\/www.rememberme-forever.com\/de\/wp-json\/wp\/v2\/product"}],"about":[{"href":"https:\/\/www.rememberme-forever.com\/de\/wp-json\/wp\/v2\/types\/product"}],"wp:featuredmedia":[{"embeddable":true,"href":"https:\/\/www.rememberme-forever.com\/de\/wp-json\/wp\/v2\/media\/25121"}],"wp:attachment":[{"href":"https:\/\/www.rememberme-forever.com\/de\/wp-json\/wp\/v2\/media?parent=25123"}],"wp:term":[{"taxonomy":"product_brand","embeddable":true,"href":"https:\/\/www.rememberme-forever.com\/de\/wp-json\/wp\/v2\/product_brand?post=25123"},{"taxonomy":"product_cat","embeddable":true,"href":"https:\/\/www.rememberme-forever.com\/de\/wp-json\/wp\/v2\/product_cat?post=25123"},{"taxonomy":"product_tag","embeddable":true,"href":"https:\/\/www.rememberme-forever.com\/de\/wp-json\/wp\/v2\/product_tag?post=25123"}],"curies":[{"name":"wp","href":"https:\/\/api.w.org\/{rel}","templated":true}]}}