{"id":25195,"date":"2023-04-11T09:34:33","date_gmt":"2023-04-11T07:34:33","guid":{"rendered":"https:\/\/www.rememberme-forever.com\/product\/gruene-stein-urne-fuer-asche-onyx-bestattungsurne\/"},"modified":"2026-02-19T11:41:12","modified_gmt":"2026-02-19T10:41:12","slug":"gruene-stein-urne-fuer-asche-onyx-bestattungsurne","status":"publish","type":"product","link":"https:\/\/www.rememberme-forever.com\/de\/produkt\/gruene-stein-urne-fuer-asche-onyx-bestattungsurne\/","title":{"rendered":"Gr\u00fcne Stein-Urne f\u00fcr Asche, Onyx-Bestattungsurne"},"content":{"rendered":"<h2 style=\"text-align: center;\">Gr\u00fcne Stein-Urne f\u00fcr Asche<\/h2>\n<p style=\"text-align: center;\">Diese wundersch\u00f6ne <strong>gr\u00fcne Stein-Urne f\u00fcr Asche<\/strong> ist eine wahrhaft einzigartige und bedeutungsvolle Art, das Leben eines geliebten Menschen zu ehren, der von uns gegangen ist. Gefertigt aus nat\u00fcrlichem Onyx-Stein, ist diese Bestattungsurne eine beeindruckende Darstellung nat\u00fcrlicher Sch\u00f6nheit.<\/p>\n<p style=\"text-align: center;\">Mit ihrem eleganten Design verf\u00fcgt diese Stein-Urne f\u00fcr menschliche Asche \u00fcber ein zartes Kreuz, eine Calla-Lilie oder eine Gedenkplakette, die in die Oberfl\u00e4che eingearbeitet ist und dem ohnehin schon beeindruckenden St\u00fcck eine pers\u00f6nliche Note verleiht.<\/p>\n<p style=\"text-align: center;\">Der Onyx-Stein, aus dem diese Urne gefertigt wird, ist bekannt f\u00fcr seine satte, tiefe F\u00e4rbung und das einzigartige Muster aus Streifen und \u00c4derungen, wodurch jede Urne zu einem einzigartigen Kunstwerk wird. Dieser Naturstein ist zudem \u00e4u\u00dferst langlebig und stellt sicher, dass diese wundersch\u00f6ne Urne die Zeit \u00fcberdauern wird.<\/p>\n<p style=\"text-align: center;\">Diese gr\u00fcne Stein-Urne f\u00fcr Asche ist die perfekte letzte Ruhest\u00e4tte f\u00fcr die Asche eines Erwachsenen und bietet eine w\u00fcrdevolle und sch\u00f6ne Art, deren Andenken zu ehren. Sie ist eine wundersch\u00f6ne und einzigartige M\u00f6glichkeit, die Erinnerung an Ihren geliebten Menschen lebendig zu halten und ein bleibendes Denkmal f\u00fcr dessen Leben zu schaffen.<\/p>\n<p>&nbsp;<\/p>\n<p style=\"text-align: center;\"><em><strong>Da es sich um ein Produkt aus nat\u00fcrlichen Materialien handelt, kann das Aussehen leicht abweichen.<\/strong><\/em><\/p>\n<p>&nbsp;<\/p>\n<h3 style=\"text-align: center;\"><strong>PERSONALISIERUNG<\/strong><\/h3>\n<p style=\"text-align: center;\">Die personalisierte Gedenktafel muss bei der Bestellung individuell gestaltet werden. (Bitte keine Panik, wenn Sie das vergessen haben, denn Sie k\u00f6nnen uns auch noch nachtr\u00e4glich eine Nachricht schicken).<\/p>\n<p style=\"text-align: center;\">Bitte \u00fcberpr\u00fcfen Sie den zu gravierenden Text sorgf\u00e4ltig, bevor Sie den Artikel in den Warenkorb legen. Wir kopieren und gravieren genau die Informationen, die wir mit der Bestellung erhalten und nehmen bei uns keine \u00c4nderungen vor.<\/p>\n<p style=\"text-align: center;\"><strong>Bitte \u00fcberpr\u00fcfen Sie den Text, um sicherzustellen, dass alle Schreibweisen korrekt sind.<\/strong><\/p>\n<p><strong><em><img loading=\"lazy\" decoding=\"async\" class=\" wp-image-1447 aligncenter\" src=\"http:\/\/www.rememberme-forever.com\/wp-content\/uploads\/2023\/04\/memorial-plaque-cremation-urn-gold-300x150.jpg\" alt=\"Gedenktafel Urne Gold\" width=\"266\" height=\"133\" srcset=\"https:\/\/www.rememberme-forever.com\/wp-content\/uploads\/2023\/04\/memorial-plaque-cremation-urn-gold-300x150.jpg 300w, https:\/\/www.rememberme-forever.com\/wp-content\/uploads\/2023\/04\/memorial-plaque-cremation-urn-gold-64x32.jpg 64w, https:\/\/www.rememberme-forever.com\/wp-content\/uploads\/2023\/04\/memorial-plaque-cremation-urn-gold.jpg 448w\" sizes=\"auto, (max-width: 266px) 100vw, 266px\" \/><\/em><\/strong><\/p>\n","protected":false},"excerpt":{"rendered":"<p>Einzigartige nat\u00fcrliche gr\u00fcne Onyx-Urne f\u00fcr menschliche Asche. Es gibt keine zwei identischen Exemplare.<\/p>\n<p><em><strong>Geeignet f\u00fcr ein K\u00f6rpergewicht von ca. 138 kg oder weniger.<\/strong><\/em><\/p>\n","protected":false},"featured_media":25194,"template":"","meta":{"_acf_changed":false},"product_brand":[],"product_cat":[2343],"product_tag":[3366],"class_list":{"0":"post-25195","1":"product","2":"type-product","3":"status-publish","4":"has-post-thumbnail","6":"product_cat-steinurnen","7":"product_tag-gpsr-stone-urns","8":"product_shipping_class-5-10kg-de","10":"first","11":"instock","12":"taxable","13":"shipping-taxable","14":"purchasable","15":"product-type-variable"},"yoast_head":"<!-- This site is optimized with the Yoast SEO plugin v27.4 - https:\/\/yoast.com\/product\/yoast-seo-wordpress\/ -->\n<title>Remember Forever<\/title>\n<meta name=\"description\" content=\"Diese wundersch\u00f6ne gr\u00fcne Stein-Urne f\u00fcr Asche ist eine wahrhaft einzigartige und bedeutungsvolle Art, das Leben eines geliebten Menschen zu ehren, der von uns gegangen ist.\" \/>\n<meta name=\"robots\" content=\"index, follow, max-snippet:-1, max-image-preview:large, max-video-preview:-1\" \/>\n<link rel=\"canonical\" href=\"https:\/\/www.rememberme-forever.com\/de\/produkt\/gruene-stein-urne-fuer-asche-onyx-bestattungsurne\/\" \/>\n<meta property=\"og:locale\" content=\"de_DE\" \/>\n<meta property=\"og:type\" content=\"article\" \/>\n<meta property=\"og:description\" content=\"Diese wundersch\u00f6ne gr\u00fcne Stein-Urne f\u00fcr Asche ist eine wahrhaft einzigartige und bedeutungsvolle Art, das Leben eines geliebten Menschen zu ehren, der von uns gegangen ist.\" \/>\n<meta property=\"og:url\" content=\"https:\/\/www.rememberme-forever.com\/de\/produkt\/gruene-stein-urne-fuer-asche-onyx-bestattungsurne\/\" \/>\n<meta property=\"og:site_name\" content=\"Remember Forever\" \/>\n<meta property=\"article:modified_time\" content=\"2026-02-19T10:41:12+00:00\" \/>\n<meta property=\"og:image\" content=\"http:\/\/www.rememberme-forever.com\/wp-content\/uploads\/2024\/03\/img_2D_0001-1.jpg\" \/>\n\t<meta property=\"og:image:width\" content=\"1007\" \/>\n\t<meta property=\"og:image:height\" content=\"1024\" \/>\n\t<meta property=\"og:image:type\" content=\"image\/jpeg\" \/>\n<meta name=\"twitter:card\" content=\"summary_large_image\" \/>\n<meta name=\"twitter:label1\" content=\"Gesch\u00e4tzte Lesezeit\" \/>\n\t<meta name=\"twitter:data1\" content=\"2\u00a0Minute\" \/>\n<script type=\"application\/ld+json\" class=\"yoast-schema-graph\">{\"@context\":\"https:\\\/\\\/schema.org\",\"@graph\":[{\"@type\":\"WebPage\",\"@id\":\"https:\\\/\\\/www.rememberme-forever.com\\\/de\\\/produkt\\\/gruene-stein-urne-fuer-asche-onyx-bestattungsurne\\\/\",\"url\":\"https:\\\/\\\/www.rememberme-forever.com\\\/de\\\/produkt\\\/gruene-stein-urne-fuer-asche-onyx-bestattungsurne\\\/\",\"name\":\"\",\"isPartOf\":{\"@id\":\"https:\\\/\\\/www.rememberme-forever.com\\\/de\\\/#website\"},\"primaryImageOfPage\":{\"@id\":\"https:\\\/\\\/www.rememberme-forever.com\\\/de\\\/produkt\\\/gruene-stein-urne-fuer-asche-onyx-bestattungsurne\\\/#primaryimage\"},\"image\":{\"@id\":\"https:\\\/\\\/www.rememberme-forever.com\\\/de\\\/produkt\\\/gruene-stein-urne-fuer-asche-onyx-bestattungsurne\\\/#primaryimage\"},\"thumbnailUrl\":\"https:\\\/\\\/www.rememberme-forever.com\\\/wp-content\\\/uploads\\\/2024\\\/03\\\/img_2D_0001-1.jpg\",\"datePublished\":\"2023-04-11T07:34:33+00:00\",\"dateModified\":\"2026-02-19T10:41:12+00:00\",\"description\":\"Diese wundersch\u00f6ne gr\u00fcne Stein-Urne f\u00fcr Asche ist eine wahrhaft einzigartige und bedeutungsvolle Art, das Leben eines geliebten Menschen zu ehren, der von uns gegangen ist.\",\"breadcrumb\":{\"@id\":\"https:\\\/\\\/www.rememberme-forever.com\\\/de\\\/produkt\\\/gruene-stein-urne-fuer-asche-onyx-bestattungsurne\\\/#breadcrumb\"},\"inLanguage\":\"de\",\"potentialAction\":[{\"@type\":\"ReadAction\",\"target\":[\"https:\\\/\\\/www.rememberme-forever.com\\\/de\\\/produkt\\\/gruene-stein-urne-fuer-asche-onyx-bestattungsurne\\\/\"]}]},{\"@type\":\"ImageObject\",\"inLanguage\":\"de\",\"@id\":\"https:\\\/\\\/www.rememberme-forever.com\\\/de\\\/produkt\\\/gruene-stein-urne-fuer-asche-onyx-bestattungsurne\\\/#primaryimage\",\"url\":\"https:\\\/\\\/www.rememberme-forever.com\\\/wp-content\\\/uploads\\\/2024\\\/03\\\/img_2D_0001-1.jpg\",\"contentUrl\":\"https:\\\/\\\/www.rememberme-forever.com\\\/wp-content\\\/uploads\\\/2024\\\/03\\\/img_2D_0001-1.jpg\",\"width\":1007,\"height\":1024,\"caption\":\"gr\u00fcne Stein-Urne\"},{\"@type\":\"BreadcrumbList\",\"@id\":\"https:\\\/\\\/www.rememberme-forever.com\\\/de\\\/produkt\\\/gruene-stein-urne-fuer-asche-onyx-bestattungsurne\\\/#breadcrumb\",\"itemListElement\":[{\"@type\":\"ListItem\",\"position\":1,\"name\":\"Home\",\"item\":\"https:\\\/\\\/www.rememberme-forever.com\\\/de\\\/startseite\\\/\"},{\"@type\":\"ListItem\",\"position\":2,\"name\":\"Shop\",\"item\":\"https:\\\/\\\/www.rememberme-forever.com\\\/de\\\/shop\\\/\"},{\"@type\":\"ListItem\",\"position\":3,\"name\":\"Gr\u00fcne Stein-Urne f\u00fcr Asche, Onyx-Bestattungsurne\"}]},{\"@type\":\"WebSite\",\"@id\":\"https:\\\/\\\/www.rememberme-forever.com\\\/de\\\/#website\",\"url\":\"https:\\\/\\\/www.rememberme-forever.com\\\/de\\\/\",\"name\":\"Remember Forever\",\"description\":\"Cremation urns, funeral urns, urns for ashes\",\"publisher\":{\"@id\":\"https:\\\/\\\/www.rememberme-forever.com\\\/de\\\/#organization\"},\"potentialAction\":[{\"@type\":\"SearchAction\",\"target\":{\"@type\":\"EntryPoint\",\"urlTemplate\":\"https:\\\/\\\/www.rememberme-forever.com\\\/de\\\/?s={search_term_string}\"},\"query-input\":{\"@type\":\"PropertyValueSpecification\",\"valueRequired\":true,\"valueName\":\"search_term_string\"}}],\"inLanguage\":\"de\"},{\"@type\":\"Organization\",\"@id\":\"https:\\\/\\\/www.rememberme-forever.com\\\/de\\\/#organization\",\"name\":\"Remember Forever\",\"url\":\"https:\\\/\\\/www.rememberme-forever.com\\\/de\\\/\",\"logo\":{\"@type\":\"ImageObject\",\"inLanguage\":\"de\",\"@id\":\"https:\\\/\\\/www.rememberme-forever.com\\\/de\\\/#\\\/schema\\\/logo\\\/image\\\/\",\"url\":\"https:\\\/\\\/www.rememberme-forever.com\\\/wp-content\\\/uploads\\\/2023\\\/02\\\/logo.png\",\"contentUrl\":\"https:\\\/\\\/www.rememberme-forever.com\\\/wp-content\\\/uploads\\\/2023\\\/02\\\/logo.png\",\"width\":300,\"height\":56,\"caption\":\"Remember Forever\"},\"image\":{\"@id\":\"https:\\\/\\\/www.rememberme-forever.com\\\/de\\\/#\\\/schema\\\/logo\\\/image\\\/\"}}]}<\/script>\n<!-- \/ Yoast SEO plugin. -->","yoast_head_json":{"title":"Remember Forever","description":"Diese wundersch\u00f6ne gr\u00fcne Stein-Urne f\u00fcr Asche ist eine wahrhaft einzigartige und bedeutungsvolle Art, das Leben eines geliebten Menschen zu ehren, der von uns gegangen ist.","robots":{"index":"index","follow":"follow","max-snippet":"max-snippet:-1","max-image-preview":"max-image-preview:large","max-video-preview":"max-video-preview:-1"},"canonical":"https:\/\/www.rememberme-forever.com\/de\/produkt\/gruene-stein-urne-fuer-asche-onyx-bestattungsurne\/","og_locale":"de_DE","og_type":"article","og_description":"Diese wundersch\u00f6ne gr\u00fcne Stein-Urne f\u00fcr Asche ist eine wahrhaft einzigartige und bedeutungsvolle Art, das Leben eines geliebten Menschen zu ehren, der von uns gegangen ist.","og_url":"https:\/\/www.rememberme-forever.com\/de\/produkt\/gruene-stein-urne-fuer-asche-onyx-bestattungsurne\/","og_site_name":"Remember Forever","article_modified_time":"2026-02-19T10:41:12+00:00","og_image":[{"width":1007,"height":1024,"url":"http:\/\/www.rememberme-forever.com\/wp-content\/uploads\/2024\/03\/img_2D_0001-1.jpg","type":"image\/jpeg"}],"twitter_card":"summary_large_image","twitter_misc":{"Gesch\u00e4tzte Lesezeit":"2\u00a0Minute"},"schema":{"@context":"https:\/\/schema.org","@graph":[{"@type":"WebPage","@id":"https:\/\/www.rememberme-forever.com\/de\/produkt\/gruene-stein-urne-fuer-asche-onyx-bestattungsurne\/","url":"https:\/\/www.rememberme-forever.com\/de\/produkt\/gruene-stein-urne-fuer-asche-onyx-bestattungsurne\/","name":"","isPartOf":{"@id":"https:\/\/www.rememberme-forever.com\/de\/#website"},"primaryImageOfPage":{"@id":"https:\/\/www.rememberme-forever.com\/de\/produkt\/gruene-stein-urne-fuer-asche-onyx-bestattungsurne\/#primaryimage"},"image":{"@id":"https:\/\/www.rememberme-forever.com\/de\/produkt\/gruene-stein-urne-fuer-asche-onyx-bestattungsurne\/#primaryimage"},"thumbnailUrl":"https:\/\/www.rememberme-forever.com\/wp-content\/uploads\/2024\/03\/img_2D_0001-1.jpg","datePublished":"2023-04-11T07:34:33+00:00","dateModified":"2026-02-19T10:41:12+00:00","description":"Diese wundersch\u00f6ne gr\u00fcne Stein-Urne f\u00fcr Asche ist eine wahrhaft einzigartige und bedeutungsvolle Art, das Leben eines geliebten Menschen zu ehren, der von uns gegangen ist.","breadcrumb":{"@id":"https:\/\/www.rememberme-forever.com\/de\/produkt\/gruene-stein-urne-fuer-asche-onyx-bestattungsurne\/#breadcrumb"},"inLanguage":"de","potentialAction":[{"@type":"ReadAction","target":["https:\/\/www.rememberme-forever.com\/de\/produkt\/gruene-stein-urne-fuer-asche-onyx-bestattungsurne\/"]}]},{"@type":"ImageObject","inLanguage":"de","@id":"https:\/\/www.rememberme-forever.com\/de\/produkt\/gruene-stein-urne-fuer-asche-onyx-bestattungsurne\/#primaryimage","url":"https:\/\/www.rememberme-forever.com\/wp-content\/uploads\/2024\/03\/img_2D_0001-1.jpg","contentUrl":"https:\/\/www.rememberme-forever.com\/wp-content\/uploads\/2024\/03\/img_2D_0001-1.jpg","width":1007,"height":1024,"caption":"gr\u00fcne Stein-Urne"},{"@type":"BreadcrumbList","@id":"https:\/\/www.rememberme-forever.com\/de\/produkt\/gruene-stein-urne-fuer-asche-onyx-bestattungsurne\/#breadcrumb","itemListElement":[{"@type":"ListItem","position":1,"name":"Home","item":"https:\/\/www.rememberme-forever.com\/de\/startseite\/"},{"@type":"ListItem","position":2,"name":"Shop","item":"https:\/\/www.rememberme-forever.com\/de\/shop\/"},{"@type":"ListItem","position":3,"name":"Gr\u00fcne Stein-Urne f\u00fcr Asche, Onyx-Bestattungsurne"}]},{"@type":"WebSite","@id":"https:\/\/www.rememberme-forever.com\/de\/#website","url":"https:\/\/www.rememberme-forever.com\/de\/","name":"Remember Forever","description":"Cremation urns, funeral urns, urns for ashes","publisher":{"@id":"https:\/\/www.rememberme-forever.com\/de\/#organization"},"potentialAction":[{"@type":"SearchAction","target":{"@type":"EntryPoint","urlTemplate":"https:\/\/www.rememberme-forever.com\/de\/?s={search_term_string}"},"query-input":{"@type":"PropertyValueSpecification","valueRequired":true,"valueName":"search_term_string"}}],"inLanguage":"de"},{"@type":"Organization","@id":"https:\/\/www.rememberme-forever.com\/de\/#organization","name":"Remember Forever","url":"https:\/\/www.rememberme-forever.com\/de\/","logo":{"@type":"ImageObject","inLanguage":"de","@id":"https:\/\/www.rememberme-forever.com\/de\/#\/schema\/logo\/image\/","url":"https:\/\/www.rememberme-forever.com\/wp-content\/uploads\/2023\/02\/logo.png","contentUrl":"https:\/\/www.rememberme-forever.com\/wp-content\/uploads\/2023\/02\/logo.png","width":300,"height":56,"caption":"Remember Forever"},"image":{"@id":"https:\/\/www.rememberme-forever.com\/de\/#\/schema\/logo\/image\/"}}]}},"acf":[],"_links":{"self":[{"href":"https:\/\/www.rememberme-forever.com\/de\/wp-json\/wp\/v2\/product\/25195","targetHints":{"allow":["GET"]}}],"collection":[{"href":"https:\/\/www.rememberme-forever.com\/de\/wp-json\/wp\/v2\/product"}],"about":[{"href":"https:\/\/www.rememberme-forever.com\/de\/wp-json\/wp\/v2\/types\/product"}],"wp:featuredmedia":[{"embeddable":true,"href":"https:\/\/www.rememberme-forever.com\/de\/wp-json\/wp\/v2\/media\/25194"}],"wp:attachment":[{"href":"https:\/\/www.rememberme-forever.com\/de\/wp-json\/wp\/v2\/media?parent=25195"}],"wp:term":[{"taxonomy":"product_brand","embeddable":true,"href":"https:\/\/www.rememberme-forever.com\/de\/wp-json\/wp\/v2\/product_brand?post=25195"},{"taxonomy":"product_cat","embeddable":true,"href":"https:\/\/www.rememberme-forever.com\/de\/wp-json\/wp\/v2\/product_cat?post=25195"},{"taxonomy":"product_tag","embeddable":true,"href":"https:\/\/www.rememberme-forever.com\/de\/wp-json\/wp\/v2\/product_tag?post=25195"}],"curies":[{"name":"wp","href":"https:\/\/api.w.org\/{rel}","templated":true}]}}