{"id":25313,"date":"2023-04-11T12:15:43","date_gmt":"2023-04-11T10:15:43","guid":{"rendered":"https:\/\/www.rememberme-forever.com\/product\/onyx-urne-fuer-die-asche-von-erwachsenen-einzigartige-steinurne\/"},"modified":"2023-04-11T12:15:43","modified_gmt":"2023-04-11T10:15:43","slug":"onyx-urne-fuer-die-asche-von-erwachsenen-einzigartige-steinurne","status":"publish","type":"product","link":"https:\/\/www.rememberme-forever.com\/de\/produkt\/onyx-urne-fuer-die-asche-von-erwachsenen-einzigartige-steinurne\/","title":{"rendered":"Onyx-Urne f\u00fcr die Asche von Erwachsenen, einzigartige Steinurne"},"content":{"rendered":"<div style=\"width: 100%; margin-bottom: 30px; height: max-content; padding-bottom: 60%; position: relative;\"><iframe style=\"position: absolute; top: 0; left: 0; width: 100%; height: 100%;\" src=\"https:\/\/rememberme-urns.com\/onyx-urn-with-doves-creamy\/\" frameborder=\"0\"><\/iframe><\/div>\n<div style=\"color: red; text-align: center; margin-bottom: 25px;\">\n<p>&gt;&gt; Drehendes Foto \u2013 Tippen\/Zoomen &lt;&lt;<\/p>\n<\/div>\n<h2 style=\"text-align: center;\">Onyx-Urne f\u00fcr die Asche von Erwachsenen<\/h2>\n<p style=\"text-align: center;\">Wir pr\u00e4sentieren Ihnen die <strong>Onyx-Urne f\u00fcr die Asche von Erwachsenen<\/strong>, eine wundersch\u00f6n gefertigte und einzigartig gestaltete Steinurne, die perfekt ist, um die Erinnerung an Ihre geliebte Person zu ehren. Gefertigt aus hochwertigem Onyxstein, ist diese Urne nicht nur langlebig, sondern besticht auch durch ein atemberaubendes und einzigartiges Erscheinungsbild, das in jedem Raum hervorsticht. <\/p>\n<p style=\"text-align: center;\">Die Urne verf\u00fcgt \u00fcber eine Boden\u00f6ffnung f\u00fcr einfachen Zugang. Diese Urne wurde entwickelt, um die \u00dcberreste eines Erwachsenen sicher aufzubewahren und eine dauerhafte und w\u00fcrdevolle Ruhest\u00e4tte zu bieten. Die Urne wird au\u00dferdem mit einer Gedenktafel geliefert, die individuell mit dem Namen, den Daten und anderen Details aus dem Leben Ihrer geliebten Person gestaltet werden kann, um eine pers\u00f6nliche Note hinzuzuf\u00fcgen und deren Andenken lebendig zu halten.  <\/p>\n<p style=\"text-align: center;\">Bitte beachten Sie, dass aufgrund der nat\u00fcrlichen Variationen des Onyxsteins das Aussehen jeder Urne leicht unterschiedlich sein kann, was jede zu einem wahren Unikat macht. Ob an einem prominenten Ort ausgestellt oder in einer privateren Umgebung aufbewahrt, diese Onyx-Urne f\u00fcr Erwachsene wird sicherlich eine passende Hommage an ein geliebtes Familienmitglied oder einen Freund sein. <\/p>\n<p><iframe loading=\"lazy\" title=\"Stone Cremation Urns, Decorative Urns For Ashes\" width=\"640\" height=\"360\" src=\"https:\/\/www.youtube.com\/embed\/LqFO9uc6_LU?start=17&#038;feature=oembed\" frameborder=\"0\" allow=\"accelerometer; autoplay; clipboard-write; encrypted-media; gyroscope; picture-in-picture; web-share\" referrerpolicy=\"strict-origin-when-cross-origin\" allowfullscreen><\/iframe><\/p>\n<p>&nbsp;<\/p>\n<p style=\"text-align: center;\"><em><strong>Da es sich um ein Produkt aus nat\u00fcrlichen Materialien handelt, kann das Aussehen leicht abweichen.<\/strong><\/em><\/p>\n<p>&nbsp;<\/p>\n<h3 style=\"text-align: center;\"><strong>PERSONALISIERUNG<\/strong><\/h3>\n<p style=\"text-align: center;\">Die personalisierte Gedenktafel muss bei der Bestellung individuell gestaltet werden. (Bitte keine Panik, wenn Sie das vergessen haben, denn Sie k\u00f6nnen uns auch noch nachtr\u00e4glich eine Nachricht schicken). <\/p>\n<p style=\"text-align: center;\">Bitte \u00fcberpr\u00fcfen Sie den zu gravierenden Text sorgf\u00e4ltig, bevor Sie den Artikel in den Warenkorb legen. Wir kopieren und gravieren genau die Informationen, die wir mit der Bestellung erhalten und nehmen bei uns keine \u00c4nderungen vor. <\/p>\n<p style=\"text-align: center;\"><strong>Bitte \u00fcberpr\u00fcfen Sie den Text, um sicherzustellen, dass alle Schreibweisen korrekt sind.<\/strong><\/p>\n<p><strong><em><img loading=\"lazy\" decoding=\"async\" class=\" wp-image-1447 aligncenter\" src=\"http:\/\/www.rememberme-forever.com\/wp-content\/uploads\/2023\/04\/memorial-plaque-cremation-urn-gold-300x150.jpg\" alt=\"Gedenktafel Urne Gold\" width=\"268\" height=\"134\" srcset=\"https:\/\/www.rememberme-forever.com\/wp-content\/uploads\/2023\/04\/memorial-plaque-cremation-urn-gold-300x150.jpg 300w, https:\/\/www.rememberme-forever.com\/wp-content\/uploads\/2023\/04\/memorial-plaque-cremation-urn-gold-64x32.jpg 64w, https:\/\/www.rememberme-forever.com\/wp-content\/uploads\/2023\/04\/memorial-plaque-cremation-urn-gold.jpg 448w\" sizes=\"auto, (max-width: 268px) 100vw, 268px\" \/><\/em><\/strong><\/p>\n","protected":false},"excerpt":{"rendered":"<p>Einzigartige Urne aus nat\u00fcrlichem Onyx f\u00fcr menschliche Asche mit Tauben. Es gibt keine zwei identischen Exemplare. <\/p>\n<p><em><strong>Geeignet f\u00fcr ein K\u00f6rpergewicht von ca. 104 kg oder weniger.<\/strong><\/em><\/p>\n","protected":false},"featured_media":25308,"template":"","meta":{"_acf_changed":false},"product_brand":[],"product_cat":[2343],"product_tag":[3366],"class_list":{"0":"post-25313","1":"product","2":"type-product","3":"status-publish","4":"has-post-thumbnail","6":"product_cat-steinurnen","7":"product_tag-gpsr-stone-urns","8":"product_shipping_class-5-10kg-de","10":"first","11":"instock","12":"taxable","13":"shipping-taxable","14":"purchasable","15":"product-type-variable"},"yoast_head":"<!-- This site is optimized with the Yoast SEO plugin v27.4 - https:\/\/yoast.com\/product\/yoast-seo-wordpress\/ -->\n<title>Remember Forever<\/title>\n<meta name=\"description\" content=\"Wir pr\u00e4sentieren Ihnen die Onyx-Urne f\u00fcr die Asche von Erwachsenen, eine wundersch\u00f6n gefertigte und einzigartig gestaltete Steinurne, die perfekt ist, um die Erinnerung an Ihre geliebte Person zu ehren.\" \/>\n<meta name=\"robots\" content=\"index, follow, max-snippet:-1, max-image-preview:large, max-video-preview:-1\" \/>\n<link rel=\"canonical\" href=\"https:\/\/www.rememberme-forever.com\/de\/produkt\/onyx-urne-fuer-die-asche-von-erwachsenen-einzigartige-steinurne\/\" \/>\n<meta property=\"og:locale\" content=\"de_DE\" \/>\n<meta property=\"og:type\" content=\"article\" \/>\n<meta property=\"og:description\" content=\"Wir pr\u00e4sentieren Ihnen die Onyx-Urne f\u00fcr die Asche von Erwachsenen, eine wundersch\u00f6n gefertigte und einzigartig gestaltete Steinurne, die perfekt ist, um die Erinnerung an Ihre geliebte Person zu ehren.\" \/>\n<meta property=\"og:url\" content=\"https:\/\/www.rememberme-forever.com\/de\/produkt\/onyx-urne-fuer-die-asche-von-erwachsenen-einzigartige-steinurne\/\" \/>\n<meta property=\"og:site_name\" content=\"Remember Forever\" \/>\n<meta property=\"og:image\" content=\"https:\/\/www.rememberme-forever.com\/wp-content\/uploads\/2023\/04\/Onyx-Adult-Urn-for-Human-Ashes.jpg\" \/>\n\t<meta property=\"og:image:width\" content=\"1007\" \/>\n\t<meta property=\"og:image:height\" content=\"1024\" \/>\n\t<meta property=\"og:image:type\" content=\"image\/jpeg\" \/>\n<meta name=\"twitter:card\" content=\"summary_large_image\" \/>\n<meta name=\"twitter:label1\" content=\"Gesch\u00e4tzte Lesezeit\" \/>\n\t<meta name=\"twitter:data1\" content=\"2\u00a0Minute\" \/>\n<script type=\"application\/ld+json\" class=\"yoast-schema-graph\">{\"@context\":\"https:\\\/\\\/schema.org\",\"@graph\":[{\"@type\":\"WebPage\",\"@id\":\"https:\\\/\\\/www.rememberme-forever.com\\\/de\\\/produkt\\\/onyx-urne-fuer-die-asche-von-erwachsenen-einzigartige-steinurne\\\/\",\"url\":\"https:\\\/\\\/www.rememberme-forever.com\\\/de\\\/produkt\\\/onyx-urne-fuer-die-asche-von-erwachsenen-einzigartige-steinurne\\\/\",\"name\":\"\",\"isPartOf\":{\"@id\":\"https:\\\/\\\/www.rememberme-forever.com\\\/de\\\/#website\"},\"primaryImageOfPage\":{\"@id\":\"https:\\\/\\\/www.rememberme-forever.com\\\/de\\\/produkt\\\/onyx-urne-fuer-die-asche-von-erwachsenen-einzigartige-steinurne\\\/#primaryimage\"},\"image\":{\"@id\":\"https:\\\/\\\/www.rememberme-forever.com\\\/de\\\/produkt\\\/onyx-urne-fuer-die-asche-von-erwachsenen-einzigartige-steinurne\\\/#primaryimage\"},\"thumbnailUrl\":\"https:\\\/\\\/www.rememberme-forever.com\\\/wp-content\\\/uploads\\\/2023\\\/04\\\/Onyx-Adult-Urn-for-Human-Ashes.jpg\",\"datePublished\":\"2023-04-11T10:15:43+00:00\",\"description\":\"Wir pr\u00e4sentieren Ihnen die Onyx-Urne f\u00fcr die Asche von Erwachsenen, eine wundersch\u00f6n gefertigte und einzigartig gestaltete Steinurne, die perfekt ist, um die Erinnerung an Ihre geliebte Person zu ehren.\",\"breadcrumb\":{\"@id\":\"https:\\\/\\\/www.rememberme-forever.com\\\/de\\\/produkt\\\/onyx-urne-fuer-die-asche-von-erwachsenen-einzigartige-steinurne\\\/#breadcrumb\"},\"inLanguage\":\"de\",\"potentialAction\":[{\"@type\":\"ReadAction\",\"target\":[\"https:\\\/\\\/www.rememberme-forever.com\\\/de\\\/produkt\\\/onyx-urne-fuer-die-asche-von-erwachsenen-einzigartige-steinurne\\\/\"]}]},{\"@type\":\"ImageObject\",\"inLanguage\":\"de\",\"@id\":\"https:\\\/\\\/www.rememberme-forever.com\\\/de\\\/produkt\\\/onyx-urne-fuer-die-asche-von-erwachsenen-einzigartige-steinurne\\\/#primaryimage\",\"url\":\"https:\\\/\\\/www.rememberme-forever.com\\\/wp-content\\\/uploads\\\/2023\\\/04\\\/Onyx-Adult-Urn-for-Human-Ashes.jpg\",\"contentUrl\":\"https:\\\/\\\/www.rememberme-forever.com\\\/wp-content\\\/uploads\\\/2023\\\/04\\\/Onyx-Adult-Urn-for-Human-Ashes.jpg\",\"width\":1007,\"height\":1024,\"caption\":\"Onyx-Urne f\u00fcr die Asche von Erwachsenen\"},{\"@type\":\"BreadcrumbList\",\"@id\":\"https:\\\/\\\/www.rememberme-forever.com\\\/de\\\/produkt\\\/onyx-urne-fuer-die-asche-von-erwachsenen-einzigartige-steinurne\\\/#breadcrumb\",\"itemListElement\":[{\"@type\":\"ListItem\",\"position\":1,\"name\":\"Home\",\"item\":\"https:\\\/\\\/www.rememberme-forever.com\\\/de\\\/startseite\\\/\"},{\"@type\":\"ListItem\",\"position\":2,\"name\":\"Shop\",\"item\":\"https:\\\/\\\/www.rememberme-forever.com\\\/de\\\/shop\\\/\"},{\"@type\":\"ListItem\",\"position\":3,\"name\":\"Onyx-Urne f\u00fcr die Asche von Erwachsenen, einzigartige Steinurne\"}]},{\"@type\":\"WebSite\",\"@id\":\"https:\\\/\\\/www.rememberme-forever.com\\\/de\\\/#website\",\"url\":\"https:\\\/\\\/www.rememberme-forever.com\\\/de\\\/\",\"name\":\"Remember Forever\",\"description\":\"Cremation urns, funeral urns, urns for ashes\",\"publisher\":{\"@id\":\"https:\\\/\\\/www.rememberme-forever.com\\\/de\\\/#organization\"},\"potentialAction\":[{\"@type\":\"SearchAction\",\"target\":{\"@type\":\"EntryPoint\",\"urlTemplate\":\"https:\\\/\\\/www.rememberme-forever.com\\\/de\\\/?s={search_term_string}\"},\"query-input\":{\"@type\":\"PropertyValueSpecification\",\"valueRequired\":true,\"valueName\":\"search_term_string\"}}],\"inLanguage\":\"de\"},{\"@type\":\"Organization\",\"@id\":\"https:\\\/\\\/www.rememberme-forever.com\\\/de\\\/#organization\",\"name\":\"Remember Forever\",\"url\":\"https:\\\/\\\/www.rememberme-forever.com\\\/de\\\/\",\"logo\":{\"@type\":\"ImageObject\",\"inLanguage\":\"de\",\"@id\":\"https:\\\/\\\/www.rememberme-forever.com\\\/de\\\/#\\\/schema\\\/logo\\\/image\\\/\",\"url\":\"https:\\\/\\\/www.rememberme-forever.com\\\/wp-content\\\/uploads\\\/2023\\\/02\\\/logo.png\",\"contentUrl\":\"https:\\\/\\\/www.rememberme-forever.com\\\/wp-content\\\/uploads\\\/2023\\\/02\\\/logo.png\",\"width\":300,\"height\":56,\"caption\":\"Remember Forever\"},\"image\":{\"@id\":\"https:\\\/\\\/www.rememberme-forever.com\\\/de\\\/#\\\/schema\\\/logo\\\/image\\\/\"}}]}<\/script>\n<!-- \/ Yoast SEO plugin. -->","yoast_head_json":{"title":"Remember Forever","description":"Wir pr\u00e4sentieren Ihnen die Onyx-Urne f\u00fcr die Asche von Erwachsenen, eine wundersch\u00f6n gefertigte und einzigartig gestaltete Steinurne, die perfekt ist, um die Erinnerung an Ihre geliebte Person zu ehren.","robots":{"index":"index","follow":"follow","max-snippet":"max-snippet:-1","max-image-preview":"max-image-preview:large","max-video-preview":"max-video-preview:-1"},"canonical":"https:\/\/www.rememberme-forever.com\/de\/produkt\/onyx-urne-fuer-die-asche-von-erwachsenen-einzigartige-steinurne\/","og_locale":"de_DE","og_type":"article","og_description":"Wir pr\u00e4sentieren Ihnen die Onyx-Urne f\u00fcr die Asche von Erwachsenen, eine wundersch\u00f6n gefertigte und einzigartig gestaltete Steinurne, die perfekt ist, um die Erinnerung an Ihre geliebte Person zu ehren.","og_url":"https:\/\/www.rememberme-forever.com\/de\/produkt\/onyx-urne-fuer-die-asche-von-erwachsenen-einzigartige-steinurne\/","og_site_name":"Remember Forever","og_image":[{"width":1007,"height":1024,"url":"https:\/\/www.rememberme-forever.com\/wp-content\/uploads\/2023\/04\/Onyx-Adult-Urn-for-Human-Ashes.jpg","type":"image\/jpeg"}],"twitter_card":"summary_large_image","twitter_misc":{"Gesch\u00e4tzte Lesezeit":"2\u00a0Minute"},"schema":{"@context":"https:\/\/schema.org","@graph":[{"@type":"WebPage","@id":"https:\/\/www.rememberme-forever.com\/de\/produkt\/onyx-urne-fuer-die-asche-von-erwachsenen-einzigartige-steinurne\/","url":"https:\/\/www.rememberme-forever.com\/de\/produkt\/onyx-urne-fuer-die-asche-von-erwachsenen-einzigartige-steinurne\/","name":"","isPartOf":{"@id":"https:\/\/www.rememberme-forever.com\/de\/#website"},"primaryImageOfPage":{"@id":"https:\/\/www.rememberme-forever.com\/de\/produkt\/onyx-urne-fuer-die-asche-von-erwachsenen-einzigartige-steinurne\/#primaryimage"},"image":{"@id":"https:\/\/www.rememberme-forever.com\/de\/produkt\/onyx-urne-fuer-die-asche-von-erwachsenen-einzigartige-steinurne\/#primaryimage"},"thumbnailUrl":"https:\/\/www.rememberme-forever.com\/wp-content\/uploads\/2023\/04\/Onyx-Adult-Urn-for-Human-Ashes.jpg","datePublished":"2023-04-11T10:15:43+00:00","description":"Wir pr\u00e4sentieren Ihnen die Onyx-Urne f\u00fcr die Asche von Erwachsenen, eine wundersch\u00f6n gefertigte und einzigartig gestaltete Steinurne, die perfekt ist, um die Erinnerung an Ihre geliebte Person zu ehren.","breadcrumb":{"@id":"https:\/\/www.rememberme-forever.com\/de\/produkt\/onyx-urne-fuer-die-asche-von-erwachsenen-einzigartige-steinurne\/#breadcrumb"},"inLanguage":"de","potentialAction":[{"@type":"ReadAction","target":["https:\/\/www.rememberme-forever.com\/de\/produkt\/onyx-urne-fuer-die-asche-von-erwachsenen-einzigartige-steinurne\/"]}]},{"@type":"ImageObject","inLanguage":"de","@id":"https:\/\/www.rememberme-forever.com\/de\/produkt\/onyx-urne-fuer-die-asche-von-erwachsenen-einzigartige-steinurne\/#primaryimage","url":"https:\/\/www.rememberme-forever.com\/wp-content\/uploads\/2023\/04\/Onyx-Adult-Urn-for-Human-Ashes.jpg","contentUrl":"https:\/\/www.rememberme-forever.com\/wp-content\/uploads\/2023\/04\/Onyx-Adult-Urn-for-Human-Ashes.jpg","width":1007,"height":1024,"caption":"Onyx-Urne f\u00fcr die Asche von Erwachsenen"},{"@type":"BreadcrumbList","@id":"https:\/\/www.rememberme-forever.com\/de\/produkt\/onyx-urne-fuer-die-asche-von-erwachsenen-einzigartige-steinurne\/#breadcrumb","itemListElement":[{"@type":"ListItem","position":1,"name":"Home","item":"https:\/\/www.rememberme-forever.com\/de\/startseite\/"},{"@type":"ListItem","position":2,"name":"Shop","item":"https:\/\/www.rememberme-forever.com\/de\/shop\/"},{"@type":"ListItem","position":3,"name":"Onyx-Urne f\u00fcr die Asche von Erwachsenen, einzigartige Steinurne"}]},{"@type":"WebSite","@id":"https:\/\/www.rememberme-forever.com\/de\/#website","url":"https:\/\/www.rememberme-forever.com\/de\/","name":"Remember Forever","description":"Cremation urns, funeral urns, urns for ashes","publisher":{"@id":"https:\/\/www.rememberme-forever.com\/de\/#organization"},"potentialAction":[{"@type":"SearchAction","target":{"@type":"EntryPoint","urlTemplate":"https:\/\/www.rememberme-forever.com\/de\/?s={search_term_string}"},"query-input":{"@type":"PropertyValueSpecification","valueRequired":true,"valueName":"search_term_string"}}],"inLanguage":"de"},{"@type":"Organization","@id":"https:\/\/www.rememberme-forever.com\/de\/#organization","name":"Remember Forever","url":"https:\/\/www.rememberme-forever.com\/de\/","logo":{"@type":"ImageObject","inLanguage":"de","@id":"https:\/\/www.rememberme-forever.com\/de\/#\/schema\/logo\/image\/","url":"https:\/\/www.rememberme-forever.com\/wp-content\/uploads\/2023\/02\/logo.png","contentUrl":"https:\/\/www.rememberme-forever.com\/wp-content\/uploads\/2023\/02\/logo.png","width":300,"height":56,"caption":"Remember Forever"},"image":{"@id":"https:\/\/www.rememberme-forever.com\/de\/#\/schema\/logo\/image\/"}}]}},"acf":[],"_links":{"self":[{"href":"https:\/\/www.rememberme-forever.com\/de\/wp-json\/wp\/v2\/product\/25313","targetHints":{"allow":["GET"]}}],"collection":[{"href":"https:\/\/www.rememberme-forever.com\/de\/wp-json\/wp\/v2\/product"}],"about":[{"href":"https:\/\/www.rememberme-forever.com\/de\/wp-json\/wp\/v2\/types\/product"}],"wp:featuredmedia":[{"embeddable":true,"href":"https:\/\/www.rememberme-forever.com\/de\/wp-json\/wp\/v2\/media\/25308"}],"wp:attachment":[{"href":"https:\/\/www.rememberme-forever.com\/de\/wp-json\/wp\/v2\/media?parent=25313"}],"wp:term":[{"taxonomy":"product_brand","embeddable":true,"href":"https:\/\/www.rememberme-forever.com\/de\/wp-json\/wp\/v2\/product_brand?post=25313"},{"taxonomy":"product_cat","embeddable":true,"href":"https:\/\/www.rememberme-forever.com\/de\/wp-json\/wp\/v2\/product_cat?post=25313"},{"taxonomy":"product_tag","embeddable":true,"href":"https:\/\/www.rememberme-forever.com\/de\/wp-json\/wp\/v2\/product_tag?post=25313"}],"curies":[{"name":"wp","href":"https:\/\/api.w.org\/{rel}","templated":true}]}}