{"id":25343,"date":"2023-04-11T12:34:48","date_gmt":"2023-04-11T10:34:48","guid":{"rendered":"https:\/\/www.rememberme-forever.com\/product\/stein-urne-fuer-erwachsene-urne-mit-gedenkplakette-und-gravur\/"},"modified":"2026-02-19T13:05:46","modified_gmt":"2026-02-19T12:05:46","slug":"stein-urne-fuer-erwachsene-urne-mit-gedenkplakette-und-gravur","status":"publish","type":"product","link":"https:\/\/www.rememberme-forever.com\/de\/produkt\/stein-urne-fuer-erwachsene-urne-mit-gedenkplakette-und-gravur\/","title":{"rendered":"Stein-Urne f\u00fcr Erwachsene, Urne mit Gedenkplakette und Gravur"},"content":{"rendered":"<h2 style=\"text-align: center;\">Stein-Urne f\u00fcr Erwachsene<\/h2>\n<p style=\"text-align: center;\">Wir pr\u00e4sentieren die <strong>Stein-Urne f\u00fcr Erwachsene<\/strong> \u2013 eine Urne in beeindruckendem und einzigartigem Design, die den \u00dcberresten Ihrer Liebsten eine w\u00fcrdevolle Ruhest\u00e4tte bietet. Gefertigt aus hochwertigem Naturstein, verf\u00fcgt diese Urne \u00fcber eine Boden\u00f6ffnung f\u00fcr einfachen Zugang und ist f\u00fcr die Asche eines Erwachsenen ausgelegt.<\/p>\n<p style=\"text-align: center;\">Das Besondere an dieser Urne ist die im Lieferumfang enthaltene Gedenkplakette mit individueller Gravur. Diese Plakette kann mit dem Namen, den Daten und einer pers\u00f6nlichen Botschaft versehen werden, um das Andenken an Ihre Liebsten f\u00fcr die kommenden Jahre zu bewahren.<\/p>\n<p style=\"text-align: center;\">Mit ihrem einzigartigen Design ist diese Stein-Urne ein Blickfang an jedem Ort. Da jede Urne aus Naturstein gefertigt wird, kann das Erscheinungsbild leicht variieren, was jedes St\u00fcck zu einem echten Unikat macht. Diese Urne bietet eine w\u00fcrdevolle und dauerhafte M\u00f6glichkeit, das Leben Ihrer Liebsten zu ehren und die Erinnerung lebendig zu halten.<\/p>\n<p style=\"text-align: center;\">Ob an einem zentralen Platz oder in privatem Rahmen \u2013 die Stein-Urne f\u00fcr Erwachsene ist ein w\u00fcrdiger Tribut an ein geliebtes Familienmitglied oder einen Freund. Mit ihrem zeitlosen Design und der pers\u00f6nlichen Gravur ist diese Urne eine sch\u00f6ne Art, das Leben eines besonderen Menschen zu feiern.<\/p>\n<p>&nbsp;<\/p>\n<h3 style=\"text-align: center;\"><strong>PERSONALISIERUNG<\/strong><\/h3>\n<p style=\"text-align: center;\">Die personalisierte Gedenktafel muss bei der Bestellung individuell gestaltet werden. (Bitte keine Panik, wenn Sie das vergessen haben, denn Sie k\u00f6nnen uns auch noch nachtr\u00e4glich eine Nachricht schicken).<\/p>\n<p style=\"text-align: center;\">Bitte \u00fcberpr\u00fcfen Sie den zu gravierenden Text sorgf\u00e4ltig, bevor Sie den Artikel in den Warenkorb legen. Wir kopieren und gravieren genau die Informationen, die wir mit der Bestellung erhalten und nehmen bei uns keine \u00c4nderungen vor.<\/p>\n<p style=\"text-align: center;\"><strong>Bitte \u00fcberpr\u00fcfen Sie den Text, um sicherzustellen, dass alle Schreibweisen korrekt sind.<\/strong><\/p>\n<p>&nbsp;<\/p>\n<p><img loading=\"lazy\" decoding=\"async\" class=\" wp-image-1447 aligncenter\" src=\"http:\/\/www.rememberme-forever.com\/wp-content\/uploads\/2023\/04\/memorial-plaque-cremation-urn-gold-300x150.jpg\" alt=\"Gedenktafel Urne Gold\" width=\"260\" height=\"130\" srcset=\"https:\/\/www.rememberme-forever.com\/wp-content\/uploads\/2023\/04\/memorial-plaque-cremation-urn-gold-300x150.jpg 300w, https:\/\/www.rememberme-forever.com\/wp-content\/uploads\/2023\/04\/memorial-plaque-cremation-urn-gold-64x32.jpg 64w, https:\/\/www.rememberme-forever.com\/wp-content\/uploads\/2023\/04\/memorial-plaque-cremation-urn-gold.jpg 448w\" sizes=\"auto, (max-width: 260px) 100vw, 260px\" \/><\/p>\n","protected":false},"excerpt":{"rendered":"<p>Perfekt geformte Stein-Urne.<\/p>\n<p><em><strong>Geeignet f\u00fcr ein K\u00f6rpergewicht von bis zu ca. <span class=\"body-weight-lbs\">292,90<\/span> lbs oder <span class=\"body-weight-kg\">131,80<\/span> kg.<\/strong><\/em><\/p>\n","protected":false},"featured_media":25339,"template":"","meta":{"_acf_changed":false},"product_brand":[],"product_cat":[2343],"product_tag":[3366],"class_list":{"0":"post-25343","1":"product","2":"type-product","3":"status-publish","4":"has-post-thumbnail","6":"product_cat-steinurnen","7":"product_tag-gpsr-stone-urns","8":"product_shipping_class-5-10kg-de","10":"first","11":"instock","12":"taxable","13":"shipping-taxable","14":"purchasable","15":"product-type-variable"},"yoast_head":"<!-- This site is optimized with the Yoast SEO plugin v27.4 - https:\/\/yoast.com\/product\/yoast-seo-wordpress\/ -->\n<title>Remember Forever<\/title>\n<meta name=\"description\" content=\"Wir pr\u00e4sentieren die Stein-Urne f\u00fcr Erwachsene \u2013 eine Urne in beeindruckendem und einzigartigem Design, die den \u00dcberresten Ihrer Liebsten eine w\u00fcrdevolle Ruhest\u00e4tte bietet.\" \/>\n<meta name=\"robots\" content=\"index, follow, max-snippet:-1, max-image-preview:large, max-video-preview:-1\" \/>\n<link rel=\"canonical\" href=\"https:\/\/www.rememberme-forever.com\/de\/produkt\/stein-urne-fuer-erwachsene-urne-mit-gedenkplakette-und-gravur\/\" \/>\n<meta property=\"og:locale\" content=\"de_DE\" \/>\n<meta property=\"og:type\" content=\"article\" \/>\n<meta property=\"og:description\" content=\"Wir pr\u00e4sentieren die Stein-Urne f\u00fcr Erwachsene \u2013 eine Urne in beeindruckendem und einzigartigem Design, die den \u00dcberresten Ihrer Liebsten eine w\u00fcrdevolle Ruhest\u00e4tte bietet.\" \/>\n<meta property=\"og:url\" content=\"https:\/\/www.rememberme-forever.com\/de\/produkt\/stein-urne-fuer-erwachsene-urne-mit-gedenkplakette-und-gravur\/\" \/>\n<meta property=\"og:site_name\" content=\"Remember Forever\" \/>\n<meta property=\"article:modified_time\" content=\"2026-02-19T12:05:46+00:00\" \/>\n<meta property=\"og:image\" content=\"http:\/\/www.rememberme-forever.com\/wp-content\/uploads\/2023\/04\/cross-stone-urn.jpg\" \/>\n\t<meta property=\"og:image:width\" content=\"768\" \/>\n\t<meta property=\"og:image:height\" content=\"781\" \/>\n\t<meta property=\"og:image:type\" content=\"image\/jpeg\" \/>\n<meta name=\"twitter:card\" content=\"summary_large_image\" \/>\n<meta name=\"twitter:label1\" content=\"Gesch\u00e4tzte Lesezeit\" \/>\n\t<meta name=\"twitter:data1\" content=\"2\u00a0Minute\" \/>\n<script type=\"application\/ld+json\" class=\"yoast-schema-graph\">{\"@context\":\"https:\\\/\\\/schema.org\",\"@graph\":[{\"@type\":\"WebPage\",\"@id\":\"https:\\\/\\\/www.rememberme-forever.com\\\/de\\\/produkt\\\/stein-urne-fuer-erwachsene-urne-mit-gedenkplakette-und-gravur\\\/\",\"url\":\"https:\\\/\\\/www.rememberme-forever.com\\\/de\\\/produkt\\\/stein-urne-fuer-erwachsene-urne-mit-gedenkplakette-und-gravur\\\/\",\"name\":\"\",\"isPartOf\":{\"@id\":\"https:\\\/\\\/www.rememberme-forever.com\\\/de\\\/#website\"},\"primaryImageOfPage\":{\"@id\":\"https:\\\/\\\/www.rememberme-forever.com\\\/de\\\/produkt\\\/stein-urne-fuer-erwachsene-urne-mit-gedenkplakette-und-gravur\\\/#primaryimage\"},\"image\":{\"@id\":\"https:\\\/\\\/www.rememberme-forever.com\\\/de\\\/produkt\\\/stein-urne-fuer-erwachsene-urne-mit-gedenkplakette-und-gravur\\\/#primaryimage\"},\"thumbnailUrl\":\"https:\\\/\\\/www.rememberme-forever.com\\\/wp-content\\\/uploads\\\/2023\\\/04\\\/cross-stone-urn.jpg\",\"datePublished\":\"2023-04-11T10:34:48+00:00\",\"dateModified\":\"2026-02-19T12:05:46+00:00\",\"description\":\"Wir pr\u00e4sentieren die Stein-Urne f\u00fcr Erwachsene \u2013 eine Urne in beeindruckendem und einzigartigem Design, die den \u00dcberresten Ihrer Liebsten eine w\u00fcrdevolle Ruhest\u00e4tte bietet.\",\"breadcrumb\":{\"@id\":\"https:\\\/\\\/www.rememberme-forever.com\\\/de\\\/produkt\\\/stein-urne-fuer-erwachsene-urne-mit-gedenkplakette-und-gravur\\\/#breadcrumb\"},\"inLanguage\":\"de\",\"potentialAction\":[{\"@type\":\"ReadAction\",\"target\":[\"https:\\\/\\\/www.rememberme-forever.com\\\/de\\\/produkt\\\/stein-urne-fuer-erwachsene-urne-mit-gedenkplakette-und-gravur\\\/\"]}]},{\"@type\":\"ImageObject\",\"inLanguage\":\"de\",\"@id\":\"https:\\\/\\\/www.rememberme-forever.com\\\/de\\\/produkt\\\/stein-urne-fuer-erwachsene-urne-mit-gedenkplakette-und-gravur\\\/#primaryimage\",\"url\":\"https:\\\/\\\/www.rememberme-forever.com\\\/wp-content\\\/uploads\\\/2023\\\/04\\\/cross-stone-urn.jpg\",\"contentUrl\":\"https:\\\/\\\/www.rememberme-forever.com\\\/wp-content\\\/uploads\\\/2023\\\/04\\\/cross-stone-urn.jpg\",\"width\":768,\"height\":781,\"caption\":\"Stein-Urne f\u00fcr Erwachsene, Stein-Urne mit Kreuz, Bestattungsurnen\"},{\"@type\":\"BreadcrumbList\",\"@id\":\"https:\\\/\\\/www.rememberme-forever.com\\\/de\\\/produkt\\\/stein-urne-fuer-erwachsene-urne-mit-gedenkplakette-und-gravur\\\/#breadcrumb\",\"itemListElement\":[{\"@type\":\"ListItem\",\"position\":1,\"name\":\"Home\",\"item\":\"https:\\\/\\\/www.rememberme-forever.com\\\/de\\\/startseite\\\/\"},{\"@type\":\"ListItem\",\"position\":2,\"name\":\"Shop\",\"item\":\"https:\\\/\\\/www.rememberme-forever.com\\\/de\\\/shop\\\/\"},{\"@type\":\"ListItem\",\"position\":3,\"name\":\"Stein-Urne f\u00fcr Erwachsene, Urne mit Gedenkplakette und Gravur\"}]},{\"@type\":\"WebSite\",\"@id\":\"https:\\\/\\\/www.rememberme-forever.com\\\/de\\\/#website\",\"url\":\"https:\\\/\\\/www.rememberme-forever.com\\\/de\\\/\",\"name\":\"Remember Forever\",\"description\":\"Cremation urns, funeral urns, urns for ashes\",\"publisher\":{\"@id\":\"https:\\\/\\\/www.rememberme-forever.com\\\/de\\\/#organization\"},\"potentialAction\":[{\"@type\":\"SearchAction\",\"target\":{\"@type\":\"EntryPoint\",\"urlTemplate\":\"https:\\\/\\\/www.rememberme-forever.com\\\/de\\\/?s={search_term_string}\"},\"query-input\":{\"@type\":\"PropertyValueSpecification\",\"valueRequired\":true,\"valueName\":\"search_term_string\"}}],\"inLanguage\":\"de\"},{\"@type\":\"Organization\",\"@id\":\"https:\\\/\\\/www.rememberme-forever.com\\\/de\\\/#organization\",\"name\":\"Remember Forever\",\"url\":\"https:\\\/\\\/www.rememberme-forever.com\\\/de\\\/\",\"logo\":{\"@type\":\"ImageObject\",\"inLanguage\":\"de\",\"@id\":\"https:\\\/\\\/www.rememberme-forever.com\\\/de\\\/#\\\/schema\\\/logo\\\/image\\\/\",\"url\":\"https:\\\/\\\/www.rememberme-forever.com\\\/wp-content\\\/uploads\\\/2023\\\/02\\\/logo.png\",\"contentUrl\":\"https:\\\/\\\/www.rememberme-forever.com\\\/wp-content\\\/uploads\\\/2023\\\/02\\\/logo.png\",\"width\":300,\"height\":56,\"caption\":\"Remember Forever\"},\"image\":{\"@id\":\"https:\\\/\\\/www.rememberme-forever.com\\\/de\\\/#\\\/schema\\\/logo\\\/image\\\/\"}}]}<\/script>\n<!-- \/ Yoast SEO plugin. -->","yoast_head_json":{"title":"Remember Forever","description":"Wir pr\u00e4sentieren die Stein-Urne f\u00fcr Erwachsene \u2013 eine Urne in beeindruckendem und einzigartigem Design, die den \u00dcberresten Ihrer Liebsten eine w\u00fcrdevolle Ruhest\u00e4tte bietet.","robots":{"index":"index","follow":"follow","max-snippet":"max-snippet:-1","max-image-preview":"max-image-preview:large","max-video-preview":"max-video-preview:-1"},"canonical":"https:\/\/www.rememberme-forever.com\/de\/produkt\/stein-urne-fuer-erwachsene-urne-mit-gedenkplakette-und-gravur\/","og_locale":"de_DE","og_type":"article","og_description":"Wir pr\u00e4sentieren die Stein-Urne f\u00fcr Erwachsene \u2013 eine Urne in beeindruckendem und einzigartigem Design, die den \u00dcberresten Ihrer Liebsten eine w\u00fcrdevolle Ruhest\u00e4tte bietet.","og_url":"https:\/\/www.rememberme-forever.com\/de\/produkt\/stein-urne-fuer-erwachsene-urne-mit-gedenkplakette-und-gravur\/","og_site_name":"Remember Forever","article_modified_time":"2026-02-19T12:05:46+00:00","og_image":[{"width":768,"height":781,"url":"http:\/\/www.rememberme-forever.com\/wp-content\/uploads\/2023\/04\/cross-stone-urn.jpg","type":"image\/jpeg"}],"twitter_card":"summary_large_image","twitter_misc":{"Gesch\u00e4tzte Lesezeit":"2\u00a0Minute"},"schema":{"@context":"https:\/\/schema.org","@graph":[{"@type":"WebPage","@id":"https:\/\/www.rememberme-forever.com\/de\/produkt\/stein-urne-fuer-erwachsene-urne-mit-gedenkplakette-und-gravur\/","url":"https:\/\/www.rememberme-forever.com\/de\/produkt\/stein-urne-fuer-erwachsene-urne-mit-gedenkplakette-und-gravur\/","name":"","isPartOf":{"@id":"https:\/\/www.rememberme-forever.com\/de\/#website"},"primaryImageOfPage":{"@id":"https:\/\/www.rememberme-forever.com\/de\/produkt\/stein-urne-fuer-erwachsene-urne-mit-gedenkplakette-und-gravur\/#primaryimage"},"image":{"@id":"https:\/\/www.rememberme-forever.com\/de\/produkt\/stein-urne-fuer-erwachsene-urne-mit-gedenkplakette-und-gravur\/#primaryimage"},"thumbnailUrl":"https:\/\/www.rememberme-forever.com\/wp-content\/uploads\/2023\/04\/cross-stone-urn.jpg","datePublished":"2023-04-11T10:34:48+00:00","dateModified":"2026-02-19T12:05:46+00:00","description":"Wir pr\u00e4sentieren die Stein-Urne f\u00fcr Erwachsene \u2013 eine Urne in beeindruckendem und einzigartigem Design, die den \u00dcberresten Ihrer Liebsten eine w\u00fcrdevolle Ruhest\u00e4tte bietet.","breadcrumb":{"@id":"https:\/\/www.rememberme-forever.com\/de\/produkt\/stein-urne-fuer-erwachsene-urne-mit-gedenkplakette-und-gravur\/#breadcrumb"},"inLanguage":"de","potentialAction":[{"@type":"ReadAction","target":["https:\/\/www.rememberme-forever.com\/de\/produkt\/stein-urne-fuer-erwachsene-urne-mit-gedenkplakette-und-gravur\/"]}]},{"@type":"ImageObject","inLanguage":"de","@id":"https:\/\/www.rememberme-forever.com\/de\/produkt\/stein-urne-fuer-erwachsene-urne-mit-gedenkplakette-und-gravur\/#primaryimage","url":"https:\/\/www.rememberme-forever.com\/wp-content\/uploads\/2023\/04\/cross-stone-urn.jpg","contentUrl":"https:\/\/www.rememberme-forever.com\/wp-content\/uploads\/2023\/04\/cross-stone-urn.jpg","width":768,"height":781,"caption":"Stein-Urne f\u00fcr Erwachsene, Stein-Urne mit Kreuz, Bestattungsurnen"},{"@type":"BreadcrumbList","@id":"https:\/\/www.rememberme-forever.com\/de\/produkt\/stein-urne-fuer-erwachsene-urne-mit-gedenkplakette-und-gravur\/#breadcrumb","itemListElement":[{"@type":"ListItem","position":1,"name":"Home","item":"https:\/\/www.rememberme-forever.com\/de\/startseite\/"},{"@type":"ListItem","position":2,"name":"Shop","item":"https:\/\/www.rememberme-forever.com\/de\/shop\/"},{"@type":"ListItem","position":3,"name":"Stein-Urne f\u00fcr Erwachsene, Urne mit Gedenkplakette und Gravur"}]},{"@type":"WebSite","@id":"https:\/\/www.rememberme-forever.com\/de\/#website","url":"https:\/\/www.rememberme-forever.com\/de\/","name":"Remember Forever","description":"Cremation urns, funeral urns, urns for ashes","publisher":{"@id":"https:\/\/www.rememberme-forever.com\/de\/#organization"},"potentialAction":[{"@type":"SearchAction","target":{"@type":"EntryPoint","urlTemplate":"https:\/\/www.rememberme-forever.com\/de\/?s={search_term_string}"},"query-input":{"@type":"PropertyValueSpecification","valueRequired":true,"valueName":"search_term_string"}}],"inLanguage":"de"},{"@type":"Organization","@id":"https:\/\/www.rememberme-forever.com\/de\/#organization","name":"Remember Forever","url":"https:\/\/www.rememberme-forever.com\/de\/","logo":{"@type":"ImageObject","inLanguage":"de","@id":"https:\/\/www.rememberme-forever.com\/de\/#\/schema\/logo\/image\/","url":"https:\/\/www.rememberme-forever.com\/wp-content\/uploads\/2023\/02\/logo.png","contentUrl":"https:\/\/www.rememberme-forever.com\/wp-content\/uploads\/2023\/02\/logo.png","width":300,"height":56,"caption":"Remember Forever"},"image":{"@id":"https:\/\/www.rememberme-forever.com\/de\/#\/schema\/logo\/image\/"}}]}},"acf":[],"_links":{"self":[{"href":"https:\/\/www.rememberme-forever.com\/de\/wp-json\/wp\/v2\/product\/25343","targetHints":{"allow":["GET"]}}],"collection":[{"href":"https:\/\/www.rememberme-forever.com\/de\/wp-json\/wp\/v2\/product"}],"about":[{"href":"https:\/\/www.rememberme-forever.com\/de\/wp-json\/wp\/v2\/types\/product"}],"wp:featuredmedia":[{"embeddable":true,"href":"https:\/\/www.rememberme-forever.com\/de\/wp-json\/wp\/v2\/media\/25339"}],"wp:attachment":[{"href":"https:\/\/www.rememberme-forever.com\/de\/wp-json\/wp\/v2\/media?parent=25343"}],"wp:term":[{"taxonomy":"product_brand","embeddable":true,"href":"https:\/\/www.rememberme-forever.com\/de\/wp-json\/wp\/v2\/product_brand?post=25343"},{"taxonomy":"product_cat","embeddable":true,"href":"https:\/\/www.rememberme-forever.com\/de\/wp-json\/wp\/v2\/product_cat?post=25343"},{"taxonomy":"product_tag","embeddable":true,"href":"https:\/\/www.rememberme-forever.com\/de\/wp-json\/wp\/v2\/product_tag?post=25343"}],"curies":[{"name":"wp","href":"https:\/\/api.w.org\/{rel}","templated":true}]}}