{"id":25363,"date":"2023-04-11T13:01:48","date_gmt":"2023-04-11T11:01:48","guid":{"rendered":"https:\/\/www.rememberme-forever.com\/product\/einzigartige-kremationsurne-fuer-erwachsene\/"},"modified":"2026-02-19T13:29:26","modified_gmt":"2026-02-19T12:29:26","slug":"einzigartige-kremationsurne-fuer-erwachsene","status":"publish","type":"product","link":"https:\/\/www.rememberme-forever.com\/de\/produkt\/einzigartige-kremationsurne-fuer-erwachsene\/","title":{"rendered":"Einzigartige Kremationsurne f\u00fcr Erwachsene"},"content":{"rendered":"<div style=\"width: 100%; margin-bottom: 30px; height: max-content; padding-bottom: 60%; position: relative;\"><iframe style=\"position: absolute; top: 0; left: 0; width: 100%; height: 100%;\" src=\"https:\/\/rememberme-urns.com\/composite-urn-for-adult\/\" frameborder=\"0\"><\/iframe><\/div>\n<div style=\"color: red; text-align: center; margin-bottom: 25px;\">\n<p>&gt;&gt; Drehendes Foto \u2013 Tippen\/Zoomen &lt;&lt;<\/p>\n<\/div>\n<h2 style=\"text-align: center;\">Einzigartige Kremationsurne f\u00fcr Erwachsene<\/h2>\n<div><\/div>\n<div style=\"text-align: center;\">Wenn Sie eine einzigartige Kremationsurne suchen, brauchen Sie nicht weiter zu suchen, denn bei Remember Forever finden Sie sicherlich das perfekte Design f\u00fcr Ihre speziellen W\u00fcnsche. Dies ist eine der beliebtesten Komposit-Urnen in unserer Kollektion. Sie ist eine gro\u00dfe Urne und ideal f\u00fcr die \u00dcberreste eines Erwachsenen. Sch\u00f6n verarbeitet und mit ihrem sehr inspirierenden Design ist diese Urne eine perfekte Ruhest\u00e4tte f\u00fcr Ihren geliebten Menschen.<\/div>\n<div style=\"text-align: center;\">Der obere Deckel kann mit Silikon oder Klebstoff versiegelt werden.<\/div>\n<div style=\"text-align: center;\">Da unsere Urnen handgefertigt sind, k\u00f6nnen die Farbt\u00f6ne variieren.<\/div>\n<p>&nbsp;<\/p>\n<h3 style=\"text-align: center;\"><strong>PERSONALISIERUNG<\/strong><\/h3>\n<p style=\"text-align: center;\">Die personalisierte Gedenktafel muss bei der Bestellung individuell gestaltet werden. (Bitte keine Panik, wenn Sie das vergessen haben, denn Sie k\u00f6nnen uns auch noch nachtr\u00e4glich eine Nachricht schicken).<\/p>\n<p style=\"text-align: center;\">Bitte \u00fcberpr\u00fcfen Sie den zu gravierenden Text sorgf\u00e4ltig, bevor Sie den Artikel in den Warenkorb legen. Wir kopieren und gravieren genau die Informationen, die wir mit der Bestellung erhalten und nehmen bei uns keine \u00c4nderungen vor.<\/p>\n<p style=\"text-align: center;\"><strong>Bitte \u00fcberpr\u00fcfen Sie den Text, um sicherzustellen, dass alle Schreibweisen korrekt sind.<\/strong><\/p>\n<p><img loading=\"lazy\" decoding=\"async\" class=\" wp-image-698 aligncenter\" src=\"http:\/\/www.rememberme-forever.com\/wp-content\/uploads\/2023\/03\/gold-plaque-urn-295x300.jpg\" alt=\"Goldene Urne\" width=\"193\" height=\"196\" srcset=\"https:\/\/www.rememberme-forever.com\/wp-content\/uploads\/2023\/03\/gold-plaque-urn-295x300.jpg 295w, https:\/\/www.rememberme-forever.com\/wp-content\/uploads\/2023\/03\/gold-plaque-urn-600x610.jpg 600w, https:\/\/www.rememberme-forever.com\/wp-content\/uploads\/2023\/03\/gold-plaque-urn-64x65.jpg 64w, https:\/\/www.rememberme-forever.com\/wp-content\/uploads\/2023\/03\/gold-plaque-urn.jpg 768w\" sizes=\"auto, (max-width: 193px) 100vw, 193px\" \/><\/p>\n<p style=\"text-align: center;\"><strong><em>Die Gedenktafel wird separat mit dem St\u00e4nder geliefert (siehe Abbildung).<\/em><\/strong><\/p>\n<p style=\"text-align: center;\"><strong><em>(Der St\u00e4nder f\u00fcr die Gedenktafel besteht aus transparentem Plexiglas.)<\/em><\/strong><\/p>\n","protected":false},"excerpt":{"rendered":"<p>Perfekt geformte Kremationsurne aus Stein.<\/p>\n<p><em><strong>Geeignet f\u00fcr die Asche einer Person mit einem K\u00f6rpergewicht von bis zu ca. 305 lbs oder 138 kg. <\/strong><\/em><\/p>\n","protected":false},"featured_media":25362,"template":"","meta":{"_acf_changed":false},"product_brand":[],"product_cat":[2336],"product_tag":[3316],"class_list":{"0":"post-25363","1":"product","2":"type-product","3":"status-publish","4":"has-post-thumbnail","6":"product_cat-kompositurnen","7":"product_tag-gpsr-composite-urns","8":"product_shipping_class-5-10kg-de","10":"first","11":"instock","12":"taxable","13":"shipping-taxable","14":"purchasable","15":"product-type-simple"},"yoast_head":"<!-- This site is optimized with the Yoast SEO plugin v27.4 - https:\/\/yoast.com\/product\/yoast-seo-wordpress\/ -->\n<title>Remember Forever<\/title>\n<meta name=\"description\" content=\"Wenn Sie eine einzigartige Kremationsurne suchen, brauchen Sie nicht weiter zu suchen, denn bei Remember Forever finden Sie sicherlich das perfekte Design f\u00fcr Ihre speziellen W\u00fcnsche.\" \/>\n<meta name=\"robots\" content=\"index, follow, max-snippet:-1, max-image-preview:large, max-video-preview:-1\" \/>\n<link rel=\"canonical\" href=\"https:\/\/www.rememberme-forever.com\/de\/produkt\/einzigartige-kremationsurne-fuer-erwachsene\/\" \/>\n<meta property=\"og:locale\" content=\"de_DE\" \/>\n<meta property=\"og:type\" content=\"article\" \/>\n<meta property=\"og:description\" content=\"Wenn Sie eine einzigartige Kremationsurne suchen, brauchen Sie nicht weiter zu suchen, denn bei Remember Forever finden Sie sicherlich das perfekte Design f\u00fcr Ihre speziellen W\u00fcnsche.\" \/>\n<meta property=\"og:url\" content=\"https:\/\/www.rememberme-forever.com\/de\/produkt\/einzigartige-kremationsurne-fuer-erwachsene\/\" \/>\n<meta property=\"og:site_name\" content=\"Remember Forever\" \/>\n<meta property=\"article:modified_time\" content=\"2026-02-19T12:29:26+00:00\" \/>\n<meta property=\"og:image\" content=\"http:\/\/www.rememberme-forever.com\/wp-content\/uploads\/2023\/04\/composite-cremation-urn.jpg\" \/>\n\t<meta property=\"og:image:width\" content=\"1007\" \/>\n\t<meta property=\"og:image:height\" content=\"1024\" \/>\n\t<meta property=\"og:image:type\" content=\"image\/jpeg\" \/>\n<meta name=\"twitter:card\" content=\"summary_large_image\" \/>\n<meta name=\"twitter:label1\" content=\"Gesch\u00e4tzte Lesezeit\" \/>\n\t<meta name=\"twitter:data1\" content=\"2\u00a0Minute\" \/>\n<script type=\"application\/ld+json\" class=\"yoast-schema-graph\">{\"@context\":\"https:\\\/\\\/schema.org\",\"@graph\":[{\"@type\":\"WebPage\",\"@id\":\"https:\\\/\\\/www.rememberme-forever.com\\\/de\\\/produkt\\\/einzigartige-kremationsurne-fuer-erwachsene\\\/\",\"url\":\"https:\\\/\\\/www.rememberme-forever.com\\\/de\\\/produkt\\\/einzigartige-kremationsurne-fuer-erwachsene\\\/\",\"name\":\"\",\"isPartOf\":{\"@id\":\"https:\\\/\\\/www.rememberme-forever.com\\\/de\\\/#website\"},\"primaryImageOfPage\":{\"@id\":\"https:\\\/\\\/www.rememberme-forever.com\\\/de\\\/produkt\\\/einzigartige-kremationsurne-fuer-erwachsene\\\/#primaryimage\"},\"image\":{\"@id\":\"https:\\\/\\\/www.rememberme-forever.com\\\/de\\\/produkt\\\/einzigartige-kremationsurne-fuer-erwachsene\\\/#primaryimage\"},\"thumbnailUrl\":\"https:\\\/\\\/www.rememberme-forever.com\\\/wp-content\\\/uploads\\\/2023\\\/04\\\/composite-cremation-urn.jpg\",\"datePublished\":\"2023-04-11T11:01:48+00:00\",\"dateModified\":\"2026-02-19T12:29:26+00:00\",\"description\":\"Wenn Sie eine einzigartige Kremationsurne suchen, brauchen Sie nicht weiter zu suchen, denn bei Remember Forever finden Sie sicherlich das perfekte Design f\u00fcr Ihre speziellen W\u00fcnsche.\",\"breadcrumb\":{\"@id\":\"https:\\\/\\\/www.rememberme-forever.com\\\/de\\\/produkt\\\/einzigartige-kremationsurne-fuer-erwachsene\\\/#breadcrumb\"},\"inLanguage\":\"de\",\"potentialAction\":[{\"@type\":\"ReadAction\",\"target\":[\"https:\\\/\\\/www.rememberme-forever.com\\\/de\\\/produkt\\\/einzigartige-kremationsurne-fuer-erwachsene\\\/\"]}]},{\"@type\":\"ImageObject\",\"inLanguage\":\"de\",\"@id\":\"https:\\\/\\\/www.rememberme-forever.com\\\/de\\\/produkt\\\/einzigartige-kremationsurne-fuer-erwachsene\\\/#primaryimage\",\"url\":\"https:\\\/\\\/www.rememberme-forever.com\\\/wp-content\\\/uploads\\\/2023\\\/04\\\/composite-cremation-urn.jpg\",\"contentUrl\":\"https:\\\/\\\/www.rememberme-forever.com\\\/wp-content\\\/uploads\\\/2023\\\/04\\\/composite-cremation-urn.jpg\",\"width\":1007,\"height\":1024,\"caption\":\"Kremationsurne aus Komposit\"},{\"@type\":\"BreadcrumbList\",\"@id\":\"https:\\\/\\\/www.rememberme-forever.com\\\/de\\\/produkt\\\/einzigartige-kremationsurne-fuer-erwachsene\\\/#breadcrumb\",\"itemListElement\":[{\"@type\":\"ListItem\",\"position\":1,\"name\":\"Home\",\"item\":\"https:\\\/\\\/www.rememberme-forever.com\\\/de\\\/startseite\\\/\"},{\"@type\":\"ListItem\",\"position\":2,\"name\":\"Shop\",\"item\":\"https:\\\/\\\/www.rememberme-forever.com\\\/de\\\/shop\\\/\"},{\"@type\":\"ListItem\",\"position\":3,\"name\":\"Einzigartige Kremationsurne f\u00fcr Erwachsene\"}]},{\"@type\":\"WebSite\",\"@id\":\"https:\\\/\\\/www.rememberme-forever.com\\\/de\\\/#website\",\"url\":\"https:\\\/\\\/www.rememberme-forever.com\\\/de\\\/\",\"name\":\"Remember Forever\",\"description\":\"Cremation urns, funeral urns, urns for ashes\",\"publisher\":{\"@id\":\"https:\\\/\\\/www.rememberme-forever.com\\\/de\\\/#organization\"},\"potentialAction\":[{\"@type\":\"SearchAction\",\"target\":{\"@type\":\"EntryPoint\",\"urlTemplate\":\"https:\\\/\\\/www.rememberme-forever.com\\\/de\\\/?s={search_term_string}\"},\"query-input\":{\"@type\":\"PropertyValueSpecification\",\"valueRequired\":true,\"valueName\":\"search_term_string\"}}],\"inLanguage\":\"de\"},{\"@type\":\"Organization\",\"@id\":\"https:\\\/\\\/www.rememberme-forever.com\\\/de\\\/#organization\",\"name\":\"Remember Forever\",\"url\":\"https:\\\/\\\/www.rememberme-forever.com\\\/de\\\/\",\"logo\":{\"@type\":\"ImageObject\",\"inLanguage\":\"de\",\"@id\":\"https:\\\/\\\/www.rememberme-forever.com\\\/de\\\/#\\\/schema\\\/logo\\\/image\\\/\",\"url\":\"https:\\\/\\\/www.rememberme-forever.com\\\/wp-content\\\/uploads\\\/2023\\\/02\\\/logo.png\",\"contentUrl\":\"https:\\\/\\\/www.rememberme-forever.com\\\/wp-content\\\/uploads\\\/2023\\\/02\\\/logo.png\",\"width\":300,\"height\":56,\"caption\":\"Remember Forever\"},\"image\":{\"@id\":\"https:\\\/\\\/www.rememberme-forever.com\\\/de\\\/#\\\/schema\\\/logo\\\/image\\\/\"}}]}<\/script>\n<!-- \/ Yoast SEO plugin. -->","yoast_head_json":{"title":"Remember Forever","description":"Wenn Sie eine einzigartige Kremationsurne suchen, brauchen Sie nicht weiter zu suchen, denn bei Remember Forever finden Sie sicherlich das perfekte Design f\u00fcr Ihre speziellen W\u00fcnsche.","robots":{"index":"index","follow":"follow","max-snippet":"max-snippet:-1","max-image-preview":"max-image-preview:large","max-video-preview":"max-video-preview:-1"},"canonical":"https:\/\/www.rememberme-forever.com\/de\/produkt\/einzigartige-kremationsurne-fuer-erwachsene\/","og_locale":"de_DE","og_type":"article","og_description":"Wenn Sie eine einzigartige Kremationsurne suchen, brauchen Sie nicht weiter zu suchen, denn bei Remember Forever finden Sie sicherlich das perfekte Design f\u00fcr Ihre speziellen W\u00fcnsche.","og_url":"https:\/\/www.rememberme-forever.com\/de\/produkt\/einzigartige-kremationsurne-fuer-erwachsene\/","og_site_name":"Remember Forever","article_modified_time":"2026-02-19T12:29:26+00:00","og_image":[{"width":1007,"height":1024,"url":"http:\/\/www.rememberme-forever.com\/wp-content\/uploads\/2023\/04\/composite-cremation-urn.jpg","type":"image\/jpeg"}],"twitter_card":"summary_large_image","twitter_misc":{"Gesch\u00e4tzte Lesezeit":"2\u00a0Minute"},"schema":{"@context":"https:\/\/schema.org","@graph":[{"@type":"WebPage","@id":"https:\/\/www.rememberme-forever.com\/de\/produkt\/einzigartige-kremationsurne-fuer-erwachsene\/","url":"https:\/\/www.rememberme-forever.com\/de\/produkt\/einzigartige-kremationsurne-fuer-erwachsene\/","name":"","isPartOf":{"@id":"https:\/\/www.rememberme-forever.com\/de\/#website"},"primaryImageOfPage":{"@id":"https:\/\/www.rememberme-forever.com\/de\/produkt\/einzigartige-kremationsurne-fuer-erwachsene\/#primaryimage"},"image":{"@id":"https:\/\/www.rememberme-forever.com\/de\/produkt\/einzigartige-kremationsurne-fuer-erwachsene\/#primaryimage"},"thumbnailUrl":"https:\/\/www.rememberme-forever.com\/wp-content\/uploads\/2023\/04\/composite-cremation-urn.jpg","datePublished":"2023-04-11T11:01:48+00:00","dateModified":"2026-02-19T12:29:26+00:00","description":"Wenn Sie eine einzigartige Kremationsurne suchen, brauchen Sie nicht weiter zu suchen, denn bei Remember Forever finden Sie sicherlich das perfekte Design f\u00fcr Ihre speziellen W\u00fcnsche.","breadcrumb":{"@id":"https:\/\/www.rememberme-forever.com\/de\/produkt\/einzigartige-kremationsurne-fuer-erwachsene\/#breadcrumb"},"inLanguage":"de","potentialAction":[{"@type":"ReadAction","target":["https:\/\/www.rememberme-forever.com\/de\/produkt\/einzigartige-kremationsurne-fuer-erwachsene\/"]}]},{"@type":"ImageObject","inLanguage":"de","@id":"https:\/\/www.rememberme-forever.com\/de\/produkt\/einzigartige-kremationsurne-fuer-erwachsene\/#primaryimage","url":"https:\/\/www.rememberme-forever.com\/wp-content\/uploads\/2023\/04\/composite-cremation-urn.jpg","contentUrl":"https:\/\/www.rememberme-forever.com\/wp-content\/uploads\/2023\/04\/composite-cremation-urn.jpg","width":1007,"height":1024,"caption":"Kremationsurne aus Komposit"},{"@type":"BreadcrumbList","@id":"https:\/\/www.rememberme-forever.com\/de\/produkt\/einzigartige-kremationsurne-fuer-erwachsene\/#breadcrumb","itemListElement":[{"@type":"ListItem","position":1,"name":"Home","item":"https:\/\/www.rememberme-forever.com\/de\/startseite\/"},{"@type":"ListItem","position":2,"name":"Shop","item":"https:\/\/www.rememberme-forever.com\/de\/shop\/"},{"@type":"ListItem","position":3,"name":"Einzigartige Kremationsurne f\u00fcr Erwachsene"}]},{"@type":"WebSite","@id":"https:\/\/www.rememberme-forever.com\/de\/#website","url":"https:\/\/www.rememberme-forever.com\/de\/","name":"Remember Forever","description":"Cremation urns, funeral urns, urns for ashes","publisher":{"@id":"https:\/\/www.rememberme-forever.com\/de\/#organization"},"potentialAction":[{"@type":"SearchAction","target":{"@type":"EntryPoint","urlTemplate":"https:\/\/www.rememberme-forever.com\/de\/?s={search_term_string}"},"query-input":{"@type":"PropertyValueSpecification","valueRequired":true,"valueName":"search_term_string"}}],"inLanguage":"de"},{"@type":"Organization","@id":"https:\/\/www.rememberme-forever.com\/de\/#organization","name":"Remember Forever","url":"https:\/\/www.rememberme-forever.com\/de\/","logo":{"@type":"ImageObject","inLanguage":"de","@id":"https:\/\/www.rememberme-forever.com\/de\/#\/schema\/logo\/image\/","url":"https:\/\/www.rememberme-forever.com\/wp-content\/uploads\/2023\/02\/logo.png","contentUrl":"https:\/\/www.rememberme-forever.com\/wp-content\/uploads\/2023\/02\/logo.png","width":300,"height":56,"caption":"Remember Forever"},"image":{"@id":"https:\/\/www.rememberme-forever.com\/de\/#\/schema\/logo\/image\/"}}]}},"acf":[],"_links":{"self":[{"href":"https:\/\/www.rememberme-forever.com\/de\/wp-json\/wp\/v2\/product\/25363","targetHints":{"allow":["GET"]}}],"collection":[{"href":"https:\/\/www.rememberme-forever.com\/de\/wp-json\/wp\/v2\/product"}],"about":[{"href":"https:\/\/www.rememberme-forever.com\/de\/wp-json\/wp\/v2\/types\/product"}],"wp:featuredmedia":[{"embeddable":true,"href":"https:\/\/www.rememberme-forever.com\/de\/wp-json\/wp\/v2\/media\/25362"}],"wp:attachment":[{"href":"https:\/\/www.rememberme-forever.com\/de\/wp-json\/wp\/v2\/media?parent=25363"}],"wp:term":[{"taxonomy":"product_brand","embeddable":true,"href":"https:\/\/www.rememberme-forever.com\/de\/wp-json\/wp\/v2\/product_brand?post=25363"},{"taxonomy":"product_cat","embeddable":true,"href":"https:\/\/www.rememberme-forever.com\/de\/wp-json\/wp\/v2\/product_cat?post=25363"},{"taxonomy":"product_tag","embeddable":true,"href":"https:\/\/www.rememberme-forever.com\/de\/wp-json\/wp\/v2\/product_tag?post=25363"}],"curies":[{"name":"wp","href":"https:\/\/api.w.org\/{rel}","templated":true}]}}