{"id":25379,"date":"2023-04-11T14:05:26","date_gmt":"2023-04-11T12:05:26","guid":{"rendered":"https:\/\/www.rememberme-forever.com\/product\/rote-metallurne-feuerbestattungsurnen-fuer-die-asche-von-erwachsenen-fuer-maenner-oder-frauen\/"},"modified":"2026-02-19T13:48:36","modified_gmt":"2026-02-19T12:48:36","slug":"rote-metallurne-feuerbestattungsurnen-fuer-die-asche-von-erwachsenen-fuer-maenner-oder-frauen","status":"publish","type":"product","link":"https:\/\/www.rememberme-forever.com\/de\/produkt\/rote-metallurne-feuerbestattungsurnen-fuer-die-asche-von-erwachsenen-fuer-maenner-oder-frauen\/","title":{"rendered":"Rote Metallurne, Feuerbestattungsurnen f\u00fcr die Asche von Erwachsenen, f\u00fcr M\u00e4nner oder Frauen"},"content":{"rendered":"<div style=\"width: 100%; margin-bottom: 30px; height: max-content; padding-bottom: 60%; position: relative;\"><iframe style=\"position: absolute; top: 0; left: 0; width: 100%; height: 100%;\" src=\"https:\/\/rememberme-urns.com\/red-urn-rose\/\" frameborder=\"0\"><\/iframe><\/div>\n<div style=\"color: red; text-align: center; margin-bottom: 25px;\">\n<p>&gt;&gt; Drehendes Foto \u2013 Tippen\/Zoomen &lt;&lt;<\/p>\n<\/div>\n<h2 style=\"text-align: center;\">Rote Metallurne<\/h2>\n<p style=\"text-align: center;\">Diese <strong>rote Metallurne<\/strong> ist eine atemberaubende und herzliche Art, das Andenken an Ihren geliebten Menschen zu ehren. Der lebendige, kr\u00e4ftige Rotton steht f\u00fcr Leidenschaft, St\u00e4rke und die unverg\u00e4ngliche Kraft der Liebe.<\/p>\n<p style=\"text-align: center;\">Der Deckel mit \u00d6ffnung oben erm\u00f6glicht einen einfachen Zugang zum Einf\u00fcllen der Asche Ihres geliebten Menschen, w\u00e4hrend die kunstvoll gestaltete Rose oder das Kreuz auf der Vorderseite die Sch\u00f6nheit des Lebens und die ewige Liebe symbolisiert, die selbst \u00fcber den Tod hinaus besteht.<\/p>\n<p style=\"text-align: center;\">Mit der Option, eine Gedenkplakette auf dem Plexiglas anzubringen, k\u00f6nnen Sie diese Urne personalisieren und eine einzigartige W\u00fcrdigung schaffen, die das Wesen des Lebens Ihres geliebten Menschen einf\u00e4ngt. Eine ber\u00fchrende und bedeutungsvolle Art, die Erinnerung nah am Herzen zu tragen und das gelebte Leben zu ehren.<\/p>\n<p style=\"text-align: center;\">Jedes Mal, wenn Sie diese rote Metallurne ansehen, werden Sie an die Liebe und die Erinnerungen erinnert, die Sie mit Ihrem geliebten Menschen geteilt haben. Eine sch\u00f6ne und emotionale W\u00fcrdigung, die seinen Geist f\u00fcr immer lebendig h\u00e4lt.<\/p>\n<p>&nbsp;<\/p>\n<h3 style=\"text-align: center;\"><strong>PERSONALISIERUNG<\/strong><\/h3>\n<p style=\"text-align: center;\">Die personalisierte Gedenktafel muss bei der Bestellung individuell gestaltet werden. (Bitte keine Panik, wenn Sie das vergessen haben, denn Sie k\u00f6nnen uns auch noch nachtr\u00e4glich eine Nachricht schicken).<\/p>\n<p style=\"text-align: center;\">Bitte \u00fcberpr\u00fcfen Sie den zu gravierenden Text sorgf\u00e4ltig, bevor Sie den Artikel in den Warenkorb legen. Wir kopieren und gravieren genau die Informationen, die wir mit der Bestellung erhalten und nehmen bei uns keine \u00c4nderungen vor.<\/p>\n<p style=\"text-align: center;\"><strong>Bitte \u00fcberpr\u00fcfen Sie den Text, um sicherzustellen, dass alle Schreibweisen korrekt sind.<\/strong><\/p>\n<p><img loading=\"lazy\" decoding=\"async\" class=\" wp-image-698 aligncenter\" src=\"http:\/\/www.rememberme-forever.com\/wp-content\/uploads\/2023\/03\/gold-plaque-urn-295x300.jpg\" alt=\"Goldene Urne\" width=\"194\" height=\"198\" srcset=\"https:\/\/www.rememberme-forever.com\/wp-content\/uploads\/2023\/03\/gold-plaque-urn-295x300.jpg 295w, https:\/\/www.rememberme-forever.com\/wp-content\/uploads\/2023\/03\/gold-plaque-urn-600x610.jpg 600w, https:\/\/www.rememberme-forever.com\/wp-content\/uploads\/2023\/03\/gold-plaque-urn-64x65.jpg 64w, https:\/\/www.rememberme-forever.com\/wp-content\/uploads\/2023\/03\/gold-plaque-urn.jpg 768w\" sizes=\"auto, (max-width: 194px) 100vw, 194px\" \/><\/p>\n<p style=\"text-align: center;\"><strong><em>Die Gedenktafel wird separat mit dem St\u00e4nder geliefert (siehe Abbildung).<\/em><\/strong><\/p>\n<p style=\"text-align: center;\"><strong><em>(Der St\u00e4nder f\u00fcr die Gedenktafel besteht aus transparentem Plexiglas.)<\/em><\/strong><\/p>\n","protected":false},"excerpt":{"rendered":"<p>Rote Metall-Feuerbestattungsurne f\u00fcr Erwachsene f\u00fcr menschliche Asche.<\/p>\n<p><em><strong>Geeignet f\u00fcr ein K\u00f6rpergewicht von ca. 231lbs =104kg<\/strong><\/em><\/p>\n","protected":false},"featured_media":25375,"template":"","meta":{"_acf_changed":false},"product_brand":[],"product_cat":[2340],"product_tag":[3336],"class_list":{"0":"post-25379","1":"product","2":"type-product","3":"status-publish","4":"has-post-thumbnail","6":"product_cat-metallurnen","7":"product_tag-gpsr-metal-urns","8":"product_shipping_class-1-2-kg-de","10":"first","11":"instock","12":"taxable","13":"shipping-taxable","14":"purchasable","15":"product-type-variable"},"yoast_head":"<!-- This site is optimized with the Yoast SEO plugin v27.4 - https:\/\/yoast.com\/product\/yoast-seo-wordpress\/ -->\n<title>Remember Forever<\/title>\n<meta name=\"description\" content=\"Diese rote Metallurne ist eine atemberaubende und herzliche Art, das Andenken an Ihren geliebten Menschen zu ehren. Ideale Feuerbestattungsurne f\u00fcr erwachsene M\u00e4nner oder Frauen.\" \/>\n<meta name=\"robots\" content=\"index, follow, max-snippet:-1, max-image-preview:large, max-video-preview:-1\" \/>\n<link rel=\"canonical\" href=\"https:\/\/www.rememberme-forever.com\/de\/produkt\/rote-metallurne-feuerbestattungsurnen-fuer-die-asche-von-erwachsenen-fuer-maenner-oder-frauen\/\" \/>\n<meta property=\"og:locale\" content=\"de_DE\" \/>\n<meta property=\"og:type\" content=\"article\" \/>\n<meta property=\"og:description\" content=\"Diese rote Metallurne ist eine atemberaubende und herzliche Art, das Andenken an Ihren geliebten Menschen zu ehren. Ideale Feuerbestattungsurne f\u00fcr erwachsene M\u00e4nner oder Frauen.\" \/>\n<meta property=\"og:url\" content=\"https:\/\/www.rememberme-forever.com\/de\/produkt\/rote-metallurne-feuerbestattungsurnen-fuer-die-asche-von-erwachsenen-fuer-maenner-oder-frauen\/\" \/>\n<meta property=\"og:site_name\" content=\"Remember Forever\" \/>\n<meta property=\"article:modified_time\" content=\"2026-02-19T12:48:36+00:00\" \/>\n<meta property=\"og:image\" content=\"http:\/\/www.rememberme-forever.com\/wp-content\/uploads\/2023\/04\/red-metal-urn.jpg\" \/>\n\t<meta property=\"og:image:width\" content=\"1007\" \/>\n\t<meta property=\"og:image:height\" content=\"1024\" \/>\n\t<meta property=\"og:image:type\" content=\"image\/jpeg\" \/>\n<meta name=\"twitter:card\" content=\"summary_large_image\" \/>\n<meta name=\"twitter:label1\" content=\"Gesch\u00e4tzte Lesezeit\" \/>\n\t<meta name=\"twitter:data1\" content=\"2\u00a0Minute\" \/>\n<script type=\"application\/ld+json\" class=\"yoast-schema-graph\">{\"@context\":\"https:\\\/\\\/schema.org\",\"@graph\":[{\"@type\":\"WebPage\",\"@id\":\"https:\\\/\\\/www.rememberme-forever.com\\\/de\\\/produkt\\\/rote-metallurne-feuerbestattungsurnen-fuer-die-asche-von-erwachsenen-fuer-maenner-oder-frauen\\\/\",\"url\":\"https:\\\/\\\/www.rememberme-forever.com\\\/de\\\/produkt\\\/rote-metallurne-feuerbestattungsurnen-fuer-die-asche-von-erwachsenen-fuer-maenner-oder-frauen\\\/\",\"name\":\"\",\"isPartOf\":{\"@id\":\"https:\\\/\\\/www.rememberme-forever.com\\\/de\\\/#website\"},\"primaryImageOfPage\":{\"@id\":\"https:\\\/\\\/www.rememberme-forever.com\\\/de\\\/produkt\\\/rote-metallurne-feuerbestattungsurnen-fuer-die-asche-von-erwachsenen-fuer-maenner-oder-frauen\\\/#primaryimage\"},\"image\":{\"@id\":\"https:\\\/\\\/www.rememberme-forever.com\\\/de\\\/produkt\\\/rote-metallurne-feuerbestattungsurnen-fuer-die-asche-von-erwachsenen-fuer-maenner-oder-frauen\\\/#primaryimage\"},\"thumbnailUrl\":\"https:\\\/\\\/www.rememberme-forever.com\\\/wp-content\\\/uploads\\\/2023\\\/04\\\/red-metal-urn.jpg\",\"datePublished\":\"2023-04-11T12:05:26+00:00\",\"dateModified\":\"2026-02-19T12:48:36+00:00\",\"description\":\"Diese rote Metallurne ist eine atemberaubende und herzliche Art, das Andenken an Ihren geliebten Menschen zu ehren. Ideale Feuerbestattungsurne f\u00fcr erwachsene M\u00e4nner oder Frauen.\",\"breadcrumb\":{\"@id\":\"https:\\\/\\\/www.rememberme-forever.com\\\/de\\\/produkt\\\/rote-metallurne-feuerbestattungsurnen-fuer-die-asche-von-erwachsenen-fuer-maenner-oder-frauen\\\/#breadcrumb\"},\"inLanguage\":\"de\",\"potentialAction\":[{\"@type\":\"ReadAction\",\"target\":[\"https:\\\/\\\/www.rememberme-forever.com\\\/de\\\/produkt\\\/rote-metallurne-feuerbestattungsurnen-fuer-die-asche-von-erwachsenen-fuer-maenner-oder-frauen\\\/\"]}]},{\"@type\":\"ImageObject\",\"inLanguage\":\"de\",\"@id\":\"https:\\\/\\\/www.rememberme-forever.com\\\/de\\\/produkt\\\/rote-metallurne-feuerbestattungsurnen-fuer-die-asche-von-erwachsenen-fuer-maenner-oder-frauen\\\/#primaryimage\",\"url\":\"https:\\\/\\\/www.rememberme-forever.com\\\/wp-content\\\/uploads\\\/2023\\\/04\\\/red-metal-urn.jpg\",\"contentUrl\":\"https:\\\/\\\/www.rememberme-forever.com\\\/wp-content\\\/uploads\\\/2023\\\/04\\\/red-metal-urn.jpg\",\"width\":1007,\"height\":1024,\"caption\":\"rote Metallurne\"},{\"@type\":\"BreadcrumbList\",\"@id\":\"https:\\\/\\\/www.rememberme-forever.com\\\/de\\\/produkt\\\/rote-metallurne-feuerbestattungsurnen-fuer-die-asche-von-erwachsenen-fuer-maenner-oder-frauen\\\/#breadcrumb\",\"itemListElement\":[{\"@type\":\"ListItem\",\"position\":1,\"name\":\"Home\",\"item\":\"https:\\\/\\\/www.rememberme-forever.com\\\/de\\\/startseite\\\/\"},{\"@type\":\"ListItem\",\"position\":2,\"name\":\"Shop\",\"item\":\"https:\\\/\\\/www.rememberme-forever.com\\\/de\\\/shop\\\/\"},{\"@type\":\"ListItem\",\"position\":3,\"name\":\"Rote Metallurne, Feuerbestattungsurnen f\u00fcr die Asche von Erwachsenen, f\u00fcr M\u00e4nner oder Frauen\"}]},{\"@type\":\"WebSite\",\"@id\":\"https:\\\/\\\/www.rememberme-forever.com\\\/de\\\/#website\",\"url\":\"https:\\\/\\\/www.rememberme-forever.com\\\/de\\\/\",\"name\":\"Remember Forever\",\"description\":\"Cremation urns, funeral urns, urns for ashes\",\"publisher\":{\"@id\":\"https:\\\/\\\/www.rememberme-forever.com\\\/de\\\/#organization\"},\"potentialAction\":[{\"@type\":\"SearchAction\",\"target\":{\"@type\":\"EntryPoint\",\"urlTemplate\":\"https:\\\/\\\/www.rememberme-forever.com\\\/de\\\/?s={search_term_string}\"},\"query-input\":{\"@type\":\"PropertyValueSpecification\",\"valueRequired\":true,\"valueName\":\"search_term_string\"}}],\"inLanguage\":\"de\"},{\"@type\":\"Organization\",\"@id\":\"https:\\\/\\\/www.rememberme-forever.com\\\/de\\\/#organization\",\"name\":\"Remember Forever\",\"url\":\"https:\\\/\\\/www.rememberme-forever.com\\\/de\\\/\",\"logo\":{\"@type\":\"ImageObject\",\"inLanguage\":\"de\",\"@id\":\"https:\\\/\\\/www.rememberme-forever.com\\\/de\\\/#\\\/schema\\\/logo\\\/image\\\/\",\"url\":\"https:\\\/\\\/www.rememberme-forever.com\\\/wp-content\\\/uploads\\\/2023\\\/02\\\/logo.png\",\"contentUrl\":\"https:\\\/\\\/www.rememberme-forever.com\\\/wp-content\\\/uploads\\\/2023\\\/02\\\/logo.png\",\"width\":300,\"height\":56,\"caption\":\"Remember Forever\"},\"image\":{\"@id\":\"https:\\\/\\\/www.rememberme-forever.com\\\/de\\\/#\\\/schema\\\/logo\\\/image\\\/\"}}]}<\/script>\n<!-- \/ Yoast SEO plugin. -->","yoast_head_json":{"title":"Remember Forever","description":"Diese rote Metallurne ist eine atemberaubende und herzliche Art, das Andenken an Ihren geliebten Menschen zu ehren. Ideale Feuerbestattungsurne f\u00fcr erwachsene M\u00e4nner oder Frauen.","robots":{"index":"index","follow":"follow","max-snippet":"max-snippet:-1","max-image-preview":"max-image-preview:large","max-video-preview":"max-video-preview:-1"},"canonical":"https:\/\/www.rememberme-forever.com\/de\/produkt\/rote-metallurne-feuerbestattungsurnen-fuer-die-asche-von-erwachsenen-fuer-maenner-oder-frauen\/","og_locale":"de_DE","og_type":"article","og_description":"Diese rote Metallurne ist eine atemberaubende und herzliche Art, das Andenken an Ihren geliebten Menschen zu ehren. Ideale Feuerbestattungsurne f\u00fcr erwachsene M\u00e4nner oder Frauen.","og_url":"https:\/\/www.rememberme-forever.com\/de\/produkt\/rote-metallurne-feuerbestattungsurnen-fuer-die-asche-von-erwachsenen-fuer-maenner-oder-frauen\/","og_site_name":"Remember Forever","article_modified_time":"2026-02-19T12:48:36+00:00","og_image":[{"width":1007,"height":1024,"url":"http:\/\/www.rememberme-forever.com\/wp-content\/uploads\/2023\/04\/red-metal-urn.jpg","type":"image\/jpeg"}],"twitter_card":"summary_large_image","twitter_misc":{"Gesch\u00e4tzte Lesezeit":"2\u00a0Minute"},"schema":{"@context":"https:\/\/schema.org","@graph":[{"@type":"WebPage","@id":"https:\/\/www.rememberme-forever.com\/de\/produkt\/rote-metallurne-feuerbestattungsurnen-fuer-die-asche-von-erwachsenen-fuer-maenner-oder-frauen\/","url":"https:\/\/www.rememberme-forever.com\/de\/produkt\/rote-metallurne-feuerbestattungsurnen-fuer-die-asche-von-erwachsenen-fuer-maenner-oder-frauen\/","name":"","isPartOf":{"@id":"https:\/\/www.rememberme-forever.com\/de\/#website"},"primaryImageOfPage":{"@id":"https:\/\/www.rememberme-forever.com\/de\/produkt\/rote-metallurne-feuerbestattungsurnen-fuer-die-asche-von-erwachsenen-fuer-maenner-oder-frauen\/#primaryimage"},"image":{"@id":"https:\/\/www.rememberme-forever.com\/de\/produkt\/rote-metallurne-feuerbestattungsurnen-fuer-die-asche-von-erwachsenen-fuer-maenner-oder-frauen\/#primaryimage"},"thumbnailUrl":"https:\/\/www.rememberme-forever.com\/wp-content\/uploads\/2023\/04\/red-metal-urn.jpg","datePublished":"2023-04-11T12:05:26+00:00","dateModified":"2026-02-19T12:48:36+00:00","description":"Diese rote Metallurne ist eine atemberaubende und herzliche Art, das Andenken an Ihren geliebten Menschen zu ehren. Ideale Feuerbestattungsurne f\u00fcr erwachsene M\u00e4nner oder Frauen.","breadcrumb":{"@id":"https:\/\/www.rememberme-forever.com\/de\/produkt\/rote-metallurne-feuerbestattungsurnen-fuer-die-asche-von-erwachsenen-fuer-maenner-oder-frauen\/#breadcrumb"},"inLanguage":"de","potentialAction":[{"@type":"ReadAction","target":["https:\/\/www.rememberme-forever.com\/de\/produkt\/rote-metallurne-feuerbestattungsurnen-fuer-die-asche-von-erwachsenen-fuer-maenner-oder-frauen\/"]}]},{"@type":"ImageObject","inLanguage":"de","@id":"https:\/\/www.rememberme-forever.com\/de\/produkt\/rote-metallurne-feuerbestattungsurnen-fuer-die-asche-von-erwachsenen-fuer-maenner-oder-frauen\/#primaryimage","url":"https:\/\/www.rememberme-forever.com\/wp-content\/uploads\/2023\/04\/red-metal-urn.jpg","contentUrl":"https:\/\/www.rememberme-forever.com\/wp-content\/uploads\/2023\/04\/red-metal-urn.jpg","width":1007,"height":1024,"caption":"rote Metallurne"},{"@type":"BreadcrumbList","@id":"https:\/\/www.rememberme-forever.com\/de\/produkt\/rote-metallurne-feuerbestattungsurnen-fuer-die-asche-von-erwachsenen-fuer-maenner-oder-frauen\/#breadcrumb","itemListElement":[{"@type":"ListItem","position":1,"name":"Home","item":"https:\/\/www.rememberme-forever.com\/de\/startseite\/"},{"@type":"ListItem","position":2,"name":"Shop","item":"https:\/\/www.rememberme-forever.com\/de\/shop\/"},{"@type":"ListItem","position":3,"name":"Rote Metallurne, Feuerbestattungsurnen f\u00fcr die Asche von Erwachsenen, f\u00fcr M\u00e4nner oder Frauen"}]},{"@type":"WebSite","@id":"https:\/\/www.rememberme-forever.com\/de\/#website","url":"https:\/\/www.rememberme-forever.com\/de\/","name":"Remember Forever","description":"Cremation urns, funeral urns, urns for ashes","publisher":{"@id":"https:\/\/www.rememberme-forever.com\/de\/#organization"},"potentialAction":[{"@type":"SearchAction","target":{"@type":"EntryPoint","urlTemplate":"https:\/\/www.rememberme-forever.com\/de\/?s={search_term_string}"},"query-input":{"@type":"PropertyValueSpecification","valueRequired":true,"valueName":"search_term_string"}}],"inLanguage":"de"},{"@type":"Organization","@id":"https:\/\/www.rememberme-forever.com\/de\/#organization","name":"Remember Forever","url":"https:\/\/www.rememberme-forever.com\/de\/","logo":{"@type":"ImageObject","inLanguage":"de","@id":"https:\/\/www.rememberme-forever.com\/de\/#\/schema\/logo\/image\/","url":"https:\/\/www.rememberme-forever.com\/wp-content\/uploads\/2023\/02\/logo.png","contentUrl":"https:\/\/www.rememberme-forever.com\/wp-content\/uploads\/2023\/02\/logo.png","width":300,"height":56,"caption":"Remember Forever"},"image":{"@id":"https:\/\/www.rememberme-forever.com\/de\/#\/schema\/logo\/image\/"}}]}},"acf":[],"_links":{"self":[{"href":"https:\/\/www.rememberme-forever.com\/de\/wp-json\/wp\/v2\/product\/25379","targetHints":{"allow":["GET"]}}],"collection":[{"href":"https:\/\/www.rememberme-forever.com\/de\/wp-json\/wp\/v2\/product"}],"about":[{"href":"https:\/\/www.rememberme-forever.com\/de\/wp-json\/wp\/v2\/types\/product"}],"wp:featuredmedia":[{"embeddable":true,"href":"https:\/\/www.rememberme-forever.com\/de\/wp-json\/wp\/v2\/media\/25375"}],"wp:attachment":[{"href":"https:\/\/www.rememberme-forever.com\/de\/wp-json\/wp\/v2\/media?parent=25379"}],"wp:term":[{"taxonomy":"product_brand","embeddable":true,"href":"https:\/\/www.rememberme-forever.com\/de\/wp-json\/wp\/v2\/product_brand?post=25379"},{"taxonomy":"product_cat","embeddable":true,"href":"https:\/\/www.rememberme-forever.com\/de\/wp-json\/wp\/v2\/product_cat?post=25379"},{"taxonomy":"product_tag","embeddable":true,"href":"https:\/\/www.rememberme-forever.com\/de\/wp-json\/wp\/v2\/product_tag?post=25379"}],"curies":[{"name":"wp","href":"https:\/\/api.w.org\/{rel}","templated":true}]}}